{"id":520125,"date":"2026-04-20T09:15:12","date_gmt":"2026-04-20T14:15:12","guid":{"rendered":"https:\/\/www.medellin.gov.co\/es\/?page_id=520125"},"modified":"2026-04-20T14:01:35","modified_gmt":"2026-04-20T19:01:35","slug":"nos-unimos-a-la-busqueda","status":"publish","type":"page","link":"https:\/\/www.medellin.gov.co\/es\/secretaria-de-paz-y-derechos-humanos\/nos-unimos-a-la-busqueda\/","title":{"rendered":"Nos Unimos a la b\u00fasqueda"},"content":{"rendered":"\t\t<div data-elementor-type=\"wp-page\" data-elementor-id=\"520125\" class=\"elementor elementor-520125\">\n\t\t\t\t\t\t<div class=\"elementor-inner\">\n\t\t\t\t<div class=\"elementor-section-wrap\">\n\t\t\t\t\t\t\t<div class=\"elementor-element elementor-element-f6364a5 e-container--column e-container\" data-id=\"f6364a5\" data-element_type=\"container\">\t\t\t\t<div class=\"elementor-element elementor-element-955e38d elementor-widget elementor-widget-heading\" data-id=\"955e38d\" data-element_type=\"widget\" data-widget_type=\"heading.default\">\n\t\t\t\t<div class=\"elementor-widget-container\">\n\t\t\t<h1 class=\"elementor-heading-title elementor-size-default\">Nos Unimos a la b\u00fasqueda<\/h1>\t\t<\/div>\n\t\t\t\t<\/div>\n\t\t<\/div><div class=\"elementor-element elementor-element-b8b0246 e-container--row e-container\" data-id=\"b8b0246\" data-element_type=\"container\">\t\t<div class=\"elementor-element elementor-element-3d484ab e-container--column e-container\" data-id=\"3d484ab\" data-element_type=\"container\">\t\t\t\t<div class=\"elementor-element elementor-element-e9a0629 elementor-widget elementor-widget-heading\" data-id=\"e9a0629\" data-element_type=\"widget\" data-widget_type=\"heading.default\">\n\t\t\t\t<div class=\"elementor-widget-container\">\n\t\t\t<h2 class=\"elementor-heading-title elementor-size-default\">B\u00fasqueda que no se detiene\n\n<\/h2>\t\t<\/div>\n\t\t\t\t<\/div>\n\t\t\t\t<div class=\"elementor-element elementor-element-9d851c4 elementor-widget elementor-widget-text-editor\" data-id=\"9d851c4\" data-element_type=\"widget\" data-widget_type=\"text-editor.default\">\n\t\t\t\t<div class=\"elementor-widget-container\">\n\t\t\t\t\t\t\t\t<div class=\"elementor-text-editor elementor-clearfix\">\n\t\t\t\t<p><strong>Una ciudad que busca, una memoria que resiste<\/strong><\/p><p>En medio del conflicto armado colombiano, la poblaci\u00f3n de Medell\u00edn ha sufrido diferentes hechos v\u00edctimizantes, entre ellos la desaparici\u00f3n forzada; el reclutamiento forzado; la utilizaci\u00f3n de ni\u00f1os, ni\u00f1as y adolescentes; las ejecuciones extrajudiciales, el desplazamiento forzado y las acciones armadas de actores del conflicto, entre otras.<\/p><p>La comuna 13 (San Javier), en el occidente de la ciudad, ha sido impactada por la desaparici\u00f3n de personas. Las cifras de la Unidad de B\u00fasqueda de Personas dadas por Desaparecidas dan cuenta de que en Colombia hay un universo de 124.734 personas desaparecidas en el contexto del conflicto armado antes del 1 de diciembre de 2016. De estas, 5.912 corresponden a la ciudad de Medell\u00edn y 502 a la comuna 13.<\/p><p>A su vez, la comuna ha sido escenario destacado de las exigencias de personas, familias y organizaciones buscadoras. Desde 2001, el hoy reconocido colectivo Mujeres Caminando por la Verdad, exig\u00eda la no militarizaci\u00f3n del territorio, justo un a\u00f1o antes de que se vivieran alrededor de 20 operaciones militares en la Comuna 13. Desde entonces, durante m\u00e1s de dos d\u00e9cadas, han denunciado las violaciones a los derechos humanos en el contexto del conflicto armado, junto con otras organizaciones como la Corporaci\u00f3n Jur\u00eddica Libertad, el Movimiento Nacional de V\u00edctimas de Cr\u00edmenes de Estado (Movice), la Fundaci\u00f3n Santa Laura Montoya y el Grupo Interdisciplinario de Derechos Humanos (GIDH).<\/p>\t\t\t\t\t<\/div>\n\t\t\t\t\t\t<\/div>\n\t\t\t\t<\/div>\n\t\t<\/div><div class=\"elementor-element elementor-element-55b94f8 e-container--column e-container\" data-id=\"55b94f8\" data-element_type=\"container\">\t\t\t\t<div class=\"elementor-element elementor-element-57a1ac6 elementor-widget elementor-widget-image\" data-id=\"57a1ac6\" data-element_type=\"widget\" data-widget_type=\"image.default\">\n\t\t\t\t<div class=\"elementor-widget-container\">\n\t\t\t\t\t\t\t\t<div class=\"elementor-image\">\n\t\t\t\t\t\t\t\t\t\t\t\t<img width=\"529\" height=\"720\" src=\"https:\/\/www.medellin.gov.co\/es\/wp-content\/uploads\/2026\/04\/Piezas_Finales_Nos-Unimos-a-la-Buisqueda1.jpg\" class=\"attachment-large size-large\" alt=\"Piezas_Finales_Nos-Unimos-a-la-Bu\u00ecsqueda1\" loading=\"lazy\" srcset=\"https:\/\/www.medellin.gov.co\/es\/wp-content\/uploads\/2026\/04\/Piezas_Finales_Nos-Unimos-a-la-Buisqueda1.jpg 529w, https:\/\/www.medellin.gov.co\/es\/wp-content\/uploads\/2026\/04\/Piezas_Finales_Nos-Unimos-a-la-Buisqueda1-220x300.jpg 220w, https:\/\/www.medellin.gov.co\/es\/wp-content\/uploads\/2026\/04\/Piezas_Finales_Nos-Unimos-a-la-Buisqueda1-110x150.jpg 110w\" sizes=\"(max-width: 529px) 100vw, 529px\" \/>\t\t\t\t\t\t\t\t\t\t\t\t\t\t<\/div>\n\t\t\t\t\t\t<\/div>\n\t\t\t\t<\/div>\n\t\t<\/div><\/div><div class=\"elementor-element elementor-element-c7e2a5a e-container--column e-container\" data-id=\"c7e2a5a\" data-element_type=\"container\">\t\t\t\t<div class=\"elementor-element elementor-element-e511795 elementor-widget elementor-widget-text-editor\" data-id=\"e511795\" data-element_type=\"widget\" data-widget_type=\"text-editor.default\">\n\t\t\t\t<div class=\"elementor-widget-container\">\n\t\t\t\t\t\t\t\t<div class=\"elementor-text-editor elementor-clearfix\">\n\t\t\t\t<p>Entre sus denuncias, las personas, familias y organizaciones buscadoras han se\u00f1alado el sector de La Escombrera, una monta\u00f1a constituida por escombros donde adem\u00e1s funciona una cantera para la producci\u00f3n de piedra, grava y arena, como un lugar utilizado para la desaparici\u00f3n de personas. Los testimonios de personas y organizaciones buscadoras, as\u00ed como de aportantes de informaci\u00f3n ante la Jurisdicci\u00f3n Especial para la Paz (JEP), junto con otras fuentes consultadas por la Unidad de B\u00fasqueda de Personas dadas por Desaparecidas (UBPD), indican que diversos actores armados utilizaron este lugar para inhumar cuerpos de v\u00edctimas del conflicto armado, principalmente entre 2002 y 2004.<\/p><p>En Medell\u00edn, miles de familias contin\u00faan buscando a sus seres queridos desaparecidos. Esta estrategia nace como respuesta al SAR AT-290 de 2023, ordenado por la Jurisdicci\u00f3n Especial para la Paz (JEP), y representa un compromiso institucional y humano por encontrarlos y acompa\u00f1ar a quienes siguen esperando.<\/p><p>A trav\u00e9s de una apuesta articulada entre la Alcald\u00eda de Medell\u00edn, organizaciones de v\u00edctimas y la Unidad de B\u00fasqueda de Personas dadas por Desaparecidas (UBPD), se construye una estrategia de comunicaci\u00f3n que pone en el centro a las familias buscadoras, su dignidad y su derecho a saber.<\/p>\t\t\t\t\t<\/div>\n\t\t\t\t\t\t<\/div>\n\t\t\t\t<\/div>\n\t\t<\/div>\t\t<section class=\"elementor-section elementor-top-section elementor-element elementor-element-435aeba elementor-section-boxed elementor-section-height-default elementor-section-height-default\" data-id=\"435aeba\" data-element_type=\"section\">\n\t\t\t\t\t\t<div class=\"elementor-container elementor-column-gap-default\">\n\t\t\t\t\t\t\t<div class=\"elementor-row\">\n\t\t\t\t\t<div class=\"elementor-column elementor-col-100 elementor-top-column elementor-element elementor-element-7dd43dd\" data-id=\"7dd43dd\" data-element_type=\"column\">\n\t\t\t<div class=\"elementor-column-wrap elementor-element-populated\">\n\t\t\t\t\t\t\t<div class=\"elementor-widget-wrap\">\n\t\t\t\t\t\t<div class=\"elementor-element elementor-element-ec08ea0 elementor-widget elementor-widget-heading\" data-id=\"ec08ea0\" data-element_type=\"widget\" data-widget_type=\"heading.default\">\n\t\t\t\t<div class=\"elementor-widget-container\">\n\t\t\t<h2 class=\"elementor-heading-title elementor-size-default\"><b>\u00bfPor qu\u00e9 es importante esta estrategia?<\/b> <\/h2>\t\t<\/div>\n\t\t\t\t<\/div>\n\t\t\t\t\t\t<\/div>\n\t\t\t\t\t<\/div>\n\t\t<\/div>\n\t\t\t\t\t\t\t\t<\/div>\n\t\t\t\t\t<\/div>\n\t\t<\/section>\n\t\t<div class=\"elementor-element elementor-element-c26d55c e-container--column e-container\" data-id=\"c26d55c\" data-element_type=\"container\">\t\t\t\t<div class=\"elementor-element elementor-element-62bfb54 elementor-widget elementor-widget-text-editor\" data-id=\"62bfb54\" data-element_type=\"widget\" data-widget_type=\"text-editor.default\">\n\t\t\t\t<div class=\"elementor-widget-container\">\n\t\t\t\t\t\t\t\t<div class=\"elementor-text-editor elementor-clearfix\">\n\t\t\t\t<p>Porque la desaparici\u00f3n forzada no termina con la ausencia.<br \/>Contin\u00faa en la incertidumbre, en la falta de respuestas y en la necesidad urgente de encontrar.<\/p><p>Esta estrategia busca:<\/p><ul><li>Activar la b\u00fasqueda en territorios priorizados como la Comuna 13 y San Crist\u00f3bal<\/li><li>Convocar a familiares que a\u00fan no han iniciado procesos de b\u00fasqueda<\/li><li>Generar confianza institucional para que m\u00e1s personas se acerquen<\/li><\/ul><p>\u00a0<\/p><p><strong>Nuestro prop\u00f3sito<\/strong><\/p><p>Dinamizar la b\u00fasqueda de personas desaparecidas y fortalecer el acompa\u00f1amiento a sus familias, a trav\u00e9s de una estrategia participativa, cercana y con enfoque territorial.<\/p>\t\t\t\t\t<\/div>\n\t\t\t\t\t\t<\/div>\n\t\t\t\t<\/div>\n\t\t<\/div>\t\t<section class=\"elementor-section elementor-top-section elementor-element elementor-element-0e18ecd elementor-section-boxed elementor-section-height-default elementor-section-height-default\" data-id=\"0e18ecd\" data-element_type=\"section\">\n\t\t\t\t\t\t<div class=\"elementor-container elementor-column-gap-default\">\n\t\t\t\t\t\t\t<div class=\"elementor-row\">\n\t\t\t\t\t<div class=\"elementor-column elementor-col-100 elementor-top-column elementor-element elementor-element-011123b\" data-id=\"011123b\" data-element_type=\"column\">\n\t\t\t<div class=\"elementor-column-wrap elementor-element-populated\">\n\t\t\t\t\t\t\t<div class=\"elementor-widget-wrap\">\n\t\t\t\t\t\t<div class=\"elementor-element elementor-element-0148bfb elementor-widget elementor-widget-heading\" data-id=\"0148bfb\" data-element_type=\"widget\" data-widget_type=\"heading.default\">\n\t\t\t\t<div class=\"elementor-widget-container\">\n\t\t\t<h2 class=\"elementor-heading-title elementor-size-default\"><b>\u00bfC\u00f3mo lo estamos haciendo?<\/b> <\/h2>\t\t<\/div>\n\t\t\t\t<\/div>\n\t\t\t\t\t\t<\/div>\n\t\t\t\t\t<\/div>\n\t\t<\/div>\n\t\t\t\t\t\t\t\t<\/div>\n\t\t\t\t\t<\/div>\n\t\t<\/section>\n\t\t<div class=\"elementor-element elementor-element-3cd9a14 e-container--column e-container\" data-id=\"3cd9a14\" data-element_type=\"container\">\t\t\t\t<div class=\"elementor-element elementor-element-0dea974 elementor-widget elementor-widget-text-editor\" data-id=\"0dea974\" data-element_type=\"widget\" data-widget_type=\"text-editor.default\">\n\t\t\t\t<div class=\"elementor-widget-container\">\n\t\t\t\t\t\t\t\t<div class=\"elementor-text-editor elementor-clearfix\">\n\t\t\t\t<p><strong>Acciones en territorio (Componente pedag\u00f3gico)<\/strong><\/p><p>Salimos al encuentro de la ciudadan\u00eda con acciones en calle y espacios comunitarios para:<\/p><ul><li>Orientar sobre rutas de b\u00fasqueda<\/li><li>Promover el registro de casos<\/li><li>Facilitar la toma de muestras de ADN<\/li><li>Sensibilizar sobre el car\u00e1cter humanitario de la b\u00fasqueda<\/li><\/ul><p><strong>Campa\u00f1a de comunicaci\u00f3n (Componente publicitario)<\/strong><\/p><p>Desarrollamos contenidos que conectan con la ciudadan\u00eda y movilizan la acci\u00f3n:<\/p><ul><li>Piezas gr\u00e1ficas<\/li><li>Mensajes radiales<\/li><li>Contenidos audiovisuales<\/li><li>Narrativas que dignifican a las v\u00edctimas<\/li><\/ul><p><strong>Voces que cuentan <\/strong><\/p><p>Llevamos las historias de las familias buscadoras a los medios de comunicaci\u00f3n para:<\/p><ul><li>Visibilizar sus procesos<\/li><li>Sensibilizar a la sociedad<\/li><li>Generar empat\u00eda y solidaridad<\/li><\/ul>\t\t\t\t\t<\/div>\n\t\t\t\t\t\t<\/div>\n\t\t\t\t<\/div>\n\t\t<\/div><div class=\"elementor-element elementor-element-64f0033 e-container--row e-container\" data-id=\"64f0033\" data-element_type=\"container\">\t\t<div class=\"elementor-element elementor-element-97e8ed7 e-container--column e-container\" data-id=\"97e8ed7\" data-element_type=\"container\">\t\t\t\t<div class=\"elementor-element elementor-element-0a7cde4 elementor-widget elementor-widget-image\" data-id=\"0a7cde4\" data-element_type=\"widget\" data-widget_type=\"image.default\">\n\t\t\t\t<div class=\"elementor-widget-container\">\n\t\t\t\t\t\t\t\t<div class=\"elementor-image\">\n\t\t\t\t\t\t\t\t\t\t\t\t<img width=\"529\" height=\"720\" src=\"https:\/\/www.medellin.gov.co\/es\/wp-content\/uploads\/2026\/04\/Piezas_Finales_Nos-Unimos-a-la-Buisqueda2.jpg\" class=\"attachment-full size-full\" alt=\"Piezas_Finales_Nos-Unimos-a-la-Bu\u00ecsqueda2\" loading=\"lazy\" srcset=\"https:\/\/www.medellin.gov.co\/es\/wp-content\/uploads\/2026\/04\/Piezas_Finales_Nos-Unimos-a-la-Buisqueda2.jpg 529w, https:\/\/www.medellin.gov.co\/es\/wp-content\/uploads\/2026\/04\/Piezas_Finales_Nos-Unimos-a-la-Buisqueda2-220x300.jpg 220w, https:\/\/www.medellin.gov.co\/es\/wp-content\/uploads\/2026\/04\/Piezas_Finales_Nos-Unimos-a-la-Buisqueda2-110x150.jpg 110w\" sizes=\"(max-width: 529px) 100vw, 529px\" \/>\t\t\t\t\t\t\t\t\t\t\t\t\t\t<\/div>\n\t\t\t\t\t\t<\/div>\n\t\t\t\t<\/div>\n\t\t<\/div><div class=\"elementor-element elementor-element-253bb70 e-container--column e-container\" data-id=\"253bb70\" data-element_type=\"container\">\t\t\t\t<div class=\"elementor-element elementor-element-70609f9 elementor-widget elementor-widget-text-editor\" data-id=\"70609f9\" data-element_type=\"widget\" data-widget_type=\"text-editor.default\">\n\t\t\t\t<div class=\"elementor-widget-container\">\n\t\t\t\t\t\t\t\t<div class=\"elementor-text-editor elementor-clearfix\">\n\t\t\t\t<p><strong>\u00bfA qui\u00e9nes buscamos?<\/strong><\/p><p>A todas las personas que puedan aportar a la b\u00fasqueda:<\/p><ul><li>Familiares de personas desaparecidas<\/li><li>L\u00edderes sociales y comunitarios<\/li><li>Organizaciones culturales y art\u00edsticas<\/li><li>Medios de comunicaci\u00f3n<\/li><li>Iglesias y redes comunitarias<\/li><li>Ciudadan\u00eda en general<\/li><\/ul><p>Porque cualquier informaci\u00f3n puede ser clave.<\/p><p>\u00a0<\/p><p><strong>\u00bfD\u00f3nde estamos presentes?<\/strong><\/p><p>La estrategia se mueve por toda la ciudad, reconociendo que las familias han sido desplazadas y hoy habitan distintos territorios.<\/p><p>Estamos en:<\/p><ul><li>Comunas y corregimientos<\/li><li>Estaciones y vagones del metro<\/li><li>Paraderos y terminales de transporte<\/li><li>Instituciones educativas y bibliotecas<\/li><li>Plazas p\u00fablicas y escenarios deportivos<\/li><li>Espacios comunitarios y culturales<\/li><\/ul>\t\t\t\t\t<\/div>\n\t\t\t\t\t\t<\/div>\n\t\t\t\t<\/div>\n\t\t<\/div><\/div>\t\t<section class=\"elementor-section elementor-top-section elementor-element elementor-element-4fe36f2 elementor-section-boxed elementor-section-height-default elementor-section-height-default\" data-id=\"4fe36f2\" data-element_type=\"section\">\n\t\t\t\t\t\t<div class=\"elementor-container elementor-column-gap-default\">\n\t\t\t\t\t\t\t<div class=\"elementor-row\">\n\t\t\t\t\t<div class=\"elementor-column elementor-col-100 elementor-top-column elementor-element elementor-element-86e6284\" data-id=\"86e6284\" data-element_type=\"column\">\n\t\t\t<div class=\"elementor-column-wrap elementor-element-populated\">\n\t\t\t\t\t\t\t<div class=\"elementor-widget-wrap\">\n\t\t\t\t\t\t<div class=\"elementor-element elementor-element-437b88d elementor-widget elementor-widget-heading\" data-id=\"437b88d\" data-element_type=\"widget\" data-widget_type=\"heading.default\">\n\t\t\t\t<div class=\"elementor-widget-container\">\n\t\t\t<h2 class=\"elementor-heading-title elementor-size-default\"><b>Una imagen que habla por miles<\/b> <\/h2>\t\t<\/div>\n\t\t\t\t<\/div>\n\t\t\t\t\t\t<\/div>\n\t\t\t\t\t<\/div>\n\t\t<\/div>\n\t\t\t\t\t\t\t\t<\/div>\n\t\t\t\t\t<\/div>\n\t\t<\/section>\n\t\t<div class=\"elementor-element elementor-element-a68ea7a e-container--row e-container\" data-id=\"a68ea7a\" data-element_type=\"container\">\t\t<div class=\"elementor-element elementor-element-6526b64 e-container--column e-container\" data-id=\"6526b64\" data-element_type=\"container\">\t\t\t\t<div class=\"elementor-element elementor-element-8ecf2f0 elementor-widget elementor-widget-text-editor\" data-id=\"8ecf2f0\" data-element_type=\"widget\" data-widget_type=\"text-editor.default\">\n\t\t\t\t<div class=\"elementor-widget-container\">\n\t\t\t\t\t\t\t\t<div class=\"elementor-text-editor elementor-clearfix\">\n\t\t\t\t<p>La campa\u00f1a se representa en una madre que sostiene el retrato de su hija desaparecida.<\/p><p>El fondo morado evoca la memoria y el duelo colectivo. Las mariposas amarillas simbolizan la resistencia, la esperanza y la b\u00fasqueda que sigue viva.<\/p><p>Esta imagen no es solo un s\u00edmbolo:<br \/>es el reflejo de miles de historias que a\u00fan esperan ser encontradas.<\/p><p>\u00a0<\/p><p><strong>S\u00famate a la b\u00fasqueda<\/strong><\/p><p>Cada voz cuenta. Cada dato importa. Cada acci\u00f3n puede acercarnos a la verdad.<\/p><p>Hoy Medell\u00edn busca.<br \/>Y no se detiene.<\/p>\t\t\t\t\t<\/div>\n\t\t\t\t\t\t<\/div>\n\t\t\t\t<\/div>\n\t\t<\/div><div class=\"elementor-element elementor-element-4a61ec2 e-container--column e-container\" data-id=\"4a61ec2\" data-element_type=\"container\">\t\t\t\t<div class=\"elementor-element elementor-element-ae72517 elementor-widget elementor-widget-image\" data-id=\"ae72517\" data-element_type=\"widget\" data-widget_type=\"image.default\">\n\t\t\t\t<div class=\"elementor-widget-container\">\n\t\t\t\t\t\t\t\t<div class=\"elementor-image\">\n\t\t\t\t\t\t\t\t\t\t\t\t<img width=\"529\" height=\"720\" src=\"https:\/\/www.medellin.gov.co\/es\/wp-content\/uploads\/2026\/04\/Piezas_Finales_Nos-Unimos-a-la-Buisqueda3.jpg\" class=\"attachment-large size-large\" alt=\"\" loading=\"lazy\" srcset=\"https:\/\/www.medellin.gov.co\/es\/wp-content\/uploads\/2026\/04\/Piezas_Finales_Nos-Unimos-a-la-Buisqueda3.jpg 529w, https:\/\/www.medellin.gov.co\/es\/wp-content\/uploads\/2026\/04\/Piezas_Finales_Nos-Unimos-a-la-Buisqueda3-220x300.jpg 220w, https:\/\/www.medellin.gov.co\/es\/wp-content\/uploads\/2026\/04\/Piezas_Finales_Nos-Unimos-a-la-Buisqueda3-110x150.jpg 110w\" sizes=\"(max-width: 529px) 100vw, 529px\" \/>\t\t\t\t\t\t\t\t\t\t\t\t\t\t<\/div>\n\t\t\t\t\t\t<\/div>\n\t\t\t\t<\/div>\n\t\t<\/div><\/div>\t\t\t\t\t\t\t<\/div>\n\t\t\t<\/div>\n\t\t\t\t\t<\/div>\n\t\t","protected":false},"excerpt":{"rendered":"<p>Nos Unimos a la b\u00fasqueda B\u00fasqueda que no se detiene Una ciudad que busca, una memoria que resiste En medio del conflicto armado colombiano, la poblaci\u00f3n de Medell\u00edn ha sufrido diferentes hechos v\u00edctimizantes, entre ellos &#8230;<\/p>\n","protected":false},"author":97,"featured_media":0,"parent":339029,"menu_order":0,"comment_status":"closed","ping_status":"closed","template":"sec-noviolencia\/elementor09102024.php","meta":[],"acf":[],"_links":{"self":[{"href":"https:\/\/www.medellin.gov.co\/es\/wp-json\/wp\/v2\/pages\/520125"}],"collection":[{"href":"https:\/\/www.medellin.gov.co\/es\/wp-json\/wp\/v2\/pages"}],"about":[{"href":"https:\/\/www.medellin.gov.co\/es\/wp-json\/wp\/v2\/types\/page"}],"author":[{"embeddable":true,"href":"https:\/\/www.medellin.gov.co\/es\/wp-json\/wp\/v2\/users\/97"}],"replies":[{"embeddable":true,"href":"https:\/\/www.medellin.gov.co\/es\/wp-json\/wp\/v2\/comments?post=520125"}],"version-history":[{"count":10,"href":"https:\/\/www.medellin.gov.co\/es\/wp-json\/wp\/v2\/pages\/520125\/revisions"}],"predecessor-version":[{"id":520617,"href":"https:\/\/www.medellin.gov.co\/es\/wp-json\/wp\/v2\/pages\/520125\/revisions\/520617"}],"up":[{"embeddable":true,"href":"https:\/\/www.medellin.gov.co\/es\/wp-json\/wp\/v2\/pages\/339029"}],"wp:attachment":[{"href":"https:\/\/www.medellin.gov.co\/es\/wp-json\/wp\/v2\/media?parent=520125"}],"curies":[{"name":"wp","href":"https:\/\/api.w.org\/{rel}","templated":true}]}}