{"id":527589,"date":"2026-05-07T13:37:12","date_gmt":"2026-05-07T18:37:12","guid":{"rendered":"https:\/\/www.medellin.gov.co\/es\/?page_id=527589"},"modified":"2026-05-08T13:00:32","modified_gmt":"2026-05-08T18:00:32","slug":"concursos-de-meritos-documentos-vinculacion","status":"publish","type":"page","link":"https:\/\/www.medellin.gov.co\/es\/secretaria-de-gestion-humana\/concursos-de-meritos-documentos-vinculacion\/","title":{"rendered":"Concursos de m\u00e9ritos &#8211; Documentos vinculaci\u00f3n"},"content":{"rendered":"\t\t<div data-elementor-type=\"wp-page\" data-elementor-id=\"527589\" class=\"elementor elementor-527589\">\n\t\t\t\t\t\t<div class=\"elementor-inner\">\n\t\t\t\t<div class=\"elementor-section-wrap\">\n\t\t\t\t\t\t\t<div class=\"elementor-element elementor-element-00316fe e-container--column e-container\" data-id=\"00316fe\" data-element_type=\"container\">\t\t\t\t<div class=\"elementor-element elementor-element-3467455 elementor-widget elementor-widget-heading\" data-id=\"3467455\" data-element_type=\"widget\" data-widget_type=\"heading.default\">\n\t\t\t\t<div class=\"elementor-widget-container\">\n\t\t\t<h1 class=\"elementor-heading-title elementor-size-default\">Concurso de m\u00e9rito Antioquia 3 | Documentos para vinculaci\u00f3n<\/h1>\t\t<\/div>\n\t\t\t\t<\/div>\n\t\t<\/div><div class=\"elementor-element elementor-element-f53980f e-container--column e-container\" data-id=\"f53980f\" data-element_type=\"container\">\t\t\t\t<div class=\"elementor-element elementor-element-6cefeb9 elementor-widget elementor-widget-spacer\" data-id=\"6cefeb9\" data-element_type=\"widget\" data-widget_type=\"spacer.default\">\n\t\t\t\t<div class=\"elementor-widget-container\">\n\t\t\t\t\t<div class=\"elementor-spacer\">\n\t\t\t<div class=\"elementor-spacer-inner\"><\/div>\n\t\t<\/div>\n\t\t\t\t<\/div>\n\t\t\t\t<\/div>\n\t\t<\/div><div class=\"elementor-element elementor-element-6a5eaa1 e-container--column e-container\" data-id=\"6a5eaa1\" data-element_type=\"container\">\t\t\t\t<div class=\"elementor-element elementor-element-bb7e613 elementor-widget elementor-widget-image\" data-id=\"bb7e613\" data-element_type=\"widget\" data-widget_type=\"image.default\">\n\t\t\t\t<div class=\"elementor-widget-container\">\n\t\t\t\t\t\t\t\t<div class=\"elementor-image\">\n\t\t\t\t\t\t\t\t\t\t\t\t\t<a href=\"https:\/\/www.medellin.gov.co\/es\/secretaria-de-gestion-humana\/concursos-de-meritos-cnsc\/\">\n\t\t\t\t\t\t\t<img width=\"1280\" height=\"300\" src=\"https:\/\/www.medellin.gov.co\/es\/wp-content\/uploads\/2026\/05\/Concurso_Meritos_Antioquia_3-12.jpg\" class=\"attachment-full size-full\" alt=\"\" loading=\"lazy\" srcset=\"https:\/\/www.medellin.gov.co\/es\/wp-content\/uploads\/2026\/05\/Concurso_Meritos_Antioquia_3-12.jpg 1280w, https:\/\/www.medellin.gov.co\/es\/wp-content\/uploads\/2026\/05\/Concurso_Meritos_Antioquia_3-12-300x70.jpg 300w, https:\/\/www.medellin.gov.co\/es\/wp-content\/uploads\/2026\/05\/Concurso_Meritos_Antioquia_3-12-1024x240.jpg 1024w, https:\/\/www.medellin.gov.co\/es\/wp-content\/uploads\/2026\/05\/Concurso_Meritos_Antioquia_3-12-150x35.jpg 150w, https:\/\/www.medellin.gov.co\/es\/wp-content\/uploads\/2026\/05\/Concurso_Meritos_Antioquia_3-12-768x180.jpg 768w\" sizes=\"(max-width: 1280px) 100vw, 1280px\" \/>\t\t\t\t\t\t\t\t<\/a>\n\t\t\t\t\t\t\t\t\t\t\t\t\t\t<\/div>\n\t\t\t\t\t\t<\/div>\n\t\t\t\t<\/div>\n\t\t<div class=\"elementor-element elementor-element-658fc6e e-container--column e-container\" data-id=\"658fc6e\" data-element_type=\"container\">\t\t<div class=\"elementor-element elementor-element-f2efb3b e-container--row e-container\" data-id=\"f2efb3b\" data-element_type=\"container\">\t\t<div class=\"elementor-element elementor-element-a1cad82 e-container--column e-container\" data-id=\"a1cad82\" data-element_type=\"container\">\t\t\t\t<div class=\"elementor-element elementor-element-6550f90 elementor-widget elementor-widget-image\" data-id=\"6550f90\" data-element_type=\"widget\" data-widget_type=\"image.default\">\n\t\t\t\t<div class=\"elementor-widget-container\">\n\t\t\t\t\t\t\t\t<div class=\"elementor-image\">\n\t\t\t\t\t\t\t\t\t\t\t\t\t<a href=\"https:\/\/www.medellin.gov.co\/es\/secretaria-de-gestion-humana\/concursos-de-meritos-abc\/\">\n\t\t\t\t\t\t\t<img width=\"490\" height=\"250\" src=\"https:\/\/www.medellin.gov.co\/es\/wp-content\/uploads\/2026\/05\/ABECE_Concurso_Meritos_Antioquia_3.jpg\" class=\"attachment-large size-large\" alt=\"Contenido Antioquia 3\" loading=\"lazy\" srcset=\"https:\/\/www.medellin.gov.co\/es\/wp-content\/uploads\/2026\/05\/ABECE_Concurso_Meritos_Antioquia_3.jpg 490w, https:\/\/www.medellin.gov.co\/es\/wp-content\/uploads\/2026\/05\/ABECE_Concurso_Meritos_Antioquia_3-300x153.jpg 300w, https:\/\/www.medellin.gov.co\/es\/wp-content\/uploads\/2026\/05\/ABECE_Concurso_Meritos_Antioquia_3-150x77.jpg 150w\" sizes=\"(max-width: 490px) 100vw, 490px\" \/>\t\t\t\t\t\t\t\t<\/a>\n\t\t\t\t\t\t\t\t\t\t\t\t\t\t<\/div>\n\t\t\t\t\t\t<\/div>\n\t\t\t\t<\/div>\n\t\t<\/div><div class=\"elementor-element elementor-element-291ee48 e-container--column e-container\" data-id=\"291ee48\" data-element_type=\"container\">\t\t\t\t<div class=\"elementor-element elementor-element-da19620 elementor-widget elementor-widget-image\" data-id=\"da19620\" data-element_type=\"widget\" data-widget_type=\"image.default\">\n\t\t\t\t<div class=\"elementor-widget-container\">\n\t\t\t\t\t\t\t\t<div class=\"elementor-image\">\n\t\t\t\t\t\t\t\t\t\t\t\t\t<a href=\"https:\/\/www.medellin.gov.co\/es\/secretaria-de-gestion-humana\/concursos-de-meritos-documentos-vinculacion\/\">\n\t\t\t\t\t\t\t<img width=\"1022\" height=\"522\" src=\"https:\/\/www.medellin.gov.co\/es\/wp-content\/uploads\/2026\/05\/Concurso_Meritos_Antioquia_3-8.jpg\" class=\"attachment-large size-large\" alt=\"Contenido Antioquia 3\" loading=\"lazy\" srcset=\"https:\/\/www.medellin.gov.co\/es\/wp-content\/uploads\/2026\/05\/Concurso_Meritos_Antioquia_3-8.jpg 1022w, https:\/\/www.medellin.gov.co\/es\/wp-content\/uploads\/2026\/05\/Concurso_Meritos_Antioquia_3-8-300x153.jpg 300w, https:\/\/www.medellin.gov.co\/es\/wp-content\/uploads\/2026\/05\/Concurso_Meritos_Antioquia_3-8-150x77.jpg 150w, https:\/\/www.medellin.gov.co\/es\/wp-content\/uploads\/2026\/05\/Concurso_Meritos_Antioquia_3-8-768x392.jpg 768w\" sizes=\"(max-width: 1022px) 100vw, 1022px\" \/>\t\t\t\t\t\t\t\t<\/a>\n\t\t\t\t\t\t\t\t\t\t\t\t\t\t<\/div>\n\t\t\t\t\t\t<\/div>\n\t\t\t\t<\/div>\n\t\t<\/div><div class=\"elementor-element elementor-element-db01632 e-container--column e-container\" data-id=\"db01632\" data-element_type=\"container\">\t\t\t\t<div class=\"elementor-element elementor-element-94ac872 elementor-widget elementor-widget-image\" data-id=\"94ac872\" data-element_type=\"widget\" data-widget_type=\"image.default\">\n\t\t\t\t<div class=\"elementor-widget-container\">\n\t\t\t\t\t\t\t\t<div class=\"elementor-image\">\n\t\t\t\t\t\t\t\t\t\t\t\t\t<a href=\"https:\/\/www.medellin.gov.co\/es\/secretaria-de-gestion-humana\/concursos-de-meritos-cnsc-listas\/\">\n\t\t\t\t\t\t\t<img width=\"1022\" height=\"522\" src=\"https:\/\/www.medellin.gov.co\/es\/wp-content\/uploads\/2026\/05\/Concurso_Meritos_Antioquia_3-9.jpg\" class=\"attachment-large size-large\" alt=\"Contenido Antioquia 3\" loading=\"lazy\" srcset=\"https:\/\/www.medellin.gov.co\/es\/wp-content\/uploads\/2026\/05\/Concurso_Meritos_Antioquia_3-9.jpg 1022w, https:\/\/www.medellin.gov.co\/es\/wp-content\/uploads\/2026\/05\/Concurso_Meritos_Antioquia_3-9-300x153.jpg 300w, https:\/\/www.medellin.gov.co\/es\/wp-content\/uploads\/2026\/05\/Concurso_Meritos_Antioquia_3-9-150x77.jpg 150w, https:\/\/www.medellin.gov.co\/es\/wp-content\/uploads\/2026\/05\/Concurso_Meritos_Antioquia_3-9-768x392.jpg 768w\" sizes=\"(max-width: 1022px) 100vw, 1022px\" \/>\t\t\t\t\t\t\t\t<\/a>\n\t\t\t\t\t\t\t\t\t\t\t\t\t\t<\/div>\n\t\t\t\t\t\t<\/div>\n\t\t\t\t<\/div>\n\t\t<\/div><div class=\"elementor-element elementor-element-df819e5 e-container--column e-container\" data-id=\"df819e5\" data-element_type=\"container\">\t\t\t\t<div class=\"elementor-element elementor-element-3e60201 elementor-widget elementor-widget-image\" data-id=\"3e60201\" data-element_type=\"widget\" data-widget_type=\"image.default\">\n\t\t\t\t<div class=\"elementor-widget-container\">\n\t\t\t\t\t\t\t\t<div class=\"elementor-image\">\n\t\t\t\t\t\t\t\t\t\t\t\t\t<a href=\"https:\/\/www.medellin.gov.co\/irj\/portal\/medellin?NavigationTarget=navurl:\/\/1b9c8617d2e45811015e9ede25e433eb\">\n\t\t\t\t\t\t\t<img width=\"1022\" height=\"521\" src=\"https:\/\/www.medellin.gov.co\/es\/wp-content\/uploads\/2026\/05\/Concurso_Meritos_Antioquia_3-1.jpg\" class=\"attachment-large size-large\" alt=\"Contenido Antioquia 3\" loading=\"lazy\" srcset=\"https:\/\/www.medellin.gov.co\/es\/wp-content\/uploads\/2026\/05\/Concurso_Meritos_Antioquia_3-1.jpg 1022w, https:\/\/www.medellin.gov.co\/es\/wp-content\/uploads\/2026\/05\/Concurso_Meritos_Antioquia_3-1-300x153.jpg 300w, https:\/\/www.medellin.gov.co\/es\/wp-content\/uploads\/2026\/05\/Concurso_Meritos_Antioquia_3-1-150x76.jpg 150w, https:\/\/www.medellin.gov.co\/es\/wp-content\/uploads\/2026\/05\/Concurso_Meritos_Antioquia_3-1-768x392.jpg 768w\" sizes=\"(max-width: 1022px) 100vw, 1022px\" \/>\t\t\t\t\t\t\t\t<\/a>\n\t\t\t\t\t\t\t\t\t\t\t\t\t\t<\/div>\n\t\t\t\t\t\t<\/div>\n\t\t\t\t<\/div>\n\t\t<\/div><\/div><\/div><\/div><div class=\"elementor-element elementor-element-e2c0915 e-container--column e-container\" data-id=\"e2c0915\" data-element_type=\"container\">\t\t\t\t<div class=\"elementor-element elementor-element-c82a067 elementor-widget elementor-widget-spacer\" data-id=\"c82a067\" data-element_type=\"widget\" data-widget_type=\"spacer.default\">\n\t\t\t\t<div class=\"elementor-widget-container\">\n\t\t\t\t\t<div class=\"elementor-spacer\">\n\t\t\t<div class=\"elementor-spacer-inner\"><\/div>\n\t\t<\/div>\n\t\t\t\t<\/div>\n\t\t\t\t<\/div>\n\t\t<\/div><div class=\"elementor-element elementor-element-5f75dd4 e-container--column e-container\" data-id=\"5f75dd4\" data-element_type=\"container\">\t\t\t\t<div class=\"elementor-element elementor-element-88bd7a7 elementor-widget elementor-widget-text-editor\" data-id=\"88bd7a7\" data-element_type=\"widget\" data-widget_type=\"text-editor.default\">\n\t\t\t\t<div class=\"elementor-widget-container\">\n\t\t\t\t\t\t\t\t<div class=\"elementor-text-editor elementor-clearfix\">\n\t\t\t\t<p style=\"text-align: center;\"><strong><a href=\"https:\/\/www.medellin.gov.co\/es\/secretaria-de-gestion-humana\/concursos-de-meritos-cnsc\/\">Concurso de m\u00e9rito Antioquia 3<\/a> | Documentos para vinculaci\u00f3n<\/strong><\/p>\t\t\t\t\t<\/div>\n\t\t\t\t\t\t<\/div>\n\t\t\t\t<\/div>\n\t\t\t\t<div class=\"elementor-element elementor-element-4db3e50 elementor-widget elementor-widget-text-editor\" data-id=\"4db3e50\" data-element_type=\"widget\" data-widget_type=\"text-editor.default\">\n\t\t\t\t<div class=\"elementor-widget-container\">\n\t\t\t\t\t\t\t\t<div class=\"elementor-text-editor elementor-clearfix\">\n\t\t\t\t<p>Lo invitamos a descargar los documentos para la vinculaci\u00f3n\u00a0 al Distrito Espacial de Ciencia y Tecnolog\u00eda de Medell\u00edn en el marco del <strong>Concurso de m\u00e9rito Antioquia 3<\/strong>:<\/p><p>\u00a0<\/p><ul><li><a href=\"https:\/\/www.medellin.gov.co\/es\/wp-content\/uploads\/2026\/05\/1.-IN-GETH-286InstructivoparalaPosesinSERVIDORNUEVOv211.pdf\" target=\"_blank\" rel=\"noopener\">Instructivo IN-GETH Instructivo para la Posesi\u00f3n Servidor Nuevo<\/a><\/li><li><a href=\"https:\/\/www.medellin.gov.co\/es\/wp-content\/uploads\/2026\/05\/FOGETH243FormatoAutorizacionTratamientoDatosPersonales_1.pdf\" target=\"_blank\" rel=\"noopener\">Formato FO-GETH Autorizaci\u00f3n para el tratamiento de datos personales<\/a><\/li><li><a href=\"https:\/\/www.medellin.gov.co\/es\/wp-content\/uploads\/2026\/05\/FOGETH244FormatoCompromisoentregadetarjetaprofesionalv3.docx\" target=\"_blank\" rel=\"noopener\">Formato FO-GETH Compromiso entrega de documentos<\/a><\/li><li><a href=\"https:\/\/www.medellin.gov.co\/es\/wp-content\/uploads\/2026\/05\/FOGETH-245DatosBasicosParaIngresodelEmpleado_8_1.docx\" target=\"_blank\" rel=\"noopener\">Formato FO-GETH Datos b\u00e1sicos para ingreso del empleado<\/a><\/li><li><a href=\"https:\/\/www.medellin.gov.co\/es\/wp-content\/uploads\/2026\/05\/FOGETH247Declaracinjuramentadasobreausenciadeinhabilidadesv2.pdf\" target=\"_blank\" rel=\"noopener\">Formato FO-GETH Declaraci\u00f3n juramentada sobre ausencia de inhabilidades, incompatibilidades y procesos de car\u00e1cter alimentario<\/a><\/li><li><a href=\"https:\/\/www.medellin.gov.co\/es\/wp-content\/uploads\/2026\/05\/FOGETH-248FormatoInformeCuentaBancariaPagoNomina2.docx\" target=\"_blank\" rel=\"noopener\">Formato FO-GETH Informe de cuenta bancaria para pago de n\u00f3mina<\/a><\/li><li><a href=\"https:\/\/www.medellin.gov.co\/es\/wp-content\/uploads\/2026\/05\/FOGETH-249FormatoinformeoescogenciaEPSAFPcesantias1_1-1.docx\" target=\"_blank\" rel=\"noopener\">Formato FO-GETH Informe o escogencia EPS, AFP y cesant\u00edas<\/a><\/li><\/ul>\t\t\t\t\t<\/div>\n\t\t\t\t\t\t<\/div>\n\t\t\t\t<\/div>\n\t\t<\/div>\t\t\t\t\t\t\t<\/div>\n\t\t\t<\/div>\n\t\t\t\t\t<\/div>\n\t\t","protected":false},"excerpt":{"rendered":"<p>Concursos de m\u00e9ritos &#8211; CNSC | ABC Concurso de M\u00e9ritos \u2013 Antioquia 3 | ABC Preguntas frecuentes Lo invitamos a consultar las preguntas frecuentes relacionadas con el Concurso de M\u00e9ritos Antioquia 3 y su adopci\u00f3n &#8230;<\/p>\n","protected":false},"author":17,"featured_media":0,"parent":14147,"menu_order":0,"comment_status":"closed","ping_status":"closed","template":"sec-gestion-humana\/elementor.php","meta":[],"acf":[],"_links":{"self":[{"href":"https:\/\/www.medellin.gov.co\/es\/wp-json\/wp\/v2\/pages\/527589"}],"collection":[{"href":"https:\/\/www.medellin.gov.co\/es\/wp-json\/wp\/v2\/pages"}],"about":[{"href":"https:\/\/www.medellin.gov.co\/es\/wp-json\/wp\/v2\/types\/page"}],"author":[{"embeddable":true,"href":"https:\/\/www.medellin.gov.co\/es\/wp-json\/wp\/v2\/users\/17"}],"replies":[{"embeddable":true,"href":"https:\/\/www.medellin.gov.co\/es\/wp-json\/wp\/v2\/comments?post=527589"}],"version-history":[{"count":10,"href":"https:\/\/www.medellin.gov.co\/es\/wp-json\/wp\/v2\/pages\/527589\/revisions"}],"predecessor-version":[{"id":528162,"href":"https:\/\/www.medellin.gov.co\/es\/wp-json\/wp\/v2\/pages\/527589\/revisions\/528162"}],"up":[{"embeddable":true,"href":"https:\/\/www.medellin.gov.co\/es\/wp-json\/wp\/v2\/pages\/14147"}],"wp:attachment":[{"href":"https:\/\/www.medellin.gov.co\/es\/wp-json\/wp\/v2\/media?parent=527589"}],"curies":[{"name":"wp","href":"https:\/\/api.w.org\/{rel}","templated":true}]}}