{"id":60775,"date":"2022-03-28T10:38:43","date_gmt":"2022-03-28T15:38:43","guid":{"rendered":"https:\/\/www.medellin.gov.co\/es\/?page_id=60775"},"modified":"2022-04-01T09:40:57","modified_gmt":"2022-04-01T14:40:57","slug":"campanas","status":"publish","type":"page","link":"https:\/\/www.medellin.gov.co\/es\/secretaria-de-comunicaciones\/campanas\/","title":{"rendered":"Campa\u00f1as"},"content":{"rendered":"<p>Obt\u00e9n informaci\u00f3n sobre cu\u00e1les son las campa\u00f1as m\u00e1s importantes de la Alcald\u00eda de Medell\u00edn ejecutadas y a desarrollar en la ciudad.<\/p>\n","protected":false},"excerpt":{"rendered":"<p>Obt\u00e9n informaci\u00f3n sobre cu\u00e1les son las campa\u00f1as m\u00e1s importantes de la Alcald\u00eda de Medell\u00edn ejecutadas y a desarrollar en la ciudad.<\/p>\n","protected":false},"author":1,"featured_media":31755,"parent":20158,"menu_order":0,"comment_status":"closed","ping_status":"closed","template":"sec-comunicaciones\/campanas.php","meta":[],"acf":[],"_links":{"self":[{"href":"https:\/\/www.medellin.gov.co\/es\/wp-json\/wp\/v2\/pages\/60775"}],"collection":[{"href":"https:\/\/www.medellin.gov.co\/es\/wp-json\/wp\/v2\/pages"}],"about":[{"href":"https:\/\/www.medellin.gov.co\/es\/wp-json\/wp\/v2\/types\/page"}],"author":[{"embeddable":true,"href":"https:\/\/www.medellin.gov.co\/es\/wp-json\/wp\/v2\/users\/1"}],"replies":[{"embeddable":true,"href":"https:\/\/www.medellin.gov.co\/es\/wp-json\/wp\/v2\/comments?post=60775"}],"version-history":[{"count":5,"href":"https:\/\/www.medellin.gov.co\/es\/wp-json\/wp\/v2\/pages\/60775\/revisions"}],"predecessor-version":[{"id":61050,"href":"https:\/\/www.medellin.gov.co\/es\/wp-json\/wp\/v2\/pages\/60775\/revisions\/61050"}],"up":[{"embeddable":true,"href":"https:\/\/www.medellin.gov.co\/es\/wp-json\/wp\/v2\/pages\/20158"}],"wp:featuredmedia":[{"embeddable":true,"href":"https:\/\/www.medellin.gov.co\/es\/wp-json\/wp\/v2\/media\/31755"}],"wp:attachment":[{"href":"https:\/\/www.medellin.gov.co\/es\/wp-json\/wp\/v2\/media?parent=60775"}],"curies":[{"name":"wp","href":"https:\/\/api.w.org\/{rel}","templated":true}]}}