{"id":64866,"date":"2022-05-31T08:45:56","date_gmt":"2022-05-31T13:45:56","guid":{"rendered":"https:\/\/www.medellin.gov.co\/es\/?page_id=64866"},"modified":"2025-01-14T16:13:54","modified_gmt":"2025-01-14T21:13:54","slug":"pago-de-impuestos-alcaldia-de-medellin","status":"publish","type":"page","link":"https:\/\/www.medellin.gov.co\/es\/pago-de-impuestos-alcaldia-de-medellin\/","title":{"rendered":"Pago de impuestos Alcald\u00eda de Medell\u00edn"},"content":{"rendered":"\t\t<div data-elementor-type=\"wp-page\" data-elementor-id=\"64866\" class=\"elementor elementor-64866\">\n\t\t\t\t\t\t<div class=\"elementor-inner\">\n\t\t\t\t<div class=\"elementor-section-wrap\">\n\t\t\t\t\t\t\t\t\t<section class=\"elementor-section elementor-top-section elementor-element elementor-element-7b9c8d6d elementor-section-boxed elementor-section-height-default elementor-section-height-default\" data-id=\"7b9c8d6d\" data-element_type=\"section\">\n\t\t\t\t\t\t<div class=\"elementor-container elementor-column-gap-default\">\n\t\t\t\t\t\t\t<div class=\"elementor-row\">\n\t\t\t\t\t<div class=\"elementor-column elementor-col-100 elementor-top-column elementor-element elementor-element-2190c0d1\" data-id=\"2190c0d1\" data-element_type=\"column\">\n\t\t\t<div class=\"elementor-column-wrap elementor-element-populated\">\n\t\t\t\t\t\t\t<div class=\"elementor-widget-wrap\">\n\t\t\t\t\t\t<div class=\"elementor-element elementor-element-de1ed63 elementor-widget elementor-widget-heading\" data-id=\"de1ed63\" data-element_type=\"widget\" data-widget_type=\"heading.default\">\n\t\t\t\t<div class=\"elementor-widget-container\">\n\t\t\t<h1 class=\"elementor-heading-title elementor-size-default\">Pago de impuestos Alcald\u00eda de Medell\u00edn<\/h1>\t\t<\/div>\n\t\t\t\t<\/div>\n\t\t\t\t<div class=\"elementor-element elementor-element-5bc84a94 elementor-widget elementor-widget-text-editor\" data-id=\"5bc84a94\" data-element_type=\"widget\" data-widget_type=\"text-editor.default\">\n\t\t\t\t<div class=\"elementor-widget-container\">\n\t\t\t\t\t\t\t\t<div class=\"elementor-text-editor elementor-clearfix\">\n\t\t\t\t<p>Conoce, realiza o paga los principales impuestos de la Alcald\u00eda de Medell\u00edn.<\/p>\t\t\t\t\t<\/div>\n\t\t\t\t\t\t<\/div>\n\t\t\t\t<\/div>\n\t\t\t\t\t\t<\/div>\n\t\t\t\t\t<\/div>\n\t\t<\/div>\n\t\t\t\t\t\t\t\t<\/div>\n\t\t\t\t\t<\/div>\n\t\t<\/section>\n\t\t\t\t<section class=\"elementor-section elementor-top-section elementor-element elementor-element-8ca68f0 elementor-section-boxed elementor-section-height-default elementor-section-height-default\" data-id=\"8ca68f0\" data-element_type=\"section\">\n\t\t\t\t\t\t<div class=\"elementor-container elementor-column-gap-default\">\n\t\t\t\t\t\t\t<div class=\"elementor-row\">\n\t\t\t\t\t<div class=\"elementor-column elementor-col-100 elementor-top-column elementor-element elementor-element-80e2e39\" data-id=\"80e2e39\" data-element_type=\"column\">\n\t\t\t<div class=\"elementor-column-wrap elementor-element-populated\">\n\t\t\t\t\t\t\t<div class=\"elementor-widget-wrap\">\n\t\t\t\t\t\t<div class=\"elementor-element elementor-element-dfdf2e2 elementor-widget elementor-widget-heading\" data-id=\"dfdf2e2\" data-element_type=\"widget\" data-widget_type=\"heading.default\">\n\t\t\t\t<div class=\"elementor-widget-container\">\n\t\t\t<h2 class=\"elementor-heading-title elementor-size-default\"><b>Realizar pago de <\/b> impuesto predial<\/h2>\t\t<\/div>\n\t\t\t\t<\/div>\n\t\t\t\t<div class=\"elementor-element elementor-element-e6a9ac0 elementor-widget elementor-widget-text-editor\" data-id=\"e6a9ac0\" data-element_type=\"widget\" data-widget_type=\"text-editor.default\">\n\t\t\t\t<div class=\"elementor-widget-container\">\n\t\t\t\t\t\t\t\t<div class=\"elementor-text-editor elementor-clearfix\">\n\t\t\t\t<p>Pago que todo propietario, poseedor o quien disfrute del bien ajeno, debe realizar sobre los bienes inmuebles o predios ubicados en la respectiva jurisdicci\u00f3n del municipio o distrito.<\/p><p><a href=\"https:\/\/www.medellin.gov.co\/irj\/portal\/medellin\/acceso-boton-pagos\" target=\"_blank\" rel=\"noopener\">Paga tu impuesto predial<\/a><\/p>\t\t\t\t\t<\/div>\n\t\t\t\t\t\t<\/div>\n\t\t\t\t<\/div>\n\t\t\t\t<div class=\"elementor-element elementor-element-fc80a01 elementor-widget elementor-widget-heading\" data-id=\"fc80a01\" data-element_type=\"widget\" data-widget_type=\"heading.default\">\n\t\t\t\t<div class=\"elementor-widget-container\">\n\t\t\t<h2 class=\"elementor-heading-title elementor-size-default\"><b>Realiza tu <\/b> declaraci\u00f3n de Industria y Comercio<\/h2>\t\t<\/div>\n\t\t\t\t<\/div>\n\t\t\t\t<div class=\"elementor-element elementor-element-6cddbf6 elementor-widget elementor-widget-text-editor\" data-id=\"6cddbf6\" data-element_type=\"widget\" data-widget_type=\"text-editor.default\">\n\t\t\t\t<div class=\"elementor-widget-container\">\n\t\t\t\t\t\t\t\t<div class=\"elementor-text-editor elementor-clearfix\">\n\t\t\t\t<p>Presentar la declaraci\u00f3n es una responsabilidad formal que tienen las personas naturales y empresas que ejerzan actividad gravada en el Municipio de Medell\u00edn, tales como las comerciales, industriales, financieras y de servicio. En la declaraci\u00f3n, el contribuyente informa los ingresos obtenidos y el impuesto a cargo que se debe pagar, de acuerdo con la actividad econ\u00f3mica y la tarifa establecida en la norma municipal.<\/p><p><a href=\"https:\/\/www.medellin.gov.co\/irj\/portal\/medellin?NavigationTarget=navurl:\/\/934ee25a151f6e132bc8ce861835bf90\" target=\"_blank\" rel=\"noopener\">Realiza tu declaraci\u00f3n de Industria y Comercio<\/a><\/p>\t\t\t\t\t<\/div>\n\t\t\t\t\t\t<\/div>\n\t\t\t\t<\/div>\n\t\t\t\t<div class=\"elementor-element elementor-element-b508491 elementor-widget elementor-widget-heading\" data-id=\"b508491\" data-element_type=\"widget\" data-widget_type=\"heading.default\">\n\t\t\t\t<div class=\"elementor-widget-container\">\n\t\t\t<h2 class=\"elementor-heading-title elementor-size-default\"><b>Realiza el <\/b>pago del impuesto de Industria y Comercio y Complementarios<\/h2>\t\t<\/div>\n\t\t\t\t<\/div>\n\t\t\t\t<div class=\"elementor-element elementor-element-0ad3d0d elementor-widget elementor-widget-text-editor\" data-id=\"0ad3d0d\" data-element_type=\"widget\" data-widget_type=\"text-editor.default\">\n\t\t\t\t<div class=\"elementor-widget-container\">\n\t\t\t\t\t\t\t\t<div class=\"elementor-text-editor elementor-clearfix\">\n\t\t\t\t<p>Este impuesto recae sobre aquellos que realicen actividades comerciales, industriales, de servicios y financieras dentro del municipio con establecimiento, sin \u00e9l o a trav\u00e9s de internet.<\/p><p>Asimismo, el complementario de avisos y tableros es un impuesto para los sujetos pasivos de industria y comercio que pongan avisos que promocionen sus actividades y que sean visibles desde el espacio p\u00fablico.<\/p><p>Tambi\u00e9n aplica para avisos instalados en veh\u00edculos o cualquier otro medio de transporte.<\/p><p><a href=\"https:\/\/www.medellin.gov.co\/irj\/portal\/medellin\/formulario-declare-n?NavigationTarget=navurl:\/\/43f691acd4cf0f5ac26d151b14fd6088\" target=\"_blank\" rel=\"noopener\">Paga tu impuesto de Industria y Comercio<\/a><\/p>\t\t\t\t\t<\/div>\n\t\t\t\t\t\t<\/div>\n\t\t\t\t<\/div>\n\t\t\t\t<div class=\"elementor-element elementor-element-369923b elementor-widget elementor-widget-heading\" data-id=\"369923b\" data-element_type=\"widget\" data-widget_type=\"heading.default\">\n\t\t\t\t<div class=\"elementor-widget-container\">\n\t\t\t<h2 class=\"elementor-heading-title elementor-size-default\"><b>Pago factura <\/b> valorizaci\u00f3n<\/h2>\t\t<\/div>\n\t\t\t\t<\/div>\n\t\t\t\t<div class=\"elementor-element elementor-element-eb30ae9 elementor-widget elementor-widget-text-editor\" data-id=\"eb30ae9\" data-element_type=\"widget\" data-widget_type=\"text-editor.default\">\n\t\t\t\t<div class=\"elementor-widget-container\">\n\t\t\t\t\t\t\t\t<div class=\"elementor-text-editor elementor-clearfix\">\n\t\t\t\t<p>Consulta y paga tu factura del fondo de valorizaci\u00f3n de Medell\u00edn<\/p><p><a href=\"https:\/\/fonvalmed.gov.co\/recaudos\/\" target=\"_blank\" rel=\"noopener\">Descarga y paga tu factura<\/a><\/p>\t\t\t\t\t<\/div>\n\t\t\t\t\t\t<\/div>\n\t\t\t\t<\/div>\n\t\t\t\t<div class=\"elementor-element elementor-element-ee0efbe elementor-widget elementor-widget-heading\" data-id=\"ee0efbe\" data-element_type=\"widget\" data-widget_type=\"heading.default\">\n\t\t\t\t<div class=\"elementor-widget-container\">\n\t\t\t<h2 class=\"elementor-heading-title elementor-size-default\"><b>Conoce otros <\/b>impuestos municipales<\/h2>\t\t<\/div>\n\t\t\t\t<\/div>\n\t\t\t\t<div class=\"elementor-element elementor-element-1759a9a elementor-widget elementor-widget-text-editor\" data-id=\"1759a9a\" data-element_type=\"widget\" data-widget_type=\"text-editor.default\">\n\t\t\t\t<div class=\"elementor-widget-container\">\n\t\t\t\t\t\t\t\t<div class=\"elementor-text-editor elementor-clearfix\">\n\t\t\t\t<p>Encuentra informaci\u00f3n de otros impuestos municipales de importancia.<\/p><p><a href=\"https:\/\/www.medellin.gov.co\/es\/secretaria-de-hacienda\/normatividad-tributaria\/#otros_impuestos\">Conoce otros impuestos municipales<\/a><\/p>\t\t\t\t\t<\/div>\n\t\t\t\t\t\t<\/div>\n\t\t\t\t<\/div>\n\t\t\t\t\t\t<\/div>\n\t\t\t\t\t<\/div>\n\t\t<\/div>\n\t\t\t\t\t\t\t\t<\/div>\n\t\t\t\t\t<\/div>\n\t\t<\/section>\n\t\t\t\t\t\t\t\t\t<\/div>\n\t\t\t<\/div>\n\t\t\t\t\t<\/div>\n\t\t","protected":false},"excerpt":{"rendered":"<p>Pago de impuestos Alcald\u00eda de Medell\u00edn Conoce, realiza o paga los principales impuestos de la Alcald\u00eda de Medell\u00edn. Realizar pago de impuesto predial Pago que todo propietario, poseedor o quien disfrute del bien ajeno, debe &#8230;<\/p>\n","protected":false},"author":1,"featured_media":0,"parent":0,"menu_order":0,"comment_status":"closed","ping_status":"closed","template":"vistas-tramites-y-servicios\/plantilla_elementor.php","meta":[],"acf":[],"_links":{"self":[{"href":"https:\/\/www.medellin.gov.co\/es\/wp-json\/wp\/v2\/pages\/64866"}],"collection":[{"href":"https:\/\/www.medellin.gov.co\/es\/wp-json\/wp\/v2\/pages"}],"about":[{"href":"https:\/\/www.medellin.gov.co\/es\/wp-json\/wp\/v2\/types\/page"}],"author":[{"embeddable":true,"href":"https:\/\/www.medellin.gov.co\/es\/wp-json\/wp\/v2\/users\/1"}],"replies":[{"embeddable":true,"href":"https:\/\/www.medellin.gov.co\/es\/wp-json\/wp\/v2\/comments?post=64866"}],"version-history":[{"count":10,"href":"https:\/\/www.medellin.gov.co\/es\/wp-json\/wp\/v2\/pages\/64866\/revisions"}],"predecessor-version":[{"id":381027,"href":"https:\/\/www.medellin.gov.co\/es\/wp-json\/wp\/v2\/pages\/64866\/revisions\/381027"}],"wp:attachment":[{"href":"https:\/\/www.medellin.gov.co\/es\/wp-json\/wp\/v2\/media?parent=64866"}],"curies":[{"name":"wp","href":"https:\/\/api.w.org\/{rel}","templated":true}]}}