{"id":67696,"date":"2022-07-07T10:28:39","date_gmt":"2022-07-07T15:28:39","guid":{"rendered":"https:\/\/www.medellin.gov.co\/es\/?page_id=67696"},"modified":"2022-07-08T18:23:51","modified_gmt":"2022-07-08T23:23:51","slug":"software-de-accesibilidad","status":"publish","type":"page","link":"https:\/\/www.medellin.gov.co\/es\/software-de-accesibilidad\/","title":{"rendered":"Software de accesibilidad"},"content":{"rendered":"\t\t<div data-elementor-type=\"wp-page\" data-elementor-id=\"67696\" class=\"elementor elementor-67696\">\n\t\t\t\t\t\t<div class=\"elementor-inner\">\n\t\t\t\t<div class=\"elementor-section-wrap\">\n\t\t\t\t\t\t\t\t\t<section class=\"elementor-section elementor-top-section elementor-element elementor-element-4fcb44f elementor-section-boxed elementor-section-height-default elementor-section-height-default\" data-id=\"4fcb44f\" data-element_type=\"section\">\n\t\t\t\t\t\t<div class=\"elementor-container elementor-column-gap-default\">\n\t\t\t\t\t\t\t<div class=\"elementor-row\">\n\t\t\t\t\t<div class=\"elementor-column elementor-col-100 elementor-top-column elementor-element elementor-element-c0608b3\" data-id=\"c0608b3\" data-element_type=\"column\">\n\t\t\t<div class=\"elementor-column-wrap elementor-element-populated\">\n\t\t\t\t\t\t\t<div class=\"elementor-widget-wrap\">\n\t\t\t\t\t\t<div class=\"elementor-element elementor-element-546317b elementor-widget elementor-widget-heading\" data-id=\"546317b\" data-element_type=\"widget\" data-widget_type=\"heading.default\">\n\t\t\t\t<div class=\"elementor-widget-container\">\n\t\t\t<h1 class=\"elementor-heading-title elementor-size-default\">Software de accesibilidad de la Alcald\u00eda de Medell\u00edn<\/h1>\t\t<\/div>\n\t\t\t\t<\/div>\n\t\t\t\t<div class=\"elementor-element elementor-element-f63254f elementor-widget elementor-widget-text-editor\" data-id=\"f63254f\" data-element_type=\"widget\" data-widget_type=\"text-editor.default\">\n\t\t\t\t<div class=\"elementor-widget-container\">\n\t\t\t\t\t\t\t\t<div class=\"elementor-text-editor elementor-clearfix\">\n\t\t\t\t<p>Conoce los softwares que ofrece la Alcald\u00eda de Medell\u00edn para asegurar una navegaci\u00f3n \u00f3ptima y fluida en el sitio web a las personas con discapacidad.<\/p><ul><li><span style=\"color: var( --e-global-color-text ); font-family: var( --e-global-typography-text-font-family ), Sans-serif; font-size: var( --e-global-typography-text-font-size ); font-weight: var( --e-global-typography-text-font-weight );\">Descarga <\/span><a style=\"font-family: var( --e-global-typography-text-font-family ), Sans-serif; font-size: var( --e-global-typography-text-font-size ); font-weight: var( --e-global-typography-text-font-weight ); background-color: #ffffff;\" title=\"JAWS\" href=\"http:\/\/www.convertic.gov.co\/641\/w3-propertyvalue-15339.html\" target=\"_blank\" rel=\"noopener\">JAWS<\/a><span style=\"color: var( --e-global-color-text ); font-family: var( --e-global-typography-text-font-family ), Sans-serif; font-size: var( --e-global-typography-text-font-size ); font-weight: var( --e-global-typography-text-font-weight );\"> software que convierte a voz la informaci\u00f3n que te muestra la pantalla, permitiendo a las personas ciegas hacer un uso aut\u00f3nomo del computador y sus aplicaciones.<\/span><\/li><\/ul><ul><li>Descarga <a title=\"ZoomText\" href=\"http:\/\/convertic.gov.co\/641\/w3-propertyvalue-15340.html\" target=\"_blank\" rel=\"noopener\">ZoomText<\/a> software que te ampl\u00eda hasta 16 veces el tama\u00f1o de las letras en pantalla y te permite variar color y contraste, beneficiando a personas con baja visi\u00f3n.<\/li><\/ul><ul><li>Descarga <a title=\"eSSENTIAL Accessibility\" href=\"http:\/\/www.essentialaccessibility.com\/es\/download\" target=\"_blank\" rel=\"noopener\">eSSENTIAL Accessibility<\/a>\u00a0Herramientas para que las personas con discapacidades naveguen por la web<\/li><\/ul>\t\t\t\t\t<\/div>\n\t\t\t\t\t\t<\/div>\n\t\t\t\t<\/div>\n\t\t\t\t\t\t<\/div>\n\t\t\t\t\t<\/div>\n\t\t<\/div>\n\t\t\t\t\t\t\t\t<\/div>\n\t\t\t\t\t<\/div>\n\t\t<\/section>\n\t\t\t\t\t\t\t\t\t<\/div>\n\t\t\t<\/div>\n\t\t\t\t\t<\/div>\n\t\t","protected":false},"excerpt":{"rendered":"<p>Software de accesibilidad de la Alcald\u00eda de Medell\u00edn Conoce los softwares que ofrece la Alcald\u00eda de Medell\u00edn para asegurar una navegaci\u00f3n \u00f3ptima y fluida en el sitio web a las personas con discapacidad. Descarga JAWS &#8230;<\/p>\n","protected":false},"author":1,"featured_media":61649,"parent":0,"menu_order":0,"comment_status":"closed","ping_status":"closed","template":"","meta":[],"acf":[],"_links":{"self":[{"href":"https:\/\/www.medellin.gov.co\/es\/wp-json\/wp\/v2\/pages\/67696"}],"collection":[{"href":"https:\/\/www.medellin.gov.co\/es\/wp-json\/wp\/v2\/pages"}],"about":[{"href":"https:\/\/www.medellin.gov.co\/es\/wp-json\/wp\/v2\/types\/page"}],"author":[{"embeddable":true,"href":"https:\/\/www.medellin.gov.co\/es\/wp-json\/wp\/v2\/users\/1"}],"replies":[{"embeddable":true,"href":"https:\/\/www.medellin.gov.co\/es\/wp-json\/wp\/v2\/comments?post=67696"}],"version-history":[{"count":58,"href":"https:\/\/www.medellin.gov.co\/es\/wp-json\/wp\/v2\/pages\/67696\/revisions"}],"predecessor-version":[{"id":89548,"href":"https:\/\/www.medellin.gov.co\/es\/wp-json\/wp\/v2\/pages\/67696\/revisions\/89548"}],"wp:featuredmedia":[{"embeddable":true,"href":"https:\/\/www.medellin.gov.co\/es\/wp-json\/wp\/v2\/media\/61649"}],"wp:attachment":[{"href":"https:\/\/www.medellin.gov.co\/es\/wp-json\/wp\/v2\/media?parent=67696"}],"curies":[{"name":"wp","href":"https:\/\/api.w.org\/{rel}","templated":true}]}}