{"id":74489,"date":"2022-07-18T23:34:06","date_gmt":"2022-07-19T04:34:06","guid":{"rendered":"https:\/\/www.medellin.gov.co\/es\/?page_id=74489"},"modified":"2023-06-09T09:36:03","modified_gmt":"2023-06-09T14:36:03","slug":"que-estamos-haciendo-por-la-calidad-del-aire","status":"publish","type":"page","link":"https:\/\/www.medellin.gov.co\/es\/secretaria-medio-ambiente\/calidad-del-aire\/calidad-del-aire-en-medellin\/que-estamos-haciendo-por-la-calidad-del-aire\/","title":{"rendered":"\u00bfQu\u00e9 estamos haciendo por la calidad del aire?"},"content":{"rendered":"\t\t<div data-elementor-type=\"wp-page\" data-elementor-id=\"74489\" class=\"elementor elementor-74489\">\n\t\t\t\t\t\t<div class=\"elementor-inner\">\n\t\t\t\t<div class=\"elementor-section-wrap\">\n\t\t\t\t\t\t\t\t\t<section class=\"elementor-section elementor-top-section elementor-element elementor-element-e7a10f0 elementor-section-boxed elementor-section-height-default elementor-section-height-default\" data-id=\"e7a10f0\" data-element_type=\"section\">\n\t\t\t\t\t\t<div class=\"elementor-container elementor-column-gap-default\">\n\t\t\t\t\t\t\t<div class=\"elementor-row\">\n\t\t\t\t\t<div class=\"elementor-column elementor-col-100 elementor-top-column elementor-element elementor-element-bd0eb61\" data-id=\"bd0eb61\" data-element_type=\"column\">\n\t\t\t<div class=\"elementor-column-wrap elementor-element-populated\">\n\t\t\t\t\t\t\t<div class=\"elementor-widget-wrap\">\n\t\t\t\t\t\t<div class=\"elementor-element elementor-element-4b29994 elementor-widget elementor-widget-heading\" data-id=\"4b29994\" data-element_type=\"widget\" data-widget_type=\"heading.default\">\n\t\t\t\t<div class=\"elementor-widget-container\">\n\t\t\t<h1 class=\"elementor-heading-title elementor-size-default\">\u00bfQu\u00e9 estamos haciendo por la calidad del aire?<\/h1>\t\t<\/div>\n\t\t\t\t<\/div>\n\t\t\t\t<div class=\"elementor-element elementor-element-015db93 elementor-widget elementor-widget-text-editor\" data-id=\"015db93\" data-element_type=\"widget\" data-widget_type=\"text-editor.default\">\n\t\t\t\t<div class=\"elementor-widget-container\">\n\t\t\t\t\t\t\t\t<div class=\"elementor-text-editor elementor-clearfix\">\n\t\t\t\t<p><span style=\"font-weight: 400;\">Conoce las acciones que se est\u00e1n implementando en el Valle del Aburr\u00e1 para la <a href=\"https:\/\/www.medellin.gov.co\/es\/sala-de-prensa\/noticias\/problemas-ambientales-que-son-relevancia-y-los-23-mas-graves-que-estan-afectando-a-nuestro-planeta\/\">calidad del aire<\/a>.<\/span><\/p>\t\t\t\t\t<\/div>\n\t\t\t\t\t\t<\/div>\n\t\t\t\t<\/div>\n\t\t\t\t<div class=\"elementor-element elementor-element-13e727f elementor-widget elementor-widget-heading\" data-id=\"13e727f\" data-element_type=\"widget\" data-widget_type=\"heading.default\">\n\t\t\t\t<div class=\"elementor-widget-container\">\n\t\t\t<h2 class=\"elementor-heading-title elementor-size-default\"><b>Fortalecer nuestra Red de Monitoreo<\/b> de Calidad del Aire del \u00c1rea Metropolitana del Valle de Aburr\u00e1<\/h2>\t\t<\/div>\n\t\t\t\t<\/div>\n\t\t\t\t<div class=\"elementor-element elementor-element-3ab16d1 elementor-widget elementor-widget-image\" data-id=\"3ab16d1\" data-element_type=\"widget\" data-widget_type=\"image.default\">\n\t\t\t\t<div class=\"elementor-widget-container\">\n\t\t\t\t\t\t\t\t<div class=\"elementor-image\">\n\t\t\t\t\t\t\t\t\t\t\t\t<img width=\"1200\" height=\"675\" src=\"https:\/\/www.medellin.gov.co\/es\/wp-content\/uploads\/2022\/07\/20220707-Arquitectura-Urbanismo-1.jpg\" class=\"attachment-full size-full\" alt=\"La Playa y otros 4 proyectos de la Alcald\u00eda de Medell\u00edn fueron seleccionados para la Bienal Colombiana de Arquitectura y Urbanismo\" loading=\"lazy\" srcset=\"https:\/\/www.medellin.gov.co\/es\/wp-content\/uploads\/2022\/07\/20220707-Arquitectura-Urbanismo-1.jpg 1200w, https:\/\/www.medellin.gov.co\/es\/wp-content\/uploads\/2022\/07\/20220707-Arquitectura-Urbanismo-1-300x169.jpg 300w, https:\/\/www.medellin.gov.co\/es\/wp-content\/uploads\/2022\/07\/20220707-Arquitectura-Urbanismo-1-1024x576.jpg 1024w, https:\/\/www.medellin.gov.co\/es\/wp-content\/uploads\/2022\/07\/20220707-Arquitectura-Urbanismo-1-150x84.jpg 150w, https:\/\/www.medellin.gov.co\/es\/wp-content\/uploads\/2022\/07\/20220707-Arquitectura-Urbanismo-1-768x432.jpg 768w\" sizes=\"(max-width: 1200px) 100vw, 1200px\" \/>\t\t\t\t\t\t\t\t\t\t\t\t\t\t<\/div>\n\t\t\t\t\t\t<\/div>\n\t\t\t\t<\/div>\n\t\t\t\t<div class=\"elementor-element elementor-element-6b5dd35 elementor-widget elementor-widget-heading\" data-id=\"6b5dd35\" data-element_type=\"widget\" data-widget_type=\"heading.default\">\n\t\t\t\t<div class=\"elementor-widget-container\">\n\t\t\t<h3 class=\"elementor-heading-title elementor-size-default\">Estaciones de monitoreo del aire:<\/h3>\t\t<\/div>\n\t\t\t\t<\/div>\n\t\t\t\t<div class=\"elementor-element elementor-element-999ce66 elementor-widget elementor-widget-text-editor\" data-id=\"999ce66\" data-element_type=\"widget\" data-widget_type=\"text-editor.default\">\n\t\t\t\t<div class=\"elementor-widget-container\">\n\t\t\t\t\t\t\t\t<div class=\"elementor-text-editor elementor-clearfix\">\n\t\t\t\t<ul><li><span style=\"font-weight: 400;\"> El 51 % de las estaciones que hay en el pa\u00eds se encuentran en el Valle de Aburr\u00e1.<\/span><\/li><li><span style=\"font-weight: 400;\"> En el 2014 se empez\u00f3 el monitoreo con ocho estaciones.<\/span><\/li><li><span style=\"font-weight: 400;\"> Actualmente hay 22 estaciones que conforman la Red Metropolitana.<\/span><\/li><li><span style=\"font-weight: 400;\"> El Ideam acredit\u00f3 la Red de Monitoreo de Calidad del Aire del \u00c1rea Metropolitana del Valle de Aburr\u00e1.<\/span><\/li><\/ul>\t\t\t\t\t<\/div>\n\t\t\t\t\t\t<\/div>\n\t\t\t\t<\/div>\n\t\t\t\t<div class=\"elementor-element elementor-element-bdf26f5 elementor-widget elementor-widget-heading\" data-id=\"bdf26f5\" data-element_type=\"widget\" data-widget_type=\"heading.default\">\n\t\t\t\t<div class=\"elementor-widget-container\">\n\t\t\t<h2 class=\"elementor-heading-title elementor-size-default\"><b>Medell\u00edn ser\u00e1 Capital Latinoamericana<\/b> de Calidad del Aire del \u00c1rea Metropolitana de Movilidad El\u00e9ctrica<\/h2>\t\t<\/div>\n\t\t\t\t<\/div>\n\t\t\t\t<div class=\"elementor-element elementor-element-b9cb79e elementor-widget elementor-widget-image\" data-id=\"b9cb79e\" data-element_type=\"widget\" data-widget_type=\"image.default\">\n\t\t\t\t<div class=\"elementor-widget-container\">\n\t\t\t\t\t\t\t\t<div class=\"elementor-image\">\n\t\t\t\t\t\t\t\t\t\t\t\t<img width=\"1000\" height=\"450\" src=\"https:\/\/www.medellin.gov.co\/es\/wp-content\/uploads\/2022\/03\/20211025-gestion-ambiental-1-1.jpg\" class=\"attachment-full size-full\" alt=\"Gesti\u00f3n Ambiental\" loading=\"lazy\" srcset=\"https:\/\/www.medellin.gov.co\/es\/wp-content\/uploads\/2022\/03\/20211025-gestion-ambiental-1-1.jpg 1000w, https:\/\/www.medellin.gov.co\/es\/wp-content\/uploads\/2022\/03\/20211025-gestion-ambiental-1-1-300x135.jpg 300w, https:\/\/www.medellin.gov.co\/es\/wp-content\/uploads\/2022\/03\/20211025-gestion-ambiental-1-1-150x68.jpg 150w, https:\/\/www.medellin.gov.co\/es\/wp-content\/uploads\/2022\/03\/20211025-gestion-ambiental-1-1-768x346.jpg 768w\" sizes=\"(max-width: 1000px) 100vw, 1000px\" \/>\t\t\t\t\t\t\t\t\t\t\t\t\t\t<\/div>\n\t\t\t\t\t\t<\/div>\n\t\t\t\t<\/div>\n\t\t\t\t<div class=\"elementor-element elementor-element-5a9bb10 elementor-widget elementor-widget-text-editor\" data-id=\"5a9bb10\" data-element_type=\"widget\" data-widget_type=\"text-editor.default\">\n\t\t\t\t<div class=\"elementor-widget-container\">\n\t\t\t\t\t\t\t\t<div class=\"elementor-text-editor elementor-clearfix\">\n\t\t\t\t<ul><li><span style=\"font-weight: 400;\"> Ya est\u00e1n rodando por la ciudad 64 buses el\u00e9ctricos los cuales renovaron los 47 padrones que funcionan a gas.<\/span><\/li><li><span style=\"font-weight: 400;\"> 200 taxis el\u00e9ctricos, de los 1.500 que tendremos, ya est\u00e1n prestando su servicio.<\/span><\/li><li><span style=\"font-weight: 400;\"> Actualmente se cuenta en el Valle de Aburr\u00e1 con quince estaciones de GNV (Gas Natural Vehicular) en operaci\u00f3n.\u00a0\u00a0<\/span><\/li><li><span style=\"font-weight: 400;\"> Hay 33 estaciones el\u00e9ctricas al servicio: diecinueve de EPM, cuatro de Celsia y diez de Isa.<\/span><\/li><\/ul>\t\t\t\t\t<\/div>\n\t\t\t\t\t\t<\/div>\n\t\t\t\t<\/div>\n\t\t\t\t<div class=\"elementor-element elementor-element-3f903bb elementor-widget elementor-widget-heading\" data-id=\"3f903bb\" data-element_type=\"widget\" data-widget_type=\"heading.default\">\n\t\t\t\t<div class=\"elementor-widget-container\">\n\t\t\t<h3 class=\"elementor-heading-title elementor-size-default\">Renovaci\u00f3n flota buses:<\/h3>\t\t<\/div>\n\t\t\t\t<\/div>\n\t\t\t\t<div class=\"elementor-element elementor-element-d43737f elementor-widget elementor-widget-text-editor\" data-id=\"d43737f\" data-element_type=\"widget\" data-widget_type=\"text-editor.default\">\n\t\t\t\t<div class=\"elementor-widget-container\">\n\t\t\t\t\t\t\t\t<div class=\"elementor-text-editor elementor-clearfix\">\n\t\t\t\t<ul><li><span style=\"font-weight: 400;\"> 1319 veh\u00edculos tienen tecnolog\u00eda limpia en Medell\u00edn.<\/span><\/li><li><span style=\"font-weight: 400;\"> 823 veh\u00edculos han sido renovados en esta Administraci\u00f3n.<\/span><\/li><li><span style=\"font-weight: 400;\"> 553 veh\u00edculos son accesibles para personas con discapacidad.<\/span><\/li><li><span style=\"font-weight: 400;\"> 1017 veh\u00edculos tienen nueva imagen institucional.<\/span><\/li><\/ul>\t\t\t\t\t<\/div>\n\t\t\t\t\t\t<\/div>\n\t\t\t\t<\/div>\n\t\t\t\t<div class=\"elementor-element elementor-element-1620915 elementor-widget elementor-widget-heading\" data-id=\"1620915\" data-element_type=\"widget\" data-widget_type=\"heading.default\">\n\t\t\t\t<div class=\"elementor-widget-container\">\n\t\t\t<h3 class=\"elementor-heading-title elementor-size-default\">Renovaci\u00f3n volquetas del Municipio de Medell\u00edn<\/h3>\t\t<\/div>\n\t\t\t\t<\/div>\n\t\t\t\t<div class=\"elementor-element elementor-element-27c8970 elementor-widget elementor-widget-text-editor\" data-id=\"27c8970\" data-element_type=\"widget\" data-widget_type=\"text-editor.default\">\n\t\t\t\t<div class=\"elementor-widget-container\">\n\t\t\t\t\t\t\t\t<div class=\"elementor-text-editor elementor-clearfix\">\n\t\t\t\t<p><span style=\"font-weight: 400;\">Se dejaron de emitir 400 kg\/mes de PM2.5 y 2.5 t\/mes de \u00f3xidos nitrosos.<\/span><\/p>\t\t\t\t\t<\/div>\n\t\t\t\t\t\t<\/div>\n\t\t\t\t<\/div>\n\t\t\t\t<div class=\"elementor-element elementor-element-70b04f2 elementor-widget elementor-widget-text-editor\" data-id=\"70b04f2\" data-element_type=\"widget\" data-widget_type=\"text-editor.default\">\n\t\t\t\t<div class=\"elementor-widget-container\">\n\t\t\t\t\t\t\t\t<div class=\"elementor-text-editor elementor-clearfix\">\n\t\t\t\t<ul><li><span style=\"font-weight: 400;\"> 33 veh\u00edculos retirados.<\/span><\/li><li><span style=\"font-weight: 400;\"> 18 veh\u00edculos nuevos.<\/span><\/li><\/ul>\t\t\t\t\t<\/div>\n\t\t\t\t\t\t<\/div>\n\t\t\t\t<\/div>\n\t\t\t\t<div class=\"elementor-element elementor-element-6ed0c61 elementor-widget elementor-widget-heading\" data-id=\"6ed0c61\" data-element_type=\"widget\" data-widget_type=\"heading.default\">\n\t\t\t\t<div class=\"elementor-widget-container\">\n\t\t\t<h3 class=\"elementor-heading-title elementor-size-default\">Crecimiento parque automotor vs. poblaci\u00f3n en la \u00faltima d\u00e9cada:<\/h3>\t\t<\/div>\n\t\t\t\t<\/div>\n\t\t\t\t<div class=\"elementor-element elementor-element-e281e7c elementor-widget elementor-widget-text-editor\" data-id=\"e281e7c\" data-element_type=\"widget\" data-widget_type=\"text-editor.default\">\n\t\t\t\t<div class=\"elementor-widget-container\">\n\t\t\t\t\t\t\t\t<div class=\"elementor-text-editor elementor-clearfix\">\n\t\t\t\t<ul><li><span style=\"font-weight: 400;\"> 155 %<\/span><\/li><li><span style=\"font-weight: 400;\"> 287 % Motos<\/span><\/li><li><span style=\"font-weight: 400;\"> 10.4 % Poblaci\u00f3n<\/span><\/li><\/ul>\t\t\t\t\t<\/div>\n\t\t\t\t\t\t<\/div>\n\t\t\t\t<\/div>\n\t\t\t\t<div class=\"elementor-element elementor-element-6ac1765 elementor-widget elementor-widget-heading\" data-id=\"6ac1765\" data-element_type=\"widget\" data-widget_type=\"heading.default\">\n\t\t\t\t<div class=\"elementor-widget-container\">\n\t\t\t<h2 class=\"elementor-heading-title elementor-size-default\"><b>El ejemplo empieza<\/b> por casa<\/h2>\t\t<\/div>\n\t\t\t\t<\/div>\n\t\t\t\t<div class=\"elementor-element elementor-element-b5eb6e9 elementor-widget elementor-widget-image\" data-id=\"b5eb6e9\" data-element_type=\"widget\" data-widget_type=\"image.default\">\n\t\t\t\t<div class=\"elementor-widget-container\">\n\t\t\t\t\t\t\t\t<div class=\"elementor-image\">\n\t\t\t\t\t\t\t\t\t\t\t\t<img width=\"1000\" height=\"450\" src=\"https:\/\/www.medellin.gov.co\/es\/wp-content\/uploads\/2022\/03\/20201108-Dia-En-Bicicleta.jpg\" class=\"attachment-full size-full\" alt=\"D\u00eda en Bicicleta\" loading=\"lazy\" srcset=\"https:\/\/www.medellin.gov.co\/es\/wp-content\/uploads\/2022\/03\/20201108-Dia-En-Bicicleta.jpg 1000w, https:\/\/www.medellin.gov.co\/es\/wp-content\/uploads\/2022\/03\/20201108-Dia-En-Bicicleta-300x135.jpg 300w, https:\/\/www.medellin.gov.co\/es\/wp-content\/uploads\/2022\/03\/20201108-Dia-En-Bicicleta-150x68.jpg 150w, https:\/\/www.medellin.gov.co\/es\/wp-content\/uploads\/2022\/03\/20201108-Dia-En-Bicicleta-768x346.jpg 768w\" sizes=\"(max-width: 1000px) 100vw, 1000px\" \/>\t\t\t\t\t\t\t\t\t\t\t\t\t\t<\/div>\n\t\t\t\t\t\t<\/div>\n\t\t\t\t<\/div>\n\t\t\t\t<div class=\"elementor-element elementor-element-07192c1 elementor-widget elementor-widget-text-editor\" data-id=\"07192c1\" data-element_type=\"widget\" data-widget_type=\"text-editor.default\">\n\t\t\t\t<div class=\"elementor-widget-container\">\n\t\t\t\t\t\t\t\t<div class=\"elementor-text-editor elementor-clearfix\">\n\t\t\t\t<ul><li><span style=\"font-weight: 400;\"> 97 servidores llegan en bici al trabajo.<\/span><\/li><li><span style=\"font-weight: 400;\"> Se estima que, de octubre de 2017 a la fecha, ha habido 9.418 viajes en bicicleta.<\/span><\/li><li><span style=\"font-weight: 400;\"> Hay 213 teletrabajadores activos.<\/span><\/li><li><span style=\"font-weight: 400;\"> Y hay 856 funcionarios con horario flex.<\/span><\/li><\/ul>\t\t\t\t\t<\/div>\n\t\t\t\t\t\t<\/div>\n\t\t\t\t<\/div>\n\t\t\t\t<div class=\"elementor-element elementor-element-ad84589 elementor-widget elementor-widget-heading\" data-id=\"ad84589\" data-element_type=\"widget\" data-widget_type=\"heading.default\">\n\t\t\t\t<div class=\"elementor-widget-container\">\n\t\t\t<h3 class=\"elementor-heading-title elementor-size-default\">Como regi\u00f3n hemos fortalecido el transporte integrado<\/h3>\t\t<\/div>\n\t\t\t\t<\/div>\n\t\t\t\t<div class=\"elementor-element elementor-element-a5285d9 elementor-widget elementor-widget-text-editor\" data-id=\"a5285d9\" data-element_type=\"widget\" data-widget_type=\"text-editor.default\">\n\t\t\t\t<div class=\"elementor-widget-container\">\n\t\t\t\t\t\t\t\t<div class=\"elementor-text-editor elementor-clearfix\">\n\t\t\t\t<ul><li><span style=\"font-weight: 400;\"> Metro:<\/span><\/li><\/ul><p style=\"padding-left: 80px;\"><span style=\"font-weight: 400;\">80 trenes de tres coches.<\/span><\/p><p style=\"padding-left: 80px;\"><span style=\"font-weight: 400;\">770.000 pasajeros cada d\u00eda.<\/span><\/p><ul><li><span style=\"font-weight: 400;\"> Metrocables:<\/span><\/li><\/ul><p style=\"padding-left: 80px;\"><span style=\"font-weight: 400;\">Seis construidos.<\/span><\/p><p style=\"padding-left: 80px;\"><span style=\"font-weight: 400;\">M\u00e1s de 100.000 pasajeros cada d\u00eda.<\/span><\/p><ul><li><span style=\"font-weight: 400;\"> Tranv\u00eda Ayacucho:<\/span><\/li><\/ul><p style=\"padding-left: 80px;\"><span style=\"font-weight: 400;\">Doce tranv\u00edas.<\/span><\/p><p style=\"padding-left: 80px;\"><span style=\"font-weight: 400;\">45.000 pasajeros cada d\u00eda.<\/span><\/p><ul><li><span style=\"font-weight: 400;\"> Metropl\u00fas:<\/span><\/li><\/ul><p style=\"padding-left: 80px;\"><span style=\"font-weight: 400;\">Treinta buses articulados a gas y 47 buses padrones a gas natural.<\/span><\/p><p style=\"padding-left: 80px;\"><span style=\"font-weight: 400;\">142.000 pasajeros cada d\u00eda.<\/span><\/p><ul><li><span style=\"font-weight: 400;\"> EnCicla:<\/span><\/li><\/ul><p style=\"padding-left: 80px;\"><span style=\"font-weight: 400;\">52 estaciones en Medell\u00edn.<\/span><\/p><p style=\"padding-left: 80px;\"><span style=\"font-weight: 400;\">1200 bicicletas.<\/span><\/p><p style=\"padding-left: 80px;\"><span style=\"font-weight: 400;\">73 000 usuarios activados.<\/span><\/p><ul><li><span style=\"font-weight: 400;\"> Taxis:<\/span><\/li><\/ul><p style=\"padding-left: 80px;\"><span style=\"font-weight: 400;\">19.248 matriculados en Medell\u00edn.<\/span><\/p><p style=\"padding-left: 80px;\"><span style=\"font-weight: 400;\">29.502 transitan en el Valle de Aburr\u00e1.<\/span><\/p><p style=\"padding-left: 80px;\"><span style=\"font-weight: 400;\">11.000 pr\u00e9stamos diarios, en promedio.<\/span><\/p><ul><li><span style=\"font-weight: 400;\"> Ciclorrutas:<\/span><\/li><\/ul><p style=\"padding-left: 80px;\"><span style=\"font-weight: 400;\">80 kil\u00f3metros construidos.<\/span><\/p><p style=\"padding-left: 80px;\"><span style=\"font-weight: 400;\">700 biciparqueaderos nuevos entre 2016-2017.<\/span><\/p>\t\t\t\t\t<\/div>\n\t\t\t\t\t\t<\/div>\n\t\t\t\t<\/div>\n\t\t\t\t<div class=\"elementor-element elementor-element-1c2c8fe elementor-widget elementor-widget-heading\" data-id=\"1c2c8fe\" data-element_type=\"widget\" data-widget_type=\"heading.default\">\n\t\t\t\t<div class=\"elementor-widget-container\">\n\t\t\t<h2 class=\"elementor-heading-title elementor-size-default\"><b>Sustituimos cemento <\/b> por plantas y \u00e1rboles<\/h2>\t\t<\/div>\n\t\t\t\t<\/div>\n\t\t\t\t<div class=\"elementor-element elementor-element-ed57728 elementor-widget elementor-widget-text-editor\" data-id=\"ed57728\" data-element_type=\"widget\" data-widget_type=\"text-editor.default\">\n\t\t\t\t<div class=\"elementor-widget-container\">\n\t\t\t\t\t\t\t\t<div class=\"elementor-text-editor elementor-clearfix\">\n\t\t\t\t<ul><li><span style=\"font-weight: 400;\"> \u00a0 <\/span><span style=\"font-weight: 400;\">Hemos sembrado 866.330 \u00e1rboles.<\/span><\/li><li><span style=\"font-weight: 400;\"> \u00a0 Implementamos 8008 m2 de muros verdes en la ciudad.<\/span><\/li><li><span style=\"font-weight: 400;\"> \u00a0 Especies como zorro perruno, zarig\u00fceya orejiblanca, \u00e1guila crestada, colibr\u00ed rub\u00ed topacio y ardilla andina y colirroja no se avistaban en Medell\u00edn y hoy hacen parte de nuestro ecosistema.<\/span><\/li><li><span style=\"font-weight: 400;\"> \u00a0 Aumento de la poblaci\u00f3n mariposa monarca y amarilla.<\/span><\/li><li><span style=\"font-weight: 400;\"> \u00a0 Esta nueva especie se avist\u00f3 en la reserva Barcino en el corregimiento Altavista el d\u00eda once de septiembre de 2019.<\/span><\/li><\/ul>\t\t\t\t\t<\/div>\n\t\t\t\t\t\t<\/div>\n\t\t\t\t<\/div>\n\t\t\t\t<div class=\"elementor-element elementor-element-1d882bd pp-table-center elementor-widget elementor-widget-pp-table\" data-id=\"1d882bd\" data-element_type=\"widget\" data-settings=\"{&quot;table_type&quot;:&quot;responsive&quot;,&quot;scrollable&quot;:&quot;no&quot;}\" data-widget_type=\"pp-table.default\">\n\t\t\t\t<div class=\"elementor-widget-container\">\n\t\t\t\t\t<div class=\"pp-table-container\">\n\t\t\t<table \n\t\t\tclass=\"pp-table tablesaw\" data-tablesaw-mode=\"stack\"\t\t\t\t>\n\t\t\t\t\t\t\t<colgroup>\n\t\t\t\t\t\t\t\t<col\n\t\t\t\t\tspan=\"1\"\n\t\t\t\t\tclass=\"elementor-repeater-item-3a7c507\"\n\t\t\t\t\t\t\t\t\t\t\tstyle=\"\n\t\t\t\t\t\t\t\t\t\t\t\t\t\t\t\t\t\t\t\t\"\n\t\t\t\t\t\t\t\t\t\t>\n\t\t\t\t\t\t\t<\/colgroup>\n\t\t\t\t\t\t<thead>\n\t\t\t\t<tr class=\"pp-table-row\">\n\t\t\t\t\t<th class=\"pp-table-cell pp-table-cell-74c98b2\"><span class=\"pp-table-cell-content\"><span class=\"pp-table-cell-text\"><\/span><\/span><\/th><th class=\"pp-table-cell pp-table-cell-b00b3f4\"><span class=\"pp-table-cell-content\"><span class=\"pp-table-cell-text\">2016<\/span><\/span><\/th><th class=\"pp-table-cell pp-table-cell-f7bfd66\"><span class=\"pp-table-cell-content\"><span class=\"pp-table-cell-text\">2017<\/span><\/span><\/th><th class=\"pp-table-cell pp-table-cell-c844b74\"><span class=\"pp-table-cell-content\"><span class=\"pp-table-cell-text\">2018<\/span><\/span><\/th><th class=\"pp-table-cell pp-table-cell-1cf86f0\"><span class=\"pp-table-cell-content\"><span class=\"pp-table-cell-text\">2019<\/span><\/span><\/th><th class=\"pp-table-cell pp-table-cell-d0250a9\"><span class=\"pp-table-cell-content\"><span class=\"pp-table-cell-text\">total<\/span><\/span><\/th>\t\t\t\t<\/tr>\n\t\t\t<\/thead>\n\t\t\t\t\t<tfoot>\n\t\t\t<\/tr>\t\t<\/tfoot>\n\t\t\t\t<tbody>\n\t\t\t<tr><td class=\"pp-table-cell pp-table-cell-d861887\"><span class=\"pp-table-cell-content\"><span class=\"pp-table-cell-text\">N\u00famero de veh\u00edculos verificados<\/span><\/span><\/td><td class=\"pp-table-cell pp-table-cell-aed62cc\"><span class=\"pp-table-cell-content\"><span class=\"pp-table-cell-text\">17.377<\/span><\/span><\/td><td class=\"pp-table-cell pp-table-cell-b4db878\"><span class=\"pp-table-cell-content\"><span class=\"pp-table-cell-text\">26139<\/span><\/span><\/td><td class=\"pp-table-cell pp-table-cell-019f8a0\"><span class=\"pp-table-cell-content\"><span class=\"pp-table-cell-text\">22498<\/span><\/span><\/td><td class=\"pp-table-cell pp-table-cell-e620822\"><span class=\"pp-table-cell-content\"><span class=\"pp-table-cell-text\">30067<\/span><\/span><\/td><td class=\"pp-table-cell pp-table-cell-bcdc3cb\"><span class=\"pp-table-cell-content\"><span class=\"pp-table-cell-text\">96081<\/span><\/span><\/td><\/tr><tr><td class=\"pp-table-cell pp-table-cell-42da998\"><span class=\"pp-table-cell-content\"><span class=\"pp-table-cell-text\">Veh\u00edculos aprobados<\/span><\/span><\/td><td class=\"pp-table-cell pp-table-cell-7f41d21\"><span class=\"pp-table-cell-content\"><span class=\"pp-table-cell-text\">9445<\/span><\/span><\/td><td class=\"pp-table-cell pp-table-cell-511c90d\"><span class=\"pp-table-cell-content\"><span class=\"pp-table-cell-text\">16111<\/span><\/span><\/td><td class=\"pp-table-cell pp-table-cell-def588a\"><span class=\"pp-table-cell-content\"><span class=\"pp-table-cell-text\">14992<\/span><\/span><\/td><td class=\"pp-table-cell pp-table-cell-e096618\"><span class=\"pp-table-cell-content\"><span class=\"pp-table-cell-text\">18925<\/span><\/span><\/td><td class=\"pp-table-cell pp-table-cell-79b4888\"><span class=\"pp-table-cell-content\"><span class=\"pp-table-cell-text\">59483<\/span><\/span><\/td><\/tr><tr><td class=\"pp-table-cell pp-table-cell-2029140\"><span class=\"pp-table-cell-content\"><span class=\"pp-table-cell-text\">Veh\u00edculos rechazados<\/span><\/span><\/td><td class=\"pp-table-cell pp-table-cell-f622093\"><span class=\"pp-table-cell-content\"><span class=\"pp-table-cell-text\">7932<\/span><\/span><\/td><td class=\"pp-table-cell pp-table-cell-487de33\"><span class=\"pp-table-cell-content\"><span class=\"pp-table-cell-text\">10028<\/span><\/span><\/td><td class=\"pp-table-cell pp-table-cell-9347005\"><span class=\"pp-table-cell-content\"><span class=\"pp-table-cell-text\">7506<\/span><\/span><\/td><td class=\"pp-table-cell pp-table-cell-7592b95\"><span class=\"pp-table-cell-content\"><span class=\"pp-table-cell-text\">11142<\/span><\/span><\/td><td class=\"pp-table-cell pp-table-cell-2037438\"><span class=\"pp-table-cell-content\"><span class=\"pp-table-cell-text\">36608<\/span><\/span><\/td><\/tr><tr><td class=\"pp-table-cell pp-table-cell-58af20b\"><span class=\"pp-table-cell-content\"><span class=\"pp-table-cell-text\">Porcentaje de rechazo<\/span><\/span><\/td><td class=\"pp-table-cell pp-table-cell-c132450\"><span class=\"pp-table-cell-content\"><span class=\"pp-table-cell-text\">46%<\/span><\/span><\/td><td class=\"pp-table-cell pp-table-cell-b19cfc5\"><span class=\"pp-table-cell-content\"><span class=\"pp-table-cell-text\">38%<\/span><\/span><\/td><td class=\"pp-table-cell pp-table-cell-d2cc894\"><span class=\"pp-table-cell-content\"><span class=\"pp-table-cell-text\">33%<\/span><\/span><\/td><td class=\"pp-table-cell pp-table-cell-12270f8\"><span class=\"pp-table-cell-content\"><span class=\"pp-table-cell-text\">37%<\/span><\/span><\/td><td class=\"pp-table-cell pp-table-cell-f2aafdc\"><span class=\"pp-table-cell-content\"><span class=\"pp-table-cell-text\">39%<\/span><\/span><\/td><\/tr>\t\t<\/tbody>\n\t\t\t\t\t<\/table>\n\t\t<\/div>\n\t\t\t\t<\/div>\n\t\t\t\t<\/div>\n\t\t\t\t<div class=\"elementor-element elementor-element-544da2c elementor-widget elementor-widget-text-editor\" data-id=\"544da2c\" data-element_type=\"widget\" data-widget_type=\"text-editor.default\">\n\t\t\t\t<div class=\"elementor-widget-container\">\n\t\t\t\t\t\t\t\t<div class=\"elementor-text-editor elementor-clearfix\">\n\t\t\t\t<p><span style=\"font-weight: 400;\">Se ha presentado una disminuci\u00f3n del porcentaje de rechazo, evidenciando el compromiso de la ciudadan\u00eda, mejorando las condiciones de los veh\u00edculos.<\/span><\/p>\t\t\t\t\t<\/div>\n\t\t\t\t\t\t<\/div>\n\t\t\t\t<\/div>\n\t\t\t\t\t\t<\/div>\n\t\t\t\t\t<\/div>\n\t\t<\/div>\n\t\t\t\t\t\t\t\t<\/div>\n\t\t\t\t\t<\/div>\n\t\t<\/section>\n\t\t\t\t\t\t\t\t\t<\/div>\n\t\t\t<\/div>\n\t\t\t\t\t<\/div>\n\t\t","protected":false},"excerpt":{"rendered":"<p>\u00bfQu\u00e9 estamos haciendo por la calidad del aire? Conoce las acciones que se est\u00e1n implementando en el Valle del Aburr\u00e1 para la calidad del aire. Fortalecer nuestra Red de Monitoreo de Calidad del Aire del &#8230;<\/p>\n","protected":false},"author":4,"featured_media":15525,"parent":74319,"menu_order":5,"comment_status":"closed","ping_status":"closed","template":"sec-medio-ambiente\/elementor.php","meta":[],"acf":[],"_links":{"self":[{"href":"https:\/\/www.medellin.gov.co\/es\/wp-json\/wp\/v2\/pages\/74489"}],"collection":[{"href":"https:\/\/www.medellin.gov.co\/es\/wp-json\/wp\/v2\/pages"}],"about":[{"href":"https:\/\/www.medellin.gov.co\/es\/wp-json\/wp\/v2\/types\/page"}],"author":[{"embeddable":true,"href":"https:\/\/www.medellin.gov.co\/es\/wp-json\/wp\/v2\/users\/4"}],"replies":[{"embeddable":true,"href":"https:\/\/www.medellin.gov.co\/es\/wp-json\/wp\/v2\/comments?post=74489"}],"version-history":[{"count":10,"href":"https:\/\/www.medellin.gov.co\/es\/wp-json\/wp\/v2\/pages\/74489\/revisions"}],"predecessor-version":[{"id":206055,"href":"https:\/\/www.medellin.gov.co\/es\/wp-json\/wp\/v2\/pages\/74489\/revisions\/206055"}],"up":[{"embeddable":true,"href":"https:\/\/www.medellin.gov.co\/es\/wp-json\/wp\/v2\/pages\/74319"}],"wp:featuredmedia":[{"embeddable":true,"href":"https:\/\/www.medellin.gov.co\/es\/wp-json\/wp\/v2\/media\/15525"}],"wp:attachment":[{"href":"https:\/\/www.medellin.gov.co\/es\/wp-json\/wp\/v2\/media?parent=74489"}],"curies":[{"name":"wp","href":"https:\/\/api.w.org\/{rel}","templated":true}]}}