{"id":78497,"date":"2022-07-27T09:34:21","date_gmt":"2022-07-27T14:34:21","guid":{"rendered":"https:\/\/www.medellin.gov.co\/es\/?page_id=78497"},"modified":"2023-08-15T09:47:22","modified_gmt":"2023-08-15T14:47:22","slug":"servicios-para-usuarios-logueados-salud","status":"publish","type":"page","link":"https:\/\/www.medellin.gov.co\/es\/servicios-para-usuarios-logueados-salud\/","title":{"rendered":"Servicios para usuarios logueados &#8211; Salud"},"content":{"rendered":"\t\t<div data-elementor-type=\"wp-page\" data-elementor-id=\"78497\" class=\"elementor elementor-78497\">\n\t\t\t\t\t\t<div class=\"elementor-inner\">\n\t\t\t\t<div class=\"elementor-section-wrap\">\n\t\t\t\t\t\t\t\t\t<section class=\"elementor-section elementor-top-section elementor-element elementor-element-55e52a6 elementor-section-boxed elementor-section-height-default elementor-section-height-default\" data-id=\"55e52a6\" data-element_type=\"section\">\n\t\t\t\t\t\t<div class=\"elementor-container elementor-column-gap-default\">\n\t\t\t\t\t\t\t<div class=\"elementor-row\">\n\t\t\t\t\t<div class=\"elementor-column elementor-col-100 elementor-top-column elementor-element elementor-element-f4bbeec\" data-id=\"f4bbeec\" data-element_type=\"column\">\n\t\t\t<div class=\"elementor-column-wrap elementor-element-populated\">\n\t\t\t\t\t\t\t<div class=\"elementor-widget-wrap\">\n\t\t\t\t\t\t<div class=\"elementor-element elementor-element-5d33727 elementor-widget elementor-widget-heading\" data-id=\"5d33727\" data-element_type=\"widget\" data-widget_type=\"heading.default\">\n\t\t\t\t<div class=\"elementor-widget-container\">\n\t\t\t<h1 class=\"elementor-heading-title elementor-size-default\">Servicios especiales para usuarios logueados - Secretar\u00eda de Salud<\/h1>\t\t<\/div>\n\t\t\t\t<\/div>\n\t\t\t\t<div class=\"elementor-element elementor-element-fa7e56d elementor-widget elementor-widget-text-editor\" data-id=\"fa7e56d\" data-element_type=\"widget\" data-widget_type=\"text-editor.default\">\n\t\t\t\t<div class=\"elementor-widget-container\">\n\t\t\t\t\t\t\t\t<div class=\"elementor-text-editor elementor-clearfix\">\n\t\t\t\t<p>Conoce los servicios especiales que tiene la Secretar\u00eda de Salud para funcionarios, contratistas y proveedores. Ingresa con tu usuario y contrase\u00f1a para realizar tu gesti\u00f3n.\u00a0<\/p>\t\t\t\t\t<\/div>\n\t\t\t\t\t\t<\/div>\n\t\t\t\t<\/div>\n\t\t\t\t<div class=\"elementor-element elementor-element-98c0cae elementor-widget elementor-widget-text-editor\" data-id=\"98c0cae\" data-element_type=\"widget\" data-widget_type=\"text-editor.default\">\n\t\t\t\t<div class=\"elementor-widget-container\">\n\t\t\t\t\t\t\t\t<div class=\"elementor-text-editor elementor-clearfix\">\n\t\t\t\t<ul><li><a href=\"https:\/\/www.medellin.gov.co\/irj\/portal\/medellin?NavigationTarget=contenido\/7560-Guia-tecnica-en-salud-para-eventos-de-aglomeracion-en-el-municipio-de-Medellin\" target=\"_blank\" rel=\"noopener\"><span style=\"font-weight: 400;\">Gu\u00eda t\u00e9cnica para la atenci\u00f3n prehospitalaria y de inspecci\u00f3n, vigilancia y control sanitario en eventos con aglomeraci\u00f3n de p\u00fablico en el municipio de Medell\u00edn<\/span><\/a><\/li><li><a href=\"https:\/\/www.medellin.gov.co\/irj\/portal\/medellin?NavigationTarget=contenido\/7562-SIRFRH1---Reporte-Formulario-RH1\" target=\"_blank\" rel=\"noopener\">Reporte formulario RH1<\/a><\/li><li><a href=\"https:\/\/www.medellin.gov.co\/irj\/portal\/medellin?NavigationTarget=contenido\/7558-Consulta-de-Poblacion-No-Cubierta-con-Subsidio\" target=\"_blank\" rel=\"noopener\">Consulta de poblaci\u00f3n no cubierta con subsidio<\/a><\/li><li><a href=\"https:\/\/www.medellin.gov.co\/irj\/portal\/medellin?NavigationTarget=navurl:\/\/dc91e633927c992023ac60d350900d94\" target=\"_blank\" rel=\"noopener\">Administraci\u00f3n de salud hogar<\/a><\/li><li><a href=\"https:\/\/www.medellin.gov.co\/irj\/portal\/medellin?NavigationTarget=navurl:\/\/f285e73c1d5cdbbbc8b1c0a25b147b09\" target=\"_blank\" rel=\"noopener\">Registro de cl\u00ednica veterinaria o conexo<\/a><\/li><li><a href=\"https:\/\/www.medellin.gov.co\/irj\/portal\/medellin?NavigationTarget=navurl:\/\/8c925d8ccaa9eb6fff6c77295a77df6a\" target=\"_blank\" rel=\"noopener\">Administrar cl\u00ednica veterinaria<\/a><\/li><li><a href=\"https:\/\/www.medellin.gov.co\/irj\/portal\/medellin?NavigationTarget=navurl:\/\/a69c764e6c6203a92df31c6d3f5dd327\" target=\"_blank\" rel=\"noopener\">Auditor\u00eda de cl\u00ednicas veterinarias o conexos<\/a><\/li><li><a href=\"https:\/\/www.medellin.gov.co\/irj\/portal\/medellin?NavigationTarget=navurl:\/\/d490a4df32ee1f458c286c5298cfe588\" target=\"_blank\" rel=\"noopener\">Sivicof M\u00f3vil Vigilancia y Control<\/a><\/li><li><a href=\"https:\/\/www.medellin.gov.co\/irj\/portal\/medellin?NavigationTarget=navurl:\/\/3b485faeefa0e522ce910adf001c5886\" target=\"_blank\" rel=\"noopener\">Generaci\u00f3n de Certificados de Epidemiolog\u00eda<\/a><\/li><li><a href=\"https:\/\/www.medellin.gov.co\/irj\/portal\/medellin?NavigationTarget=navurl:\/\/67f9c55acb4f80bebebd2cb9b3a790d2\" target=\"_blank\" rel=\"noopener\">Administraci\u00f3n Delegada de Usuarios SISAPS<\/a><\/li><li><a href=\"https:\/\/www.medellin.gov.co\/irj\/portal\/medellin?NavigationTarget=navurl:\/\/21ad90724e4183426402badb6d13aac6\" target=\"_blank\" rel=\"noopener\">Administraci\u00f3n Delegada de Usuarios Salud Hogar<\/a><\/li><li><a href=\"https:\/\/www.medellin.gov.co\/irj\/portal\/medellin?NavigationTarget=navurl:\/\/113cccc223f10ba6ed9d87f2381baeb0\" target=\"_blank\" rel=\"noopener\">Administraci\u00f3n Salud Hogar &#8211; Capacitaci\u00f3n<\/a><\/li><li><a href=\"https:\/\/www.medellin.gov.co\/irj\/portal\/medellin?NavigationTarget=navurl:\/\/3f2900c4f757865d33e5dc377dfedc75\" target=\"_blank\" rel=\"noopener\">Acceso SISAPS<\/a><\/li><li><a href=\"https:\/\/www.medellin.gov.co\/irj\/portal\/medellin?NavigationTarget=navurl:\/\/48e560d4ba7bfd79c86ba90b0605aef4\" target=\"_blank\" rel=\"noopener\">Afiliaci\u00f3n al r\u00e9gimen subsidiado<\/a><\/li><li><a href=\"https:\/\/www.medellin.gov.co\/irj\/portal\/medellin?NavigationTarget=navurl:\/\/3805f8bb326cd646437c4db7b295375a\" target=\"_blank\" rel=\"noopener\">Administrar ERP<\/a><\/li><li><a href=\"https:\/\/www.medellin.gov.co\/irj\/portal\/medellin?NavigationTarget=navurl:\/\/462bf92856a6ef33c97b42bb78b71bcb\" target=\"_blank\" rel=\"noopener\">Administrar IPS<\/a><\/li><li><a href=\"https:\/\/www.medellin.gov.co\/irj\/portal\/medellin?NavigationTarget=navurl:\/\/8ba7c471caad00700be91e097adc8ec3\" target=\"_blank\" rel=\"noopener\">Administrar IVC<\/a><\/li><li><a href=\"https:\/\/www.medellin.gov.co\/irj\/portal\/medellin?NavigationTarget=navurl:\/\/2cf79372d0f1b22175b3270b3ab77ce4\" target=\"_blank\" rel=\"noopener\">Registro ERP<\/a><\/li><li><a href=\"https:\/\/www.medellin.gov.co\/irj\/portal\/medellin?NavigationTarget=navurl:\/\/fd1bbef420cf74fbe348a1e51328d5ca\" target=\"_blank\" rel=\"noopener\">Registro IPS<\/a><\/li><li><a href=\"https:\/\/www.medellin.gov.co\/irj\/portal\/medellin?NavigationTarget=navurl:\/\/4a8ab52e018510a715a9e87a0b268b95\" target=\"_blank\" rel=\"noopener\">Administraci\u00f3n Delegada de Usuarios<\/a><\/li><\/ul>\t\t\t\t\t<\/div>\n\t\t\t\t\t\t<\/div>\n\t\t\t\t<\/div>\n\t\t\t\t\t\t<\/div>\n\t\t\t\t\t<\/div>\n\t\t<\/div>\n\t\t\t\t\t\t\t\t<\/div>\n\t\t\t\t\t<\/div>\n\t\t<\/section>\n\t\t\t\t\t\t\t\t\t<\/div>\n\t\t\t<\/div>\n\t\t\t\t\t<\/div>\n\t\t","protected":false},"excerpt":{"rendered":"<p>Servicios especiales para usuarios logueados &#8211; Secretar\u00eda de Salud Conoce los servicios especiales que tiene la Secretar\u00eda de Salud para funcionarios, contratistas y proveedores. Ingresa con tu usuario y contrase\u00f1a para realizar tu gesti\u00f3n.\u00a0 Gu\u00eda &#8230;<\/p>\n","protected":false},"author":1,"featured_media":0,"parent":0,"menu_order":0,"comment_status":"closed","ping_status":"closed","template":"vistas-tramites-y-servicios\/plantilla_elementor.php","meta":[],"acf":[],"_links":{"self":[{"href":"https:\/\/www.medellin.gov.co\/es\/wp-json\/wp\/v2\/pages\/78497"}],"collection":[{"href":"https:\/\/www.medellin.gov.co\/es\/wp-json\/wp\/v2\/pages"}],"about":[{"href":"https:\/\/www.medellin.gov.co\/es\/wp-json\/wp\/v2\/types\/page"}],"author":[{"embeddable":true,"href":"https:\/\/www.medellin.gov.co\/es\/wp-json\/wp\/v2\/users\/1"}],"replies":[{"embeddable":true,"href":"https:\/\/www.medellin.gov.co\/es\/wp-json\/wp\/v2\/comments?post=78497"}],"version-history":[{"count":8,"href":"https:\/\/www.medellin.gov.co\/es\/wp-json\/wp\/v2\/pages\/78497\/revisions"}],"predecessor-version":[{"id":238952,"href":"https:\/\/www.medellin.gov.co\/es\/wp-json\/wp\/v2\/pages\/78497\/revisions\/238952"}],"wp:attachment":[{"href":"https:\/\/www.medellin.gov.co\/es\/wp-json\/wp\/v2\/media?parent=78497"}],"curies":[{"name":"wp","href":"https:\/\/api.w.org\/{rel}","templated":true}]}}