{"id":78573,"date":"2022-07-27T10:45:03","date_gmt":"2022-07-27T15:45:03","guid":{"rendered":"https:\/\/www.medellin.gov.co\/es\/?page_id=78573"},"modified":"2022-10-04T08:39:26","modified_gmt":"2022-10-04T13:39:26","slug":"requisitos-de-participacion","status":"publish","type":"page","link":"https:\/\/www.medellin.gov.co\/es\/secretaria-de-movilidad\/convocatoria-taxis-electricos\/requisitos-de-participacion\/","title":{"rendered":"Requisitos de participaci\u00f3n- Convocatoria taxis el\u00e9ctricos"},"content":{"rendered":"\t\t<div data-elementor-type=\"wp-page\" data-elementor-id=\"78573\" class=\"elementor elementor-78573\">\n\t\t\t\t\t\t<div class=\"elementor-inner\">\n\t\t\t\t<div class=\"elementor-section-wrap\">\n\t\t\t\t\t\t\t\t\t<section class=\"elementor-section elementor-top-section elementor-element elementor-element-ff4d848 elementor-section-boxed elementor-section-height-default elementor-section-height-default\" data-id=\"ff4d848\" data-element_type=\"section\">\n\t\t\t\t\t\t<div class=\"elementor-container elementor-column-gap-default\">\n\t\t\t\t\t\t\t<div class=\"elementor-row\">\n\t\t\t\t\t<div class=\"elementor-column elementor-col-100 elementor-top-column elementor-element elementor-element-d80e067\" data-id=\"d80e067\" data-element_type=\"column\">\n\t\t\t<div class=\"elementor-column-wrap elementor-element-populated\">\n\t\t\t\t\t\t\t<div class=\"elementor-widget-wrap\">\n\t\t\t\t\t\t<div class=\"elementor-element elementor-element-6689867 elementor-widget elementor-widget-heading\" data-id=\"6689867\" data-element_type=\"widget\" data-widget_type=\"heading.default\">\n\t\t\t\t<div class=\"elementor-widget-container\">\n\t\t\t<h1 class=\"elementor-heading-title elementor-size-default\">Requisitos de participaci\u00f3n para la convocatoria de taxis el\u00e9ctricos de Medell\u00edn<\/h1>\t\t<\/div>\n\t\t\t\t<\/div>\n\t\t\t\t<section class=\"elementor-section elementor-inner-section elementor-element elementor-element-9372e60 elementor-section-boxed elementor-section-height-default elementor-section-height-default\" data-id=\"9372e60\" data-element_type=\"section\">\n\t\t\t\t\t\t<div class=\"elementor-container elementor-column-gap-default\">\n\t\t\t\t\t\t\t<div class=\"elementor-row\">\n\t\t\t\t\t<div class=\"elementor-column elementor-col-50 elementor-inner-column elementor-element elementor-element-d23a4c3\" data-id=\"d23a4c3\" data-element_type=\"column\">\n\t\t\t<div class=\"elementor-column-wrap elementor-element-populated\">\n\t\t\t\t\t\t\t<div class=\"elementor-widget-wrap\">\n\t\t\t\t\t\t<div class=\"elementor-element elementor-element-45ce652 elementor-widget elementor-widget-text-editor\" data-id=\"45ce652\" data-element_type=\"widget\" data-widget_type=\"text-editor.default\">\n\t\t\t\t<div class=\"elementor-widget-container\">\n\t\t\t\t\t\t\t\t<div class=\"elementor-text-editor elementor-clearfix\">\n\t\t\t\t<p>Las personas naturales y jur\u00eddicas interesadas en participar de la convocatoria p\u00fablica por medio de la cual se asignar\u00e1n hasta 500 matr\u00edculas para la prestaci\u00f3n del servicio p\u00fablico<br \/>de transporte terrestre individual de pasajeros mediante veh\u00edculos el\u00e9ctricos deber\u00e1n vincular al proyecto con operaci\u00f3n piloto hasta 500 veh\u00edculos de combusti\u00f3n tradicional de su propiedad que cumplan los siguientes requisitos:<\/p>\t\t\t\t\t<\/div>\n\t\t\t\t\t\t<\/div>\n\t\t\t\t<\/div>\n\t\t\t\t\t\t<\/div>\n\t\t\t\t\t<\/div>\n\t\t<\/div>\n\t\t\t\t<div class=\"elementor-column elementor-col-50 elementor-inner-column elementor-element elementor-element-1d5de89\" data-id=\"1d5de89\" data-element_type=\"column\">\n\t\t\t<div class=\"elementor-column-wrap elementor-element-populated\">\n\t\t\t\t\t\t\t<div class=\"elementor-widget-wrap\">\n\t\t\t\t\t\t<div class=\"elementor-element elementor-element-2d447c7 elementor-widget elementor-widget-image\" data-id=\"2d447c7\" data-element_type=\"widget\" data-widget_type=\"image.default\">\n\t\t\t\t<div class=\"elementor-widget-container\">\n\t\t\t\t\t\t\t\t<div class=\"elementor-image\">\n\t\t\t\t\t\t\t\t\t\t\t\t<img width=\"333\" height=\"98\" src=\"https:\/\/www.medellin.gov.co\/es\/wp-content\/uploads\/2022\/07\/Legado-Verde-1.png\" class=\"attachment-large size-large\" alt=\"Logo Legado Verde\" loading=\"lazy\" srcset=\"https:\/\/www.medellin.gov.co\/es\/wp-content\/uploads\/2022\/07\/Legado-Verde-1.png 333w, https:\/\/www.medellin.gov.co\/es\/wp-content\/uploads\/2022\/07\/Legado-Verde-1-300x88.png 300w, https:\/\/www.medellin.gov.co\/es\/wp-content\/uploads\/2022\/07\/Legado-Verde-1-150x44.png 150w\" sizes=\"(max-width: 333px) 100vw, 333px\" \/>\t\t\t\t\t\t\t\t\t\t\t\t\t\t<\/div>\n\t\t\t\t\t\t<\/div>\n\t\t\t\t<\/div>\n\t\t\t\t\t\t<\/div>\n\t\t\t\t\t<\/div>\n\t\t<\/div>\n\t\t\t\t\t\t\t\t<\/div>\n\t\t\t\t\t<\/div>\n\t\t<\/section>\n\t\t\t\t<div class=\"elementor-element elementor-element-008ce1c elementor-widget elementor-widget-text-editor\" data-id=\"008ce1c\" data-element_type=\"widget\" data-widget_type=\"text-editor.default\">\n\t\t\t\t<div class=\"elementor-widget-container\">\n\t\t\t\t\t\t\t\t<div class=\"elementor-text-editor elementor-clearfix\">\n\t\t\t\t<ol><li>La capacidad transportadora y el veh\u00edculo deben pertenecer al mismo propietario.<\/li><li>El veh\u00edculo se encuentre matriculado en la Secretar\u00eda de Movilidad de Medell\u00edn.<\/li><li>El veh\u00edculo se encuentre vinculado a una empresa de transporte habilitada en la ciudad de Medell\u00edn.<\/li><li>El veh\u00edculo haya prestado como m\u00ednimo cinco (5) a\u00f1os continuos o discontinuos el<br \/>servicio de transporte p\u00fablico terrestre individual de pasajeros.<\/li><li>El veh\u00edculo cuente con seguro obligatorio de accidentes de tr\u00e1nsito &#8211; SOAT vigente.<\/li><li>El veh\u00edculo cuente con certificado de revisi\u00f3n t\u00e9cnico mec\u00e1nica y emisiones<br \/>contaminantes \u2013 RTM vigente.<\/li><li>El veh\u00edculo cuente con tarjeta de operaci\u00f3n vigente.<\/li><li>El veh\u00edculo cuente con p\u00f3lizas de responsabilidad civil contractual y<br \/>extracontractual vigentes.<\/li><li>El veh\u00edculo no tenga registrado garant\u00edas reales y\/o limitaciones al derecho de<br \/>propiedad vigentes.<\/li><li>La capacidad transportadora y el veh\u00edculo no tenga pleitos pendientes en procesos administrativos y\/o judiciales que pueda generar el cambio de propietario como consecuencia de la decisi\u00f3n de la autoridad competente.<\/li><\/ol>\t\t\t\t\t<\/div>\n\t\t\t\t\t\t<\/div>\n\t\t\t\t<\/div>\n\t\t\t\t<div class=\"elementor-element elementor-element-48e1958 elementor-widget elementor-widget-image\" data-id=\"48e1958\" data-element_type=\"widget\" data-widget_type=\"image.default\">\n\t\t\t\t<div class=\"elementor-widget-container\">\n\t\t\t\t\t\t\t\t<div class=\"elementor-image\">\n\t\t\t\t\t\t\t\t\t\t\t\t<img width=\"1024\" height=\"683\" src=\"https:\/\/www.medellin.gov.co\/es\/wp-content\/uploads\/2022\/07\/Taxi-Electrico-5.jpg\" class=\"attachment-large size-large\" alt=\"Taxis el\u00e9ctricos\" loading=\"lazy\" srcset=\"https:\/\/www.medellin.gov.co\/es\/wp-content\/uploads\/2022\/07\/Taxi-Electrico-5.jpg 1024w, https:\/\/www.medellin.gov.co\/es\/wp-content\/uploads\/2022\/07\/Taxi-Electrico-5-300x200.jpg 300w, https:\/\/www.medellin.gov.co\/es\/wp-content\/uploads\/2022\/07\/Taxi-Electrico-5-150x100.jpg 150w, https:\/\/www.medellin.gov.co\/es\/wp-content\/uploads\/2022\/07\/Taxi-Electrico-5-768x512.jpg 768w\" sizes=\"(max-width: 1024px) 100vw, 1024px\" \/>\t\t\t\t\t\t\t\t\t\t\t\t\t\t<\/div>\n\t\t\t\t\t\t<\/div>\n\t\t\t\t<\/div>\n\t\t\t\t\t\t<\/div>\n\t\t\t\t\t<\/div>\n\t\t<\/div>\n\t\t\t\t\t\t\t\t<\/div>\n\t\t\t\t\t<\/div>\n\t\t<\/section>\n\t\t\t\t\t\t\t\t\t<\/div>\n\t\t\t<\/div>\n\t\t\t\t\t<\/div>\n\t\t","protected":false},"excerpt":{"rendered":"<p>Requisitos de participaci\u00f3n para la convocatoria de taxis el\u00e9ctricos de Medell\u00edn Las personas naturales y jur\u00eddicas interesadas en participar de la convocatoria p\u00fablica por medio de la cual se asignar\u00e1n hasta 500 matr\u00edculas para la &#8230;<\/p>\n","protected":false},"author":21,"featured_media":16466,"parent":77339,"menu_order":0,"comment_status":"closed","ping_status":"closed","template":"sec-movilidad\/elementor.php","meta":[],"acf":[],"_links":{"self":[{"href":"https:\/\/www.medellin.gov.co\/es\/wp-json\/wp\/v2\/pages\/78573"}],"collection":[{"href":"https:\/\/www.medellin.gov.co\/es\/wp-json\/wp\/v2\/pages"}],"about":[{"href":"https:\/\/www.medellin.gov.co\/es\/wp-json\/wp\/v2\/types\/page"}],"author":[{"embeddable":true,"href":"https:\/\/www.medellin.gov.co\/es\/wp-json\/wp\/v2\/users\/21"}],"replies":[{"embeddable":true,"href":"https:\/\/www.medellin.gov.co\/es\/wp-json\/wp\/v2\/comments?post=78573"}],"version-history":[{"count":11,"href":"https:\/\/www.medellin.gov.co\/es\/wp-json\/wp\/v2\/pages\/78573\/revisions"}],"predecessor-version":[{"id":112818,"href":"https:\/\/www.medellin.gov.co\/es\/wp-json\/wp\/v2\/pages\/78573\/revisions\/112818"}],"up":[{"embeddable":true,"href":"https:\/\/www.medellin.gov.co\/es\/wp-json\/wp\/v2\/pages\/77339"}],"wp:featuredmedia":[{"embeddable":true,"href":"https:\/\/www.medellin.gov.co\/es\/wp-json\/wp\/v2\/media\/16466"}],"wp:attachment":[{"href":"https:\/\/www.medellin.gov.co\/es\/wp-json\/wp\/v2\/media?parent=78573"}],"curies":[{"name":"wp","href":"https:\/\/api.w.org\/{rel}","templated":true}]}}