{"id":78605,"date":"2022-07-27T11:20:50","date_gmt":"2022-07-27T16:20:50","guid":{"rendered":"https:\/\/www.medellin.gov.co\/es\/?page_id=78605"},"modified":"2022-10-04T08:40:15","modified_gmt":"2022-10-04T13:40:15","slug":"terminos-de-participacion","status":"publish","type":"page","link":"https:\/\/www.medellin.gov.co\/es\/secretaria-de-movilidad\/convocatoria-taxis-electricos\/terminos-de-participacion\/","title":{"rendered":"T\u00e9rminos de participaci\u00f3n &#8211; Convocatoria taxis el\u00e9ctricos"},"content":{"rendered":"\t\t<div data-elementor-type=\"wp-page\" data-elementor-id=\"78605\" class=\"elementor elementor-78605\">\n\t\t\t\t\t\t<div class=\"elementor-inner\">\n\t\t\t\t<div class=\"elementor-section-wrap\">\n\t\t\t\t\t\t\t\t\t<section class=\"elementor-section elementor-top-section elementor-element elementor-element-13d15cf elementor-section-boxed elementor-section-height-default elementor-section-height-default\" data-id=\"13d15cf\" data-element_type=\"section\">\n\t\t\t\t\t\t<div class=\"elementor-container elementor-column-gap-default\">\n\t\t\t\t\t\t\t<div class=\"elementor-row\">\n\t\t\t\t\t<div class=\"elementor-column elementor-col-100 elementor-top-column elementor-element elementor-element-aaa6461\" data-id=\"aaa6461\" data-element_type=\"column\">\n\t\t\t<div class=\"elementor-column-wrap elementor-element-populated\">\n\t\t\t\t\t\t\t<div class=\"elementor-widget-wrap\">\n\t\t\t\t\t\t<div class=\"elementor-element elementor-element-60a19e9 elementor-widget elementor-widget-heading\" data-id=\"60a19e9\" data-element_type=\"widget\" data-widget_type=\"heading.default\">\n\t\t\t\t<div class=\"elementor-widget-container\">\n\t\t\t<h1 class=\"elementor-heading-title elementor-size-default\">T\u00e9rminos y condiciones de la convocatoria de taxis el\u00e9ctricos de Medell\u00edn<\/h1>\t\t<\/div>\n\t\t\t\t<\/div>\n\t\t\t\t<section class=\"elementor-section elementor-inner-section elementor-element elementor-element-b6d2348 elementor-section-boxed elementor-section-height-default elementor-section-height-default\" data-id=\"b6d2348\" data-element_type=\"section\">\n\t\t\t\t\t\t<div class=\"elementor-container elementor-column-gap-default\">\n\t\t\t\t\t\t\t<div class=\"elementor-row\">\n\t\t\t\t\t<div class=\"elementor-column elementor-col-50 elementor-inner-column elementor-element elementor-element-b15a431\" data-id=\"b15a431\" data-element_type=\"column\">\n\t\t\t<div class=\"elementor-column-wrap elementor-element-populated\">\n\t\t\t\t\t\t\t<div class=\"elementor-widget-wrap\">\n\t\t\t\t\t\t<div class=\"elementor-element elementor-element-264d700 elementor-widget elementor-widget-text-editor\" data-id=\"264d700\" data-element_type=\"widget\" data-widget_type=\"text-editor.default\">\n\t\t\t\t<div class=\"elementor-widget-container\">\n\t\t\t\t\t\t\t\t<div class=\"elementor-text-editor elementor-clearfix\">\n\t\t\t\t<p>Las personas naturales y jur\u00eddicas interesadas en participar de la convocatoria p\u00fablica deber\u00e1n aceptar de manera expresa por medio del formulario de inscripci\u00f3n las siguientes condiciones de operaci\u00f3n de los veh\u00edculos de combusti\u00f3n tradicional y automotores el\u00e9ctricos durante la vigencia del proyecto con operaci\u00f3n piloto para promover en el Distrito de Medell\u00edn una movilidad sostenible e inteligente en el servicio de transporte terrestre individual de pasajeros:<\/p>\t\t\t\t\t<\/div>\n\t\t\t\t\t\t<\/div>\n\t\t\t\t<\/div>\n\t\t\t\t\t\t<\/div>\n\t\t\t\t\t<\/div>\n\t\t<\/div>\n\t\t\t\t<div class=\"elementor-column elementor-col-50 elementor-inner-column elementor-element elementor-element-89b0254\" data-id=\"89b0254\" data-element_type=\"column\">\n\t\t\t<div class=\"elementor-column-wrap elementor-element-populated\">\n\t\t\t\t\t\t\t<div class=\"elementor-widget-wrap\">\n\t\t\t\t\t\t<div class=\"elementor-element elementor-element-8feb193 elementor-widget elementor-widget-image\" data-id=\"8feb193\" data-element_type=\"widget\" data-widget_type=\"image.default\">\n\t\t\t\t<div class=\"elementor-widget-container\">\n\t\t\t\t\t\t\t\t<div class=\"elementor-image\">\n\t\t\t\t\t\t\t\t\t\t\t\t<img width=\"333\" height=\"98\" src=\"https:\/\/www.medellin.gov.co\/es\/wp-content\/uploads\/2022\/07\/Legado-Verde-1.png\" class=\"attachment-large size-large\" alt=\"Logo Legado Verde\" loading=\"lazy\" srcset=\"https:\/\/www.medellin.gov.co\/es\/wp-content\/uploads\/2022\/07\/Legado-Verde-1.png 333w, https:\/\/www.medellin.gov.co\/es\/wp-content\/uploads\/2022\/07\/Legado-Verde-1-300x88.png 300w, https:\/\/www.medellin.gov.co\/es\/wp-content\/uploads\/2022\/07\/Legado-Verde-1-150x44.png 150w\" sizes=\"(max-width: 333px) 100vw, 333px\" \/>\t\t\t\t\t\t\t\t\t\t\t\t\t\t<\/div>\n\t\t\t\t\t\t<\/div>\n\t\t\t\t<\/div>\n\t\t\t\t\t\t<\/div>\n\t\t\t\t\t<\/div>\n\t\t<\/div>\n\t\t\t\t\t\t\t\t<\/div>\n\t\t\t\t\t<\/div>\n\t\t<\/section>\n\t\t\t\t<div class=\"elementor-element elementor-element-3c27b30 elementor-widget elementor-widget-text-editor\" data-id=\"3c27b30\" data-element_type=\"widget\" data-widget_type=\"text-editor.default\">\n\t\t\t\t<div class=\"elementor-widget-container\">\n\t\t\t\t\t\t\t\t<div class=\"elementor-text-editor elementor-clearfix\">\n\t\t\t\t<ol>\n<li>\n<p>Las personas naturales y jur\u00eddicas adjudicatarias de las matr\u00edculas deber\u00e1n adquirir los veh\u00edculos el\u00e9ctricos de acuerdo con el t\u00e9rmino establecido en el numeral 9 del art\u00edculo 9 de esta resoluci\u00f3n, de lo contrario la Secretar\u00eda de Movilidad revocar\u00e1 de<br>oficio por medio de un acto administrativo motivado la asignaci\u00f3n de las matr\u00edculas por incumplimiento de las condiciones de la convocatoria p\u00fablica, reajustando la capacidad transportadora global de la ciudad de Medell\u00edn y de las empresa de transporte a las cuales no se vincularon los veh\u00edculos el\u00e9ctricos.<\/p>\n<\/li>\n<li>\n<p>El veh\u00edculo de combusti\u00f3n tradicional y el automotor el\u00e9ctrico estar\u00e1n autorizados para operar conjuntamente por el t\u00e9rmino de hasta tres (3) a\u00f1os contados desde la fecha de la matr\u00edcula del veh\u00edculo el\u00e9ctrico.<\/p>\n<\/li>\n<li>\n<p>El veh\u00edculo de combusti\u00f3n tradicional y el automotor el\u00e9ctrico deber\u00e1n pertenecer el mismo propietario y en caso de pretenderse su venta se deber\u00e1 realizar de manera conjunta para ambos veh\u00edculos en la situaci\u00f3n jur\u00eddica que se encuentren de acuerdo con las condiciones reguladas en esta resoluci\u00f3n.<\/p>\n<\/li>\n<li>\n<p>Durante el t\u00e9rmino de operaci\u00f3n conjunta del veh\u00edculo de combusti\u00f3n tradicional con el automotor el\u00e9ctrico, el propietario no podr\u00e1 solicitar la reposici\u00f3n de ninguno de los veh\u00edculos, salvo lo establecido en el art\u00edculo 14 de esta resoluci\u00f3n.<\/p>\n<\/li>\n<li>\n<p>El veh\u00edculo de combusti\u00f3n tradicional y el automotor el\u00e9ctrico deber\u00e1n estar vinculados a una misma empresa de transporte y en caso de pretenderse un cambio de empresa se deber\u00e1 realizar de manera conjunta para ambos veh\u00edculos en la situaci\u00f3n jur\u00eddica que se encuentren de acuerdo con las condiciones reguladas en esta resoluci\u00f3n.<\/p>\n<\/li>\n<li>\n<p>El veh\u00edculo de combusti\u00f3n tradicional no podr\u00e1 ser objeto de una garant\u00eda real y\/o limitaci\u00f3n del derecho de propietario con posterioridad a la inscripci\u00f3n a la convocatoria p\u00fablica.<\/p>\n<\/li>\n<li>\n<p>El propietario del veh\u00edculo el\u00e9ctrico deber\u00e1 permitir y facilitar durante el t\u00e9rmino de hasta tres (3) a\u00f1os de operaci\u00f3n conjunta del veh\u00edculo de combusti\u00f3n tradicional con el automotor el\u00e9ctrico, el suministro de la informaci\u00f3n relacionada con el desempe\u00f1o del veh\u00edculo el\u00e9ctrico y las dem\u00e1s variables que sean necesarias para realizar el seguimiento y evaluaci\u00f3n del proyecto con operaci\u00f3n piloto&nbsp;<span style=\"color: var( --e-global-color-text ); font-family: var( --e-global-typography-text-font-family ), Sans-serif; font-size: var( --e-global-typography-text-font-size ); font-weight: var( --e-global-typography-text-font-weight );\">regulado en esta resoluci\u00f3n, para lo cual permitir\u00e1 la instalaci\u00f3n de un dispositivo&nbsp;<\/span><span style=\"color: var( --e-global-color-text ); font-family: var( --e-global-typography-text-font-family ), Sans-serif; font-size: var( --e-global-typography-text-font-size ); font-weight: var( --e-global-typography-text-font-weight );\">el\u00e9ctrico en caso de ser requerido por la Secretar\u00eda de Movilidad.<\/span><\/p>\n<\/li>\n<li>\n<p>El propietario del veh\u00edculo de combusti\u00f3n tradicional y del automotor el\u00e9ctrico deber\u00e1 cumplir con el plan de mantenimiento preventivo y correctivo de ambos veh\u00edculos de acuerdo con lo establecido por la empresa de transporte a la cual se encuentren vinculados.<\/p>\n<\/li>\n<li>\n<p>El propietario del veh\u00edculo de combusti\u00f3n tradicional y del automotor el\u00e9ctrico deber\u00e1 garantizar la prestaci\u00f3n del servicio de transporte p\u00fablico terrestre individual de pasajeros de acuerdo con la normativa vigente y las condiciones reguladas en esta resoluci\u00f3n.<\/p>\n<\/li>\n<li>\n<p>Finalizado el t\u00e9rmino de hasta tres (3) a\u00f1os de operaci\u00f3n conjunta del veh\u00edculo de combusti\u00f3n tradicional con el automotor el\u00e9ctrico contados desde la fecha de expedici\u00f3n de la matr\u00edcula del veh\u00edculo el\u00e9ctrico, el veh\u00edculo de combusti\u00f3n tradicional adquirir\u00e1 la situaci\u00f3n jur\u00eddica descrita en el art\u00edculo 11 de esta resoluci\u00f3n.<\/p>\n<\/li>\n<li>\n<p>Finalizado el t\u00e9rmino de hasta tres (3) a\u00f1os de operaci\u00f3n conjunta del veh\u00edculo de combusti\u00f3n tradicional con el automotor el\u00e9ctrico contados desde la fecha de expedici\u00f3n de la matr\u00edcula del veh\u00edculo el\u00e9ctrico, el veh\u00edculo el\u00e9ctrico adquirir\u00e1 la<br>situaci\u00f3n jur\u00eddica descrita en el art\u00edculo 12 de esta resoluci\u00f3n.<\/p>\n<\/li>\n<li>\n<p>En caso de presentarse un siniestro generado por una conducta punible o la p\u00e9rdida total de un veh\u00edculo de combusti\u00f3n tradicional y\/o un automotor el\u00e9ctrico, deber\u00e1 aplicarse lo establecido en el art\u00edculo 14 de esta resoluci\u00f3n.<\/p>\n<\/li>\n<\/ol>\t\t\t\t\t<\/div>\n\t\t\t\t\t\t<\/div>\n\t\t\t\t<\/div>\n\t\t\t\t<div class=\"elementor-element elementor-element-78dc026 elementor-widget elementor-widget-image\" data-id=\"78dc026\" data-element_type=\"widget\" data-widget_type=\"image.default\">\n\t\t\t\t<div class=\"elementor-widget-container\">\n\t\t\t\t\t\t\t\t<div class=\"elementor-image\">\n\t\t\t\t\t\t\t\t\t\t\t\t<img width=\"1024\" height=\"683\" src=\"https:\/\/www.medellin.gov.co\/es\/wp-content\/uploads\/2022\/07\/Taxi-Electrico-6.jpg\" class=\"attachment-large size-large\" alt=\"Taxis el\u00e9ctricos\" loading=\"lazy\" srcset=\"https:\/\/www.medellin.gov.co\/es\/wp-content\/uploads\/2022\/07\/Taxi-Electrico-6.jpg 1024w, https:\/\/www.medellin.gov.co\/es\/wp-content\/uploads\/2022\/07\/Taxi-Electrico-6-300x200.jpg 300w, https:\/\/www.medellin.gov.co\/es\/wp-content\/uploads\/2022\/07\/Taxi-Electrico-6-150x100.jpg 150w, https:\/\/www.medellin.gov.co\/es\/wp-content\/uploads\/2022\/07\/Taxi-Electrico-6-768x512.jpg 768w\" sizes=\"(max-width: 1024px) 100vw, 1024px\" \/>\t\t\t\t\t\t\t\t\t\t\t\t\t\t<\/div>\n\t\t\t\t\t\t<\/div>\n\t\t\t\t<\/div>\n\t\t\t\t<div class=\"elementor-element elementor-element-ad33aac elementor-widget elementor-widget-text-editor\" data-id=\"ad33aac\" data-element_type=\"widget\" data-widget_type=\"text-editor.default\">\n\t\t\t\t<div class=\"elementor-widget-container\">\n\t\t\t\t\t\t\t\t<div class=\"elementor-text-editor elementor-clearfix\">\n\t\t\t\t<ol start=\"7\"><li><span style=\"font-weight: 400;\"> La matr\u00edcula, la capacidad transportadora y la tarjeta de operaci\u00f3n del veh\u00edculo de combusti\u00f3n tradicional (a gasolina o di\u00e9sel)\u00a0 se someter\u00e1n a condici\u00f3n resolutoria; es decir, transcurridos 3 a\u00f1os luego de la expedici\u00f3n de la matr\u00edcula del veh\u00edculo el\u00e9ctrico, ser\u00e1n canceladas autom\u00e1ticamente de manera oficiosa, quedando \u00fanicamente las del veh\u00edculo el\u00e9ctrico.\u00a0<\/span><\/li><li><span style=\"font-weight: 400;\"> Vencido el plazo de los tres a\u00f1os el veh\u00edculo de combusti\u00f3n tradicional deber\u00e1 ser desintegrado o deber\u00e1 realizarse el cambio de servicio teniendo en cuenta los requisitos legales necesarios para ello, contemplados en el art\u00edculo 24 de la resoluci\u00f3n 0012379 de diciembre 28 de 2012 expedida por el Ministerio de Transporte, , es decir, solicitud de cambio de servicio con improntas y tarjeta de operaci\u00f3n, SOAT vigente, no tener infracciones de tr\u00e1nsito, antig\u00fcedad en el servicio p\u00fablico m\u00ednima de 5 a\u00f1os, desvinculaci\u00f3n de la empresa de transporte, cambio de color y pago de los derechos de tr\u00e1mite.<\/span><\/li><li><span style=\"font-weight: 400;\"> Una vez finalizado el piloto, la primera reposici\u00f3n que se fuese a realizar del veh\u00edculo el\u00e9ctrico por cualquier causal, se deber\u00e1 realizar exclusivamente por otro veh\u00edculo el\u00e9ctrico.\u00a0<\/span><\/li><li><span style=\"font-weight: 400;\"> En caso de existir fraude u otra conducta punible que afecte al veh\u00edculo de combusti\u00f3n tradicional, se retirar\u00e1n los dos veh\u00edculos del proyecto, cancel\u00e1ndose la matr\u00edcula, la capacidad transportadora y la tarjeta de operaci\u00f3n del veh\u00edculo el\u00e9ctrico y en caso de ser posible seg\u00fan la normatividad vigente se deber\u00e1 hacer el cambio de servicio a particular.<\/span><\/li><li><span style=\"font-weight: 400;\"> Si durante la ejecuci\u00f3n del proyecto los veh\u00edculos y capacidades transportadoras son objeto de sucesi\u00f3n, \u00e9stos continuar\u00e1n en el proyecto piloto y deber\u00e1n someterse a todas las condiciones establecidas en \u00e9l.<\/span><\/li><\/ol>\t\t\t\t\t<\/div>\n\t\t\t\t\t\t<\/div>\n\t\t\t\t<\/div>\n\t\t\t\t\t\t<\/div>\n\t\t\t\t\t<\/div>\n\t\t<\/div>\n\t\t\t\t\t\t\t\t<\/div>\n\t\t\t\t\t<\/div>\n\t\t<\/section>\n\t\t\t\t\t\t\t\t\t<\/div>\n\t\t\t<\/div>\n\t\t\t\t\t<\/div>\n\t\t","protected":false},"excerpt":{"rendered":"<p>T\u00e9rminos y condiciones de la convocatoria de taxis el\u00e9ctricos de Medell\u00edn Las personas naturales y jur\u00eddicas interesadas en participar de la convocatoria p\u00fablica deber\u00e1n aceptar de manera expresa por medio del formulario de inscripci\u00f3n las &#8230;<\/p>\n","protected":false},"author":21,"featured_media":16466,"parent":77339,"menu_order":0,"comment_status":"closed","ping_status":"closed","template":"","meta":[],"acf":[],"_links":{"self":[{"href":"https:\/\/www.medellin.gov.co\/es\/wp-json\/wp\/v2\/pages\/78605"}],"collection":[{"href":"https:\/\/www.medellin.gov.co\/es\/wp-json\/wp\/v2\/pages"}],"about":[{"href":"https:\/\/www.medellin.gov.co\/es\/wp-json\/wp\/v2\/types\/page"}],"author":[{"embeddable":true,"href":"https:\/\/www.medellin.gov.co\/es\/wp-json\/wp\/v2\/users\/21"}],"replies":[{"embeddable":true,"href":"https:\/\/www.medellin.gov.co\/es\/wp-json\/wp\/v2\/comments?post=78605"}],"version-history":[{"count":11,"href":"https:\/\/www.medellin.gov.co\/es\/wp-json\/wp\/v2\/pages\/78605\/revisions"}],"predecessor-version":[{"id":112823,"href":"https:\/\/www.medellin.gov.co\/es\/wp-json\/wp\/v2\/pages\/78605\/revisions\/112823"}],"up":[{"embeddable":true,"href":"https:\/\/www.medellin.gov.co\/es\/wp-json\/wp\/v2\/pages\/77339"}],"wp:featuredmedia":[{"embeddable":true,"href":"https:\/\/www.medellin.gov.co\/es\/wp-json\/wp\/v2\/media\/16466"}],"wp:attachment":[{"href":"https:\/\/www.medellin.gov.co\/es\/wp-json\/wp\/v2\/media?parent=78605"}],"curies":[{"name":"wp","href":"https:\/\/api.w.org\/{rel}","templated":true}]}}