{"id":8060,"date":"2021-08-23T18:40:50","date_gmt":"2021-08-23T23:40:50","guid":{"rendered":"https:\/\/www.medellin.gov.co\/es\/?page_id=8060"},"modified":"2025-10-21T15:48:03","modified_gmt":"2025-10-21T20:48:03","slug":"que-hace","status":"publish","type":"page","link":"https:\/\/www.medellin.gov.co\/es\/secretaria-de-gobierno\/que-hace\/","title":{"rendered":"Funciones y composici\u00f3n de la Secretar\u00eda de Gobierno y Gesti\u00f3n del Gabinete"},"content":{"rendered":"\t\t<div data-elementor-type=\"wp-page\" data-elementor-id=\"8060\" class=\"elementor elementor-8060\">\n\t\t\t\t\t\t<div class=\"elementor-inner\">\n\t\t\t\t<div class=\"elementor-section-wrap\">\n\t\t\t\t\t\t\t\t\t<section class=\"elementor-section elementor-top-section elementor-element elementor-element-753b8bd elementor-section-boxed elementor-section-height-default elementor-section-height-default\" data-id=\"753b8bd\" data-element_type=\"section\">\n\t\t\t\t\t\t<div class=\"elementor-container elementor-column-gap-default\">\n\t\t\t\t\t\t\t<div class=\"elementor-row\">\n\t\t\t\t\t<div class=\"elementor-column elementor-col-100 elementor-top-column elementor-element elementor-element-ac891eb\" data-id=\"ac891eb\" data-element_type=\"column\">\n\t\t\t<div class=\"elementor-column-wrap elementor-element-populated\">\n\t\t\t\t\t\t\t<div class=\"elementor-widget-wrap\">\n\t\t\t\t\t\t<div class=\"elementor-element elementor-element-518eebd elementor-widget elementor-widget-heading\" data-id=\"518eebd\" data-element_type=\"widget\" data-widget_type=\"heading.default\">\n\t\t\t\t<div class=\"elementor-widget-container\">\n\t\t\t<h1 class=\"elementor-heading-title elementor-size-default\">Funciones y composici\u00f3n de la Secretar\u00eda de Gobierno y Gesti\u00f3n del Gabinete<\/h1>\t\t<\/div>\n\t\t\t\t<\/div>\n\t\t\t\t<div class=\"elementor-element elementor-element-bdf2d63 elementor-widget elementor-widget-image\" data-id=\"bdf2d63\" data-element_type=\"widget\" data-widget_type=\"image.default\">\n\t\t\t\t<div class=\"elementor-widget-container\">\n\t\t\t\t\t\t\t\t<div class=\"elementor-image\">\n\t\t\t\t\t\t\t\t\t\t\t\t<img width=\"1280\" height=\"486\" src=\"https:\/\/www.medellin.gov.co\/es\/wp-content\/uploads\/2024\/02\/Gabinete_2.jpg\" class=\"attachment-full size-full\" alt=\"\" loading=\"lazy\" srcset=\"https:\/\/www.medellin.gov.co\/es\/wp-content\/uploads\/2024\/02\/Gabinete_2.jpg 1280w, https:\/\/www.medellin.gov.co\/es\/wp-content\/uploads\/2024\/02\/Gabinete_2-300x114.jpg 300w, https:\/\/www.medellin.gov.co\/es\/wp-content\/uploads\/2024\/02\/Gabinete_2-1024x389.jpg 1024w, https:\/\/www.medellin.gov.co\/es\/wp-content\/uploads\/2024\/02\/Gabinete_2-150x57.jpg 150w, https:\/\/www.medellin.gov.co\/es\/wp-content\/uploads\/2024\/02\/Gabinete_2-768x292.jpg 768w\" sizes=\"(max-width: 1280px) 100vw, 1280px\" \/>\t\t\t\t\t\t\t\t\t\t\t\t\t\t<\/div>\n\t\t\t\t\t\t<\/div>\n\t\t\t\t<\/div>\n\t\t\t\t<div class=\"elementor-element elementor-element-6ddc5fd elementor-widget elementor-widget-text-editor\" data-id=\"6ddc5fd\" data-element_type=\"widget\" data-widget_type=\"text-editor.default\">\n\t\t\t\t<div class=\"elementor-widget-container\">\n\t\t\t\t\t\t\t\t<div class=\"elementor-text-editor elementor-clearfix\">\n\t\t\t\t<p>Esta dependencia busca mantener la cohesi\u00f3n entre la Administraci\u00f3n Distrital, el Concejo de Medell\u00edn y el Congreso de la Rep\u00fablica, para una construcci\u00f3n colectiva de la agenda de ciudad que permita el debate y el fortalecimiento de la gobernabilidad para la consecuci\u00f3n de proyectos que generen desarrollo de la ciudad.<\/p><p>As\u00ed mismo, la Secretar\u00eda de Gobierno busca el posicionamiento de Medell\u00edn como vitrina de desarrollo econ\u00f3mico, tur\u00edstico, empresarial y sostenible, por medio de la gesti\u00f3n de la cooperaci\u00f3n internacional para la ejecuci\u00f3n del <strong class=\"resaltado_color\">Plan de Desarrollo Distrital\u00a0<\/strong><strong>2024 \u2013 2027<\/strong>\u00a0<strong>\u00abMedell\u00edn Te Quiere\u00bb<\/strong> y el cumplimiento de los Objetivos de Desarrollo Sostenible (ODS).<\/p>\t\t\t\t\t<\/div>\n\t\t\t\t\t\t<\/div>\n\t\t\t\t<\/div>\n\t\t\t\t<div class=\"elementor-element elementor-element-06c623c elementor-widget elementor-widget-heading\" data-id=\"06c623c\" data-element_type=\"widget\" data-widget_type=\"heading.default\">\n\t\t\t\t<div class=\"elementor-widget-container\">\n\t\t\t<h2 class=\"elementor-heading-title elementor-size-default\"><b>Funciones<\/b> de la Secretar\u00eda de Gobierno y Gesti\u00f3n del Gabinete<\/h2>\t\t<\/div>\n\t\t\t\t<\/div>\n\t\t\t\t<div class=\"elementor-element elementor-element-d62183d elementor-widget elementor-widget-text-editor\" data-id=\"d62183d\" data-element_type=\"widget\" data-widget_type=\"text-editor.default\">\n\t\t\t\t<div class=\"elementor-widget-container\">\n\t\t\t\t\t\t\t\t<div class=\"elementor-text-editor elementor-clearfix\">\n\t\t\t\t<ol>\n<li>Gestionar el gabinete.<\/li>\n<li>Dirigir, coordinar y articular los Sectores de Desarrollo Administrativo.<\/li>\n<li>Presidir los Comit\u00e9s Sectoriales de Gesti\u00f3n y Desempe\u00f1o.<\/li>\n<li>Coordinar y articular la formulaci\u00f3n e implementaci\u00f3n de las pol\u00edticas generales, estrategias, planes, programas y proyectos de los sectores de Desarrollo administrativo, bajo las directrices del Alcalde, el Plan de Desarrollo Distrital y de los Consejos Superiores de la Administraci\u00f3n Distrital.<\/li>\n<li>Orientar, coordinar y controlar la gesti\u00f3n de las entidades que est\u00e9n adscritas y vinculadas al Despacho del Alcalde de los respectivos sectores de desarrollo administrativo.<\/li>\n<li>Representar a los sectores de desarrollo administrativo en las relaciones con los grupos de inter\u00e9s; generando alianzas para el desarrollo de proyectos y programas en su sector.<\/li>\n<li>Realizar el seguimiento y evaluar la gesti\u00f3n de los Sectores de Desarrollo Administrativo, con las dependencias y entidades que lo integran.<\/li>\n<li>Coordinar la ejecuci\u00f3n de los proyectos en los Sectores de Desarrollo Administrativo.<\/li>\n<\/ol>\t\t\t\t\t<\/div>\n\t\t\t\t\t\t<\/div>\n\t\t\t\t<\/div>\n\t\t\t\t<div class=\"elementor-element elementor-element-fb0e9a8 elementor-widget elementor-widget-text-editor\" data-id=\"fb0e9a8\" data-element_type=\"widget\" data-widget_type=\"text-editor.default\">\n\t\t\t\t<div class=\"elementor-widget-container\">\n\t\t\t\t\t\t\t\t<div class=\"elementor-text-editor elementor-clearfix\">\n\t\t\t\t<ol start=\"9\"><li>Dirigir, formular y evaluar los Planes Estrat\u00e9gicos Sectoriales de Desarrollo Administrativo, de los sectores que coordina seg\u00fan lo establece la normativa vigente.<\/li><li>Coordinar bajo la orientaci\u00f3n del alcalde, del Consejo de Gobierno y de los Consejos Superiores de la Administraci\u00f3n Distrital, la definici\u00f3n y adopci\u00f3n de las pol\u00edticas generales de los sectores de desarrollo administrativo.<\/li><li>Participar en la formulaci\u00f3n y ejecuci\u00f3n de la pol\u00edtica de Gobierno, propiciando la incorporaci\u00f3n de instrumentos de articulaci\u00f3n intersectorial.<\/li><li>Coordinar la participaci\u00f3n de los sectores de desarrollo administrativo en la formulaci\u00f3n y ejecuci\u00f3n del Plan de Desarrollo Distrital y su articulaci\u00f3n al Plan de Ordenamiento Territorial.<\/li><li>Coordinar la participaci\u00f3n de los sectores de desarrollo administrativo en la formulaci\u00f3n, implementaci\u00f3n y ejecuci\u00f3n del Plan de Ordenamiento Territorial y sus instrumentos complementarios.<\/li><li>Coordinar y articular la ejecuci\u00f3n de las actividades y el cumplimiento de las responsabilidades de los organismos o dependencias centrales y las entidades descentralizadas, que integran los sectores de desarrollo administrativo y rendir cuentas al Alcalde.<\/li><li>Asegurar la adecuada administraci\u00f3n de los recursos que financian las actividades de los sectores de desarrollo administrativo.<\/li><li>Convocar y coordinar los Comit\u00e9s Sectoriales de Gesti\u00f3n y Desempe\u00f1o.<\/li><\/ol>\t\t\t\t\t<\/div>\n\t\t\t\t\t\t<\/div>\n\t\t\t\t<\/div>\n\t\t\t\t<div class=\"elementor-element elementor-element-22a2549 elementor-widget elementor-widget-image\" data-id=\"22a2549\" data-element_type=\"widget\" data-widget_type=\"image.default\">\n\t\t\t\t<div class=\"elementor-widget-container\">\n\t\t\t\t\t\t\t\t<div class=\"elementor-image\">\n\t\t\t\t\t\t\t\t\t\t\t\t<img width=\"1200\" height=\"795\" src=\"https:\/\/www.medellin.gov.co\/es\/wp-content\/uploads\/2021\/10\/complejo-alpujarra.jpg\" class=\"attachment-full size-full\" alt=\"Complejo Alpujarra\" loading=\"lazy\" srcset=\"https:\/\/www.medellin.gov.co\/es\/wp-content\/uploads\/2021\/10\/complejo-alpujarra.jpg 1200w, https:\/\/www.medellin.gov.co\/es\/wp-content\/uploads\/2021\/10\/complejo-alpujarra-300x199.jpg 300w, https:\/\/www.medellin.gov.co\/es\/wp-content\/uploads\/2021\/10\/complejo-alpujarra-1024x678.jpg 1024w, https:\/\/www.medellin.gov.co\/es\/wp-content\/uploads\/2021\/10\/complejo-alpujarra-150x99.jpg 150w, https:\/\/www.medellin.gov.co\/es\/wp-content\/uploads\/2021\/10\/complejo-alpujarra-768x509.jpg 768w\" sizes=\"(max-width: 1200px) 100vw, 1200px\" \/>\t\t\t\t\t\t\t\t\t\t\t\t\t\t<\/div>\n\t\t\t\t\t\t<\/div>\n\t\t\t\t<\/div>\n\t\t\t\t<div class=\"elementor-element elementor-element-981c6aa elementor-widget elementor-widget-text-editor\" data-id=\"981c6aa\" data-element_type=\"widget\" data-widget_type=\"text-editor.default\">\n\t\t\t\t<div class=\"elementor-widget-container\">\n\t\t\t\t\t\t\t\t<div class=\"elementor-text-editor elementor-clearfix\">\n\t\t\t\t<ol start=\"17\">\n \t<li>Coordinar acciones y gestionar alianzas de los sectores de desarrollo administrativo con las entidades y organismos correspondientes del nivel regional, nacional e internacional.<\/li>\n \t<li>Representar al alcalde en los \u00f3rganos de direcci\u00f3n de las entidades descentralizadas que le sean delegadas.<\/li>\n \t<li>Asistir al alcalde en las materias propias de los diferentes sectores.<\/li>\n \t<li>Coordinar con la Secretar\u00eda de Suministros y Servicios, la realizaci\u00f3n de los contratos necesarios para obtener los bienes y servicios requeridos y ejercer la supervisi\u00f3n t\u00e9cnica de los mismos.<\/li>\n \t<li>Implementar y ejecutar las pol\u00edticas y directrices que orienten los procesos de apoyo.<\/li>\n \t<li>Implementar y ejecutar las pol\u00edticas y directrices que establezca la Secretar\u00eda de Gesti\u00f3n Humana y Servicio a la Ciudadan\u00eda, en materia de gesti\u00f3n de tr\u00e1mites, procedimientos administrativos, peticiones, quejas, reclamos y sugerencias.<\/li>\n \t<li>Implementar y ejecutar las pol\u00edticas y directrices que oriente el Plan de Ordenamiento Territorial en el \u00e1mbito de sus funciones.<\/li>\n \t<li>Implementar, mantener y mejorar el Sistema Integral de Gesti\u00f3n para los procesos que dirige o participa, de acuerdo con las directrices definidas por la entidad.<\/li>\n<\/ol>\t\t\t\t\t<\/div>\n\t\t\t\t\t\t<\/div>\n\t\t\t\t<\/div>\n\t\t\t\t<div class=\"elementor-element elementor-element-17bca07 elementor-align-left elementor-mobile-align-center elementor-widget elementor-widget-button\" data-id=\"17bca07\" data-element_type=\"widget\" data-widget_type=\"button.default\">\n\t\t\t\t<div class=\"elementor-widget-container\">\n\t\t\t\t\t<div class=\"elementor-button-wrapper\">\n\t\t\t<a href=\"https:\/\/www.medellin.gov.co\/normograma\/docs\/astrea\/docs\/d_alcamed_0883_2015.htm\" target=\"_blank\" class=\"elementor-button-link elementor-button elementor-size-sm\" role=\"button\">\n\t\t\t\t\t\t<span class=\"elementor-button-content-wrapper\">\n\t\t\t\t\t\t<span class=\"elementor-button-text\">CONOCE EL DECRETO<\/span>\n\t\t<\/span>\n\t\t\t\t\t<\/a>\n\t\t<\/div>\n\t\t\t\t<\/div>\n\t\t\t\t<\/div>\n\t\t\t\t<div class=\"elementor-element elementor-element-ea93e1c elementor-widget elementor-widget-heading\" data-id=\"ea93e1c\" data-element_type=\"widget\" data-widget_type=\"heading.default\">\n\t\t\t\t<div class=\"elementor-widget-container\">\n\t\t\t<h2 class=\"elementor-heading-title elementor-size-default\"><b>Funciones<\/b> del Secretario de Gobierno y Gesti\u00f3n del Gabinete<\/h2>\t\t<\/div>\n\t\t\t\t<\/div>\n\t\t\t\t<div class=\"elementor-element elementor-element-05ffebb elementor-widget elementor-widget-text-editor\" data-id=\"05ffebb\" data-element_type=\"widget\" data-widget_type=\"text-editor.default\">\n\t\t\t\t<div class=\"elementor-widget-container\">\n\t\t\t\t\t\t\t\t<div class=\"elementor-text-editor elementor-clearfix\">\n\t\t\t\t<p>El secretario de Gobierno de Medell\u00edn cumple un papel conciliador, es la figura del relacionamiento de la Administraci\u00f3n Distrital con el sector empresarial, gremial, concejales, congresistas y dem\u00e1s actores pol\u00edticos a nivel local, regional y nacional.<\/p><p>Su funci\u00f3n de articulaci\u00f3n va m\u00e1s all\u00e1 de las instituciones y dependencias de la Alcald\u00eda de Medell\u00edn, pues por medio de la cooperaci\u00f3n internacional busca establecer relaciones que posicionan la imagen de la ciudad en el exterior.<\/p>\t\t\t\t\t<\/div>\n\t\t\t\t\t\t<\/div>\n\t\t\t\t<\/div>\n\t\t\t\t<div class=\"elementor-element elementor-element-89c2903 elementor-widget elementor-widget-heading\" data-id=\"89c2903\" data-element_type=\"widget\" id=\"sec_gob_gab_comp\" data-widget_type=\"heading.default\">\n\t\t\t\t<div class=\"elementor-widget-container\">\n\t\t\t<h2 class=\"elementor-heading-title elementor-size-default\"><b>Composici\u00f3n<\/b> de la Secretar\u00eda de Gobierno y Gesti\u00f3n del Gabinete<\/h2>\t\t<\/div>\n\t\t\t\t<\/div>\n\t\t\t\t<section class=\"elementor-section elementor-inner-section elementor-element elementor-element-7e3d99a elementor-reverse-tablet elementor-reverse-mobile elementor-section-boxed elementor-section-height-default elementor-section-height-default\" data-id=\"7e3d99a\" data-element_type=\"section\">\n\t\t\t\t\t\t<div class=\"elementor-container elementor-column-gap-default\">\n\t\t\t\t\t\t\t<div class=\"elementor-row\">\n\t\t\t\t\t<div class=\"elementor-column elementor-col-50 elementor-inner-column elementor-element elementor-element-252297a\" data-id=\"252297a\" data-element_type=\"column\">\n\t\t\t<div class=\"elementor-column-wrap elementor-element-populated\">\n\t\t\t\t\t\t\t<div class=\"elementor-widget-wrap\">\n\t\t\t\t\t\t<div class=\"elementor-element elementor-element-6d9d314 elementor-widget elementor-widget-heading\" data-id=\"6d9d314\" data-element_type=\"widget\" data-widget_type=\"heading.default\">\n\t\t\t\t<div class=\"elementor-widget-container\">\n\t\t\t<h4 class=\"elementor-heading-title elementor-size-default\">Despacho de la Secretar\u00eda de Gobierno y Gesti\u00f3n del Gabinete\nSecretario de Gobierno y Gesti\u00f3n del Gabinete, Nicol\u00e1s R\u00edos Correa<\/h4>\t\t<\/div>\n\t\t\t\t<\/div>\n\t\t\t\t<div class=\"elementor-element elementor-element-0c254c5 elementor-widget elementor-widget-text-editor\" data-id=\"0c254c5\" data-element_type=\"widget\" data-widget_type=\"text-editor.default\">\n\t\t\t\t<div class=\"elementor-widget-container\">\n\t\t\t\t\t\t\t\t<div class=\"elementor-text-editor elementor-clearfix\">\n\t\t\t\t<div class=\"page\" title=\"Page 1\"><div class=\"layoutArea\"><div class=\"column\"><p>Abogado con especializaci\u00f3n en Responsabilidad Civil y Seguros. Cuenta con m\u00e1s de 18 a\u00f1os de experiencia en el sector p\u00fablico y privado, con conocimientos y habilidades en negociaci\u00f3n, planeaci\u00f3n estrat\u00e9gica, gerencia de proyectos y estrategia empresarial.<\/p><\/div><\/div><\/div>\t\t\t\t\t<\/div>\n\t\t\t\t\t\t<\/div>\n\t\t\t\t<\/div>\n\t\t\t\t<div class=\"elementor-element elementor-element-83513ca elementor-tablet-align-left elementor-mobile-align-center elementor-hidden-mobile elementor-widget elementor-widget-button\" data-id=\"83513ca\" data-element_type=\"widget\" data-widget_type=\"button.default\">\n\t\t\t\t<div class=\"elementor-widget-container\">\n\t\t\t\t\t<div class=\"elementor-button-wrapper\">\n\t\t\t<a href=\"https:\/\/www.funcionpublica.gov.co\/web\/sigep\/hdv\/-\/directorio\/S1363160-0426-4\/view\" target=\"_blank\" class=\"elementor-button-link elementor-button elementor-size-sm\" role=\"button\">\n\t\t\t\t\t\t<span class=\"elementor-button-content-wrapper\">\n\t\t\t\t\t\t<span class=\"elementor-button-text\">Hoja de vida SIGEP<\/span>\n\t\t<\/span>\n\t\t\t\t\t<\/a>\n\t\t<\/div>\n\t\t\t\t<\/div>\n\t\t\t\t<\/div>\n\t\t\t\t<div class=\"elementor-element elementor-element-7f06fd1 elementor-tablet-align-left elementor-mobile-align-center elementor-hidden-mobile elementor-widget elementor-widget-button\" data-id=\"7f06fd1\" data-element_type=\"widget\" data-widget_type=\"button.default\">\n\t\t\t\t<div class=\"elementor-widget-container\">\n\t\t\t\t\t<div class=\"elementor-button-wrapper\">\n\t\t\t<a href=\"https:\/\/www.funcionpublica.gov.co\/fdci\/consultaCiudadana\/index?tipoPersonaId=25&#038;primerNombre=&#038;segundoNombre=Nicolas&#038;primerApellido=R%C3%ADos&#038;segundoApellido=Correa&#038;numeroDocumento=&#038;entidad=&#038;fechaFinalizacionDesde=&#038;fechaFinalizacionHasta=&#038;find=Buscar#resultadosBusqueda\" target=\"_blank\" class=\"elementor-button-link elementor-button elementor-size-sm\" role=\"button\">\n\t\t\t\t\t\t<span class=\"elementor-button-content-wrapper\">\n\t\t\t\t\t\t<span class=\"elementor-button-text\">Declaraci\u00f3n de bienes, rentas y conflicto de intereses<\/span>\n\t\t<\/span>\n\t\t\t\t\t<\/a>\n\t\t<\/div>\n\t\t\t\t<\/div>\n\t\t\t\t<\/div>\n\t\t\t\t\t\t<\/div>\n\t\t\t\t\t<\/div>\n\t\t<\/div>\n\t\t\t\t<div class=\"elementor-column elementor-col-50 elementor-inner-column elementor-element elementor-element-2066791\" data-id=\"2066791\" data-element_type=\"column\">\n\t\t\t<div class=\"elementor-column-wrap elementor-element-populated\">\n\t\t\t\t\t\t\t<div class=\"elementor-widget-wrap\">\n\t\t\t\t\t\t<div class=\"elementor-element elementor-element-cc8a6b9 elementor-widget elementor-widget-image\" data-id=\"cc8a6b9\" data-element_type=\"widget\" data-widget_type=\"image.default\">\n\t\t\t\t<div class=\"elementor-widget-container\">\n\t\t\t\t\t\t\t\t<div class=\"elementor-image\">\n\t\t\t\t\t\t\t\t\t\t\t\t<img width=\"601\" height=\"720\" src=\"https:\/\/www.medellin.gov.co\/es\/wp-content\/uploads\/2023\/12\/Nicolas-Rios-Correa-Gobierno-2.jpg\" class=\"attachment-large size-large\" alt=\"Nicol\u00e1s R\u00edos Correa\" loading=\"lazy\" srcset=\"https:\/\/www.medellin.gov.co\/es\/wp-content\/uploads\/2023\/12\/Nicolas-Rios-Correa-Gobierno-2.jpg 601w, https:\/\/www.medellin.gov.co\/es\/wp-content\/uploads\/2023\/12\/Nicolas-Rios-Correa-Gobierno-2-250x300.jpg 250w, https:\/\/www.medellin.gov.co\/es\/wp-content\/uploads\/2023\/12\/Nicolas-Rios-Correa-Gobierno-2-125x150.jpg 125w\" sizes=\"(max-width: 601px) 100vw, 601px\" \/>\t\t\t\t\t\t\t\t\t\t\t\t\t\t<\/div>\n\t\t\t\t\t\t<\/div>\n\t\t\t\t<\/div>\n\t\t\t\t\t\t<\/div>\n\t\t\t\t\t<\/div>\n\t\t<\/div>\n\t\t\t\t\t\t\t\t<\/div>\n\t\t\t\t\t<\/div>\n\t\t<\/section>\n\t\t\t\t\t\t<\/div>\n\t\t\t\t\t<\/div>\n\t\t<\/div>\n\t\t\t\t\t\t\t\t<\/div>\n\t\t\t\t\t<\/div>\n\t\t<\/section>\n\t\t\t\t\t\t\t\t\t<\/div>\n\t\t\t<\/div>\n\t\t\t\t\t<\/div>\n\t\t","protected":false},"excerpt":{"rendered":"<p>Funciones y composici\u00f3n de la Secretar\u00eda de Gobierno y Gesti\u00f3n del Gabinete Esta dependencia busca mantener la cohesi\u00f3n entre la Administraci\u00f3n Municipal, el Concejo de Medell\u00edn y el Congreso de la Rep\u00fablica, para una construcci\u00f3n &#8230;<\/p>\n","protected":false},"author":1,"featured_media":9266,"parent":8559,"menu_order":5,"comment_status":"closed","ping_status":"closed","template":"sec-gobierno\/elementor.php","meta":[],"acf":[],"_links":{"self":[{"href":"https:\/\/www.medellin.gov.co\/es\/wp-json\/wp\/v2\/pages\/8060"}],"collection":[{"href":"https:\/\/www.medellin.gov.co\/es\/wp-json\/wp\/v2\/pages"}],"about":[{"href":"https:\/\/www.medellin.gov.co\/es\/wp-json\/wp\/v2\/types\/page"}],"author":[{"embeddable":true,"href":"https:\/\/www.medellin.gov.co\/es\/wp-json\/wp\/v2\/users\/1"}],"replies":[{"embeddable":true,"href":"https:\/\/www.medellin.gov.co\/es\/wp-json\/wp\/v2\/comments?post=8060"}],"version-history":[{"count":10,"href":"https:\/\/www.medellin.gov.co\/es\/wp-json\/wp\/v2\/pages\/8060\/revisions"}],"predecessor-version":[{"id":466037,"href":"https:\/\/www.medellin.gov.co\/es\/wp-json\/wp\/v2\/pages\/8060\/revisions\/466037"}],"up":[{"embeddable":true,"href":"https:\/\/www.medellin.gov.co\/es\/wp-json\/wp\/v2\/pages\/8559"}],"wp:featuredmedia":[{"embeddable":true,"href":"https:\/\/www.medellin.gov.co\/es\/wp-json\/wp\/v2\/media\/9266"}],"wp:attachment":[{"href":"https:\/\/www.medellin.gov.co\/es\/wp-json\/wp\/v2\/media?parent=8060"}],"curies":[{"name":"wp","href":"https:\/\/api.w.org\/{rel}","templated":true}]}}