{"id":81120,"date":"2022-08-03T11:45:52","date_gmt":"2022-08-03T16:45:52","guid":{"rendered":"https:\/\/www.medellin.gov.co\/es\/?page_id=81120"},"modified":"2022-10-04T08:49:35","modified_gmt":"2022-10-04T13:49:35","slug":"formatos-para-tramites","status":"publish","type":"page","link":"https:\/\/www.medellin.gov.co\/es\/secretaria-de-hacienda\/portal-tributario\/formatos-para-tramites\/","title":{"rendered":"Formatos para tr\u00e1mites"},"content":{"rendered":"\t\t<div data-elementor-type=\"wp-page\" data-elementor-id=\"81120\" class=\"elementor elementor-81120\">\n\t\t\t\t\t\t<div class=\"elementor-inner\">\n\t\t\t\t<div class=\"elementor-section-wrap\">\n\t\t\t\t\t\t\t\t\t<section class=\"elementor-section elementor-top-section elementor-element elementor-element-febd170 elementor-section-boxed elementor-section-height-default elementor-section-height-default\" data-id=\"febd170\" data-element_type=\"section\">\n\t\t\t\t\t\t<div class=\"elementor-container elementor-column-gap-default\">\n\t\t\t\t\t\t\t<div class=\"elementor-row\">\n\t\t\t\t\t<div class=\"elementor-column elementor-col-100 elementor-top-column elementor-element elementor-element-55038ba\" data-id=\"55038ba\" data-element_type=\"column\">\n\t\t\t<div class=\"elementor-column-wrap elementor-element-populated\">\n\t\t\t\t\t\t\t<div class=\"elementor-widget-wrap\">\n\t\t\t\t\t\t<div class=\"elementor-element elementor-element-90b65a0 elementor-widget elementor-widget-heading\" data-id=\"90b65a0\" data-element_type=\"widget\" data-widget_type=\"heading.default\">\n\t\t\t\t<div class=\"elementor-widget-container\">\n\t\t\t<h1 class=\"elementor-heading-title elementor-size-default\">Formatos para la realizaci\u00f3n de tr\u00e1mites en la Alcald\u00eda de Medell\u00edn<\/h1>\t\t<\/div>\n\t\t\t\t<\/div>\n\t\t\t\t<div class=\"elementor-element elementor-element-bcedaf3 elementor-widget elementor-widget-text-editor\" data-id=\"bcedaf3\" data-element_type=\"widget\" data-widget_type=\"text-editor.default\">\n\t\t\t\t<div class=\"elementor-widget-container\">\n\t\t\t\t\t\t\t\t<div class=\"elementor-text-editor elementor-clearfix\">\n\t\t\t\t<p><span style=\"font-weight: 400;\">Conoce y descarga los formatos que necesitas para la realizaci\u00f3n de tus tr\u00e1mites en la Alcald\u00eda de Medell\u00edn.<\/span><\/p><p>\u00a0<\/p><ul><li style=\"font-weight: 400;\" aria-level=\"1\"><a href=\"https:\/\/www.medellin.gov.co\/irj\/go\/km\/docs\/pccdesign\/medellin\/Temas\/Hacienda\/Programas\/Shared%20Content\/Documentos\/2021\/Formulario%20Autorizacion%20para%20el%20env%c3%ado%20del%20documento%20de%20cobro%20de%20Industria%20y%20Comerco.pdf\" target=\"_blank\" rel=\"noopener\"><span style=\"font-weight: 400;\">Formulario para autorizar el env\u00edo del documento de cobro Industria y Comercio a trav\u00e9s del correo electr\u00f3nico.<\/span><\/a><\/li><li style=\"font-weight: 400;\" aria-level=\"1\"><a href=\"https:\/\/www.medellin.gov.co\/irj\/go\/km\/docs\/pccdesign\/medellin\/Temas\/Hacienda\/Programas\/Shared%20Content\/Documentos\/2020\/Formulario-envio-predial-correo-electronico.pdf\" target=\"_blank\" rel=\"noopener\"><span style=\"font-weight: 400;\">Formulario para autorizar el env\u00edo del documento de cobro predial a trav\u00e9s del correo electr\u00f3nico.<\/span><\/a><\/li><li style=\"font-weight: 400;\" aria-level=\"1\"><a href=\"https:\/\/www.medellin.gov.co\/irj\/go\/km\/docs\/pccdesign\/medellin\/Temas\/Hacienda\/Publicaciones\/Shared%20Content\/Documentos\/2017\/FORMULARIOUNICODECLARACIONPAGOINDUSTRIACOMERCIO.pdf\" target=\"_blank\" rel=\"noopener\"><span style=\"font-weight: 400;\">Formulario \u00danico Nacional de Declaraci\u00f3n y Pago del Impuesto de Industria y Comercio.<\/span><\/a><\/li><li style=\"font-weight: 400;\" aria-level=\"1\"><a href=\"https:\/\/www.medellin.gov.co\/irj\/go\/km\/docs\/pccdesign\/SubportaldelCiudadano_2\/PlandeDesarrollo_0_9\/ProgramasyProyectos\/Shared%20Content\/Documentos\/PortalTributario\/Formulario%20ReteIca.pdf\" target=\"_blank\" rel=\"noopener\"><span style=\"font-weight: 400;\">Formato para declaraci\u00f3n bimestral de Retenci\u00f3n en la Fuente del Impuesto de Industria y Comercio.<\/span><\/a><\/li><li style=\"font-weight: 400;\" aria-level=\"1\"><a href=\"https:\/\/www.medellin.gov.co\/irj\/go\/km\/docs\/pccdesign\/SubportaldelCiudadano_2\/PlandeDesarrollo_0_9\/ProgramasyProyectos\/Shared%20Content\/Documentos\/PortalTributario\/Formulario%20Rit.pdf\" target=\"_blank\" rel=\"noopener\"><span style=\"font-weight: 400;\">Formato RIT &#8211; Registro de Informaci\u00f3n Tributaria.<\/span><\/a><\/li><li style=\"font-weight: 400;\" aria-level=\"1\"><a href=\"https:\/\/www.medellin.gov.co\/irj\/go\/km\/docs\/pccdesign\/SubportaldelCiudadano_2\/PlandeDesarrollo_0_9\/ProgramasyProyectos\/Shared%20Content\/Documentos\/PortalTributario\/Formulario%20Devoluciones.pdf\" target=\"_blank\" rel=\"noopener\"><span style=\"font-weight: 400;\">Formato de solicitud de devoluci\u00f3n y\/o compensaci\u00f3n, anexando la documentaci\u00f3n requerida.<\/span><\/a><\/li><li style=\"font-weight: 400;\" aria-level=\"1\"><a href=\"https:\/\/www.medellin.gov.co\/irj\/go\/km\/docs\/pccdesign\/SubportaldelCiudadano_2\/PlandeDesarrollo_0_9\/ProgramasyProyectos\/Shared%20Content\/Documentos\/PortalTributario\/Formulario%20Cambio%20de%20direccion%20Predial.pdf\" target=\"_blank\" rel=\"noopener\"><span style=\"font-weight: 400;\">Formato cambio de direcci\u00f3n de cobro del impuesto predial.<\/span><\/a><\/li><li style=\"font-weight: 400;\" aria-level=\"1\"><a href=\"https:\/\/www.medellin.gov.co\/irj\/go\/km\/docs\/pccdesign\/SubportaldelCiudadano_2\/PlandeDesarrollo_0_9\/ProgramasyProyectos\/Shared%20Content\/Documentos\/PortalTributario\/formulariodeclaracionautorretenciones01.pdf\" target=\"_blank\" rel=\"noopener\"><span style=\"font-weight: 400;\">Formulario declaraci\u00f3n de autorretenciones.<\/span><\/a><\/li><\/ul>\t\t\t\t\t<\/div>\n\t\t\t\t\t\t<\/div>\n\t\t\t\t<\/div>\n\t\t\t\t\t\t<\/div>\n\t\t\t\t\t<\/div>\n\t\t<\/div>\n\t\t\t\t\t\t\t\t<\/div>\n\t\t\t\t\t<\/div>\n\t\t<\/section>\n\t\t\t\t\t\t\t\t\t<\/div>\n\t\t\t<\/div>\n\t\t\t\t\t<\/div>\n\t\t","protected":false},"excerpt":{"rendered":"<p>Formatos para la realizaci\u00f3n de tr\u00e1mites en la Alcald\u00eda de Medell\u00edn Conoce y descarga los formatos que necesitas para la realizaci\u00f3n de tus tr\u00e1mites en la Alcald\u00eda de Medell\u00edn. Formulario para autorizar el env\u00edo del &#8230;<\/p>\n","protected":false},"author":4,"featured_media":17396,"parent":80692,"menu_order":15,"comment_status":"closed","ping_status":"closed","template":"sec-hacienda\/elementor.php","meta":[],"acf":[],"_links":{"self":[{"href":"https:\/\/www.medellin.gov.co\/es\/wp-json\/wp\/v2\/pages\/81120"}],"collection":[{"href":"https:\/\/www.medellin.gov.co\/es\/wp-json\/wp\/v2\/pages"}],"about":[{"href":"https:\/\/www.medellin.gov.co\/es\/wp-json\/wp\/v2\/types\/page"}],"author":[{"embeddable":true,"href":"https:\/\/www.medellin.gov.co\/es\/wp-json\/wp\/v2\/users\/4"}],"replies":[{"embeddable":true,"href":"https:\/\/www.medellin.gov.co\/es\/wp-json\/wp\/v2\/comments?post=81120"}],"version-history":[{"count":10,"href":"https:\/\/www.medellin.gov.co\/es\/wp-json\/wp\/v2\/pages\/81120\/revisions"}],"predecessor-version":[{"id":112842,"href":"https:\/\/www.medellin.gov.co\/es\/wp-json\/wp\/v2\/pages\/81120\/revisions\/112842"}],"up":[{"embeddable":true,"href":"https:\/\/www.medellin.gov.co\/es\/wp-json\/wp\/v2\/pages\/80692"}],"wp:featuredmedia":[{"embeddable":true,"href":"https:\/\/www.medellin.gov.co\/es\/wp-json\/wp\/v2\/media\/17396"}],"wp:attachment":[{"href":"https:\/\/www.medellin.gov.co\/es\/wp-json\/wp\/v2\/media?parent=81120"}],"curies":[{"name":"wp","href":"https:\/\/api.w.org\/{rel}","templated":true}]}}