{"id":8140,"date":"2021-08-23T22:02:46","date_gmt":"2021-08-24T03:02:46","guid":{"rendered":"https:\/\/www.medellin.gov.co\/es\/?page_id=8140"},"modified":"2025-10-21T15:42:38","modified_gmt":"2025-10-21T20:42:38","slug":"fortalecimiento-de-estrategias","status":"publish","type":"page","link":"https:\/\/www.medellin.gov.co\/es\/secretaria-de-gobierno\/fortalecimiento-de-estrategias\/","title":{"rendered":"Proyecto Fortalecimiento de Estrategias de Gobierno Efectivo en el Territorio"},"content":{"rendered":"\t\t<div data-elementor-type=\"wp-page\" data-elementor-id=\"8140\" class=\"elementor elementor-8140\">\n\t\t\t\t\t\t<div class=\"elementor-inner\">\n\t\t\t\t<div class=\"elementor-section-wrap\">\n\t\t\t\t\t\t\t\t\t<section class=\"elementor-section elementor-top-section elementor-element elementor-element-5041fae elementor-section-boxed elementor-section-height-default elementor-section-height-default\" data-id=\"5041fae\" data-element_type=\"section\">\n\t\t\t\t\t\t<div class=\"elementor-container elementor-column-gap-default\">\n\t\t\t\t\t\t\t<div class=\"elementor-row\">\n\t\t\t\t\t<div class=\"elementor-column elementor-col-100 elementor-top-column elementor-element elementor-element-ded8136\" data-id=\"ded8136\" data-element_type=\"column\">\n\t\t\t<div class=\"elementor-column-wrap elementor-element-populated\">\n\t\t\t\t\t\t\t<div class=\"elementor-widget-wrap\">\n\t\t\t\t\t\t<div class=\"elementor-element elementor-element-b941430 elementor-widget elementor-widget-heading\" data-id=\"b941430\" data-element_type=\"widget\" data-widget_type=\"heading.default\">\n\t\t\t\t<div class=\"elementor-widget-container\">\n\t\t\t<h1 class=\"elementor-heading-title elementor-size-default\">Proyecto Fortalecimiento de Estrategias de Gobierno Efectivo en el Territorio<\/h1>\t\t<\/div>\n\t\t\t\t<\/div>\n\t\t\t\t<div class=\"elementor-element elementor-element-ae61c82 elementor-widget elementor-widget-text-editor\" data-id=\"ae61c82\" data-element_type=\"widget\" data-widget_type=\"text-editor.default\">\n\t\t\t\t<div class=\"elementor-widget-container\">\n\t\t\t\t\t\t\t\t<div class=\"elementor-text-editor elementor-clearfix\">\n\t\t\t\t<p>El proyecto Fortalecimiento de Estrategias de Gobierno Efectivo en el Territorio hace parte de la l\u00ednea estrat\u00e9gica de Gobernanza y Gobernabilidad y tiene dos frentes principales: la articulaci\u00f3n de las dependencias para el cumplimiento del Plan de Desarrollo y la consolidaci\u00f3n de las agendas de cooperaci\u00f3n institucional para apoyar la gesti\u00f3n del gabinete.<\/p>\t\t\t\t\t<\/div>\n\t\t\t\t\t\t<\/div>\n\t\t\t\t<\/div>\n\t\t\t\t<div class=\"elementor-element elementor-element-382225f elementor-widget elementor-widget-heading\" data-id=\"382225f\" data-element_type=\"widget\" id=\"proy_feget_micomuna\" data-widget_type=\"heading.default\">\n\t\t\t\t<div class=\"elementor-widget-container\">\n\t\t\t<h2 class=\"elementor-heading-title elementor-size-default\"><b>Gobierno en el Territorio<\/b> - Mi Comuna<\/h2>\t\t<\/div>\n\t\t\t\t<\/div>\n\t\t\t\t<div class=\"elementor-element elementor-element-603d28b elementor-widget elementor-widget-image\" data-id=\"603d28b\" data-element_type=\"widget\" data-widget_type=\"image.default\">\n\t\t\t\t<div class=\"elementor-widget-container\">\n\t\t\t\t\t\t\t\t<div class=\"elementor-image\">\n\t\t\t\t\t\t\t\t\t\t\t\t<img width=\"1280\" height=\"960\" src=\"https:\/\/www.medellin.gov.co\/es\/wp-content\/uploads\/2023\/03\/Turismo-Comuna-13-2.jpg\" class=\"attachment-full size-full\" alt=\"La Alcald\u00eda de Medell\u00edn ha formado a 184 personas en el sector del turismo de la Comuna 13\" loading=\"lazy\" srcset=\"https:\/\/www.medellin.gov.co\/es\/wp-content\/uploads\/2023\/03\/Turismo-Comuna-13-2.jpg 1280w, https:\/\/www.medellin.gov.co\/es\/wp-content\/uploads\/2023\/03\/Turismo-Comuna-13-2-300x225.jpg 300w, https:\/\/www.medellin.gov.co\/es\/wp-content\/uploads\/2023\/03\/Turismo-Comuna-13-2-1024x768.jpg 1024w, https:\/\/www.medellin.gov.co\/es\/wp-content\/uploads\/2023\/03\/Turismo-Comuna-13-2-150x113.jpg 150w, https:\/\/www.medellin.gov.co\/es\/wp-content\/uploads\/2023\/03\/Turismo-Comuna-13-2-768x576.jpg 768w\" sizes=\"(max-width: 1280px) 100vw, 1280px\" \/>\t\t\t\t\t\t\t\t\t\t\t\t\t\t<\/div>\n\t\t\t\t\t\t<\/div>\n\t\t\t\t<\/div>\n\t\t\t\t<div class=\"elementor-element elementor-element-97d0410 elementor-widget elementor-widget-text-editor\" data-id=\"97d0410\" data-element_type=\"widget\" data-widget_type=\"text-editor.default\">\n\t\t\t\t<div class=\"elementor-widget-container\">\n\t\t\t\t\t\t\t\t<div class=\"elementor-text-editor elementor-clearfix\">\n\t\t\t\t<p>Gobierno en el territorio &#8211; Mi Comuna es la estrategia de fortalecimiento de la capacidad instalada de la Alcald\u00eda de Medell\u00edn, por medio de la articulaci\u00f3n entre la institucionalidad y la comunidad.\u00a0<\/p><p>El Modelo de Integraci\u00f3n Comunitaria, Mi Comuna, es una estrategia de fortalecimiento de la capacidad instalada de la Alcald\u00eda de Medell\u00edn a trav\u00e9s de la transformaci\u00f3n e implementaci\u00f3n de nuevas formas de relacionamiento, tanto al interior de la Secretar\u00eda de Gobierno como al exterior, con los distintos equipos territoriales de las diversas secretar\u00edas, dependencias y p\u00fablicos con los cuales se interact\u00faa, logrando una comunicaci\u00f3n m\u00e1s asertiva y un impacto m\u00e1s eficaz en la consecuci\u00f3n de los objetivos trazados.<\/p>\t\t\t\t\t<\/div>\n\t\t\t\t\t\t<\/div>\n\t\t\t\t<\/div>\n\t\t\t\t<section class=\"elementor-section elementor-inner-section elementor-element elementor-element-f85ed6e elementor-reverse-tablet elementor-reverse-mobile elementor-section-boxed elementor-section-height-default elementor-section-height-default\" data-id=\"f85ed6e\" data-element_type=\"section\">\n\t\t\t\t\t\t<div class=\"elementor-container elementor-column-gap-default\">\n\t\t\t\t\t\t\t<div class=\"elementor-row\">\n\t\t\t\t\t<div class=\"elementor-column elementor-col-50 elementor-inner-column elementor-element elementor-element-d75bade\" data-id=\"d75bade\" data-element_type=\"column\">\n\t\t\t<div class=\"elementor-column-wrap elementor-element-populated\">\n\t\t\t\t\t\t\t<div class=\"elementor-widget-wrap\">\n\t\t\t\t\t\t<div class=\"elementor-element elementor-element-57c9e5c elementor-widget elementor-widget-image\" data-id=\"57c9e5c\" data-element_type=\"widget\" data-widget_type=\"image.default\">\n\t\t\t\t<div class=\"elementor-widget-container\">\n\t\t\t\t\t\t\t\t<div class=\"elementor-image\">\n\t\t\t\t\t\t\t\t\t\t\t\t<img width=\"1024\" height=\"683\" src=\"https:\/\/www.medellin.gov.co\/es\/wp-content\/uploads\/2021\/08\/barrio-medellin-1024x683.jpg\" class=\"attachment-large size-large\" alt=\"Barrio de Medell\u00edn\" loading=\"lazy\" srcset=\"https:\/\/www.medellin.gov.co\/es\/wp-content\/uploads\/2021\/08\/barrio-medellin-1024x683.jpg 1024w, https:\/\/www.medellin.gov.co\/es\/wp-content\/uploads\/2021\/08\/barrio-medellin-300x200.jpg 300w, https:\/\/www.medellin.gov.co\/es\/wp-content\/uploads\/2021\/08\/barrio-medellin-150x100.jpg 150w, https:\/\/www.medellin.gov.co\/es\/wp-content\/uploads\/2021\/08\/barrio-medellin-768x512.jpg 768w, https:\/\/www.medellin.gov.co\/es\/wp-content\/uploads\/2021\/08\/barrio-medellin.jpg 1200w\" sizes=\"(max-width: 1024px) 100vw, 1024px\" \/>\t\t\t\t\t\t\t\t\t\t\t\t\t\t<\/div>\n\t\t\t\t\t\t<\/div>\n\t\t\t\t<\/div>\n\t\t\t\t\t\t<\/div>\n\t\t\t\t\t<\/div>\n\t\t<\/div>\n\t\t\t\t<div class=\"elementor-column elementor-col-50 elementor-inner-column elementor-element elementor-element-8f15210\" data-id=\"8f15210\" data-element_type=\"column\">\n\t\t\t<div class=\"elementor-column-wrap elementor-element-populated\">\n\t\t\t\t\t\t\t<div class=\"elementor-widget-wrap\">\n\t\t\t\t\t\t<div class=\"elementor-element elementor-element-511c032 elementor-widget elementor-widget-heading\" data-id=\"511c032\" data-element_type=\"widget\" data-widget_type=\"heading.default\">\n\t\t\t\t<div class=\"elementor-widget-container\">\n\t\t\t<h3 class=\"elementor-heading-title elementor-size-default\">Objetivo general<\/h3>\t\t<\/div>\n\t\t\t\t<\/div>\n\t\t\t\t<div class=\"elementor-element elementor-element-dbfd7f6 elementor-widget elementor-widget-text-editor\" data-id=\"dbfd7f6\" data-element_type=\"widget\" data-widget_type=\"text-editor.default\">\n\t\t\t\t<div class=\"elementor-widget-container\">\n\t\t\t\t\t\t\t\t<div class=\"elementor-text-editor elementor-clearfix\">\n\t\t\t\t<p>Generar sinergia y articulaci\u00f3n entre todos los procesos de la Secretar\u00eda de Gobierno y los equipos territoriales de las diversas secretar\u00edas y dependencias de la Alcald\u00eda de Medell\u00edn, con el fin de optimizar los mismos y ser m\u00e1s eficientes en la consecuci\u00f3n de los objetivos y la incidencia deseada, privilegiando la construcci\u00f3n de agendas territoriales con perspectiva de g\u00e9nero y de cooperaci\u00f3n internacional.<\/p>\t\t\t\t\t<\/div>\n\t\t\t\t\t\t<\/div>\n\t\t\t\t<\/div>\n\t\t\t\t\t\t<\/div>\n\t\t\t\t\t<\/div>\n\t\t<\/div>\n\t\t\t\t\t\t\t\t<\/div>\n\t\t\t\t\t<\/div>\n\t\t<\/section>\n\t\t\t\t<div class=\"elementor-element elementor-element-a59cfdb elementor-widget elementor-widget-heading\" data-id=\"a59cfdb\" data-element_type=\"widget\" data-widget_type=\"heading.default\">\n\t\t\t\t<div class=\"elementor-widget-container\">\n\t\t\t<h3 class=\"elementor-heading-title elementor-size-default\">Descripci\u00f3n del componente territorial<\/h3>\t\t<\/div>\n\t\t\t\t<\/div>\n\t\t\t\t<div class=\"elementor-element elementor-element-8b02456 elementor-widget elementor-widget-text-editor\" data-id=\"8b02456\" data-element_type=\"widget\" data-widget_type=\"text-editor.default\">\n\t\t\t\t<div class=\"elementor-widget-container\">\n\t\t\t\t\t\t\t\t<div class=\"elementor-text-editor elementor-clearfix\">\n\t\t\t\t<p>Con este componente se busca generar sinergia y articulaci\u00f3n entre todos los procesos de la Secretar\u00eda de Gobierno y los equipos territoriales de las diversas secretar\u00edas y dependencias de la Alcald\u00eda de Medell\u00edn.<\/p>\t\t\t\t\t<\/div>\n\t\t\t\t\t\t<\/div>\n\t\t\t\t<\/div>\n\t\t\t\t<div class=\"elementor-element elementor-element-8360a29 elementor-widget elementor-widget-text-editor\" data-id=\"8360a29\" data-element_type=\"widget\" data-widget_type=\"text-editor.default\">\n\t\t\t\t<div class=\"elementor-widget-container\">\n\t\t\t\t\t\t\t\t<div class=\"elementor-text-editor elementor-clearfix\">\n\t\t\t\t<ul><li>Descentralizaci\u00f3n de la Administraci\u00f3n.<\/li><li>Optimizaci\u00f3n de recursos.<\/li><li>Articulaci\u00f3n interinstitucional.<\/li><li>Apoyo a la gesti\u00f3n social de los proyectos estrat\u00e9gicos.<\/li><li>Mayor legitimidad y visibilidad en las comunidades.<\/li><li>Mayor eficacia en la ejecuci\u00f3n de acciones.<\/li><li>Mayor eficiencia en los tiempos de respuesta.<\/li><\/ul>\t\t\t\t\t<\/div>\n\t\t\t\t\t\t<\/div>\n\t\t\t\t<\/div>\n\t\t\t\t<div class=\"elementor-element elementor-element-09118ce elementor-widget elementor-widget-heading\" data-id=\"09118ce\" data-element_type=\"widget\" id=\"proy_feget_coopinst\" data-widget_type=\"heading.default\">\n\t\t\t\t<div class=\"elementor-widget-container\">\n\t\t\t<h2 class=\"elementor-heading-title elementor-size-default\"><b>Gesti\u00f3n de la cooperaci\u00f3n<\/b> - Cooperaci\u00f3n institucional<\/h2>\t\t<\/div>\n\t\t\t\t<\/div>\n\t\t\t\t<div class=\"elementor-element elementor-element-5119877 elementor-widget elementor-widget-text-editor\" data-id=\"5119877\" data-element_type=\"widget\" data-widget_type=\"text-editor.default\">\n\t\t\t\t<div class=\"elementor-widget-container\">\n\t\t\t\t\t\t\t\t<div class=\"elementor-text-editor elementor-clearfix\">\n\t\t\t\t<p>La gesti\u00f3n del Gabinete para la cooperaci\u00f3n le permite a la Alcald\u00eda de Medell\u00edn unir esfuerzos con entidades internacionales para cumplir con las l\u00edneas y objetivos del Plan de Desarrollo.<\/p>\t\t\t\t\t<\/div>\n\t\t\t\t\t\t<\/div>\n\t\t\t\t<\/div>\n\t\t\t\t<div class=\"elementor-element elementor-element-0bd7165 elementor-widget elementor-widget-image\" data-id=\"0bd7165\" data-element_type=\"widget\" data-widget_type=\"image.default\">\n\t\t\t\t<div class=\"elementor-widget-container\">\n\t\t\t\t\t\t\t\t<div class=\"elementor-image\">\n\t\t\t\t\t\t\t\t\t\t\t\t<img width=\"1200\" height=\"800\" src=\"https:\/\/www.medellin.gov.co\/es\/wp-content\/uploads\/2021\/08\/plaza-mayor-medellin.jpg\" class=\"attachment-full size-full\" alt=\"Plaza Mayor Medell\u00edn\" loading=\"lazy\" srcset=\"https:\/\/www.medellin.gov.co\/es\/wp-content\/uploads\/2021\/08\/plaza-mayor-medellin.jpg 1200w, https:\/\/www.medellin.gov.co\/es\/wp-content\/uploads\/2021\/08\/plaza-mayor-medellin-300x200.jpg 300w, https:\/\/www.medellin.gov.co\/es\/wp-content\/uploads\/2021\/08\/plaza-mayor-medellin-1024x683.jpg 1024w, https:\/\/www.medellin.gov.co\/es\/wp-content\/uploads\/2021\/08\/plaza-mayor-medellin-150x100.jpg 150w, https:\/\/www.medellin.gov.co\/es\/wp-content\/uploads\/2021\/08\/plaza-mayor-medellin-768x512.jpg 768w\" sizes=\"(max-width: 1200px) 100vw, 1200px\" \/>\t\t\t\t\t\t\t\t\t\t\t\t\t\t<\/div>\n\t\t\t\t\t\t<\/div>\n\t\t\t\t<\/div>\n\t\t\t\t<div class=\"elementor-element elementor-element-9373372 elementor-widget elementor-widget-heading\" data-id=\"9373372\" data-element_type=\"widget\" data-widget_type=\"heading.default\">\n\t\t\t\t<div class=\"elementor-widget-container\">\n\t\t\t<h3 class=\"elementor-heading-title elementor-size-default\">Componente de diagn\u00f3stico para la gesti\u00f3n del Gabinete<\/h3>\t\t<\/div>\n\t\t\t\t<\/div>\n\t\t\t\t<div class=\"elementor-element elementor-element-d7c810c elementor-widget elementor-widget-text-editor\" data-id=\"d7c810c\" data-element_type=\"widget\" data-widget_type=\"text-editor.default\">\n\t\t\t\t<div class=\"elementor-widget-container\">\n\t\t\t\t\t\t\t\t<div class=\"elementor-text-editor elementor-clearfix\">\n\t\t\t\t<p>En esta etapa se procede a la aplicaci\u00f3n de un instrumento de recolecci\u00f3n de informaci\u00f3n, para identificar los proyectos de cooperaci\u00f3n internacional que hist\u00f3ricamente han tenido las dependencias y que actualmente se encuentran vigentes, y aquellos proyectos que pueden identificarse como potenciales para cooperaci\u00f3n internacional y que apuestan directamente al Plan de Desarrollo Distrital 2024 \u2013 2027\u00a0\u00abMedell\u00edn Te Quiere\u00bb. Esta identificaci\u00f3n se hace con la participaci\u00f3n de todas las secretar\u00edas, gerencias, direcciones y dem\u00e1s dependencias de los sectores de desarrollo administrativo en la Alcald\u00eda de Medell\u00edn.<\/p><p>Dicho proceso tambi\u00e9n incluye la revisi\u00f3n de la agenda de cooperaci\u00f3n del orden nacional, territorial y local (APC, Gobernaci\u00f3n de Antioquia, AMVA, ACI, Objetivos de Desarrollo Sostenible &#8211; ODS), actualmente vigentes, pero tambi\u00e9n a nivel interno con el Departamento de Planeaci\u00f3n del Distrito. En este contexto, los ODS se convierten en protagonistas pues se tendr\u00e1n como agenda rectora en esta construcci\u00f3n para estar alineados con la agenda global. De este trabajo detallado surgir\u00e1 el documento de diagn\u00f3stico inicial para la agenda de cooperaci\u00f3n.<\/p>\t\t\t\t\t<\/div>\n\t\t\t\t\t\t<\/div>\n\t\t\t\t<\/div>\n\t\t\t\t<section class=\"elementor-section elementor-inner-section elementor-element elementor-element-f831f12 elementor-reverse-tablet elementor-reverse-mobile elementor-section-boxed elementor-section-height-default elementor-section-height-default\" data-id=\"f831f12\" data-element_type=\"section\">\n\t\t\t\t\t\t<div class=\"elementor-container elementor-column-gap-default\">\n\t\t\t\t\t\t\t<div class=\"elementor-row\">\n\t\t\t\t\t<div class=\"elementor-column elementor-col-50 elementor-inner-column elementor-element elementor-element-8f9ffb1\" data-id=\"8f9ffb1\" data-element_type=\"column\">\n\t\t\t<div class=\"elementor-column-wrap elementor-element-populated\">\n\t\t\t\t\t\t\t<div class=\"elementor-widget-wrap\">\n\t\t\t\t\t\t<div class=\"elementor-element elementor-element-9dbda44 elementor-widget elementor-widget-heading\" data-id=\"9dbda44\" data-element_type=\"widget\" data-widget_type=\"heading.default\">\n\t\t\t\t<div class=\"elementor-widget-container\">\n\t\t\t<h3 class=\"elementor-heading-title elementor-size-default\">Elecci\u00f3n de criterios prioritarios<\/h3>\t\t<\/div>\n\t\t\t\t<\/div>\n\t\t\t\t<div class=\"elementor-element elementor-element-9045d6c elementor-widget elementor-widget-text-editor\" data-id=\"9045d6c\" data-element_type=\"widget\" data-widget_type=\"text-editor.default\">\n\t\t\t\t<div class=\"elementor-widget-container\">\n\t\t\t\t\t\t\t\t<div class=\"elementor-text-editor elementor-clearfix\">\n\t\t\t\t<p>En la etapa de elecci\u00f3n de criterios prioritarios se elaborar\u00e1 una matriz de armonizaci\u00f3n de los proyectos propuestos en la etapa anterior y se construir\u00e1 otra matriz con los criterios estrat\u00e9gicos (las tem\u00e1ticas de inter\u00e9s para la ciudad), lo cual se realizar\u00e1 en articulaci\u00f3n con actores estrat\u00e9gicos para el cumplimiento de los objetivos y l\u00edneas del Plan de Desarrollo 2024 \u2013 2027\u00a0\u00abMedell\u00edn Te Quiere\u00bb<\/p><p>As\u00ed mismo, se comienzan a identificar en esta etapa los posibles actores cooperantes que pueden ser estrat\u00e9gicos para el logro de los proyectos de cooperaci\u00f3n identificados. Con base en ello, el resultado ser\u00e1 la validaci\u00f3n de las l\u00edneas tem\u00e1ticas que se abordar\u00e1n en la agenda de cooperaci\u00f3n.<\/p>\t\t\t\t\t<\/div>\n\t\t\t\t\t\t<\/div>\n\t\t\t\t<\/div>\n\t\t\t\t\t\t<\/div>\n\t\t\t\t\t<\/div>\n\t\t<\/div>\n\t\t\t\t<div class=\"elementor-column elementor-col-50 elementor-inner-column elementor-element elementor-element-10a6d9f\" data-id=\"10a6d9f\" data-element_type=\"column\">\n\t\t\t<div class=\"elementor-column-wrap elementor-element-populated\">\n\t\t\t\t\t\t\t<div class=\"elementor-widget-wrap\">\n\t\t\t\t\t\t<div class=\"elementor-element elementor-element-b841b84 elementor-widget elementor-widget-image\" data-id=\"b841b84\" data-element_type=\"widget\" data-widget_type=\"image.default\">\n\t\t\t\t<div class=\"elementor-widget-container\">\n\t\t\t\t\t\t\t\t<div class=\"elementor-image\">\n\t\t\t\t\t\t\t\t\t\t\t\t<img width=\"1024\" height=\"575\" src=\"https:\/\/www.medellin.gov.co\/es\/wp-content\/uploads\/2021\/08\/reunion-alcaldia-medellin-1024x575.jpg\" class=\"attachment-large size-large\" alt=\"Reuni\u00f3n en la alcald\u00eda de Medell\u00edn\" loading=\"lazy\" srcset=\"https:\/\/www.medellin.gov.co\/es\/wp-content\/uploads\/2021\/08\/reunion-alcaldia-medellin-1024x575.jpg 1024w, https:\/\/www.medellin.gov.co\/es\/wp-content\/uploads\/2021\/08\/reunion-alcaldia-medellin-300x169.jpg 300w, https:\/\/www.medellin.gov.co\/es\/wp-content\/uploads\/2021\/08\/reunion-alcaldia-medellin-150x84.jpg 150w, https:\/\/www.medellin.gov.co\/es\/wp-content\/uploads\/2021\/08\/reunion-alcaldia-medellin-768x431.jpg 768w, https:\/\/www.medellin.gov.co\/es\/wp-content\/uploads\/2021\/08\/reunion-alcaldia-medellin.jpg 1200w\" sizes=\"(max-width: 1024px) 100vw, 1024px\" \/>\t\t\t\t\t\t\t\t\t\t\t\t\t\t<\/div>\n\t\t\t\t\t\t<\/div>\n\t\t\t\t<\/div>\n\t\t\t\t\t\t<\/div>\n\t\t\t\t\t<\/div>\n\t\t<\/div>\n\t\t\t\t\t\t\t\t<\/div>\n\t\t\t\t\t<\/div>\n\t\t<\/section>\n\t\t\t\t<section class=\"elementor-section elementor-inner-section elementor-element elementor-element-22734d4 elementor-section-boxed elementor-section-height-default elementor-section-height-default\" data-id=\"22734d4\" data-element_type=\"section\">\n\t\t\t\t\t\t<div class=\"elementor-container elementor-column-gap-default\">\n\t\t\t\t\t\t\t<div class=\"elementor-row\">\n\t\t\t\t\t<div class=\"elementor-column elementor-col-50 elementor-inner-column elementor-element elementor-element-8c3c391\" data-id=\"8c3c391\" data-element_type=\"column\">\n\t\t\t<div class=\"elementor-column-wrap elementor-element-populated\">\n\t\t\t\t\t\t\t<div class=\"elementor-widget-wrap\">\n\t\t\t\t\t\t<div class=\"elementor-element elementor-element-387f119 elementor-widget elementor-widget-image\" data-id=\"387f119\" data-element_type=\"widget\" data-widget_type=\"image.default\">\n\t\t\t\t<div class=\"elementor-widget-container\">\n\t\t\t\t\t\t\t\t<div class=\"elementor-image\">\n\t\t\t\t\t\t\t\t\t\t\t\t<img width=\"1052\" height=\"592\" src=\"https:\/\/www.medellin.gov.co\/es\/wp-content\/uploads\/2021\/08\/plaza-libertad-medellin.jpeg\" class=\"attachment-full size-full\" alt=\"Plaza de la Libertad de Medell\u00edn\" loading=\"lazy\" srcset=\"https:\/\/www.medellin.gov.co\/es\/wp-content\/uploads\/2021\/08\/plaza-libertad-medellin.jpeg 1052w, https:\/\/www.medellin.gov.co\/es\/wp-content\/uploads\/2021\/08\/plaza-libertad-medellin-300x169.jpeg 300w, https:\/\/www.medellin.gov.co\/es\/wp-content\/uploads\/2021\/08\/plaza-libertad-medellin-1024x576.jpeg 1024w, https:\/\/www.medellin.gov.co\/es\/wp-content\/uploads\/2021\/08\/plaza-libertad-medellin-150x84.jpeg 150w, https:\/\/www.medellin.gov.co\/es\/wp-content\/uploads\/2021\/08\/plaza-libertad-medellin-768x432.jpeg 768w\" sizes=\"(max-width: 1052px) 100vw, 1052px\" \/>\t\t\t\t\t\t\t\t\t\t\t\t\t\t<\/div>\n\t\t\t\t\t\t<\/div>\n\t\t\t\t<\/div>\n\t\t\t\t\t\t<\/div>\n\t\t\t\t\t<\/div>\n\t\t<\/div>\n\t\t\t\t<div class=\"elementor-column elementor-col-50 elementor-inner-column elementor-element elementor-element-640d2ca\" data-id=\"640d2ca\" data-element_type=\"column\">\n\t\t\t<div class=\"elementor-column-wrap elementor-element-populated\">\n\t\t\t\t\t\t\t<div class=\"elementor-widget-wrap\">\n\t\t\t\t\t\t<div class=\"elementor-element elementor-element-5309da8 elementor-widget elementor-widget-heading\" data-id=\"5309da8\" data-element_type=\"widget\" data-widget_type=\"heading.default\">\n\t\t\t\t<div class=\"elementor-widget-container\">\n\t\t\t<h3 class=\"elementor-heading-title elementor-size-default\">Definici\u00f3n del contenido de la agenda<\/h3>\t\t<\/div>\n\t\t\t\t<\/div>\n\t\t\t\t<div class=\"elementor-element elementor-element-63321e4 elementor-widget elementor-widget-text-editor\" data-id=\"63321e4\" data-element_type=\"widget\" data-widget_type=\"text-editor.default\">\n\t\t\t\t<div class=\"elementor-widget-container\">\n\t\t\t\t\t\t\t\t<div class=\"elementor-text-editor elementor-clearfix\">\n\t\t\t\t<p>Con la definici\u00f3n del contenido se construir\u00e1 la agenda de cooperaci\u00f3n internacional, con el apoyo de los actores estrat\u00e9gicos previamente identificados, por medio del cruce de las matrices construidas en la etapa anterior, es decir, la matriz de los proyectos propuestos que pueden ser objeto de cooperaci\u00f3n internacional. De esta manera se seleccionar\u00e1n \u00fanicamente los proyectos que cumplan con los criterios priorizados y que apunten de manera directa a la agenda de desarrollo de la ciudad\u00a0y al cumplimiento de los Objetivos de Desarrollo Sostenible (ODS).<\/p><p>Se tendr\u00e1 la identificaci\u00f3n de los cooperantes internacionales en cada l\u00ednea priorizada y un documento de agenda con retroalimentaci\u00f3n de los actores vinculados con su construcci\u00f3n.<\/p>\t\t\t\t\t<\/div>\n\t\t\t\t\t\t<\/div>\n\t\t\t\t<\/div>\n\t\t\t\t\t\t<\/div>\n\t\t\t\t\t<\/div>\n\t\t<\/div>\n\t\t\t\t\t\t\t\t<\/div>\n\t\t\t\t\t<\/div>\n\t\t<\/section>\n\t\t\t\t<div class=\"elementor-element elementor-element-96c94f8 elementor-widget elementor-widget-heading\" data-id=\"96c94f8\" data-element_type=\"widget\" data-widget_type=\"heading.default\">\n\t\t\t\t<div class=\"elementor-widget-container\">\n\t\t\t<h3 class=\"elementor-heading-title elementor-size-default\">Publicaci\u00f3n y socializaci\u00f3n de la agenda de cooperaci\u00f3n<\/h3>\t\t<\/div>\n\t\t\t\t<\/div>\n\t\t\t\t<div class=\"elementor-element elementor-element-1cbc1b0 elementor-widget elementor-widget-text-editor\" data-id=\"1cbc1b0\" data-element_type=\"widget\" data-widget_type=\"text-editor.default\">\n\t\t\t\t<div class=\"elementor-widget-container\">\n\t\t\t\t\t\t\t\t<div class=\"elementor-text-editor elementor-clearfix\">\n\t\t\t\t<p>En la etapa de publicaci\u00f3n y socializaci\u00f3n de la agenda de cooperaci\u00f3n se proceder\u00e1 a la edici\u00f3n, publicaci\u00f3n y socializaci\u00f3n de la agenda final de cooperaci\u00f3n que acompa\u00f1a la Gesti\u00f3n del Gabinete en el objetivo de cumplir con el Plan de Desarrollo 2024 \u2013 2027\u00a0\u00abMedell\u00edn Te Quiere\u00bb.<\/p><p><span style=\"white-space: pre-wrap;\">Hitos:<\/span><\/p>\t\t\t\t\t<\/div>\n\t\t\t\t\t\t<\/div>\n\t\t\t\t<\/div>\n\t\t\t\t<div class=\"elementor-element elementor-element-74d4c09 elementor-widget elementor-widget-text-editor\" data-id=\"74d4c09\" data-element_type=\"widget\" data-widget_type=\"text-editor.default\">\n\t\t\t\t<div class=\"elementor-widget-container\">\n\t\t\t\t\t\t\t\t<div class=\"elementor-text-editor elementor-clearfix\">\n\t\t\t\t<ul><li>Documento de diagn\u00f3stico.<\/li><li>Armonizaci\u00f3n de proyectos y priorizaci\u00f3n.<\/li><li>Documento de contenido de la agenda de cooperaci\u00f3n.<\/li><li>Socializaci\u00f3n y publicaci\u00f3n de la agenda.<\/li><\/ul>\t\t\t\t\t<\/div>\n\t\t\t\t\t\t<\/div>\n\t\t\t\t<\/div>\n\t\t\t\t\t\t<\/div>\n\t\t\t\t\t<\/div>\n\t\t<\/div>\n\t\t\t\t\t\t\t\t<\/div>\n\t\t\t\t\t<\/div>\n\t\t<\/section>\n\t\t\t\t\t\t\t\t\t<\/div>\n\t\t\t<\/div>\n\t\t\t\t\t<\/div>\n\t\t","protected":false},"excerpt":{"rendered":"<p>Proyecto Fortalecimiento de Estrategias de Gobierno Efectivo en el Territorio El proyecto Fortalecimiento de Estrategias de Gobierno Efectivo en el Territorio hace parte de la l\u00ednea estrat\u00e9gica de Gobernanza y Gobernabilidad y tiene dos frentes &#8230;<\/p>\n","protected":false},"author":1,"featured_media":9266,"parent":8559,"menu_order":10,"comment_status":"closed","ping_status":"closed","template":"sec-gobierno\/elementor.php","meta":[],"acf":[],"_links":{"self":[{"href":"https:\/\/www.medellin.gov.co\/es\/wp-json\/wp\/v2\/pages\/8140"}],"collection":[{"href":"https:\/\/www.medellin.gov.co\/es\/wp-json\/wp\/v2\/pages"}],"about":[{"href":"https:\/\/www.medellin.gov.co\/es\/wp-json\/wp\/v2\/types\/page"}],"author":[{"embeddable":true,"href":"https:\/\/www.medellin.gov.co\/es\/wp-json\/wp\/v2\/users\/1"}],"replies":[{"embeddable":true,"href":"https:\/\/www.medellin.gov.co\/es\/wp-json\/wp\/v2\/comments?post=8140"}],"version-history":[{"count":10,"href":"https:\/\/www.medellin.gov.co\/es\/wp-json\/wp\/v2\/pages\/8140\/revisions"}],"predecessor-version":[{"id":466073,"href":"https:\/\/www.medellin.gov.co\/es\/wp-json\/wp\/v2\/pages\/8140\/revisions\/466073"}],"up":[{"embeddable":true,"href":"https:\/\/www.medellin.gov.co\/es\/wp-json\/wp\/v2\/pages\/8559"}],"wp:featuredmedia":[{"embeddable":true,"href":"https:\/\/www.medellin.gov.co\/es\/wp-json\/wp\/v2\/media\/9266"}],"wp:attachment":[{"href":"https:\/\/www.medellin.gov.co\/es\/wp-json\/wp\/v2\/media?parent=8140"}],"curies":[{"name":"wp","href":"https:\/\/api.w.org\/{rel}","templated":true}]}}