{"id":8164,"date":"2021-08-23T22:45:19","date_gmt":"2021-08-24T03:45:19","guid":{"rendered":"https:\/\/www.medellin.gov.co\/es\/?page_id=8164"},"modified":"2022-03-17T13:54:20","modified_gmt":"2022-03-17T18:54:20","slug":"cooperacion-institucional","status":"publish","type":"page","link":"https:\/\/www.medellin.gov.co\/es\/secretaria-de-gobierno\/cooperacion-institucional\/","title":{"rendered":"Cooperaci\u00f3n institucional de la Alcald\u00eda de Medell\u00edn"},"content":{"rendered":"\t\t<div data-elementor-type=\"wp-page\" data-elementor-id=\"8164\" class=\"elementor elementor-8164\">\n\t\t\t\t\t\t<div class=\"elementor-inner\">\n\t\t\t\t<div class=\"elementor-section-wrap\">\n\t\t\t\t\t\t\t\t\t<section class=\"elementor-section elementor-top-section elementor-element elementor-element-88d9db1 elementor-section-boxed elementor-section-height-default elementor-section-height-default\" data-id=\"88d9db1\" data-element_type=\"section\">\n\t\t\t\t\t\t<div class=\"elementor-container elementor-column-gap-default\">\n\t\t\t\t\t\t\t<div class=\"elementor-row\">\n\t\t\t\t\t<div class=\"elementor-column elementor-col-100 elementor-top-column elementor-element elementor-element-4c71f74\" data-id=\"4c71f74\" data-element_type=\"column\">\n\t\t\t<div class=\"elementor-column-wrap elementor-element-populated\">\n\t\t\t\t\t\t\t<div class=\"elementor-widget-wrap\">\n\t\t\t\t\t\t<div class=\"elementor-element elementor-element-3dc5b67 elementor-widget elementor-widget-heading\" data-id=\"3dc5b67\" data-element_type=\"widget\" data-widget_type=\"heading.default\">\n\t\t\t\t<div class=\"elementor-widget-container\">\n\t\t\t<h1 class=\"elementor-heading-title elementor-size-default\">Cooperaci\u00f3n institucional de la Alcald\u00eda de Medell\u00edn<\/h1>\t\t<\/div>\n\t\t\t\t<\/div>\n\t\t\t\t<div class=\"elementor-element elementor-element-1815bf3 elementor-widget elementor-widget-text-editor\" data-id=\"1815bf3\" data-element_type=\"widget\" data-widget_type=\"text-editor.default\">\n\t\t\t\t<div class=\"elementor-widget-container\">\n\t\t\t\t\t\t\t\t<div class=\"elementor-text-editor elementor-clearfix\">\n\t\t\t\t<p>La Secretar\u00eda de Gobierno y Gesti\u00f3n de Gabinete tiene entre sus competencias la de abordar, dirigir, coordinar y articular sectores de desarrollo administrativo como el Concejo de Medell\u00edn y el Congreso de la Rep\u00fablica, con los que se trabaja para materializar grandes proyectos de ciudad.<\/p>\t\t\t\t\t<\/div>\n\t\t\t\t\t\t<\/div>\n\t\t\t\t<\/div>\n\t\t\t\t<div class=\"elementor-element elementor-element-f819dc4 elementor-widget elementor-widget-heading\" data-id=\"f819dc4\" data-element_type=\"widget\" data-widget_type=\"heading.default\">\n\t\t\t\t<div class=\"elementor-widget-container\">\n\t\t\t<h2 class=\"elementor-heading-title elementor-size-default\"><b>Concejo<\/b> de Medell\u00edn<\/h2>\t\t<\/div>\n\t\t\t\t<\/div>\n\t\t\t\t<div class=\"elementor-element elementor-element-d400afb elementor-widget elementor-widget-image\" data-id=\"d400afb\" data-element_type=\"widget\" data-widget_type=\"image.default\">\n\t\t\t\t<div class=\"elementor-widget-container\">\n\t\t\t\t\t\t\t\t<div class=\"elementor-image\">\n\t\t\t\t\t\t\t\t\t\t\t\t<img width=\"1200\" height=\"675\" src=\"https:\/\/www.medellin.gov.co\/es\/wp-content\/uploads\/2021\/08\/edificio-concejo-medellin.jpg\" class=\"attachment-full size-full\" alt=\"Edificio del Concejo de Medell\u00edn\" loading=\"lazy\" srcset=\"https:\/\/www.medellin.gov.co\/es\/wp-content\/uploads\/2021\/08\/edificio-concejo-medellin.jpg 1200w, https:\/\/www.medellin.gov.co\/es\/wp-content\/uploads\/2021\/08\/edificio-concejo-medellin-300x169.jpg 300w, https:\/\/www.medellin.gov.co\/es\/wp-content\/uploads\/2021\/08\/edificio-concejo-medellin-1024x576.jpg 1024w, https:\/\/www.medellin.gov.co\/es\/wp-content\/uploads\/2021\/08\/edificio-concejo-medellin-150x84.jpg 150w, https:\/\/www.medellin.gov.co\/es\/wp-content\/uploads\/2021\/08\/edificio-concejo-medellin-768x432.jpg 768w\" sizes=\"(max-width: 1200px) 100vw, 1200px\" \/>\t\t\t\t\t\t\t\t\t\t\t\t\t\t<\/div>\n\t\t\t\t\t\t<\/div>\n\t\t\t\t<\/div>\n\t\t\t\t<div class=\"elementor-element elementor-element-fd59f3b elementor-widget elementor-widget-text-editor\" data-id=\"fd59f3b\" data-element_type=\"widget\" data-widget_type=\"text-editor.default\">\n\t\t\t\t<div class=\"elementor-widget-container\">\n\t\t\t\t\t\t\t\t<div class=\"elementor-text-editor elementor-clearfix\">\n\t\t\t\t<p>Para el componente de relacionamiento con la corporaci\u00f3n Concejo de Medell\u00edn y los concejales que la integran, el prop\u00f3sito principal es trabajar articuladamente como Administraci\u00f3n Municipal y coordinar con todas las dependencias un trabajo mancomunado con el Concejo de Medell\u00edn, para lograr los objetivos trazados como Administraci\u00f3n Municipal.<\/p><p>Esto se refleja en la materializaci\u00f3n de los proyectos que deben tramitarse para la aprobaci\u00f3n del Concejo, asistiendo a las citaciones de control pol\u00edtico y brindando todas las garant\u00edas para el desarrollo de este ejercicio que constitucionalmente tienen los honorables concejales de nuestra ciudad. <span style=\"color: var( --e-global-color-text ); font-family: var( --e-global-typography-text-font-family ), Sans-serif; font-size: var( --e-global-typography-text-font-size ); font-weight: var( --e-global-typography-text-font-weight );\">La asistencia a las comisiones accidentales, que tratan problem\u00e1ticas sociales, permite la cercan\u00eda de la Administraci\u00f3n Municipal con la ciudadan\u00eda a trav\u00e9s de cada uno de los corporados. Es decir, que la asistencia y el compromiso con estos espacios por parte de las diferentes secretar\u00edas y entidades del Municipio de Medell\u00edn, permite consolidar un canal que debe mantenerse afianzado para cumplirle al desarrollo de la ciudad y al bienestar de sus ciudadanos.<\/span><\/p>\t\t\t\t\t<\/div>\n\t\t\t\t\t\t<\/div>\n\t\t\t\t<\/div>\n\t\t\t\t<div class=\"elementor-element elementor-element-48a221d elementor-widget elementor-widget-text-editor\" data-id=\"48a221d\" data-element_type=\"widget\" data-widget_type=\"text-editor.default\">\n\t\t\t\t<div class=\"elementor-widget-container\">\n\t\t\t\t\t\t\t\t<div class=\"elementor-text-editor elementor-clearfix\">\n\t\t\t\t<p><span style=\"font-weight: 400;\">Es por esto que a trav\u00e9s de un seguimiento continuo y un cumplimiento de los prop\u00f3sitos en los siguientes frentes, se desarrolla el objetivo:<\/span><\/p>\t\t\t\t\t<\/div>\n\t\t\t\t\t\t<\/div>\n\t\t\t\t<\/div>\n\t\t\t\t<section class=\"elementor-section elementor-inner-section elementor-element elementor-element-dbafa4a elementor-reverse-tablet elementor-reverse-mobile elementor-section-boxed elementor-section-height-default elementor-section-height-default\" data-id=\"dbafa4a\" data-element_type=\"section\">\n\t\t\t\t\t\t<div class=\"elementor-container elementor-column-gap-default\">\n\t\t\t\t\t\t\t<div class=\"elementor-row\">\n\t\t\t\t\t<div class=\"elementor-column elementor-col-50 elementor-inner-column elementor-element elementor-element-e0d33b5\" data-id=\"e0d33b5\" data-element_type=\"column\">\n\t\t\t<div class=\"elementor-column-wrap elementor-element-populated\">\n\t\t\t\t\t\t\t<div class=\"elementor-widget-wrap\">\n\t\t\t\t\t\t<div class=\"elementor-element elementor-element-a992112 elementor-widget elementor-widget-image\" data-id=\"a992112\" data-element_type=\"widget\" data-widget_type=\"image.default\">\n\t\t\t\t<div class=\"elementor-widget-container\">\n\t\t\t\t\t\t\t\t<div class=\"elementor-image\">\n\t\t\t\t\t\t\t\t\t\t\t\t<img width=\"1024\" height=\"683\" src=\"https:\/\/www.medellin.gov.co\/es\/wp-content\/uploads\/2021\/10\/plenaria-concejo-medellin.jpeg\" class=\"attachment-full size-full\" alt=\"Plenaria del Concejo de Medell\u00edn\" loading=\"lazy\" srcset=\"https:\/\/www.medellin.gov.co\/es\/wp-content\/uploads\/2021\/10\/plenaria-concejo-medellin.jpeg 1024w, https:\/\/www.medellin.gov.co\/es\/wp-content\/uploads\/2021\/10\/plenaria-concejo-medellin-300x200.jpeg 300w, https:\/\/www.medellin.gov.co\/es\/wp-content\/uploads\/2021\/10\/plenaria-concejo-medellin-150x100.jpeg 150w, https:\/\/www.medellin.gov.co\/es\/wp-content\/uploads\/2021\/10\/plenaria-concejo-medellin-768x512.jpeg 768w\" sizes=\"(max-width: 1024px) 100vw, 1024px\" \/>\t\t\t\t\t\t\t\t\t\t\t\t\t\t<\/div>\n\t\t\t\t\t\t<\/div>\n\t\t\t\t<\/div>\n\t\t\t\t\t\t<\/div>\n\t\t\t\t\t<\/div>\n\t\t<\/div>\n\t\t\t\t<div class=\"elementor-column elementor-col-50 elementor-inner-column elementor-element elementor-element-09281c8\" data-id=\"09281c8\" data-element_type=\"column\">\n\t\t\t<div class=\"elementor-column-wrap elementor-element-populated\">\n\t\t\t\t\t\t\t<div class=\"elementor-widget-wrap\">\n\t\t\t\t\t\t<div class=\"elementor-element elementor-element-c825840 elementor-widget elementor-widget-text-editor\" data-id=\"c825840\" data-element_type=\"widget\" data-widget_type=\"text-editor.default\">\n\t\t\t\t<div class=\"elementor-widget-container\">\n\t\t\t\t\t\t\t\t<div class=\"elementor-text-editor elementor-clearfix\">\n\t\t\t\t<ul><li><span style=\"font-weight: 400;\"> Sesiones Extraordinarias. *(Se alimentar\u00e1 informaci\u00f3n semanal sobre las sesiones que se llevaron a cabo durante la semana).<\/span><\/li><li><span style=\"font-weight: 400;\"> Citaciones de control pol\u00edtico o invitaciones a las sesiones ordinarias. *(Se expondr\u00e1n los puntos m\u00e1s importantes de citaciones de control pol\u00edtico para la Administraci\u00f3n).\u00a0<\/span><\/li><li><span style=\"font-weight: 400;\"> Comisiones Accidentales.\u00a0<\/span><\/li><li><span style=\"font-weight: 400;\"> Proyectos de Acuerdo.\u00a0\u00a0<\/span><\/li><li><span style=\"font-weight: 400;\"> Rendici\u00f3n de informes al Concejo. *(Cada semana se actualiza un informe sobre el Concejo de Medell\u00edn). <\/span><\/li><\/ul>\t\t\t\t\t<\/div>\n\t\t\t\t\t\t<\/div>\n\t\t\t\t<\/div>\n\t\t\t\t\t\t<\/div>\n\t\t\t\t\t<\/div>\n\t\t<\/div>\n\t\t\t\t\t\t\t\t<\/div>\n\t\t\t\t\t<\/div>\n\t\t<\/section>\n\t\t\t\t<div class=\"elementor-element elementor-element-4ecdb4f elementor-widget elementor-widget-heading\" data-id=\"4ecdb4f\" data-element_type=\"widget\" data-widget_type=\"heading.default\">\n\t\t\t\t<div class=\"elementor-widget-container\">\n\t\t\t<h2 class=\"elementor-heading-title elementor-size-default\"><b>Congreso<\/b> de la Rep\u00fablica<\/h2>\t\t<\/div>\n\t\t\t\t<\/div>\n\t\t\t\t<div class=\"elementor-element elementor-element-6d66399 elementor-widget elementor-widget-text-editor\" data-id=\"6d66399\" data-element_type=\"widget\" data-widget_type=\"text-editor.default\">\n\t\t\t\t<div class=\"elementor-widget-container\">\n\t\t\t\t\t\t\t\t<div class=\"elementor-text-editor elementor-clearfix\">\n\t\t\t\t<p>En este espacio encontrar\u00e1s informaci\u00f3n respecto a los procesos de cooperaci\u00f3n institucional realizados entre la Alcald\u00eda de Medell\u00edn y el Congreso de la Rep\u00fablica.<\/p>\t\t\t\t\t<\/div>\n\t\t\t\t\t\t<\/div>\n\t\t\t\t<\/div>\n\t\t\t\t\t\t<\/div>\n\t\t\t\t\t<\/div>\n\t\t<\/div>\n\t\t\t\t\t\t\t\t<\/div>\n\t\t\t\t\t<\/div>\n\t\t<\/section>\n\t\t\t\t\t\t\t\t\t<\/div>\n\t\t\t<\/div>\n\t\t\t\t\t<\/div>\n\t\t","protected":false},"excerpt":{"rendered":"<p>Cooperaci\u00f3n institucional de la Alcald\u00eda de Medell\u00edn La Secretar\u00eda de Gobierno y Gesti\u00f3n de Gabinete tiene entre sus competencias la de abordar, dirigir, coordinar y articular sectores de desarrollo administrativo como el Concejo de Medell\u00edn &#8230;<\/p>\n","protected":false},"author":1,"featured_media":9266,"parent":8559,"menu_order":15,"comment_status":"closed","ping_status":"closed","template":"sec-gobierno\/elementor.php","meta":[],"acf":[],"_links":{"self":[{"href":"https:\/\/www.medellin.gov.co\/es\/wp-json\/wp\/v2\/pages\/8164"}],"collection":[{"href":"https:\/\/www.medellin.gov.co\/es\/wp-json\/wp\/v2\/pages"}],"about":[{"href":"https:\/\/www.medellin.gov.co\/es\/wp-json\/wp\/v2\/types\/page"}],"author":[{"embeddable":true,"href":"https:\/\/www.medellin.gov.co\/es\/wp-json\/wp\/v2\/users\/1"}],"replies":[{"embeddable":true,"href":"https:\/\/www.medellin.gov.co\/es\/wp-json\/wp\/v2\/comments?post=8164"}],"version-history":[{"count":23,"href":"https:\/\/www.medellin.gov.co\/es\/wp-json\/wp\/v2\/pages\/8164\/revisions"}],"predecessor-version":[{"id":55656,"href":"https:\/\/www.medellin.gov.co\/es\/wp-json\/wp\/v2\/pages\/8164\/revisions\/55656"}],"up":[{"embeddable":true,"href":"https:\/\/www.medellin.gov.co\/es\/wp-json\/wp\/v2\/pages\/8559"}],"wp:featuredmedia":[{"embeddable":true,"href":"https:\/\/www.medellin.gov.co\/es\/wp-json\/wp\/v2\/media\/9266"}],"wp:attachment":[{"href":"https:\/\/www.medellin.gov.co\/es\/wp-json\/wp\/v2\/media?parent=8164"}],"curies":[{"name":"wp","href":"https:\/\/api.w.org\/{rel}","templated":true}]}}