{"id":82130,"date":"2022-08-08T18:58:48","date_gmt":"2022-08-08T23:58:48","guid":{"rendered":"https:\/\/www.medellin.gov.co\/es\/?page_id=82130"},"modified":"2022-10-04T08:41:18","modified_gmt":"2022-10-04T13:41:18","slug":"etapas-de-convocatoria","status":"publish","type":"page","link":"https:\/\/www.medellin.gov.co\/es\/secretaria-de-movilidad\/convocatoria-taxis-electricos\/etapas-de-convocatoria\/","title":{"rendered":"Etapas de convocatoria"},"content":{"rendered":"\t\t<div data-elementor-type=\"wp-page\" data-elementor-id=\"82130\" class=\"elementor elementor-82130\">\n\t\t\t\t\t\t<div class=\"elementor-inner\">\n\t\t\t\t<div class=\"elementor-section-wrap\">\n\t\t\t\t\t\t\t\t\t<section class=\"elementor-section elementor-top-section elementor-element elementor-element-545a164 elementor-section-boxed elementor-section-height-default elementor-section-height-default\" data-id=\"545a164\" data-element_type=\"section\">\n\t\t\t\t\t\t<div class=\"elementor-container elementor-column-gap-default\">\n\t\t\t\t\t\t\t<div class=\"elementor-row\">\n\t\t\t\t\t<div class=\"elementor-column elementor-col-100 elementor-top-column elementor-element elementor-element-2884a5b\" data-id=\"2884a5b\" data-element_type=\"column\">\n\t\t\t<div class=\"elementor-column-wrap elementor-element-populated\">\n\t\t\t\t\t\t\t<div class=\"elementor-widget-wrap\">\n\t\t\t\t\t\t<div class=\"elementor-element elementor-element-0e53b4c elementor-widget elementor-widget-heading\" data-id=\"0e53b4c\" data-element_type=\"widget\" data-widget_type=\"heading.default\">\n\t\t\t\t<div class=\"elementor-widget-container\">\n\t\t\t<h1 class=\"elementor-heading-title elementor-size-default\">Etapas del proceso de convocatoria de taxis el\u00e9ctricos de Medell\u00edn<\/h1>\t\t<\/div>\n\t\t\t\t<\/div>\n\t\t\t\t<section class=\"elementor-section elementor-inner-section elementor-element elementor-element-42bf83e elementor-section-boxed elementor-section-height-default elementor-section-height-default\" data-id=\"42bf83e\" data-element_type=\"section\">\n\t\t\t\t\t\t<div class=\"elementor-container elementor-column-gap-default\">\n\t\t\t\t\t\t\t<div class=\"elementor-row\">\n\t\t\t\t\t<div class=\"elementor-column elementor-col-50 elementor-inner-column elementor-element elementor-element-e789e0b\" data-id=\"e789e0b\" data-element_type=\"column\">\n\t\t\t<div class=\"elementor-column-wrap elementor-element-populated\">\n\t\t\t\t\t\t\t<div class=\"elementor-widget-wrap\">\n\t\t\t\t\t\t<div class=\"elementor-element elementor-element-29c686b elementor-widget elementor-widget-text-editor\" data-id=\"29c686b\" data-element_type=\"widget\" data-widget_type=\"text-editor.default\">\n\t\t\t\t<div class=\"elementor-widget-container\">\n\t\t\t\t\t\t\t\t<div class=\"elementor-text-editor elementor-clearfix\">\n\t\t\t\t<p><span style=\"font-weight: 400;\">Los propietarios de los veh\u00edculos de combusti\u00f3n tradicional interesados en el <\/span><span style=\"font-weight: 400;\">proyecto para promover una movilidad sostenible e inteligente en el Distrito <\/span><span style=\"font-weight: 400;\">de Medell\u00edn, deber\u00e1n cumplir con cada una de las siguientes etapas para <\/span><span style=\"font-weight: 400;\">obtener la asignaci\u00f3n de hasta 500 matr\u00edculas para la prestaci\u00f3n del servicio <\/span><span style=\"font-weight: 400;\">p\u00fablico mediante veh\u00edculos el\u00e9ctricos.<\/span><\/p>\t\t\t\t\t<\/div>\n\t\t\t\t\t\t<\/div>\n\t\t\t\t<\/div>\n\t\t\t\t\t\t<\/div>\n\t\t\t\t\t<\/div>\n\t\t<\/div>\n\t\t\t\t<div class=\"elementor-column elementor-col-50 elementor-inner-column elementor-element elementor-element-d8bde97\" data-id=\"d8bde97\" data-element_type=\"column\">\n\t\t\t<div class=\"elementor-column-wrap elementor-element-populated\">\n\t\t\t\t\t\t\t<div class=\"elementor-widget-wrap\">\n\t\t\t\t\t\t<div class=\"elementor-element elementor-element-e363b63 elementor-widget elementor-widget-image\" data-id=\"e363b63\" data-element_type=\"widget\" data-widget_type=\"image.default\">\n\t\t\t\t<div class=\"elementor-widget-container\">\n\t\t\t\t\t\t\t\t<div class=\"elementor-image\">\n\t\t\t\t\t\t\t\t\t\t\t\t<img width=\"697\" height=\"538\" src=\"https:\/\/www.medellin.gov.co\/es\/wp-content\/uploads\/2022\/07\/Taxi-Electrico-4-e1658886973847.jpg\" class=\"attachment-large size-large\" alt=\"Taxis el\u00e9ctricos\" loading=\"lazy\" srcset=\"https:\/\/www.medellin.gov.co\/es\/wp-content\/uploads\/2022\/07\/Taxi-Electrico-4-e1658886973847.jpg 697w, https:\/\/www.medellin.gov.co\/es\/wp-content\/uploads\/2022\/07\/Taxi-Electrico-4-e1658886973847-300x232.jpg 300w, https:\/\/www.medellin.gov.co\/es\/wp-content\/uploads\/2022\/07\/Taxi-Electrico-4-e1658886973847-150x116.jpg 150w\" sizes=\"(max-width: 697px) 100vw, 697px\" \/>\t\t\t\t\t\t\t\t\t\t\t\t\t\t<\/div>\n\t\t\t\t\t\t<\/div>\n\t\t\t\t<\/div>\n\t\t\t\t\t\t<\/div>\n\t\t\t\t\t<\/div>\n\t\t<\/div>\n\t\t\t\t\t\t\t\t<\/div>\n\t\t\t\t\t<\/div>\n\t\t<\/section>\n\t\t\t\t<div class=\"elementor-element elementor-element-3b1f789 elementor-widget elementor-widget-text-editor\" data-id=\"3b1f789\" data-element_type=\"widget\" data-widget_type=\"text-editor.default\">\n\t\t\t\t<div class=\"elementor-widget-container\">\n\t\t\t\t\t\t\t\t<div class=\"elementor-text-editor elementor-clearfix\">\n\t\t\t\t<ol><li><span style=\"font-weight: 400;\"> Publicaci\u00f3n de la convocatoria<\/span><\/li><li><span style=\"font-weight: 400;\"> Inscripci\u00f3n<\/span><\/li><li><span style=\"font-weight: 400;\"> Verificaci\u00f3n de requisitos<\/span><\/li><li><span style=\"font-weight: 400;\"> Subsanaci\u00f3n de requisitos<\/span><\/li><li><span style=\"font-weight: 400;\"> Publicaci\u00f3n del listado de verificaci\u00f3n de requisitos<\/span><\/li><li><span style=\"font-weight: 400;\"> Tr\u00e1mite de recursos<\/span><\/li><li><span style=\"font-weight: 400;\"> Publicaci\u00f3n del listado definitivo<\/span><\/li><li><span style=\"font-weight: 400;\"> Asignaci\u00f3n de matr\u00edculas<\/span><\/li><li><span style=\"font-weight: 400;\"> Adquisici\u00f3n de veh\u00edculos el\u00e9ctricos e inicio de prestaci\u00f3n del servicio de <\/span>transporte p\u00fablico<\/li><\/ol>\t\t\t\t\t<\/div>\n\t\t\t\t\t\t<\/div>\n\t\t\t\t<\/div>\n\t\t\t\t\t\t<\/div>\n\t\t\t\t\t<\/div>\n\t\t<\/div>\n\t\t\t\t\t\t\t\t<\/div>\n\t\t\t\t\t<\/div>\n\t\t<\/section>\n\t\t\t\t\t\t\t\t\t<\/div>\n\t\t\t<\/div>\n\t\t\t\t\t<\/div>\n\t\t","protected":false},"excerpt":{"rendered":"<p>Etapas del proceso de convocatoria de taxis el\u00e9ctricos de Medell\u00edn Los propietarios de los veh\u00edculos de combusti\u00f3n tradicional interesados en el proyecto para promover una movilidad sostenible e inteligente en el Distrito de Medell\u00edn, deber\u00e1n &#8230;<\/p>\n","protected":false},"author":4,"featured_media":16466,"parent":77339,"menu_order":0,"comment_status":"closed","ping_status":"closed","template":"sec-movilidad\/elementor.php","meta":[],"acf":[],"_links":{"self":[{"href":"https:\/\/www.medellin.gov.co\/es\/wp-json\/wp\/v2\/pages\/82130"}],"collection":[{"href":"https:\/\/www.medellin.gov.co\/es\/wp-json\/wp\/v2\/pages"}],"about":[{"href":"https:\/\/www.medellin.gov.co\/es\/wp-json\/wp\/v2\/types\/page"}],"author":[{"embeddable":true,"href":"https:\/\/www.medellin.gov.co\/es\/wp-json\/wp\/v2\/users\/4"}],"replies":[{"embeddable":true,"href":"https:\/\/www.medellin.gov.co\/es\/wp-json\/wp\/v2\/comments?post=82130"}],"version-history":[{"count":10,"href":"https:\/\/www.medellin.gov.co\/es\/wp-json\/wp\/v2\/pages\/82130\/revisions"}],"predecessor-version":[{"id":112826,"href":"https:\/\/www.medellin.gov.co\/es\/wp-json\/wp\/v2\/pages\/82130\/revisions\/112826"}],"up":[{"embeddable":true,"href":"https:\/\/www.medellin.gov.co\/es\/wp-json\/wp\/v2\/pages\/77339"}],"wp:featuredmedia":[{"embeddable":true,"href":"https:\/\/www.medellin.gov.co\/es\/wp-json\/wp\/v2\/media\/16466"}],"wp:attachment":[{"href":"https:\/\/www.medellin.gov.co\/es\/wp-json\/wp\/v2\/media?parent=82130"}],"curies":[{"name":"wp","href":"https:\/\/api.w.org\/{rel}","templated":true}]}}