{"id":8787,"date":"2021-08-24T19:46:01","date_gmt":"2021-08-25T00:46:01","guid":{"rendered":"https:\/\/www.medellin.gov.co\/es\/?page_id=8787"},"modified":"2025-07-15T12:27:35","modified_gmt":"2025-07-15T17:27:35","slug":"mecanismos-para-la-prevencion-de-violencias","status":"publish","type":"page","link":"https:\/\/www.medellin.gov.co\/es\/secretaria-mujeres\/mecanismos-para-la-prevencion-de-violencias\/","title":{"rendered":"Mecanismos para la prevenci\u00f3n y atenci\u00f3n de violencias basadas en g\u00e9nero en Medell\u00edn"},"content":{"rendered":"\t\t<div data-elementor-type=\"wp-page\" data-elementor-id=\"8787\" class=\"elementor elementor-8787\">\n\t\t\t\t\t\t<div class=\"elementor-inner\">\n\t\t\t\t<div class=\"elementor-section-wrap\">\n\t\t\t\t\t\t\t\t\t<section class=\"elementor-section elementor-top-section elementor-element elementor-element-0df4231 elementor-section-boxed elementor-section-height-default elementor-section-height-default\" data-id=\"0df4231\" data-element_type=\"section\">\n\t\t\t\t\t\t<div class=\"elementor-container elementor-column-gap-default\">\n\t\t\t\t\t\t\t<div class=\"elementor-row\">\n\t\t\t\t\t<div class=\"elementor-column elementor-col-100 elementor-top-column elementor-element elementor-element-26afb59\" data-id=\"26afb59\" data-element_type=\"column\">\n\t\t\t<div class=\"elementor-column-wrap elementor-element-populated\">\n\t\t\t\t\t\t\t<div class=\"elementor-widget-wrap\">\n\t\t\t\t\t\t<div class=\"elementor-element elementor-element-2d28ad3 elementor-widget elementor-widget-heading\" data-id=\"2d28ad3\" data-element_type=\"widget\" data-widget_type=\"heading.default\">\n\t\t\t\t<div class=\"elementor-widget-container\">\n\t\t\t<h1 class=\"elementor-heading-title elementor-size-default\">Mecanismos para la prevenci\u00f3n y atenci\u00f3n de violencias basadas en g\u00e9nero en Medell\u00edn<\/h1>\t\t<\/div>\n\t\t\t\t<\/div>\n\t\t\t\t<div class=\"elementor-element elementor-element-2bfee55 elementor-widget elementor-widget-text-editor\" data-id=\"2bfee55\" data-element_type=\"widget\" data-widget_type=\"text-editor.default\">\n\t\t\t\t<div class=\"elementor-widget-container\">\n\t\t\t\t\t\t\t\t<div class=\"elementor-text-editor elementor-clearfix\">\n\t\t\t\t<p>En Medell\u00edn las mujeres no est\u00e1n solas, cuentan con mecanismos de atenci\u00f3n y protecci\u00f3n para acudir cuando est\u00e1n en riesgo o son v\u00edctimas de violencias basadas en g\u00e9nero: L\u00ednea 123 Agencia Mujer, hogares de acogida y atenci\u00f3n psicol\u00f3gica y jur\u00eddica.<\/p>\t\t\t\t\t<\/div>\n\t\t\t\t\t\t<\/div>\n\t\t\t\t<\/div>\n\t\t\t\t<section class=\"elementor-section elementor-inner-section elementor-element elementor-element-a94c6da elementor-section-boxed elementor-section-height-default elementor-section-height-default\" data-id=\"a94c6da\" data-element_type=\"section\">\n\t\t\t\t\t\t<div class=\"elementor-container elementor-column-gap-default\">\n\t\t\t\t\t\t\t<div class=\"elementor-row\">\n\t\t\t\t\t<div class=\"elementor-column elementor-col-50 elementor-inner-column elementor-element elementor-element-c173b58\" data-id=\"c173b58\" data-element_type=\"column\">\n\t\t\t<div class=\"elementor-column-wrap elementor-element-populated\">\n\t\t\t\t\t\t\t<div class=\"elementor-widget-wrap\">\n\t\t\t\t\t\t<div class=\"elementor-element elementor-element-c48b6f1 elementor-aspect-ratio-169 elementor-widget elementor-widget-video\" data-id=\"c48b6f1\" data-element_type=\"widget\" data-settings=\"{&quot;youtube_url&quot;:&quot;https:\\\/\\\/youtu.be\\\/d7wz9Hk0Uhs&quot;,&quot;video_type&quot;:&quot;youtube&quot;,&quot;controls&quot;:&quot;yes&quot;,&quot;aspect_ratio&quot;:&quot;169&quot;}\" data-widget_type=\"video.default\">\n\t\t\t\t<div class=\"elementor-widget-container\">\n\t\t\t\t\t<div class=\"elementor-wrapper elementor-fit-aspect-ratio elementor-open-inline\">\n\t\t\t<div class=\"elementor-video\"><\/div>\t\t<\/div>\n\t\t\t\t<\/div>\n\t\t\t\t<\/div>\n\t\t\t\t\t\t<\/div>\n\t\t\t\t\t<\/div>\n\t\t<\/div>\n\t\t\t\t<div class=\"elementor-column elementor-col-50 elementor-inner-column elementor-element elementor-element-8bb79a5\" data-id=\"8bb79a5\" data-element_type=\"column\">\n\t\t\t<div class=\"elementor-column-wrap elementor-element-populated\">\n\t\t\t\t\t\t\t<div class=\"elementor-widget-wrap\">\n\t\t\t\t\t\t<div class=\"elementor-element elementor-element-d3e69b2 elementor-aspect-ratio-169 elementor-widget elementor-widget-video\" data-id=\"d3e69b2\" data-element_type=\"widget\" data-settings=\"{&quot;youtube_url&quot;:&quot;https:\\\/\\\/youtu.be\\\/Iwfsn3-CBGA&quot;,&quot;video_type&quot;:&quot;youtube&quot;,&quot;controls&quot;:&quot;yes&quot;,&quot;aspect_ratio&quot;:&quot;169&quot;}\" data-widget_type=\"video.default\">\n\t\t\t\t<div class=\"elementor-widget-container\">\n\t\t\t\t\t<div class=\"elementor-wrapper elementor-fit-aspect-ratio elementor-open-inline\">\n\t\t\t<div class=\"elementor-video\"><\/div>\t\t<\/div>\n\t\t\t\t<\/div>\n\t\t\t\t<\/div>\n\t\t\t\t\t\t<\/div>\n\t\t\t\t\t<\/div>\n\t\t<\/div>\n\t\t\t\t\t\t\t\t<\/div>\n\t\t\t\t\t<\/div>\n\t\t<\/section>\n\t\t\t\t\t\t<\/div>\n\t\t\t\t\t<\/div>\n\t\t<\/div>\n\t\t\t\t\t\t\t\t<\/div>\n\t\t\t\t\t<\/div>\n\t\t<\/section>\n\t\t\t\t<section class=\"elementor-section elementor-top-section elementor-element elementor-element-b9190e7 elementor-section-boxed elementor-section-height-default elementor-section-height-default\" data-id=\"b9190e7\" data-element_type=\"section\">\n\t\t\t\t\t\t<div class=\"elementor-container elementor-column-gap-default\">\n\t\t\t\t\t\t\t<div class=\"elementor-row\">\n\t\t\t\t\t<div class=\"elementor-column elementor-col-100 elementor-top-column elementor-element elementor-element-1f00c0f\" data-id=\"1f00c0f\" data-element_type=\"column\">\n\t\t\t<div class=\"elementor-column-wrap elementor-element-populated\">\n\t\t\t\t\t\t\t<div class=\"elementor-widget-wrap\">\n\t\t\t\t\t\t<div class=\"elementor-element elementor-element-21ba9f0 elementor-widget elementor-widget-heading\" data-id=\"21ba9f0\" data-element_type=\"widget\" data-widget_type=\"heading.default\">\n\t\t\t\t<div class=\"elementor-widget-container\">\n\t\t\t<h2 class=\"elementor-heading-title elementor-size-default\"><b>L\u00ednea 123 <\/b> Agencia Mujer <\/h2>\t\t<\/div>\n\t\t\t\t<\/div>\n\t\t\t\t\t\t<\/div>\n\t\t\t\t\t<\/div>\n\t\t<\/div>\n\t\t\t\t\t\t\t\t<\/div>\n\t\t\t\t\t<\/div>\n\t\t<\/section>\n\t\t\t\t<section class=\"elementor-section elementor-top-section elementor-element elementor-element-6d69e50 elementor-section-boxed elementor-section-height-default elementor-section-height-default\" data-id=\"6d69e50\" data-element_type=\"section\">\n\t\t\t\t\t\t<div class=\"elementor-container elementor-column-gap-default\">\n\t\t\t\t\t\t\t<div class=\"elementor-row\">\n\t\t\t\t\t<div class=\"elementor-column elementor-col-50 elementor-top-column elementor-element elementor-element-250f903\" data-id=\"250f903\" data-element_type=\"column\">\n\t\t\t<div class=\"elementor-column-wrap elementor-element-populated\">\n\t\t\t\t\t\t\t<div class=\"elementor-widget-wrap\">\n\t\t\t\t\t\t<div class=\"elementor-element elementor-element-a270b45 elementor-widget elementor-widget-image\" data-id=\"a270b45\" data-element_type=\"widget\" data-widget_type=\"image.default\">\n\t\t\t\t<div class=\"elementor-widget-container\">\n\t\t\t\t\t\t\t\t<div class=\"elementor-image\">\n\t\t\t\t\t\t\t\t\t\t\t\t<img width=\"500\" height=\"400\" src=\"https:\/\/www.medellin.gov.co\/es\/wp-content\/uploads\/2022\/07\/20220622-Oferta-Mujeres-Migrantes-1.jpg\" class=\"attachment-large size-large\" alt=\"\" loading=\"lazy\" srcset=\"https:\/\/www.medellin.gov.co\/es\/wp-content\/uploads\/2022\/07\/20220622-Oferta-Mujeres-Migrantes-1.jpg 500w, https:\/\/www.medellin.gov.co\/es\/wp-content\/uploads\/2022\/07\/20220622-Oferta-Mujeres-Migrantes-1-300x240.jpg 300w, https:\/\/www.medellin.gov.co\/es\/wp-content\/uploads\/2022\/07\/20220622-Oferta-Mujeres-Migrantes-1-150x120.jpg 150w\" sizes=\"(max-width: 500px) 100vw, 500px\" \/>\t\t\t\t\t\t\t\t\t\t\t\t\t\t<\/div>\n\t\t\t\t\t\t<\/div>\n\t\t\t\t<\/div>\n\t\t\t\t\t\t<\/div>\n\t\t\t\t\t<\/div>\n\t\t<\/div>\n\t\t\t\t<div class=\"elementor-column elementor-col-50 elementor-top-column elementor-element elementor-element-e5821fe\" data-id=\"e5821fe\" data-element_type=\"column\">\n\t\t\t<div class=\"elementor-column-wrap elementor-element-populated\">\n\t\t\t\t\t\t\t<div class=\"elementor-widget-wrap\">\n\t\t\t\t\t\t<div class=\"elementor-element elementor-element-18df4b1 elementor-widget elementor-widget-text-editor\" data-id=\"18df4b1\" data-element_type=\"widget\" data-widget_type=\"text-editor.default\">\n\t\t\t\t<div class=\"elementor-widget-container\">\n\t\t\t\t\t\t\t\t<div class=\"elementor-text-editor elementor-clearfix\">\n\t\t\t\t<p>Es una l\u00ednea telef\u00f3nica gratuita que funciona las 24 horas, todos los d\u00edas del a\u00f1o y es atendida por un equipo de profesionales psic\u00f3logas, trabajadoras sociales, abogadas expertas en atender casos de violencias contra las mujeres.<\/p><p>Si est\u00e1s en riesgo, eres v\u00edctima de violencias o conoces un caso de violencia contra las mujeres, \u00a1ll\u00e1manos!<\/p><p><strong>Para comunicarte, debes marcar al 123<br \/>Solic\u00edtale a la persona que recibe tu llamada que te direccione a la Agencia Mujer.<\/strong><\/p><p>Tambi\u00e9n puedes comunicarte si necesitas informaci\u00f3n sobre las violencias basadas en g\u00e9nero, orientaci\u00f3n psicol\u00f3gica, intervenci\u00f3n en crisis, asesor\u00eda jur\u00eddica, acompa\u00f1amiento jur\u00eddico o acompa\u00f1amiento psicosocial en campo.<\/p>\t\t\t\t\t<\/div>\n\t\t\t\t\t\t<\/div>\n\t\t\t\t<\/div>\n\t\t\t\t\t\t<\/div>\n\t\t\t\t\t<\/div>\n\t\t<\/div>\n\t\t\t\t\t\t\t\t<\/div>\n\t\t\t\t\t<\/div>\n\t\t<\/section>\n\t\t\t\t<section class=\"elementor-section elementor-top-section elementor-element elementor-element-5c61739 elementor-section-boxed elementor-section-height-default elementor-section-height-default\" data-id=\"5c61739\" data-element_type=\"section\">\n\t\t\t\t\t\t<div class=\"elementor-container elementor-column-gap-default\">\n\t\t\t\t\t\t\t<div class=\"elementor-row\">\n\t\t\t\t\t<div class=\"elementor-column elementor-col-100 elementor-top-column elementor-element elementor-element-462e355\" data-id=\"462e355\" data-element_type=\"column\">\n\t\t\t<div class=\"elementor-column-wrap elementor-element-populated\">\n\t\t\t\t\t\t\t<div class=\"elementor-widget-wrap\">\n\t\t\t\t\t\t<div class=\"elementor-element elementor-element-90907f6 elementor-widget elementor-widget-text-editor\" data-id=\"90907f6\" data-element_type=\"widget\" data-widget_type=\"text-editor.default\">\n\t\t\t\t<div class=\"elementor-widget-container\">\n\t\t\t\t\t\t\t\t<div class=\"elementor-text-editor elementor-clearfix\">\n\t\t\t\t<p>Esta L\u00ednea est\u00e1 dirigida a:<\/p><ul><li>Mujeres en Medell\u00edn mayores de 18 a\u00f1os que est\u00e9n en riesgo o sean v\u00edctimas de violencias.<\/li><li>Adolescentes mayores de 14 a\u00f1os, v\u00edctimas de violencias por parte de su pareja o ex pareja: si tienen hijas e hijos en com\u00fan, o conviven o convivieron en la misma unidad dom\u00e9stica.<\/li><li>Mujeres mayores de 18 a\u00f1os que enfrentan barreras para acceder a la Interrupci\u00f3n Voluntaria del Embarazo (IVE).\u00a0<\/li><\/ul><p>Tambi\u00e9n, se pueden comunicar ciudadanas y ciudadanos que tengan conocimiento de una situaci\u00f3n de violencias contra las mujeres.<\/p>\t\t\t\t\t<\/div>\n\t\t\t\t\t\t<\/div>\n\t\t\t\t<\/div>\n\t\t\t\t\t\t<\/div>\n\t\t\t\t\t<\/div>\n\t\t<\/div>\n\t\t\t\t\t\t\t\t<\/div>\n\t\t\t\t\t<\/div>\n\t\t<\/section>\n\t\t\t\t<section class=\"elementor-section elementor-top-section elementor-element elementor-element-739637b elementor-section-boxed elementor-section-height-default elementor-section-height-default\" data-id=\"739637b\" data-element_type=\"section\">\n\t\t\t\t\t\t<div class=\"elementor-container elementor-column-gap-default\">\n\t\t\t\t\t\t\t<div class=\"elementor-row\">\n\t\t\t\t\t<div class=\"elementor-column elementor-col-100 elementor-top-column elementor-element elementor-element-3091760\" data-id=\"3091760\" data-element_type=\"column\">\n\t\t\t<div class=\"elementor-column-wrap elementor-element-populated\">\n\t\t\t\t\t\t\t<div class=\"elementor-widget-wrap\">\n\t\t\t\t\t\t<div class=\"elementor-element elementor-element-fd911d7 elementor-widget elementor-widget-heading\" data-id=\"fd911d7\" data-element_type=\"widget\" data-widget_type=\"heading.default\">\n\t\t\t\t<div class=\"elementor-widget-container\">\n\t\t\t<h2 class=\"elementor-heading-title elementor-size-default\"><b>Hogares <\/b>  de acogida  <\/h2>\t\t<\/div>\n\t\t\t\t<\/div>\n\t\t\t\t\t\t<\/div>\n\t\t\t\t\t<\/div>\n\t\t<\/div>\n\t\t\t\t\t\t\t\t<\/div>\n\t\t\t\t\t<\/div>\n\t\t<\/section>\n\t\t\t\t<section class=\"elementor-section elementor-top-section elementor-element elementor-element-a3ae592 elementor-section-boxed elementor-section-height-default elementor-section-height-default\" data-id=\"a3ae592\" data-element_type=\"section\">\n\t\t\t\t\t\t<div class=\"elementor-container elementor-column-gap-default\">\n\t\t\t\t\t\t\t<div class=\"elementor-row\">\n\t\t\t\t\t<div class=\"elementor-column elementor-col-50 elementor-top-column elementor-element elementor-element-2c4ed56\" data-id=\"2c4ed56\" data-element_type=\"column\">\n\t\t\t<div class=\"elementor-column-wrap elementor-element-populated\">\n\t\t\t\t\t\t\t<div class=\"elementor-widget-wrap\">\n\t\t\t\t\t\t<div class=\"elementor-element elementor-element-bec36b0 elementor-widget elementor-widget-text-editor\" data-id=\"bec36b0\" data-element_type=\"widget\" data-widget_type=\"text-editor.default\">\n\t\t\t\t<div class=\"elementor-widget-container\">\n\t\t\t\t\t\t\t\t<div class=\"elementor-text-editor elementor-clearfix\">\n\t\t\t\t<p>Son lugares seguros donde las mujeres pueden quedarse temporalmente si est\u00e1n en una situaci\u00f3n de violencia que atenta contra su vida, su integridad y su seguridad personal, pueden estar all\u00ed hasta por 3 meses o hasta que se resuelva su situaci\u00f3n.<br \/><br \/><\/p><p>Mediante este mecanismo ofrecemos alojamiento familiar, alimentaci\u00f3n, valoraci\u00f3n y seguimiento nutricional, atenci\u00f3n psicol\u00f3gica individual y grupal, asesor\u00eda jur\u00eddica y acompa\u00f1amiento jur\u00eddico, acompa\u00f1amiento psicosocial y capacitaci\u00f3n en autonom\u00eda econ\u00f3mica.<\/p><p><strong>Para comunicarte con los hogares de acogida puedes llamar a las l\u00edneas 314 700 6311 y 314 700 6544 o escribir al correo <a href=\"mailto:hogaresdeacogida@medellin.gov.co\" target=\"_blank\" rel=\"noopener\">hogaresdeacogida@medellin.gov.co<\/a><\/strong><\/p>\t\t\t\t\t<\/div>\n\t\t\t\t\t\t<\/div>\n\t\t\t\t<\/div>\n\t\t\t\t\t\t<\/div>\n\t\t\t\t\t<\/div>\n\t\t<\/div>\n\t\t\t\t<div class=\"elementor-column elementor-col-50 elementor-top-column elementor-element elementor-element-887a7d7\" data-id=\"887a7d7\" data-element_type=\"column\">\n\t\t\t<div class=\"elementor-column-wrap elementor-element-populated\">\n\t\t\t\t\t\t\t<div class=\"elementor-widget-wrap\">\n\t\t\t\t\t\t<div class=\"elementor-element elementor-element-101e207 elementor-widget elementor-widget-image\" data-id=\"101e207\" data-element_type=\"widget\" data-widget_type=\"image.default\">\n\t\t\t\t<div class=\"elementor-widget-container\">\n\t\t\t\t\t\t\t\t<div class=\"elementor-image\">\n\t\t\t\t\t\t\t\t\t\t\t\t<img width=\"916\" height=\"600\" src=\"https:\/\/www.medellin.gov.co\/es\/wp-content\/uploads\/2023\/10\/Mujeres-Siempre-vivas-San-Cristo\u0301bal.jpg\" class=\"attachment-large size-large\" alt=\"Mujeres Siempre vivas San Cristo\u0301bal\" loading=\"lazy\" srcset=\"https:\/\/www.medellin.gov.co\/es\/wp-content\/uploads\/2023\/10\/Mujeres-Siempre-vivas-San-Cristo\u0301bal.jpg 916w, https:\/\/www.medellin.gov.co\/es\/wp-content\/uploads\/2023\/10\/Mujeres-Siempre-vivas-San-Cristo\u0301bal-300x197.jpg 300w, https:\/\/www.medellin.gov.co\/es\/wp-content\/uploads\/2023\/10\/Mujeres-Siempre-vivas-San-Cristo\u0301bal-150x98.jpg 150w, https:\/\/www.medellin.gov.co\/es\/wp-content\/uploads\/2023\/10\/Mujeres-Siempre-vivas-San-Cristo\u0301bal-768x503.jpg 768w\" sizes=\"(max-width: 916px) 100vw, 916px\" \/>\t\t\t\t\t\t\t\t\t\t\t\t\t\t<\/div>\n\t\t\t\t\t\t<\/div>\n\t\t\t\t<\/div>\n\t\t\t\t\t\t<\/div>\n\t\t\t\t\t<\/div>\n\t\t<\/div>\n\t\t\t\t\t\t\t\t<\/div>\n\t\t\t\t\t<\/div>\n\t\t<\/section>\n\t\t\t\t<section class=\"elementor-section elementor-top-section elementor-element elementor-element-b534f0e elementor-section-boxed elementor-section-height-default elementor-section-height-default\" data-id=\"b534f0e\" data-element_type=\"section\">\n\t\t\t\t\t\t<div class=\"elementor-container elementor-column-gap-default\">\n\t\t\t\t\t\t\t<div class=\"elementor-row\">\n\t\t\t\t\t<div class=\"elementor-column elementor-col-100 elementor-top-column elementor-element elementor-element-7218d8e\" data-id=\"7218d8e\" data-element_type=\"column\">\n\t\t\t<div class=\"elementor-column-wrap elementor-element-populated\">\n\t\t\t\t\t\t\t<div class=\"elementor-widget-wrap\">\n\t\t\t\t\t\t<div class=\"elementor-element elementor-element-e5f4324 elementor-widget elementor-widget-text-editor\" data-id=\"e5f4324\" data-element_type=\"widget\" data-widget_type=\"text-editor.default\">\n\t\t\t\t<div class=\"elementor-widget-container\">\n\t\t\t\t\t\t\t\t<div class=\"elementor-text-editor elementor-clearfix\">\n\t\t\t\t<p>Est\u00e1n dirigidos a:\u00a0<\/p><ul><li>Mujeres en Medell\u00edn mayores de 18 a\u00f1os que se encuentren en alto riesgo de feminicidio y no tengan redes familiares.<\/li><li>Adolescentes mayores de 14 a\u00f1os v\u00edctimas de violencias por parte de su pareja o ex pareja: si tienen hijas e hijos en com\u00fan, o conviven o convivieron en la misma unidad dom\u00e9stica.<\/li><li>Hijas e hijos de las mujeres en riesgo, menores de 18 a\u00f1os y mayores de 18 a\u00f1os, con discapacidad.<\/li><\/ul><p>Para ingresar a los <em>hogares de acogida, <\/em>es necesario que:<\/p><ol><li>El agresor no haga parte de grupos armados ilegales.<\/li><li>La mujer no presente trastorno psiqui\u00e1trico que requiera manejo hospitalario.<\/li><\/ol><ol><li>La mujer no presente adicciones.<\/li><\/ol><p>Este mecanismo se realiza mediante familias acogientes, por lo que no es posible garantizar condiciones de seguridad en estas tres situaciones mencionadas.<\/p>\t\t\t\t\t<\/div>\n\t\t\t\t\t\t<\/div>\n\t\t\t\t<\/div>\n\t\t\t\t\t\t<\/div>\n\t\t\t\t\t<\/div>\n\t\t<\/div>\n\t\t\t\t\t\t\t\t<\/div>\n\t\t\t\t\t<\/div>\n\t\t<\/section>\n\t\t\t\t<section class=\"elementor-section elementor-top-section elementor-element elementor-element-b4dd713 elementor-section-boxed elementor-section-height-default elementor-section-height-default\" data-id=\"b4dd713\" data-element_type=\"section\">\n\t\t\t\t\t\t<div class=\"elementor-container elementor-column-gap-default\">\n\t\t\t\t\t\t\t<div class=\"elementor-row\">\n\t\t\t\t\t<div class=\"elementor-column elementor-col-100 elementor-top-column elementor-element elementor-element-9a1e07b\" data-id=\"9a1e07b\" data-element_type=\"column\">\n\t\t\t<div class=\"elementor-column-wrap elementor-element-populated\">\n\t\t\t\t\t\t\t<div class=\"elementor-widget-wrap\">\n\t\t\t\t\t\t<div class=\"elementor-element elementor-element-d5b6edf elementor-widget elementor-widget-heading\" data-id=\"d5b6edf\" data-element_type=\"widget\" data-widget_type=\"heading.default\">\n\t\t\t\t<div class=\"elementor-widget-container\">\n\t\t\t<h2 class=\"elementor-heading-title elementor-size-default\"><b>Atenci\u00f3n psicol\u00f3gica<\/b>  y jur\u00eddica en territorio<\/h2>\t\t<\/div>\n\t\t\t\t<\/div>\n\t\t\t\t\t\t<\/div>\n\t\t\t\t\t<\/div>\n\t\t<\/div>\n\t\t\t\t\t\t\t\t<\/div>\n\t\t\t\t\t<\/div>\n\t\t<\/section>\n\t\t\t\t<section class=\"elementor-section elementor-top-section elementor-element elementor-element-27ef0f7 elementor-section-boxed elementor-section-height-default elementor-section-height-default\" data-id=\"27ef0f7\" data-element_type=\"section\">\n\t\t\t\t\t\t<div class=\"elementor-container elementor-column-gap-default\">\n\t\t\t\t\t\t\t<div class=\"elementor-row\">\n\t\t\t\t\t<div class=\"elementor-column elementor-col-50 elementor-top-column elementor-element elementor-element-6b70d83\" data-id=\"6b70d83\" data-element_type=\"column\">\n\t\t\t<div class=\"elementor-column-wrap elementor-element-populated\">\n\t\t\t\t\t\t\t<div class=\"elementor-widget-wrap\">\n\t\t\t\t\t\t<div class=\"elementor-element elementor-element-2700dc8 elementor-widget elementor-widget-image\" data-id=\"2700dc8\" data-element_type=\"widget\" data-widget_type=\"image.default\">\n\t\t\t\t<div class=\"elementor-widget-container\">\n\t\t\t\t\t\t\t\t<div class=\"elementor-image\">\n\t\t\t\t\t\t\t\t\t\t\t\t<img width=\"1024\" height=\"684\" src=\"https:\/\/www.medellin.gov.co\/es\/wp-content\/uploads\/2023\/06\/mecanismos-de-atencion-1-1024x684.jpg\" class=\"attachment-large size-large\" alt=\"Mecanismos de atenci\u00f3n a mujeres\" loading=\"lazy\" srcset=\"https:\/\/www.medellin.gov.co\/es\/wp-content\/uploads\/2023\/06\/mecanismos-de-atencion-1-1024x684.jpg 1024w, https:\/\/www.medellin.gov.co\/es\/wp-content\/uploads\/2023\/06\/mecanismos-de-atencion-1-300x200.jpg 300w, https:\/\/www.medellin.gov.co\/es\/wp-content\/uploads\/2023\/06\/mecanismos-de-atencion-1-150x100.jpg 150w, https:\/\/www.medellin.gov.co\/es\/wp-content\/uploads\/2023\/06\/mecanismos-de-atencion-1-768x513.jpg 768w, https:\/\/www.medellin.gov.co\/es\/wp-content\/uploads\/2023\/06\/mecanismos-de-atencion-1.jpg 1200w\" sizes=\"(max-width: 1024px) 100vw, 1024px\" \/>\t\t\t\t\t\t\t\t\t\t\t\t\t\t<\/div>\n\t\t\t\t\t\t<\/div>\n\t\t\t\t<\/div>\n\t\t\t\t\t\t<\/div>\n\t\t\t\t\t<\/div>\n\t\t<\/div>\n\t\t\t\t<div class=\"elementor-column elementor-col-50 elementor-top-column elementor-element elementor-element-7a1a5a8\" data-id=\"7a1a5a8\" data-element_type=\"column\">\n\t\t\t<div class=\"elementor-column-wrap elementor-element-populated\">\n\t\t\t\t\t\t\t<div class=\"elementor-widget-wrap\">\n\t\t\t\t\t\t<div class=\"elementor-element elementor-element-0dd79aa elementor-widget elementor-widget-text-editor\" data-id=\"0dd79aa\" data-element_type=\"widget\" data-widget_type=\"text-editor.default\">\n\t\t\t\t<div class=\"elementor-widget-container\">\n\t\t\t\t\t\t\t\t<div class=\"elementor-text-editor elementor-clearfix\">\n\t\t\t\t<p>Brindamos atenci\u00f3n psicol\u00f3gica, individual y grupal, y atenci\u00f3n jur\u00eddica a mujeres en riesgo, v\u00edctimas de violencias y a aquellas que enfrentan barreras para el acceso a la IVE (interrupci\u00f3n voluntaria del embarazo), barreras en el proceso de denuncia, la gesti\u00f3n de la atenci\u00f3n en salud, barreras en el acceso a medidas de protecci\u00f3n y justicia. Todo con un equipo de profesionales con enfoque de derechos, de g\u00e9nero y enfoque diferencial.<\/p><p><strong>Tenemos distintas l\u00edneas a trav\u00e9s de las cuales puedes comunicarte con este servicio:<\/strong><strong>\u00a0<\/strong><\/p><p><strong>Comun\u00edcate al 300 587 5219<\/strong><\/p><p><strong>Escr\u00edbenos a los n\u00fameros de WhatsApp 321 467 7071 o 300 474 0530<\/strong><\/p><p><strong>Tambi\u00e9n puedes escribirnos al correo electr\u00f3nico <\/strong><strong><a href=\"mailto:atencionviolencias.mujeres@medellin.gov.co\" target=\"_blank\" rel=\"noopener\">atencionviolencias.mujeres@medellin.gov.co<\/a><\/strong><\/p>\t\t\t\t\t<\/div>\n\t\t\t\t\t\t<\/div>\n\t\t\t\t<\/div>\n\t\t\t\t\t\t<\/div>\n\t\t\t\t\t<\/div>\n\t\t<\/div>\n\t\t\t\t\t\t\t\t<\/div>\n\t\t\t\t\t<\/div>\n\t\t<\/section>\n\t\t\t\t<section class=\"elementor-section elementor-top-section elementor-element elementor-element-a96d8ac elementor-section-boxed elementor-section-height-default elementor-section-height-default\" data-id=\"a96d8ac\" data-element_type=\"section\">\n\t\t\t\t\t\t<div class=\"elementor-container elementor-column-gap-default\">\n\t\t\t\t\t\t\t<div class=\"elementor-row\">\n\t\t\t\t\t<div class=\"elementor-column elementor-col-100 elementor-top-column elementor-element elementor-element-3034b44\" data-id=\"3034b44\" data-element_type=\"column\">\n\t\t\t<div class=\"elementor-column-wrap elementor-element-populated\">\n\t\t\t\t\t\t\t<div class=\"elementor-widget-wrap\">\n\t\t\t\t\t\t<div class=\"elementor-element elementor-element-e54e8af elementor-widget elementor-widget-text-editor\" data-id=\"e54e8af\" data-element_type=\"widget\" data-widget_type=\"text-editor.default\">\n\t\t\t\t<div class=\"elementor-widget-container\">\n\t\t\t\t\t\t\t\t<div class=\"elementor-text-editor elementor-clearfix\">\n\t\t\t\t<p>A trav\u00e9s de este mecanismo ofrecemos asesor\u00eda psicol\u00f3gica, intervenci\u00f3n en crisis, grupo terap\u00e9utico, asesor\u00eda jur\u00eddica, acompa\u00f1amiento jur\u00eddico, atenci\u00f3n psicol\u00f3gica individual y grupal a hombres presuntos agresores. \u00a0<\/p><p>Pueden acceder:<\/p><ul><li>Mujeres en Medell\u00edn mayores de 18 a\u00f1os en riesgo o v\u00edctimas de violencias.<\/li><li>Adolescentes mayores de 14 a\u00f1os, v\u00edctimas de violencias por parte de su pareja o ex pareja: si tienen hijas e hijos en com\u00fan, o conviven o convivieron en la misma unidad dom\u00e9stica.<\/li><li>Mujeres mayores de 18 a\u00f1os que enfrentan barreras para acceder a su derecho fundamental a la interrupci\u00f3n voluntaria del embarazo.<\/li><li>Mujeres con afectaciones en su salud integral a causa de la violencia basada en g\u00e9nero.<\/li><\/ul><p><strong>Para la atenci\u00f3n psicol\u00f3gica de hombres presuntos agresores, tambi\u00e9n contamos con una l\u00ednea de apoyo: 310 202 5859<\/strong><\/p><p><strong>\u00a1Todo por una vida libre de violencias!<br \/><\/strong><\/p>\t\t\t\t\t<\/div>\n\t\t\t\t\t\t<\/div>\n\t\t\t\t<\/div>\n\t\t\t\t\t\t<\/div>\n\t\t\t\t\t<\/div>\n\t\t<\/div>\n\t\t\t\t\t\t\t\t<\/div>\n\t\t\t\t\t<\/div>\n\t\t<\/section>\n\t\t<div class=\"elementor-element elementor-element-6fba917 e-container--column e-container\" data-id=\"6fba917\" data-element_type=\"container\">\t\t<\/div>\t\t\t\t\t\t\t<\/div>\n\t\t\t<\/div>\n\t\t\t\t\t<\/div>\n\t\t","protected":false},"excerpt":{"rendered":"<p>Mecanismos para la prevenci\u00f3n y atenci\u00f3n de violencias basadas en g\u00e9nero en Medell\u00edn En Medell\u00edn las mujeres no est\u00e1n solas, cuentan con mecanismos de atenci\u00f3n y protecci\u00f3n para acudir cuando est\u00e1n en riesgo o son &#8230;<\/p>\n","protected":false},"author":1,"featured_media":428442,"parent":8736,"menu_order":10,"comment_status":"closed","ping_status":"closed","template":"sec-mujeres\/elementor.php","meta":[],"acf":[],"_links":{"self":[{"href":"https:\/\/www.medellin.gov.co\/es\/wp-json\/wp\/v2\/pages\/8787"}],"collection":[{"href":"https:\/\/www.medellin.gov.co\/es\/wp-json\/wp\/v2\/pages"}],"about":[{"href":"https:\/\/www.medellin.gov.co\/es\/wp-json\/wp\/v2\/types\/page"}],"author":[{"embeddable":true,"href":"https:\/\/www.medellin.gov.co\/es\/wp-json\/wp\/v2\/users\/1"}],"replies":[{"embeddable":true,"href":"https:\/\/www.medellin.gov.co\/es\/wp-json\/wp\/v2\/comments?post=8787"}],"version-history":[{"count":10,"href":"https:\/\/www.medellin.gov.co\/es\/wp-json\/wp\/v2\/pages\/8787\/revisions"}],"predecessor-version":[{"id":428459,"href":"https:\/\/www.medellin.gov.co\/es\/wp-json\/wp\/v2\/pages\/8787\/revisions\/428459"}],"up":[{"embeddable":true,"href":"https:\/\/www.medellin.gov.co\/es\/wp-json\/wp\/v2\/pages\/8736"}],"wp:featuredmedia":[{"embeddable":true,"href":"https:\/\/www.medellin.gov.co\/es\/wp-json\/wp\/v2\/media\/428442"}],"wp:attachment":[{"href":"https:\/\/www.medellin.gov.co\/es\/wp-json\/wp\/v2\/media?parent=8787"}],"curies":[{"name":"wp","href":"https:\/\/api.w.org\/{rel}","templated":true}]}}