{"id":91013,"date":"2022-08-29T12:06:08","date_gmt":"2022-08-29T17:06:08","guid":{"rendered":"https:\/\/www.medellin.gov.co\/es\/?page_id=91013"},"modified":"2025-08-14T11:41:52","modified_gmt":"2025-08-14T16:41:52","slug":"inscripcion-estudiantes-centro-de-practicas-de-la-alcaldia-de-medellin","status":"publish","type":"page","link":"https:\/\/www.medellin.gov.co\/es\/secretaria-de-gestion-humana\/centro-de-practicas\/inscripcion-estudiantes-centro-de-practicas-de-la-alcaldia-de-medellin\/","title":{"rendered":"Inscripci\u00f3n estudiantes Centro de Pr\u00e1cticas del Distrito de Medell\u00edn"},"content":{"rendered":"\t\t<div data-elementor-type=\"wp-page\" data-elementor-id=\"91013\" class=\"elementor elementor-91013\">\n\t\t\t\t\t\t<div class=\"elementor-inner\">\n\t\t\t\t<div class=\"elementor-section-wrap\">\n\t\t\t\t\t\t\t\t\t<section class=\"elementor-section elementor-top-section elementor-element elementor-element-75739e1 elementor-section-boxed elementor-section-height-default elementor-section-height-default\" data-id=\"75739e1\" data-element_type=\"section\">\n\t\t\t\t\t\t<div class=\"elementor-container elementor-column-gap-default\">\n\t\t\t\t\t\t\t<div class=\"elementor-row\">\n\t\t\t\t\t<div class=\"elementor-column elementor-col-100 elementor-top-column elementor-element elementor-element-455d141\" data-id=\"455d141\" data-element_type=\"column\">\n\t\t\t<div class=\"elementor-column-wrap elementor-element-populated\">\n\t\t\t\t\t\t\t<div class=\"elementor-widget-wrap\">\n\t\t\t\t\t\t<div class=\"elementor-element elementor-element-e12373b elementor-widget elementor-widget-heading\" data-id=\"e12373b\" data-element_type=\"widget\" data-widget_type=\"heading.default\">\n\t\t\t\t<div class=\"elementor-widget-container\">\n\t\t\t<h1 class=\"elementor-heading-title elementor-size-default\">Inscripci\u00f3n estudiantes centro de pr\u00e1cticas del Distrito de Medell\u00edn<\/h1>\t\t<\/div>\n\t\t\t\t<\/div>\n\t\t\t\t\t\t<\/div>\n\t\t\t\t\t<\/div>\n\t\t<\/div>\n\t\t\t\t\t\t\t\t<\/div>\n\t\t\t\t\t<\/div>\n\t\t<\/section>\n\t\t\t\t<section class=\"elementor-section elementor-top-section elementor-element elementor-element-3e026de elementor-section-boxed elementor-section-height-default elementor-section-height-default\" data-id=\"3e026de\" data-element_type=\"section\">\n\t\t\t\t\t\t<div class=\"elementor-container elementor-column-gap-default\">\n\t\t\t\t\t\t\t<div class=\"elementor-row\">\n\t\t\t\t\t<div class=\"elementor-column elementor-col-100 elementor-top-column elementor-element elementor-element-eb5bb34\" data-id=\"eb5bb34\" data-element_type=\"column\">\n\t\t\t<div class=\"elementor-column-wrap elementor-element-populated\">\n\t\t\t\t\t\t\t<div class=\"elementor-widget-wrap\">\n\t\t\t\t\t\t<div class=\"elementor-element elementor-element-cbe3ec6 elementor-widget elementor-widget-text-editor\" data-id=\"cbe3ec6\" data-element_type=\"widget\" data-widget_type=\"text-editor.default\">\n\t\t\t\t<div class=\"elementor-widget-container\">\n\t\t\t\t\t\t\t\t<div class=\"elementor-text-editor elementor-clearfix\">\n\t\t\t\t<p>Aqu\u00ed encontrar\u00e1s los formularios para inscribirte a la convocatoria de pr\u00e1ctica 2026-1 para las modalidades de excelencia y espec\u00edfica.<\/p>\t\t\t\t\t<\/div>\n\t\t\t\t\t\t<\/div>\n\t\t\t\t<\/div>\n\t\t\t\t\t\t<\/div>\n\t\t\t\t\t<\/div>\n\t\t<\/div>\n\t\t\t\t\t\t\t\t<\/div>\n\t\t\t\t\t<\/div>\n\t\t<\/section>\n\t\t\t\t<section class=\"elementor-section elementor-top-section elementor-element elementor-element-57f2168 elementor-section-boxed elementor-section-height-default elementor-section-height-default\" data-id=\"57f2168\" data-element_type=\"section\">\n\t\t\t\t\t\t<div class=\"elementor-container elementor-column-gap-default\">\n\t\t\t\t\t\t\t<div class=\"elementor-row\">\n\t\t\t\t\t<div class=\"elementor-column elementor-col-100 elementor-top-column elementor-element elementor-element-2b31c2c\" data-id=\"2b31c2c\" data-element_type=\"column\">\n\t\t\t<div class=\"elementor-column-wrap elementor-element-populated\">\n\t\t\t\t\t\t\t<div class=\"elementor-widget-wrap\">\n\t\t\t\t\t\t<div class=\"elementor-element elementor-element-cdbb215 elementor-widget elementor-widget-heading\" data-id=\"cdbb215\" data-element_type=\"widget\" data-widget_type=\"heading.default\">\n\t\t\t\t<div class=\"elementor-widget-container\">\n\t\t\t<h2 class=\"elementor-heading-title elementor-size-default\"><b>Inscripciones<\/b> a las pr\u00e1cticas<\/h2>\t\t<\/div>\n\t\t\t\t<\/div>\n\t\t\t\t\t\t<\/div>\n\t\t\t\t\t<\/div>\n\t\t<\/div>\n\t\t\t\t\t\t\t\t<\/div>\n\t\t\t\t\t<\/div>\n\t\t<\/section>\n\t\t\t\t<section class=\"elementor-section elementor-top-section elementor-element elementor-element-eaab744 elementor-section-boxed elementor-section-height-default elementor-section-height-default\" data-id=\"eaab744\" data-element_type=\"section\">\n\t\t\t\t\t\t<div class=\"elementor-container elementor-column-gap-default\">\n\t\t\t\t\t\t\t<div class=\"elementor-row\">\n\t\t\t\t\t<div class=\"elementor-column elementor-col-100 elementor-top-column elementor-element elementor-element-967124a\" data-id=\"967124a\" data-element_type=\"column\">\n\t\t\t<div class=\"elementor-column-wrap elementor-element-populated\">\n\t\t\t\t\t\t\t<div class=\"elementor-widget-wrap\">\n\t\t\t\t\t\t<section class=\"elementor-section elementor-inner-section elementor-element elementor-element-d18bdff elementor-section-boxed elementor-section-height-default elementor-section-height-default\" data-id=\"d18bdff\" data-element_type=\"section\">\n\t\t\t\t\t\t<div class=\"elementor-container elementor-column-gap-default\">\n\t\t\t\t\t\t\t<div class=\"elementor-row\">\n\t\t\t\t\t<div class=\"elementor-column elementor-col-50 elementor-inner-column elementor-element elementor-element-65eee07\" data-id=\"65eee07\" data-element_type=\"column\">\n\t\t\t<div class=\"elementor-column-wrap elementor-element-populated\">\n\t\t\t\t\t\t\t<div class=\"elementor-widget-wrap\">\n\t\t\t\t\t\t<div class=\"elementor-element elementor-element-c24ecce elementor-widget elementor-widget-text-editor\" data-id=\"c24ecce\" data-element_type=\"widget\" data-widget_type=\"text-editor.default\">\n\t\t\t\t<div class=\"elementor-widget-container\">\n\t\t\t\t\t\t\t\t<div class=\"elementor-text-editor elementor-clearfix\">\n\t\t\t\t<p><strong>Pr\u00e1cticas modalidad Excelencia:<\/strong><\/p><p>Escanea el c\u00f3digo QR o diligencia el<a href=\"https:\/\/forms.office.com\/r\/nxKAgL7evR?origin=lprLink\" target=\"_blank\" rel=\"noopener\"> <span style=\"color: #0000fa;\">formulario de i<span class=\"text-format-content\">nscripci\u00f3n de aspirantes a las pr\u00e1cticas excelencia<\/span>.<\/span><\/a><\/p>\t\t\t\t\t<\/div>\n\t\t\t\t\t\t<\/div>\n\t\t\t\t<\/div>\n\t\t\t\t<div class=\"elementor-element elementor-element-f7be8aa elementor-widget elementor-widget-image\" data-id=\"f7be8aa\" data-element_type=\"widget\" data-widget_type=\"image.default\">\n\t\t\t\t<div class=\"elementor-widget-container\">\n\t\t\t\t\t\t\t\t<div class=\"elementor-image\">\n\t\t\t\t\t\t\t\t\t\t\t\t\t<a href=\"https:\/\/forms.office.com\/r\/nxKAgL7evR?origin=lprLink\" target=\"_blank\">\n\t\t\t\t\t\t\t<img width=\"800\" height=\"800\" src=\"https:\/\/www.medellin.gov.co\/es\/wp-content\/uploads\/2025\/07\/QR-Formulario-de-inscripcion-de-aspirantes-a-las-practicas-excelencia.png\" class=\"attachment-full size-full\" alt=\"\" loading=\"lazy\" srcset=\"https:\/\/www.medellin.gov.co\/es\/wp-content\/uploads\/2025\/07\/QR-Formulario-de-inscripcion-de-aspirantes-a-las-practicas-excelencia.png 800w, https:\/\/www.medellin.gov.co\/es\/wp-content\/uploads\/2025\/07\/QR-Formulario-de-inscripcion-de-aspirantes-a-las-practicas-excelencia-300x300.png 300w, https:\/\/www.medellin.gov.co\/es\/wp-content\/uploads\/2025\/07\/QR-Formulario-de-inscripcion-de-aspirantes-a-las-practicas-excelencia-150x150.png 150w, https:\/\/www.medellin.gov.co\/es\/wp-content\/uploads\/2025\/07\/QR-Formulario-de-inscripcion-de-aspirantes-a-las-practicas-excelencia-768x768.png 768w\" sizes=\"(max-width: 800px) 100vw, 800px\" \/>\t\t\t\t\t\t\t\t<\/a>\n\t\t\t\t\t\t\t\t\t\t\t\t\t\t<\/div>\n\t\t\t\t\t\t<\/div>\n\t\t\t\t<\/div>\n\t\t\t\t\t\t<\/div>\n\t\t\t\t\t<\/div>\n\t\t<\/div>\n\t\t\t\t<div class=\"elementor-column elementor-col-50 elementor-inner-column elementor-element elementor-element-b6afdfc\" data-id=\"b6afdfc\" data-element_type=\"column\">\n\t\t\t<div class=\"elementor-column-wrap elementor-element-populated\">\n\t\t\t\t\t\t\t<div class=\"elementor-widget-wrap\">\n\t\t\t\t\t\t<div class=\"elementor-element elementor-element-026cec2 elementor-widget elementor-widget-text-editor\" data-id=\"026cec2\" data-element_type=\"widget\" data-widget_type=\"text-editor.default\">\n\t\t\t\t<div class=\"elementor-widget-container\">\n\t\t\t\t\t\t\t\t<div class=\"elementor-text-editor elementor-clearfix\">\n\t\t\t\t<p><strong>Pr\u00e1cticas modalidad Espec\u00edfica:<\/strong><\/p><p>Escanea el c\u00f3digo QR o diligencia el <a href=\"https:\/\/forms.office.com\/r\/LiQUdBE2C0?origin=lprLink\" target=\"_blank\" rel=\"noopener\"><span style=\"color: #0000fa;\">formulario de i<span class=\"text-format-content\">nscripci\u00f3n de aspirantes a las<\/span><\/span> <span style=\"color: #0000fa;\"><span class=\"text-format-content\">pr\u00e1cticas espec\u00edfica.<\/span><\/span><\/a><\/p>\t\t\t\t\t<\/div>\n\t\t\t\t\t\t<\/div>\n\t\t\t\t<\/div>\n\t\t\t\t<div class=\"elementor-element elementor-element-5e9a78f elementor-widget elementor-widget-image\" data-id=\"5e9a78f\" data-element_type=\"widget\" data-widget_type=\"image.default\">\n\t\t\t\t<div class=\"elementor-widget-container\">\n\t\t\t\t\t\t\t\t<div class=\"elementor-image\">\n\t\t\t\t\t\t\t\t\t\t\t\t\t<a href=\"https:\/\/forms.office.com\/r\/LiQUdBE2C0?origin=lprLink\" target=\"_blank\">\n\t\t\t\t\t\t\t<img width=\"800\" height=\"800\" src=\"https:\/\/www.medellin.gov.co\/es\/wp-content\/uploads\/2025\/07\/QR-Formulario-de-inscripcion-de-aspirantes-a-las-practicas-especifica.png\" class=\"attachment-full size-full\" alt=\"\" loading=\"lazy\" srcset=\"https:\/\/www.medellin.gov.co\/es\/wp-content\/uploads\/2025\/07\/QR-Formulario-de-inscripcion-de-aspirantes-a-las-practicas-especifica.png 800w, https:\/\/www.medellin.gov.co\/es\/wp-content\/uploads\/2025\/07\/QR-Formulario-de-inscripcion-de-aspirantes-a-las-practicas-especifica-300x300.png 300w, https:\/\/www.medellin.gov.co\/es\/wp-content\/uploads\/2025\/07\/QR-Formulario-de-inscripcion-de-aspirantes-a-las-practicas-especifica-150x150.png 150w, https:\/\/www.medellin.gov.co\/es\/wp-content\/uploads\/2025\/07\/QR-Formulario-de-inscripcion-de-aspirantes-a-las-practicas-especifica-768x768.png 768w\" sizes=\"(max-width: 800px) 100vw, 800px\" \/>\t\t\t\t\t\t\t\t<\/a>\n\t\t\t\t\t\t\t\t\t\t\t\t\t\t<\/div>\n\t\t\t\t\t\t<\/div>\n\t\t\t\t<\/div>\n\t\t\t\t\t\t<\/div>\n\t\t\t\t\t<\/div>\n\t\t<\/div>\n\t\t\t\t\t\t\t\t<\/div>\n\t\t\t\t\t<\/div>\n\t\t<\/section>\n\t\t\t\t<div class=\"elementor-element elementor-element-0ff8461 elementor-widget elementor-widget-spacer\" data-id=\"0ff8461\" data-element_type=\"widget\" data-widget_type=\"spacer.default\">\n\t\t\t\t<div class=\"elementor-widget-container\">\n\t\t\t\t\t<div class=\"elementor-spacer\">\n\t\t\t<div class=\"elementor-spacer-inner\"><\/div>\n\t\t<\/div>\n\t\t\t\t<\/div>\n\t\t\t\t<\/div>\n\t\t\t\t<div class=\"elementor-element elementor-element-a3b5f32 elementor-tablet-align-left elementor-mobile-align-center elementor-align-center elementor-widget elementor-widget-button\" data-id=\"a3b5f32\" data-element_type=\"widget\" data-widget_type=\"button.default\">\n\t\t\t\t<div class=\"elementor-widget-container\">\n\t\t\t\t\t<div class=\"elementor-button-wrapper\">\n\t\t\t<a href=\"https:\/\/www.medellin.gov.co\/es\/wp-content\/uploads\/2025\/07\/Guia-inscripcion-estudiantes-2026-1.pdf\" target=\"_blank\" class=\"elementor-button-link elementor-button elementor-size-sm\" role=\"button\">\n\t\t\t\t\t\t<span class=\"elementor-button-content-wrapper\">\n\t\t\t\t\t\t<span class=\"elementor-button-text\">cONOCE LA GU\u00cdA DE INSCRIPCI\u00d3N<\/span>\n\t\t<\/span>\n\t\t\t\t\t<\/a>\n\t\t<\/div>\n\t\t\t\t<\/div>\n\t\t\t\t<\/div>\n\t\t\t\t\t\t<\/div>\n\t\t\t\t\t<\/div>\n\t\t<\/div>\n\t\t\t\t\t\t\t\t<\/div>\n\t\t\t\t\t<\/div>\n\t\t<\/section>\n\t\t\t\t\t\t\t\t\t<\/div>\n\t\t\t<\/div>\n\t\t\t\t\t<\/div>\n\t\t","protected":false},"excerpt":{"rendered":"<p>Inscripci\u00f3n estudiantes centro de pr\u00e1cticas del Distrito de Medell\u00edn Aqu\u00ed encontrar\u00e1s los formularios para inscribirte a la convocatoria de pr\u00e1ctica 2026-1 para las modalidades de excelencia y espec\u00edfica. Inscripciones a las pr\u00e1cticas Pr\u00e1cticas modalidad Excelencia: &#8230;<\/p>\n","protected":false},"author":1,"featured_media":201104,"parent":14151,"menu_order":0,"comment_status":"closed","ping_status":"closed","template":"sec-gestion-humana\/elementor.php","meta":[],"acf":[],"_links":{"self":[{"href":"https:\/\/www.medellin.gov.co\/es\/wp-json\/wp\/v2\/pages\/91013"}],"collection":[{"href":"https:\/\/www.medellin.gov.co\/es\/wp-json\/wp\/v2\/pages"}],"about":[{"href":"https:\/\/www.medellin.gov.co\/es\/wp-json\/wp\/v2\/types\/page"}],"author":[{"embeddable":true,"href":"https:\/\/www.medellin.gov.co\/es\/wp-json\/wp\/v2\/users\/1"}],"replies":[{"embeddable":true,"href":"https:\/\/www.medellin.gov.co\/es\/wp-json\/wp\/v2\/comments?post=91013"}],"version-history":[{"count":10,"href":"https:\/\/www.medellin.gov.co\/es\/wp-json\/wp\/v2\/pages\/91013\/revisions"}],"predecessor-version":[{"id":443150,"href":"https:\/\/www.medellin.gov.co\/es\/wp-json\/wp\/v2\/pages\/91013\/revisions\/443150"}],"up":[{"embeddable":true,"href":"https:\/\/www.medellin.gov.co\/es\/wp-json\/wp\/v2\/pages\/14151"}],"wp:featuredmedia":[{"embeddable":true,"href":"https:\/\/www.medellin.gov.co\/es\/wp-json\/wp\/v2\/media\/201104"}],"wp:attachment":[{"href":"https:\/\/www.medellin.gov.co\/es\/wp-json\/wp\/v2\/media?parent=91013"}],"curies":[{"name":"wp","href":"https:\/\/api.w.org\/{rel}","templated":true}]}}