{"id":92611,"date":"2022-09-01T13:37:44","date_gmt":"2022-09-01T18:37:44","guid":{"rendered":"https:\/\/www.medellin.gov.co\/es\/?page_id=92611"},"modified":"2022-09-02T11:25:54","modified_gmt":"2022-09-02T16:25:54","slug":"deportistas-juegos-deportivos-nacionales-de-servidores-publicos","status":"publish","type":"page","link":"https:\/\/www.medellin.gov.co\/es\/secretaria-de-gestion-humana\/juegos-deportivos-nacionales-de-servidores-publicos\/deportistas-juegos-deportivos-nacionales-de-servidores-publicos\/","title":{"rendered":"Deportistas Juegos Deportivos Nacionales de Servidores P\u00fablicos\u200b"},"content":{"rendered":"\t\t<div data-elementor-type=\"wp-page\" data-elementor-id=\"92611\" class=\"elementor elementor-92611\">\n\t\t\t\t\t\t<div class=\"elementor-inner\">\n\t\t\t\t<div class=\"elementor-section-wrap\">\n\t\t\t\t\t\t\t\t\t<section class=\"elementor-section elementor-top-section elementor-element elementor-element-6547794 elementor-section-boxed elementor-section-height-default elementor-section-height-default\" data-id=\"6547794\" data-element_type=\"section\">\n\t\t\t\t\t\t<div class=\"elementor-container elementor-column-gap-default\">\n\t\t\t\t\t\t\t<div class=\"elementor-row\">\n\t\t\t\t\t<div class=\"elementor-column elementor-col-100 elementor-top-column elementor-element elementor-element-fcf1914\" data-id=\"fcf1914\" data-element_type=\"column\">\n\t\t\t<div class=\"elementor-column-wrap elementor-element-populated\">\n\t\t\t\t\t\t\t<div class=\"elementor-widget-wrap\">\n\t\t\t\t\t\t<div class=\"elementor-element elementor-element-86559a1 elementor-widget elementor-widget-heading\" data-id=\"86559a1\" data-element_type=\"widget\" data-widget_type=\"heading.default\">\n\t\t\t\t<div class=\"elementor-widget-container\">\n\t\t\t<h2 class=\"elementor-heading-title elementor-size-default\"><b>Deportistas <\/b> XXI Juegos Deportivos Nacionales de Servidores P\u00fablicos<\/h2>\t\t<\/div>\n\t\t\t\t<\/div>\n\t\t\t\t\t\t<\/div>\n\t\t\t\t\t<\/div>\n\t\t<\/div>\n\t\t\t\t\t\t\t\t<\/div>\n\t\t\t\t\t<\/div>\n\t\t<\/section>\n\t\t\t\t<section class=\"elementor-section elementor-top-section elementor-element elementor-element-c058798 elementor-section-boxed elementor-section-height-default elementor-section-height-default\" data-id=\"c058798\" data-element_type=\"section\">\n\t\t\t\t\t\t<div class=\"elementor-container elementor-column-gap-default\">\n\t\t\t\t\t\t\t<div class=\"elementor-row\">\n\t\t\t\t\t<div class=\"elementor-column elementor-col-100 elementor-top-column elementor-element elementor-element-17cf780\" data-id=\"17cf780\" data-element_type=\"column\">\n\t\t\t<div class=\"elementor-column-wrap elementor-element-populated\">\n\t\t\t\t\t\t\t<div class=\"elementor-widget-wrap\">\n\t\t\t\t\t\t<div class=\"elementor-element elementor-element-86a786c elementor-widget elementor-widget-text-editor\" data-id=\"86a786c\" data-element_type=\"widget\" data-widget_type=\"text-editor.default\">\n\t\t\t\t<div class=\"elementor-widget-container\">\n\t\t\t\t\t\t\t\t<div class=\"elementor-text-editor elementor-clearfix\">\n\t\t\t\t<p>Conoce los integrantes de la delegaci\u00f3n de la Administraci\u00f3n Distrital que participar\u00e1n en los XXI Juegos Deportivos Nacionales de Servidores P\u00fablicos a realizarse del 11 al 17 de septiembre de 2022 en la ciudad de Yopal en Casanare:<\/p><p><strong>Ajedrez<\/strong><\/p><p>Gabriel de Jes\u00fas Vel\u00e1squez V\u00e9lez | EPM.<br \/>H\u00e9ber Danilo Dom\u00ednguez C\u00e9spedes | Secretar\u00eda de Educaci\u00f3n.<br \/>Pablo Andr\u00e9s Carmona Botero | Secretar\u00eda de Educaci\u00f3n.<br \/>William Alberto Zapata Jaramillo | Secretar\u00eda de Inclusi\u00f3n Social Familia y Derechos Humanos.<\/p><p><strong>Atletismo femenino<\/strong><\/p><p>Bibiana Andrea Palacio Medina | Secretar\u00eda de Educaci\u00f3n.<br \/>Damaris Gallego Hern\u00e1ndez | Secretar\u00eda de Educaci\u00f3n.<br \/>Mar\u00eda Andrea Carmona S\u00e1nchez | Secretar\u00eda de Movilidad.<br \/>Mar\u00eda Zoenny \u00c1lvarez | Secretar\u00eda de Educaci\u00f3n.<br \/>Margarita Eugenia Jim\u00e9nez Betancur\u00a0| EPM.<br \/>Martha Osiris Moreno Palacios | Secretar\u00eda de Educaci\u00f3n.<br \/>Olga Nury Ram\u00edrez Zapata | Secretar\u00eda de Educaci\u00f3n.<br \/>Sandra Milena \u00c1lvarez Henao | Secretar\u00eda de Educaci\u00f3n.<br \/>Sonia Cristina Vergara Casta\u00f1o | Secretar\u00eda de Educaci\u00f3n.<br \/>Y\u00e9nyfer Marcela Osorio Carmona | EPM.<br \/>Yurani Rojas Montoya | Secretar\u00eda de Educaci\u00f3n.<\/p><p><strong>Atletismo masculino<\/strong><\/p><p>Andr\u00e9s C\u00e9spedes Herrera | Secretar\u00eda del Medio Ambiente.<br \/>Carlos Ferney Zapata Ram\u00edrez | EPM.<br \/>Carlos Wilder Alvarez Yepes | Secretar\u00eda de Suministros y Servicios.<br \/>Deyner Alonso Ben\u00edtez Holguin | Departamento Administrativo de Gesti\u00f3n del Riesgo de Desastres.<br \/>Jhon Jairo Cuesta | Secretar\u00eda de Educaci\u00f3n.<br \/>Joaq\u00edn Bernado C\u00f3rdoba Sossa | Secretar\u00eda de Educaci\u00f3n.<br \/>Jorge Albeiro Marulanda Llano | Secretar\u00eda de Educaci\u00f3n.<br \/>Jorge Eliecer Mart\u00ednez Yepes | EPM.<br \/>Juan Diego Paniagua Araque | Secretar\u00eda de Educaci\u00f3n.<br \/>Lineider M\u00e1pura Aricapa\u00a0| EPM.<br \/>Lis Neyder \u00c1lvarez Yepes | Secretar\u00eda de Educaci\u00f3n.<br \/>Wilson Lemus Perea | Secretar\u00eda de Educaci\u00f3n.<\/p><p><strong>Baloncesto masculino<\/strong><\/p><p>Am\u00edlcar Le\u00f3n Uribe Vega | EPM.<br \/>Jose Harry Copete Minotta | Secretar\u00eda de Movilidad.<br \/>Jos\u00e9 Luis Garc\u00eda Osorio | Secretar\u00eda de Innovaci\u00f3n Digital.<br \/>Francisco Quejada | Secretar\u00eda de Educaci\u00f3n.<br \/>Jaime Alberto Copete Perez | Secretar\u00eda de Educaci\u00f3n.<br \/>John Carlos Alvarez Grajales | Secretar\u00eda de Educaci\u00f3n.<br \/>Jorge Luis Maturana C\u00f3rdoba | Secretar\u00eda de Educaci\u00f3n.<br \/>\u00d3scar Farley Monsalve Monsalve | EPM.<br \/>\u00d3scar Fernando Ruiz D\u00eda | EPM.<br \/>V\u00edctor Hugo Duque Ramos | Secretar\u00eda de Educaci\u00f3n.<br \/>Willie Ayala Audiverth | Secretar\u00eda de Educaci\u00f3n.<br \/>Yan Carlos Borja Bejarano | Secretar\u00eda de Educaci\u00f3n.<\/p><p><strong>Baloncesto femenino<\/strong><\/p><p>\u00c1ngela Mar\u00eda Casta\u00f1o Betancur | EPM.<br \/>\u00c1ngelly Indira Mesa Londo\u00f1o | Secretar\u00eda de Educaci\u00f3n.<br \/>Catalina Mar\u00eda Betancur Vel\u00e1squez | EPM.<br \/>Cindi Tatiana Guayara Cuellar | EPM.<br \/>Diana Patricia Atehortua Bedoya | Secretar\u00eda de Educaci\u00f3n.<br \/>Eliana Patricia Hern\u00e1ndez Jaramillo | EPM.<br \/>Elcy Mar\u00eda Mosquera Asprilla | Secretar\u00eda de Educaci\u00f3n.<br \/>Glor\u00eda Elizabeth Ruiz Aguirre | Secretar\u00eda de Educaci\u00f3n.<br \/>M\u00f3nica Patricia P\u00e9rez S\u00e1nchez | Secretar\u00eda de Educaci\u00f3n.<br \/>Paula Andrea Delgado Correa | Secretar\u00eda de Movilidad.<br \/>Ruth Nohemy Villa Chavarr\u00eda | Secretar\u00eda de Educaci\u00f3n.<br \/>Yuly Andrea Giraldo Giraldo | Secretar\u00eda de Educaci\u00f3n.<\/p><p><strong>Billar<\/strong><\/p><p>Nelson Enrique Rodr\u00edguez Ruiz | Secretar\u00eda de Educaci\u00f3n.<br \/>\u00d3mar Humberto Garc\u00eda Areiza | Secretar\u00eda de Educaci\u00f3n.<br \/>\u00d3scar Fernando Rave Bustamante | EPM.<br \/>Vianey Franco Morales | EPM.<\/p><p><strong>Bolo femenino<\/strong><\/p><p>Betty Ruth Agudelo Agudelo | Secretar\u00eda de Movilidad.<br \/>Clara In\u00e9s de la Emat Trinidad Carvajal Pati\u00f1o | EPM.<br \/>Liliana Posada Quiceno | EPM.<br \/>Lina Patricia Moreno Moreno | EPM.<br \/>Madga Yaneth Osorio Tamayo | Secretar\u00eda de Educaci\u00f3n.<\/p><p><strong>Bolo Masculino<\/strong><\/p><p>Brandet \u00d3mar Maya Alarca | EPM.<br \/>Jorge Eliecer Baquero Torres | Secretar\u00eda de Gestion y Control Territorial.<br \/>Jorge Hernando Rodr\u00edguez Cabrera | Secretar\u00eda de Movilidad.<br \/>Jos\u00e9 Octavio Bustos Calderon | Secretar\u00eda de Gestion y Control Territorial.<br \/>Mauricio Orteg\u00f3n Cervera | Secretar\u00eda de Suministros y Servicios.<\/p><p><strong>Ciclismo femenino<\/strong><\/p><p>Alejandra S\u00e1nchez Agudelo | EPM.<br \/>Eliana Maritza Bedoya Varela | EPM.<br \/>Martha Aida Duque Botero | EPM.<br \/>M\u00f3nica Liliana Londo\u00f1o V\u00e9lez | EPM.<br \/>Paula Andrea Velez Rodr\u00edguez | EPM.<\/p><p><strong>Ciclismo masculino<\/strong><\/p><p>Carlos Mario Guar\u00edn Gonz\u00e1lez | Departamento Administrativo de Planeaci\u00f3n.<br \/>Fernando Parra Villegas | Secretar\u00eda de Educaci\u00f3n.<br \/>Gildebran Gil Arenas | EPM.<br \/>John Fredy Corrales Tabares | Secretar\u00eda de Educaci\u00f3n.<br \/>Juan Felipe Vanegas Upegui | Secretar\u00eda de Inclusi\u00f3n Social Familia y Derechos Humanos.<br \/>Nelson Gallego Zapata | Secretar\u00eda de la No-Violencia.<\/p><p><strong>F\u00fatbol<\/strong><\/p><p>Am\u00e9rico Copete C\u00f3rdoba | Secretar\u00eda de Educaci\u00f3n.<br \/>Anderson Rojas Zapata | Secretar\u00eda de Educaci\u00f3n.<br \/>C\u00e9sar Augusto Garc\u00eda Estrada | Secretar\u00eda de Educaci\u00f3n.<br \/>Daniel Alberto Osorio Tavera | Secretar\u00eda de Hacienda.<br \/>Daniel Casta\u00f1o Lopera | Secretar\u00eda de Educaci\u00f3n.<br \/>Daniel V\u00e9lez Ram\u00edrez | EPM.<br \/>Edwin Chaverra C\u00f3rdoba | Secretar\u00eda de Educaci\u00f3n.<br \/>Henry Alberto Mu\u00f1oz Gaviria | Secretar\u00eda de Infraestructura F\u00edsica.<br \/>Francisco Javier Echeverry | Secretar\u00eda de Educaci\u00f3n.<br \/>Jesus Antonio Mar\u00edn Ruiz | Secretar\u00eda de Inclusi\u00f3n Social Familia y Derechos Humanos.<br \/>Jose Camilo Rave Builes | Secretar\u00eda de Educaci\u00f3n.<br \/>Jhon Jairo G\u00f3mez Ru\u00edz | Secretar\u00eda de Suministros y Servicios.<br \/>Johnny Arley Zapata V\u00e9lez | Secretar\u00eda de Educaci\u00f3n.<br \/>Juan David Caro Rojas | EPM.<br \/>Julian Daniel Garc\u00eda Rojas | Secretar\u00eda de Movilidad.<br \/>Luis Alfonso Reyes Alvarez | Departamento Administrativo de Gesti\u00f3n del Riesgo de Desastres.<br \/>Mario Antonio Bustamante Osorio | Secretar\u00eda de Educaci\u00f3n.<br \/>Mario Antonio Naranjo Fulla | Secretar\u00eda de Educaci\u00f3n.<br \/>Nelson Lopera Duque | Secretar\u00eda de Movilidad.<br \/>Pr\u00f3spero Mart\u00ednez Valoyes | Secretar\u00eda de Suministros y Servicios.<br \/>Santiago Escobar Restrepo | Secretar\u00eda de Suministros y Servicios.<br \/>Steven \u00c1lvarez \u00c1lvarez | Secretar\u00eda de Educaci\u00f3n.<br \/>Yuberth Cabrera Palacios | Secretar\u00eda de Educaci\u00f3n.<\/p><p><strong>F\u00fatbol de Sal\u00f3n masculino<\/strong><\/p><p>Arnon Stiven Mazo Madera \u00a0Secretar\u00eda de Educaci\u00f3n.<br \/>Alex\u00e1nder Zapata Rico | Secretar\u00eda de Movilidad.<br \/>Camilo Echeverri Guisao | EPM.<br \/>Carlos Arturo Gonz\u00e1lez Nore\u00f1a | Secretar\u00eda de Seguridad y Convivencia.<br \/>Diego Alejandro Londo\u00f1o Villa | Secretar\u00eda de Educaci\u00f3n.<br \/>Estiven Zapata Ot\u00e1lvaro | Secretar\u00eda de Educaci\u00f3n.<br \/>\u00c9dison Humberto Giraldo Posada | Secretar\u00eda de Educaci\u00f3n.<br \/>Frank Alexander Agudelo Arismendi | EPM.<br \/>Giovanni De Jes\u00fas Hern\u00e1ndez Osorno | Secretar\u00eda de Infraestructura F\u00edsica.<br \/>Jeisson David Mazo Jaramillo | Secretar\u00eda de Movilidad.<br \/>John Edison Lopez Pati\u00f1o | Secretar\u00eda de Educaci\u00f3n.<br \/>Julio C\u00e9sar Vanegas Villa | Secretar\u00eda de Educaci\u00f3n.<\/p><p><strong>Minitejo<\/strong><\/p><p>Beatriz Elena Serna Garc\u00eda | Secretar\u00eda de Suministros y Servicios.<br \/>Liliana Patricia Vanegas Ruiz | Secretar\u00eda de Suministros y Servicios.<br \/>Maria Eloina Orrego Hern\u00e1ndez | Secretar\u00eda de Gesti\u00f3n Humana y Servicio a la Ciudadan\u00eda.<br \/>Marta Elsy Echeverri \u00c1ngel | Secretar\u00eda de Participaci\u00f3n Ciudadana.<br \/>Yanet Herlene Melo Yepes | Secretar\u00eda de Suministros y Servicios.<\/p><p><strong>Nataci\u00f3n femenina<\/strong><\/p><p>Beatriz Stella Rend\u00f3n Trujillo | Metroparques.<br \/>Lina Mar\u00eda Bustamante R\u00edos | Secretar\u00eda de Educaci\u00f3n.<br \/>Luz \u00c1ngela Arroyave P\u00e9rez | Secretar\u00eda de Educaci\u00f3n.<br \/>Maria Alejandra Torres Arboleda | Secretar\u00eda de Educaci\u00f3n.<br \/>M\u00f3nica Isabel G\u00f3mez Montoya | Secretar\u00eda General.<br \/>Yenny Andrea Galeano Ospina | Secretar\u00eda de Gesti\u00f3n y Control Territorial.<\/p><p><strong>Nataci\u00f3n masculina<\/strong><\/p><p>Diego Alejandro Guisao Carvajal | EPM.<br \/>Edison Sucerquia Vega | Secretar\u00eda de Educaci\u00f3n.<br \/>Ignacio Alberto Mar\u00edn P\u00e9rez | Secretar\u00eda de Educaci\u00f3n.<br \/>Julian Mateo Herrera Pulgar\u00edn | EPM.<br \/>Mauricio Alberto Arboleda Villa | EPM.<br \/>Miguel Fernando Franco Mesa\u00a0| Secretar\u00eda de Movilidad.<\/p><p><strong>S\u00f3ftbol<\/strong><\/p><p>Albeiro \u00c1lvarez Fern\u00e1ndez | Secretar\u00eda de Educaci\u00f3n.<br \/>Alejandro Rend\u00f3n Mar\u00edn | EPM.<br \/>Carlos Alejandro Larios Restrepo | EPM.<br \/>Carlos Andr\u00e9s Alzate Ortiz | EPM.<br \/>Harold Hair Garc\u00eda Grillo | EPM.<br \/>John Albeiro Londo\u00f1o Restrepo | Secretar\u00eda de Educaci\u00f3n.<br \/>Jos\u00e9 Fernando Arcila Arango | Secretar\u00eda de Educaci\u00f3n.<br \/>John Fredy Jaramillo Zuleta | EPM.<br \/>Jorge Ignacio Villa Morales | EPM.<br \/>Jos\u00e9 Alfonso \u00c1lvarez Diaz | EPM.<br \/>Jos\u00e9 Luis Tapias N\u00fa\u00f1ez | EPM.<br \/>Mauricio Cardona Aguirre | EPM.<br \/>Miguel \u00c1ngel Arango Zapata | EPM.<br \/>Pedro Manuel Fl\u00f3rez P\u00e9rez | Secretar\u00eda de Educaci\u00f3n.<br \/>Pedro Vitaliano Mej\u00eda Ariza | EPM.<br \/>Sergio D\u00edaz Mar\u00edn | Secretar\u00eda de Educaci\u00f3n.<\/p><p><strong>Tejo<\/strong><\/p><p>Carlos Adolfo Berr\u00edo Lopera | EPM.<br \/>H\u00e9ctor Alcides Carmona | EPM.<br \/>Luis Guillermo Vel\u00e1squez Sanchez | EPM.<br \/>Pedro Alejandro Lopera V\u00e1squez | EPM.<br \/>Walter De Jes\u00fas L\u00f3pez Chica | EPM.<\/p><p><strong>Tenis de mesa femenino<\/strong><\/p><p>Aura In\u00e9s Valencia Vanegas | Secretar\u00eda de Comunicaciones.<br \/>Jaqueline Mar\u00edn Mar\u00edn | Secretar\u00eda de Inclusi\u00f3n Social Familia y Derechos Humanos.<br \/>Luz Marina Ot\u00e1lvaro Gallego | Secretar\u00eda de Seguridad y Convivencia.<br \/>Nubia Cecilia Londo\u00f1o Cadavid | EPM.<\/p><p><strong>Tenis de mesa masculino<\/strong><\/p><p>Alveiro Zapata Posada | Secretar\u00eda de Suministros y Servicios.<br \/>Andr\u00e9s Felipe Cano Torres | EPM.<br \/>Oscar De Jes\u00fas Lora Rueda | Secretar\u00eda de Suministros y Servicios.<br \/>V\u00edctor Alfonso Restrepo Ortega | EPM.<\/p><p><strong>Tenis de campo femenino<\/strong><\/p><p>\u00c1ngela Patricia Perdomo Silva | EPM.<br \/>Johana Guzm\u00e1n Muriel | EPM.<br \/>M\u00f3nica Mar\u00eda Quiceno Diaz | Secretar\u00eda de Educaci\u00f3n.<br \/>Ruth Elena Zapata G\u00f3mez | EPM.<\/p><p><strong>Tenis de campo masculino<\/strong><\/p><p>Diego Luis Guerra Mazo | Secretar\u00eda de Educaci\u00f3n.<br \/>Luis Felipe Botero Valencia | EPM.<br \/>Luis Guillermo Ram\u00edrez Gall\u00f3n | EPM.<br \/>Tomas White castillo | Secretar\u00eda de Movilidad.<\/p><p><strong>Voleibol playa femenino<\/strong><\/p><p>Marta Elena Rojas Aristiz\u00e1bal | Secretar\u00eda de Movilidad.<br \/>Natalia Andrea Alzate P\u00e9rez | Secretar\u00eda de Salud.<\/p><p><strong>Voleibol playa masculino<\/strong><\/p><p>Kewin Alex\u00e1nder Vargas Mej\u00eda | EPM.<br \/>Albeiro de Jes\u00fas Giraldo Monsalve | EPM.<\/p><p><strong>Voleibol femenino<\/strong><\/p><p>Adriana Mar\u00eda Garc\u00eda Rinc\u00f3n | Secretar\u00eda de Educaci\u00f3n.<br \/>Claudia Marcela Aristiz\u00e1bal Ciro | Departamento Administrativo de Planeaci\u00f3n.<br \/>Eliana Cecilia Toro V\u00e1squez | Secretar\u00eda de Educaci\u00f3n.<br \/>Elizabeth Mar\u00eda Tamayo Trujillo | Secretar\u00eda de Educaci\u00f3n.<br \/>Isabel Cristina Giraldo \u00c1lvarez | EPM.<br \/>Maria Camila Saldarriaga | Secretar\u00eda de Educaci\u00f3n.<br \/>Maria Isabel Ram\u00edrez Florez | Departamento Administrativo de Gesti\u00f3n del Riesgo de Desastres.<br \/>Maria Isabel Villa Morales | EPM.<br \/>Mar\u00eda Patricia Sierra V\u00e9lez | Secretar\u00eda de Educaci\u00f3n.<br \/>Paula Andrea Cardona Ochoa | EPM.<br \/>Shirley Hasblady M\u00e1rquez \u00c1ngel | Secretar\u00eda de Educaci\u00f3n.<br \/>Yeimy Siomara Vanegas Ruiz | Secretar\u00eda de Educaci\u00f3n.<\/p><p><strong>Voleibol masculino<\/strong><\/p><p>Alejandro Echeverri Grajales | EPM.<br \/>\u00c1lvaro Alex\u00e1nder Mej\u00eda Henao | Secretar\u00eda de Educaci\u00f3n.<br \/>Ciro Ernesto Redondo Mendoza | Secretar\u00eda de Educaci\u00f3n.<br \/>David Hernando Alzate | Secretar\u00eda de Educaci\u00f3n.<br \/>Gabriel Gustavo Restrepo S\u00e1nchez | Secretar\u00eda de Educaci\u00f3n.<br \/>Gabriel Jaime Cardona Londo\u00f1o | Secretar\u00eda de Infraestructura F\u00edsica.<br \/>Hector Mauricio D\u00edaz Valencia | EPM.<br \/>Ignacio Alberto Mar\u00edn P\u00e9rez | Secretar\u00eda de Educaci\u00f3n.<br \/>Jhon Mario Garavito Rivero | Secretar\u00eda de Educaci\u00f3n.<br \/>Juan Carlos Carmona Ramos | Secretar\u00eda de Educaci\u00f3n.<br \/>Luis Felipe Villa Duarte | EPM.<br \/>Nelson Javier Rojas | Secretar\u00eda de Educaci\u00f3n.<\/p><p><strong>Delegados<\/strong><\/p><p>Paula Andrea Orrego S\u00e1nchez | Presidenta | Secretar\u00eda de Gestion Humana y Servicio a la Ciudadan\u00eda.<br \/>Carlos Alberto Yepes Peralta | Delegado | Secretar\u00eda de Gesti\u00f3n Humana y Servicio a la Ciudadan\u00eda.<br \/>Gustavo Adolfo Campuzano Rojas | Periodista | Secretar\u00eda de Comunicaciones.<br \/>Juan Fernando Gallego Duque | Periodista | Secretar\u00eda de Comunicaciones.<br \/>M\u00e9dico Deport\u00f3logo.<br \/>Fisioterapeuta 1.<br \/>Fisioterapeuta 2.<br \/>Entrenador Futbol.<br \/>Entrenador Voleibol.<\/p>\t\t\t\t\t<\/div>\n\t\t\t\t\t\t<\/div>\n\t\t\t\t<\/div>\n\t\t\t\t\t\t<\/div>\n\t\t\t\t\t<\/div>\n\t\t<\/div>\n\t\t\t\t\t\t\t\t<\/div>\n\t\t\t\t\t<\/div>\n\t\t<\/section>\n\t\t\t\t\t\t\t\t\t<\/div>\n\t\t\t<\/div>\n\t\t\t\t\t<\/div>\n\t\t","protected":false},"excerpt":{"rendered":"<p>Deportistas Juegos Deportivos Nacionales de Servidores P\u00fablicos Conoce los servidores p\u00fablicos del ente central que participar\u00e1n en los XXI Juegos Deportivos Nacionales de Servidores P\u00fablicos a realizarse del 11 al 17 de septiembre de 2022 &#8230;<\/p>\n","protected":false},"author":17,"featured_media":0,"parent":92194,"menu_order":0,"comment_status":"closed","ping_status":"closed","template":"sec-gestion-humana\/elementor.php","meta":[],"acf":[],"_links":{"self":[{"href":"https:\/\/www.medellin.gov.co\/es\/wp-json\/wp\/v2\/pages\/92611"}],"collection":[{"href":"https:\/\/www.medellin.gov.co\/es\/wp-json\/wp\/v2\/pages"}],"about":[{"href":"https:\/\/www.medellin.gov.co\/es\/wp-json\/wp\/v2\/types\/page"}],"author":[{"embeddable":true,"href":"https:\/\/www.medellin.gov.co\/es\/wp-json\/wp\/v2\/users\/17"}],"replies":[{"embeddable":true,"href":"https:\/\/www.medellin.gov.co\/es\/wp-json\/wp\/v2\/comments?post=92611"}],"version-history":[{"count":27,"href":"https:\/\/www.medellin.gov.co\/es\/wp-json\/wp\/v2\/pages\/92611\/revisions"}],"predecessor-version":[{"id":337177,"href":"https:\/\/www.medellin.gov.co\/es\/wp-json\/wp\/v2\/pages\/92611\/revisions\/337177"}],"up":[{"embeddable":true,"href":"https:\/\/www.medellin.gov.co\/es\/wp-json\/wp\/v2\/pages\/92194"}],"wp:attachment":[{"href":"https:\/\/www.medellin.gov.co\/es\/wp-json\/wp\/v2\/media?parent=92611"}],"curies":[{"name":"wp","href":"https:\/\/api.w.org\/{rel}","templated":true}]}}