{"id":93199,"date":"2022-09-02T07:17:56","date_gmt":"2022-09-02T12:17:56","guid":{"rendered":"https:\/\/www.medellin.gov.co\/es\/?page_id=93199"},"modified":"2022-09-02T07:21:50","modified_gmt":"2022-09-02T12:21:50","slug":"estrategia-zaritalla-buen-comienzo","status":"publish","type":"page","link":"https:\/\/www.medellin.gov.co\/es\/unidad-administrativa-especial-buen-comienzo\/estrategia-zaritalla-buen-comienzo\/","title":{"rendered":"Estrategia Zaritalla Buen Comienzo"},"content":{"rendered":"\t\t<div data-elementor-type=\"wp-page\" data-elementor-id=\"93199\" class=\"elementor elementor-93199\">\n\t\t\t\t\t\t<div class=\"elementor-inner\">\n\t\t\t\t<div class=\"elementor-section-wrap\">\n\t\t\t\t\t\t\t\t\t<section class=\"elementor-section elementor-top-section elementor-element elementor-element-2aa03b0 elementor-section-boxed elementor-section-height-default elementor-section-height-default\" data-id=\"2aa03b0\" data-element_type=\"section\">\n\t\t\t\t\t\t<div class=\"elementor-container elementor-column-gap-default\">\n\t\t\t\t\t\t\t<div class=\"elementor-row\">\n\t\t\t\t\t<div class=\"elementor-column elementor-col-100 elementor-top-column elementor-element elementor-element-faebdd4\" data-id=\"faebdd4\" data-element_type=\"column\">\n\t\t\t<div class=\"elementor-column-wrap elementor-element-populated\">\n\t\t\t\t\t\t\t<div class=\"elementor-widget-wrap\">\n\t\t\t\t\t\t<div class=\"elementor-element elementor-element-2e8c9c3 elementor-widget elementor-widget-heading\" data-id=\"2e8c9c3\" data-element_type=\"widget\" data-widget_type=\"heading.default\">\n\t\t\t\t<div class=\"elementor-widget-container\">\n\t\t\t<h1 class=\"elementor-heading-title elementor-size-default\">Estrategia Zaritalla Buen Comienzo<\/h1>\t\t<\/div>\n\t\t\t\t<\/div>\n\t\t\t\t\t\t<\/div>\n\t\t\t\t\t<\/div>\n\t\t<\/div>\n\t\t\t\t\t\t\t\t<\/div>\n\t\t\t\t\t<\/div>\n\t\t<\/section>\n\t\t\t\t<section class=\"elementor-section elementor-top-section elementor-element elementor-element-f0fb219 elementor-section-boxed elementor-section-height-default elementor-section-height-default\" data-id=\"f0fb219\" data-element_type=\"section\">\n\t\t\t\t\t\t<div class=\"elementor-container elementor-column-gap-default\">\n\t\t\t\t\t\t\t<div class=\"elementor-row\">\n\t\t\t\t\t<div class=\"elementor-column elementor-col-100 elementor-top-column elementor-element elementor-element-a62d233\" data-id=\"a62d233\" data-element_type=\"column\">\n\t\t\t<div class=\"elementor-column-wrap elementor-element-populated\">\n\t\t\t\t\t\t\t<div class=\"elementor-widget-wrap\">\n\t\t\t\t\t\t<section class=\"elementor-section elementor-inner-section elementor-element elementor-element-a870b91 elementor-section-boxed elementor-section-height-default elementor-section-height-default\" data-id=\"a870b91\" data-element_type=\"section\">\n\t\t\t\t\t\t<div class=\"elementor-container elementor-column-gap-default\">\n\t\t\t\t\t\t\t<div class=\"elementor-row\">\n\t\t\t\t\t<div class=\"elementor-column elementor-col-50 elementor-inner-column elementor-element elementor-element-5db7dc4\" data-id=\"5db7dc4\" data-element_type=\"column\">\n\t\t\t<div class=\"elementor-column-wrap elementor-element-populated\">\n\t\t\t\t\t\t\t<div class=\"elementor-widget-wrap\">\n\t\t\t\t\t\t<div class=\"elementor-element elementor-element-a4ffa9b elementor-widget elementor-widget-text-editor\" data-id=\"a4ffa9b\" data-element_type=\"widget\" data-widget_type=\"text-editor.default\">\n\t\t\t\t<div class=\"elementor-widget-container\">\n\t\t\t\t\t\t\t\t<div class=\"elementor-text-editor elementor-clearfix\">\n\t\t\t\t<div>Llega a Buen Comienzo \u00a1La Zaritalla!<\/div><div><br \/><div>Un personaje con el que haremos monitoreo al crecimiento de los ni\u00f1os y ni\u00f1as de la ciudad y que de manera pedag\u00f3gica facilitar\u00e1 a las familias estar atentos a la talla de los ni\u00f1os de acuerdo a su edad.<\/div><div>\u00a0<\/div><\/div><div><div>Esta estrategia no reemplaza el seguimiento de valoraci\u00f3n integral del sector salud o de las nutricionistas de Buen Comienzo.<\/div><div>\u00a0<\/div>Una vez los padres de familia o adultos responsables, tomen la talla de sus hijos en la Zaritalla podr\u00e1n solicitar orientaci\u00f3n de los profesionales de la sede de atenci\u00f3n de Buen Comienzo o de la EPS en la que consulte.<\/div>\t\t\t\t\t<\/div>\n\t\t\t\t\t\t<\/div>\n\t\t\t\t<\/div>\n\t\t\t\t\t\t<\/div>\n\t\t\t\t\t<\/div>\n\t\t<\/div>\n\t\t\t\t<div class=\"elementor-column elementor-col-50 elementor-inner-column elementor-element elementor-element-16f4f43\" data-id=\"16f4f43\" data-element_type=\"column\">\n\t\t\t<div class=\"elementor-column-wrap elementor-element-populated\">\n\t\t\t\t\t\t\t<div class=\"elementor-widget-wrap\">\n\t\t\t\t\t\t<div class=\"elementor-element elementor-element-ad733e5 elementor-widget elementor-widget-image\" data-id=\"ad733e5\" data-element_type=\"widget\" data-widget_type=\"image.default\">\n\t\t\t\t<div class=\"elementor-widget-container\">\n\t\t\t\t\t\t\t\t<div class=\"elementor-image\">\n\t\t\t\t\t\t\t\t\t\t\t\t<img width=\"1024\" height=\"682\" src=\"https:\/\/www.medellin.gov.co\/es\/wp-content\/uploads\/2022\/08\/Jardin-Buen-Comienzo-Renacer-1-1024x682.jpeg\" class=\"attachment-large size-large\" alt=\"Leyton Chica, durante la inauguraci\u00f3n del Jard\u00edn infantil Gran Comienzo \u201cRenacer de Buenos Aires\u201d. Foto Laura Amador\" loading=\"lazy\" srcset=\"https:\/\/www.medellin.gov.co\/es\/wp-content\/uploads\/2022\/08\/Jardin-Buen-Comienzo-Renacer-1-1024x682.jpeg 1024w, https:\/\/www.medellin.gov.co\/es\/wp-content\/uploads\/2022\/08\/Jardin-Buen-Comienzo-Renacer-1-300x200.jpeg 300w, https:\/\/www.medellin.gov.co\/es\/wp-content\/uploads\/2022\/08\/Jardin-Buen-Comienzo-Renacer-1-150x100.jpeg 150w, https:\/\/www.medellin.gov.co\/es\/wp-content\/uploads\/2022\/08\/Jardin-Buen-Comienzo-Renacer-1-768x512.jpeg 768w, https:\/\/www.medellin.gov.co\/es\/wp-content\/uploads\/2022\/08\/Jardin-Buen-Comienzo-Renacer-1.jpeg 1280w\" sizes=\"(max-width: 1024px) 100vw, 1024px\" \/>\t\t\t\t\t\t\t\t\t\t\t\t\t\t<\/div>\n\t\t\t\t\t\t<\/div>\n\t\t\t\t<\/div>\n\t\t\t\t\t\t<\/div>\n\t\t\t\t\t<\/div>\n\t\t<\/div>\n\t\t\t\t\t\t\t\t<\/div>\n\t\t\t\t\t<\/div>\n\t\t<\/section>\n\t\t\t\t<div class=\"elementor-element elementor-element-7fe034f elementor-tablet-align-left elementor-mobile-align-center elementor-widget elementor-widget-button\" data-id=\"7fe034f\" data-element_type=\"widget\" data-widget_type=\"button.default\">\n\t\t\t\t<div class=\"elementor-widget-container\">\n\t\t\t\t\t<div class=\"elementor-button-wrapper\">\n\t\t\t<a href=\"https:\/\/www.medellin.gov.co\/es\/wp-content\/uploads\/2022\/09\/Cuento-de-la-Zaritalla-Buen-Comienzo.pdf\" target=\"_blank\" class=\"elementor-button-link elementor-button elementor-size-sm\" role=\"button\">\n\t\t\t\t\t\t<span class=\"elementor-button-content-wrapper\">\n\t\t\t\t\t\t<span class=\"elementor-button-text\">Conoce el cuento de La Zaritalla<\/span>\n\t\t<\/span>\n\t\t\t\t\t<\/a>\n\t\t<\/div>\n\t\t\t\t<\/div>\n\t\t\t\t<\/div>\n\t\t\t\t\t\t<\/div>\n\t\t\t\t\t<\/div>\n\t\t<\/div>\n\t\t\t\t\t\t\t\t<\/div>\n\t\t\t\t\t<\/div>\n\t\t<\/section>\n\t\t\t\t\t\t\t\t\t<\/div>\n\t\t\t<\/div>\n\t\t\t\t\t<\/div>\n\t\t","protected":false},"excerpt":{"rendered":"<p>Estrategia Zaritalla Buen Comienzo Llega a Buen Comienzo \u00a1La Zaritalla!Un personaje con el que haremos monitoreo al crecimiento de los ni\u00f1os y ni\u00f1as de la ciudad y que de manera pedag\u00f3gica facilitar\u00e1 a las familias &#8230;<\/p>\n","protected":false},"author":1,"featured_media":0,"parent":14325,"menu_order":0,"comment_status":"closed","ping_status":"closed","template":"sec-buencomienzo\/elementor.php","meta":[],"acf":[],"_links":{"self":[{"href":"https:\/\/www.medellin.gov.co\/es\/wp-json\/wp\/v2\/pages\/93199"}],"collection":[{"href":"https:\/\/www.medellin.gov.co\/es\/wp-json\/wp\/v2\/pages"}],"about":[{"href":"https:\/\/www.medellin.gov.co\/es\/wp-json\/wp\/v2\/types\/page"}],"author":[{"embeddable":true,"href":"https:\/\/www.medellin.gov.co\/es\/wp-json\/wp\/v2\/users\/1"}],"replies":[{"embeddable":true,"href":"https:\/\/www.medellin.gov.co\/es\/wp-json\/wp\/v2\/comments?post=93199"}],"version-history":[{"count":4,"href":"https:\/\/www.medellin.gov.co\/es\/wp-json\/wp\/v2\/pages\/93199\/revisions"}],"predecessor-version":[{"id":93208,"href":"https:\/\/www.medellin.gov.co\/es\/wp-json\/wp\/v2\/pages\/93199\/revisions\/93208"}],"up":[{"embeddable":true,"href":"https:\/\/www.medellin.gov.co\/es\/wp-json\/wp\/v2\/pages\/14325"}],"wp:attachment":[{"href":"https:\/\/www.medellin.gov.co\/es\/wp-json\/wp\/v2\/media?parent=93199"}],"curies":[{"name":"wp","href":"https:\/\/api.w.org\/{rel}","templated":true}]}}