{"id":31,"date":"2022-09-14T10:08:29","date_gmt":"2022-09-14T15:08:29","guid":{"rendered":"https:\/\/www.medellin.gov.cohttp:\/\/10.1.222.241:3015\/?page_id=31"},"modified":"2023-01-27T14:52:54","modified_gmt":"2023-01-27T19:52:54","slug":"definicion","status":"publish","type":"page","link":"\/mujeresmedellin\/definicion\/","title":{"rendered":"Definici\u00f3n"},"content":{"rendered":"\t\t<div data-elementor-type=\"wp-page\" data-elementor-id=\"31\" class=\"elementor elementor-31\">\n\t\t\t\t\t\t\t\t\t<section class=\"elementor-section elementor-top-section elementor-element elementor-element-5701d1e elementor-section-full_width elementor-section-height-min-height elementor-section-height-default elementor-section-items-middle\" data-id=\"5701d1e\" data-element_type=\"section\" data-settings=\"{&quot;background_background&quot;:&quot;classic&quot;}\">\n\t\t\t\t\t\t<div class=\"elementor-container elementor-column-gap-narrow\">\n\t\t\t\t\t<div class=\"elementor-column elementor-col-100 elementor-top-column elementor-element elementor-element-93e3e0c\" data-id=\"93e3e0c\" data-element_type=\"column\" data-settings=\"{&quot;background_background&quot;:&quot;classic&quot;}\">\n\t\t\t<div class=\"elementor-widget-wrap elementor-element-populated\">\n\t\t\t\t\t\t\t\t<div class=\"elementor-element elementor-element-29f7f92 elementor-widget elementor-widget-spacer\" data-id=\"29f7f92\" data-element_type=\"widget\" data-widget_type=\"spacer.default\">\n\t\t\t\t<div class=\"elementor-widget-container\">\n\t\t\t<style>\/*! elementor - v3.12.2 - 23-04-2023 *\/\n.elementor-column .elementor-spacer-inner{height:var(--spacer-size)}.e-con{--container-widget-width:100%}.e-con-inner>.elementor-widget-spacer,.e-con>.elementor-widget-spacer{width:var(--container-widget-width,var(--spacer-size));--align-self:var(--container-widget-align-self,initial);--flex-shrink:0}.e-con-inner>.elementor-widget-spacer>.elementor-widget-container,.e-con-inner>.elementor-widget-spacer>.elementor-widget-container>.elementor-spacer,.e-con>.elementor-widget-spacer>.elementor-widget-container,.e-con>.elementor-widget-spacer>.elementor-widget-container>.elementor-spacer{height:100%}.e-con-inner>.elementor-widget-spacer>.elementor-widget-container>.elementor-spacer>.elementor-spacer-inner,.e-con>.elementor-widget-spacer>.elementor-widget-container>.elementor-spacer>.elementor-spacer-inner{height:var(--container-widget-height,var(--spacer-size))}<\/style>\t\t<div class=\"elementor-spacer\">\n\t\t\t<div class=\"elementor-spacer-inner\"><\/div>\n\t\t<\/div>\n\t\t\t\t<\/div>\n\t\t\t\t<\/div>\n\t\t\t\t<div class=\"elementor-element elementor-element-ea934c5 elementor-widget__width-inherit animated-slow e-transform elementor-invisible elementor-widget elementor-widget-heading\" data-id=\"ea934c5\" data-element_type=\"widget\" data-settings=\"{&quot;_animation&quot;:&quot;fadeInUp&quot;,&quot;_animation_delay&quot;:0,&quot;_transform_scale_effect&quot;:{&quot;unit&quot;:&quot;px&quot;,&quot;size&quot;:1.3,&quot;sizes&quot;:[]},&quot;_transform_scale_effect_tablet&quot;:{&quot;unit&quot;:&quot;px&quot;,&quot;size&quot;:&quot;&quot;,&quot;sizes&quot;:[]},&quot;_transform_scale_effect_mobile&quot;:{&quot;unit&quot;:&quot;px&quot;,&quot;size&quot;:&quot;&quot;,&quot;sizes&quot;:[]}}\" data-widget_type=\"heading.default\">\n\t\t\t\t<div class=\"elementor-widget-container\">\n\t\t\t<style>\/*! elementor - v3.12.2 - 23-04-2023 *\/\n.elementor-heading-title{padding:0;margin:0;line-height:1}.elementor-widget-heading .elementor-heading-title[class*=elementor-size-]>a{color:inherit;font-size:inherit;line-height:inherit}.elementor-widget-heading .elementor-heading-title.elementor-size-small{font-size:15px}.elementor-widget-heading .elementor-heading-title.elementor-size-medium{font-size:19px}.elementor-widget-heading .elementor-heading-title.elementor-size-large{font-size:29px}.elementor-widget-heading .elementor-heading-title.elementor-size-xl{font-size:39px}.elementor-widget-heading .elementor-heading-title.elementor-size-xxl{font-size:59px}<\/style><h2 class=\"elementor-heading-title elementor-size-large\">Definici\u00f3n<\/h2>\t\t<\/div>\n\t\t\t\t<\/div>\n\t\t\t\t<div class=\"elementor-element elementor-element-cf40b09 animated-slow elementor-invisible elementor-widget elementor-widget-text-editor\" data-id=\"cf40b09\" data-element_type=\"widget\" data-settings=\"{&quot;_animation&quot;:&quot;fadeInUp&quot;,&quot;_animation_delay&quot;:0}\" data-widget_type=\"text-editor.default\">\n\t\t\t\t<div class=\"elementor-widget-container\">\n\t\t\t<style>\/*! elementor - v3.12.2 - 23-04-2023 *\/\n.elementor-widget-text-editor.elementor-drop-cap-view-stacked .elementor-drop-cap{background-color:#69727d;color:#fff}.elementor-widget-text-editor.elementor-drop-cap-view-framed .elementor-drop-cap{color:#69727d;border:3px solid;background-color:transparent}.elementor-widget-text-editor:not(.elementor-drop-cap-view-default) .elementor-drop-cap{margin-top:8px}.elementor-widget-text-editor:not(.elementor-drop-cap-view-default) .elementor-drop-cap-letter{width:1em;height:1em}.elementor-widget-text-editor .elementor-drop-cap{float:left;text-align:center;line-height:1;font-size:50px}.elementor-widget-text-editor .elementor-drop-cap-letter{display:inline-block}<\/style>\t\t\t\t<p><span style=\"color: #808080;\">La Secretar\u00eda de las Mujeres tiene como misi\u00f3n contribuir a la igualdad de derechos y oportunidades entre mujeres y hombres y aportar a la disminuci\u00f3n de pr\u00e1cticas discriminatorias que atenten contra el desarrollo pol\u00edtico, social, econ\u00f3mico y cultural de las mujeres del Municipio de Medell\u00edn, a trav\u00e9s de la implementaci\u00f3n de la Pol\u00edtica P\u00fablica para las Mujeres Urbanas y Rurales de la ciudad &#8211; Acuerdo 22 de 2003.<\/span><\/p>\n<p><span style=\"color: #808080;\">La equidad de g\u00e9nero empieza a ser parte de la agenda gubernamental de Medell\u00edn en la d\u00e9cada&nbsp;<\/span><span style=\"color: rgb(128, 128, 128); font-style: inherit; font-weight: inherit; letter-spacing: -0.2px;\">de los 90, con la aparici\u00f3n de instancias p\u00fablicas como la Oficina de la Mujer en 1992 y la Casa de&nbsp;<\/span><span style=\"color: rgb(128, 128, 128); font-style: inherit; font-weight: inherit; letter-spacing: -0.2px;\">la Mujer en 1994, las cuales ten\u00edan como objetivo disminuir la desigualdad de g\u00e9nero en la ciudad;&nbsp;<\/span><span style=\"color: rgb(128, 128, 128); font-style: inherit; font-weight: inherit; letter-spacing: -0.2px;\">sin embargo, es en el a\u00f1o 2002 cuando inicia la materializaci\u00f3n de esta apuesta a trav\u00e9s de la&nbsp;<\/span><span style=\"font-style: inherit; font-weight: inherit; letter-spacing: -0.2px; color: rgb(128, 128, 128);\">creaci\u00f3n de la Subsecretar\u00eda Metromujer y la formulaci\u00f3n de la pol\u00edtica p\u00fablica de mujeres urbanas&nbsp;<\/span><span style=\"font-style: inherit; font-weight: inherit; letter-spacing: -0.2px; color: rgb(128, 128, 128);\">y rurales de Medell\u00edn en 2003.&nbsp;<\/span><\/p><p><span style=\"font-style: inherit; font-weight: inherit; letter-spacing: -0.2px; color: rgb(128, 128, 128);\">Para 2007, Metromujer alcanza su mayor institucionalizaci\u00f3n con el&nbsp;<\/span><span style=\"color: rgb(128, 128, 128); font-style: inherit; font-weight: inherit; letter-spacing: -0.2px;\">ascenso al m\u00e1s alto rango administrativo: una Secretar\u00eda. As\u00ed, a trav\u00e9s del Acuerdo 01 de 2007 se&nbsp;<\/span><span style=\"color: rgb(128, 128, 128); font-style: inherit; font-weight: inherit; letter-spacing: -0.2px;\">crea de las Mujeres de Medell\u00edn, dependencia responsable de liderar la formulaci\u00f3n, articulaci\u00f3n,&nbsp;<\/span><span style=\"color: rgb(128, 128, 128); font-style: inherit; font-weight: inherit; letter-spacing: -0.2px;\">coordinaci\u00f3n e implementaci\u00f3n de las pol\u00edticas p\u00fablicas y estrategias tendientes a la promoci\u00f3n,&nbsp;<\/span><span style=\"color: rgb(128, 128, 128); font-style: inherit; font-weight: inherit; letter-spacing: -0.2px;\">protecci\u00f3n, restituci\u00f3n y garant\u00eda de los derechos de las mujeres urbanas y rurales de Medell\u00edn.<\/span><\/p>\n<p><span style=\"color: #808080;\">Con la Secretar\u00eda, Medell\u00edn se convirti\u00f3 en la primera ciudad colombiana con una dependencia de&nbsp;<\/span><span style=\"color: rgb(128, 128, 128); font-style: inherit; font-weight: inherit; letter-spacing: -0.2px;\">este nivel para el direccionamiento de la acci\u00f3n p\u00fablica hacia la igualdad de g\u00e9nero.&nbsp;<\/span><span style=\"color: rgb(128, 128, 128); font-style: inherit; font-weight: inherit; letter-spacing: -0.2px;\">Con el paso del tiempo, se hizo evidente una necesidad para la Secretar\u00eda de las Mujeres: contar&nbsp;<\/span><span style=\"color: rgb(128, 128, 128); font-style: inherit; font-weight: inherit; letter-spacing: -0.2px;\">con una alternativa de soluci\u00f3n que permitiera conocer y hacer seguimiento a los avances de la&nbsp;<\/span><span style=\"color: rgb(128, 128, 128); font-style: inherit; font-weight: inherit; letter-spacing: -0.2px;\">pol\u00edtica p\u00fablica, la gesti\u00f3n de la Secretar\u00eda, sus vac\u00edos y sus efectos en las poblaciones. As\u00ed,&nbsp;<\/span><span style=\"color: rgb(128, 128, 128); font-style: inherit; font-weight: inherit; letter-spacing: -0.2px;\">desde 2014, la dependencia comenz\u00f3 un arduo camino para el dise\u00f1o e implementaci\u00f3n del&nbsp;<\/span><span style=\"color: rgb(128, 128, 128); font-style: inherit; font-weight: inherit; letter-spacing: -0.2px;\">Sistema de Informaci\u00f3n y Conocimiento Sobre G\u00e9nero en Medell\u00edn \u2013 SICGEM, una&nbsp;<\/span><span style=\"color: rgb(128, 128, 128); font-style: inherit; font-weight: inherit; letter-spacing: -0.2px;\">herramienta desarrollada para identificar, observar y analizar problemas socialmente relevantes&nbsp;<\/span><span style=\"color: rgb(128, 128, 128); font-style: inherit; font-weight: inherit; letter-spacing: -0.2px;\">respecto de las situaciones de desigualdad que viven las mujeres de la ciudad, as\u00ed como realizar&nbsp;<\/span><span style=\"color: rgb(128, 128, 128); font-style: inherit; font-weight: inherit; letter-spacing: -0.2px;\">recomendaciones de pol\u00edtica p\u00fablica para la toma de decisiones y control de recursos para el&nbsp;<\/span><span style=\"color: rgb(128, 128, 128); font-style: inherit; font-weight: inherit; letter-spacing: -0.2px;\">pleno ejercicio de la ciudadan\u00eda.<\/span><\/p>\n<p><span style=\"color: #808080;\">Todos estos a\u00f1os, el SICGEM ha permitido realizar un seguimiento constante de los proyectos de&nbsp;<\/span><span style=\"color: rgb(128, 128, 128); font-style: inherit; font-weight: inherit; letter-spacing: -0.2px;\">gesti\u00f3n de la Secretar\u00eda de las Mujeres en concordancia con cada Plan de Desarrollo y sus&nbsp;<\/span><span style=\"color: rgb(128, 128, 128); font-style: inherit; font-weight: inherit; letter-spacing: -0.2px;\">respectivos Planes Indicativos y de Acci\u00f3n. Adem\u00e1s, cuenta con un m\u00f3dulo de Publicaciones en el&nbsp;<\/span><span style=\"color: rgb(128, 128, 128); font-style: inherit; font-weight: inherit; letter-spacing: -0.2px;\">cual se tiene almacenada toda la memoria documental que ha sido producto del trabajo de la&nbsp;<\/span><span style=\"color: rgb(128, 128, 128); font-style: inherit; font-weight: inherit; letter-spacing: -0.2px;\">Secretar\u00eda desde 2003. As\u00ed, en corto plazo, se espera lograr un dise\u00f1o tecnol\u00f3gico que permita&nbsp;<\/span><span style=\"font-style: inherit; font-weight: inherit; letter-spacing: -0.2px; color: rgb(128, 128, 128);\">realizar el seguimiento a la pol\u00edtica p\u00fablica y a los proyectos marcados con trazador presupuestal&nbsp;<\/span><span style=\"font-style: inherit; font-weight: inherit; letter-spacing: -0.2px; color: rgb(128, 128, 128);\">en la Administraci\u00f3n distrital en su conjunto.<\/span><\/p>\n<p><span style=\"color: rgb(128, 128, 128); font-style: inherit; font-weight: inherit; letter-spacing: -0.2px;\">Es importante destacar que el SICGEM cuenta con un antecedente que tuvo lugar entre 2002 y&nbsp;<\/span><span style=\"color: rgb(128, 128, 128); font-style: inherit; font-weight: inherit; letter-spacing: -0.2px;\">2008, el cual se llam\u00f3 Sistema de Informaci\u00f3n para el Desarrollo Integral de las Mujeres &#8211; SIM, y&nbsp;<\/span><span style=\"color: rgb(128, 128, 128); font-style: inherit; font-weight: inherit; letter-spacing: -0.2px;\">que fue implementado por Metromujer. Este sistema buscaba producir y difundir informaci\u00f3n sobre&nbsp;<\/span><span style=\"color: rgb(128, 128, 128); font-style: inherit; font-weight: inherit; letter-spacing: -0.2px;\">la situaci\u00f3n y posici\u00f3n de las mujeres en la ciudad con el objetivo de que los diferentes organismos&nbsp;<\/span><span style=\"color: rgb(128, 128, 128); font-style: inherit; font-weight: inherit; letter-spacing: -0.2px;\">gubernamentales y no gubernamentales, las organizaciones de mujeres y comunitarias, y la&nbsp;<\/span><span style=\"color: rgb(128, 128, 128); font-style: inherit; font-weight: inherit; letter-spacing: -0.2px;\">sociedad civil promovieran, planificaran y gestionaran acciones tendientes al desarrollo integral de&nbsp;<\/span><span style=\"color: rgb(128, 128, 128); font-style: inherit; font-weight: inherit; letter-spacing: -0.2px;\">las mujeres en el marco de la equidad social y de g\u00e9nero.<\/span><\/p>\n<p>L<\/p>\t\t\t\t\t\t<\/div>\n\t\t\t\t<\/div>\n\t\t\t\t<div class=\"elementor-element elementor-element-23fdfee elementor-absolute elementor-widget__width-initial elementor-view-default elementor-widget elementor-widget-icon\" data-id=\"23fdfee\" data-element_type=\"widget\" data-settings=\"{&quot;_position&quot;:&quot;absolute&quot;}\" data-widget_type=\"icon.default\">\n\t\t\t\t<div class=\"elementor-widget-container\">\n\t\t\t\t\t<div class=\"elementor-icon-wrapper\">\n\t\t\t<a class=\"elementor-icon elementor-animation-shrink\" href=\"#elementor-action%3Aaction%3Dpopup%3Aopen%26settings%3DeyJpZCI6IjYxMiIsInRvZ2dsZSI6ZmFsc2V9\">\n\t\t\t<svg xmlns=\"http:\/\/www.w3.org\/2000\/svg\" fill=\"#000000\" viewBox=\"0 0 32 32\" width=\"256px\" height=\"256px\"><path d=\"M 4 7 L 4 9 L 28 9 L 28 7 Z M 4 15 L 4 17 L 28 17 L 28 15 Z M 4 23 L 4 25 L 28 25 L 28 23 Z\"><\/path><\/svg>\t\t\t<\/a>\n\t\t<\/div>\n\t\t\t\t<\/div>\n\t\t\t\t<\/div>\n\t\t\t\t<div class=\"elementor-element elementor-element-5dcc949 elementor-absolute elementor-widget__width-initial elementor-widget-tablet__width-initial elementor-view-default elementor-widget elementor-widget-icon\" data-id=\"5dcc949\" data-element_type=\"widget\" data-settings=\"{&quot;_position&quot;:&quot;absolute&quot;}\" data-widget_type=\"icon.default\">\n\t\t\t\t<div class=\"elementor-widget-container\">\n\t\t\t\t\t<div class=\"elementor-icon-wrapper\">\n\t\t\t<a class=\"elementor-icon elementor-animation-shrink\" href=\"#elementor-action%3Aaction%3Dpopup%3Aopen%26settings%3DeyJpZCI6IjYxMiIsInRvZ2dsZSI6ZmFsc2V9\">\n\t\t\t<svg xmlns=\"http:\/\/www.w3.org\/2000\/svg\" fill=\"#000000\" viewBox=\"0 0 32 32\" width=\"256px\" height=\"256px\"><path d=\"M 4 7 L 4 9 L 28 9 L 28 7 Z M 4 15 L 4 17 L 28 17 L 28 15 Z M 4 23 L 4 25 L 28 25 L 28 23 Z\"><\/path><\/svg>\t\t\t<\/a>\n\t\t<\/div>\n\t\t\t\t<\/div>\n\t\t\t\t<\/div>\n\t\t\t\t\t<\/div>\n\t\t<\/div>\n\t\t\t\t\t\t\t<\/div>\n\t\t<\/section>\n\t\t\t\t<section class=\"elementor-section elementor-top-section elementor-element elementor-element-e81b23d elementor-section-boxed elementor-section-height-default elementor-section-height-default\" data-id=\"e81b23d\" data-element_type=\"section\" data-settings=\"{&quot;shape_divider_top&quot;:&quot;mountains&quot;}\">\n\t\t\t\t\t<div class=\"elementor-shape elementor-shape-top\" data-negative=\"false\">\n\t\t\t<svg xmlns=\"http:\/\/www.w3.org\/2000\/svg\" viewBox=\"0 0 1000 100\" preserveAspectRatio=\"none\">\n\t<path class=\"elementor-shape-fill\" opacity=\"0.33\" d=\"M473,67.3c-203.9,88.3-263.1-34-320.3,0C66,119.1,0,59.7,0,59.7V0h1000v59.7 c0,0-62.1,26.1-94.9,29.3c-32.8,3.3-62.8-12.3-75.8-22.1C806,49.6,745.3,8.7,694.9,4.7S492.4,59,473,67.3z\"\/>\n\t<path class=\"elementor-shape-fill\" opacity=\"0.66\" d=\"M734,67.3c-45.5,0-77.2-23.2-129.1-39.1c-28.6-8.7-150.3-10.1-254,39.1 s-91.7-34.4-149.2,0C115.7,118.3,0,39.8,0,39.8V0h1000v36.5c0,0-28.2-18.5-92.1-18.5C810.2,18.1,775.7,67.3,734,67.3z\"\/>\n\t<path class=\"elementor-shape-fill\" d=\"M766.1,28.9c-200-57.5-266,65.5-395.1,19.5C242,1.8,242,5.4,184.8,20.6C128,35.8,132.3,44.9,89.9,52.5C28.6,63.7,0,0,0,0 h1000c0,0-9.9,40.9-83.6,48.1S829.6,47,766.1,28.9z\"\/>\n<\/svg>\t\t<\/div>\n\t\t\t\t\t<div class=\"elementor-container elementor-column-gap-no\">\n\t\t\t\t\t<div class=\"elementor-column elementor-col-100 elementor-top-column elementor-element elementor-element-738d6cf\" data-id=\"738d6cf\" data-element_type=\"column\">\n\t\t\t<div class=\"elementor-widget-wrap elementor-element-populated\">\n\t\t\t\t\t\t\t\t<div class=\"elementor-element elementor-element-c01aa21 elementor-widget elementor-widget-spacer\" data-id=\"c01aa21\" data-element_type=\"widget\" data-widget_type=\"spacer.default\">\n\t\t\t\t<div class=\"elementor-widget-container\">\n\t\t\t\t\t<div class=\"elementor-spacer\">\n\t\t\t<div class=\"elementor-spacer-inner\"><\/div>\n\t\t<\/div>\n\t\t\t\t<\/div>\n\t\t\t\t<\/div>\n\t\t\t\t\t<\/div>\n\t\t<\/div>\n\t\t\t\t\t\t\t<\/div>\n\t\t<\/section>\n\t\t\t\t\t\t\t<\/div>\n\t\t","protected":false},"excerpt":{"rendered":"<p>Definici\u00f3n La Secretar\u00eda de las Mujeres tiene como misi\u00f3n contribuir a la igualdad de derechos y oportunidades entre mujeres y hombres y aportar a la disminuci\u00f3n de pr\u00e1cticas discriminatorias que atenten contra el desarrollo pol\u00edtico, social, econ\u00f3mico y cultural de las mujeres del Municipio de Medell\u00edn, a trav\u00e9s de la implementaci\u00f3n de la Pol\u00edtica P\u00fablica [&hellip;]<\/p>\n","protected":false},"author":1,"featured_media":0,"parent":0,"menu_order":0,"comment_status":"closed","ping_status":"closed","template":"elementor_canvas","meta":[],"_links":{"self":[{"href":"\/mujeresmedellin\/wp-json\/wp\/v2\/pages\/31"}],"collection":[{"href":"\/mujeresmedellin\/wp-json\/wp\/v2\/pages"}],"about":[{"href":"\/mujeresmedellin\/wp-json\/wp\/v2\/types\/page"}],"author":[{"embeddable":true,"href":"\/mujeresmedellin\/wp-json\/wp\/v2\/users\/1"}],"replies":[{"embeddable":true,"href":"\/mujeresmedellin\/wp-json\/wp\/v2\/comments?post=31"}],"version-history":[{"count":92,"href":"\/mujeresmedellin\/wp-json\/wp\/v2\/pages\/31\/revisions"}],"predecessor-version":[{"id":3310,"href":"\/mujeresmedellin\/wp-json\/wp\/v2\/pages\/31\/revisions\/3310"}],"wp:attachment":[{"href":"\/mujeresmedellin\/wp-json\/wp\/v2\/media?parent=31"}],"curies":[{"name":"wp","href":"https:\/\/api.w.org\/{rel}","templated":true}]}}