{"id":33,"date":"2022-09-14T10:09:28","date_gmt":"2022-09-14T15:09:28","guid":{"rendered":"https:\/\/www.medellin.gov.cohttp:\/\/10.1.222.241:3015\/?page_id=33"},"modified":"2023-01-27T15:25:22","modified_gmt":"2023-01-27T20:25:22","slug":"objetivos","status":"publish","type":"page","link":"\/mujeresmedellin\/objetivos\/","title":{"rendered":"Objetivos"},"content":{"rendered":"\t\t<div data-elementor-type=\"wp-page\" data-elementor-id=\"33\" class=\"elementor elementor-33\">\n\t\t\t\t\t\t\t\t\t<section class=\"elementor-section elementor-top-section elementor-element elementor-element-6a93b21b elementor-section-full_width elementor-section-height-default elementor-section-height-default\" data-id=\"6a93b21b\" data-element_type=\"section\" data-settings=\"{&quot;background_background&quot;:&quot;classic&quot;}\">\n\t\t\t\t\t\t<div class=\"elementor-container elementor-column-gap-default\">\n\t\t\t\t\t<div class=\"elementor-column elementor-col-100 elementor-top-column elementor-element elementor-element-6e07e43e\" data-id=\"6e07e43e\" data-element_type=\"column\" data-settings=\"{&quot;background_background&quot;:&quot;classic&quot;}\">\n\t\t\t<div class=\"elementor-widget-wrap elementor-element-populated\">\n\t\t\t\t\t\t\t\t<div class=\"elementor-element elementor-element-1314dad elementor-absolute elementor-view-default elementor-widget elementor-widget-icon\" data-id=\"1314dad\" data-element_type=\"widget\" data-settings=\"{&quot;_position&quot;:&quot;absolute&quot;}\" data-widget_type=\"icon.default\">\n\t\t\t\t<div class=\"elementor-widget-container\">\n\t\t\t\t\t<div class=\"elementor-icon-wrapper\">\n\t\t\t<a class=\"elementor-icon elementor-animation-shrink\" href=\"#elementor-action%3Aaction%3Dpopup%3Aopen%26settings%3DeyJpZCI6IjYxMiIsInRvZ2dsZSI6ZmFsc2V9\">\n\t\t\t<svg xmlns=\"http:\/\/www.w3.org\/2000\/svg\" fill=\"#000000\" viewBox=\"0 0 32 32\" width=\"256px\" height=\"256px\"><path d=\"M 4 7 L 4 9 L 28 9 L 28 7 Z M 4 15 L 4 17 L 28 17 L 28 15 Z M 4 23 L 4 25 L 28 25 L 28 23 Z\"><\/path><\/svg>\t\t\t<\/a>\n\t\t<\/div>\n\t\t\t\t<\/div>\n\t\t\t\t<\/div>\n\t\t\t\t<div class=\"elementor-element elementor-element-b813502 elementor-widget elementor-widget-spacer\" data-id=\"b813502\" data-element_type=\"widget\" data-widget_type=\"spacer.default\">\n\t\t\t\t<div class=\"elementor-widget-container\">\n\t\t\t<style>\/*! elementor - v3.12.2 - 23-04-2023 *\/\n.elementor-column .elementor-spacer-inner{height:var(--spacer-size)}.e-con{--container-widget-width:100%}.e-con-inner>.elementor-widget-spacer,.e-con>.elementor-widget-spacer{width:var(--container-widget-width,var(--spacer-size));--align-self:var(--container-widget-align-self,initial);--flex-shrink:0}.e-con-inner>.elementor-widget-spacer>.elementor-widget-container,.e-con-inner>.elementor-widget-spacer>.elementor-widget-container>.elementor-spacer,.e-con>.elementor-widget-spacer>.elementor-widget-container,.e-con>.elementor-widget-spacer>.elementor-widget-container>.elementor-spacer{height:100%}.e-con-inner>.elementor-widget-spacer>.elementor-widget-container>.elementor-spacer>.elementor-spacer-inner,.e-con>.elementor-widget-spacer>.elementor-widget-container>.elementor-spacer>.elementor-spacer-inner{height:var(--container-widget-height,var(--spacer-size))}<\/style>\t\t<div class=\"elementor-spacer\">\n\t\t\t<div class=\"elementor-spacer-inner\"><\/div>\n\t\t<\/div>\n\t\t\t\t<\/div>\n\t\t\t\t<\/div>\n\t\t\t\t<div class=\"elementor-element elementor-element-e7eefe6 elementor-widget__width-inherit animated-slow e-transform elementor-invisible elementor-widget elementor-widget-heading\" data-id=\"e7eefe6\" data-element_type=\"widget\" data-settings=\"{&quot;_animation&quot;:&quot;fadeInUp&quot;,&quot;_animation_delay&quot;:0,&quot;_transform_scale_effect&quot;:{&quot;unit&quot;:&quot;px&quot;,&quot;size&quot;:1.3,&quot;sizes&quot;:[]},&quot;_transform_scale_effect_tablet&quot;:{&quot;unit&quot;:&quot;px&quot;,&quot;size&quot;:&quot;&quot;,&quot;sizes&quot;:[]},&quot;_transform_scale_effect_mobile&quot;:{&quot;unit&quot;:&quot;px&quot;,&quot;size&quot;:&quot;&quot;,&quot;sizes&quot;:[]}}\" data-widget_type=\"heading.default\">\n\t\t\t\t<div class=\"elementor-widget-container\">\n\t\t\t<style>\/*! elementor - v3.12.2 - 23-04-2023 *\/\n.elementor-heading-title{padding:0;margin:0;line-height:1}.elementor-widget-heading .elementor-heading-title[class*=elementor-size-]>a{color:inherit;font-size:inherit;line-height:inherit}.elementor-widget-heading .elementor-heading-title.elementor-size-small{font-size:15px}.elementor-widget-heading .elementor-heading-title.elementor-size-medium{font-size:19px}.elementor-widget-heading .elementor-heading-title.elementor-size-large{font-size:29px}.elementor-widget-heading .elementor-heading-title.elementor-size-xl{font-size:39px}.elementor-widget-heading .elementor-heading-title.elementor-size-xxl{font-size:59px}<\/style><h2 class=\"elementor-heading-title elementor-size-default\">Objetivos<\/h2>\t\t<\/div>\n\t\t\t\t<\/div>\n\t\t\t\t<div class=\"elementor-element elementor-element-7ffc3c57 animated-slow elementor-invisible elementor-widget elementor-widget-text-editor\" data-id=\"7ffc3c57\" data-element_type=\"widget\" data-settings=\"{&quot;_animation&quot;:&quot;fadeInUp&quot;,&quot;_animation_delay&quot;:0}\" data-widget_type=\"text-editor.default\">\n\t\t\t\t<div class=\"elementor-widget-container\">\n\t\t\t<style>\/*! elementor - v3.12.2 - 23-04-2023 *\/\n.elementor-widget-text-editor.elementor-drop-cap-view-stacked .elementor-drop-cap{background-color:#69727d;color:#fff}.elementor-widget-text-editor.elementor-drop-cap-view-framed .elementor-drop-cap{color:#69727d;border:3px solid;background-color:transparent}.elementor-widget-text-editor:not(.elementor-drop-cap-view-default) .elementor-drop-cap{margin-top:8px}.elementor-widget-text-editor:not(.elementor-drop-cap-view-default) .elementor-drop-cap-letter{width:1em;height:1em}.elementor-widget-text-editor .elementor-drop-cap{float:left;text-align:center;line-height:1;font-size:50px}.elementor-widget-text-editor .elementor-drop-cap-letter{display:inline-block}<\/style>\t\t\t\t<p class=\"p1\"><span style=\"color: #808080;\">Con el fin de apoyar las funciones y misi\u00f3n de la Secretar\u00eda de las Mujeres, se ha apostado al fortalecimiento de la gesti\u00f3n del conocimiento y la informaci\u00f3n, de tal forma que ambos permitan apoyar los procesos de seguimiento a la pol\u00edtica p\u00fablica y, en general, a la situaci\u00f3n de las mujeres urbanas y rurales del distrito de Medell\u00edn, as\u00ed como a la toma de decisiones estrat\u00e9gicas para el cierre de brechas de g\u00e9nero.<\/span><\/p><p class=\"p1\"><span style=\"color: #808080;\">A partir de esto, y apeg\u00e1ndonos a los lineamientos del Modelo Integrado de Planeaci\u00f3n y Gesti\u00f3n \u2013 MIPG, para la pol\u00edtica de gesti\u00f3n del conocimiento y la innovaci\u00f3n de Funci\u00f3n P\u00fablica, el Sistema de Informaci\u00f3n de la Secretar\u00eda constituye una parte esencial de uno de los cuatro ejes de la gesti\u00f3n del conocimiento: <i>Herramientas de uso y apropiaci\u00f3n, <\/i>el cual hace parte del proceso para \u00abobtener, organizar, sistematizar, guardar y compartir f\u00e1cilmente datos e informaci\u00f3n de la entidad; dichas herramientas deben ser usadas de manera constante para consolidar el manejo confiable de la informaci\u00f3n y su f\u00e1cil acceso para los servidores p\u00fablicos\u00bb (Funci\u00f3n P\u00fablica, 2019, p.98). Al respecto, se presentan los objetivos que se tienen desde la Secretar\u00eda para el proceso de gesti\u00f3n del conocimiento y la informaci\u00f3n.<\/span><\/p><p>\u00a0<\/p><p class=\"p1\"><span style=\"color: #800080;\"><b>Objetivo general<\/b><\/span><\/p><p class=\"p1\"><span style=\"color: #808080;\">-Consolidar el proceso de generaci\u00f3n de informaci\u00f3n y la elaboraci\u00f3n de an\u00e1lisis, para hacer seguimiento a la Pol\u00edtica de igualdad de g\u00e9nero y a la situaci\u00f3n de las mujeres de Medell\u00edn.<\/span><\/p><p>\u00a0<\/p><p class=\"p1\"><span style=\"color: #800080;\"><b>Objetivos espec\u00edficos<\/b><\/span><\/p><p class=\"p1\"><span style=\"color: #808080;\">-Promover articulaci\u00f3n con las diferentes fuentes de informaci\u00f3n oficiales que cualifique la medici\u00f3n de indicadores con enfoque de g\u00e9nero.<\/span><\/p><p class=\"p1\"><span style=\"color: #808080;\">-Disponibilidad de informaci\u00f3n para la toma de decisiones de car\u00e1cter estrat\u00e9gico en el marco del cumplimiento de la pol\u00edtica p\u00fablica de igualdad de g\u00e9nero de Medell\u00edn.<\/span><\/p><p class=\"p1\"><span style=\"color: #808080;\">-Aprovechar los microdatos abiertos que disponen las entidades oficiales para procesar datos con enfoque de g\u00e9nero para Medell\u00edn.<\/span><\/p><p class=\"p1\"><span style=\"color: #808080;\">-Identificaci\u00f3n de manera peri\u00f3dica de los avances y desaf\u00edos en los objetivos y metas de la pol\u00edtica p\u00fablica de igualdad de g\u00e9nero de Medell\u00edn.<\/span><\/p><p class=\"p1\"><span style=\"color: #808080;\">\u00a0<\/span><\/p>\t\t\t\t\t\t<\/div>\n\t\t\t\t<\/div>\n\t\t\t\t<div class=\"elementor-element elementor-element-f5a06ef elementor-widget elementor-widget-spacer\" data-id=\"f5a06ef\" data-element_type=\"widget\" data-widget_type=\"spacer.default\">\n\t\t\t\t<div class=\"elementor-widget-container\">\n\t\t\t\t\t<div class=\"elementor-spacer\">\n\t\t\t<div class=\"elementor-spacer-inner\"><\/div>\n\t\t<\/div>\n\t\t\t\t<\/div>\n\t\t\t\t<\/div>\n\t\t\t\t\t<\/div>\n\t\t<\/div>\n\t\t\t\t\t\t\t<\/div>\n\t\t<\/section>\n\t\t\t\t\t\t\t<\/div>\n\t\t","protected":false},"excerpt":{"rendered":"<p>Objetivos Con el fin de apoyar las funciones y misi\u00f3n de la Secretar\u00eda de las Mujeres, se ha apostado al fortalecimiento de la gesti\u00f3n del conocimiento y la informaci\u00f3n, de tal forma que ambos permitan apoyar los procesos de seguimiento a la pol\u00edtica p\u00fablica y, en general, a la situaci\u00f3n de las mujeres urbanas y [&hellip;]<\/p>\n","protected":false},"author":1,"featured_media":0,"parent":0,"menu_order":0,"comment_status":"closed","ping_status":"closed","template":"elementor_canvas","meta":[],"_links":{"self":[{"href":"\/mujeresmedellin\/wp-json\/wp\/v2\/pages\/33"}],"collection":[{"href":"\/mujeresmedellin\/wp-json\/wp\/v2\/pages"}],"about":[{"href":"\/mujeresmedellin\/wp-json\/wp\/v2\/types\/page"}],"author":[{"embeddable":true,"href":"\/mujeresmedellin\/wp-json\/wp\/v2\/users\/1"}],"replies":[{"embeddable":true,"href":"\/mujeresmedellin\/wp-json\/wp\/v2\/comments?post=33"}],"version-history":[{"count":64,"href":"\/mujeresmedellin\/wp-json\/wp\/v2\/pages\/33\/revisions"}],"predecessor-version":[{"id":3322,"href":"\/mujeresmedellin\/wp-json\/wp\/v2\/pages\/33\/revisions\/3322"}],"wp:attachment":[{"href":"\/mujeresmedellin\/wp-json\/wp\/v2\/media?parent=33"}],"curies":[{"name":"wp","href":"https:\/\/api.w.org\/{rel}","templated":true}]}}