{"id":35,"date":"2022-09-14T10:13:21","date_gmt":"2022-09-14T15:13:21","guid":{"rendered":"https:\/\/www.medellin.gov.cohttp:\/\/10.1.222.241:3015\/?page_id=35"},"modified":"2023-12-27T07:40:11","modified_gmt":"2023-12-27T12:40:11","slug":"mision","status":"publish","type":"page","link":"\/mujeresmedellin\/mision\/","title":{"rendered":"Misi\u00f3n"},"content":{"rendered":"\t\t<div data-elementor-type=\"wp-page\" data-elementor-id=\"35\" class=\"elementor elementor-35\">\n\t\t\t\t\t\t\t\t\t<section class=\"elementor-section elementor-top-section elementor-element elementor-element-fdff95d elementor-section-full_width elementor-section-height-default elementor-section-height-default\" data-id=\"fdff95d\" data-element_type=\"section\" data-settings=\"{&quot;background_background&quot;:&quot;classic&quot;}\">\n\t\t\t\t\t\t<div class=\"elementor-container elementor-column-gap-default\">\n\t\t\t\t\t<div class=\"elementor-column elementor-col-100 elementor-top-column elementor-element elementor-element-4294e1f\" data-id=\"4294e1f\" data-element_type=\"column\" data-settings=\"{&quot;background_background&quot;:&quot;classic&quot;}\">\n\t\t\t<div class=\"elementor-widget-wrap elementor-element-populated\">\n\t\t\t\t\t\t\t\t<div class=\"elementor-element elementor-element-83ada46 elementor-absolute elementor-widget__width-initial elementor-view-default elementor-widget elementor-widget-icon\" data-id=\"83ada46\" data-element_type=\"widget\" data-settings=\"{&quot;_position&quot;:&quot;absolute&quot;}\" data-widget_type=\"icon.default\">\n\t\t\t\t<div class=\"elementor-widget-container\">\n\t\t\t\t\t<div class=\"elementor-icon-wrapper\">\n\t\t\t<a class=\"elementor-icon elementor-animation-shrink\" href=\"#elementor-action%3Aaction%3Dpopup%3Aopen%26settings%3DeyJpZCI6IjYxMiIsInRvZ2dsZSI6ZmFsc2V9\">\n\t\t\t<svg xmlns=\"http:\/\/www.w3.org\/2000\/svg\" fill=\"#000000\" viewBox=\"0 0 32 32\" width=\"256px\" height=\"256px\"><path d=\"M 4 7 L 4 9 L 28 9 L 28 7 Z M 4 15 L 4 17 L 28 17 L 28 15 Z M 4 23 L 4 25 L 28 25 L 28 23 Z\"><\/path><\/svg>\t\t\t<\/a>\n\t\t<\/div>\n\t\t\t\t<\/div>\n\t\t\t\t<\/div>\n\t\t\t\t<div class=\"elementor-element elementor-element-4ad0ded elementor-widget elementor-widget-spacer\" data-id=\"4ad0ded\" data-element_type=\"widget\" data-widget_type=\"spacer.default\">\n\t\t\t\t<div class=\"elementor-widget-container\">\n\t\t\t<style>\/*! elementor - v3.12.2 - 23-04-2023 *\/\n.elementor-column .elementor-spacer-inner{height:var(--spacer-size)}.e-con{--container-widget-width:100%}.e-con-inner>.elementor-widget-spacer,.e-con>.elementor-widget-spacer{width:var(--container-widget-width,var(--spacer-size));--align-self:var(--container-widget-align-self,initial);--flex-shrink:0}.e-con-inner>.elementor-widget-spacer>.elementor-widget-container,.e-con-inner>.elementor-widget-spacer>.elementor-widget-container>.elementor-spacer,.e-con>.elementor-widget-spacer>.elementor-widget-container,.e-con>.elementor-widget-spacer>.elementor-widget-container>.elementor-spacer{height:100%}.e-con-inner>.elementor-widget-spacer>.elementor-widget-container>.elementor-spacer>.elementor-spacer-inner,.e-con>.elementor-widget-spacer>.elementor-widget-container>.elementor-spacer>.elementor-spacer-inner{height:var(--container-widget-height,var(--spacer-size))}<\/style>\t\t<div class=\"elementor-spacer\">\n\t\t\t<div class=\"elementor-spacer-inner\"><\/div>\n\t\t<\/div>\n\t\t\t\t<\/div>\n\t\t\t\t<\/div>\n\t\t\t\t<div class=\"elementor-element elementor-element-ebdfd99 elementor-widget__width-inherit animated-slow e-transform elementor-invisible elementor-widget elementor-widget-heading\" data-id=\"ebdfd99\" data-element_type=\"widget\" data-settings=\"{&quot;_animation&quot;:&quot;fadeInUp&quot;,&quot;_animation_delay&quot;:0,&quot;_transform_scale_effect&quot;:{&quot;unit&quot;:&quot;px&quot;,&quot;size&quot;:1.3,&quot;sizes&quot;:[]},&quot;_transform_scale_effect_tablet&quot;:{&quot;unit&quot;:&quot;px&quot;,&quot;size&quot;:&quot;&quot;,&quot;sizes&quot;:[]},&quot;_transform_scale_effect_mobile&quot;:{&quot;unit&quot;:&quot;px&quot;,&quot;size&quot;:&quot;&quot;,&quot;sizes&quot;:[]}}\" data-widget_type=\"heading.default\">\n\t\t\t\t<div class=\"elementor-widget-container\">\n\t\t\t<style>\/*! elementor - v3.12.2 - 23-04-2023 *\/\n.elementor-heading-title{padding:0;margin:0;line-height:1}.elementor-widget-heading .elementor-heading-title[class*=elementor-size-]>a{color:inherit;font-size:inherit;line-height:inherit}.elementor-widget-heading .elementor-heading-title.elementor-size-small{font-size:15px}.elementor-widget-heading .elementor-heading-title.elementor-size-medium{font-size:19px}.elementor-widget-heading .elementor-heading-title.elementor-size-large{font-size:29px}.elementor-widget-heading .elementor-heading-title.elementor-size-xl{font-size:39px}.elementor-widget-heading .elementor-heading-title.elementor-size-xxl{font-size:59px}<\/style><h2 class=\"elementor-heading-title elementor-size-default\">Misi\u00f3n<\/h2>\t\t<\/div>\n\t\t\t\t<\/div>\n\t\t\t\t<div class=\"elementor-element elementor-element-2df21f9 animated-slow elementor-invisible elementor-widget elementor-widget-text-editor\" data-id=\"2df21f9\" data-element_type=\"widget\" data-settings=\"{&quot;_animation&quot;:&quot;fadeInUp&quot;,&quot;_animation_delay&quot;:0}\" data-widget_type=\"text-editor.default\">\n\t\t\t\t<div class=\"elementor-widget-container\">\n\t\t\t<style>\/*! elementor - v3.12.2 - 23-04-2023 *\/\n.elementor-widget-text-editor.elementor-drop-cap-view-stacked .elementor-drop-cap{background-color:#69727d;color:#fff}.elementor-widget-text-editor.elementor-drop-cap-view-framed .elementor-drop-cap{color:#69727d;border:3px solid;background-color:transparent}.elementor-widget-text-editor:not(.elementor-drop-cap-view-default) .elementor-drop-cap{margin-top:8px}.elementor-widget-text-editor:not(.elementor-drop-cap-view-default) .elementor-drop-cap-letter{width:1em;height:1em}.elementor-widget-text-editor .elementor-drop-cap{float:left;text-align:center;line-height:1;font-size:50px}.elementor-widget-text-editor .elementor-drop-cap-letter{display:inline-block}<\/style>\t\t\t\t<p><span style=\"color: #808080;\"><strong>La Secretar\u00eda de las Mujeres tiene como misi\u00f3n<\/strong> contribuir a la igualdad de derechos y oportunidades entre mujeres y hombres y disminuir las pr\u00e1cticas discriminatorias que atenten contra el desarrollo pol\u00edtico, social, econ\u00f3mico y cultural de las mujeres de Medell\u00edn. El cumplimiento de esta misi\u00f3n ser\u00e1 posible a trav\u00e9s del dise\u00f1o, implementaci\u00f3n, coordinaci\u00f3n, monitoreo y asesor\u00eda de las pol\u00edticas, planes y programas de la Alcald\u00eda distrital. Para ello, la Secretar\u00eda de las Mujeres tiene las siguientes funciones espec\u00edficas:<\/span><\/p>\n<p class=\"p1\"><span style=\"color: #800080;\"><b>Dirigir pol\u00edticas p\u00fablicas para las mujeres en la ciudad.<\/b><\/span><\/p>\n<p class=\"p1\"><span style=\"color: #808080;\">Estimular la participaci\u00f3n de las mujeres y sus organizaciones en la gesti\u00f3n de iniciativas para el acceso y disfrute de los servicios..<\/span><\/p>\n<p class=\"p1\"><span style=\"color: #800080;\"><b>Transversalizar las pol\u00edticas en las dependencias del distrito y en los diferentes sectores sociales, p\u00fablicos y privados.<\/b><\/span><\/p>\n<p class=\"p1\"><span style=\"color: #808080;\">Coordinar con la Secretar\u00eda de Suministros y Servicios la realizaci\u00f3n de contratos para obtener los bienes y servicios requeridos y ejercer la supervisi\u00f3n t\u00e9cnica de los mismos.<\/span><\/p>\n<p class=\"p1\"><span style=\"color: #800080;\"><b>Generar procesos de interlocuci\u00f3n e intercambio de saberes con las organizaciones sociales y las manifestaciones del movimiento de las mujeres.<\/b><\/span><\/p>\n<p class=\"p1\"><span style=\"color: #808080;\">Implementar y ejecutar las pol\u00edticas y directrices que orienten los procesos de apoyo.<\/span><\/p>\n<p class=\"p1\"><span style=\"color: #800080;\"><b>Contribuir a la garant\u00eda de los derechos de las mujeres de Medell\u00edn, especialmente a la vida, la seguridad y el desarrollo humano.<\/b><\/span><\/p>\n<p class=\"p1\"><span style=\"color: #808080;\">Implementar y ejecutar las pol\u00edticas y directrices de la Secretar\u00eda de Gesti\u00f3n Humana y Servicio a la Ciudan\u00eda para la gesti\u00f3n de tr\u00e1mites, procedimientos administrativos, peticiones, quejas, reclamos y sugerencias.<\/span><\/p>\n<p class=\"p1\"><span style=\"color: #800080;\"><b>Coordinar y articular acciones con entidades p\u00fablicas, privadas y el sector social, para el cumplimiento de los prop\u00f3sitos en equidad de g\u00e9nero seg\u00fan los tratados internacionales y en concordancia con las normas vigentes.<\/b><\/span><\/p>\n<p class=\"p1\"><span style=\"color: #808080;\">Implementar, ejecutar y cumplir las pol\u00edticas y directrices para la participaci\u00f3n en la formulaci\u00f3n, implementaci\u00f3n y ejecuci\u00f3n del Plan de Desarrollo, Plan de Ordenamiento Territorial y sus instrumentos complementarios.<\/span><\/p>\n<p class=\"p1\"><span style=\"color: #800080;\"><b>Fortalecer los procesos institucionales, sociales y comunitarios a favor de la equidad de g\u00e9nero.<\/b><\/span><\/p>\n<p class=\"p1\"><span style=\"color: #808080;\">Implementar, mantener y mejorar el Sistema Integral de Gesti\u00f3n para los procesos que dirige o participa, seg\u00fan las directrices de la entidad.<\/span><\/p>\n<div>\n<p class=\"p1\"><span style=\"color: #808080;\"><b>L\u00ednea de tiempo de la historia institucional de la Secretar\u00eda de las Mujeres de Medell\u00edn<\/b><\/span><\/p>\n<p class=\"p1\">\n<\/p><table class=\"t1\" cellspacing=\"0\" cellpadding=\"0\">\n<tbody>\n<tr>\n<td class=\"td1\" valign=\"top\">\n<p class=\"p2\"><span style=\"color: #cc99ff;\"><b>A\u00d1O<\/b><\/span><\/p>\n<\/td>\n<td class=\"td1\" valign=\"top\">\n<p class=\"p2\"><span style=\"color: #808080;\"><b>HECHO<\/b><\/span><\/p>\n<\/td>\n<\/tr>\n<tr>\n<td class=\"td1\" valign=\"top\">\n<p class=\"p2\"><span style=\"color: #cc99ff;\"><b>1992<\/b><\/span><\/p>\n<\/td>\n<td class=\"td1\" valign=\"top\">\n<p class=\"p1\"><span style=\"color: #808080;\">Se crea la Oficina de la Mujer, dependiente de la Secretar\u00eda de Bienestar Social de la Alcald\u00eda de Medell\u00edn.<\/span><\/p>\n<\/td>\n<\/tr>\n<tr>\n<td class=\"td1\" valign=\"top\">\n<p class=\"p2\"><span style=\"color: #cc99ff;\"><b>1994<\/b><\/span><\/p>\n<\/td>\n<td class=\"td1\" valign=\"top\">\n<p class=\"p1\"><span style=\"color: #808080;\">La Secretar\u00eda de Bienestar Social crea la Casa de la Mujer para atender a las mujeres en aspectos como capacitaciones, atenci\u00f3n social y desarrollo de la mujer rural.<\/span><\/p>\n<\/td>\n<\/tr>\n<tr>\n<td class=\"td1\" valign=\"top\">\n<p class=\"p2\"><span style=\"color: #cc99ff;\"><b>2002<\/b><\/span><\/p>\n<\/td>\n<td class=\"td1\" valign=\"top\">\n<p class=\"p1\"><span style=\"color: #808080;\">Mediante el Decreto 151 de 2002 surge la Subsecretar\u00eda Metromujer, adscrita a la Secretar\u00eda de Cultura Ciudadana.<\/span><\/p>\n<\/td>\n<\/tr>\n<tr>\n<td class=\"td1\" valign=\"top\">\n<p class=\"p2\"><span style=\"color: #cc99ff;\"><b>2003<\/b><\/span><\/p>\n<\/td>\n<td class=\"td1\" valign=\"top\">\n<p class=\"p1\"><span style=\"color: #808080;\">Con apoyo de asesoras expertas y grupos de mujeres de la ciudad, Metromujer formula la <i>Pol\u00edtica P\u00fablica para la Igualdad de G\u00e9nero de las Mujeres Urbanas y Rurales de Medell\u00edn<\/i> mediante el Acuerdo 22 de 2003.<\/span><\/p>\n<\/td>\n<\/tr>\n<tr>\n<td class=\"td1\" valign=\"top\">\n<p class=\"p2\"><span style=\"color: #cc99ff;\"><b>2007<\/b><\/span><\/p>\n<\/td>\n<td class=\"td1\" valign=\"top\">\n<p class=\"p1\"><span style=\"color: #808080;\">Como resultado de una gran convocatoria y concertaci\u00f3n con las organizaciones de mujeres, lideresas y tomadores de decisiones de distintas entidades, se aprueba en el Concejo de Medell\u00edn la creaci\u00f3n de la Secretar\u00eda de las Mujeres de Medell\u00edn, mediante el Acuerdo 01 de 2007.<\/span><\/p>\n<\/td>\n<\/tr>\n<tr>\n<td class=\"td1\" valign=\"top\">\n<p class=\"p2\"><span style=\"color: #cc99ff;\"><b>2012<\/b><\/span><\/p>\n<\/td>\n<td class=\"td1\" valign=\"top\">\n<p class=\"p1\"><span style=\"color: #808080;\">A trav\u00e9s del Decreto 1364 de 2012 inicia el proceso de modernizaci\u00f3n del distrito de Medell\u00edn, lo que incidi\u00f3 en la modificaci\u00f3n de la estructura administrativa de la Secretar\u00eda de las Mujeres, quedando conformada por un Despacho de la Secretar\u00eda, una Subsecretar\u00eda de Derechos y una Subsecretar\u00eda de Transversalizaci\u00f3n.<\/span><\/p>\n<\/td>\n<\/tr>\n<tr>\n<td class=\"td1\" valign=\"top\">\n<p class=\"p2\"><span style=\"color: #cc99ff;\"><b>2014<\/b><\/span><\/p>\n<\/td>\n<td class=\"td1\" valign=\"top\">\n<p class=\"p1\"><span style=\"color: #808080;\">Se dise\u00f1a el sistema de informaci\u00f3n para identificar, observar y analizar problemas socialmente relevantes respecto de las situaciones de desigualdad que viven las mujeres, as\u00ed como hacer recomendaciones en pol\u00edticas p\u00fablicas.<\/span><\/p>\n<\/td>\n<\/tr>\n<tr>\n<td class=\"td1\" valign=\"top\">\n<p class=\"p2\"><span style=\"color: #cc99ff;\"><b>2018<\/b><\/span><\/p>\n<\/td>\n<td class=\"td1\" valign=\"top\">\n<p class=\"p1\"><span style=\"color: #808080;\">Se adopta el Acuerdo 102 de 2018, el cual crea la <i>Pol\u00edtica P\u00fablica para la Igualdad de G\u00e9nero de las Mujeres Urbanas y Rurales de Medell\u00edn.<\/i> Esta, constituye la reformulaci\u00f3n de la pol\u00edtica formulada por Metromujer en 2003.<\/span><\/p>\n<\/td>\n<\/tr>\n<tr>\n<td class=\"td1\" valign=\"top\">\n<p class=\"p2\"><span style=\"color: #cc99ff;\"><b>2019<\/b><\/span><\/p>\n<\/td>\n<td class=\"td1\" valign=\"top\">\n<p class=\"p1\"><span style=\"color: #808080;\">Se formula el Plan Estrat\u00e9gico de Igualdad de G\u00e9nero para la implementaci\u00f3n de la pol\u00edtica p\u00fablica de igualdad de g\u00e9nero, dise\u00f1ado por la Universidad EAFIT.<\/span><\/p>\n<\/td>\n<\/tr>\n<\/tbody>\n<\/table>\n<\/div>\t\t\t\t\t\t<\/div>\n\t\t\t\t<\/div>\n\t\t\t\t<div class=\"elementor-element elementor-element-0f36339 elementor-widget elementor-widget-spacer\" data-id=\"0f36339\" data-element_type=\"widget\" data-widget_type=\"spacer.default\">\n\t\t\t\t<div class=\"elementor-widget-container\">\n\t\t\t\t\t<div class=\"elementor-spacer\">\n\t\t\t<div class=\"elementor-spacer-inner\"><\/div>\n\t\t<\/div>\n\t\t\t\t<\/div>\n\t\t\t\t<\/div>\n\t\t\t\t\t<\/div>\n\t\t<\/div>\n\t\t\t\t\t\t\t<\/div>\n\t\t<\/section>\n\t\t\t\t\t\t\t<\/div>\n\t\t","protected":false},"excerpt":{"rendered":"<p>Misi\u00f3n La Secretar\u00eda de las Mujeres tiene como misi\u00f3n contribuir a la igualdad de derechos y oportunidades entre mujeres y hombres y disminuir las pr\u00e1cticas discriminatorias que atenten contra el desarrollo pol\u00edtico, social, econ\u00f3mico y cultural de las mujeres de Medell\u00edn. El cumplimiento de esta misi\u00f3n ser\u00e1 posible a trav\u00e9s del dise\u00f1o, implementaci\u00f3n, coordinaci\u00f3n, monitoreo [&hellip;]<\/p>\n","protected":false},"author":1,"featured_media":0,"parent":0,"menu_order":0,"comment_status":"closed","ping_status":"closed","template":"elementor_canvas","meta":[],"_links":{"self":[{"href":"\/mujeresmedellin\/wp-json\/wp\/v2\/pages\/35"}],"collection":[{"href":"\/mujeresmedellin\/wp-json\/wp\/v2\/pages"}],"about":[{"href":"\/mujeresmedellin\/wp-json\/wp\/v2\/types\/page"}],"author":[{"embeddable":true,"href":"\/mujeresmedellin\/wp-json\/wp\/v2\/users\/1"}],"replies":[{"embeddable":true,"href":"\/mujeresmedellin\/wp-json\/wp\/v2\/comments?post=35"}],"version-history":[{"count":91,"href":"\/mujeresmedellin\/wp-json\/wp\/v2\/pages\/35\/revisions"}],"predecessor-version":[{"id":4302,"href":"\/mujeresmedellin\/wp-json\/wp\/v2\/pages\/35\/revisions\/4302"}],"wp:attachment":[{"href":"\/mujeresmedellin\/wp-json\/wp\/v2\/media?parent=35"}],"curies":[{"name":"wp","href":"https:\/\/api.w.org\/{rel}","templated":true}]}}