{"id":12144,"date":"2022-05-04T16:38:33","date_gmt":"2022-05-04T16:38:33","guid":{"rendered":"http:\/\/10.1.222.218\/ndesarrollo\/?page_id=12144"},"modified":"2023-04-04T03:25:36","modified_gmt":"2023-04-04T03:25:36","slug":"proyectos-mga-2018-comuna-5","status":"publish","type":"page","link":"\/ndesarrollo\/proyectos-mga-2018-comuna-5\/","title":{"rendered":"Proyectos MGA 2018 Comuna 5"},"content":{"rendered":"\t\t<div data-elementor-type=\"wp-page\" data-elementor-id=\"12144\" class=\"elementor elementor-12144\" data-elementor-settings=\"[]\">\n\t\t\t\t\t\t\t<div class=\"elementor-section-wrap\">\n\t\t\t\t\t\t\t<section data-particle_enable=\"false\" data-particle-mobile-disabled=\"false\" class=\"elementor-section elementor-top-section elementor-element elementor-element-dd2ff6c elementor-section-full_width elementor-section-height-default elementor-section-height-default\" data-id=\"dd2ff6c\" data-element_type=\"section\">\n\t\t\t\t\t\t<div class=\"elementor-container elementor-column-gap-no\">\n\t\t\t\t\t<div class=\"elementor-column elementor-col-100 elementor-top-column elementor-element elementor-element-59f779b\" data-id=\"59f779b\" data-element_type=\"column\">\n\t\t\t<div class=\"elementor-widget-wrap elementor-element-populated\">\n\t\t\t\t\t\t\t\t<div class=\"elementor-element elementor-element-7aa82df elementor-widget elementor-widget-image\" data-id=\"7aa82df\" data-element_type=\"widget\" data-widget_type=\"image.default\">\n\t\t\t\t<div class=\"elementor-widget-container\">\n\t\t\t\t\t\t\t\t\t\t\t\t\t\t\t<img width=\"1981\" height=\"293\" src=\"\/ndesarrollo\/wp-content\/uploads\/2022\/09\/Comuna-5-6.jpg\" class=\"attachment-full size-full\" alt=\"\" loading=\"lazy\" srcset=\"\/ndesarrollo\/wp-content\/uploads\/2022\/09\/Comuna-5-6.jpg 1981w, \/ndesarrollo\/wp-content\/uploads\/2022\/09\/Comuna-5-6-300x44.jpg 300w, \/ndesarrollo\/wp-content\/uploads\/2022\/09\/Comuna-5-6-1024x151.jpg 1024w, \/ndesarrollo\/wp-content\/uploads\/2022\/09\/Comuna-5-6-768x114.jpg 768w, \/ndesarrollo\/wp-content\/uploads\/2022\/09\/Comuna-5-6-1536x227.jpg 1536w\" sizes=\"(max-width: 1981px) 100vw, 1981px\" \/>\t\t\t\t\t\t\t\t\t\t\t\t\t\t\t<\/div>\n\t\t\t\t<\/div>\n\t\t\t\t\t<\/div>\n\t\t<\/div>\n\t\t\t\t\t\t\t<\/div>\n\t\t<\/section>\n\t\t\t\t<section data-particle_enable=\"false\" data-particle-mobile-disabled=\"false\" class=\"elementor-section elementor-top-section elementor-element elementor-element-d642a3c elementor-section-boxed elementor-section-height-default elementor-section-height-default\" data-id=\"d642a3c\" data-element_type=\"section\">\n\t\t\t\t\t\t<div class=\"elementor-container elementor-column-gap-default\">\n\t\t\t\t\t<div class=\"elementor-column elementor-col-100 elementor-top-column elementor-element elementor-element-3da959c0\" data-id=\"3da959c0\" data-element_type=\"column\">\n\t\t\t<div class=\"elementor-widget-wrap elementor-element-populated\">\n\t\t\t\t\t\t\t\t<section data-particle_enable=\"false\" data-particle-mobile-disabled=\"false\" class=\"elementor-section elementor-inner-section elementor-element elementor-element-5879df01 elementor-section-full_width elementor-section-height-default elementor-section-height-default\" data-id=\"5879df01\" data-element_type=\"section\">\n\t\t\t\t\t\t<div class=\"elementor-container elementor-column-gap-default\">\n\t\t\t\t\t<div class=\"elementor-column elementor-col-100 elementor-inner-column elementor-element elementor-element-57a7cc0d\" data-id=\"57a7cc0d\" data-element_type=\"column\">\n\t\t\t<div class=\"elementor-widget-wrap elementor-element-populated\">\n\t\t\t\t\t\t\t\t<div class=\"elementor-element elementor-element-39b20cce elementor-widget elementor-widget-text-editor\" data-id=\"39b20cce\" data-element_type=\"widget\" data-widget_type=\"text-editor.default\">\n\t\t\t\t<div class=\"elementor-widget-container\">\n\t\t\t\t\t\t\t<p>En los procesos de la planeaci\u00f3n del desarrollo local de cada Comuna y Corregimiento en el marco de lo establecido por el Sistema Municipal de Planeaci\u00f3n, se han adelantado diversos ejercicios de gesti\u00f3n.<\/p><p>El Banco de Informaci\u00f3n de Proyectos presenta las iniciativas adelantadas en los \u00faltimos a\u00f1os, por los diversos actores participantes de la planeaci\u00f3n del desarrollo local.<\/p>\t\t\t\t\t\t<\/div>\n\t\t\t\t<\/div>\n\t\t\t\t\t<\/div>\n\t\t<\/div>\n\t\t\t\t\t\t\t<\/div>\n\t\t<\/section>\n\t\t\t\t\t<\/div>\n\t\t<\/div>\n\t\t\t\t\t\t\t<\/div>\n\t\t<\/section>\n\t\t\t\t<section data-particle_enable=\"false\" data-particle-mobile-disabled=\"false\" class=\"elementor-section elementor-top-section elementor-element elementor-element-304f1c9 elementor-section-boxed elementor-section-height-default elementor-section-height-default\" data-id=\"304f1c9\" data-element_type=\"section\">\n\t\t\t\t\t\t<div class=\"elementor-container elementor-column-gap-default\">\n\t\t\t\t\t<div class=\"elementor-column elementor-col-100 elementor-top-column elementor-element elementor-element-d191544\" data-id=\"d191544\" data-element_type=\"column\">\n\t\t\t<div class=\"elementor-widget-wrap elementor-element-populated\">\n\t\t\t\t\t\t\t\t<div class=\"elementor-element elementor-element-62ca010 elementor-widget elementor-widget-html\" data-id=\"62ca010\" data-element_type=\"widget\" data-widget_type=\"html.default\">\n\t\t\t\t<div class=\"elementor-widget-container\">\n\t\t\t<div id='section_list'>\r\n<div><a href='\/ndesarrollo\/wp-content\/uploads\/FICHAS\/C5\/2018\/MGA\/18_MGA_PP_C5_COLEGIO MAYOR.pdf' >18_MGA_PP_C5_COLEGIO MAYOR<\/a><\/div>\r\n<div><a href='\/ndesarrollo\/wp-content\/uploads\/FICHAS\/C5\/2018\/MGA\/18_MGA_PP_C5_INCLUSION.pdf' >18_MGA_PP_C5_INCLUSION<\/a><\/div>\r\n<div><a href='\/ndesarrollo\/wp-content\/uploads\/FICHAS\/C5\/2018\/MGA\/18_MGA_PP_C5_INCLUSION_2.pdf' >18_MGA_PP_C5_INCLUSION_2<\/a><\/div>\r\n<div><a href='\/ndesarrollo\/wp-content\/uploads\/FICHAS\/C5\/2018\/MGA\/18_MGA_PP_C5_INCLUSION_3.pdf' >18_MGA_PP_C5_INCLUSION_3<\/a><\/div>\r\n<div><a href='\/ndesarrollo\/wp-content\/uploads\/FICHAS\/C5\/2018\/MGA\/18_MGA_PP_C5_INCLUSION_4.pdf' >18_MGA_PP_C5_INCLUSION_4<\/a><\/div>\r\n<div><a href='\/ndesarrollo\/wp-content\/uploads\/FICHAS\/C5\/2018\/MGA\/18_MGA_PP_C5_INCLUSION_5.pdf' >18_MGA_PP_C5_INCLUSION_5<\/a><\/div>\r\n<div><a href='\/ndesarrollo\/wp-content\/uploads\/FICHAS\/C5\/2018\/MGA\/18_MGA_PP_C5_INDER.pdf' >18_MGA_PP_C5_INDER<\/a><\/div>\r\n<div><a href='\/ndesarrollo\/wp-content\/uploads\/FICHAS\/C5\/2018\/MGA\/18_MGA_PP_C5_ITM.pdf' >18_MGA_PP_C5_ITM<\/a><\/div>\r\n<div><a href='\/ndesarrollo\/wp-content\/uploads\/FICHAS\/C5\/2018\/MGA\/18_MGA_PP_C5_PASCUAL BRAVO.pdf' >18_MGA_PP_C5_PASCUAL BRAVO<\/a><\/div>\r\n<div><a href='\/ndesarrollo\/wp-content\/uploads\/FICHAS\/C5\/2018\/MGA\/18_MGA_PP_C5_SAPIENCIA.pdf' >18_MGA_PP_C5_SAPIENCIA<\/a><\/div>\r\n<\/div>\t\t<\/div>\n\t\t\t\t<\/div>\n\t\t\t\t\t<\/div>\n\t\t<\/div>\n\t\t\t\t\t\t\t<\/div>\n\t\t<\/section>\n\t\t\t\t<section data-particle_enable=\"false\" data-particle-mobile-disabled=\"false\" class=\"elementor-section elementor-top-section elementor-element elementor-element-284a47b elementor-section-boxed elementor-section-height-default elementor-section-height-default\" data-id=\"284a47b\" data-element_type=\"section\">\n\t\t\t\t\t\t<div class=\"elementor-container elementor-column-gap-default\">\n\t\t\t\t\t<div class=\"elementor-column elementor-col-33 elementor-top-column elementor-element elementor-element-60d3686\" data-id=\"60d3686\" data-element_type=\"column\">\n\t\t\t<div class=\"elementor-widget-wrap\">\n\t\t\t\t\t\t\t\t\t<\/div>\n\t\t<\/div>\n\t\t\t\t<div class=\"elementor-column elementor-col-33 elementor-top-column elementor-element elementor-element-29ff8a9\" data-id=\"29ff8a9\" data-element_type=\"column\">\n\t\t\t<div class=\"elementor-widget-wrap\">\n\t\t\t\t\t\t\t\t\t<\/div>\n\t\t<\/div>\n\t\t\t\t<div class=\"elementor-column elementor-col-33 elementor-top-column elementor-element elementor-element-30aa54d\" data-id=\"30aa54d\" data-element_type=\"column\">\n\t\t\t<div class=\"elementor-widget-wrap\">\n\t\t\t\t\t\t\t\t\t<\/div>\n\t\t<\/div>\n\t\t\t\t\t\t\t<\/div>\n\t\t<\/section>\n\t\t\t\t<section data-particle_enable=\"false\" data-particle-mobile-disabled=\"false\" class=\"elementor-section elementor-top-section elementor-element elementor-element-58b6bd74 elementor-section-boxed elementor-section-height-default elementor-section-height-default\" data-id=\"58b6bd74\" data-element_type=\"section\">\n\t\t\t\t\t\t<div class=\"elementor-container elementor-column-gap-no\">\n\t\t\t\t\t<div class=\"elementor-column elementor-col-100 elementor-top-column elementor-element elementor-element-377a7927\" data-id=\"377a7927\" data-element_type=\"column\">\n\t\t\t<div class=\"elementor-widget-wrap elementor-element-populated\">\n\t\t\t\t\t\t\t\t<div class=\"elementor-element elementor-element-1b3ee397 elementor-widget elementor-widget-image\" data-id=\"1b3ee397\" data-element_type=\"widget\" data-widget_type=\"image.default\">\n\t\t\t\t<div class=\"elementor-widget-container\">\n\t\t\t\t\t\t\t\t\t\t\t\t\t\t\t<img width=\"1920\" height=\"214\" src=\"\/ndesarrollo\/wp-content\/uploads\/2021\/07\/SeparadorV2.png\" class=\"attachment-full size-full\" alt=\"\" loading=\"lazy\" \/>\t\t\t\t\t\t\t\t\t\t\t\t\t\t\t<\/div>\n\t\t\t\t<\/div>\n\t\t\t\t<div class=\"elementor-element elementor-element-d8538f3 elementor-widget elementor-widget-eael-interactive-promo\" data-id=\"d8538f3\" data-element_type=\"widget\" data-settings=\"{&quot;motion_fx_motion_fx_mouse&quot;:&quot;yes&quot;}\" data-widget_type=\"eael-interactive-promo.default\">\n\t\t\t\t<div class=\"elementor-widget-container\">\n\t\t\t        <div id=\"eael-promo-d8538f3\" class=\"eael-interactive-promo\">\n            <figure class=\"effect-chico\">\n                <img alt=\"\" src=\"\">                <figcaption>\n                    <div>\n                        \n                        <p><\/p>\n                    <\/div>\n                                            <a href=\"#\" target=\"yes\"><\/a>\n                                    <\/figcaption>\n            <\/figure>\n        <\/div>\n\t\t<\/div>\n\t\t\t\t<\/div>\n\t\t\t\t\t<\/div>\n\t\t<\/div>\n\t\t\t\t\t\t\t<\/div>\n\t\t<\/section>\n\t\t\t\t\t\t<\/div>\n\t\t\t\t\t<\/div>\n\t\t","protected":false},"excerpt":{"rendered":"<p>En los procesos de la planeaci\u00f3n del desarrollo local de cada Comuna y Corregimiento en el marco de lo establecido por el Sistema Municipal de Planeaci\u00f3n, se han adelantado diversos ejercicios de gesti\u00f3n. El Banco de Informaci\u00f3n de Proyectos presenta las iniciativas adelantadas en los \u00faltimos a\u00f1os, por los diversos actores participantes de la planeaci\u00f3n &hellip;<\/p>\n<p class=\"read-more\"> <a class=\"\" href=\"\/ndesarrollo\/proyectos-mga-2018-comuna-5\/\"> <span class=\"screen-reader-text\">Proyectos MGA 2018 Comuna 5<\/span> Leer m\u00e1s &raquo;<\/a><\/p>\n","protected":false},"author":1,"featured_media":0,"parent":0,"menu_order":0,"comment_status":"closed","ping_status":"closed","template":"","meta":{"_mi_skip_tracking":false,"site-sidebar-layout":"no-sidebar","site-content-layout":"page-builder","ast-main-header-display":"","ast-hfb-above-header-display":"","ast-hfb-below-header-display":"","ast-hfb-mobile-header-display":"","site-post-title":"disabled","ast-breadcrumbs-content":"","ast-featured-img":"disabled","footer-sml-layout":"","theme-transparent-header-meta":"default","adv-header-id-meta":"","stick-header-meta":"","header-above-stick-meta":"","header-main-stick-meta":"","header-below-stick-meta":""},"categories":[],"tags":[],"yoast_head":"<!-- This site is optimized with the Yoast SEO plugin v17.4 - https:\/\/yoast.com\/wordpress\/plugins\/seo\/ -->\n<title>Proyectos MGA 2018 Comuna 5 - Nuestro Desarrollo<\/title>\n<meta name=\"robots\" content=\"index, follow, max-snippet:-1, max-image-preview:large, max-video-preview:-1\" \/>\n<link rel=\"canonical\" href=\"\/ndesarrollo\/proyectos-mga-2018-comuna-5\/\" \/>\n<meta property=\"og:locale\" content=\"es_ES\" \/>\n<meta property=\"og:type\" content=\"article\" \/>\n<meta property=\"og:title\" content=\"Proyectos MGA 2018 Comuna 5 - Nuestro Desarrollo\" \/>\n<meta property=\"og:description\" content=\"En los procesos de la planeaci\u00f3n del desarrollo local de cada Comuna y Corregimiento en el marco de lo establecido por el Sistema Municipal de Planeaci\u00f3n, se han adelantado diversos ejercicios de gesti\u00f3n. El Banco de Informaci\u00f3n de Proyectos presenta las iniciativas adelantadas en los \u00faltimos a\u00f1os, por los diversos actores participantes de la planeaci\u00f3n &hellip; Proyectos MGA 2018 Comuna 5 Leer m\u00e1s &raquo;\" \/>\n<meta property=\"og:url\" content=\"\/ndesarrollo\/proyectos-mga-2018-comuna-5\/\" \/>\n<meta property=\"og:site_name\" content=\"Nuestro Desarrollo\" \/>\n<meta property=\"article:publisher\" content=\"https:\/\/www.facebook.com\/AlcaldiadeMed\" \/>\n<meta property=\"article:modified_time\" content=\"2023-04-04T03:25:36+00:00\" \/>\n<meta property=\"og:image\" content=\"\/ndesarrollo\/wp-content\/uploads\/2022\/09\/Comuna-5-6.jpg\" \/>\n<meta name=\"twitter:card\" content=\"summary_large_image\" \/>\n<meta name=\"twitter:site\" content=\"@AlcaldiadeMed\" \/>\n<meta name=\"twitter:label1\" content=\"Tiempo de lectura\" \/>\n\t<meta name=\"twitter:data1\" content=\"1 minuto\" \/>\n<script type=\"application\/ld+json\" class=\"yoast-schema-graph\">{\"@context\":\"https:\/\/schema.org\",\"@graph\":[{\"@type\":\"Organization\",\"@id\":\"\/ndesarrollo\/#organization\",\"name\":\"Alcald\\u00eda de Medell\\u00edn\",\"url\":\"\/ndesarrollo\/\",\"sameAs\":[\"https:\/\/www.facebook.com\/AlcaldiadeMed\",\"https:\/\/www.instagram.com\/alcaldiademed\/\",\"https:\/\/www.linkedin.com\/company\/alcaldiademedellin\",\"https:\/\/www.youtube.com\/channel\/UCAFLU70jPz4bODq_5BSWPIg\",\"https:\/\/twitter.com\/AlcaldiadeMed\"],\"logo\":{\"@type\":\"ImageObject\",\"@id\":\"\/ndesarrollo\/#logo\",\"inLanguage\":\"es\",\"url\":\"http:\/\/10.1.222.218\/ndesarrollo\/wp-content\/uploads\/2021\/11\/EscudoIcon.png\",\"contentUrl\":\"http:\/\/10.1.222.218\/ndesarrollo\/wp-content\/uploads\/2021\/11\/EscudoIcon.png\",\"width\":32,\"height\":32,\"caption\":\"Alcald\\u00eda de Medell\\u00edn\"},\"image\":{\"@id\":\"\/ndesarrollo\/#logo\"}},{\"@type\":\"WebSite\",\"@id\":\"\/ndesarrollo\/#website\",\"url\":\"\/ndesarrollo\/\",\"name\":\"Nuestro Desarrollo\",\"description\":\"Nuestro Desarrollo es una plataforma de Planeaci\\u00f3n del Desarrollo Local y Presupuesto Participativo\",\"publisher\":{\"@id\":\"\/ndesarrollo\/#organization\"},\"potentialAction\":[{\"@type\":\"SearchAction\",\"target\":{\"@type\":\"EntryPoint\",\"urlTemplate\":\"\/ndesarrollo\/?s={search_term_string}\"},\"query-input\":\"required name=search_term_string\"}],\"inLanguage\":\"es\"},{\"@type\":\"ImageObject\",\"@id\":\"\/ndesarrollo\/proyectos-mga-2018-comuna-5\/#primaryimage\",\"inLanguage\":\"es\",\"url\":\"\/ndesarrollo\/wp-content\/uploads\/2022\/09\/Comuna-5-6.jpg\",\"contentUrl\":\"\/ndesarrollo\/wp-content\/uploads\/2022\/09\/Comuna-5-6.jpg\",\"width\":1981,\"height\":293},{\"@type\":\"WebPage\",\"@id\":\"\/ndesarrollo\/proyectos-mga-2018-comuna-5\/#webpage\",\"url\":\"\/ndesarrollo\/proyectos-mga-2018-comuna-5\/\",\"name\":\"Proyectos MGA 2018 Comuna 5 - Nuestro Desarrollo\",\"isPartOf\":{\"@id\":\"\/ndesarrollo\/#website\"},\"primaryImageOfPage\":{\"@id\":\"\/ndesarrollo\/proyectos-mga-2018-comuna-5\/#primaryimage\"},\"datePublished\":\"2022-05-04T16:38:33+00:00\",\"dateModified\":\"2023-04-04T03:25:36+00:00\",\"breadcrumb\":{\"@id\":\"\/ndesarrollo\/proyectos-mga-2018-comuna-5\/#breadcrumb\"},\"inLanguage\":\"es\",\"potentialAction\":[{\"@type\":\"ReadAction\",\"target\":[\"\/ndesarrollo\/proyectos-mga-2018-comuna-5\/\"]}]},{\"@type\":\"BreadcrumbList\",\"@id\":\"\/ndesarrollo\/proyectos-mga-2018-comuna-5\/#breadcrumb\",\"itemListElement\":[{\"@type\":\"ListItem\",\"position\":1,\"name\":\"Portada\",\"item\":\"\/ndesarrollo\/\"},{\"@type\":\"ListItem\",\"position\":2,\"name\":\"Proyectos MGA 2018 Comuna 5\"}]}]}<\/script>\n<!-- \/ Yoast SEO plugin. -->","yoast_head_json":{"title":"Proyectos MGA 2018 Comuna 5 - Nuestro Desarrollo","robots":{"index":"index","follow":"follow","max-snippet":"max-snippet:-1","max-image-preview":"max-image-preview:large","max-video-preview":"max-video-preview:-1"},"canonical":"\/ndesarrollo\/proyectos-mga-2018-comuna-5\/","og_locale":"es_ES","og_type":"article","og_title":"Proyectos MGA 2018 Comuna 5 - Nuestro Desarrollo","og_description":"En los procesos de la planeaci\u00f3n del desarrollo local de cada Comuna y Corregimiento en el marco de lo establecido por el Sistema Municipal de Planeaci\u00f3n, se han adelantado diversos ejercicios de gesti\u00f3n. El Banco de Informaci\u00f3n de Proyectos presenta las iniciativas adelantadas en los \u00faltimos a\u00f1os, por los diversos actores participantes de la planeaci\u00f3n &hellip; Proyectos MGA 2018 Comuna 5 Leer m\u00e1s &raquo;","og_url":"\/ndesarrollo\/proyectos-mga-2018-comuna-5\/","og_site_name":"Nuestro Desarrollo","article_publisher":"https:\/\/www.facebook.com\/AlcaldiadeMed","article_modified_time":"2023-04-04T03:25:36+00:00","og_image":[{"url":"\/ndesarrollo\/wp-content\/uploads\/2022\/09\/Comuna-5-6.jpg"}],"twitter_card":"summary_large_image","twitter_site":"@AlcaldiadeMed","twitter_misc":{"Tiempo de lectura":"1 minuto"},"schema":{"@context":"https:\/\/schema.org","@graph":[{"@type":"Organization","@id":"\/ndesarrollo\/#organization","name":"Alcald\u00eda de Medell\u00edn","url":"\/ndesarrollo\/","sameAs":["https:\/\/www.facebook.com\/AlcaldiadeMed","https:\/\/www.instagram.com\/alcaldiademed\/","https:\/\/www.linkedin.com\/company\/alcaldiademedellin","https:\/\/www.youtube.com\/channel\/UCAFLU70jPz4bODq_5BSWPIg","https:\/\/twitter.com\/AlcaldiadeMed"],"logo":{"@type":"ImageObject","@id":"\/ndesarrollo\/#logo","inLanguage":"es","url":"http:\/\/10.1.222.218\/ndesarrollo\/wp-content\/uploads\/2021\/11\/EscudoIcon.png","contentUrl":"http:\/\/10.1.222.218\/ndesarrollo\/wp-content\/uploads\/2021\/11\/EscudoIcon.png","width":32,"height":32,"caption":"Alcald\u00eda de Medell\u00edn"},"image":{"@id":"\/ndesarrollo\/#logo"}},{"@type":"WebSite","@id":"\/ndesarrollo\/#website","url":"\/ndesarrollo\/","name":"Nuestro Desarrollo","description":"Nuestro Desarrollo es una plataforma de Planeaci\u00f3n del Desarrollo Local y Presupuesto Participativo","publisher":{"@id":"\/ndesarrollo\/#organization"},"potentialAction":[{"@type":"SearchAction","target":{"@type":"EntryPoint","urlTemplate":"\/ndesarrollo\/?s={search_term_string}"},"query-input":"required name=search_term_string"}],"inLanguage":"es"},{"@type":"ImageObject","@id":"\/ndesarrollo\/proyectos-mga-2018-comuna-5\/#primaryimage","inLanguage":"es","url":"\/ndesarrollo\/wp-content\/uploads\/2022\/09\/Comuna-5-6.jpg","contentUrl":"\/ndesarrollo\/wp-content\/uploads\/2022\/09\/Comuna-5-6.jpg","width":1981,"height":293},{"@type":"WebPage","@id":"\/ndesarrollo\/proyectos-mga-2018-comuna-5\/#webpage","url":"\/ndesarrollo\/proyectos-mga-2018-comuna-5\/","name":"Proyectos MGA 2018 Comuna 5 - Nuestro Desarrollo","isPartOf":{"@id":"\/ndesarrollo\/#website"},"primaryImageOfPage":{"@id":"\/ndesarrollo\/proyectos-mga-2018-comuna-5\/#primaryimage"},"datePublished":"2022-05-04T16:38:33+00:00","dateModified":"2023-04-04T03:25:36+00:00","breadcrumb":{"@id":"\/ndesarrollo\/proyectos-mga-2018-comuna-5\/#breadcrumb"},"inLanguage":"es","potentialAction":[{"@type":"ReadAction","target":["\/ndesarrollo\/proyectos-mga-2018-comuna-5\/"]}]},{"@type":"BreadcrumbList","@id":"\/ndesarrollo\/proyectos-mga-2018-comuna-5\/#breadcrumb","itemListElement":[{"@type":"ListItem","position":1,"name":"Portada","item":"\/ndesarrollo\/"},{"@type":"ListItem","position":2,"name":"Proyectos MGA 2018 Comuna 5"}]}]}},"_links":{"self":[{"href":"\/ndesarrollo\/wp-json\/wp\/v2\/pages\/12144"}],"collection":[{"href":"\/ndesarrollo\/wp-json\/wp\/v2\/pages"}],"about":[{"href":"\/ndesarrollo\/wp-json\/wp\/v2\/types\/page"}],"author":[{"embeddable":true,"href":"\/ndesarrollo\/wp-json\/wp\/v2\/users\/1"}],"replies":[{"embeddable":true,"href":"\/ndesarrollo\/wp-json\/wp\/v2\/comments?post=12144"}],"version-history":[{"count":16,"href":"\/ndesarrollo\/wp-json\/wp\/v2\/pages\/12144\/revisions"}],"predecessor-version":[{"id":22301,"href":"\/ndesarrollo\/wp-json\/wp\/v2\/pages\/12144\/revisions\/22301"}],"wp:attachment":[{"href":"\/ndesarrollo\/wp-json\/wp\/v2\/media?parent=12144"}],"wp:term":[{"taxonomy":"category","embeddable":true,"href":"\/ndesarrollo\/wp-json\/wp\/v2\/categories?post=12144"},{"taxonomy":"post_tag","embeddable":true,"href":"\/ndesarrollo\/wp-json\/wp\/v2\/tags?post=12144"}],"curies":[{"name":"wp","href":"https:\/\/api.w.org\/{rel}","templated":true}]}}