{"id":1242,"date":"2021-08-09T17:38:11","date_gmt":"2021-08-09T17:38:11","guid":{"rendered":"http:\/\/10.1.222.218\/ndesarrollo\/?page_id=1242"},"modified":"2022-07-26T14:10:13","modified_gmt":"2022-07-26T14:10:13","slug":"comunicaciones","status":"publish","type":"page","link":"\/ndesarrollo\/comunicaciones\/","title":{"rendered":"Comuniqu\u00e9monos"},"content":{"rendered":"\t\t<div data-elementor-type=\"wp-page\" data-elementor-id=\"1242\" class=\"elementor elementor-1242\" data-elementor-settings=\"[]\">\n\t\t\t\t\t\t\t<div class=\"elementor-section-wrap\">\n\t\t\t\t\t\t\t<section data-particle_enable=\"false\" data-particle-mobile-disabled=\"false\" class=\"elementor-section elementor-top-section elementor-element elementor-element-e57530e elementor-section-full_width elementor-section-height-default elementor-section-height-default\" data-id=\"e57530e\" data-element_type=\"section\">\n\t\t\t\t\t\t<div class=\"elementor-container elementor-column-gap-no\">\n\t\t\t\t\t<div class=\"elementor-column elementor-col-100 elementor-top-column elementor-element elementor-element-772fbf9\" data-id=\"772fbf9\" data-element_type=\"column\">\n\t\t\t<div class=\"elementor-widget-wrap elementor-element-populated\">\n\t\t\t\t\t\t\t\t<div class=\"elementor-element elementor-element-9af90c1 elementor-widget elementor-widget-image\" data-id=\"9af90c1\" data-element_type=\"widget\" data-widget_type=\"image.default\">\n\t\t\t\t<div class=\"elementor-widget-container\">\n\t\t\t\t\t\t\t\t\t\t\t\t\t\t\t<img width=\"1982\" height=\"290\" src=\"\/ndesarrollo\/wp-content\/uploads\/2022\/07\/Comuniquemonos-50.jpg\" class=\"attachment-full size-full\" alt=\"\" loading=\"lazy\" srcset=\"\/ndesarrollo\/wp-content\/uploads\/2022\/07\/Comuniquemonos-50.jpg 1982w, \/ndesarrollo\/wp-content\/uploads\/2022\/07\/Comuniquemonos-50-300x44.jpg 300w, \/ndesarrollo\/wp-content\/uploads\/2022\/07\/Comuniquemonos-50-1024x150.jpg 1024w, \/ndesarrollo\/wp-content\/uploads\/2022\/07\/Comuniquemonos-50-768x112.jpg 768w, \/ndesarrollo\/wp-content\/uploads\/2022\/07\/Comuniquemonos-50-1536x225.jpg 1536w\" sizes=\"(max-width: 1982px) 100vw, 1982px\" \/>\t\t\t\t\t\t\t\t\t\t\t\t\t\t\t<\/div>\n\t\t\t\t<\/div>\n\t\t\t\t\t<\/div>\n\t\t<\/div>\n\t\t\t\t\t\t\t<\/div>\n\t\t<\/section>\n\t\t\t\t<section data-particle_enable=\"false\" data-particle-mobile-disabled=\"false\" class=\"elementor-section elementor-top-section elementor-element elementor-element-8e8a506 elementor-section-boxed elementor-section-height-default elementor-section-height-default\" data-id=\"8e8a506\" data-element_type=\"section\">\n\t\t\t\t\t\t<div class=\"elementor-container elementor-column-gap-default\">\n\t\t\t\t\t<div class=\"elementor-column elementor-col-100 elementor-top-column elementor-element elementor-element-7c0f235\" data-id=\"7c0f235\" data-element_type=\"column\">\n\t\t\t<div class=\"elementor-widget-wrap elementor-element-populated\">\n\t\t\t\t\t\t\t\t<section data-particle_enable=\"false\" data-particle-mobile-disabled=\"false\" class=\"elementor-section elementor-inner-section elementor-element elementor-element-134e41c elementor-section-boxed elementor-section-height-default elementor-section-height-default\" data-id=\"134e41c\" data-element_type=\"section\">\n\t\t\t\t\t\t<div class=\"elementor-container elementor-column-gap-default\">\n\t\t\t\t\t<div class=\"elementor-column elementor-col-50 elementor-inner-column elementor-element elementor-element-efc9f90\" data-id=\"efc9f90\" data-element_type=\"column\">\n\t\t\t<div class=\"elementor-widget-wrap elementor-element-populated\">\n\t\t\t\t\t\t\t\t<div id=\"eael-section-tooltip-a99430a\" class=\"eael-section-tooltip elementor-element elementor-element-a99430a elementor-widget elementor-widget-eael-interactive-promo\" data-id=\"a99430a\" data-element_type=\"widget\" data-settings=\"{&quot;eael_tooltip_section_content&quot;:&quot;Agenda&quot;,&quot;eael_tooltip_section_animation&quot;:&quot;fade&quot;,&quot;eael_tooltip_section_arrow_type&quot;:&quot;round&quot;,&quot;eael_tooltip_section_size&quot;:&quot;large&quot;,&quot;motion_fx_motion_fx_mouse&quot;:&quot;yes&quot;,&quot;eael_tooltip_section_position&quot;:&quot;top&quot;,&quot;eael_tooltip_section_arrow&quot;:true,&quot;eael_tooltip_section_trigger&quot;:&quot;mouseenter&quot;,&quot;eael_tooltip_section_duration&quot;:300,&quot;eael_tooltip_section_delay&quot;:400}\" data-widget_type=\"eael-interactive-promo.default\">\n\t\t\n            <script>\n                jQuery(window).on('elementor\/frontend\/init', function() {\n                    var $currentTooltip = '#eael-section-tooltip-a99430a';\n\n                    tippy($currentTooltip, {\n                        content: 'Agenda',\n                        placement: 'top',\n                        animation: 'fade',\n                        arrow: '1',\n                        arrowType: 'round',\n                        duration: '300',\n                        distance: '10',\n                        delay: '400',\n                        size: 'large',\n                        trigger: 'mouseenter',\n                        animateFill: false,\n                        flipOnUpdate: true,\n                        interactive: true,\n                        maxWidth: 350,\n                        zIndex: 999,\n                        onShow(instance) {\n                            var tippyPopper = instance.popper;\n                            jQuery(tippyPopper).attr('data-tippy-popper-id', 'a99430a');\n                        }\n                    });\n                });\n            <\/script>\n        \t\t<div class=\"elementor-widget-container\">\n\t\t\t        <div id=\"eael-promo-a99430a\" class=\"eael-interactive-promo\">\n            <figure class=\"effect-sadie\">\n                <img alt=\"\" src=\"\/ndesarrollo\/wp-content\/uploads\/2022\/06\/Agenda.jpg\">                <figcaption>\n                    <div>\n                        \n                        <p><p style=\"text-align: center;\">Ag\u00e9ndate y participa.<\/p><\/p>\n                    <\/div>\n                                            <a href=\"\/ndesarrollo\/?page_id=1246\" target=\"yes\"><\/a>\n                                    <\/figcaption>\n            <\/figure>\n        <\/div>\n\t\t<\/div>\n\t\t\t\t<\/div>\n\t\t\t\t\t<\/div>\n\t\t<\/div>\n\t\t\t\t<div class=\"elementor-column elementor-col-50 elementor-inner-column elementor-element elementor-element-ff609d7\" data-id=\"ff609d7\" data-element_type=\"column\">\n\t\t\t<div class=\"elementor-widget-wrap elementor-element-populated\">\n\t\t\t\t\t\t\t\t<div id=\"eael-section-tooltip-914bf38\" class=\"eael-section-tooltip elementor-element elementor-element-914bf38 elementor-widget elementor-widget-eael-interactive-promo\" data-id=\"914bf38\" data-element_type=\"widget\" data-settings=\"{&quot;eael_tooltip_section_content&quot;:&quot;Boletines&quot;,&quot;eael_tooltip_section_animation&quot;:&quot;fade&quot;,&quot;eael_tooltip_section_arrow_type&quot;:&quot;round&quot;,&quot;eael_tooltip_section_size&quot;:&quot;large&quot;,&quot;motion_fx_motion_fx_mouse&quot;:&quot;yes&quot;,&quot;eael_tooltip_section_position&quot;:&quot;top&quot;,&quot;eael_tooltip_section_arrow&quot;:true,&quot;eael_tooltip_section_trigger&quot;:&quot;mouseenter&quot;,&quot;eael_tooltip_section_duration&quot;:300,&quot;eael_tooltip_section_delay&quot;:400}\" data-widget_type=\"eael-interactive-promo.default\">\n\t\t\n            <script>\n                jQuery(window).on('elementor\/frontend\/init', function() {\n                    var $currentTooltip = '#eael-section-tooltip-914bf38';\n\n                    tippy($currentTooltip, {\n                        content: 'Boletines',\n                        placement: 'top',\n                        animation: 'fade',\n                        arrow: '1',\n                        arrowType: 'round',\n                        duration: '300',\n                        distance: '10',\n                        delay: '400',\n                        size: 'large',\n                        trigger: 'mouseenter',\n                        animateFill: false,\n                        flipOnUpdate: true,\n                        interactive: true,\n                        maxWidth: 350,\n                        zIndex: 999,\n                        onShow(instance) {\n                            var tippyPopper = instance.popper;\n                            jQuery(tippyPopper).attr('data-tippy-popper-id', '914bf38');\n                        }\n                    });\n                });\n            <\/script>\n        \t\t<div class=\"elementor-widget-container\">\n\t\t\t        <div id=\"eael-promo-914bf38\" class=\"eael-interactive-promo\">\n            <figure class=\"effect-sadie\">\n                <img alt=\"\" src=\"\/ndesarrollo\/wp-content\/uploads\/2022\/06\/Boletines.jpg\">                <figcaption>\n                    <div>\n                        \n                        <p><p style=\"text-align: center;\">Ac\u00e1 podr\u00e1s acceder a los boletines de la Subdirecci\u00f3n de Planeaci\u00f3n Social y Econ\u00f3mica.<\/p><\/p>\n                    <\/div>\n                                            <a href=\"\/ndesarrollo\/?page_id=8466\" target=\"yes\"><\/a>\n                                    <\/figcaption>\n            <\/figure>\n        <\/div>\n\t\t<\/div>\n\t\t\t\t<\/div>\n\t\t\t\t\t<\/div>\n\t\t<\/div>\n\t\t\t\t\t\t\t<\/div>\n\t\t<\/section>\n\t\t\t\t\t<\/div>\n\t\t<\/div>\n\t\t\t\t\t\t\t<\/div>\n\t\t<\/section>\n\t\t\t\t<section data-particle_enable=\"false\" data-particle-mobile-disabled=\"false\" class=\"elementor-section elementor-top-section elementor-element elementor-element-2542b8f elementor-section-boxed elementor-section-height-default elementor-section-height-default\" data-id=\"2542b8f\" data-element_type=\"section\">\n\t\t\t\t\t\t<div class=\"elementor-container elementor-column-gap-no\">\n\t\t\t\t\t<div class=\"elementor-column elementor-col-100 elementor-top-column elementor-element elementor-element-4c4e216\" data-id=\"4c4e216\" data-element_type=\"column\">\n\t\t\t<div class=\"elementor-widget-wrap elementor-element-populated\">\n\t\t\t\t\t\t\t\t<div class=\"elementor-element elementor-element-bb9a15a elementor-widget elementor-widget-image\" data-id=\"bb9a15a\" data-element_type=\"widget\" data-widget_type=\"image.default\">\n\t\t\t\t<div class=\"elementor-widget-container\">\n\t\t\t\t\t\t\t\t\t\t\t\t\t\t\t<img width=\"1920\" height=\"214\" src=\"\/ndesarrollo\/wp-content\/uploads\/2021\/07\/SeparadorV2.png\" class=\"attachment-full size-full\" alt=\"\" loading=\"lazy\" \/>\t\t\t\t\t\t\t\t\t\t\t\t\t\t\t<\/div>\n\t\t\t\t<\/div>\n\t\t\t\t\t<\/div>\n\t\t<\/div>\n\t\t\t\t\t\t\t<\/div>\n\t\t<\/section>\n\t\t\t\t\t\t<\/div>\n\t\t\t\t\t<\/div>\n\t\t","protected":false},"excerpt":{"rendered":"<p>Ag\u00e9ndate y participa. Ac\u00e1 podr\u00e1s acceder a los boletines de la Subdirecci\u00f3n de Planeaci\u00f3n Social y Econ\u00f3mica.<\/p>\n","protected":false},"author":1,"featured_media":0,"parent":0,"menu_order":0,"comment_status":"closed","ping_status":"closed","template":"","meta":{"_mi_skip_tracking":false,"site-sidebar-layout":"no-sidebar","site-content-layout":"page-builder","ast-main-header-display":"","ast-hfb-above-header-display":"","ast-hfb-below-header-display":"","ast-hfb-mobile-header-display":"","site-post-title":"disabled","ast-breadcrumbs-content":"","ast-featured-img":"disabled","footer-sml-layout":"","theme-transparent-header-meta":"default","adv-header-id-meta":"","stick-header-meta":"","header-above-stick-meta":"","header-main-stick-meta":"","header-below-stick-meta":""},"categories":[86],"tags":[],"yoast_head":"<!-- This site is optimized with the Yoast SEO plugin v17.4 - https:\/\/yoast.com\/wordpress\/plugins\/seo\/ -->\n<title>Comuniqu\u00e9monos - Nuestro Desarrollo<\/title>\n<meta name=\"robots\" content=\"index, follow, max-snippet:-1, max-image-preview:large, max-video-preview:-1\" \/>\n<link rel=\"canonical\" href=\"\/ndesarrollo\/comunicaciones\/\" \/>\n<meta property=\"og:locale\" content=\"es_ES\" \/>\n<meta property=\"og:type\" content=\"article\" \/>\n<meta property=\"og:title\" content=\"Comuniqu\u00e9monos - Nuestro Desarrollo\" \/>\n<meta property=\"og:description\" content=\"Ag\u00e9ndate y participa. Ac\u00e1 podr\u00e1s acceder a los boletines de la Subdirecci\u00f3n de Planeaci\u00f3n Social y Econ\u00f3mica.\" \/>\n<meta property=\"og:url\" content=\"\/ndesarrollo\/comunicaciones\/\" \/>\n<meta property=\"og:site_name\" content=\"Nuestro Desarrollo\" \/>\n<meta property=\"article:publisher\" content=\"https:\/\/www.facebook.com\/AlcaldiadeMed\" \/>\n<meta property=\"article:modified_time\" content=\"2022-07-26T14:10:13+00:00\" \/>\n<meta property=\"og:image\" content=\"\/ndesarrollo\/wp-content\/uploads\/2022\/07\/Comuniquemonos-50.jpg\" \/>\n<meta name=\"twitter:card\" content=\"summary_large_image\" \/>\n<meta name=\"twitter:site\" content=\"@AlcaldiadeMed\" \/>\n<meta name=\"twitter:label1\" content=\"Tiempo de lectura\" \/>\n\t<meta name=\"twitter:data1\" content=\"1 minuto\" \/>\n<script type=\"application\/ld+json\" class=\"yoast-schema-graph\">{\"@context\":\"https:\/\/schema.org\",\"@graph\":[{\"@type\":\"Organization\",\"@id\":\"\/ndesarrollo\/#organization\",\"name\":\"Alcald\\u00eda de Medell\\u00edn\",\"url\":\"\/ndesarrollo\/\",\"sameAs\":[\"https:\/\/www.facebook.com\/AlcaldiadeMed\",\"https:\/\/www.instagram.com\/alcaldiademed\/\",\"https:\/\/www.linkedin.com\/company\/alcaldiademedellin\",\"https:\/\/www.youtube.com\/channel\/UCAFLU70jPz4bODq_5BSWPIg\",\"https:\/\/twitter.com\/AlcaldiadeMed\"],\"logo\":{\"@type\":\"ImageObject\",\"@id\":\"\/ndesarrollo\/#logo\",\"inLanguage\":\"es\",\"url\":\"http:\/\/10.1.222.218\/ndesarrollo\/wp-content\/uploads\/2021\/11\/EscudoIcon.png\",\"contentUrl\":\"http:\/\/10.1.222.218\/ndesarrollo\/wp-content\/uploads\/2021\/11\/EscudoIcon.png\",\"width\":32,\"height\":32,\"caption\":\"Alcald\\u00eda de Medell\\u00edn\"},\"image\":{\"@id\":\"\/ndesarrollo\/#logo\"}},{\"@type\":\"WebSite\",\"@id\":\"\/ndesarrollo\/#website\",\"url\":\"\/ndesarrollo\/\",\"name\":\"Nuestro Desarrollo\",\"description\":\"Nuestro Desarrollo es una plataforma de Planeaci\\u00f3n del Desarrollo Local y Presupuesto Participativo\",\"publisher\":{\"@id\":\"\/ndesarrollo\/#organization\"},\"potentialAction\":[{\"@type\":\"SearchAction\",\"target\":{\"@type\":\"EntryPoint\",\"urlTemplate\":\"\/ndesarrollo\/?s={search_term_string}\"},\"query-input\":\"required name=search_term_string\"}],\"inLanguage\":\"es\"},{\"@type\":\"ImageObject\",\"@id\":\"\/ndesarrollo\/comunicaciones\/#primaryimage\",\"inLanguage\":\"es\",\"url\":\"\/ndesarrollo\/wp-content\/uploads\/2022\/07\/Comuniquemonos-50.jpg\",\"contentUrl\":\"\/ndesarrollo\/wp-content\/uploads\/2022\/07\/Comuniquemonos-50.jpg\"},{\"@type\":\"WebPage\",\"@id\":\"\/ndesarrollo\/comunicaciones\/#webpage\",\"url\":\"\/ndesarrollo\/comunicaciones\/\",\"name\":\"Comuniqu\\u00e9monos - Nuestro Desarrollo\",\"isPartOf\":{\"@id\":\"\/ndesarrollo\/#website\"},\"primaryImageOfPage\":{\"@id\":\"\/ndesarrollo\/comunicaciones\/#primaryimage\"},\"datePublished\":\"2021-08-09T17:38:11+00:00\",\"dateModified\":\"2022-07-26T14:10:13+00:00\",\"breadcrumb\":{\"@id\":\"\/ndesarrollo\/comunicaciones\/#breadcrumb\"},\"inLanguage\":\"es\",\"potentialAction\":[{\"@type\":\"ReadAction\",\"target\":[\"\/ndesarrollo\/comunicaciones\/\"]}]},{\"@type\":\"BreadcrumbList\",\"@id\":\"\/ndesarrollo\/comunicaciones\/#breadcrumb\",\"itemListElement\":[{\"@type\":\"ListItem\",\"position\":1,\"name\":\"Portada\",\"item\":\"\/ndesarrollo\/\"},{\"@type\":\"ListItem\",\"position\":2,\"name\":\"Comuniqu\\u00e9monos\"}]}]}<\/script>\n<!-- \/ Yoast SEO plugin. -->","yoast_head_json":{"title":"Comuniqu\u00e9monos - Nuestro Desarrollo","robots":{"index":"index","follow":"follow","max-snippet":"max-snippet:-1","max-image-preview":"max-image-preview:large","max-video-preview":"max-video-preview:-1"},"canonical":"\/ndesarrollo\/comunicaciones\/","og_locale":"es_ES","og_type":"article","og_title":"Comuniqu\u00e9monos - Nuestro Desarrollo","og_description":"Ag\u00e9ndate y participa. Ac\u00e1 podr\u00e1s acceder a los boletines de la Subdirecci\u00f3n de Planeaci\u00f3n Social y Econ\u00f3mica.","og_url":"\/ndesarrollo\/comunicaciones\/","og_site_name":"Nuestro Desarrollo","article_publisher":"https:\/\/www.facebook.com\/AlcaldiadeMed","article_modified_time":"2022-07-26T14:10:13+00:00","og_image":[{"url":"\/ndesarrollo\/wp-content\/uploads\/2022\/07\/Comuniquemonos-50.jpg"}],"twitter_card":"summary_large_image","twitter_site":"@AlcaldiadeMed","twitter_misc":{"Tiempo de lectura":"1 minuto"},"schema":{"@context":"https:\/\/schema.org","@graph":[{"@type":"Organization","@id":"\/ndesarrollo\/#organization","name":"Alcald\u00eda de Medell\u00edn","url":"\/ndesarrollo\/","sameAs":["https:\/\/www.facebook.com\/AlcaldiadeMed","https:\/\/www.instagram.com\/alcaldiademed\/","https:\/\/www.linkedin.com\/company\/alcaldiademedellin","https:\/\/www.youtube.com\/channel\/UCAFLU70jPz4bODq_5BSWPIg","https:\/\/twitter.com\/AlcaldiadeMed"],"logo":{"@type":"ImageObject","@id":"\/ndesarrollo\/#logo","inLanguage":"es","url":"http:\/\/10.1.222.218\/ndesarrollo\/wp-content\/uploads\/2021\/11\/EscudoIcon.png","contentUrl":"http:\/\/10.1.222.218\/ndesarrollo\/wp-content\/uploads\/2021\/11\/EscudoIcon.png","width":32,"height":32,"caption":"Alcald\u00eda de Medell\u00edn"},"image":{"@id":"\/ndesarrollo\/#logo"}},{"@type":"WebSite","@id":"\/ndesarrollo\/#website","url":"\/ndesarrollo\/","name":"Nuestro Desarrollo","description":"Nuestro Desarrollo es una plataforma de Planeaci\u00f3n del Desarrollo Local y Presupuesto Participativo","publisher":{"@id":"\/ndesarrollo\/#organization"},"potentialAction":[{"@type":"SearchAction","target":{"@type":"EntryPoint","urlTemplate":"\/ndesarrollo\/?s={search_term_string}"},"query-input":"required name=search_term_string"}],"inLanguage":"es"},{"@type":"ImageObject","@id":"\/ndesarrollo\/comunicaciones\/#primaryimage","inLanguage":"es","url":"\/ndesarrollo\/wp-content\/uploads\/2022\/07\/Comuniquemonos-50.jpg","contentUrl":"\/ndesarrollo\/wp-content\/uploads\/2022\/07\/Comuniquemonos-50.jpg"},{"@type":"WebPage","@id":"\/ndesarrollo\/comunicaciones\/#webpage","url":"\/ndesarrollo\/comunicaciones\/","name":"Comuniqu\u00e9monos - Nuestro Desarrollo","isPartOf":{"@id":"\/ndesarrollo\/#website"},"primaryImageOfPage":{"@id":"\/ndesarrollo\/comunicaciones\/#primaryimage"},"datePublished":"2021-08-09T17:38:11+00:00","dateModified":"2022-07-26T14:10:13+00:00","breadcrumb":{"@id":"\/ndesarrollo\/comunicaciones\/#breadcrumb"},"inLanguage":"es","potentialAction":[{"@type":"ReadAction","target":["\/ndesarrollo\/comunicaciones\/"]}]},{"@type":"BreadcrumbList","@id":"\/ndesarrollo\/comunicaciones\/#breadcrumb","itemListElement":[{"@type":"ListItem","position":1,"name":"Portada","item":"\/ndesarrollo\/"},{"@type":"ListItem","position":2,"name":"Comuniqu\u00e9monos"}]}]}},"_links":{"self":[{"href":"\/ndesarrollo\/wp-json\/wp\/v2\/pages\/1242"}],"collection":[{"href":"\/ndesarrollo\/wp-json\/wp\/v2\/pages"}],"about":[{"href":"\/ndesarrollo\/wp-json\/wp\/v2\/types\/page"}],"author":[{"embeddable":true,"href":"\/ndesarrollo\/wp-json\/wp\/v2\/users\/1"}],"replies":[{"embeddable":true,"href":"\/ndesarrollo\/wp-json\/wp\/v2\/comments?post=1242"}],"version-history":[{"count":21,"href":"\/ndesarrollo\/wp-json\/wp\/v2\/pages\/1242\/revisions"}],"predecessor-version":[{"id":14209,"href":"\/ndesarrollo\/wp-json\/wp\/v2\/pages\/1242\/revisions\/14209"}],"wp:attachment":[{"href":"\/ndesarrollo\/wp-json\/wp\/v2\/media?parent=1242"}],"wp:term":[{"taxonomy":"category","embeddable":true,"href":"\/ndesarrollo\/wp-json\/wp\/v2\/categories?post=1242"},{"taxonomy":"post_tag","embeddable":true,"href":"\/ndesarrollo\/wp-json\/wp\/v2\/tags?post=1242"}],"curies":[{"name":"wp","href":"https:\/\/api.w.org\/{rel}","templated":true}]}}