{"id":15926,"date":"2022-09-01T15:59:48","date_gmt":"2022-09-01T15:59:48","guid":{"rendered":"http:\/\/10.1.222.218\/ndesarrollo\/?page_id=15926"},"modified":"2022-09-02T02:26:21","modified_gmt":"2022-09-02T02:26:21","slug":"fichas-perfil-2022-comuna-5","status":"publish","type":"page","link":"\/ndesarrollo\/fichas-perfil-2022-comuna-5\/","title":{"rendered":"Fichas Perfil 2022 Comuna 5"},"content":{"rendered":"\t\t<div data-elementor-type=\"wp-page\" data-elementor-id=\"15926\" class=\"elementor elementor-15926\" data-elementor-settings=\"[]\">\n\t\t\t\t\t\t\t<div class=\"elementor-section-wrap\">\n\t\t\t\t\t\t\t<section data-particle_enable=\"false\" data-particle-mobile-disabled=\"false\" class=\"elementor-section elementor-top-section elementor-element elementor-element-11cd65f elementor-section-full_width elementor-section-height-default elementor-section-height-default\" data-id=\"11cd65f\" data-element_type=\"section\">\n\t\t\t\t\t\t<div class=\"elementor-container elementor-column-gap-no\">\n\t\t\t\t\t<div class=\"elementor-column elementor-col-100 elementor-top-column elementor-element elementor-element-a982dcc\" data-id=\"a982dcc\" data-element_type=\"column\">\n\t\t\t<div class=\"elementor-widget-wrap elementor-element-populated\">\n\t\t\t\t\t\t\t\t<div class=\"elementor-element elementor-element-90fb585 elementor-widget elementor-widget-image\" data-id=\"90fb585\" data-element_type=\"widget\" data-widget_type=\"image.default\">\n\t\t\t\t<div class=\"elementor-widget-container\">\n\t\t\t\t\t\t\t\t\t\t\t\t\t\t\t<img width=\"1981\" height=\"293\" src=\"\/ndesarrollo\/wp-content\/uploads\/2022\/09\/Comuna-5-1.jpg\" class=\"attachment-full size-full\" alt=\"\" loading=\"lazy\" srcset=\"\/ndesarrollo\/wp-content\/uploads\/2022\/09\/Comuna-5-1.jpg 1981w, \/ndesarrollo\/wp-content\/uploads\/2022\/09\/Comuna-5-1-300x44.jpg 300w, \/ndesarrollo\/wp-content\/uploads\/2022\/09\/Comuna-5-1-1024x151.jpg 1024w, \/ndesarrollo\/wp-content\/uploads\/2022\/09\/Comuna-5-1-768x114.jpg 768w, \/ndesarrollo\/wp-content\/uploads\/2022\/09\/Comuna-5-1-1536x227.jpg 1536w\" sizes=\"(max-width: 1981px) 100vw, 1981px\" \/>\t\t\t\t\t\t\t\t\t\t\t\t\t\t\t<\/div>\n\t\t\t\t<\/div>\n\t\t\t\t\t<\/div>\n\t\t<\/div>\n\t\t\t\t\t\t\t<\/div>\n\t\t<\/section>\n\t\t\t\t<section data-particle_enable=\"false\" data-particle-mobile-disabled=\"false\" class=\"elementor-section elementor-top-section elementor-element elementor-element-727409e elementor-section-boxed elementor-section-height-default elementor-section-height-default\" data-id=\"727409e\" data-element_type=\"section\">\n\t\t\t\t\t\t<div class=\"elementor-container elementor-column-gap-default\">\n\t\t\t\t\t<div class=\"elementor-column elementor-col-100 elementor-top-column elementor-element elementor-element-54e6586\" data-id=\"54e6586\" data-element_type=\"column\">\n\t\t\t<div class=\"elementor-widget-wrap elementor-element-populated\">\n\t\t\t\t\t\t\t\t<div class=\"elementor-element elementor-element-f8500db elementor-widget elementor-widget-text-editor\" data-id=\"f8500db\" data-element_type=\"widget\" data-widget_type=\"text-editor.default\">\n\t\t\t\t<div class=\"elementor-widget-container\">\n\t\t\t\t\t\t\t<h4 class=\"elementor-heading-title elementor-size-default elementor-inline-editing pen\" contenteditable=\"true\" data-elementor-setting-key=\"title\" data-pen-placeholder=\"Teclea aqu\u00ed...\">Fichas formuladas bajo el direccionamiento t\u00e9cnico de la Unidad de Planeaci\u00f3n del Desarrollo Municipal y Local de la Subdirecci\u00f3n de Planeaci\u00f3n Social y Econ\u00f3mica del Departamento Administrativo de Planeaci\u00f3n de la Alcald\u00eda de Medell\u00edn con el acompa\u00f1amiento de las distintas Secretar\u00edas y Entes Descentralizados.<\/h4>\t\t\t\t\t\t<\/div>\n\t\t\t\t<\/div>\n\t\t\t\t\t<\/div>\n\t\t<\/div>\n\t\t\t\t\t\t\t<\/div>\n\t\t<\/section>\n\t\t\t\t<section data-particle_enable=\"false\" data-particle-mobile-disabled=\"false\" class=\"elementor-section elementor-top-section elementor-element elementor-element-b70ecb3 elementor-section-boxed elementor-section-height-default elementor-section-height-default\" data-id=\"b70ecb3\" data-element_type=\"section\">\n\t\t\t\t\t\t<div class=\"elementor-container elementor-column-gap-default\">\n\t\t\t\t\t<div class=\"elementor-column elementor-col-100 elementor-top-column elementor-element elementor-element-e63be50\" data-id=\"e63be50\" data-element_type=\"column\">\n\t\t\t<div class=\"elementor-widget-wrap elementor-element-populated\">\n\t\t\t\t\t\t\t\t<div class=\"elementor-element elementor-element-30e6d2c elementor-widget elementor-widget-text-editor\" data-id=\"30e6d2c\" data-element_type=\"widget\" data-widget_type=\"text-editor.default\">\n\t\t\t\t<div class=\"elementor-widget-container\">\n\t\t\t\t\t\t\t<p><a href=\"\/ndesarrollo\/wp-content\/uploads\/2022\/09\/22_PPTA_PP_C5_MUJERES.pdf\">22_PPTA_PP_C5_MUJERES<\/a><\/p><p><a href=\"\/ndesarrollo\/wp-content\/uploads\/2022\/09\/22_PPTA_PP_C5_SALUD.pdf\">22_PPTA_PP_C5_SALUD<\/a><\/p><p><a href=\"\/ndesarrollo\/wp-content\/uploads\/2022\/09\/22_PPTA_PP_C5_SEGURIDAD.pdf\">22_PPTA_PP_C5_SEGURIDAD<\/a><\/p><p><a href=\"\/ndesarrollo\/wp-content\/uploads\/2022\/09\/22_PPTA_PP_-C5-_-PARTICIPACION_ARTICULADA.pdf\">22_PPTA_PP_ C5 _ PARTICIPACI\u00d3N_ARTICULADA<\/a><\/p><p><a href=\"\/ndesarrollo\/wp-content\/uploads\/2022\/09\/22_PPTA_PP_C5_-JUVENTUD.pdf\">22_PPTA_PP_C5_ JUVENTUD<\/a><\/p><p><a href=\"\/ndesarrollo\/wp-content\/uploads\/2022\/09\/22_PPTA_PP_C5_EDUCACION-SUPERIOR-ARTICULADA.pdf\">22_PPTA_PP_C5_EDUCACI\u00d3N SUPERIOR ARTICULADA<\/a><\/p><p><a href=\"\/ndesarrollo\/wp-content\/uploads\/2022\/09\/22_PPTA_PP_C5_EDUCACION.pdf\">22_PPTA_PP_C5_EDUCACI\u00d3N<\/a><\/p><p><a href=\"\/ndesarrollo\/wp-content\/uploads\/2022\/09\/22_PPTA_PP_C5_EDUCACION_2.pdf\">22_PPTA_PP_C5_EDUCACI\u00d3N_2<\/a><\/p><p><a href=\"\/ndesarrollo\/wp-content\/uploads\/2022\/09\/22_PPTA_PP_C5_INCLUSION-ARTICULADA.pdf\">22_PPTA_PP_C5_INCLUSI\u00d3N ARTICULADA<\/a><\/p><p><a href=\"\/ndesarrollo\/wp-content\/uploads\/2022\/09\/22_PPTA_PP_C5_INDER.pdf\">22_PPTA_PP_C5_INDER<\/a><\/p><p><a href=\"\/ndesarrollo\/wp-content\/uploads\/2022\/09\/22_PPTA_PP_C5_ISVIMED.pdf\">22_PPTA_PP_C5_ISVIMED<\/a><\/p><p><a href=\"\/ndesarrollo\/wp-content\/uploads\/2022\/09\/22_PPTA_PP_C5_MEDIO-AMBIENTE.pdf\">22_PPTA_PP_C5_MEDIO AMBIENTE<\/a><\/p>\t\t\t\t\t\t<\/div>\n\t\t\t\t<\/div>\n\t\t\t\t\t<\/div>\n\t\t<\/div>\n\t\t\t\t\t\t\t<\/div>\n\t\t<\/section>\n\t\t\t\t<section data-particle_enable=\"false\" data-particle-mobile-disabled=\"false\" class=\"elementor-section elementor-top-section elementor-element elementor-element-d4fbb57 elementor-section-full_width elementor-section-height-default elementor-section-height-default\" data-id=\"d4fbb57\" data-element_type=\"section\">\n\t\t\t\t\t\t<div class=\"elementor-container elementor-column-gap-no\">\n\t\t\t\t\t<div class=\"elementor-column elementor-col-100 elementor-top-column elementor-element elementor-element-5b6321a\" data-id=\"5b6321a\" data-element_type=\"column\">\n\t\t\t<div class=\"elementor-widget-wrap elementor-element-populated\">\n\t\t\t\t\t\t\t\t<div class=\"elementor-element elementor-element-05d6751 elementor-widget elementor-widget-image\" data-id=\"05d6751\" data-element_type=\"widget\" data-widget_type=\"image.default\">\n\t\t\t\t<div class=\"elementor-widget-container\">\n\t\t\t\t\t\t\t\t\t\t\t\t\t\t\t<img width=\"1920\" height=\"214\" src=\"\/ndesarrollo\/wp-content\/uploads\/2021\/07\/SeparadorV2.png\" class=\"attachment-full size-full\" alt=\"\" loading=\"lazy\" \/>\t\t\t\t\t\t\t\t\t\t\t\t\t\t\t<\/div>\n\t\t\t\t<\/div>\n\t\t\t\t\t<\/div>\n\t\t<\/div>\n\t\t\t\t\t\t\t<\/div>\n\t\t<\/section>\n\t\t\t\t\t\t<\/div>\n\t\t\t\t\t<\/div>\n\t\t","protected":false},"excerpt":{"rendered":"<p>Fichas formuladas bajo el direccionamiento t\u00e9cnico de la Unidad de Planeaci\u00f3n del Desarrollo Municipal y Local de la Subdirecci\u00f3n de Planeaci\u00f3n Social y Econ\u00f3mica del Departamento Administrativo de Planeaci\u00f3n de la Alcald\u00eda de Medell\u00edn con el acompa\u00f1amiento de las distintas Secretar\u00edas y Entes Descentralizados. 22_PPTA_PP_C5_MUJERES 22_PPTA_PP_C5_SALUD 22_PPTA_PP_C5_SEGURIDAD 22_PPTA_PP_ C5 _ PARTICIPACI\u00d3N_ARTICULADA 22_PPTA_PP_C5_ JUVENTUD 22_PPTA_PP_C5_EDUCACI\u00d3N SUPERIOR &hellip;<\/p>\n<p class=\"read-more\"> <a class=\"\" href=\"\/ndesarrollo\/fichas-perfil-2022-comuna-5\/\"> <span class=\"screen-reader-text\">Fichas Perfil 2022 Comuna 5<\/span> Leer m\u00e1s &raquo;<\/a><\/p>\n","protected":false},"author":1,"featured_media":0,"parent":0,"menu_order":0,"comment_status":"closed","ping_status":"closed","template":"","meta":{"_mi_skip_tracking":false,"site-sidebar-layout":"no-sidebar","site-content-layout":"page-builder","ast-main-header-display":"","ast-hfb-above-header-display":"","ast-hfb-below-header-display":"","ast-hfb-mobile-header-display":"","site-post-title":"disabled","ast-breadcrumbs-content":"","ast-featured-img":"disabled","footer-sml-layout":"","theme-transparent-header-meta":"default","adv-header-id-meta":"","stick-header-meta":"","header-above-stick-meta":"","header-main-stick-meta":"","header-below-stick-meta":""},"categories":[87,100,104],"tags":[],"yoast_head":"<!-- This site is optimized with the Yoast SEO plugin v17.4 - https:\/\/yoast.com\/wordpress\/plugins\/seo\/ -->\n<title>Fichas Perfil 2022 Comuna 5 - Nuestro Desarrollo<\/title>\n<meta name=\"robots\" content=\"index, follow, max-snippet:-1, max-image-preview:large, max-video-preview:-1\" \/>\n<link rel=\"canonical\" href=\"\/ndesarrollo\/fichas-perfil-2022-comuna-5\/\" \/>\n<meta property=\"og:locale\" content=\"es_ES\" \/>\n<meta property=\"og:type\" content=\"article\" \/>\n<meta property=\"og:title\" content=\"Fichas Perfil 2022 Comuna 5 - Nuestro Desarrollo\" \/>\n<meta property=\"og:description\" content=\"Fichas formuladas bajo el direccionamiento t\u00e9cnico de la Unidad de Planeaci\u00f3n del Desarrollo Municipal y Local de la Subdirecci\u00f3n de Planeaci\u00f3n Social y Econ\u00f3mica del Departamento Administrativo de Planeaci\u00f3n de la Alcald\u00eda de Medell\u00edn con el acompa\u00f1amiento de las distintas Secretar\u00edas y Entes Descentralizados. 22_PPTA_PP_C5_MUJERES 22_PPTA_PP_C5_SALUD 22_PPTA_PP_C5_SEGURIDAD 22_PPTA_PP_ C5 _ PARTICIPACI\u00d3N_ARTICULADA 22_PPTA_PP_C5_ JUVENTUD 22_PPTA_PP_C5_EDUCACI\u00d3N SUPERIOR &hellip; Fichas Perfil 2022 Comuna 5 Leer m\u00e1s &raquo;\" \/>\n<meta property=\"og:url\" content=\"\/ndesarrollo\/fichas-perfil-2022-comuna-5\/\" \/>\n<meta property=\"og:site_name\" content=\"Nuestro Desarrollo\" \/>\n<meta property=\"article:publisher\" content=\"https:\/\/www.facebook.com\/AlcaldiadeMed\" \/>\n<meta property=\"article:modified_time\" content=\"2022-09-02T02:26:21+00:00\" \/>\n<meta property=\"og:image\" content=\"http:\/\/10.1.222.218\/ndesarrollo\/wp-content\/uploads\/2022\/09\/Comuna-5-1.jpg\" \/>\n<meta name=\"twitter:card\" content=\"summary_large_image\" \/>\n<meta name=\"twitter:site\" content=\"@AlcaldiadeMed\" \/>\n<meta name=\"twitter:label1\" content=\"Tiempo de lectura\" \/>\n\t<meta name=\"twitter:data1\" content=\"1 minuto\" \/>\n<script type=\"application\/ld+json\" class=\"yoast-schema-graph\">{\"@context\":\"https:\/\/schema.org\",\"@graph\":[{\"@type\":\"Organization\",\"@id\":\"\/ndesarrollo\/#organization\",\"name\":\"Alcald\\u00eda de Medell\\u00edn\",\"url\":\"\/ndesarrollo\/\",\"sameAs\":[\"https:\/\/www.facebook.com\/AlcaldiadeMed\",\"https:\/\/www.instagram.com\/alcaldiademed\/\",\"https:\/\/www.linkedin.com\/company\/alcaldiademedellin\",\"https:\/\/www.youtube.com\/channel\/UCAFLU70jPz4bODq_5BSWPIg\",\"https:\/\/twitter.com\/AlcaldiadeMed\"],\"logo\":{\"@type\":\"ImageObject\",\"@id\":\"\/ndesarrollo\/#logo\",\"inLanguage\":\"es\",\"url\":\"http:\/\/10.1.222.218\/ndesarrollo\/wp-content\/uploads\/2021\/11\/EscudoIcon.png\",\"contentUrl\":\"http:\/\/10.1.222.218\/ndesarrollo\/wp-content\/uploads\/2021\/11\/EscudoIcon.png\",\"width\":32,\"height\":32,\"caption\":\"Alcald\\u00eda de Medell\\u00edn\"},\"image\":{\"@id\":\"\/ndesarrollo\/#logo\"}},{\"@type\":\"WebSite\",\"@id\":\"\/ndesarrollo\/#website\",\"url\":\"\/ndesarrollo\/\",\"name\":\"Nuestro Desarrollo\",\"description\":\"Nuestro Desarrollo es una plataforma de Planeaci\\u00f3n del Desarrollo Local y Presupuesto Participativo\",\"publisher\":{\"@id\":\"\/ndesarrollo\/#organization\"},\"potentialAction\":[{\"@type\":\"SearchAction\",\"target\":{\"@type\":\"EntryPoint\",\"urlTemplate\":\"\/ndesarrollo\/?s={search_term_string}\"},\"query-input\":\"required name=search_term_string\"}],\"inLanguage\":\"es\"},{\"@type\":\"ImageObject\",\"@id\":\"\/ndesarrollo\/fichas-perfil-2022-comuna-5\/#primaryimage\",\"inLanguage\":\"es\",\"url\":\"http:\/\/10.1.222.218\/ndesarrollo\/wp-content\/uploads\/2022\/09\/Comuna-5-1.jpg\",\"contentUrl\":\"http:\/\/10.1.222.218\/ndesarrollo\/wp-content\/uploads\/2022\/09\/Comuna-5-1.jpg\"},{\"@type\":\"WebPage\",\"@id\":\"\/ndesarrollo\/fichas-perfil-2022-comuna-5\/#webpage\",\"url\":\"\/ndesarrollo\/fichas-perfil-2022-comuna-5\/\",\"name\":\"Fichas Perfil 2022 Comuna 5 - Nuestro Desarrollo\",\"isPartOf\":{\"@id\":\"\/ndesarrollo\/#website\"},\"primaryImageOfPage\":{\"@id\":\"\/ndesarrollo\/fichas-perfil-2022-comuna-5\/#primaryimage\"},\"datePublished\":\"2022-09-01T15:59:48+00:00\",\"dateModified\":\"2022-09-02T02:26:21+00:00\",\"breadcrumb\":{\"@id\":\"\/ndesarrollo\/fichas-perfil-2022-comuna-5\/#breadcrumb\"},\"inLanguage\":\"es\",\"potentialAction\":[{\"@type\":\"ReadAction\",\"target\":[\"\/ndesarrollo\/fichas-perfil-2022-comuna-5\/\"]}]},{\"@type\":\"BreadcrumbList\",\"@id\":\"\/ndesarrollo\/fichas-perfil-2022-comuna-5\/#breadcrumb\",\"itemListElement\":[{\"@type\":\"ListItem\",\"position\":1,\"name\":\"Portada\",\"item\":\"\/ndesarrollo\/\"},{\"@type\":\"ListItem\",\"position\":2,\"name\":\"Fichas Perfil 2022 Comuna 5\"}]}]}<\/script>\n<!-- \/ Yoast SEO plugin. -->","yoast_head_json":{"title":"Fichas Perfil 2022 Comuna 5 - Nuestro Desarrollo","robots":{"index":"index","follow":"follow","max-snippet":"max-snippet:-1","max-image-preview":"max-image-preview:large","max-video-preview":"max-video-preview:-1"},"canonical":"\/ndesarrollo\/fichas-perfil-2022-comuna-5\/","og_locale":"es_ES","og_type":"article","og_title":"Fichas Perfil 2022 Comuna 5 - Nuestro Desarrollo","og_description":"Fichas formuladas bajo el direccionamiento t\u00e9cnico de la Unidad de Planeaci\u00f3n del Desarrollo Municipal y Local de la Subdirecci\u00f3n de Planeaci\u00f3n Social y Econ\u00f3mica del Departamento Administrativo de Planeaci\u00f3n de la Alcald\u00eda de Medell\u00edn con el acompa\u00f1amiento de las distintas Secretar\u00edas y Entes Descentralizados. 22_PPTA_PP_C5_MUJERES 22_PPTA_PP_C5_SALUD 22_PPTA_PP_C5_SEGURIDAD 22_PPTA_PP_ C5 _ PARTICIPACI\u00d3N_ARTICULADA 22_PPTA_PP_C5_ JUVENTUD 22_PPTA_PP_C5_EDUCACI\u00d3N SUPERIOR &hellip; Fichas Perfil 2022 Comuna 5 Leer m\u00e1s &raquo;","og_url":"\/ndesarrollo\/fichas-perfil-2022-comuna-5\/","og_site_name":"Nuestro Desarrollo","article_publisher":"https:\/\/www.facebook.com\/AlcaldiadeMed","article_modified_time":"2022-09-02T02:26:21+00:00","og_image":[{"url":"http:\/\/10.1.222.218\/ndesarrollo\/wp-content\/uploads\/2022\/09\/Comuna-5-1.jpg"}],"twitter_card":"summary_large_image","twitter_site":"@AlcaldiadeMed","twitter_misc":{"Tiempo de lectura":"1 minuto"},"schema":{"@context":"https:\/\/schema.org","@graph":[{"@type":"Organization","@id":"\/ndesarrollo\/#organization","name":"Alcald\u00eda de Medell\u00edn","url":"\/ndesarrollo\/","sameAs":["https:\/\/www.facebook.com\/AlcaldiadeMed","https:\/\/www.instagram.com\/alcaldiademed\/","https:\/\/www.linkedin.com\/company\/alcaldiademedellin","https:\/\/www.youtube.com\/channel\/UCAFLU70jPz4bODq_5BSWPIg","https:\/\/twitter.com\/AlcaldiadeMed"],"logo":{"@type":"ImageObject","@id":"\/ndesarrollo\/#logo","inLanguage":"es","url":"http:\/\/10.1.222.218\/ndesarrollo\/wp-content\/uploads\/2021\/11\/EscudoIcon.png","contentUrl":"http:\/\/10.1.222.218\/ndesarrollo\/wp-content\/uploads\/2021\/11\/EscudoIcon.png","width":32,"height":32,"caption":"Alcald\u00eda de Medell\u00edn"},"image":{"@id":"\/ndesarrollo\/#logo"}},{"@type":"WebSite","@id":"\/ndesarrollo\/#website","url":"\/ndesarrollo\/","name":"Nuestro Desarrollo","description":"Nuestro Desarrollo es una plataforma de Planeaci\u00f3n del Desarrollo Local y Presupuesto Participativo","publisher":{"@id":"\/ndesarrollo\/#organization"},"potentialAction":[{"@type":"SearchAction","target":{"@type":"EntryPoint","urlTemplate":"\/ndesarrollo\/?s={search_term_string}"},"query-input":"required name=search_term_string"}],"inLanguage":"es"},{"@type":"ImageObject","@id":"\/ndesarrollo\/fichas-perfil-2022-comuna-5\/#primaryimage","inLanguage":"es","url":"http:\/\/10.1.222.218\/ndesarrollo\/wp-content\/uploads\/2022\/09\/Comuna-5-1.jpg","contentUrl":"http:\/\/10.1.222.218\/ndesarrollo\/wp-content\/uploads\/2022\/09\/Comuna-5-1.jpg"},{"@type":"WebPage","@id":"\/ndesarrollo\/fichas-perfil-2022-comuna-5\/#webpage","url":"\/ndesarrollo\/fichas-perfil-2022-comuna-5\/","name":"Fichas Perfil 2022 Comuna 5 - Nuestro Desarrollo","isPartOf":{"@id":"\/ndesarrollo\/#website"},"primaryImageOfPage":{"@id":"\/ndesarrollo\/fichas-perfil-2022-comuna-5\/#primaryimage"},"datePublished":"2022-09-01T15:59:48+00:00","dateModified":"2022-09-02T02:26:21+00:00","breadcrumb":{"@id":"\/ndesarrollo\/fichas-perfil-2022-comuna-5\/#breadcrumb"},"inLanguage":"es","potentialAction":[{"@type":"ReadAction","target":["\/ndesarrollo\/fichas-perfil-2022-comuna-5\/"]}]},{"@type":"BreadcrumbList","@id":"\/ndesarrollo\/fichas-perfil-2022-comuna-5\/#breadcrumb","itemListElement":[{"@type":"ListItem","position":1,"name":"Portada","item":"\/ndesarrollo\/"},{"@type":"ListItem","position":2,"name":"Fichas Perfil 2022 Comuna 5"}]}]}},"_links":{"self":[{"href":"\/ndesarrollo\/wp-json\/wp\/v2\/pages\/15926"}],"collection":[{"href":"\/ndesarrollo\/wp-json\/wp\/v2\/pages"}],"about":[{"href":"\/ndesarrollo\/wp-json\/wp\/v2\/types\/page"}],"author":[{"embeddable":true,"href":"\/ndesarrollo\/wp-json\/wp\/v2\/users\/1"}],"replies":[{"embeddable":true,"href":"\/ndesarrollo\/wp-json\/wp\/v2\/comments?post=15926"}],"version-history":[{"count":4,"href":"\/ndesarrollo\/wp-json\/wp\/v2\/pages\/15926\/revisions"}],"predecessor-version":[{"id":16317,"href":"\/ndesarrollo\/wp-json\/wp\/v2\/pages\/15926\/revisions\/16317"}],"wp:attachment":[{"href":"\/ndesarrollo\/wp-json\/wp\/v2\/media?parent=15926"}],"wp:term":[{"taxonomy":"category","embeddable":true,"href":"\/ndesarrollo\/wp-json\/wp\/v2\/categories?post=15926"},{"taxonomy":"post_tag","embeddable":true,"href":"\/ndesarrollo\/wp-json\/wp\/v2\/tags?post=15926"}],"curies":[{"name":"wp","href":"https:\/\/api.w.org\/{rel}","templated":true}]}}