{"id":16841,"date":"2022-09-12T19:42:00","date_gmt":"2022-09-12T19:42:00","guid":{"rendered":"http:\/\/10.1.222.218\/ndesarrollo\/?page_id=16841"},"modified":"2023-10-19T19:05:29","modified_gmt":"2023-10-19T19:05:29","slug":"planeacion-distrital","status":"publish","type":"page","link":"\/ndesarrollo\/planeacion-distrital\/","title":{"rendered":"Planeaci\u00f3n Distrital"},"content":{"rendered":"\t\t<div data-elementor-type=\"wp-page\" data-elementor-id=\"16841\" class=\"elementor elementor-16841\" data-elementor-settings=\"[]\">\n\t\t\t\t\t\t\t<div class=\"elementor-section-wrap\">\n\t\t\t\t\t\t\t<section data-particle_enable=\"false\" data-particle-mobile-disabled=\"false\" class=\"elementor-section elementor-top-section elementor-element elementor-element-8f8727c elementor-section-full_width elementor-section-height-default elementor-section-height-default\" data-id=\"8f8727c\" data-element_type=\"section\">\n\t\t\t\t\t\t<div class=\"elementor-container elementor-column-gap-no\">\n\t\t\t\t\t<div class=\"elementor-column elementor-col-100 elementor-top-column elementor-element elementor-element-f85b95f\" data-id=\"f85b95f\" data-element_type=\"column\">\n\t\t\t<div class=\"elementor-widget-wrap elementor-element-populated\">\n\t\t\t\t\t\t\t\t<div class=\"elementor-element elementor-element-da08695 elementor-widget elementor-widget-image\" data-id=\"da08695\" data-element_type=\"widget\" data-widget_type=\"image.default\">\n\t\t\t\t<div class=\"elementor-widget-container\">\n\t\t\t\t\t\t\t\t\t\t\t\t\t\t\t<img width=\"1024\" height=\"150\" src=\"\/ndesarrollo\/wp-content\/uploads\/2022\/10\/Planeacion-Distrital-1024x150.jpg\" class=\"attachment-large size-large\" alt=\"\" loading=\"lazy\" srcset=\"\/ndesarrollo\/wp-content\/uploads\/2022\/10\/Planeacion-Distrital-1024x150.jpg 1024w, \/ndesarrollo\/wp-content\/uploads\/2022\/10\/Planeacion-Distrital-300x44.jpg 300w, \/ndesarrollo\/wp-content\/uploads\/2022\/10\/Planeacion-Distrital-768x112.jpg 768w, \/ndesarrollo\/wp-content\/uploads\/2022\/10\/Planeacion-Distrital-1536x225.jpg 1536w, \/ndesarrollo\/wp-content\/uploads\/2022\/10\/Planeacion-Distrital.jpg 1982w\" sizes=\"(max-width: 1024px) 100vw, 1024px\" \/>\t\t\t\t\t\t\t\t\t\t\t\t\t\t\t<\/div>\n\t\t\t\t<\/div>\n\t\t\t\t\t<\/div>\n\t\t<\/div>\n\t\t\t\t\t\t\t<\/div>\n\t\t<\/section>\n\t\t\t\t<section data-particle_enable=\"false\" data-particle-mobile-disabled=\"false\" class=\"elementor-section elementor-top-section elementor-element elementor-element-a04a294 elementor-section-boxed elementor-section-height-default elementor-section-height-default\" data-id=\"a04a294\" data-element_type=\"section\">\n\t\t\t\t\t\t<div class=\"elementor-container elementor-column-gap-default\">\n\t\t\t\t\t<div class=\"elementor-column elementor-col-100 elementor-top-column elementor-element elementor-element-509df5a\" data-id=\"509df5a\" data-element_type=\"column\">\n\t\t\t<div class=\"elementor-widget-wrap elementor-element-populated\">\n\t\t\t\t\t\t\t\t<div class=\"elementor-element elementor-element-2eb1f7b elementor-widget elementor-widget-text-editor\" data-id=\"2eb1f7b\" data-element_type=\"widget\" data-widget_type=\"text-editor.default\">\n\t\t\t\t<div class=\"elementor-widget-container\">\n\t\t\t\t\t\t\t<p><b>\u00bfQu\u00e9 es Planeaci\u00f3n Distrital?<\/b><\/p><p><span style=\"font-style: inherit; font-weight: inherit;\">Proceso continuo mediante el cual se establecen pol\u00edticas, objetivos y metas econ\u00f3micas, sociales, ambientales, pol\u00edticas y financieras en forma l\u00f3gica y coherente para el territorio distrital y sus habitantes. Para ello, se parte de la identificaci\u00f3n de problemas, necesidades y de la disponibilidad de recursos reales y potenciales.<\/span><\/p><p>Es decir, \u00a0comprende el an\u00e1lisis de una situaci\u00f3n, el establecimiento de objetivos, la formulaci\u00f3n de estrategias que permitan alcanzar dichos objetivos, y el desarrollo de planes de acci\u00f3n que se\u00f1alen c\u00f3mo implementar dichas estrategias.<\/p><p>La planificaci\u00f3n del desarrollo distrital no se limita a un ejercicio t\u00e9cnico, es tambi\u00e9n pol\u00edtico, institucional y participativo para construir consensos a partir del inter\u00e9s colectivo.<\/p><p><strong>\u00bfQu\u00e9 es el Plan de Desarrollo Distrital?<\/strong><\/p><p>Es el instrumento de planeaci\u00f3n que desarrolla el programa de gobierno que el alcalde electo inscribi\u00f3 como candidato para el respectivo per\u00edodo.<\/p><p>En este se deben incorporar las pol\u00edticas p\u00fablicas, la planeaci\u00f3n local de comunas y corregimientos, la planeaci\u00f3n sectorial y poblacional y orientarse al logro de los objetivos del desarrollo humano y al uso equitativo, eficiente y eficaz de los recursos.<\/p><p>El Plan de Desarrollo, est\u00e1 conformado por una parte estrat\u00e9gica y un plan de inversiones a mediano y corto plazo, de conformidad con lo dispuesto en el art\u00edculo 339 de la Constituci\u00f3n Pol\u00edtica y en la Ley 152 de 1994.<\/p>\t\t\t\t\t\t<\/div>\n\t\t\t\t<\/div>\n\t\t\t\t\t<\/div>\n\t\t<\/div>\n\t\t\t\t\t\t\t<\/div>\n\t\t<\/section>\n\t\t\t\t<section data-particle_enable=\"false\" data-particle-mobile-disabled=\"false\" class=\"elementor-section elementor-top-section elementor-element elementor-element-835eeee elementor-section-boxed elementor-section-height-default elementor-section-height-default\" data-id=\"835eeee\" data-element_type=\"section\">\n\t\t\t\t\t\t<div class=\"elementor-container elementor-column-gap-default\">\n\t\t\t\t\t<div class=\"elementor-column elementor-col-25 elementor-top-column elementor-element elementor-element-54d8a88\" data-id=\"54d8a88\" data-element_type=\"column\">\n\t\t\t<div class=\"elementor-widget-wrap\">\n\t\t\t\t\t\t\t\t\t<\/div>\n\t\t<\/div>\n\t\t\t\t<div class=\"elementor-column elementor-col-25 elementor-top-column elementor-element elementor-element-60adb76\" data-id=\"60adb76\" data-element_type=\"column\">\n\t\t\t<div class=\"elementor-widget-wrap elementor-element-populated\">\n\t\t\t\t\t\t\t\t<div class=\"elementor-element elementor-element-906edd3 elementor-button-info elementor-widget elementor-widget-button\" data-id=\"906edd3\" data-element_type=\"widget\" data-widget_type=\"button.default\">\n\t\t\t\t<div class=\"elementor-widget-container\">\n\t\t\t\t\t<div class=\"elementor-button-wrapper\">\n\t\t\t<a href=\"\/ndesarrollo\/?page_id=16859\" class=\"elementor-button-link elementor-button elementor-size-xl\" role=\"button\">\n\t\t\t\t\t\t<span class=\"elementor-button-content-wrapper\">\n\t\t\t\t\t\t<span class=\"elementor-button-icon elementor-align-icon-left\">\n\t\t\t\t<i aria-hidden=\"true\" class=\"far fa-arrow-alt-circle-right\"><\/i>\t\t\t<\/span>\n\t\t\t\t\t\t<span class=\"elementor-button-text\">Instrumentos de planeaci\u00f3n distrital<\/span>\n\t\t<\/span>\n\t\t\t\t\t<\/a>\n\t\t<\/div>\n\t\t\t\t<\/div>\n\t\t\t\t<\/div>\n\t\t\t\t\t<\/div>\n\t\t<\/div>\n\t\t\t\t<div class=\"elementor-column elementor-col-25 elementor-top-column elementor-element elementor-element-039da86\" data-id=\"039da86\" data-element_type=\"column\">\n\t\t\t<div class=\"elementor-widget-wrap elementor-element-populated\">\n\t\t\t\t\t\t\t\t<div class=\"elementor-element elementor-element-951d148 elementor-button-info elementor-widget elementor-widget-button\" data-id=\"951d148\" data-element_type=\"widget\" data-widget_type=\"button.default\">\n\t\t\t\t<div class=\"elementor-widget-container\">\n\t\t\t\t\t<div class=\"elementor-button-wrapper\">\n\t\t\t<a href=\"\/ndesarrollo\/?page_id=23402\" class=\"elementor-button-link elementor-button elementor-size-xl\" role=\"button\">\n\t\t\t\t\t\t<span class=\"elementor-button-content-wrapper\">\n\t\t\t\t\t\t<span class=\"elementor-button-icon elementor-align-icon-left\">\n\t\t\t\t<i aria-hidden=\"true\" class=\"far fa-arrow-alt-circle-right\"><\/i>\t\t\t<\/span>\n\t\t\t\t\t\t<span class=\"elementor-button-text\">Consejo Territorial de planeaci\u00f3n<\/span>\n\t\t<\/span>\n\t\t\t\t\t<\/a>\n\t\t<\/div>\n\t\t\t\t<\/div>\n\t\t\t\t<\/div>\n\t\t\t\t\t<\/div>\n\t\t<\/div>\n\t\t\t\t<div class=\"elementor-column elementor-col-25 elementor-top-column elementor-element elementor-element-3dbe8ab\" data-id=\"3dbe8ab\" data-element_type=\"column\">\n\t\t\t<div class=\"elementor-widget-wrap\">\n\t\t\t\t\t\t\t\t\t<\/div>\n\t\t<\/div>\n\t\t\t\t\t\t\t<\/div>\n\t\t<\/section>\n\t\t\t\t<section data-particle_enable=\"false\" data-particle-mobile-disabled=\"false\" class=\"elementor-section elementor-top-section elementor-element elementor-element-cc2c0c9 elementor-section-full_width elementor-section-height-default elementor-section-height-default\" data-id=\"cc2c0c9\" data-element_type=\"section\">\n\t\t\t\t\t\t<div class=\"elementor-container elementor-column-gap-no\">\n\t\t\t\t\t<div class=\"elementor-column elementor-col-100 elementor-top-column elementor-element elementor-element-56a2e2a\" data-id=\"56a2e2a\" data-element_type=\"column\">\n\t\t\t<div class=\"elementor-widget-wrap elementor-element-populated\">\n\t\t\t\t\t\t\t\t<div class=\"elementor-element elementor-element-6aa22be elementor-widget elementor-widget-image\" data-id=\"6aa22be\" data-element_type=\"widget\" data-widget_type=\"image.default\">\n\t\t\t\t<div class=\"elementor-widget-container\">\n\t\t\t\t\t\t\t\t\t\t\t\t\t\t\t<img width=\"1920\" height=\"214\" src=\"\/ndesarrollo\/wp-content\/uploads\/2021\/07\/SeparadorV2.png\" class=\"attachment-full size-full\" alt=\"\" loading=\"lazy\" \/>\t\t\t\t\t\t\t\t\t\t\t\t\t\t\t<\/div>\n\t\t\t\t<\/div>\n\t\t\t\t\t<\/div>\n\t\t<\/div>\n\t\t\t\t\t\t\t<\/div>\n\t\t<\/section>\n\t\t\t\t\t\t<\/div>\n\t\t\t\t\t<\/div>\n\t\t","protected":false},"excerpt":{"rendered":"<p>\u00bfQu\u00e9 es Planeaci\u00f3n Distrital? Proceso continuo mediante el cual se establecen pol\u00edticas, objetivos y metas econ\u00f3micas, sociales, ambientales, pol\u00edticas y financieras en forma l\u00f3gica y coherente para el territorio distrital y sus habitantes. Para ello, se parte de la identificaci\u00f3n de problemas, necesidades y de la disponibilidad de recursos reales y potenciales. Es decir, \u00a0comprende &hellip;<\/p>\n<p class=\"read-more\"> <a class=\"\" href=\"\/ndesarrollo\/planeacion-distrital\/\"> <span class=\"screen-reader-text\">Planeaci\u00f3n Distrital<\/span> Leer m\u00e1s &raquo;<\/a><\/p>\n","protected":false},"author":1,"featured_media":0,"parent":0,"menu_order":0,"comment_status":"closed","ping_status":"closed","template":"","meta":{"_mi_skip_tracking":false,"site-sidebar-layout":"no-sidebar","site-content-layout":"page-builder","ast-main-header-display":"","ast-hfb-above-header-display":"","ast-hfb-below-header-display":"","ast-hfb-mobile-header-display":"","site-post-title":"disabled","ast-breadcrumbs-content":"","ast-featured-img":"disabled","footer-sml-layout":"","theme-transparent-header-meta":"","adv-header-id-meta":"","stick-header-meta":"","header-above-stick-meta":"","header-main-stick-meta":"","header-below-stick-meta":""},"categories":[],"tags":[],"yoast_head":"<!-- This site is optimized with the Yoast SEO plugin v17.4 - https:\/\/yoast.com\/wordpress\/plugins\/seo\/ -->\n<title>Planeaci\u00f3n Distrital - Nuestro Desarrollo<\/title>\n<meta name=\"robots\" content=\"index, follow, max-snippet:-1, max-image-preview:large, max-video-preview:-1\" \/>\n<link rel=\"canonical\" href=\"\/ndesarrollo\/planeacion-distrital\/\" \/>\n<meta property=\"og:locale\" content=\"es_ES\" \/>\n<meta property=\"og:type\" content=\"article\" \/>\n<meta property=\"og:title\" content=\"Planeaci\u00f3n Distrital - Nuestro Desarrollo\" \/>\n<meta property=\"og:description\" content=\"\u00bfQu\u00e9 es Planeaci\u00f3n Distrital? Proceso continuo mediante el cual se establecen pol\u00edticas, objetivos y metas econ\u00f3micas, sociales, ambientales, pol\u00edticas y financieras en forma l\u00f3gica y coherente para el territorio distrital y sus habitantes. Para ello, se parte de la identificaci\u00f3n de problemas, necesidades y de la disponibilidad de recursos reales y potenciales. Es decir, \u00a0comprende &hellip; Planeaci\u00f3n Distrital Leer m\u00e1s &raquo;\" \/>\n<meta property=\"og:url\" content=\"\/ndesarrollo\/planeacion-distrital\/\" \/>\n<meta property=\"og:site_name\" content=\"Nuestro Desarrollo\" \/>\n<meta property=\"article:publisher\" content=\"https:\/\/www.facebook.com\/AlcaldiadeMed\" \/>\n<meta property=\"article:modified_time\" content=\"2023-10-19T19:05:29+00:00\" \/>\n<meta property=\"og:image\" content=\"\/ndesarrollo\/wp-content\/uploads\/2022\/10\/Planeacion-Distrital-1024x150.jpg\" \/>\n<meta name=\"twitter:card\" content=\"summary_large_image\" \/>\n<meta name=\"twitter:site\" content=\"@AlcaldiadeMed\" \/>\n<meta name=\"twitter:label1\" content=\"Tiempo de lectura\" \/>\n\t<meta name=\"twitter:data1\" content=\"2 minutos\" \/>\n<script type=\"application\/ld+json\" class=\"yoast-schema-graph\">{\"@context\":\"https:\/\/schema.org\",\"@graph\":[{\"@type\":\"Organization\",\"@id\":\"\/ndesarrollo\/#organization\",\"name\":\"Alcald\\u00eda de Medell\\u00edn\",\"url\":\"\/ndesarrollo\/\",\"sameAs\":[\"https:\/\/www.facebook.com\/AlcaldiadeMed\",\"https:\/\/www.instagram.com\/alcaldiademed\/\",\"https:\/\/www.linkedin.com\/company\/alcaldiademedellin\",\"https:\/\/www.youtube.com\/channel\/UCAFLU70jPz4bODq_5BSWPIg\",\"https:\/\/twitter.com\/AlcaldiadeMed\"],\"logo\":{\"@type\":\"ImageObject\",\"@id\":\"\/ndesarrollo\/#logo\",\"inLanguage\":\"es\",\"url\":\"http:\/\/10.1.222.218\/ndesarrollo\/wp-content\/uploads\/2021\/11\/EscudoIcon.png\",\"contentUrl\":\"http:\/\/10.1.222.218\/ndesarrollo\/wp-content\/uploads\/2021\/11\/EscudoIcon.png\",\"width\":32,\"height\":32,\"caption\":\"Alcald\\u00eda de Medell\\u00edn\"},\"image\":{\"@id\":\"\/ndesarrollo\/#logo\"}},{\"@type\":\"WebSite\",\"@id\":\"\/ndesarrollo\/#website\",\"url\":\"\/ndesarrollo\/\",\"name\":\"Nuestro Desarrollo\",\"description\":\"Nuestro Desarrollo es una plataforma de Planeaci\\u00f3n del Desarrollo Local y Presupuesto Participativo\",\"publisher\":{\"@id\":\"\/ndesarrollo\/#organization\"},\"potentialAction\":[{\"@type\":\"SearchAction\",\"target\":{\"@type\":\"EntryPoint\",\"urlTemplate\":\"\/ndesarrollo\/?s={search_term_string}\"},\"query-input\":\"required name=search_term_string\"}],\"inLanguage\":\"es\"},{\"@type\":\"ImageObject\",\"@id\":\"\/ndesarrollo\/planeacion-distrital\/#primaryimage\",\"inLanguage\":\"es\",\"url\":\"\/ndesarrollo\/wp-content\/uploads\/2022\/10\/Planeacion-Distrital.jpg\",\"contentUrl\":\"\/ndesarrollo\/wp-content\/uploads\/2022\/10\/Planeacion-Distrital.jpg\",\"width\":1982,\"height\":290},{\"@type\":\"WebPage\",\"@id\":\"\/ndesarrollo\/planeacion-distrital\/#webpage\",\"url\":\"\/ndesarrollo\/planeacion-distrital\/\",\"name\":\"Planeaci\\u00f3n Distrital - Nuestro Desarrollo\",\"isPartOf\":{\"@id\":\"\/ndesarrollo\/#website\"},\"primaryImageOfPage\":{\"@id\":\"\/ndesarrollo\/planeacion-distrital\/#primaryimage\"},\"datePublished\":\"2022-09-12T19:42:00+00:00\",\"dateModified\":\"2023-10-19T19:05:29+00:00\",\"breadcrumb\":{\"@id\":\"\/ndesarrollo\/planeacion-distrital\/#breadcrumb\"},\"inLanguage\":\"es\",\"potentialAction\":[{\"@type\":\"ReadAction\",\"target\":[\"\/ndesarrollo\/planeacion-distrital\/\"]}]},{\"@type\":\"BreadcrumbList\",\"@id\":\"\/ndesarrollo\/planeacion-distrital\/#breadcrumb\",\"itemListElement\":[{\"@type\":\"ListItem\",\"position\":1,\"name\":\"Portada\",\"item\":\"\/ndesarrollo\/\"},{\"@type\":\"ListItem\",\"position\":2,\"name\":\"Planeaci\\u00f3n Distrital\"}]}]}<\/script>\n<!-- \/ Yoast SEO plugin. -->","yoast_head_json":{"title":"Planeaci\u00f3n Distrital - Nuestro Desarrollo","robots":{"index":"index","follow":"follow","max-snippet":"max-snippet:-1","max-image-preview":"max-image-preview:large","max-video-preview":"max-video-preview:-1"},"canonical":"\/ndesarrollo\/planeacion-distrital\/","og_locale":"es_ES","og_type":"article","og_title":"Planeaci\u00f3n Distrital - Nuestro Desarrollo","og_description":"\u00bfQu\u00e9 es Planeaci\u00f3n Distrital? Proceso continuo mediante el cual se establecen pol\u00edticas, objetivos y metas econ\u00f3micas, sociales, ambientales, pol\u00edticas y financieras en forma l\u00f3gica y coherente para el territorio distrital y sus habitantes. Para ello, se parte de la identificaci\u00f3n de problemas, necesidades y de la disponibilidad de recursos reales y potenciales. Es decir, \u00a0comprende &hellip; Planeaci\u00f3n Distrital Leer m\u00e1s &raquo;","og_url":"\/ndesarrollo\/planeacion-distrital\/","og_site_name":"Nuestro Desarrollo","article_publisher":"https:\/\/www.facebook.com\/AlcaldiadeMed","article_modified_time":"2023-10-19T19:05:29+00:00","og_image":[{"url":"\/ndesarrollo\/wp-content\/uploads\/2022\/10\/Planeacion-Distrital-1024x150.jpg"}],"twitter_card":"summary_large_image","twitter_site":"@AlcaldiadeMed","twitter_misc":{"Tiempo de lectura":"2 minutos"},"schema":{"@context":"https:\/\/schema.org","@graph":[{"@type":"Organization","@id":"\/ndesarrollo\/#organization","name":"Alcald\u00eda de Medell\u00edn","url":"\/ndesarrollo\/","sameAs":["https:\/\/www.facebook.com\/AlcaldiadeMed","https:\/\/www.instagram.com\/alcaldiademed\/","https:\/\/www.linkedin.com\/company\/alcaldiademedellin","https:\/\/www.youtube.com\/channel\/UCAFLU70jPz4bODq_5BSWPIg","https:\/\/twitter.com\/AlcaldiadeMed"],"logo":{"@type":"ImageObject","@id":"\/ndesarrollo\/#logo","inLanguage":"es","url":"http:\/\/10.1.222.218\/ndesarrollo\/wp-content\/uploads\/2021\/11\/EscudoIcon.png","contentUrl":"http:\/\/10.1.222.218\/ndesarrollo\/wp-content\/uploads\/2021\/11\/EscudoIcon.png","width":32,"height":32,"caption":"Alcald\u00eda de Medell\u00edn"},"image":{"@id":"\/ndesarrollo\/#logo"}},{"@type":"WebSite","@id":"\/ndesarrollo\/#website","url":"\/ndesarrollo\/","name":"Nuestro Desarrollo","description":"Nuestro Desarrollo es una plataforma de Planeaci\u00f3n del Desarrollo Local y Presupuesto Participativo","publisher":{"@id":"\/ndesarrollo\/#organization"},"potentialAction":[{"@type":"SearchAction","target":{"@type":"EntryPoint","urlTemplate":"\/ndesarrollo\/?s={search_term_string}"},"query-input":"required name=search_term_string"}],"inLanguage":"es"},{"@type":"ImageObject","@id":"\/ndesarrollo\/planeacion-distrital\/#primaryimage","inLanguage":"es","url":"\/ndesarrollo\/wp-content\/uploads\/2022\/10\/Planeacion-Distrital.jpg","contentUrl":"\/ndesarrollo\/wp-content\/uploads\/2022\/10\/Planeacion-Distrital.jpg","width":1982,"height":290},{"@type":"WebPage","@id":"\/ndesarrollo\/planeacion-distrital\/#webpage","url":"\/ndesarrollo\/planeacion-distrital\/","name":"Planeaci\u00f3n Distrital - Nuestro Desarrollo","isPartOf":{"@id":"\/ndesarrollo\/#website"},"primaryImageOfPage":{"@id":"\/ndesarrollo\/planeacion-distrital\/#primaryimage"},"datePublished":"2022-09-12T19:42:00+00:00","dateModified":"2023-10-19T19:05:29+00:00","breadcrumb":{"@id":"\/ndesarrollo\/planeacion-distrital\/#breadcrumb"},"inLanguage":"es","potentialAction":[{"@type":"ReadAction","target":["\/ndesarrollo\/planeacion-distrital\/"]}]},{"@type":"BreadcrumbList","@id":"\/ndesarrollo\/planeacion-distrital\/#breadcrumb","itemListElement":[{"@type":"ListItem","position":1,"name":"Portada","item":"\/ndesarrollo\/"},{"@type":"ListItem","position":2,"name":"Planeaci\u00f3n Distrital"}]}]}},"_links":{"self":[{"href":"\/ndesarrollo\/wp-json\/wp\/v2\/pages\/16841"}],"collection":[{"href":"\/ndesarrollo\/wp-json\/wp\/v2\/pages"}],"about":[{"href":"\/ndesarrollo\/wp-json\/wp\/v2\/types\/page"}],"author":[{"embeddable":true,"href":"\/ndesarrollo\/wp-json\/wp\/v2\/users\/1"}],"replies":[{"embeddable":true,"href":"\/ndesarrollo\/wp-json\/wp\/v2\/comments?post=16841"}],"version-history":[{"count":39,"href":"\/ndesarrollo\/wp-json\/wp\/v2\/pages\/16841\/revisions"}],"predecessor-version":[{"id":23435,"href":"\/ndesarrollo\/wp-json\/wp\/v2\/pages\/16841\/revisions\/23435"}],"wp:attachment":[{"href":"\/ndesarrollo\/wp-json\/wp\/v2\/media?parent=16841"}],"wp:term":[{"taxonomy":"category","embeddable":true,"href":"\/ndesarrollo\/wp-json\/wp\/v2\/categories?post=16841"},{"taxonomy":"post_tag","embeddable":true,"href":"\/ndesarrollo\/wp-json\/wp\/v2\/tags?post=16841"}],"curies":[{"name":"wp","href":"https:\/\/api.w.org\/{rel}","templated":true}]}}