{"id":16868,"date":"2022-09-12T21:07:04","date_gmt":"2022-09-12T21:07:04","guid":{"rendered":"http:\/\/10.1.222.218\/ndesarrollo\/?page_id=16868"},"modified":"2022-10-13T04:16:06","modified_gmt":"2022-10-13T04:16:06","slug":"planeacion_regional","status":"publish","type":"page","link":"\/ndesarrollo\/planeacion_regional\/","title":{"rendered":"Planeaci\u00f3n Regional"},"content":{"rendered":"\t\t<div data-elementor-type=\"wp-page\" data-elementor-id=\"16868\" class=\"elementor elementor-16868\" data-elementor-settings=\"[]\">\n\t\t\t\t\t\t\t<div class=\"elementor-section-wrap\">\n\t\t\t\t\t\t\t<section data-particle_enable=\"false\" data-particle-mobile-disabled=\"false\" class=\"elementor-section elementor-top-section elementor-element elementor-element-60486fe elementor-section-full_width elementor-section-height-default elementor-section-height-default\" data-id=\"60486fe\" data-element_type=\"section\">\n\t\t\t\t\t\t<div class=\"elementor-container elementor-column-gap-no\">\n\t\t\t\t\t<div class=\"elementor-column elementor-col-100 elementor-top-column elementor-element elementor-element-5b3973e\" data-id=\"5b3973e\" data-element_type=\"column\">\n\t\t\t<div class=\"elementor-widget-wrap elementor-element-populated\">\n\t\t\t\t\t\t\t\t<div class=\"elementor-element elementor-element-542d88d elementor-widget elementor-widget-image\" data-id=\"542d88d\" data-element_type=\"widget\" data-widget_type=\"image.default\">\n\t\t\t\t<div class=\"elementor-widget-container\">\n\t\t\t\t\t\t\t\t\t\t\t\t\t\t\t<img width=\"1024\" height=\"150\" src=\"\/ndesarrollo\/wp-content\/uploads\/2022\/10\/Instrumentos-Planeacion-Regional-1024x150.jpg\" class=\"attachment-large size-large\" alt=\"\" loading=\"lazy\" srcset=\"\/ndesarrollo\/wp-content\/uploads\/2022\/10\/Instrumentos-Planeacion-Regional-1024x150.jpg 1024w, \/ndesarrollo\/wp-content\/uploads\/2022\/10\/Instrumentos-Planeacion-Regional-300x44.jpg 300w, \/ndesarrollo\/wp-content\/uploads\/2022\/10\/Instrumentos-Planeacion-Regional-768x112.jpg 768w, \/ndesarrollo\/wp-content\/uploads\/2022\/10\/Instrumentos-Planeacion-Regional-1536x225.jpg 1536w, \/ndesarrollo\/wp-content\/uploads\/2022\/10\/Instrumentos-Planeacion-Regional.jpg 1982w\" sizes=\"(max-width: 1024px) 100vw, 1024px\" \/>\t\t\t\t\t\t\t\t\t\t\t\t\t\t\t<\/div>\n\t\t\t\t<\/div>\n\t\t\t\t\t<\/div>\n\t\t<\/div>\n\t\t\t\t\t\t\t<\/div>\n\t\t<\/section>\n\t\t\t\t<section data-particle_enable=\"false\" data-particle-mobile-disabled=\"false\" class=\"elementor-section elementor-top-section elementor-element elementor-element-576e7f9 elementor-section-boxed elementor-section-height-default elementor-section-height-default\" data-id=\"576e7f9\" data-element_type=\"section\">\n\t\t\t\t\t\t<div class=\"elementor-container elementor-column-gap-default\">\n\t\t\t\t\t<div class=\"elementor-column elementor-col-100 elementor-top-column elementor-element elementor-element-b96d012\" data-id=\"b96d012\" data-element_type=\"column\">\n\t\t\t<div class=\"elementor-widget-wrap elementor-element-populated\">\n\t\t\t\t\t\t\t\t<div class=\"elementor-element elementor-element-e721f61 elementor-widget elementor-widget-text-editor\" data-id=\"e721f61\" data-element_type=\"widget\" data-widget_type=\"text-editor.default\">\n\t\t\t\t<div class=\"elementor-widget-container\">\n\t\t\t\t\t\t\t<p><strong>\u00bfQu\u00e9 es planeaci\u00f3n regional?<\/strong><\/p><p>La planificaci\u00f3n moderna no solo debe ser prospectiva, estrat\u00e9gica, territorial, sist\u00e9mica y deliberativa, sino que debe girar en torno a los principios \u00a0de coherencia, continuidad y coordinaci\u00f3n (ley 152 de 1994), a fin de garantizar una gesti\u00f3n territorial integral e integrada, que va m\u00e1s all\u00e1 dela visi\u00f3n local.<\/p><p>La coordinaci\u00f3n interinstitucional para la articulaci\u00f3n del desarrollo regional, constituye un reto estrat\u00e9gico en la planificaci\u00f3n del desarrollo y la visi\u00f3n contempor\u00e1nea de su tratamiento.<\/p><p>La b\u00fasqueda de prop\u00f3sitos comunes en torno a la articulaci\u00f3n de pol\u00edticas, procesos, programas y proyectos, entre los diferentes \u00e1mbitos territoriales, resulta ser uno de los m\u00e1s grandes retos y necesidades dentro de la gesti\u00f3n de los asuntos p\u00fablicos. La importancia y trascendencia de la articulaci\u00f3n interinstitucional y de la asociatividad, ha sido puesta de manifiesto en principios constitucionales desarrollados en diversas leyes, particular y m\u00e1s recientemente en la Ley Org\u00e1nica de Ordenamiento Territorial (Ley 1454 de 2011).<\/p><p>En este sentido, los procesos de planeaci\u00f3n y articulaci\u00f3n regional, han mostrado que el desarrollo arm\u00f3nico de Medell\u00edn, Valle de Aburr\u00e1 y Antioquia para asegurar sostenibilidad y competitividad territorial, deben ser fortalecidas en coordinaci\u00f3n de los m\u00faltiples niveles de lo p\u00fablico, con mecanismos \u00e1giles que posibiliten la armonizaci\u00f3n de la gesti\u00f3n conjunta de proyectos y recursos y con una acertada participaci\u00f3n ciudadana, para conducir de manera sin\u00e9rgica el relacionamiento y la generaci\u00f3n de capacidades y oportunidades de Medell\u00edn y las subregiones del Departamento en condiciones de equidad y\u00a0sostenibilidad<\/p>\t\t\t\t\t\t<\/div>\n\t\t\t\t<\/div>\n\t\t\t\t\t<\/div>\n\t\t<\/div>\n\t\t\t\t\t\t\t<\/div>\n\t\t<\/section>\n\t\t\t\t<section data-particle_enable=\"false\" data-particle-mobile-disabled=\"false\" class=\"elementor-section elementor-top-section elementor-element elementor-element-a665fa8 elementor-section-full_width elementor-section-height-default elementor-section-height-default\" data-id=\"a665fa8\" data-element_type=\"section\">\n\t\t\t\t\t\t<div class=\"elementor-container elementor-column-gap-no\">\n\t\t\t\t\t<div class=\"elementor-column elementor-col-100 elementor-top-column elementor-element elementor-element-5015ced\" data-id=\"5015ced\" data-element_type=\"column\">\n\t\t\t<div class=\"elementor-widget-wrap elementor-element-populated\">\n\t\t\t\t\t\t\t\t<div class=\"elementor-element elementor-element-2020dfa elementor-widget elementor-widget-image\" data-id=\"2020dfa\" data-element_type=\"widget\" data-widget_type=\"image.default\">\n\t\t\t\t<div class=\"elementor-widget-container\">\n\t\t\t\t\t\t\t\t\t\t\t\t\t\t\t<img width=\"1920\" height=\"214\" src=\"\/ndesarrollo\/wp-content\/uploads\/2021\/07\/SeparadorV2.png\" class=\"attachment-full size-full\" alt=\"\" loading=\"lazy\" \/>\t\t\t\t\t\t\t\t\t\t\t\t\t\t\t<\/div>\n\t\t\t\t<\/div>\n\t\t\t\t\t<\/div>\n\t\t<\/div>\n\t\t\t\t\t\t\t<\/div>\n\t\t<\/section>\n\t\t\t\t\t\t<\/div>\n\t\t\t\t\t<\/div>\n\t\t","protected":false},"excerpt":{"rendered":"<p>\u00bfQu\u00e9 es planeaci\u00f3n regional? La planificaci\u00f3n moderna no solo debe ser prospectiva, estrat\u00e9gica, territorial, sist\u00e9mica y deliberativa, sino que debe girar en torno a los principios \u00a0de coherencia, continuidad y coordinaci\u00f3n (ley 152 de 1994), a fin de garantizar una gesti\u00f3n territorial integral e integrada, que va m\u00e1s all\u00e1 dela visi\u00f3n local. La coordinaci\u00f3n interinstitucional &hellip;<\/p>\n<p class=\"read-more\"> <a class=\"\" href=\"\/ndesarrollo\/planeacion_regional\/\"> <span class=\"screen-reader-text\">Planeaci\u00f3n Regional<\/span> Leer m\u00e1s &raquo;<\/a><\/p>\n","protected":false},"author":1,"featured_media":0,"parent":0,"menu_order":0,"comment_status":"closed","ping_status":"closed","template":"","meta":{"_mi_skip_tracking":false,"site-sidebar-layout":"no-sidebar","site-content-layout":"page-builder","ast-main-header-display":"","ast-hfb-above-header-display":"","ast-hfb-below-header-display":"","ast-hfb-mobile-header-display":"","site-post-title":"disabled","ast-breadcrumbs-content":"","ast-featured-img":"disabled","footer-sml-layout":"","theme-transparent-header-meta":"default","adv-header-id-meta":"","stick-header-meta":"","header-above-stick-meta":"","header-main-stick-meta":"","header-below-stick-meta":""},"categories":[],"tags":[],"yoast_head":"<!-- This site is optimized with the Yoast SEO plugin v17.4 - https:\/\/yoast.com\/wordpress\/plugins\/seo\/ -->\n<title>Planeaci\u00f3n Regional - Nuestro Desarrollo<\/title>\n<meta name=\"robots\" content=\"index, follow, max-snippet:-1, max-image-preview:large, max-video-preview:-1\" \/>\n<link rel=\"canonical\" href=\"\/ndesarrollo\/planeacion_regional\/\" \/>\n<meta property=\"og:locale\" content=\"es_ES\" \/>\n<meta property=\"og:type\" content=\"article\" \/>\n<meta property=\"og:title\" content=\"Planeaci\u00f3n Regional - Nuestro Desarrollo\" \/>\n<meta property=\"og:description\" content=\"\u00bfQu\u00e9 es planeaci\u00f3n regional? La planificaci\u00f3n moderna no solo debe ser prospectiva, estrat\u00e9gica, territorial, sist\u00e9mica y deliberativa, sino que debe girar en torno a los principios \u00a0de coherencia, continuidad y coordinaci\u00f3n (ley 152 de 1994), a fin de garantizar una gesti\u00f3n territorial integral e integrada, que va m\u00e1s all\u00e1 dela visi\u00f3n local. La coordinaci\u00f3n interinstitucional &hellip; Planeaci\u00f3n Regional Leer m\u00e1s &raquo;\" \/>\n<meta property=\"og:url\" content=\"\/ndesarrollo\/planeacion_regional\/\" \/>\n<meta property=\"og:site_name\" content=\"Nuestro Desarrollo\" \/>\n<meta property=\"article:publisher\" content=\"https:\/\/www.facebook.com\/AlcaldiadeMed\" \/>\n<meta property=\"article:modified_time\" content=\"2022-10-13T04:16:06+00:00\" \/>\n<meta property=\"og:image\" content=\"http:\/\/10.1.222.218\/ndesarrollo\/wp-content\/uploads\/2022\/10\/Instrumentos-Planeacion-Regional-1024x150.jpg\" \/>\n<meta name=\"twitter:card\" content=\"summary_large_image\" \/>\n<meta name=\"twitter:site\" content=\"@AlcaldiadeMed\" \/>\n<meta name=\"twitter:label1\" content=\"Tiempo de lectura\" \/>\n\t<meta name=\"twitter:data1\" content=\"2 minutos\" \/>\n<script type=\"application\/ld+json\" class=\"yoast-schema-graph\">{\"@context\":\"https:\/\/schema.org\",\"@graph\":[{\"@type\":\"Organization\",\"@id\":\"\/ndesarrollo\/#organization\",\"name\":\"Alcald\\u00eda de Medell\\u00edn\",\"url\":\"\/ndesarrollo\/\",\"sameAs\":[\"https:\/\/www.facebook.com\/AlcaldiadeMed\",\"https:\/\/www.instagram.com\/alcaldiademed\/\",\"https:\/\/www.linkedin.com\/company\/alcaldiademedellin\",\"https:\/\/www.youtube.com\/channel\/UCAFLU70jPz4bODq_5BSWPIg\",\"https:\/\/twitter.com\/AlcaldiadeMed\"],\"logo\":{\"@type\":\"ImageObject\",\"@id\":\"\/ndesarrollo\/#logo\",\"inLanguage\":\"es\",\"url\":\"http:\/\/10.1.222.218\/ndesarrollo\/wp-content\/uploads\/2021\/11\/EscudoIcon.png\",\"contentUrl\":\"http:\/\/10.1.222.218\/ndesarrollo\/wp-content\/uploads\/2021\/11\/EscudoIcon.png\",\"width\":32,\"height\":32,\"caption\":\"Alcald\\u00eda de Medell\\u00edn\"},\"image\":{\"@id\":\"\/ndesarrollo\/#logo\"}},{\"@type\":\"WebSite\",\"@id\":\"\/ndesarrollo\/#website\",\"url\":\"\/ndesarrollo\/\",\"name\":\"Nuestro Desarrollo\",\"description\":\"Nuestro Desarrollo es una plataforma de Planeaci\\u00f3n del Desarrollo Local y Presupuesto Participativo\",\"publisher\":{\"@id\":\"\/ndesarrollo\/#organization\"},\"potentialAction\":[{\"@type\":\"SearchAction\",\"target\":{\"@type\":\"EntryPoint\",\"urlTemplate\":\"\/ndesarrollo\/?s={search_term_string}\"},\"query-input\":\"required name=search_term_string\"}],\"inLanguage\":\"es\"},{\"@type\":\"ImageObject\",\"@id\":\"\/ndesarrollo\/planeacion_regional\/#primaryimage\",\"inLanguage\":\"es\",\"url\":\"http:\/\/10.1.222.218\/ndesarrollo\/wp-content\/uploads\/2022\/10\/Instrumentos-Planeacion-Regional-1024x150.jpg\",\"contentUrl\":\"http:\/\/10.1.222.218\/ndesarrollo\/wp-content\/uploads\/2022\/10\/Instrumentos-Planeacion-Regional-1024x150.jpg\"},{\"@type\":\"WebPage\",\"@id\":\"\/ndesarrollo\/planeacion_regional\/#webpage\",\"url\":\"\/ndesarrollo\/planeacion_regional\/\",\"name\":\"Planeaci\\u00f3n Regional - Nuestro Desarrollo\",\"isPartOf\":{\"@id\":\"\/ndesarrollo\/#website\"},\"primaryImageOfPage\":{\"@id\":\"\/ndesarrollo\/planeacion_regional\/#primaryimage\"},\"datePublished\":\"2022-09-12T21:07:04+00:00\",\"dateModified\":\"2022-10-13T04:16:06+00:00\",\"breadcrumb\":{\"@id\":\"\/ndesarrollo\/planeacion_regional\/#breadcrumb\"},\"inLanguage\":\"es\",\"potentialAction\":[{\"@type\":\"ReadAction\",\"target\":[\"\/ndesarrollo\/planeacion_regional\/\"]}]},{\"@type\":\"BreadcrumbList\",\"@id\":\"\/ndesarrollo\/planeacion_regional\/#breadcrumb\",\"itemListElement\":[{\"@type\":\"ListItem\",\"position\":1,\"name\":\"Portada\",\"item\":\"\/ndesarrollo\/\"},{\"@type\":\"ListItem\",\"position\":2,\"name\":\"Planeaci\\u00f3n Regional\"}]}]}<\/script>\n<!-- \/ Yoast SEO plugin. -->","yoast_head_json":{"title":"Planeaci\u00f3n Regional - Nuestro Desarrollo","robots":{"index":"index","follow":"follow","max-snippet":"max-snippet:-1","max-image-preview":"max-image-preview:large","max-video-preview":"max-video-preview:-1"},"canonical":"\/ndesarrollo\/planeacion_regional\/","og_locale":"es_ES","og_type":"article","og_title":"Planeaci\u00f3n Regional - Nuestro Desarrollo","og_description":"\u00bfQu\u00e9 es planeaci\u00f3n regional? La planificaci\u00f3n moderna no solo debe ser prospectiva, estrat\u00e9gica, territorial, sist\u00e9mica y deliberativa, sino que debe girar en torno a los principios \u00a0de coherencia, continuidad y coordinaci\u00f3n (ley 152 de 1994), a fin de garantizar una gesti\u00f3n territorial integral e integrada, que va m\u00e1s all\u00e1 dela visi\u00f3n local. La coordinaci\u00f3n interinstitucional &hellip; Planeaci\u00f3n Regional Leer m\u00e1s &raquo;","og_url":"\/ndesarrollo\/planeacion_regional\/","og_site_name":"Nuestro Desarrollo","article_publisher":"https:\/\/www.facebook.com\/AlcaldiadeMed","article_modified_time":"2022-10-13T04:16:06+00:00","og_image":[{"url":"http:\/\/10.1.222.218\/ndesarrollo\/wp-content\/uploads\/2022\/10\/Instrumentos-Planeacion-Regional-1024x150.jpg"}],"twitter_card":"summary_large_image","twitter_site":"@AlcaldiadeMed","twitter_misc":{"Tiempo de lectura":"2 minutos"},"schema":{"@context":"https:\/\/schema.org","@graph":[{"@type":"Organization","@id":"\/ndesarrollo\/#organization","name":"Alcald\u00eda de Medell\u00edn","url":"\/ndesarrollo\/","sameAs":["https:\/\/www.facebook.com\/AlcaldiadeMed","https:\/\/www.instagram.com\/alcaldiademed\/","https:\/\/www.linkedin.com\/company\/alcaldiademedellin","https:\/\/www.youtube.com\/channel\/UCAFLU70jPz4bODq_5BSWPIg","https:\/\/twitter.com\/AlcaldiadeMed"],"logo":{"@type":"ImageObject","@id":"\/ndesarrollo\/#logo","inLanguage":"es","url":"http:\/\/10.1.222.218\/ndesarrollo\/wp-content\/uploads\/2021\/11\/EscudoIcon.png","contentUrl":"http:\/\/10.1.222.218\/ndesarrollo\/wp-content\/uploads\/2021\/11\/EscudoIcon.png","width":32,"height":32,"caption":"Alcald\u00eda de Medell\u00edn"},"image":{"@id":"\/ndesarrollo\/#logo"}},{"@type":"WebSite","@id":"\/ndesarrollo\/#website","url":"\/ndesarrollo\/","name":"Nuestro Desarrollo","description":"Nuestro Desarrollo es una plataforma de Planeaci\u00f3n del Desarrollo Local y Presupuesto Participativo","publisher":{"@id":"\/ndesarrollo\/#organization"},"potentialAction":[{"@type":"SearchAction","target":{"@type":"EntryPoint","urlTemplate":"\/ndesarrollo\/?s={search_term_string}"},"query-input":"required name=search_term_string"}],"inLanguage":"es"},{"@type":"ImageObject","@id":"\/ndesarrollo\/planeacion_regional\/#primaryimage","inLanguage":"es","url":"http:\/\/10.1.222.218\/ndesarrollo\/wp-content\/uploads\/2022\/10\/Instrumentos-Planeacion-Regional-1024x150.jpg","contentUrl":"http:\/\/10.1.222.218\/ndesarrollo\/wp-content\/uploads\/2022\/10\/Instrumentos-Planeacion-Regional-1024x150.jpg"},{"@type":"WebPage","@id":"\/ndesarrollo\/planeacion_regional\/#webpage","url":"\/ndesarrollo\/planeacion_regional\/","name":"Planeaci\u00f3n Regional - Nuestro Desarrollo","isPartOf":{"@id":"\/ndesarrollo\/#website"},"primaryImageOfPage":{"@id":"\/ndesarrollo\/planeacion_regional\/#primaryimage"},"datePublished":"2022-09-12T21:07:04+00:00","dateModified":"2022-10-13T04:16:06+00:00","breadcrumb":{"@id":"\/ndesarrollo\/planeacion_regional\/#breadcrumb"},"inLanguage":"es","potentialAction":[{"@type":"ReadAction","target":["\/ndesarrollo\/planeacion_regional\/"]}]},{"@type":"BreadcrumbList","@id":"\/ndesarrollo\/planeacion_regional\/#breadcrumb","itemListElement":[{"@type":"ListItem","position":1,"name":"Portada","item":"\/ndesarrollo\/"},{"@type":"ListItem","position":2,"name":"Planeaci\u00f3n Regional"}]}]}},"_links":{"self":[{"href":"\/ndesarrollo\/wp-json\/wp\/v2\/pages\/16868"}],"collection":[{"href":"\/ndesarrollo\/wp-json\/wp\/v2\/pages"}],"about":[{"href":"\/ndesarrollo\/wp-json\/wp\/v2\/types\/page"}],"author":[{"embeddable":true,"href":"\/ndesarrollo\/wp-json\/wp\/v2\/users\/1"}],"replies":[{"embeddable":true,"href":"\/ndesarrollo\/wp-json\/wp\/v2\/comments?post=16868"}],"version-history":[{"count":29,"href":"\/ndesarrollo\/wp-json\/wp\/v2\/pages\/16868\/revisions"}],"predecessor-version":[{"id":18345,"href":"\/ndesarrollo\/wp-json\/wp\/v2\/pages\/16868\/revisions\/18345"}],"wp:attachment":[{"href":"\/ndesarrollo\/wp-json\/wp\/v2\/media?parent=16868"}],"wp:term":[{"taxonomy":"category","embeddable":true,"href":"\/ndesarrollo\/wp-json\/wp\/v2\/categories?post=16868"},{"taxonomy":"post_tag","embeddable":true,"href":"\/ndesarrollo\/wp-json\/wp\/v2\/tags?post=16868"}],"curies":[{"name":"wp","href":"https:\/\/api.w.org\/{rel}","templated":true}]}}