{"id":16880,"date":"2022-09-12T21:19:28","date_gmt":"2022-09-12T21:19:28","guid":{"rendered":"http:\/\/10.1.222.218\/ndesarrollo\/?page_id=16880"},"modified":"2022-10-13T04:18:46","modified_gmt":"2022-10-13T04:18:46","slug":"instrumentos_de_planeacion_regional","status":"publish","type":"page","link":"\/ndesarrollo\/instrumentos_de_planeacion_regional\/","title":{"rendered":"Instrumentos de Planeaci\u00f3n Regional"},"content":{"rendered":"\t\t<div data-elementor-type=\"wp-page\" data-elementor-id=\"16880\" class=\"elementor elementor-16880\" data-elementor-settings=\"[]\">\n\t\t\t\t\t\t\t<div class=\"elementor-section-wrap\">\n\t\t\t\t\t\t\t<section data-particle_enable=\"false\" data-particle-mobile-disabled=\"false\" class=\"elementor-section elementor-top-section elementor-element elementor-element-574f60b elementor-section-full_width elementor-section-height-default elementor-section-height-default\" data-id=\"574f60b\" data-element_type=\"section\">\n\t\t\t\t\t\t<div class=\"elementor-container elementor-column-gap-no\">\n\t\t\t\t\t<div class=\"elementor-column elementor-col-100 elementor-top-column elementor-element elementor-element-3beafc6\" data-id=\"3beafc6\" data-element_type=\"column\">\n\t\t\t<div class=\"elementor-widget-wrap elementor-element-populated\">\n\t\t\t\t\t\t\t\t<div class=\"elementor-element elementor-element-22830c0 elementor-widget elementor-widget-image\" data-id=\"22830c0\" data-element_type=\"widget\" data-widget_type=\"image.default\">\n\t\t\t\t<div class=\"elementor-widget-container\">\n\t\t\t\t\t\t\t\t\t\t\t\t\t\t\t<img width=\"1024\" height=\"150\" src=\"\/ndesarrollo\/wp-content\/uploads\/2022\/10\/Instrumentos-Planeacion-Regional-1024x150.jpg\" class=\"attachment-large size-large\" alt=\"\" loading=\"lazy\" srcset=\"\/ndesarrollo\/wp-content\/uploads\/2022\/10\/Instrumentos-Planeacion-Regional-1024x150.jpg 1024w, \/ndesarrollo\/wp-content\/uploads\/2022\/10\/Instrumentos-Planeacion-Regional-300x44.jpg 300w, \/ndesarrollo\/wp-content\/uploads\/2022\/10\/Instrumentos-Planeacion-Regional-768x112.jpg 768w, \/ndesarrollo\/wp-content\/uploads\/2022\/10\/Instrumentos-Planeacion-Regional-1536x225.jpg 1536w, \/ndesarrollo\/wp-content\/uploads\/2022\/10\/Instrumentos-Planeacion-Regional.jpg 1982w\" sizes=\"(max-width: 1024px) 100vw, 1024px\" \/>\t\t\t\t\t\t\t\t\t\t\t\t\t\t\t<\/div>\n\t\t\t\t<\/div>\n\t\t\t\t\t<\/div>\n\t\t<\/div>\n\t\t\t\t\t\t\t<\/div>\n\t\t<\/section>\n\t\t\t\t<section data-particle_enable=\"false\" data-particle-mobile-disabled=\"false\" class=\"elementor-section elementor-top-section elementor-element elementor-element-c3f9a9c elementor-section-boxed elementor-section-height-default elementor-section-height-default\" data-id=\"c3f9a9c\" data-element_type=\"section\">\n\t\t\t\t\t\t<div class=\"elementor-container elementor-column-gap-default\">\n\t\t\t\t\t<div class=\"elementor-column elementor-col-100 elementor-top-column elementor-element elementor-element-fd38df5\" data-id=\"fd38df5\" data-element_type=\"column\">\n\t\t\t<div class=\"elementor-widget-wrap elementor-element-populated\">\n\t\t\t\t\t\t\t\t<div class=\"elementor-element elementor-element-d41cd77 elementor-widget elementor-widget-text-editor\" data-id=\"d41cd77\" data-element_type=\"widget\" data-widget_type=\"text-editor.default\">\n\t\t\t\t<div class=\"elementor-widget-container\">\n\t\t\t\t\t\t\t<p><strong>\u00bfQu\u00e9 es el Plan MER 2030\/2050?<\/strong><\/p><p>El plan estrat\u00e9gico es un instrumento de gesti\u00f3n, que, permite, una vez se tenga claridad de los desaf\u00edos actuales a enfrentar y las metas propuestas para el territorio, anticipar las decisiones necesarias para orientar los esfuerzos y los recursos hacia su consecuci\u00f3n.<\/p><p>Se constituye en un instrumento de gesti\u00f3n para la ciudad de Medell\u00edn y la regi\u00f3n, en t\u00e9rminos econ\u00f3micos, sociales y ambientales, en el marco de tendencias nacionales e internacionales.<\/p><p>Los <strong>retos <\/strong>planteados en el Plan, son:<\/p><p>Superaci\u00f3n de la pobreza y la desigualdad,<\/p><ul><li>Sostenibilidad ambiental y mitigaci\u00f3n del cambio clim\u00e1tico<\/li><li>Transformaci\u00f3n digital y<\/li><li>Articulaci\u00f3n regional.<\/li><\/ul><p>Se plantea una <strong>visi\u00f3n<\/strong> al 2030\/2050 para estar en l\u00ednea con las agendas globales: Objetivos del Desarrollo Sostenible (2030) y Acuerdo de Par\u00eds (2050), construida de manera concertada, con rigor prospectivo para Medell\u00edn y su entorno regional.<\/p><p>El <strong>enfoque<\/strong> del plan, es el desarrollo integral sostenible, entendido como aquel proceso de b\u00fasqueda de bienestar que pone la vida en el centro, que considera las din\u00e1micas intersectoriales y poblacionales y que se estructura desde tres pilares fundamentales: el progreso social, el dinamismo econ\u00f3mico inclusivo y la sostenibilidad ambiental.<\/p><p><strong>Avances en la formulaci\u00f3n del Plan MER<\/strong><\/p><p>El plan MER 2030\/2050 se estructura metodol\u00f3gicamente alrededor de 5 momentos. Hasta la fecha se ha avanzado en los tres primeros sin agotarlos en su totalidad: organizar, escuchar, so\u00f1ar, formular y actuar.<\/p><p><strong>Momento 1. Organizar<\/strong><\/p><p>En el primer momento, se realiz\u00f3 el alistamiento institucional que permiti\u00f3 estructurar el marco conceptual y metodol\u00f3gico. Se revisaron diferentes instrumentos y estudios que permitieron recoger los antecedentes e insumos.<\/p><p>Se defini\u00f3 como enfoque el desarrollo integral sostenible enfatizando en las dimensiones de derechos, poblacional, de g\u00e9nero y territorial. Cuyos fines \u00faltimos son la igualdad, la inclusi\u00f3n y la sostenibilidad.<\/p><p>Se determin\u00f3 como horizonte de la visi\u00f3n el 2050, no obstante dada la relevancia de la agenda 2030 de los Objetivos del Desarrollo Sostenible, ambos cortes temporales se constituyen en hitos del plan.<\/p><p>Adicionalmente, se hizo una identificaci\u00f3n inicial de los actores con los que es necesario generar una articulaci\u00f3n para hacer realidad una visi\u00f3n colectiva ciudad y regi\u00f3n.<\/p><p><strong>Momento 2. Escuchar<\/strong><\/p><p>Este momento, consisti\u00f3 en la realizaci\u00f3n de un diagn\u00f3stico estrat\u00e9gico que permiti\u00f3 conocer la situaci\u00f3n actual en diferentes dimensiones del desarrollo, para pensar posteriormente, sobre el futuro.<\/p><p>Este diagn\u00f3stico estrat\u00e9gico es adem\u00e1s prospectivo, ya que se realiza en funci\u00f3n de la visi\u00f3n del Plan. Requiri\u00f3 del an\u00e1lisis y la evaluaci\u00f3n de las tendencias en los fen\u00f3menos actuales, en la que la consulta a la ni\u00f1ez, el di\u00e1logo de actores y el an\u00e1lisis de grupos focales son fundamentales.<\/p><p>Otro de los avances en el segundo momento, fue la realizaci\u00f3n de una consulta con ni\u00f1os, ni\u00f1as y adolescentes de instituciones educativas p\u00fablicas y privadas.<\/p><p>As\u00ed mismo, se adelantaron jornadas de di\u00e1logo con expertos que brindaron informaci\u00f3n y experiencias, las cuales se constituyen en insumos para la construcci\u00f3n.<\/p><p><strong>Momento 3. So\u00f1ar<\/strong><\/p><p>En este momento se puso en marcha el car\u00e1cter disruptivo del plan con la construcci\u00f3n de escenarios futuros que rompan con la realidad que vivimos hoy y puedan trazar posibilidades positivas para el desarrollo de la regi\u00f3n.<\/p><p>En este momento es clave la participaci\u00f3n y concertaci\u00f3n de los actores regionales en la construcci\u00f3n de dichos escenarios.<\/p><p><strong>Momento 4. Formular<\/strong><\/p><p>Este es un momento t\u00e1ctico-estrat\u00e9gico en el que se tendr\u00e1n en cuenta las alianzas, estrategias y pactos, para dar una forma final al plan y dise\u00f1ar a su vez plan de acci\u00f3n en el que se tracen rutas claras para la implementaci\u00f3n, a partir de las estrategias y con los escenarios futuros como meta.<\/p><p><strong>Momento 5. Actuar<\/strong><\/p><p>Este momento se inaugura con los pactos asumidos y la socializaci\u00f3n del Plan. A partir de las formas de implementaci\u00f3n a corto, mediano y largo plazo, dependiendo de las acciones planificadas. Se har\u00e1 seguimiento y evaluaci\u00f3n con las estrategias de financiaci\u00f3n definidas.<\/p><p><strong>Consulta NNA<\/strong><\/p><p>Tal y como se mencion\u00f3 anteriormente, uno de los avances en el segundo momento, fue la realizaci\u00f3n de una consulta con 389 ni\u00f1os, ni\u00f1as y adolescentes entre 8 y 14 a\u00f1os de edad, de seis (6) instituciones educativas p\u00fablicas y privadas cuyos estudiantes son procedentes de diversas comunas, corregimientos y mu\u00adnicipios del \u00c1rea Metropolitana.<\/p><p>En ella hicieron aportes sobre sus sue\u00f1os de futuro para construir la Ciudad Regi\u00f3n y se evidenciaron acuerdos sobre lo fundamental y propuestas novedosas<\/p>\t\t\t\t\t\t<\/div>\n\t\t\t\t<\/div>\n\t\t\t\t<div class=\"elementor-element elementor-element-1792c65 elementor-widget elementor-widget-text-editor\" data-id=\"1792c65\" data-element_type=\"widget\" data-widget_type=\"text-editor.default\">\n\t\t\t\t<div class=\"elementor-widget-container\">\n\t\t\t\t\t\t\t<p><strong>Estudio: La s\u00faper ciudad de Medell\u00edn<\/strong><\/p>\t\t\t\t\t\t<\/div>\n\t\t\t\t<\/div>\n\t\t\t\t\t<\/div>\n\t\t<\/div>\n\t\t\t\t\t\t\t<\/div>\n\t\t<\/section>\n\t\t\t\t<section data-particle_enable=\"false\" data-particle-mobile-disabled=\"false\" class=\"elementor-section elementor-top-section elementor-element elementor-element-b4954bc elementor-section-boxed elementor-section-height-default elementor-section-height-default\" data-id=\"b4954bc\" data-element_type=\"section\">\n\t\t\t\t\t\t<div class=\"elementor-container elementor-column-gap-default\">\n\t\t\t\t\t<div class=\"elementor-column elementor-col-100 elementor-top-column elementor-element elementor-element-a00ba6a\" data-id=\"a00ba6a\" data-element_type=\"column\">\n\t\t\t<div class=\"elementor-widget-wrap elementor-element-populated\">\n\t\t\t\t\t\t\t\t<div class=\"elementor-element elementor-element-5025a08 elementor-view-default elementor-widget elementor-widget-icon\" data-id=\"5025a08\" data-element_type=\"widget\" data-widget_type=\"icon.default\">\n\t\t\t\t<div class=\"elementor-widget-container\">\n\t\t\t\t\t<div class=\"elementor-icon-wrapper\">\n\t\t\t<a class=\"elementor-icon\" href=\"\/ndesarrollo\/wp-content\/uploads\/Sist_Dist_Planeacion\/Libro-Metro\u011bpoli-2050.-La-SuperCiudad-de-Medelli\u011bn.pdf\">\n\t\t\t<i aria-hidden=\"true\" class=\"far fa-file-pdf\"><\/i>\t\t\t<\/a>\n\t\t<\/div>\n\t\t\t\t<\/div>\n\t\t\t\t<\/div>\n\t\t\t\t\t<\/div>\n\t\t<\/div>\n\t\t\t\t\t\t\t<\/div>\n\t\t<\/section>\n\t\t\t\t<section data-particle_enable=\"false\" data-particle-mobile-disabled=\"false\" class=\"elementor-section elementor-top-section elementor-element elementor-element-7a63f73 elementor-section-boxed elementor-section-height-default elementor-section-height-default\" data-id=\"7a63f73\" data-element_type=\"section\">\n\t\t\t\t\t\t<div class=\"elementor-container elementor-column-gap-default\">\n\t\t\t\t\t<div class=\"elementor-column elementor-col-100 elementor-top-column elementor-element elementor-element-16a1de1\" data-id=\"16a1de1\" data-element_type=\"column\">\n\t\t\t<div class=\"elementor-widget-wrap elementor-element-populated\">\n\t\t\t\t\t\t\t\t<div class=\"elementor-element elementor-element-851f2fd elementor-widget elementor-widget-text-editor\" data-id=\"851f2fd\" data-element_type=\"widget\" data-widget_type=\"text-editor.default\">\n\t\t\t\t<div class=\"elementor-widget-container\">\n\t\t\t\t\t\t\t<p><strong>Plan\u00a0<\/strong><b>metropolitano<\/b><\/p>\t\t\t\t\t\t<\/div>\n\t\t\t\t<\/div>\n\t\t\t\t\t<\/div>\n\t\t<\/div>\n\t\t\t\t\t\t\t<\/div>\n\t\t<\/section>\n\t\t\t\t<section data-particle_enable=\"false\" data-particle-mobile-disabled=\"false\" class=\"elementor-section elementor-top-section elementor-element elementor-element-83c79e0 elementor-section-boxed elementor-section-height-default elementor-section-height-default\" data-id=\"83c79e0\" data-element_type=\"section\">\n\t\t\t\t\t\t<div class=\"elementor-container elementor-column-gap-default\">\n\t\t\t\t\t<div class=\"elementor-column elementor-col-100 elementor-top-column elementor-element elementor-element-99f1be6\" data-id=\"99f1be6\" data-element_type=\"column\">\n\t\t\t<div class=\"elementor-widget-wrap elementor-element-populated\">\n\t\t\t\t\t\t\t\t<div class=\"elementor-element elementor-element-ba31c74 elementor-view-default elementor-widget elementor-widget-icon\" data-id=\"ba31c74\" data-element_type=\"widget\" data-widget_type=\"icon.default\">\n\t\t\t\t<div class=\"elementor-widget-container\">\n\t\t\t\t\t<div class=\"elementor-icon-wrapper\">\n\t\t\t<a class=\"elementor-icon\" href=\"\/ndesarrollo\/wp-content\/uploads\/Sist_Dist_Planeacion\/PIDM%20Plan%20Integral%20de%20Desarrollo%20Metropolitano.pdf\">\n\t\t\t<i aria-hidden=\"true\" class=\"far fa-file-pdf\"><\/i>\t\t\t<\/a>\n\t\t<\/div>\n\t\t\t\t<\/div>\n\t\t\t\t<\/div>\n\t\t\t\t\t<\/div>\n\t\t<\/div>\n\t\t\t\t\t\t\t<\/div>\n\t\t<\/section>\n\t\t\t\t<section data-particle_enable=\"false\" data-particle-mobile-disabled=\"false\" class=\"elementor-section elementor-top-section elementor-element elementor-element-3ab8220 elementor-section-full_width elementor-section-height-default elementor-section-height-default\" data-id=\"3ab8220\" data-element_type=\"section\">\n\t\t\t\t\t\t<div class=\"elementor-container elementor-column-gap-no\">\n\t\t\t\t\t<div class=\"elementor-column elementor-col-100 elementor-top-column elementor-element elementor-element-fee2650\" data-id=\"fee2650\" data-element_type=\"column\">\n\t\t\t<div class=\"elementor-widget-wrap elementor-element-populated\">\n\t\t\t\t\t\t\t\t<div class=\"elementor-element elementor-element-fd7e707 elementor-widget elementor-widget-image\" data-id=\"fd7e707\" data-element_type=\"widget\" data-widget_type=\"image.default\">\n\t\t\t\t<div class=\"elementor-widget-container\">\n\t\t\t\t\t\t\t\t\t\t\t\t\t\t\t<img width=\"1920\" height=\"214\" src=\"\/ndesarrollo\/wp-content\/uploads\/2021\/07\/SeparadorV2.png\" class=\"attachment-full size-full\" alt=\"\" loading=\"lazy\" \/>\t\t\t\t\t\t\t\t\t\t\t\t\t\t\t<\/div>\n\t\t\t\t<\/div>\n\t\t\t\t\t<\/div>\n\t\t<\/div>\n\t\t\t\t\t\t\t<\/div>\n\t\t<\/section>\n\t\t\t\t\t\t<\/div>\n\t\t\t\t\t<\/div>\n\t\t","protected":false},"excerpt":{"rendered":"<p>\u00bfQu\u00e9 es el Plan MER 2030\/2050? El plan estrat\u00e9gico es un instrumento de gesti\u00f3n, que, permite, una vez se tenga claridad de los desaf\u00edos actuales a enfrentar y las metas propuestas para el territorio, anticipar las decisiones necesarias para orientar los esfuerzos y los recursos hacia su consecuci\u00f3n. Se constituye en un instrumento de gesti\u00f3n &hellip;<\/p>\n<p class=\"read-more\"> <a class=\"\" href=\"\/ndesarrollo\/instrumentos_de_planeacion_regional\/\"> <span class=\"screen-reader-text\">Instrumentos de Planeaci\u00f3n Regional<\/span> Leer m\u00e1s &raquo;<\/a><\/p>\n","protected":false},"author":1,"featured_media":0,"parent":0,"menu_order":0,"comment_status":"closed","ping_status":"closed","template":"","meta":{"_mi_skip_tracking":false,"site-sidebar-layout":"no-sidebar","site-content-layout":"page-builder","ast-main-header-display":"","ast-hfb-above-header-display":"","ast-hfb-below-header-display":"","ast-hfb-mobile-header-display":"","site-post-title":"disabled","ast-breadcrumbs-content":"","ast-featured-img":"disabled","footer-sml-layout":"","theme-transparent-header-meta":"default","adv-header-id-meta":"","stick-header-meta":"","header-above-stick-meta":"","header-main-stick-meta":"","header-below-stick-meta":""},"categories":[],"tags":[],"yoast_head":"<!-- This site is optimized with the Yoast SEO plugin v17.4 - https:\/\/yoast.com\/wordpress\/plugins\/seo\/ -->\n<title>Instrumentos de Planeaci\u00f3n Regional - Nuestro Desarrollo<\/title>\n<meta name=\"robots\" content=\"index, follow, max-snippet:-1, max-image-preview:large, max-video-preview:-1\" \/>\n<link rel=\"canonical\" href=\"\/ndesarrollo\/instrumentos_de_planeacion_regional\/\" \/>\n<meta property=\"og:locale\" content=\"es_ES\" \/>\n<meta property=\"og:type\" content=\"article\" \/>\n<meta property=\"og:title\" content=\"Instrumentos de Planeaci\u00f3n Regional - Nuestro Desarrollo\" \/>\n<meta property=\"og:description\" content=\"\u00bfQu\u00e9 es el Plan MER 2030\/2050? El plan estrat\u00e9gico es un instrumento de gesti\u00f3n, que, permite, una vez se tenga claridad de los desaf\u00edos actuales a enfrentar y las metas propuestas para el territorio, anticipar las decisiones necesarias para orientar los esfuerzos y los recursos hacia su consecuci\u00f3n. Se constituye en un instrumento de gesti\u00f3n &hellip; Instrumentos de Planeaci\u00f3n Regional Leer m\u00e1s &raquo;\" \/>\n<meta property=\"og:url\" content=\"\/ndesarrollo\/instrumentos_de_planeacion_regional\/\" \/>\n<meta property=\"og:site_name\" content=\"Nuestro Desarrollo\" \/>\n<meta property=\"article:publisher\" content=\"https:\/\/www.facebook.com\/AlcaldiadeMed\" \/>\n<meta property=\"article:modified_time\" content=\"2022-10-13T04:18:46+00:00\" \/>\n<meta property=\"og:image\" content=\"http:\/\/10.1.222.218\/ndesarrollo\/wp-content\/uploads\/2022\/10\/Instrumentos-Planeacion-Regional-1024x150.jpg\" \/>\n<meta name=\"twitter:card\" content=\"summary_large_image\" \/>\n<meta name=\"twitter:site\" content=\"@AlcaldiadeMed\" \/>\n<meta name=\"twitter:label1\" content=\"Tiempo de lectura\" \/>\n\t<meta name=\"twitter:data1\" content=\"4 minutos\" \/>\n<script type=\"application\/ld+json\" class=\"yoast-schema-graph\">{\"@context\":\"https:\/\/schema.org\",\"@graph\":[{\"@type\":\"Organization\",\"@id\":\"\/ndesarrollo\/#organization\",\"name\":\"Alcald\\u00eda de Medell\\u00edn\",\"url\":\"\/ndesarrollo\/\",\"sameAs\":[\"https:\/\/www.facebook.com\/AlcaldiadeMed\",\"https:\/\/www.instagram.com\/alcaldiademed\/\",\"https:\/\/www.linkedin.com\/company\/alcaldiademedellin\",\"https:\/\/www.youtube.com\/channel\/UCAFLU70jPz4bODq_5BSWPIg\",\"https:\/\/twitter.com\/AlcaldiadeMed\"],\"logo\":{\"@type\":\"ImageObject\",\"@id\":\"\/ndesarrollo\/#logo\",\"inLanguage\":\"es\",\"url\":\"http:\/\/10.1.222.218\/ndesarrollo\/wp-content\/uploads\/2021\/11\/EscudoIcon.png\",\"contentUrl\":\"http:\/\/10.1.222.218\/ndesarrollo\/wp-content\/uploads\/2021\/11\/EscudoIcon.png\",\"width\":32,\"height\":32,\"caption\":\"Alcald\\u00eda de Medell\\u00edn\"},\"image\":{\"@id\":\"\/ndesarrollo\/#logo\"}},{\"@type\":\"WebSite\",\"@id\":\"\/ndesarrollo\/#website\",\"url\":\"\/ndesarrollo\/\",\"name\":\"Nuestro Desarrollo\",\"description\":\"Nuestro Desarrollo es una plataforma de Planeaci\\u00f3n del Desarrollo Local y Presupuesto Participativo\",\"publisher\":{\"@id\":\"\/ndesarrollo\/#organization\"},\"potentialAction\":[{\"@type\":\"SearchAction\",\"target\":{\"@type\":\"EntryPoint\",\"urlTemplate\":\"\/ndesarrollo\/?s={search_term_string}\"},\"query-input\":\"required name=search_term_string\"}],\"inLanguage\":\"es\"},{\"@type\":\"ImageObject\",\"@id\":\"\/ndesarrollo\/instrumentos_de_planeacion_regional\/#primaryimage\",\"inLanguage\":\"es\",\"url\":\"http:\/\/10.1.222.218\/ndesarrollo\/wp-content\/uploads\/2022\/10\/Instrumentos-Planeacion-Regional-1024x150.jpg\",\"contentUrl\":\"http:\/\/10.1.222.218\/ndesarrollo\/wp-content\/uploads\/2022\/10\/Instrumentos-Planeacion-Regional-1024x150.jpg\"},{\"@type\":\"WebPage\",\"@id\":\"\/ndesarrollo\/instrumentos_de_planeacion_regional\/#webpage\",\"url\":\"\/ndesarrollo\/instrumentos_de_planeacion_regional\/\",\"name\":\"Instrumentos de Planeaci\\u00f3n Regional - Nuestro Desarrollo\",\"isPartOf\":{\"@id\":\"\/ndesarrollo\/#website\"},\"primaryImageOfPage\":{\"@id\":\"\/ndesarrollo\/instrumentos_de_planeacion_regional\/#primaryimage\"},\"datePublished\":\"2022-09-12T21:19:28+00:00\",\"dateModified\":\"2022-10-13T04:18:46+00:00\",\"breadcrumb\":{\"@id\":\"\/ndesarrollo\/instrumentos_de_planeacion_regional\/#breadcrumb\"},\"inLanguage\":\"es\",\"potentialAction\":[{\"@type\":\"ReadAction\",\"target\":[\"\/ndesarrollo\/instrumentos_de_planeacion_regional\/\"]}]},{\"@type\":\"BreadcrumbList\",\"@id\":\"\/ndesarrollo\/instrumentos_de_planeacion_regional\/#breadcrumb\",\"itemListElement\":[{\"@type\":\"ListItem\",\"position\":1,\"name\":\"Portada\",\"item\":\"\/ndesarrollo\/\"},{\"@type\":\"ListItem\",\"position\":2,\"name\":\"Instrumentos de Planeaci\\u00f3n Regional\"}]}]}<\/script>\n<!-- \/ Yoast SEO plugin. -->","yoast_head_json":{"title":"Instrumentos de Planeaci\u00f3n Regional - Nuestro Desarrollo","robots":{"index":"index","follow":"follow","max-snippet":"max-snippet:-1","max-image-preview":"max-image-preview:large","max-video-preview":"max-video-preview:-1"},"canonical":"\/ndesarrollo\/instrumentos_de_planeacion_regional\/","og_locale":"es_ES","og_type":"article","og_title":"Instrumentos de Planeaci\u00f3n Regional - Nuestro Desarrollo","og_description":"\u00bfQu\u00e9 es el Plan MER 2030\/2050? El plan estrat\u00e9gico es un instrumento de gesti\u00f3n, que, permite, una vez se tenga claridad de los desaf\u00edos actuales a enfrentar y las metas propuestas para el territorio, anticipar las decisiones necesarias para orientar los esfuerzos y los recursos hacia su consecuci\u00f3n. Se constituye en un instrumento de gesti\u00f3n &hellip; Instrumentos de Planeaci\u00f3n Regional Leer m\u00e1s &raquo;","og_url":"\/ndesarrollo\/instrumentos_de_planeacion_regional\/","og_site_name":"Nuestro Desarrollo","article_publisher":"https:\/\/www.facebook.com\/AlcaldiadeMed","article_modified_time":"2022-10-13T04:18:46+00:00","og_image":[{"url":"http:\/\/10.1.222.218\/ndesarrollo\/wp-content\/uploads\/2022\/10\/Instrumentos-Planeacion-Regional-1024x150.jpg"}],"twitter_card":"summary_large_image","twitter_site":"@AlcaldiadeMed","twitter_misc":{"Tiempo de lectura":"4 minutos"},"schema":{"@context":"https:\/\/schema.org","@graph":[{"@type":"Organization","@id":"\/ndesarrollo\/#organization","name":"Alcald\u00eda de Medell\u00edn","url":"\/ndesarrollo\/","sameAs":["https:\/\/www.facebook.com\/AlcaldiadeMed","https:\/\/www.instagram.com\/alcaldiademed\/","https:\/\/www.linkedin.com\/company\/alcaldiademedellin","https:\/\/www.youtube.com\/channel\/UCAFLU70jPz4bODq_5BSWPIg","https:\/\/twitter.com\/AlcaldiadeMed"],"logo":{"@type":"ImageObject","@id":"\/ndesarrollo\/#logo","inLanguage":"es","url":"http:\/\/10.1.222.218\/ndesarrollo\/wp-content\/uploads\/2021\/11\/EscudoIcon.png","contentUrl":"http:\/\/10.1.222.218\/ndesarrollo\/wp-content\/uploads\/2021\/11\/EscudoIcon.png","width":32,"height":32,"caption":"Alcald\u00eda de Medell\u00edn"},"image":{"@id":"\/ndesarrollo\/#logo"}},{"@type":"WebSite","@id":"\/ndesarrollo\/#website","url":"\/ndesarrollo\/","name":"Nuestro Desarrollo","description":"Nuestro Desarrollo es una plataforma de Planeaci\u00f3n del Desarrollo Local y Presupuesto Participativo","publisher":{"@id":"\/ndesarrollo\/#organization"},"potentialAction":[{"@type":"SearchAction","target":{"@type":"EntryPoint","urlTemplate":"\/ndesarrollo\/?s={search_term_string}"},"query-input":"required name=search_term_string"}],"inLanguage":"es"},{"@type":"ImageObject","@id":"\/ndesarrollo\/instrumentos_de_planeacion_regional\/#primaryimage","inLanguage":"es","url":"http:\/\/10.1.222.218\/ndesarrollo\/wp-content\/uploads\/2022\/10\/Instrumentos-Planeacion-Regional-1024x150.jpg","contentUrl":"http:\/\/10.1.222.218\/ndesarrollo\/wp-content\/uploads\/2022\/10\/Instrumentos-Planeacion-Regional-1024x150.jpg"},{"@type":"WebPage","@id":"\/ndesarrollo\/instrumentos_de_planeacion_regional\/#webpage","url":"\/ndesarrollo\/instrumentos_de_planeacion_regional\/","name":"Instrumentos de Planeaci\u00f3n Regional - Nuestro Desarrollo","isPartOf":{"@id":"\/ndesarrollo\/#website"},"primaryImageOfPage":{"@id":"\/ndesarrollo\/instrumentos_de_planeacion_regional\/#primaryimage"},"datePublished":"2022-09-12T21:19:28+00:00","dateModified":"2022-10-13T04:18:46+00:00","breadcrumb":{"@id":"\/ndesarrollo\/instrumentos_de_planeacion_regional\/#breadcrumb"},"inLanguage":"es","potentialAction":[{"@type":"ReadAction","target":["\/ndesarrollo\/instrumentos_de_planeacion_regional\/"]}]},{"@type":"BreadcrumbList","@id":"\/ndesarrollo\/instrumentos_de_planeacion_regional\/#breadcrumb","itemListElement":[{"@type":"ListItem","position":1,"name":"Portada","item":"\/ndesarrollo\/"},{"@type":"ListItem","position":2,"name":"Instrumentos de Planeaci\u00f3n Regional"}]}]}},"_links":{"self":[{"href":"\/ndesarrollo\/wp-json\/wp\/v2\/pages\/16880"}],"collection":[{"href":"\/ndesarrollo\/wp-json\/wp\/v2\/pages"}],"about":[{"href":"\/ndesarrollo\/wp-json\/wp\/v2\/types\/page"}],"author":[{"embeddable":true,"href":"\/ndesarrollo\/wp-json\/wp\/v2\/users\/1"}],"replies":[{"embeddable":true,"href":"\/ndesarrollo\/wp-json\/wp\/v2\/comments?post=16880"}],"version-history":[{"count":32,"href":"\/ndesarrollo\/wp-json\/wp\/v2\/pages\/16880\/revisions"}],"predecessor-version":[{"id":18354,"href":"\/ndesarrollo\/wp-json\/wp\/v2\/pages\/16880\/revisions\/18354"}],"wp:attachment":[{"href":"\/ndesarrollo\/wp-json\/wp\/v2\/media?parent=16880"}],"wp:term":[{"taxonomy":"category","embeddable":true,"href":"\/ndesarrollo\/wp-json\/wp\/v2\/categories?post=16880"},{"taxonomy":"post_tag","embeddable":true,"href":"\/ndesarrollo\/wp-json\/wp\/v2\/tags?post=16880"}],"curies":[{"name":"wp","href":"https:\/\/api.w.org\/{rel}","templated":true}]}}