{"id":173,"date":"2021-07-06T22:28:16","date_gmt":"2021-07-06T22:28:16","guid":{"rendered":"http:\/\/10.1.222.218\/ndesarrollo\/?page_id=173"},"modified":"2023-11-20T21:03:20","modified_gmt":"2023-11-20T21:03:20","slug":"quienes-somos","status":"publish","type":"page","link":"\/ndesarrollo\/quienes-somos\/","title":{"rendered":"Quienes Somos"},"content":{"rendered":"\t\t<div data-elementor-type=\"wp-page\" data-elementor-id=\"173\" class=\"elementor elementor-173\" data-elementor-settings=\"[]\">\n\t\t\t\t\t\t\t<div class=\"elementor-section-wrap\">\n\t\t\t\t\t\t\t<section data-particle_enable=\"false\" data-particle-mobile-disabled=\"false\" class=\"elementor-section elementor-top-section elementor-element elementor-element-a9e66e6 elementor-section-full_width elementor-section-height-default elementor-section-height-default\" data-id=\"a9e66e6\" data-element_type=\"section\">\n\t\t\t\t\t\t<div class=\"elementor-container elementor-column-gap-no\">\n\t\t\t\t\t<div class=\"elementor-column elementor-col-100 elementor-top-column elementor-element elementor-element-8804f3e\" data-id=\"8804f3e\" data-element_type=\"column\">\n\t\t\t<div class=\"elementor-widget-wrap elementor-element-populated\">\n\t\t\t\t\t\t\t\t<div class=\"elementor-element elementor-element-021efd4 elementor-widget elementor-widget-image\" data-id=\"021efd4\" data-element_type=\"widget\" data-widget_type=\"image.default\">\n\t\t\t\t<div class=\"elementor-widget-container\">\n\t\t\t\t\t\t\t\t\t\t\t\t\t\t\t<img width=\"1982\" height=\"290\" src=\"\/ndesarrollo\/wp-content\/uploads\/2022\/07\/Quienes-Somos-50.jpg\" class=\"attachment-full size-full\" alt=\"\" loading=\"lazy\" srcset=\"\/ndesarrollo\/wp-content\/uploads\/2022\/07\/Quienes-Somos-50.jpg 1982w, \/ndesarrollo\/wp-content\/uploads\/2022\/07\/Quienes-Somos-50-300x44.jpg 300w, \/ndesarrollo\/wp-content\/uploads\/2022\/07\/Quienes-Somos-50-1024x150.jpg 1024w, \/ndesarrollo\/wp-content\/uploads\/2022\/07\/Quienes-Somos-50-768x112.jpg 768w, \/ndesarrollo\/wp-content\/uploads\/2022\/07\/Quienes-Somos-50-1536x225.jpg 1536w\" sizes=\"(max-width: 1982px) 100vw, 1982px\" \/>\t\t\t\t\t\t\t\t\t\t\t\t\t\t\t<\/div>\n\t\t\t\t<\/div>\n\t\t\t\t\t<\/div>\n\t\t<\/div>\n\t\t\t\t\t\t\t<\/div>\n\t\t<\/section>\n\t\t\t\t<section data-particle_enable=\"false\" data-particle-mobile-disabled=\"false\" class=\"elementor-section elementor-top-section elementor-element elementor-element-6cb854b8 elementor-section-boxed elementor-section-height-default elementor-section-height-default\" data-id=\"6cb854b8\" data-element_type=\"section\">\n\t\t\t\t\t\t<div class=\"elementor-container elementor-column-gap-default\">\n\t\t\t\t\t<div class=\"elementor-column elementor-col-100 elementor-top-column elementor-element elementor-element-473422d1\" data-id=\"473422d1\" data-element_type=\"column\">\n\t\t\t<div class=\"elementor-widget-wrap elementor-element-populated\">\n\t\t\t\t\t\t\t\t<div class=\"elementor-element elementor-element-bad66c9 elementor-widget elementor-widget-spacer\" data-id=\"bad66c9\" data-element_type=\"widget\" data-widget_type=\"spacer.default\">\n\t\t\t\t<div class=\"elementor-widget-container\">\n\t\t\t\t\t<div class=\"elementor-spacer\">\n\t\t\t<div class=\"elementor-spacer-inner\"><\/div>\n\t\t<\/div>\n\t\t\t\t<\/div>\n\t\t\t\t<\/div>\n\t\t\t\t<section data-particle_enable=\"false\" data-particle-mobile-disabled=\"false\" class=\"elementor-section elementor-inner-section elementor-element elementor-element-1b5b7b40 elementor-section-boxed elementor-section-height-default elementor-section-height-default\" data-id=\"1b5b7b40\" data-element_type=\"section\">\n\t\t\t\t\t\t<div class=\"elementor-container elementor-column-gap-default\">\n\t\t\t\t\t<div class=\"elementor-column elementor-col-100 elementor-inner-column elementor-element elementor-element-6b4ed600\" data-id=\"6b4ed600\" data-element_type=\"column\">\n\t\t\t<div class=\"elementor-widget-wrap elementor-element-populated\">\n\t\t\t\t\t\t\t\t<div class=\"elementor-element elementor-element-5d78e10 elementor-aspect-ratio-169 elementor-widget elementor-widget-video\" data-id=\"5d78e10\" data-element_type=\"widget\" data-settings=\"{&quot;youtube_url&quot;:&quot;https:\\\/\\\/www.youtube.com\\\/watch?v=zWReslh3IKE&quot;,&quot;autoplay&quot;:&quot;yes&quot;,&quot;play_on_mobile&quot;:&quot;yes&quot;,&quot;video_type&quot;:&quot;youtube&quot;,&quot;controls&quot;:&quot;yes&quot;,&quot;aspect_ratio&quot;:&quot;169&quot;}\" data-widget_type=\"video.default\">\n\t\t\t\t<div class=\"elementor-widget-container\">\n\t\t\t\t\t<div class=\"elementor-wrapper elementor-fit-aspect-ratio elementor-open-inline\">\n\t\t\t<div class=\"elementor-video\"><\/div>\t\t<\/div>\n\t\t\t\t<\/div>\n\t\t\t\t<\/div>\n\t\t\t\t<div class=\"elementor-element elementor-element-159a33b4 elementor-widget elementor-widget-text-editor\" data-id=\"159a33b4\" data-element_type=\"widget\" data-widget_type=\"text-editor.default\">\n\t\t\t\t<div class=\"elementor-widget-container\">\n\t\t\t\t\t\t\t<p>Somos un escenario de participaci\u00f3n digital que dinamiza el proceso de Planeaci\u00f3n del Desarrollo Local del Distrito Especial de Medell\u00edn, articulando a los diferentes actores en la planeaci\u00f3n de los territorios. Nuestro Desarrollo es producto del trabajo colaborativo de la tesis doctoral de Diana Dajer y es direccionado por el Departamento Administrativo de Planeaci\u00f3n bajo los lineamientos del Sistema Distrital de Planeaci\u00f3n, Acuerdo Municipal 028 de 2017 y el Decreto 0146 de 2022.<\/p><p>A trav\u00e9s de estrategias de comunicaci\u00f3n e informaci\u00f3n amigables y din\u00e1micas, Nuestro Desarrollo busca mejorar los niveles de participaci\u00f3n, articulaci\u00f3n y legitimaci\u00f3n del proceso de la planeaci\u00f3n local del desarrollo desde los enfoques diferencial, incluyente y territorial.<\/p><p>Para el Departamento Administrativo de Planeaci\u00f3n del Distrito Especial de Medell\u00edn, es fundamental garantizar la participaci\u00f3n ciudadana y democr\u00e1tica en todas las etapas del proceso de la Planeaci\u00f3n del Desarrollo; por tal motivo, pone a disposici\u00f3n la estrategia digital Nuestro Desarrollo; plataforma Web, a trav\u00e9s de cual, la ciudadan\u00eda puede ampliar la informaci\u00f3n del proceso, participar activamente en la toma de decisiones, trabajar de manera articulada y corresponsable, monitorear y hacer seguimiento a la planeaci\u00f3n del desarrollo de su comuna o corregimiento.<\/p><p>En Nuestro Desarrollo podr\u00e1s ampliar y afianzar sus conocimientos sobre el Sistema Distrital de Planeaci\u00f3n y los procesos de planeaci\u00f3n del desarrollo a nivel distrital y local; podr\u00e1 contar con informaci\u00f3n actualizada sobre el estado de los procesos; tendr\u00e1 la posibilidad de monitorear los avances y retos en la implementaci\u00f3n del plan de desarrollo en su comuna o corregimiento y podr\u00e1 contar con herramientas para su gesti\u00f3n. Les invitamos a recorrer cada uno de los espacios que conforman \u201cNuestro Desarrollo\u201d y a participar activamente en ella, fortaleciendo la construcci\u00f3n de un espacio colectivo e incidiendo en el desarrollo de sus territorios.<\/p><p align=\"justify\">El <strong>Departamento Administrativo de Planeaci\u00f3n<\/strong> es una dependencia del nivel central, que tiene como responsabilidad orientar el desarrollo integral del Distrito en el largo, mediano y corto plazo, mediante el direccionamiento, coordinaci\u00f3n y articulaci\u00f3n de pol\u00edticas p\u00fablicas, planes y programas en las diferentes dimensiones del desarrollo social, econ\u00f3mico, cultural, f\u00edsico &#8211; espacial, ambiental, financiero, pol\u00edtico e institucional, mediante la definici\u00f3n del modelo de ciudad y ocupaci\u00f3n y en funci\u00f3n del cumplimiento de los fines del Estado y su sostenibilidad financiera.<\/p><p align=\"justify\">La <strong>Subdirecci\u00f3n de Planeaci\u00f3n Social y Econ\u00f3mica<\/strong> coordina los procesos de la planeaci\u00f3n del desarrollo distrital y local, en el marco del Sistema Distrital de Planeaci\u00f3n, a trav\u00e9s de la articulaci\u00f3n con las dem\u00e1s dependencias, entes descentralizaos del Distrito y con los diferentes actores involucrados, buscando mejorar los niveles de participaci\u00f3n, articulaci\u00f3n y legitimaci\u00f3n de la planeaci\u00f3n en los territorios con los diferentes actores.<\/p><p align=\"justify\">La <strong>Unidad de Planeaci\u00f3n del Desarrollo Distrital y Local<\/strong>, coordina, supervisa y controla los procesos de la planeaci\u00f3n del desarrollo distrital y local, en el marco del Sistema Distrital de Planeaci\u00f3n (SDP) a trav\u00e9s de la articulaci\u00f3n con las dependencias de la Alcald\u00eda, y con los diferentes actores de la planeaci\u00f3n, por ello define las metodolog\u00edas con las orientaciones para llevar a cabo cada una de las etapas de la planeaci\u00f3n participativa establecidas en el Decreto 0146 del 2022.<\/p>\t\t\t\t\t\t<\/div>\n\t\t\t\t<\/div>\n\t\t\t\t\t<\/div>\n\t\t<\/div>\n\t\t\t\t\t\t\t<\/div>\n\t\t<\/section>\n\t\t\t\t<div class=\"elementor-element elementor-element-a3ccb83 elementor-widget elementor-widget-spacer\" data-id=\"a3ccb83\" data-element_type=\"widget\" data-widget_type=\"spacer.default\">\n\t\t\t\t<div class=\"elementor-widget-container\">\n\t\t\t\t\t<div class=\"elementor-spacer\">\n\t\t\t<div class=\"elementor-spacer-inner\"><\/div>\n\t\t<\/div>\n\t\t\t\t<\/div>\n\t\t\t\t<\/div>\n\t\t\t\t\t<\/div>\n\t\t<\/div>\n\t\t\t\t\t\t\t<\/div>\n\t\t<\/section>\n\t\t\t\t<section data-particle_enable=\"false\" data-particle-mobile-disabled=\"false\" class=\"elementor-section elementor-top-section elementor-element elementor-element-76b38b62 elementor-section-boxed elementor-section-height-default elementor-section-height-default\" data-id=\"76b38b62\" data-element_type=\"section\">\n\t\t\t\t\t\t<div class=\"elementor-container elementor-column-gap-no\">\n\t\t\t\t\t<div class=\"elementor-column elementor-col-100 elementor-top-column elementor-element elementor-element-6e617740\" data-id=\"6e617740\" data-element_type=\"column\">\n\t\t\t<div class=\"elementor-widget-wrap elementor-element-populated\">\n\t\t\t\t\t\t\t\t<div class=\"elementor-element elementor-element-38cacf8f elementor-widget elementor-widget-image\" data-id=\"38cacf8f\" data-element_type=\"widget\" data-widget_type=\"image.default\">\n\t\t\t\t<div class=\"elementor-widget-container\">\n\t\t\t\t\t\t\t\t\t\t\t\t\t\t\t<img width=\"1920\" height=\"214\" src=\"\/ndesarrollo\/wp-content\/uploads\/2021\/07\/SeparadorV2.png\" class=\"attachment-full size-full\" alt=\"\" loading=\"lazy\" \/>\t\t\t\t\t\t\t\t\t\t\t\t\t\t\t<\/div>\n\t\t\t\t<\/div>\n\t\t\t\t\t<\/div>\n\t\t<\/div>\n\t\t\t\t\t\t\t<\/div>\n\t\t<\/section>\n\t\t\t\t<section data-particle_enable=\"false\" data-particle-mobile-disabled=\"false\" class=\"elementor-section elementor-top-section elementor-element elementor-element-0cde57f elementor-section-boxed elementor-section-height-default elementor-section-height-default\" data-id=\"0cde57f\" data-element_type=\"section\">\n\t\t\t\t\t\t<div class=\"elementor-container elementor-column-gap-default\">\n\t\t\t\t\t<div class=\"elementor-column elementor-col-100 elementor-top-column elementor-element elementor-element-ef6fc17\" data-id=\"ef6fc17\" data-element_type=\"column\">\n\t\t\t<div class=\"elementor-widget-wrap elementor-element-populated\">\n\t\t\t\t\t\t\t\t<div class=\"elementor-element elementor-element-487d875 elementor-widget elementor-widget-image\" data-id=\"487d875\" data-element_type=\"widget\" data-widget_type=\"image.default\">\n\t\t\t\t<div class=\"elementor-widget-container\">\n\t\t\t\t\t\t\t\t\t\t\t\t\t\t\t<img width=\"1024\" height=\"576\" src=\"\/ndesarrollo\/wp-content\/uploads\/2023\/11\/Mapa-ND-ajustado-3-1024x576.jpg\" class=\"attachment-large size-large\" alt=\"\" loading=\"lazy\" srcset=\"\/ndesarrollo\/wp-content\/uploads\/2023\/11\/Mapa-ND-ajustado-3-1024x576.jpg 1024w, \/ndesarrollo\/wp-content\/uploads\/2023\/11\/Mapa-ND-ajustado-3-300x169.jpg 300w, \/ndesarrollo\/wp-content\/uploads\/2023\/11\/Mapa-ND-ajustado-3-768x432.jpg 768w, \/ndesarrollo\/wp-content\/uploads\/2023\/11\/Mapa-ND-ajustado-3-1536x864.jpg 1536w, \/ndesarrollo\/wp-content\/uploads\/2023\/11\/Mapa-ND-ajustado-3.jpg 1920w\" sizes=\"(max-width: 1024px) 100vw, 1024px\" \/>\t\t\t\t\t\t\t\t\t\t\t\t\t\t\t<\/div>\n\t\t\t\t<\/div>\n\t\t\t\t\t<\/div>\n\t\t<\/div>\n\t\t\t\t\t\t\t<\/div>\n\t\t<\/section>\n\t\t\t\t<section data-particle_enable=\"false\" data-particle-mobile-disabled=\"false\" class=\"elementor-section elementor-top-section elementor-element elementor-element-99bdc39 elementor-section-boxed elementor-section-height-default elementor-section-height-default\" data-id=\"99bdc39\" data-element_type=\"section\">\n\t\t\t\t\t\t<div class=\"elementor-container elementor-column-gap-no\">\n\t\t\t\t\t<div class=\"elementor-column elementor-col-100 elementor-top-column elementor-element elementor-element-325114f\" data-id=\"325114f\" data-element_type=\"column\">\n\t\t\t<div class=\"elementor-widget-wrap elementor-element-populated\">\n\t\t\t\t\t\t\t\t<div class=\"elementor-element elementor-element-7db36ba elementor-widget elementor-widget-image\" data-id=\"7db36ba\" data-element_type=\"widget\" data-widget_type=\"image.default\">\n\t\t\t\t<div class=\"elementor-widget-container\">\n\t\t\t\t\t\t\t\t\t\t\t\t\t\t\t<img width=\"1920\" height=\"214\" src=\"\/ndesarrollo\/wp-content\/uploads\/2021\/07\/SeparadorV2.png\" class=\"attachment-full size-full\" alt=\"\" loading=\"lazy\" \/>\t\t\t\t\t\t\t\t\t\t\t\t\t\t\t<\/div>\n\t\t\t\t<\/div>\n\t\t\t\t\t<\/div>\n\t\t<\/div>\n\t\t\t\t\t\t\t<\/div>\n\t\t<\/section>\n\t\t\t\t\t\t<\/div>\n\t\t\t\t\t<\/div>\n\t\t","protected":false},"excerpt":{"rendered":"<p>https:\/\/www.youtube.com\/watch?v=zWReslh3IKE Somos un escenario de participaci\u00f3n digital que dinamiza el proceso de Planeaci\u00f3n del Desarrollo Local del Distrito Especial de Medell\u00edn, articulando a los diferentes actores en la planeaci\u00f3n de los territorios. Nuestro Desarrollo es producto del trabajo colaborativo de la tesis doctoral de Diana Dajer y es direccionado por el Departamento Administrativo de Planeaci\u00f3n &hellip;<\/p>\n<p class=\"read-more\"> <a class=\"\" href=\"\/ndesarrollo\/quienes-somos\/\"> <span class=\"screen-reader-text\">Quienes Somos<\/span> Leer m\u00e1s &raquo;<\/a><\/p>\n","protected":false},"author":1,"featured_media":0,"parent":0,"menu_order":0,"comment_status":"closed","ping_status":"closed","template":"","meta":{"_mi_skip_tracking":false,"site-sidebar-layout":"no-sidebar","site-content-layout":"page-builder","ast-main-header-display":"","ast-hfb-above-header-display":"","ast-hfb-below-header-display":"","ast-hfb-mobile-header-display":"","site-post-title":"disabled","ast-breadcrumbs-content":"","ast-featured-img":"disabled","footer-sml-layout":"","theme-transparent-header-meta":"default","adv-header-id-meta":"","stick-header-meta":"","header-above-stick-meta":"","header-main-stick-meta":"","header-below-stick-meta":""},"categories":[90,92,1],"tags":[],"yoast_head":"<!-- This site is optimized with the Yoast SEO plugin v17.4 - https:\/\/yoast.com\/wordpress\/plugins\/seo\/ -->\n<title>Quienes Somos - Nuestro Desarrollo<\/title>\n<meta name=\"description\" content=\"Somos un escenario de participaci\u00f3n digital que dinamiza el proceso de Planeaci\u00f3n del Desarrollo Local en el municipio de Medell\u00edn articulando a los diferentes actores en la planeaci\u00f3n de los territorios.\" \/>\n<meta name=\"robots\" content=\"index, follow, max-snippet:-1, max-image-preview:large, max-video-preview:-1\" \/>\n<link rel=\"canonical\" href=\"\/ndesarrollo\/quienes-somos\/\" \/>\n<meta property=\"og:locale\" content=\"es_ES\" \/>\n<meta property=\"og:type\" content=\"article\" \/>\n<meta property=\"og:title\" content=\"Quienes Somos - Nuestro Desarrollo\" \/>\n<meta property=\"og:description\" content=\"Somos un escenario de participaci\u00f3n digital que dinamiza el proceso de Planeaci\u00f3n del Desarrollo Local en el municipio de Medell\u00edn articulando a los diferentes actores en la planeaci\u00f3n de los territorios.\" \/>\n<meta property=\"og:url\" content=\"\/ndesarrollo\/quienes-somos\/\" \/>\n<meta property=\"og:site_name\" content=\"Nuestro Desarrollo\" \/>\n<meta property=\"article:publisher\" content=\"https:\/\/www.facebook.com\/AlcaldiadeMed\" \/>\n<meta property=\"article:modified_time\" content=\"2023-11-20T21:03:20+00:00\" \/>\n<meta property=\"og:image\" content=\"\/ndesarrollo\/wp-content\/uploads\/2022\/07\/Quienes-Somos-50.jpg\" \/>\n<meta name=\"twitter:card\" content=\"summary_large_image\" \/>\n<meta name=\"twitter:site\" content=\"@AlcaldiadeMed\" \/>\n<meta name=\"twitter:label1\" content=\"Tiempo de lectura\" \/>\n\t<meta name=\"twitter:data1\" content=\"4 minutos\" \/>\n<script type=\"application\/ld+json\" class=\"yoast-schema-graph\">{\"@context\":\"https:\/\/schema.org\",\"@graph\":[{\"@type\":\"Organization\",\"@id\":\"\/ndesarrollo\/#organization\",\"name\":\"Alcald\\u00eda de Medell\\u00edn\",\"url\":\"\/ndesarrollo\/\",\"sameAs\":[\"https:\/\/www.facebook.com\/AlcaldiadeMed\",\"https:\/\/www.instagram.com\/alcaldiademed\/\",\"https:\/\/www.linkedin.com\/company\/alcaldiademedellin\",\"https:\/\/www.youtube.com\/channel\/UCAFLU70jPz4bODq_5BSWPIg\",\"https:\/\/twitter.com\/AlcaldiadeMed\"],\"logo\":{\"@type\":\"ImageObject\",\"@id\":\"\/ndesarrollo\/#logo\",\"inLanguage\":\"es\",\"url\":\"http:\/\/10.1.222.218\/ndesarrollo\/wp-content\/uploads\/2021\/11\/EscudoIcon.png\",\"contentUrl\":\"http:\/\/10.1.222.218\/ndesarrollo\/wp-content\/uploads\/2021\/11\/EscudoIcon.png\",\"width\":32,\"height\":32,\"caption\":\"Alcald\\u00eda de Medell\\u00edn\"},\"image\":{\"@id\":\"\/ndesarrollo\/#logo\"}},{\"@type\":\"WebSite\",\"@id\":\"\/ndesarrollo\/#website\",\"url\":\"\/ndesarrollo\/\",\"name\":\"Nuestro Desarrollo\",\"description\":\"Nuestro Desarrollo es una plataforma de Planeaci\\u00f3n del Desarrollo Local y Presupuesto Participativo\",\"publisher\":{\"@id\":\"\/ndesarrollo\/#organization\"},\"potentialAction\":[{\"@type\":\"SearchAction\",\"target\":{\"@type\":\"EntryPoint\",\"urlTemplate\":\"\/ndesarrollo\/?s={search_term_string}\"},\"query-input\":\"required name=search_term_string\"}],\"inLanguage\":\"es\"},{\"@type\":\"ImageObject\",\"@id\":\"\/ndesarrollo\/quienes-somos\/#primaryimage\",\"inLanguage\":\"es\",\"url\":\"\/ndesarrollo\/wp-content\/uploads\/2022\/07\/Quienes-Somos-50.jpg\",\"contentUrl\":\"\/ndesarrollo\/wp-content\/uploads\/2022\/07\/Quienes-Somos-50.jpg\",\"width\":1982,\"height\":290},{\"@type\":\"WebPage\",\"@id\":\"\/ndesarrollo\/quienes-somos\/#webpage\",\"url\":\"\/ndesarrollo\/quienes-somos\/\",\"name\":\"Quienes Somos - Nuestro Desarrollo\",\"isPartOf\":{\"@id\":\"\/ndesarrollo\/#website\"},\"primaryImageOfPage\":{\"@id\":\"\/ndesarrollo\/quienes-somos\/#primaryimage\"},\"datePublished\":\"2021-07-06T22:28:16+00:00\",\"dateModified\":\"2023-11-20T21:03:20+00:00\",\"description\":\"Somos un escenario de participaci\\u00f3n digital que dinamiza el proceso de Planeaci\\u00f3n del Desarrollo Local en el municipio de Medell\\u00edn articulando a los diferentes actores en la planeaci\\u00f3n de los territorios.\",\"breadcrumb\":{\"@id\":\"\/ndesarrollo\/quienes-somos\/#breadcrumb\"},\"inLanguage\":\"es\",\"potentialAction\":[{\"@type\":\"ReadAction\",\"target\":[\"\/ndesarrollo\/quienes-somos\/\"]}]},{\"@type\":\"BreadcrumbList\",\"@id\":\"\/ndesarrollo\/quienes-somos\/#breadcrumb\",\"itemListElement\":[{\"@type\":\"ListItem\",\"position\":1,\"name\":\"Portada\",\"item\":\"\/ndesarrollo\/\"},{\"@type\":\"ListItem\",\"position\":2,\"name\":\"Quienes Somos\"}]}]}<\/script>\n<!-- \/ Yoast SEO plugin. -->","yoast_head_json":{"title":"Quienes Somos - Nuestro Desarrollo","description":"Somos un escenario de participaci\u00f3n digital que dinamiza el proceso de Planeaci\u00f3n del Desarrollo Local en el municipio de Medell\u00edn articulando a los diferentes actores en la planeaci\u00f3n de los territorios.","robots":{"index":"index","follow":"follow","max-snippet":"max-snippet:-1","max-image-preview":"max-image-preview:large","max-video-preview":"max-video-preview:-1"},"canonical":"\/ndesarrollo\/quienes-somos\/","og_locale":"es_ES","og_type":"article","og_title":"Quienes Somos - Nuestro Desarrollo","og_description":"Somos un escenario de participaci\u00f3n digital que dinamiza el proceso de Planeaci\u00f3n del Desarrollo Local en el municipio de Medell\u00edn articulando a los diferentes actores en la planeaci\u00f3n de los territorios.","og_url":"\/ndesarrollo\/quienes-somos\/","og_site_name":"Nuestro Desarrollo","article_publisher":"https:\/\/www.facebook.com\/AlcaldiadeMed","article_modified_time":"2023-11-20T21:03:20+00:00","og_image":[{"url":"\/ndesarrollo\/wp-content\/uploads\/2022\/07\/Quienes-Somos-50.jpg"}],"twitter_card":"summary_large_image","twitter_site":"@AlcaldiadeMed","twitter_misc":{"Tiempo de lectura":"4 minutos"},"schema":{"@context":"https:\/\/schema.org","@graph":[{"@type":"Organization","@id":"\/ndesarrollo\/#organization","name":"Alcald\u00eda de Medell\u00edn","url":"\/ndesarrollo\/","sameAs":["https:\/\/www.facebook.com\/AlcaldiadeMed","https:\/\/www.instagram.com\/alcaldiademed\/","https:\/\/www.linkedin.com\/company\/alcaldiademedellin","https:\/\/www.youtube.com\/channel\/UCAFLU70jPz4bODq_5BSWPIg","https:\/\/twitter.com\/AlcaldiadeMed"],"logo":{"@type":"ImageObject","@id":"\/ndesarrollo\/#logo","inLanguage":"es","url":"http:\/\/10.1.222.218\/ndesarrollo\/wp-content\/uploads\/2021\/11\/EscudoIcon.png","contentUrl":"http:\/\/10.1.222.218\/ndesarrollo\/wp-content\/uploads\/2021\/11\/EscudoIcon.png","width":32,"height":32,"caption":"Alcald\u00eda de Medell\u00edn"},"image":{"@id":"\/ndesarrollo\/#logo"}},{"@type":"WebSite","@id":"\/ndesarrollo\/#website","url":"\/ndesarrollo\/","name":"Nuestro Desarrollo","description":"Nuestro Desarrollo es una plataforma de Planeaci\u00f3n del Desarrollo Local y Presupuesto Participativo","publisher":{"@id":"\/ndesarrollo\/#organization"},"potentialAction":[{"@type":"SearchAction","target":{"@type":"EntryPoint","urlTemplate":"\/ndesarrollo\/?s={search_term_string}"},"query-input":"required name=search_term_string"}],"inLanguage":"es"},{"@type":"ImageObject","@id":"\/ndesarrollo\/quienes-somos\/#primaryimage","inLanguage":"es","url":"\/ndesarrollo\/wp-content\/uploads\/2022\/07\/Quienes-Somos-50.jpg","contentUrl":"\/ndesarrollo\/wp-content\/uploads\/2022\/07\/Quienes-Somos-50.jpg","width":1982,"height":290},{"@type":"WebPage","@id":"\/ndesarrollo\/quienes-somos\/#webpage","url":"\/ndesarrollo\/quienes-somos\/","name":"Quienes Somos - Nuestro Desarrollo","isPartOf":{"@id":"\/ndesarrollo\/#website"},"primaryImageOfPage":{"@id":"\/ndesarrollo\/quienes-somos\/#primaryimage"},"datePublished":"2021-07-06T22:28:16+00:00","dateModified":"2023-11-20T21:03:20+00:00","description":"Somos un escenario de participaci\u00f3n digital que dinamiza el proceso de Planeaci\u00f3n del Desarrollo Local en el municipio de Medell\u00edn articulando a los diferentes actores en la planeaci\u00f3n de los territorios.","breadcrumb":{"@id":"\/ndesarrollo\/quienes-somos\/#breadcrumb"},"inLanguage":"es","potentialAction":[{"@type":"ReadAction","target":["\/ndesarrollo\/quienes-somos\/"]}]},{"@type":"BreadcrumbList","@id":"\/ndesarrollo\/quienes-somos\/#breadcrumb","itemListElement":[{"@type":"ListItem","position":1,"name":"Portada","item":"\/ndesarrollo\/"},{"@type":"ListItem","position":2,"name":"Quienes Somos"}]}]}},"_links":{"self":[{"href":"\/ndesarrollo\/wp-json\/wp\/v2\/pages\/173"}],"collection":[{"href":"\/ndesarrollo\/wp-json\/wp\/v2\/pages"}],"about":[{"href":"\/ndesarrollo\/wp-json\/wp\/v2\/types\/page"}],"author":[{"embeddable":true,"href":"\/ndesarrollo\/wp-json\/wp\/v2\/users\/1"}],"replies":[{"embeddable":true,"href":"\/ndesarrollo\/wp-json\/wp\/v2\/comments?post=173"}],"version-history":[{"count":235,"href":"\/ndesarrollo\/wp-json\/wp\/v2\/pages\/173\/revisions"}],"predecessor-version":[{"id":23514,"href":"\/ndesarrollo\/wp-json\/wp\/v2\/pages\/173\/revisions\/23514"}],"wp:attachment":[{"href":"\/ndesarrollo\/wp-json\/wp\/v2\/media?parent=173"}],"wp:term":[{"taxonomy":"category","embeddable":true,"href":"\/ndesarrollo\/wp-json\/wp\/v2\/categories?post=173"},{"taxonomy":"post_tag","embeddable":true,"href":"\/ndesarrollo\/wp-json\/wp\/v2\/tags?post=173"}],"curies":[{"name":"wp","href":"https:\/\/api.w.org\/{rel}","templated":true}]}}