{"id":17763,"date":"2022-10-06T19:20:36","date_gmt":"2022-10-06T19:20:36","guid":{"rendered":"http:\/\/10.1.222.218\/ndesarrollo\/?page_id=17763"},"modified":"2022-10-06T22:04:02","modified_gmt":"2022-10-06T22:04:02","slug":"planeacion_del_desarrollo","status":"publish","type":"page","link":"\/ndesarrollo\/planeacion_del_desarrollo\/","title":{"rendered":"Planeaci\u00f3n del Desarrollo"},"content":{"rendered":"\t\t<div data-elementor-type=\"wp-page\" data-elementor-id=\"17763\" class=\"elementor elementor-17763\" data-elementor-settings=\"[]\">\n\t\t\t\t\t\t\t<div class=\"elementor-section-wrap\">\n\t\t\t\t\t\t\t<section data-particle_enable=\"false\" data-particle-mobile-disabled=\"false\" class=\"elementor-section elementor-top-section elementor-element elementor-element-ecacf72 elementor-section-full_width elementor-section-height-default elementor-section-height-default\" data-id=\"ecacf72\" data-element_type=\"section\">\n\t\t\t\t\t\t<div class=\"elementor-container elementor-column-gap-no\">\n\t\t\t\t\t<div class=\"elementor-column elementor-col-100 elementor-top-column elementor-element elementor-element-2a1b63a\" data-id=\"2a1b63a\" data-element_type=\"column\">\n\t\t\t<div class=\"elementor-widget-wrap elementor-element-populated\">\n\t\t\t\t\t\t\t\t<div class=\"elementor-element elementor-element-748bc40 elementor-widget elementor-widget-image\" data-id=\"748bc40\" data-element_type=\"widget\" data-widget_type=\"image.default\">\n\t\t\t\t<div class=\"elementor-widget-container\">\n\t\t\t\t\t\t\t\t\t\t\t\t\t\t\t<img width=\"1982\" height=\"290\" src=\"\/ndesarrollo\/wp-content\/uploads\/2022\/10\/Planeacion-del-Desarrollo.jpg\" class=\"attachment-full size-full\" alt=\"\" loading=\"lazy\" srcset=\"\/ndesarrollo\/wp-content\/uploads\/2022\/10\/Planeacion-del-Desarrollo.jpg 1982w, \/ndesarrollo\/wp-content\/uploads\/2022\/10\/Planeacion-del-Desarrollo-300x44.jpg 300w, \/ndesarrollo\/wp-content\/uploads\/2022\/10\/Planeacion-del-Desarrollo-1024x150.jpg 1024w, \/ndesarrollo\/wp-content\/uploads\/2022\/10\/Planeacion-del-Desarrollo-768x112.jpg 768w, \/ndesarrollo\/wp-content\/uploads\/2022\/10\/Planeacion-del-Desarrollo-1536x225.jpg 1536w\" sizes=\"(max-width: 1982px) 100vw, 1982px\" \/>\t\t\t\t\t\t\t\t\t\t\t\t\t\t\t<\/div>\n\t\t\t\t<\/div>\n\t\t\t\t\t<\/div>\n\t\t<\/div>\n\t\t\t\t\t\t\t<\/div>\n\t\t<\/section>\n\t\t\t\t<section data-particle_enable=\"false\" data-particle-mobile-disabled=\"false\" class=\"elementor-section elementor-top-section elementor-element elementor-element-4836a51 elementor-section-boxed elementor-section-height-default elementor-section-height-default\" data-id=\"4836a51\" data-element_type=\"section\">\n\t\t\t\t\t\t<div class=\"elementor-container elementor-column-gap-default\">\n\t\t\t\t\t<div class=\"elementor-column elementor-col-100 elementor-top-column elementor-element elementor-element-029a26c\" data-id=\"029a26c\" data-element_type=\"column\">\n\t\t\t<div class=\"elementor-widget-wrap elementor-element-populated\">\n\t\t\t\t\t\t\t\t<div class=\"elementor-element elementor-element-ec67c34 elementor-widget elementor-widget-text-editor\" data-id=\"ec67c34\" data-element_type=\"widget\" data-widget_type=\"text-editor.default\">\n\t\t\t\t<div class=\"elementor-widget-container\">\n\t\t\t\t\t\t\t<p>La planeaci\u00f3n del desarrollo es el proceso en el cual los diferentes actores sociales, intervienen de manera sistem\u00e1tica en el presente a trav\u00e9s de la identificaci\u00f3n de problemas y potencialidades para orientar el futuro deseado y posible.<\/p><p>Su validaci\u00f3n es social y debe ser el resultado de la participaci\u00f3n del Estado y la sociedad. Por lo tanto, reconoce la responsabilidad de los diferentes actores para definir el futuro y construir ese porvenir.<\/p>\t\t\t\t\t\t<\/div>\n\t\t\t\t<\/div>\n\t\t\t\t\t<\/div>\n\t\t<\/div>\n\t\t\t\t\t\t\t<\/div>\n\t\t<\/section>\n\t\t\t\t<section data-particle_enable=\"false\" data-particle-mobile-disabled=\"false\" class=\"elementor-section elementor-top-section elementor-element elementor-element-c2c2966 elementor-section-boxed elementor-section-height-default elementor-section-height-default\" data-id=\"c2c2966\" data-element_type=\"section\">\n\t\t\t\t\t\t<div class=\"elementor-container elementor-column-gap-default\">\n\t\t\t\t\t<div class=\"elementor-column elementor-col-100 elementor-top-column elementor-element elementor-element-a522547\" data-id=\"a522547\" data-element_type=\"column\">\n\t\t\t<div class=\"elementor-widget-wrap elementor-element-populated\">\n\t\t\t\t\t\t\t\t<div class=\"elementor-element elementor-element-fac2b73 elementor-widget elementor-widget-text-editor\" data-id=\"fac2b73\" data-element_type=\"widget\" data-widget_type=\"text-editor.default\">\n\t\t\t\t<div class=\"elementor-widget-container\">\n\t\t\t\t\t\t\t<h6><em><strong>Construido a partir de: <\/strong><\/em><\/h6><ul><li><h6><em>Saavedra, Ruth y Otros. 2001. Planificaci\u00f3n del desarrollo. Universidad Jorge Tadeo Lozano. Bogot\u00e1<\/em><\/h6><\/li><li><h6><em>Carvajal Burbano, A. 2006. Desarrollo Local y Planeaci\u00f3n Participativa: escenarios para reinventar el desarrollo humano desde el trabajo social. Revista de Trabajo Social e intervenci\u00f3n social, n\u00fam. 11, octubre, 2006, pp. 69-82 Universidad del Valle Bogot\u00e1, Colombia<\/em><\/h6><\/li><\/ul>\t\t\t\t\t\t<\/div>\n\t\t\t\t<\/div>\n\t\t\t\t\t<\/div>\n\t\t<\/div>\n\t\t\t\t\t\t\t<\/div>\n\t\t<\/section>\n\t\t\t\t<section data-particle_enable=\"false\" data-particle-mobile-disabled=\"false\" class=\"elementor-section elementor-top-section elementor-element elementor-element-21d1b1b elementor-section-full_width elementor-section-height-min-height elementor-section-content-middle elementor-section-height-default elementor-section-items-middle\" data-id=\"21d1b1b\" data-element_type=\"section\" data-settings=\"{&quot;background_background&quot;:&quot;classic&quot;}\">\n\t\t\t\t\t\t<div class=\"elementor-container elementor-column-gap-no\">\n\t\t\t\t\t<div class=\"elementor-column elementor-col-100 elementor-top-column elementor-element elementor-element-188cc08\" data-id=\"188cc08\" data-element_type=\"column\">\n\t\t\t<div class=\"elementor-widget-wrap\">\n\t\t\t\t\t\t\t\t\t<\/div>\n\t\t<\/div>\n\t\t\t\t\t\t\t<\/div>\n\t\t<\/section>\n\t\t\t\t<section data-particle_enable=\"false\" data-particle-mobile-disabled=\"false\" class=\"elementor-section elementor-top-section elementor-element elementor-element-91d2488 elementor-section-boxed elementor-section-height-default elementor-section-height-default\" data-id=\"91d2488\" data-element_type=\"section\">\n\t\t\t\t\t\t<div class=\"elementor-container elementor-column-gap-default\">\n\t\t\t\t\t<div class=\"elementor-column elementor-col-100 elementor-top-column elementor-element elementor-element-cb44512\" data-id=\"cb44512\" data-element_type=\"column\">\n\t\t\t<div class=\"elementor-widget-wrap elementor-element-populated\">\n\t\t\t\t\t\t\t\t<section data-particle_enable=\"false\" data-particle-mobile-disabled=\"false\" class=\"elementor-section elementor-inner-section elementor-element elementor-element-6424dc7 elementor-section-boxed elementor-section-height-default elementor-section-height-default\" data-id=\"6424dc7\" data-element_type=\"section\">\n\t\t\t\t\t\t<div class=\"elementor-container elementor-column-gap-default\">\n\t\t\t\t\t<div class=\"elementor-column elementor-col-33 elementor-inner-column elementor-element elementor-element-20373f1\" data-id=\"20373f1\" data-element_type=\"column\" data-settings=\"{&quot;background_background&quot;:&quot;classic&quot;}\">\n\t\t\t<div class=\"elementor-widget-wrap elementor-element-populated\">\n\t\t\t\t\t\t\t\t<div class=\"elementor-element elementor-element-e271b34 elementor-widget elementor-widget-image\" data-id=\"e271b34\" data-element_type=\"widget\" data-widget_type=\"image.default\">\n\t\t\t\t<div class=\"elementor-widget-container\">\n\t\t\t\t\t\t\t\t\t\t\t\t\t\t\t\t<a href=\"\/ndesarrollo\/?page_id=555\" target=\"_blank\">\n\t\t\t\t\t\t\t<img width=\"650\" height=\"450\" src=\"\/ndesarrollo\/wp-content\/uploads\/2021\/12\/5-Asi-va-la-ruta.jpg\" class=\"attachment-large size-large\" alt=\"\" loading=\"lazy\" srcset=\"\/ndesarrollo\/wp-content\/uploads\/2021\/12\/5-Asi-va-la-ruta.jpg 650w, \/ndesarrollo\/wp-content\/uploads\/2021\/12\/5-Asi-va-la-ruta-300x208.jpg 300w\" sizes=\"(max-width: 650px) 100vw, 650px\" \/>\t\t\t\t\t\t\t\t<\/a>\n\t\t\t\t\t\t\t\t\t\t\t\t\t\t\t<\/div>\n\t\t\t\t<\/div>\n\t\t\t\t<div class=\"elementor-element elementor-element-86ef5e8 elementor-align-justify elementor-widget elementor-widget-button\" data-id=\"86ef5e8\" data-element_type=\"widget\" data-widget_type=\"button.default\">\n\t\t\t\t<div class=\"elementor-widget-container\">\n\t\t\t\t\t<div class=\"elementor-button-wrapper\">\n\t\t\t<a href=\"\/ndesarrollo\/?page_id=555\" target=\"_blank\" class=\"elementor-button-link elementor-button elementor-size-md\" role=\"button\">\n\t\t\t\t\t\t<span class=\"elementor-button-content-wrapper\">\n\t\t\t\t\t\t<span class=\"elementor-button-text\">Planeaci\u00f3n de Local<\/span>\n\t\t<\/span>\n\t\t\t\t\t<\/a>\n\t\t<\/div>\n\t\t\t\t<\/div>\n\t\t\t\t<\/div>\n\t\t\t\t\t<\/div>\n\t\t<\/div>\n\t\t\t\t<div class=\"elementor-column elementor-col-33 elementor-inner-column elementor-element elementor-element-c6c29f4\" data-id=\"c6c29f4\" data-element_type=\"column\" data-settings=\"{&quot;background_background&quot;:&quot;classic&quot;}\">\n\t\t\t<div class=\"elementor-widget-wrap elementor-element-populated\">\n\t\t\t\t\t\t\t\t<div class=\"elementor-element elementor-element-83d1fb8 elementor-widget elementor-widget-image\" data-id=\"83d1fb8\" data-element_type=\"widget\" data-widget_type=\"image.default\">\n\t\t\t\t<div class=\"elementor-widget-container\">\n\t\t\t\t\t\t\t\t\t\t\t\t\t\t\t\t<a href=\"\/ndesarrollo\/?page_id=16841\" target=\"_blank\">\n\t\t\t\t\t\t\t<img width=\"650\" height=\"450\" src=\"\/ndesarrollo\/wp-content\/uploads\/2021\/12\/8-Instrumentos-PDL.jpg\" class=\"attachment-large size-large\" alt=\"\" loading=\"lazy\" srcset=\"\/ndesarrollo\/wp-content\/uploads\/2021\/12\/8-Instrumentos-PDL.jpg 650w, \/ndesarrollo\/wp-content\/uploads\/2021\/12\/8-Instrumentos-PDL-300x208.jpg 300w\" sizes=\"(max-width: 650px) 100vw, 650px\" \/>\t\t\t\t\t\t\t\t<\/a>\n\t\t\t\t\t\t\t\t\t\t\t\t\t\t\t<\/div>\n\t\t\t\t<\/div>\n\t\t\t\t<div class=\"elementor-element elementor-element-cbccb91 elementor-align-justify elementor-widget elementor-widget-button\" data-id=\"cbccb91\" data-element_type=\"widget\" data-widget_type=\"button.default\">\n\t\t\t\t<div class=\"elementor-widget-container\">\n\t\t\t\t\t<div class=\"elementor-button-wrapper\">\n\t\t\t<a href=\"\/ndesarrollo\/?page_id=16841\" target=\"_blank\" class=\"elementor-button-link elementor-button elementor-size-md\" role=\"button\">\n\t\t\t\t\t\t<span class=\"elementor-button-content-wrapper\">\n\t\t\t\t\t\t<span class=\"elementor-button-text\">Planeaci\u00f3n Distrital<\/span>\n\t\t<\/span>\n\t\t\t\t\t<\/a>\n\t\t<\/div>\n\t\t\t\t<\/div>\n\t\t\t\t<\/div>\n\t\t\t\t\t<\/div>\n\t\t<\/div>\n\t\t\t\t<div class=\"elementor-column elementor-col-33 elementor-inner-column elementor-element elementor-element-c74e7d1\" data-id=\"c74e7d1\" data-element_type=\"column\" data-settings=\"{&quot;background_background&quot;:&quot;classic&quot;}\">\n\t\t\t<div class=\"elementor-widget-wrap elementor-element-populated\">\n\t\t\t\t\t\t\t\t<div class=\"elementor-element elementor-element-f65435f elementor-widget elementor-widget-image\" data-id=\"f65435f\" data-element_type=\"widget\" data-widget_type=\"image.default\">\n\t\t\t\t<div class=\"elementor-widget-container\">\n\t\t\t\t\t\t\t\t\t\t\t\t\t\t\t\t<a href=\"\/ndesarrollo\/?page_id=16868\" target=\"_blank\">\n\t\t\t\t\t\t\t<img width=\"650\" height=\"450\" src=\"\/ndesarrollo\/wp-content\/uploads\/2021\/12\/9-Planes-de-Desarrollo-Local.jpg\" class=\"attachment-large size-large\" alt=\"\" loading=\"lazy\" srcset=\"\/ndesarrollo\/wp-content\/uploads\/2021\/12\/9-Planes-de-Desarrollo-Local.jpg 650w, \/ndesarrollo\/wp-content\/uploads\/2021\/12\/9-Planes-de-Desarrollo-Local-300x208.jpg 300w\" sizes=\"(max-width: 650px) 100vw, 650px\" \/>\t\t\t\t\t\t\t\t<\/a>\n\t\t\t\t\t\t\t\t\t\t\t\t\t\t\t<\/div>\n\t\t\t\t<\/div>\n\t\t\t\t<div class=\"elementor-element elementor-element-2a176c3 elementor-align-justify elementor-widget elementor-widget-button\" data-id=\"2a176c3\" data-element_type=\"widget\" data-widget_type=\"button.default\">\n\t\t\t\t<div class=\"elementor-widget-container\">\n\t\t\t\t\t<div class=\"elementor-button-wrapper\">\n\t\t\t<a href=\"\/ndesarrollo\/?page_id=16868\" target=\"_blank\" class=\"elementor-button-link elementor-button elementor-size-md\" role=\"button\">\n\t\t\t\t\t\t<span class=\"elementor-button-content-wrapper\">\n\t\t\t\t\t\t<span class=\"elementor-button-text\">Planeaci\u00f3n Regional<\/span>\n\t\t<\/span>\n\t\t\t\t\t<\/a>\n\t\t<\/div>\n\t\t\t\t<\/div>\n\t\t\t\t<\/div>\n\t\t\t\t\t<\/div>\n\t\t<\/div>\n\t\t\t\t\t\t\t<\/div>\n\t\t<\/section>\n\t\t\t\t\t<\/div>\n\t\t<\/div>\n\t\t\t\t\t\t\t<\/div>\n\t\t<\/section>\n\t\t\t\t<section data-particle_enable=\"false\" data-particle-mobile-disabled=\"false\" class=\"elementor-section elementor-top-section elementor-element elementor-element-a77bdaa elementor-section-full_width elementor-section-height-default elementor-section-height-default\" data-id=\"a77bdaa\" data-element_type=\"section\">\n\t\t\t\t\t\t<div class=\"elementor-container elementor-column-gap-default\">\n\t\t\t\t\t<div class=\"elementor-column elementor-col-100 elementor-top-column elementor-element elementor-element-961b194\" data-id=\"961b194\" data-element_type=\"column\">\n\t\t\t<div class=\"elementor-widget-wrap elementor-element-populated\">\n\t\t\t\t\t\t\t\t<div class=\"elementor-element elementor-element-f303ff8 elementor-widget elementor-widget-image\" data-id=\"f303ff8\" data-element_type=\"widget\" data-widget_type=\"image.default\">\n\t\t\t\t<div class=\"elementor-widget-container\">\n\t\t\t\t\t\t\t\t\t\t\t\t\t\t\t<img width=\"1920\" height=\"214\" src=\"\/ndesarrollo\/wp-content\/uploads\/2021\/07\/SeparadorV2.png\" class=\"attachment-full size-full\" alt=\"\" loading=\"lazy\" \/>\t\t\t\t\t\t\t\t\t\t\t\t\t\t\t<\/div>\n\t\t\t\t<\/div>\n\t\t\t\t\t<\/div>\n\t\t<\/div>\n\t\t\t\t\t\t\t<\/div>\n\t\t<\/section>\n\t\t\t\t\t\t<\/div>\n\t\t\t\t\t<\/div>\n\t\t","protected":false},"excerpt":{"rendered":"<p>La planeaci\u00f3n del desarrollo es el proceso en el cual los diferentes actores sociales, intervienen de manera sistem\u00e1tica en el presente a trav\u00e9s de la identificaci\u00f3n de problemas y potencialidades para orientar el futuro deseado y posible. Su validaci\u00f3n es social y debe ser el resultado de la participaci\u00f3n del Estado y la sociedad. Por &hellip;<\/p>\n<p class=\"read-more\"> <a class=\"\" href=\"\/ndesarrollo\/planeacion_del_desarrollo\/\"> <span class=\"screen-reader-text\">Planeaci\u00f3n del Desarrollo<\/span> Leer m\u00e1s &raquo;<\/a><\/p>\n","protected":false},"author":1,"featured_media":0,"parent":0,"menu_order":0,"comment_status":"closed","ping_status":"closed","template":"","meta":{"_mi_skip_tracking":false,"site-sidebar-layout":"no-sidebar","site-content-layout":"page-builder","ast-main-header-display":"","ast-hfb-above-header-display":"","ast-hfb-below-header-display":"","ast-hfb-mobile-header-display":"","site-post-title":"disabled","ast-breadcrumbs-content":"","ast-featured-img":"disabled","footer-sml-layout":"","theme-transparent-header-meta":"default","adv-header-id-meta":"","stick-header-meta":"","header-above-stick-meta":"","header-main-stick-meta":"","header-below-stick-meta":""},"categories":[],"tags":[],"yoast_head":"<!-- This site is optimized with the Yoast SEO plugin v17.4 - https:\/\/yoast.com\/wordpress\/plugins\/seo\/ -->\n<title>Planeaci\u00f3n del Desarrollo - Nuestro Desarrollo<\/title>\n<meta name=\"robots\" content=\"index, follow, max-snippet:-1, max-image-preview:large, max-video-preview:-1\" \/>\n<link rel=\"canonical\" href=\"\/ndesarrollo\/planeacion_del_desarrollo\/\" \/>\n<meta property=\"og:locale\" content=\"es_ES\" \/>\n<meta property=\"og:type\" content=\"article\" \/>\n<meta property=\"og:title\" content=\"Planeaci\u00f3n del Desarrollo - Nuestro Desarrollo\" \/>\n<meta property=\"og:description\" content=\"La planeaci\u00f3n del desarrollo es el proceso en el cual los diferentes actores sociales, intervienen de manera sistem\u00e1tica en el presente a trav\u00e9s de la identificaci\u00f3n de problemas y potencialidades para orientar el futuro deseado y posible. Su validaci\u00f3n es social y debe ser el resultado de la participaci\u00f3n del Estado y la sociedad. Por &hellip; Planeaci\u00f3n del Desarrollo Leer m\u00e1s &raquo;\" \/>\n<meta property=\"og:url\" content=\"\/ndesarrollo\/planeacion_del_desarrollo\/\" \/>\n<meta property=\"og:site_name\" content=\"Nuestro Desarrollo\" \/>\n<meta property=\"article:publisher\" content=\"https:\/\/www.facebook.com\/AlcaldiadeMed\" \/>\n<meta property=\"article:modified_time\" content=\"2022-10-06T22:04:02+00:00\" \/>\n<meta property=\"og:image\" content=\"http:\/\/10.1.222.218\/ndesarrollo\/wp-content\/uploads\/2022\/10\/Planeacion-del-Desarrollo.jpg\" \/>\n<meta name=\"twitter:card\" content=\"summary_large_image\" \/>\n<meta name=\"twitter:site\" content=\"@AlcaldiadeMed\" \/>\n<meta name=\"twitter:label1\" content=\"Tiempo de lectura\" \/>\n\t<meta name=\"twitter:data1\" content=\"2 minutos\" \/>\n<script type=\"application\/ld+json\" class=\"yoast-schema-graph\">{\"@context\":\"https:\/\/schema.org\",\"@graph\":[{\"@type\":\"Organization\",\"@id\":\"\/ndesarrollo\/#organization\",\"name\":\"Alcald\\u00eda de Medell\\u00edn\",\"url\":\"\/ndesarrollo\/\",\"sameAs\":[\"https:\/\/www.facebook.com\/AlcaldiadeMed\",\"https:\/\/www.instagram.com\/alcaldiademed\/\",\"https:\/\/www.linkedin.com\/company\/alcaldiademedellin\",\"https:\/\/www.youtube.com\/channel\/UCAFLU70jPz4bODq_5BSWPIg\",\"https:\/\/twitter.com\/AlcaldiadeMed\"],\"logo\":{\"@type\":\"ImageObject\",\"@id\":\"\/ndesarrollo\/#logo\",\"inLanguage\":\"es\",\"url\":\"http:\/\/10.1.222.218\/ndesarrollo\/wp-content\/uploads\/2021\/11\/EscudoIcon.png\",\"contentUrl\":\"http:\/\/10.1.222.218\/ndesarrollo\/wp-content\/uploads\/2021\/11\/EscudoIcon.png\",\"width\":32,\"height\":32,\"caption\":\"Alcald\\u00eda de Medell\\u00edn\"},\"image\":{\"@id\":\"\/ndesarrollo\/#logo\"}},{\"@type\":\"WebSite\",\"@id\":\"\/ndesarrollo\/#website\",\"url\":\"\/ndesarrollo\/\",\"name\":\"Nuestro Desarrollo\",\"description\":\"Nuestro Desarrollo es una plataforma de Planeaci\\u00f3n del Desarrollo Local y Presupuesto Participativo\",\"publisher\":{\"@id\":\"\/ndesarrollo\/#organization\"},\"potentialAction\":[{\"@type\":\"SearchAction\",\"target\":{\"@type\":\"EntryPoint\",\"urlTemplate\":\"\/ndesarrollo\/?s={search_term_string}\"},\"query-input\":\"required name=search_term_string\"}],\"inLanguage\":\"es\"},{\"@type\":\"ImageObject\",\"@id\":\"\/ndesarrollo\/planeacion_del_desarrollo\/#primaryimage\",\"inLanguage\":\"es\",\"url\":\"http:\/\/10.1.222.218\/ndesarrollo\/wp-content\/uploads\/2022\/10\/Planeacion-del-Desarrollo.jpg\",\"contentUrl\":\"http:\/\/10.1.222.218\/ndesarrollo\/wp-content\/uploads\/2022\/10\/Planeacion-del-Desarrollo.jpg\"},{\"@type\":\"WebPage\",\"@id\":\"\/ndesarrollo\/planeacion_del_desarrollo\/#webpage\",\"url\":\"\/ndesarrollo\/planeacion_del_desarrollo\/\",\"name\":\"Planeaci\\u00f3n del Desarrollo - Nuestro Desarrollo\",\"isPartOf\":{\"@id\":\"\/ndesarrollo\/#website\"},\"primaryImageOfPage\":{\"@id\":\"\/ndesarrollo\/planeacion_del_desarrollo\/#primaryimage\"},\"datePublished\":\"2022-10-06T19:20:36+00:00\",\"dateModified\":\"2022-10-06T22:04:02+00:00\",\"breadcrumb\":{\"@id\":\"\/ndesarrollo\/planeacion_del_desarrollo\/#breadcrumb\"},\"inLanguage\":\"es\",\"potentialAction\":[{\"@type\":\"ReadAction\",\"target\":[\"\/ndesarrollo\/planeacion_del_desarrollo\/\"]}]},{\"@type\":\"BreadcrumbList\",\"@id\":\"\/ndesarrollo\/planeacion_del_desarrollo\/#breadcrumb\",\"itemListElement\":[{\"@type\":\"ListItem\",\"position\":1,\"name\":\"Portada\",\"item\":\"\/ndesarrollo\/\"},{\"@type\":\"ListItem\",\"position\":2,\"name\":\"Planeaci\\u00f3n del Desarrollo\"}]}]}<\/script>\n<!-- \/ Yoast SEO plugin. -->","yoast_head_json":{"title":"Planeaci\u00f3n del Desarrollo - Nuestro Desarrollo","robots":{"index":"index","follow":"follow","max-snippet":"max-snippet:-1","max-image-preview":"max-image-preview:large","max-video-preview":"max-video-preview:-1"},"canonical":"\/ndesarrollo\/planeacion_del_desarrollo\/","og_locale":"es_ES","og_type":"article","og_title":"Planeaci\u00f3n del Desarrollo - Nuestro Desarrollo","og_description":"La planeaci\u00f3n del desarrollo es el proceso en el cual los diferentes actores sociales, intervienen de manera sistem\u00e1tica en el presente a trav\u00e9s de la identificaci\u00f3n de problemas y potencialidades para orientar el futuro deseado y posible. Su validaci\u00f3n es social y debe ser el resultado de la participaci\u00f3n del Estado y la sociedad. Por &hellip; Planeaci\u00f3n del Desarrollo Leer m\u00e1s &raquo;","og_url":"\/ndesarrollo\/planeacion_del_desarrollo\/","og_site_name":"Nuestro Desarrollo","article_publisher":"https:\/\/www.facebook.com\/AlcaldiadeMed","article_modified_time":"2022-10-06T22:04:02+00:00","og_image":[{"url":"http:\/\/10.1.222.218\/ndesarrollo\/wp-content\/uploads\/2022\/10\/Planeacion-del-Desarrollo.jpg"}],"twitter_card":"summary_large_image","twitter_site":"@AlcaldiadeMed","twitter_misc":{"Tiempo de lectura":"2 minutos"},"schema":{"@context":"https:\/\/schema.org","@graph":[{"@type":"Organization","@id":"\/ndesarrollo\/#organization","name":"Alcald\u00eda de Medell\u00edn","url":"\/ndesarrollo\/","sameAs":["https:\/\/www.facebook.com\/AlcaldiadeMed","https:\/\/www.instagram.com\/alcaldiademed\/","https:\/\/www.linkedin.com\/company\/alcaldiademedellin","https:\/\/www.youtube.com\/channel\/UCAFLU70jPz4bODq_5BSWPIg","https:\/\/twitter.com\/AlcaldiadeMed"],"logo":{"@type":"ImageObject","@id":"\/ndesarrollo\/#logo","inLanguage":"es","url":"http:\/\/10.1.222.218\/ndesarrollo\/wp-content\/uploads\/2021\/11\/EscudoIcon.png","contentUrl":"http:\/\/10.1.222.218\/ndesarrollo\/wp-content\/uploads\/2021\/11\/EscudoIcon.png","width":32,"height":32,"caption":"Alcald\u00eda de Medell\u00edn"},"image":{"@id":"\/ndesarrollo\/#logo"}},{"@type":"WebSite","@id":"\/ndesarrollo\/#website","url":"\/ndesarrollo\/","name":"Nuestro Desarrollo","description":"Nuestro Desarrollo es una plataforma de Planeaci\u00f3n del Desarrollo Local y Presupuesto Participativo","publisher":{"@id":"\/ndesarrollo\/#organization"},"potentialAction":[{"@type":"SearchAction","target":{"@type":"EntryPoint","urlTemplate":"\/ndesarrollo\/?s={search_term_string}"},"query-input":"required name=search_term_string"}],"inLanguage":"es"},{"@type":"ImageObject","@id":"\/ndesarrollo\/planeacion_del_desarrollo\/#primaryimage","inLanguage":"es","url":"http:\/\/10.1.222.218\/ndesarrollo\/wp-content\/uploads\/2022\/10\/Planeacion-del-Desarrollo.jpg","contentUrl":"http:\/\/10.1.222.218\/ndesarrollo\/wp-content\/uploads\/2022\/10\/Planeacion-del-Desarrollo.jpg"},{"@type":"WebPage","@id":"\/ndesarrollo\/planeacion_del_desarrollo\/#webpage","url":"\/ndesarrollo\/planeacion_del_desarrollo\/","name":"Planeaci\u00f3n del Desarrollo - Nuestro Desarrollo","isPartOf":{"@id":"\/ndesarrollo\/#website"},"primaryImageOfPage":{"@id":"\/ndesarrollo\/planeacion_del_desarrollo\/#primaryimage"},"datePublished":"2022-10-06T19:20:36+00:00","dateModified":"2022-10-06T22:04:02+00:00","breadcrumb":{"@id":"\/ndesarrollo\/planeacion_del_desarrollo\/#breadcrumb"},"inLanguage":"es","potentialAction":[{"@type":"ReadAction","target":["\/ndesarrollo\/planeacion_del_desarrollo\/"]}]},{"@type":"BreadcrumbList","@id":"\/ndesarrollo\/planeacion_del_desarrollo\/#breadcrumb","itemListElement":[{"@type":"ListItem","position":1,"name":"Portada","item":"\/ndesarrollo\/"},{"@type":"ListItem","position":2,"name":"Planeaci\u00f3n del Desarrollo"}]}]}},"_links":{"self":[{"href":"\/ndesarrollo\/wp-json\/wp\/v2\/pages\/17763"}],"collection":[{"href":"\/ndesarrollo\/wp-json\/wp\/v2\/pages"}],"about":[{"href":"\/ndesarrollo\/wp-json\/wp\/v2\/types\/page"}],"author":[{"embeddable":true,"href":"\/ndesarrollo\/wp-json\/wp\/v2\/users\/1"}],"replies":[{"embeddable":true,"href":"\/ndesarrollo\/wp-json\/wp\/v2\/comments?post=17763"}],"version-history":[{"count":24,"href":"\/ndesarrollo\/wp-json\/wp\/v2\/pages\/17763\/revisions"}],"predecessor-version":[{"id":17801,"href":"\/ndesarrollo\/wp-json\/wp\/v2\/pages\/17763\/revisions\/17801"}],"wp:attachment":[{"href":"\/ndesarrollo\/wp-json\/wp\/v2\/media?parent=17763"}],"wp:term":[{"taxonomy":"category","embeddable":true,"href":"\/ndesarrollo\/wp-json\/wp\/v2\/categories?post=17763"},{"taxonomy":"post_tag","embeddable":true,"href":"\/ndesarrollo\/wp-json\/wp\/v2\/tags?post=17763"}],"curies":[{"name":"wp","href":"https:\/\/api.w.org\/{rel}","templated":true}]}}