{"id":23402,"date":"2023-10-02T21:56:46","date_gmt":"2023-10-02T21:56:46","guid":{"rendered":"\/ndesarrollo\/?page_id=23402"},"modified":"2023-11-17T20:31:17","modified_gmt":"2023-11-17T20:31:17","slug":"consejo-territorial-de-planeacion%e2%80%8b","status":"publish","type":"page","link":"\/ndesarrollo\/consejo-territorial-de-planeacion%e2%80%8b\/","title":{"rendered":"Consejo Territorial de Planeaci\u00f3n\u200b"},"content":{"rendered":"\t\t<div data-elementor-type=\"wp-page\" data-elementor-id=\"23402\" class=\"elementor elementor-23402\" data-elementor-settings=\"[]\">\n\t\t\t\t\t\t\t<div class=\"elementor-section-wrap\">\n\t\t\t\t\t\t\t<section data-particle_enable=\"false\" data-particle-mobile-disabled=\"false\" class=\"elementor-section elementor-top-section elementor-element elementor-element-723eb52 elementor-section-full_width elementor-section-height-default elementor-section-height-default\" data-id=\"723eb52\" data-element_type=\"section\">\n\t\t\t\t\t\t<div class=\"elementor-container elementor-column-gap-default\">\n\t\t\t\t\t<div class=\"elementor-column elementor-col-100 elementor-top-column elementor-element elementor-element-1341af3\" data-id=\"1341af3\" data-element_type=\"column\">\n\t\t\t<div class=\"elementor-widget-wrap elementor-element-populated\">\n\t\t\t\t\t\t\t\t<div class=\"elementor-element elementor-element-2a3519e elementor-widget elementor-widget-image\" data-id=\"2a3519e\" data-element_type=\"widget\" data-widget_type=\"image.default\">\n\t\t\t\t<div class=\"elementor-widget-container\">\n\t\t\t\t\t\t\t\t\t\t\t\t\t\t\t<img width=\"1980\" height=\"292\" src=\"\/ndesarrollo\/wp-content\/uploads\/2023\/10\/Banner-CTP-sin-logo.png\" class=\"attachment-full size-full\" alt=\"\" loading=\"lazy\" srcset=\"\/ndesarrollo\/wp-content\/uploads\/2023\/10\/Banner-CTP-sin-logo.png 1980w, \/ndesarrollo\/wp-content\/uploads\/2023\/10\/Banner-CTP-sin-logo-300x44.png 300w, \/ndesarrollo\/wp-content\/uploads\/2023\/10\/Banner-CTP-sin-logo-1024x151.png 1024w, \/ndesarrollo\/wp-content\/uploads\/2023\/10\/Banner-CTP-sin-logo-768x113.png 768w, \/ndesarrollo\/wp-content\/uploads\/2023\/10\/Banner-CTP-sin-logo-1536x227.png 1536w\" sizes=\"(max-width: 1980px) 100vw, 1980px\" \/>\t\t\t\t\t\t\t\t\t\t\t\t\t\t\t<\/div>\n\t\t\t\t<\/div>\n\t\t\t\t\t<\/div>\n\t\t<\/div>\n\t\t\t\t\t\t\t<\/div>\n\t\t<\/section>\n\t\t\t\t<section data-particle_enable=\"false\" data-particle-mobile-disabled=\"false\" class=\"elementor-section elementor-top-section elementor-element elementor-element-57588a7 elementor-section-boxed elementor-section-height-default elementor-section-height-default\" data-id=\"57588a7\" data-element_type=\"section\">\n\t\t\t\t\t\t<div class=\"elementor-container elementor-column-gap-default\">\n\t\t\t\t\t<div class=\"elementor-column elementor-col-100 elementor-top-column elementor-element elementor-element-85f7008\" data-id=\"85f7008\" data-element_type=\"column\">\n\t\t\t<div class=\"elementor-widget-wrap elementor-element-populated\">\n\t\t\t\t\t\t\t\t<div class=\"elementor-element elementor-element-45bd252 elementor-widget elementor-widget-text-editor\" data-id=\"45bd252\" data-element_type=\"widget\" data-widget_type=\"text-editor.default\">\n\t\t\t\t<div class=\"elementor-widget-container\">\n\t\t\t\t\t\t\t<p><strong>\u00bfQu\u00e9 es el Consejo Territorial de Planeaci\u00f3n?<\/strong><\/p><p>El Consejo Territorial de Planeaci\u00f3n es el principal espacio para la participaci\u00f3n ciudadana en el marco del Sistema distrital de Planeaci\u00f3n. Est\u00e1 conformado por 35 consejeros y consejeras, quienes representan los diferentes sectores y grupos poblacionales de Medell\u00edn.<\/p><p>Es una instancia que cuenta con autonom\u00eda para sus decisiones y acciones, por lo tanto, no est\u00e1 ligada a la administraci\u00f3n distrital. En ese sentido, cuenta con una imagen propia y canales de comunicaci\u00f3n e informaci\u00f3n independientes.<\/p><p><strong>\u00bfQu\u00e9 hace el Consejo Territorial de Planeaci\u00f3n?<\/strong><\/p><p>Su principal funci\u00f3n es garantizar la participaci\u00f3n de la sociedad civil en todos los procesos de planificaci\u00f3n y gesti\u00f3n del desarrollo territorial.\u00a0<\/p><p>Como instancia fundamental en los procesos de planeaci\u00f3n tienen entre otras las siguientes responsabilidades:<\/p><ul><li>Analizar y discutir el proyecto del plan de desarrollo distrital.<\/li><li>\u00a0Absolver las consultas que formule la administraci\u00f3n o las dem\u00e1s autoridades de planeaci\u00f3n.<\/li><li>\u00a0Formular recomendaciones a las dem\u00e1s autoridades y organismos de planeaci\u00f3n sobre el contenido y la forma del plan de desarrollo distrital.<\/li><li>\u00a0Emitir concepto sobre el proyecto del plan de desarrollo distrital.<\/li><li>\u00a0Generar concepto y formular recomendaciones sobre el Plan de Ordenamiento Territorial.<\/li><li>Realizar semestralmente un seguimiento a las metas de continuidad, cobertura y calidad de los servicios definidos en los respectivos planes sectoriales. (Decreto 028 de 2008, art. 17)<\/li><\/ul><p><strong>Descripci\u00f3n normativa<\/strong><\/p><p>La instancia fue creada por la <strong>Constituci\u00f3n Pol\u00edtica de 1991<\/strong>, donde se establece que en las entidades territoriales tambi\u00e9n habr\u00e1 Consejos de Planeaci\u00f3n, los cuales junto con el Consejo Nacional constituyen el Sistema Nacional de Planeaci\u00f3n, garantizando la participaci\u00f3n en la construcci\u00f3n y seguimiento de la planeaci\u00f3n.<\/p><p>Ahora bien, la Ley 152 de 1994 establece las autoridades e instancias territoriales de planeaci\u00f3n, otorg\u00e1ndole a los Consejo Territorial de Planeaci\u00f3n el car\u00e1cter de instancia. Adicionalmente, define su composici\u00f3n y funciones.<\/p><p>No cuenta con personer\u00eda jur\u00eddica, ni autonom\u00eda administrativa ni patrimonial, por eso, la ley establece que el Departamento Administrativo de Planeaci\u00f3n es la dependencia encargada de brindar apoyo t\u00e9cnico y log\u00edstico, de acuerdo<br \/>al <strong>Art. 12. Ley 152.<\/strong><\/p><p>En el Distrito Especial de Ciencia, Tecnolog\u00eda e Innovaci\u00f3n de Medell\u00edn se define el Consejo Territorial de Planeaci\u00f3n, en los <strong>art\u00edculos del 23 al 28 del <\/strong><strong>Acuerdo 28 de 2017<\/strong>: \u201cPor medio del cual se modifica el Acuerdo 43 de 2007 y se actualiza el Sistema Municipal de Planeaci\u00f3n del Municipio de Medell\u00edn\u201d.<\/p><p><strong>\u00bfQu\u00e9 se encuentra en la p\u00e1gina web?<\/strong><\/p><p>La p\u00e1gina web del Consejo Territorial de Planeaci\u00f3n pretende ser un canal de f\u00e1cil acceso, que busca brindar una experiencia agradable al ciudadano a la hora de ingresar y consultar informaci\u00f3n de valor.<\/p><p>All\u00ed van encontrar lo que hace la instancia, los encuentros territoriales, conceptos de seguimiento a los Planes de Desarrollo Distrital, eventos pr\u00f3ximos, conversatorios, foros, noticias y dem\u00e1s informaci\u00f3n relacionada a la participaci\u00f3n del CTP Medell\u00edn.<\/p>\t\t\t\t\t\t<\/div>\n\t\t\t\t<\/div>\n\t\t\t\t\t<\/div>\n\t\t<\/div>\n\t\t\t\t\t\t\t<\/div>\n\t\t<\/section>\n\t\t\t\t<section data-particle_enable=\"false\" data-particle-mobile-disabled=\"false\" class=\"elementor-section elementor-top-section elementor-element elementor-element-0f4533c elementor-section-boxed elementor-section-height-default elementor-section-height-default\" data-id=\"0f4533c\" data-element_type=\"section\">\n\t\t\t\t\t\t<div class=\"elementor-container elementor-column-gap-default\">\n\t\t\t\t\t<div class=\"elementor-column elementor-col-33 elementor-top-column elementor-element elementor-element-9c0d601\" data-id=\"9c0d601\" data-element_type=\"column\">\n\t\t\t<div class=\"elementor-widget-wrap\">\n\t\t\t\t\t\t\t\t\t<\/div>\n\t\t<\/div>\n\t\t\t\t<div class=\"elementor-column elementor-col-33 elementor-top-column elementor-element elementor-element-824c882\" data-id=\"824c882\" data-element_type=\"column\">\n\t\t\t<div class=\"elementor-widget-wrap elementor-element-populated\">\n\t\t\t\t\t\t\t\t<div class=\"elementor-element elementor-element-e08eaa1 elementor-button-info elementor-widget elementor-widget-button\" data-id=\"e08eaa1\" data-element_type=\"widget\" data-widget_type=\"button.default\">\n\t\t\t\t<div class=\"elementor-widget-container\">\n\t\t\t\t\t<div class=\"elementor-button-wrapper\">\n\t\t\t<a href=\"https:\/\/ctpmedellin.com\/\" class=\"elementor-button-link elementor-button elementor-size-xl\" role=\"button\">\n\t\t\t\t\t\t<span class=\"elementor-button-content-wrapper\">\n\t\t\t\t\t\t<span class=\"elementor-button-icon elementor-align-icon-left\">\n\t\t\t\t<i aria-hidden=\"true\" class=\"far fa-arrow-alt-circle-right\"><\/i>\t\t\t<\/span>\n\t\t\t\t\t\t<span class=\"elementor-button-text\">Visita el sitio web del Consejo Territorial de Planeaci\u00f3n\u200b <\/span>\n\t\t<\/span>\n\t\t\t\t\t<\/a>\n\t\t<\/div>\n\t\t\t\t<\/div>\n\t\t\t\t<\/div>\n\t\t\t\t\t<\/div>\n\t\t<\/div>\n\t\t\t\t<div class=\"elementor-column elementor-col-33 elementor-top-column elementor-element elementor-element-88c7372\" data-id=\"88c7372\" data-element_type=\"column\">\n\t\t\t<div class=\"elementor-widget-wrap\">\n\t\t\t\t\t\t\t\t\t<\/div>\n\t\t<\/div>\n\t\t\t\t\t\t\t<\/div>\n\t\t<\/section>\n\t\t\t\t<section data-particle_enable=\"false\" data-particle-mobile-disabled=\"false\" class=\"elementor-section elementor-top-section elementor-element elementor-element-16ad0dd elementor-section-full_width elementor-section-height-default elementor-section-height-default\" data-id=\"16ad0dd\" data-element_type=\"section\">\n\t\t\t\t\t\t<div class=\"elementor-container elementor-column-gap-no\">\n\t\t\t\t\t<div class=\"elementor-column elementor-col-100 elementor-top-column elementor-element elementor-element-9f2aaf1\" data-id=\"9f2aaf1\" data-element_type=\"column\">\n\t\t\t<div class=\"elementor-widget-wrap elementor-element-populated\">\n\t\t\t\t\t\t\t\t<div class=\"elementor-element elementor-element-692399c elementor-widget elementor-widget-image\" data-id=\"692399c\" data-element_type=\"widget\" data-widget_type=\"image.default\">\n\t\t\t\t<div class=\"elementor-widget-container\">\n\t\t\t\t\t\t\t\t\t\t\t\t\t\t\t<img width=\"1920\" height=\"214\" src=\"\/ndesarrollo\/wp-content\/uploads\/2021\/07\/SeparadorV2.png\" class=\"attachment-full size-full\" alt=\"\" loading=\"lazy\" \/>\t\t\t\t\t\t\t\t\t\t\t\t\t\t\t<\/div>\n\t\t\t\t<\/div>\n\t\t\t\t\t<\/div>\n\t\t<\/div>\n\t\t\t\t\t\t\t<\/div>\n\t\t<\/section>\n\t\t\t\t\t\t<\/div>\n\t\t\t\t\t<\/div>\n\t\t","protected":false},"excerpt":{"rendered":"<p>\u00bfQu\u00e9 es el Consejo Territorial de Planeaci\u00f3n? El Consejo Territorial de Planeaci\u00f3n es el principal espacio para la participaci\u00f3n ciudadana en el marco del Sistema distrital de Planeaci\u00f3n. Est\u00e1 conformado por 35 consejeros y consejeras, quienes representan los diferentes sectores y grupos poblacionales de Medell\u00edn. Es una instancia que cuenta con autonom\u00eda para sus decisiones &hellip;<\/p>\n<p class=\"read-more\"> <a class=\"\" href=\"\/ndesarrollo\/consejo-territorial-de-planeacion%e2%80%8b\/\"> <span class=\"screen-reader-text\">Consejo Territorial de Planeaci\u00f3n\u200b<\/span> Leer m\u00e1s &raquo;<\/a><\/p>\n","protected":false},"author":1,"featured_media":0,"parent":0,"menu_order":0,"comment_status":"closed","ping_status":"closed","template":"","meta":{"_mi_skip_tracking":false,"site-sidebar-layout":"no-sidebar","site-content-layout":"page-builder","ast-main-header-display":"","ast-hfb-above-header-display":"","ast-hfb-below-header-display":"","ast-hfb-mobile-header-display":"","site-post-title":"disabled","ast-breadcrumbs-content":"","ast-featured-img":"disabled","footer-sml-layout":"","theme-transparent-header-meta":"","adv-header-id-meta":"","stick-header-meta":"","header-above-stick-meta":"","header-main-stick-meta":"","header-below-stick-meta":""},"categories":[],"tags":[],"yoast_head":"<!-- This site is optimized with the Yoast SEO plugin v17.4 - https:\/\/yoast.com\/wordpress\/plugins\/seo\/ -->\n<title>Consejo Territorial de Planeaci\u00f3n\u200b - Nuestro Desarrollo<\/title>\n<meta name=\"robots\" content=\"index, follow, max-snippet:-1, max-image-preview:large, max-video-preview:-1\" \/>\n<link rel=\"canonical\" href=\"\/ndesarrollo\/consejo-territorial-de-planeacion\u200b\/\" \/>\n<meta property=\"og:locale\" content=\"es_ES\" \/>\n<meta property=\"og:type\" content=\"article\" \/>\n<meta property=\"og:title\" content=\"Consejo Territorial de Planeaci\u00f3n\u200b - Nuestro Desarrollo\" \/>\n<meta property=\"og:description\" content=\"\u00bfQu\u00e9 es el Consejo Territorial de Planeaci\u00f3n? El Consejo Territorial de Planeaci\u00f3n es el principal espacio para la participaci\u00f3n ciudadana en el marco del Sistema distrital de Planeaci\u00f3n. Est\u00e1 conformado por 35 consejeros y consejeras, quienes representan los diferentes sectores y grupos poblacionales de Medell\u00edn. Es una instancia que cuenta con autonom\u00eda para sus decisiones &hellip; Consejo Territorial de Planeaci\u00f3n\u200b Leer m\u00e1s &raquo;\" \/>\n<meta property=\"og:url\" content=\"\/ndesarrollo\/consejo-territorial-de-planeacion\u200b\/\" \/>\n<meta property=\"og:site_name\" content=\"Nuestro Desarrollo\" \/>\n<meta property=\"article:publisher\" content=\"https:\/\/www.facebook.com\/AlcaldiadeMed\" \/>\n<meta property=\"article:modified_time\" content=\"2023-11-17T20:31:17+00:00\" \/>\n<meta property=\"og:image\" content=\"\/ndesarrollo\/wp-content\/uploads\/2023\/10\/Banner-CTP-sin-logo.png\" \/>\n<meta name=\"twitter:card\" content=\"summary_large_image\" \/>\n<meta name=\"twitter:site\" content=\"@AlcaldiadeMed\" \/>\n<meta name=\"twitter:label1\" content=\"Tiempo de lectura\" \/>\n\t<meta name=\"twitter:data1\" content=\"3 minutos\" \/>\n<script type=\"application\/ld+json\" class=\"yoast-schema-graph\">{\"@context\":\"https:\/\/schema.org\",\"@graph\":[{\"@type\":\"Organization\",\"@id\":\"\/ndesarrollo\/#organization\",\"name\":\"Alcald\\u00eda de Medell\\u00edn\",\"url\":\"\/ndesarrollo\/\",\"sameAs\":[\"https:\/\/www.facebook.com\/AlcaldiadeMed\",\"https:\/\/www.instagram.com\/alcaldiademed\/\",\"https:\/\/www.linkedin.com\/company\/alcaldiademedellin\",\"https:\/\/www.youtube.com\/channel\/UCAFLU70jPz4bODq_5BSWPIg\",\"https:\/\/twitter.com\/AlcaldiadeMed\"],\"logo\":{\"@type\":\"ImageObject\",\"@id\":\"\/ndesarrollo\/#logo\",\"inLanguage\":\"es\",\"url\":\"http:\/\/10.1.222.218\/ndesarrollo\/wp-content\/uploads\/2021\/11\/EscudoIcon.png\",\"contentUrl\":\"http:\/\/10.1.222.218\/ndesarrollo\/wp-content\/uploads\/2021\/11\/EscudoIcon.png\",\"width\":32,\"height\":32,\"caption\":\"Alcald\\u00eda de Medell\\u00edn\"},\"image\":{\"@id\":\"\/ndesarrollo\/#logo\"}},{\"@type\":\"WebSite\",\"@id\":\"\/ndesarrollo\/#website\",\"url\":\"\/ndesarrollo\/\",\"name\":\"Nuestro Desarrollo\",\"description\":\"Nuestro Desarrollo es una plataforma de Planeaci\\u00f3n del Desarrollo Local y Presupuesto Participativo\",\"publisher\":{\"@id\":\"\/ndesarrollo\/#organization\"},\"potentialAction\":[{\"@type\":\"SearchAction\",\"target\":{\"@type\":\"EntryPoint\",\"urlTemplate\":\"\/ndesarrollo\/?s={search_term_string}\"},\"query-input\":\"required name=search_term_string\"}],\"inLanguage\":\"es\"},{\"@type\":\"ImageObject\",\"@id\":\"\/ndesarrollo\/consejo-territorial-de-planeacion%e2%80%8b\/#primaryimage\",\"inLanguage\":\"es\",\"url\":\"\/ndesarrollo\/wp-content\/uploads\/2023\/10\/Banner-CTP-sin-logo.png\",\"contentUrl\":\"\/ndesarrollo\/wp-content\/uploads\/2023\/10\/Banner-CTP-sin-logo.png\",\"width\":1980,\"height\":292},{\"@type\":\"WebPage\",\"@id\":\"\/ndesarrollo\/consejo-territorial-de-planeacion%e2%80%8b\/#webpage\",\"url\":\"\/ndesarrollo\/consejo-territorial-de-planeacion%e2%80%8b\/\",\"name\":\"Consejo Territorial de Planeaci\\u00f3n\\u200b - Nuestro Desarrollo\",\"isPartOf\":{\"@id\":\"\/ndesarrollo\/#website\"},\"primaryImageOfPage\":{\"@id\":\"\/ndesarrollo\/consejo-territorial-de-planeacion%e2%80%8b\/#primaryimage\"},\"datePublished\":\"2023-10-02T21:56:46+00:00\",\"dateModified\":\"2023-11-17T20:31:17+00:00\",\"breadcrumb\":{\"@id\":\"\/ndesarrollo\/consejo-territorial-de-planeacion%e2%80%8b\/#breadcrumb\"},\"inLanguage\":\"es\",\"potentialAction\":[{\"@type\":\"ReadAction\",\"target\":[\"\/ndesarrollo\/consejo-territorial-de-planeacion%e2%80%8b\/\"]}]},{\"@type\":\"BreadcrumbList\",\"@id\":\"\/ndesarrollo\/consejo-territorial-de-planeacion%e2%80%8b\/#breadcrumb\",\"itemListElement\":[{\"@type\":\"ListItem\",\"position\":1,\"name\":\"Portada\",\"item\":\"\/ndesarrollo\/\"},{\"@type\":\"ListItem\",\"position\":2,\"name\":\"Consejo Territorial de Planeaci\\u00f3n\\u200b\"}]}]}<\/script>\n<!-- \/ Yoast SEO plugin. -->","yoast_head_json":{"title":"Consejo Territorial de Planeaci\u00f3n\u200b - Nuestro Desarrollo","robots":{"index":"index","follow":"follow","max-snippet":"max-snippet:-1","max-image-preview":"max-image-preview:large","max-video-preview":"max-video-preview:-1"},"canonical":"\/ndesarrollo\/consejo-territorial-de-planeacion\u200b\/","og_locale":"es_ES","og_type":"article","og_title":"Consejo Territorial de Planeaci\u00f3n\u200b - Nuestro Desarrollo","og_description":"\u00bfQu\u00e9 es el Consejo Territorial de Planeaci\u00f3n? El Consejo Territorial de Planeaci\u00f3n es el principal espacio para la participaci\u00f3n ciudadana en el marco del Sistema distrital de Planeaci\u00f3n. Est\u00e1 conformado por 35 consejeros y consejeras, quienes representan los diferentes sectores y grupos poblacionales de Medell\u00edn. Es una instancia que cuenta con autonom\u00eda para sus decisiones &hellip; Consejo Territorial de Planeaci\u00f3n\u200b Leer m\u00e1s &raquo;","og_url":"\/ndesarrollo\/consejo-territorial-de-planeacion\u200b\/","og_site_name":"Nuestro Desarrollo","article_publisher":"https:\/\/www.facebook.com\/AlcaldiadeMed","article_modified_time":"2023-11-17T20:31:17+00:00","og_image":[{"url":"\/ndesarrollo\/wp-content\/uploads\/2023\/10\/Banner-CTP-sin-logo.png"}],"twitter_card":"summary_large_image","twitter_site":"@AlcaldiadeMed","twitter_misc":{"Tiempo de lectura":"3 minutos"},"schema":{"@context":"https:\/\/schema.org","@graph":[{"@type":"Organization","@id":"\/ndesarrollo\/#organization","name":"Alcald\u00eda de Medell\u00edn","url":"\/ndesarrollo\/","sameAs":["https:\/\/www.facebook.com\/AlcaldiadeMed","https:\/\/www.instagram.com\/alcaldiademed\/","https:\/\/www.linkedin.com\/company\/alcaldiademedellin","https:\/\/www.youtube.com\/channel\/UCAFLU70jPz4bODq_5BSWPIg","https:\/\/twitter.com\/AlcaldiadeMed"],"logo":{"@type":"ImageObject","@id":"\/ndesarrollo\/#logo","inLanguage":"es","url":"http:\/\/10.1.222.218\/ndesarrollo\/wp-content\/uploads\/2021\/11\/EscudoIcon.png","contentUrl":"http:\/\/10.1.222.218\/ndesarrollo\/wp-content\/uploads\/2021\/11\/EscudoIcon.png","width":32,"height":32,"caption":"Alcald\u00eda de Medell\u00edn"},"image":{"@id":"\/ndesarrollo\/#logo"}},{"@type":"WebSite","@id":"\/ndesarrollo\/#website","url":"\/ndesarrollo\/","name":"Nuestro Desarrollo","description":"Nuestro Desarrollo es una plataforma de Planeaci\u00f3n del Desarrollo Local y Presupuesto Participativo","publisher":{"@id":"\/ndesarrollo\/#organization"},"potentialAction":[{"@type":"SearchAction","target":{"@type":"EntryPoint","urlTemplate":"\/ndesarrollo\/?s={search_term_string}"},"query-input":"required name=search_term_string"}],"inLanguage":"es"},{"@type":"ImageObject","@id":"\/ndesarrollo\/consejo-territorial-de-planeacion%e2%80%8b\/#primaryimage","inLanguage":"es","url":"\/ndesarrollo\/wp-content\/uploads\/2023\/10\/Banner-CTP-sin-logo.png","contentUrl":"\/ndesarrollo\/wp-content\/uploads\/2023\/10\/Banner-CTP-sin-logo.png","width":1980,"height":292},{"@type":"WebPage","@id":"\/ndesarrollo\/consejo-territorial-de-planeacion%e2%80%8b\/#webpage","url":"\/ndesarrollo\/consejo-territorial-de-planeacion%e2%80%8b\/","name":"Consejo Territorial de Planeaci\u00f3n\u200b - Nuestro Desarrollo","isPartOf":{"@id":"\/ndesarrollo\/#website"},"primaryImageOfPage":{"@id":"\/ndesarrollo\/consejo-territorial-de-planeacion%e2%80%8b\/#primaryimage"},"datePublished":"2023-10-02T21:56:46+00:00","dateModified":"2023-11-17T20:31:17+00:00","breadcrumb":{"@id":"\/ndesarrollo\/consejo-territorial-de-planeacion%e2%80%8b\/#breadcrumb"},"inLanguage":"es","potentialAction":[{"@type":"ReadAction","target":["\/ndesarrollo\/consejo-territorial-de-planeacion%e2%80%8b\/"]}]},{"@type":"BreadcrumbList","@id":"\/ndesarrollo\/consejo-territorial-de-planeacion%e2%80%8b\/#breadcrumb","itemListElement":[{"@type":"ListItem","position":1,"name":"Portada","item":"\/ndesarrollo\/"},{"@type":"ListItem","position":2,"name":"Consejo Territorial de Planeaci\u00f3n\u200b"}]}]}},"_links":{"self":[{"href":"\/ndesarrollo\/wp-json\/wp\/v2\/pages\/23402"}],"collection":[{"href":"\/ndesarrollo\/wp-json\/wp\/v2\/pages"}],"about":[{"href":"\/ndesarrollo\/wp-json\/wp\/v2\/types\/page"}],"author":[{"embeddable":true,"href":"\/ndesarrollo\/wp-json\/wp\/v2\/users\/1"}],"replies":[{"embeddable":true,"href":"\/ndesarrollo\/wp-json\/wp\/v2\/comments?post=23402"}],"version-history":[{"count":30,"href":"\/ndesarrollo\/wp-json\/wp\/v2\/pages\/23402\/revisions"}],"predecessor-version":[{"id":23491,"href":"\/ndesarrollo\/wp-json\/wp\/v2\/pages\/23402\/revisions\/23491"}],"wp:attachment":[{"href":"\/ndesarrollo\/wp-json\/wp\/v2\/media?parent=23402"}],"wp:term":[{"taxonomy":"category","embeddable":true,"href":"\/ndesarrollo\/wp-json\/wp\/v2\/categories?post=23402"},{"taxonomy":"post_tag","embeddable":true,"href":"\/ndesarrollo\/wp-json\/wp\/v2\/tags?post=23402"}],"curies":[{"name":"wp","href":"https:\/\/api.w.org\/{rel}","templated":true}]}}