{"id":23610,"date":"2024-05-26T16:53:32","date_gmt":"2024-05-26T16:53:32","guid":{"rendered":"\/ndesarrollo\/?page_id=23610"},"modified":"2024-07-31T15:14:44","modified_gmt":"2024-07-31T15:14:44","slug":"vision-del-plan-de-desarrollo","status":"publish","type":"page","link":"\/ndesarrollo\/vision-del-plan-de-desarrollo\/","title":{"rendered":"VISI\u00d3N DEL PLAN DE DESARROLLO"},"content":{"rendered":"\t\t<div data-elementor-type=\"wp-page\" data-elementor-id=\"23610\" class=\"elementor elementor-23610\" data-elementor-settings=\"[]\">\n\t\t\t\t\t\t\t<div class=\"elementor-section-wrap\">\n\t\t\t\t\t\t\t<section data-particle_enable=\"false\" data-particle-mobile-disabled=\"false\" class=\"elementor-section elementor-top-section elementor-element elementor-element-9806cc1 elementor-section-boxed elementor-section-height-default elementor-section-height-default\" data-id=\"9806cc1\" data-element_type=\"section\">\n\t\t\t\t\t\t<div class=\"elementor-container elementor-column-gap-default\">\n\t\t\t\t\t<div class=\"elementor-column elementor-col-100 elementor-top-column elementor-element elementor-element-789b8f6\" data-id=\"789b8f6\" data-element_type=\"column\">\n\t\t\t<div class=\"elementor-widget-wrap\">\n\t\t\t\t\t\t\t\t\t<\/div>\n\t\t<\/div>\n\t\t\t\t\t\t\t<\/div>\n\t\t<\/section>\n\t\t\t\t<section data-particle_enable=\"false\" data-particle-mobile-disabled=\"false\" class=\"elementor-section elementor-top-section elementor-element elementor-element-cbf3d32 elementor-section-boxed elementor-section-height-default elementor-section-height-default\" data-id=\"cbf3d32\" data-element_type=\"section\">\n\t\t\t\t\t\t<div class=\"elementor-container elementor-column-gap-default\">\n\t\t\t\t\t<div class=\"elementor-column elementor-col-100 elementor-top-column elementor-element elementor-element-aa7d923\" data-id=\"aa7d923\" data-element_type=\"column\">\n\t\t\t<div class=\"elementor-widget-wrap elementor-element-populated\">\n\t\t\t\t\t\t\t\t<div class=\"elementor-element elementor-element-4557e04 elementor-widget elementor-widget-image\" data-id=\"4557e04\" data-element_type=\"widget\" data-widget_type=\"image.default\">\n\t\t\t\t<div class=\"elementor-widget-container\">\n\t\t\t\t\t\t\t\t\t\t\t\t\t\t\t<img width=\"1920\" height=\"572\" src=\"\/ndesarrollo\/wp-content\/uploads\/2024\/05\/Foto-vision-plan-desarrollo.jpg\" class=\"attachment-full size-full\" alt=\"\" loading=\"lazy\" srcset=\"\/ndesarrollo\/wp-content\/uploads\/2024\/05\/Foto-vision-plan-desarrollo.jpg 1920w, \/ndesarrollo\/wp-content\/uploads\/2024\/05\/Foto-vision-plan-desarrollo-300x89.jpg 300w, \/ndesarrollo\/wp-content\/uploads\/2024\/05\/Foto-vision-plan-desarrollo-1024x305.jpg 1024w, \/ndesarrollo\/wp-content\/uploads\/2024\/05\/Foto-vision-plan-desarrollo-768x229.jpg 768w, \/ndesarrollo\/wp-content\/uploads\/2024\/05\/Foto-vision-plan-desarrollo-1536x458.jpg 1536w\" sizes=\"(max-width: 1920px) 100vw, 1920px\" \/>\t\t\t\t\t\t\t\t\t\t\t\t\t\t\t<\/div>\n\t\t\t\t<\/div>\n\t\t\t\t\t<\/div>\n\t\t<\/div>\n\t\t\t\t\t\t\t<\/div>\n\t\t<\/section>\n\t\t\t\t<section data-particle_enable=\"false\" data-particle-mobile-disabled=\"false\" class=\"elementor-section elementor-top-section elementor-element elementor-element-ee04ad3 elementor-section-boxed elementor-section-height-default elementor-section-height-default\" data-id=\"ee04ad3\" data-element_type=\"section\">\n\t\t\t\t\t\t<div class=\"elementor-container elementor-column-gap-default\">\n\t\t\t\t\t<div class=\"elementor-column elementor-col-33 elementor-top-column elementor-element elementor-element-ae2d493\" data-id=\"ae2d493\" data-element_type=\"column\">\n\t\t\t<div class=\"elementor-widget-wrap elementor-element-populated\">\n\t\t\t\t\t\t\t\t<div class=\"elementor-element elementor-element-86cafd2 elementor-widget elementor-widget-image\" data-id=\"86cafd2\" data-element_type=\"widget\" data-widget_type=\"image.default\">\n\t\t\t\t<div class=\"elementor-widget-container\">\n\t\t\t\t\t\t\t\t\t\t\t\t\t\t\t<img width=\"269\" height=\"136\" src=\"\/ndesarrollo\/wp-content\/uploads\/2024\/05\/titu_vision.png\" class=\"attachment-large size-large\" alt=\"\" loading=\"lazy\" \/>\t\t\t\t\t\t\t\t\t\t\t\t\t\t\t<\/div>\n\t\t\t\t<\/div>\n\t\t\t\t\t<\/div>\n\t\t<\/div>\n\t\t\t\t<div class=\"elementor-column elementor-col-66 elementor-top-column elementor-element elementor-element-719a3a6\" data-id=\"719a3a6\" data-element_type=\"column\">\n\t\t\t<div class=\"elementor-widget-wrap elementor-element-populated\">\n\t\t\t\t\t\t\t\t<div class=\"elementor-element elementor-element-9f1abea elementor-widget elementor-widget-text-editor\" data-id=\"9f1abea\" data-element_type=\"widget\" data-widget_type=\"text-editor.default\">\n\t\t\t\t<div class=\"elementor-widget-container\">\n\t\t\t\t\t\t\t<p style=\"text-align: justify;\">CREEMOS en un nuevo modelo de ciudad: Medell\u00edn unida con confianza, transparencia y cultura ciudadana. Una ciudad que apunta al crecimiento econ\u00f3mico sustentable, al desarrollo humano integral en ejercicio de los derechos humanos, al urbanismo con vocaci\u00f3n social, ambiental y sostenible, a un distrito que detona la vocaci\u00f3n en ciencia, tecnolog\u00eda e innovaci\u00f3n en un territorio por y para la gente.<\/p>\t\t\t\t\t\t<\/div>\n\t\t\t\t<\/div>\n\t\t\t\t\t<\/div>\n\t\t<\/div>\n\t\t\t\t\t\t\t<\/div>\n\t\t<\/section>\n\t\t\t\t\t<script>\n\t\t\t\t(function($) {\n                    \"use strict\";\n\n                    var target = $('.elementor-element-ee04ad3');\n\n                    \n                    var EaelParallaxElement = {\n\n\t\t\t\t\t\tinit: function() {\n\t\t\t\t\t\t\telementorFrontend.hooks.addAction('frontend\/element_ready\/global', EaelParallaxElement.initWidget);\n\t\t\t\t\t\t},\n                        responsiveParallax: function(){\n                            var android = 1,\n                                ios = 1;\n                            switch( true || 1 ){\n                                case android && ios:\n                                    return \/iPad|iPhone|iPod|Android\/;\n                                    break;\n                                case android && ! ios:\n                                    return \/Android\/;\n                                    break;\n                                case ! android && ios:\n                                    return \/iPad|iPhone|iPod\/;\n                                    break;\n                                case ( ! android && ! ios ):\n                                    return null;\n                            }\n                        },\n\t\t\t\t\t\tinitWidget: function( $scope ) {\n\n\t\t\t\t\t\t\ttarget.jarallax({\n\t\t\t\t\t\t\t\ttype: 'opacity',\n\t\t\t\t\t\t\t\tspeed: 1.3,\n\t\t\t\t\t\t\t\tkeepImg: true,\n                                disableParallax: EaelParallaxElement.responsiveParallax(),\n\t\t\t\t\t\t\t});\n\t\t\t\t\t\t}\n\n\t\t\t\t\t};\n\n\t\t\t\t\t$( window ).on('elementor\/frontend\/init', EaelParallaxElement.init);\n\n                    \t\t\t\t}( jQuery ) );\n\t\t\t<\/script>\n\t\t\t\t<section data-particle_enable=\"false\" data-particle-mobile-disabled=\"false\" class=\"elementor-section elementor-top-section elementor-element elementor-element-01c79f0 elementor-section-boxed elementor-section-height-default elementor-section-height-default\" data-id=\"01c79f0\" data-element_type=\"section\" data-settings=\"{&quot;background_background&quot;:&quot;classic&quot;}\">\n\t\t\t\t\t\t<div class=\"elementor-container elementor-column-gap-default\">\n\t\t\t\t\t<div class=\"elementor-column elementor-col-50 elementor-top-column elementor-element elementor-element-0c09ef3\" data-id=\"0c09ef3\" data-element_type=\"column\">\n\t\t\t<div class=\"elementor-widget-wrap elementor-element-populated\">\n\t\t\t\t\t\t\t\t<div class=\"elementor-element elementor-element-ef27bbc elementor-widget elementor-widget-image\" data-id=\"ef27bbc\" data-element_type=\"widget\" data-widget_type=\"image.default\">\n\t\t\t\t<div class=\"elementor-widget-container\">\n\t\t\t\t\t\t\t\t\t\t\t\t\t\t\t\t<a href=\"https:\/\/www.medellin.gov.co\/ndesarrollo\/wp-content\/uploads\/2024\/07\/Acuerdo-003-de-2024-PDD_compressed.pdf\" target=\"_blank\">\n\t\t\t\t\t\t\t<img width=\"1254\" height=\"589\" src=\"\/ndesarrollo\/wp-content\/uploads\/2024\/06\/BOTONNUE2.jpg\" class=\"attachment-full size-full\" alt=\"\" loading=\"lazy\" srcset=\"\/ndesarrollo\/wp-content\/uploads\/2024\/06\/BOTONNUE2.jpg 1254w, \/ndesarrollo\/wp-content\/uploads\/2024\/06\/BOTONNUE2-300x141.jpg 300w, \/ndesarrollo\/wp-content\/uploads\/2024\/06\/BOTONNUE2-1024x481.jpg 1024w, \/ndesarrollo\/wp-content\/uploads\/2024\/06\/BOTONNUE2-768x361.jpg 768w\" sizes=\"(max-width: 1254px) 100vw, 1254px\" \/>\t\t\t\t\t\t\t\t<\/a>\n\t\t\t\t\t\t\t\t\t\t\t\t\t\t\t<\/div>\n\t\t\t\t<\/div>\n\t\t\t\t\t<\/div>\n\t\t<\/div>\n\t\t\t\t<div class=\"elementor-column elementor-col-25 elementor-top-column elementor-element elementor-element-6d90ed1\" data-id=\"6d90ed1\" data-element_type=\"column\">\n\t\t\t<div class=\"elementor-widget-wrap elementor-element-populated\">\n\t\t\t\t\t\t\t\t<div class=\"elementor-element elementor-element-3960297 elementor-widget elementor-widget-image\" data-id=\"3960297\" data-element_type=\"widget\" data-widget_type=\"image.default\">\n\t\t\t\t<div class=\"elementor-widget-container\">\n\t\t\t\t\t\t\t\t\t\t\t\t\t\t\t\t<a href=\"https:\/\/www.medellin.gov.co\/ndesarrollo\/wp-content\/uploads\/2024\/07\/proyectos-acuerdo-07.pdf\" target=\"_blank\">\n\t\t\t\t\t\t\t<img width=\"589\" height=\"589\" src=\"\/ndesarrollo\/wp-content\/uploads\/2024\/06\/BOTONNUE1.jpg\" class=\"attachment-full size-full\" alt=\"\" loading=\"lazy\" srcset=\"\/ndesarrollo\/wp-content\/uploads\/2024\/06\/BOTONNUE1.jpg 589w, \/ndesarrollo\/wp-content\/uploads\/2024\/06\/BOTONNUE1-300x300.jpg 300w, \/ndesarrollo\/wp-content\/uploads\/2024\/06\/BOTONNUE1-150x150.jpg 150w\" sizes=\"(max-width: 589px) 100vw, 589px\" \/>\t\t\t\t\t\t\t\t<\/a>\n\t\t\t\t\t\t\t\t\t\t\t\t\t\t\t<\/div>\n\t\t\t\t<\/div>\n\t\t\t\t\t<\/div>\n\t\t<\/div>\n\t\t\t\t<div class=\"elementor-column elementor-col-25 elementor-top-column elementor-element elementor-element-00c11aa\" data-id=\"00c11aa\" data-element_type=\"column\">\n\t\t\t<div class=\"elementor-widget-wrap elementor-element-populated\">\n\t\t\t\t\t\t\t\t<div class=\"elementor-element elementor-element-d460c5d elementor-widget elementor-widget-image\" data-id=\"d460c5d\" data-element_type=\"widget\" data-widget_type=\"image.default\">\n\t\t\t\t<div class=\"elementor-widget-container\">\n\t\t\t\t\t\t\t\t\t\t\t\t\t\t\t\t<a href=\"\/ndesarrollo\/galeria-de-fotos-2024-pdd\/\">\n\t\t\t\t\t\t\t<img width=\"589\" height=\"589\" src=\"\/ndesarrollo\/wp-content\/uploads\/2024\/05\/boton4.jpg\" class=\"attachment-full size-full\" alt=\"\" loading=\"lazy\" srcset=\"\/ndesarrollo\/wp-content\/uploads\/2024\/05\/boton4.jpg 589w, \/ndesarrollo\/wp-content\/uploads\/2024\/05\/boton4-300x300.jpg 300w, \/ndesarrollo\/wp-content\/uploads\/2024\/05\/boton4-150x150.jpg 150w\" sizes=\"(max-width: 589px) 100vw, 589px\" \/>\t\t\t\t\t\t\t\t<\/a>\n\t\t\t\t\t\t\t\t\t\t\t\t\t\t\t<\/div>\n\t\t\t\t<\/div>\n\t\t\t\t\t<\/div>\n\t\t<\/div>\n\t\t\t\t\t\t\t<\/div>\n\t\t<\/section>\n\t\t\t\t\t\t<\/div>\n\t\t\t\t\t<\/div>\n\t\t","protected":false},"excerpt":{"rendered":"<p>CREEMOS en un nuevo modelo de ciudad: Medell\u00edn unida con confianza, transparencia y cultura ciudadana. Una ciudad que apunta al crecimiento econ\u00f3mico sustentable, al desarrollo humano integral en ejercicio de los derechos humanos, al urbanismo con vocaci\u00f3n social, ambiental y sostenible, a un distrito que detona la vocaci\u00f3n en ciencia, tecnolog\u00eda e innovaci\u00f3n en un &hellip;<\/p>\n<p class=\"read-more\"> <a class=\"\" href=\"\/ndesarrollo\/vision-del-plan-de-desarrollo\/\"> <span class=\"screen-reader-text\">VISI\u00d3N DEL PLAN DE DESARROLLO<\/span> Leer m\u00e1s &raquo;<\/a><\/p>\n","protected":false},"author":1,"featured_media":23563,"parent":0,"menu_order":0,"comment_status":"closed","ping_status":"closed","template":"","meta":{"_mi_skip_tracking":false,"site-sidebar-layout":"no-sidebar","site-content-layout":"page-builder","ast-main-header-display":"","ast-hfb-above-header-display":"","ast-hfb-below-header-display":"","ast-hfb-mobile-header-display":"","site-post-title":"disabled","ast-breadcrumbs-content":"","ast-featured-img":"disabled","footer-sml-layout":"","theme-transparent-header-meta":"default","adv-header-id-meta":"","stick-header-meta":"","header-above-stick-meta":"","header-main-stick-meta":"","header-below-stick-meta":""},"categories":[],"tags":[],"yoast_head":"<!-- This site is optimized with the Yoast SEO plugin v17.4 - https:\/\/yoast.com\/wordpress\/plugins\/seo\/ -->\n<title>VISI\u00d3N DEL PLAN DE DESARROLLO - Nuestro Desarrollo<\/title>\n<meta name=\"robots\" content=\"index, follow, max-snippet:-1, max-image-preview:large, max-video-preview:-1\" \/>\n<link rel=\"canonical\" href=\"\/ndesarrollo\/vision-del-plan-de-desarrollo\/\" \/>\n<meta property=\"og:locale\" content=\"es_ES\" \/>\n<meta property=\"og:type\" content=\"article\" \/>\n<meta property=\"og:title\" content=\"VISI\u00d3N DEL PLAN DE DESARROLLO - Nuestro Desarrollo\" \/>\n<meta property=\"og:description\" content=\"CREEMOS en un nuevo modelo de ciudad: Medell\u00edn unida con confianza, transparencia y cultura ciudadana. Una ciudad que apunta al crecimiento econ\u00f3mico sustentable, al desarrollo humano integral en ejercicio de los derechos humanos, al urbanismo con vocaci\u00f3n social, ambiental y sostenible, a un distrito que detona la vocaci\u00f3n en ciencia, tecnolog\u00eda e innovaci\u00f3n en un &hellip; VISI\u00d3N DEL PLAN DE DESARROLLO Leer m\u00e1s &raquo;\" \/>\n<meta property=\"og:url\" content=\"\/ndesarrollo\/vision-del-plan-de-desarrollo\/\" \/>\n<meta property=\"og:site_name\" content=\"Nuestro Desarrollo\" \/>\n<meta property=\"article:publisher\" content=\"https:\/\/www.facebook.com\/AlcaldiadeMed\" \/>\n<meta property=\"article:modified_time\" content=\"2024-07-31T15:14:44+00:00\" \/>\n<meta property=\"og:image\" content=\"\/ndesarrollo\/wp-content\/uploads\/2024\/05\/banner_2_1200x480.jpg\" \/>\n\t<meta property=\"og:image:width\" content=\"1200\" \/>\n\t<meta property=\"og:image:height\" content=\"480\" \/>\n<meta name=\"twitter:card\" content=\"summary_large_image\" \/>\n<meta name=\"twitter:site\" content=\"@AlcaldiadeMed\" \/>\n<meta name=\"twitter:label1\" content=\"Tiempo de lectura\" \/>\n\t<meta name=\"twitter:data1\" content=\"2 minutos\" \/>\n<script type=\"application\/ld+json\" class=\"yoast-schema-graph\">{\"@context\":\"https:\/\/schema.org\",\"@graph\":[{\"@type\":\"Organization\",\"@id\":\"\/ndesarrollo\/#organization\",\"name\":\"Alcald\\u00eda de Medell\\u00edn\",\"url\":\"\/ndesarrollo\/\",\"sameAs\":[\"https:\/\/www.facebook.com\/AlcaldiadeMed\",\"https:\/\/www.instagram.com\/alcaldiademed\/\",\"https:\/\/www.linkedin.com\/company\/alcaldiademedellin\",\"https:\/\/www.youtube.com\/channel\/UCAFLU70jPz4bODq_5BSWPIg\",\"https:\/\/twitter.com\/AlcaldiadeMed\"],\"logo\":{\"@type\":\"ImageObject\",\"@id\":\"\/ndesarrollo\/#logo\",\"inLanguage\":\"es\",\"url\":\"http:\/\/10.1.222.218\/ndesarrollo\/wp-content\/uploads\/2021\/11\/EscudoIcon.png\",\"contentUrl\":\"http:\/\/10.1.222.218\/ndesarrollo\/wp-content\/uploads\/2021\/11\/EscudoIcon.png\",\"width\":32,\"height\":32,\"caption\":\"Alcald\\u00eda de Medell\\u00edn\"},\"image\":{\"@id\":\"\/ndesarrollo\/#logo\"}},{\"@type\":\"WebSite\",\"@id\":\"\/ndesarrollo\/#website\",\"url\":\"\/ndesarrollo\/\",\"name\":\"Nuestro Desarrollo\",\"description\":\"Nuestro Desarrollo es una plataforma de Planeaci\\u00f3n del Desarrollo Local y Presupuesto Participativo\",\"publisher\":{\"@id\":\"\/ndesarrollo\/#organization\"},\"potentialAction\":[{\"@type\":\"SearchAction\",\"target\":{\"@type\":\"EntryPoint\",\"urlTemplate\":\"\/ndesarrollo\/?s={search_term_string}\"},\"query-input\":\"required name=search_term_string\"}],\"inLanguage\":\"es\"},{\"@type\":\"ImageObject\",\"@id\":\"\/ndesarrollo\/vision-del-plan-de-desarrollo\/#primaryimage\",\"inLanguage\":\"es\",\"url\":\"\/ndesarrollo\/wp-content\/uploads\/2024\/05\/banner_2_1200x480.jpg\",\"contentUrl\":\"\/ndesarrollo\/wp-content\/uploads\/2024\/05\/banner_2_1200x480.jpg\",\"width\":1200,\"height\":480},{\"@type\":\"WebPage\",\"@id\":\"\/ndesarrollo\/vision-del-plan-de-desarrollo\/#webpage\",\"url\":\"\/ndesarrollo\/vision-del-plan-de-desarrollo\/\",\"name\":\"VISI\\u00d3N DEL PLAN DE DESARROLLO - Nuestro Desarrollo\",\"isPartOf\":{\"@id\":\"\/ndesarrollo\/#website\"},\"primaryImageOfPage\":{\"@id\":\"\/ndesarrollo\/vision-del-plan-de-desarrollo\/#primaryimage\"},\"datePublished\":\"2024-05-26T16:53:32+00:00\",\"dateModified\":\"2024-07-31T15:14:44+00:00\",\"breadcrumb\":{\"@id\":\"\/ndesarrollo\/vision-del-plan-de-desarrollo\/#breadcrumb\"},\"inLanguage\":\"es\",\"potentialAction\":[{\"@type\":\"ReadAction\",\"target\":[\"\/ndesarrollo\/vision-del-plan-de-desarrollo\/\"]}]},{\"@type\":\"BreadcrumbList\",\"@id\":\"\/ndesarrollo\/vision-del-plan-de-desarrollo\/#breadcrumb\",\"itemListElement\":[{\"@type\":\"ListItem\",\"position\":1,\"name\":\"Portada\",\"item\":\"\/ndesarrollo\/\"},{\"@type\":\"ListItem\",\"position\":2,\"name\":\"VISI\\u00d3N DEL PLAN DE DESARROLLO\"}]}]}<\/script>\n<!-- \/ Yoast SEO plugin. -->","yoast_head_json":{"title":"VISI\u00d3N DEL PLAN DE DESARROLLO - Nuestro Desarrollo","robots":{"index":"index","follow":"follow","max-snippet":"max-snippet:-1","max-image-preview":"max-image-preview:large","max-video-preview":"max-video-preview:-1"},"canonical":"\/ndesarrollo\/vision-del-plan-de-desarrollo\/","og_locale":"es_ES","og_type":"article","og_title":"VISI\u00d3N DEL PLAN DE DESARROLLO - Nuestro Desarrollo","og_description":"CREEMOS en un nuevo modelo de ciudad: Medell\u00edn unida con confianza, transparencia y cultura ciudadana. Una ciudad que apunta al crecimiento econ\u00f3mico sustentable, al desarrollo humano integral en ejercicio de los derechos humanos, al urbanismo con vocaci\u00f3n social, ambiental y sostenible, a un distrito que detona la vocaci\u00f3n en ciencia, tecnolog\u00eda e innovaci\u00f3n en un &hellip; VISI\u00d3N DEL PLAN DE DESARROLLO Leer m\u00e1s &raquo;","og_url":"\/ndesarrollo\/vision-del-plan-de-desarrollo\/","og_site_name":"Nuestro Desarrollo","article_publisher":"https:\/\/www.facebook.com\/AlcaldiadeMed","article_modified_time":"2024-07-31T15:14:44+00:00","og_image":[{"width":1200,"height":480,"url":"\/ndesarrollo\/wp-content\/uploads\/2024\/05\/banner_2_1200x480.jpg","type":"image\/jpeg"}],"twitter_card":"summary_large_image","twitter_site":"@AlcaldiadeMed","twitter_misc":{"Tiempo de lectura":"2 minutos"},"schema":{"@context":"https:\/\/schema.org","@graph":[{"@type":"Organization","@id":"\/ndesarrollo\/#organization","name":"Alcald\u00eda de Medell\u00edn","url":"\/ndesarrollo\/","sameAs":["https:\/\/www.facebook.com\/AlcaldiadeMed","https:\/\/www.instagram.com\/alcaldiademed\/","https:\/\/www.linkedin.com\/company\/alcaldiademedellin","https:\/\/www.youtube.com\/channel\/UCAFLU70jPz4bODq_5BSWPIg","https:\/\/twitter.com\/AlcaldiadeMed"],"logo":{"@type":"ImageObject","@id":"\/ndesarrollo\/#logo","inLanguage":"es","url":"http:\/\/10.1.222.218\/ndesarrollo\/wp-content\/uploads\/2021\/11\/EscudoIcon.png","contentUrl":"http:\/\/10.1.222.218\/ndesarrollo\/wp-content\/uploads\/2021\/11\/EscudoIcon.png","width":32,"height":32,"caption":"Alcald\u00eda de Medell\u00edn"},"image":{"@id":"\/ndesarrollo\/#logo"}},{"@type":"WebSite","@id":"\/ndesarrollo\/#website","url":"\/ndesarrollo\/","name":"Nuestro Desarrollo","description":"Nuestro Desarrollo es una plataforma de Planeaci\u00f3n del Desarrollo Local y Presupuesto Participativo","publisher":{"@id":"\/ndesarrollo\/#organization"},"potentialAction":[{"@type":"SearchAction","target":{"@type":"EntryPoint","urlTemplate":"\/ndesarrollo\/?s={search_term_string}"},"query-input":"required name=search_term_string"}],"inLanguage":"es"},{"@type":"ImageObject","@id":"\/ndesarrollo\/vision-del-plan-de-desarrollo\/#primaryimage","inLanguage":"es","url":"\/ndesarrollo\/wp-content\/uploads\/2024\/05\/banner_2_1200x480.jpg","contentUrl":"\/ndesarrollo\/wp-content\/uploads\/2024\/05\/banner_2_1200x480.jpg","width":1200,"height":480},{"@type":"WebPage","@id":"\/ndesarrollo\/vision-del-plan-de-desarrollo\/#webpage","url":"\/ndesarrollo\/vision-del-plan-de-desarrollo\/","name":"VISI\u00d3N DEL PLAN DE DESARROLLO - Nuestro Desarrollo","isPartOf":{"@id":"\/ndesarrollo\/#website"},"primaryImageOfPage":{"@id":"\/ndesarrollo\/vision-del-plan-de-desarrollo\/#primaryimage"},"datePublished":"2024-05-26T16:53:32+00:00","dateModified":"2024-07-31T15:14:44+00:00","breadcrumb":{"@id":"\/ndesarrollo\/vision-del-plan-de-desarrollo\/#breadcrumb"},"inLanguage":"es","potentialAction":[{"@type":"ReadAction","target":["\/ndesarrollo\/vision-del-plan-de-desarrollo\/"]}]},{"@type":"BreadcrumbList","@id":"\/ndesarrollo\/vision-del-plan-de-desarrollo\/#breadcrumb","itemListElement":[{"@type":"ListItem","position":1,"name":"Portada","item":"\/ndesarrollo\/"},{"@type":"ListItem","position":2,"name":"VISI\u00d3N DEL PLAN DE DESARROLLO"}]}]}},"_links":{"self":[{"href":"\/ndesarrollo\/wp-json\/wp\/v2\/pages\/23610"}],"collection":[{"href":"\/ndesarrollo\/wp-json\/wp\/v2\/pages"}],"about":[{"href":"\/ndesarrollo\/wp-json\/wp\/v2\/types\/page"}],"author":[{"embeddable":true,"href":"\/ndesarrollo\/wp-json\/wp\/v2\/users\/1"}],"replies":[{"embeddable":true,"href":"\/ndesarrollo\/wp-json\/wp\/v2\/comments?post=23610"}],"version-history":[{"count":48,"href":"\/ndesarrollo\/wp-json\/wp\/v2\/pages\/23610\/revisions"}],"predecessor-version":[{"id":24201,"href":"\/ndesarrollo\/wp-json\/wp\/v2\/pages\/23610\/revisions\/24201"}],"wp:featuredmedia":[{"embeddable":true,"href":"\/ndesarrollo\/wp-json\/wp\/v2\/media\/23563"}],"wp:attachment":[{"href":"\/ndesarrollo\/wp-json\/wp\/v2\/media?parent=23610"}],"wp:term":[{"taxonomy":"category","embeddable":true,"href":"\/ndesarrollo\/wp-json\/wp\/v2\/categories?post=23610"},{"taxonomy":"post_tag","embeddable":true,"href":"\/ndesarrollo\/wp-json\/wp\/v2\/tags?post=23610"}],"curies":[{"name":"wp","href":"https:\/\/api.w.org\/{rel}","templated":true}]}}