{"id":23662,"date":"2024-05-26T17:52:10","date_gmt":"2024-05-26T17:52:10","guid":{"rendered":"\/ndesarrollo\/?page_id=23662"},"modified":"2024-07-31T15:15:45","modified_gmt":"2024-07-31T15:15:45","slug":"enfoques-del-plan-de-desarrollo","status":"publish","type":"page","link":"\/ndesarrollo\/enfoques-del-plan-de-desarrollo\/","title":{"rendered":"ENFOQUES DEL PLAN DE DESARROLLO"},"content":{"rendered":"\t\t<div data-elementor-type=\"wp-page\" data-elementor-id=\"23662\" class=\"elementor elementor-23662\" data-elementor-settings=\"[]\">\n\t\t\t\t\t\t\t<div class=\"elementor-section-wrap\">\n\t\t\t\t\t\t\t<section data-particle_enable=\"false\" data-particle-mobile-disabled=\"false\" class=\"elementor-section elementor-top-section elementor-element elementor-element-9806cc1 elementor-section-boxed elementor-section-height-default elementor-section-height-default\" data-id=\"9806cc1\" data-element_type=\"section\">\n\t\t\t\t\t\t<div class=\"elementor-container elementor-column-gap-default\">\n\t\t\t\t\t<div class=\"elementor-column elementor-col-100 elementor-top-column elementor-element elementor-element-789b8f6\" data-id=\"789b8f6\" data-element_type=\"column\">\n\t\t\t<div class=\"elementor-widget-wrap\">\n\t\t\t\t\t\t\t\t\t<\/div>\n\t\t<\/div>\n\t\t\t\t\t\t\t<\/div>\n\t\t<\/section>\n\t\t\t\t<section data-particle_enable=\"false\" data-particle-mobile-disabled=\"false\" class=\"elementor-section elementor-top-section elementor-element elementor-element-cbf3d32 elementor-section-boxed elementor-section-height-default elementor-section-height-default\" data-id=\"cbf3d32\" data-element_type=\"section\">\n\t\t\t\t\t\t<div class=\"elementor-container elementor-column-gap-default\">\n\t\t\t\t\t<div class=\"elementor-column elementor-col-100 elementor-top-column elementor-element elementor-element-aa7d923\" data-id=\"aa7d923\" data-element_type=\"column\">\n\t\t\t<div class=\"elementor-widget-wrap elementor-element-populated\">\n\t\t\t\t\t\t\t\t<div class=\"elementor-element elementor-element-4557e04 elementor-widget elementor-widget-image\" data-id=\"4557e04\" data-element_type=\"widget\" data-widget_type=\"image.default\">\n\t\t\t\t<div class=\"elementor-widget-container\">\n\t\t\t\t\t\t\t\t\t\t\t\t\t\t\t<img width=\"1920\" height=\"572\" src=\"\/ndesarrollo\/wp-content\/uploads\/2024\/05\/Foto-enfoque-plan-desarrollo.jpg\" class=\"attachment-full size-full\" alt=\"\" loading=\"lazy\" srcset=\"\/ndesarrollo\/wp-content\/uploads\/2024\/05\/Foto-enfoque-plan-desarrollo.jpg 1920w, \/ndesarrollo\/wp-content\/uploads\/2024\/05\/Foto-enfoque-plan-desarrollo-300x89.jpg 300w, \/ndesarrollo\/wp-content\/uploads\/2024\/05\/Foto-enfoque-plan-desarrollo-1024x305.jpg 1024w, \/ndesarrollo\/wp-content\/uploads\/2024\/05\/Foto-enfoque-plan-desarrollo-768x229.jpg 768w, \/ndesarrollo\/wp-content\/uploads\/2024\/05\/Foto-enfoque-plan-desarrollo-1536x458.jpg 1536w\" sizes=\"(max-width: 1920px) 100vw, 1920px\" \/>\t\t\t\t\t\t\t\t\t\t\t\t\t\t\t<\/div>\n\t\t\t\t<\/div>\n\t\t\t\t\t<\/div>\n\t\t<\/div>\n\t\t\t\t\t\t\t<\/div>\n\t\t<\/section>\n\t\t\t\t<section data-particle_enable=\"false\" data-particle-mobile-disabled=\"false\" class=\"elementor-section elementor-top-section elementor-element elementor-element-ee04ad3 elementor-section-boxed elementor-section-height-default elementor-section-height-default\" data-id=\"ee04ad3\" data-element_type=\"section\">\n\t\t\t\t\t\t<div class=\"elementor-container elementor-column-gap-default\">\n\t\t\t\t\t<div class=\"elementor-column elementor-col-33 elementor-top-column elementor-element elementor-element-ae2d493\" data-id=\"ae2d493\" data-element_type=\"column\">\n\t\t\t<div class=\"elementor-widget-wrap elementor-element-populated\">\n\t\t\t\t\t\t\t\t<div class=\"elementor-element elementor-element-86cafd2 elementor-widget elementor-widget-image\" data-id=\"86cafd2\" data-element_type=\"widget\" data-widget_type=\"image.default\">\n\t\t\t\t<div class=\"elementor-widget-container\">\n\t\t\t\t\t\t\t\t\t\t\t\t\t\t\t<img width=\"261\" height=\"149\" src=\"\/ndesarrollo\/wp-content\/uploads\/2024\/05\/titu_enfoques.png\" class=\"attachment-large size-large\" alt=\"\" loading=\"lazy\" \/>\t\t\t\t\t\t\t\t\t\t\t\t\t\t\t<\/div>\n\t\t\t\t<\/div>\n\t\t\t\t\t<\/div>\n\t\t<\/div>\n\t\t\t\t<div class=\"elementor-column elementor-col-66 elementor-top-column elementor-element elementor-element-719a3a6\" data-id=\"719a3a6\" data-element_type=\"column\">\n\t\t\t<div class=\"elementor-widget-wrap elementor-element-populated\">\n\t\t\t\t\t\t\t\t<div class=\"elementor-element elementor-element-9f1abea elementor-widget elementor-widget-text-editor\" data-id=\"9f1abea\" data-element_type=\"widget\" data-widget_type=\"text-editor.default\">\n\t\t\t\t<div class=\"elementor-widget-container\">\n\t\t\t\t\t\t\t<p style=\"text-align: justify;\">El Plan de Desarrollo Distrital 2024-2027 \u201cMedell\u00edn te quiere\u201d, se construye desde una apuesta por el desarrollo integral de los habitantes del distrito; desde sus cinco pilares, busca que todos los habitantes de Medell\u00edn cuenten con las condiciones necesarias para una vida digna, reconoce la necesidad de fortalecer dimensiones que en los \u00faltimos a\u00f1os se han visto deterioradas y que se constituyen en prioridades a abordar desde los diferentes componentes y programas. A continuaci\u00f3n, se abordan los \u00e9nfasis del enfoque de desarrollo integral empleados en el Plan:<\/p><p style=\"text-align: justify;\"><strong>Enfoque de derechos:<\/strong><\/p><p style=\"text-align: justify;\">El enfoque basado en los derechos humanos establece la prioridad en la atenci\u00f3n de la poblaci\u00f3n objeto de una mayor marginaci\u00f3n, exclusi\u00f3n y discriminaci\u00f3n.<\/p><p style=\"text-align: justify;\"><strong>Enfoque diferencial:<\/strong><\/p><p style=\"text-align: justify;\">Se intencionan estrategias que dan respuesta a las particularidades de cada sector de la poblaci\u00f3n por su condici\u00f3n o situaci\u00f3n.<\/p><p style=\"text-align: justify;\"><strong>Enfoque de resiliencia:<\/strong><\/p><p style=\"text-align: justify;\">El Plan de Desarrollo Distrital 2024- 2027 \u201cMEDELL\u00cdN TE QUIERE\u201d, lo determina como uno de sus enfoques, dada la urgencia de hacer frente a las condiciones actuales y de recurrir a las capacidades de la ciudadan\u00eda para recuperar el distrito y afrontar los grandes retos.<\/p>\t\t\t\t\t\t<\/div>\n\t\t\t\t<\/div>\n\t\t\t\t\t<\/div>\n\t\t<\/div>\n\t\t\t\t\t\t\t<\/div>\n\t\t<\/section>\n\t\t\t\t\t<script>\n\t\t\t\t(function($) {\n                    \"use strict\";\n\n                    var target = $('.elementor-element-ee04ad3');\n\n                    \n                    var EaelParallaxElement = {\n\n\t\t\t\t\t\tinit: function() {\n\t\t\t\t\t\t\telementorFrontend.hooks.addAction('frontend\/element_ready\/global', EaelParallaxElement.initWidget);\n\t\t\t\t\t\t},\n                        responsiveParallax: function(){\n                            var android = 1,\n                                ios = 1;\n                            switch( true || 1 ){\n                                case android && ios:\n                                    return \/iPad|iPhone|iPod|Android\/;\n                                    break;\n                                case android && ! ios:\n                                    return \/Android\/;\n                                    break;\n                                case ! android && ios:\n                                    return \/iPad|iPhone|iPod\/;\n                                    break;\n                                case ( ! android && ! ios ):\n                                    return null;\n                            }\n                        },\n\t\t\t\t\t\tinitWidget: function( $scope ) {\n\n\t\t\t\t\t\t\ttarget.jarallax({\n\t\t\t\t\t\t\t\ttype: 'opacity',\n\t\t\t\t\t\t\t\tspeed: 1.3,\n\t\t\t\t\t\t\t\tkeepImg: true,\n                                disableParallax: EaelParallaxElement.responsiveParallax(),\n\t\t\t\t\t\t\t});\n\t\t\t\t\t\t}\n\n\t\t\t\t\t};\n\n\t\t\t\t\t$( window ).on('elementor\/frontend\/init', EaelParallaxElement.init);\n\n                    \t\t\t\t}( jQuery ) );\n\t\t\t<\/script>\n\t\t\t\t<section data-particle_enable=\"false\" data-particle-mobile-disabled=\"false\" class=\"elementor-section elementor-top-section elementor-element elementor-element-436bfe5 elementor-section-boxed elementor-section-height-default elementor-section-height-default\" data-id=\"436bfe5\" data-element_type=\"section\" data-settings=\"{&quot;background_background&quot;:&quot;classic&quot;}\">\n\t\t\t\t\t\t<div class=\"elementor-container elementor-column-gap-default\">\n\t\t\t\t\t<div class=\"elementor-column elementor-col-50 elementor-top-column elementor-element elementor-element-20d85a6\" data-id=\"20d85a6\" data-element_type=\"column\">\n\t\t\t<div class=\"elementor-widget-wrap elementor-element-populated\">\n\t\t\t\t\t\t\t\t<div class=\"elementor-element elementor-element-f62c192 elementor-widget elementor-widget-image\" data-id=\"f62c192\" data-element_type=\"widget\" data-widget_type=\"image.default\">\n\t\t\t\t<div class=\"elementor-widget-container\">\n\t\t\t\t\t\t\t\t\t\t\t\t\t\t\t\t<a href=\"https:\/\/www.medellin.gov.co\/ndesarrollo\/wp-content\/uploads\/2024\/07\/Acuerdo-003-de-2024-PDD_compressed.pdf\" target=\"_blank\">\n\t\t\t\t\t\t\t<img width=\"1254\" height=\"589\" src=\"\/ndesarrollo\/wp-content\/uploads\/2024\/06\/BOTONNUE2.jpg\" class=\"attachment-full size-full\" alt=\"\" loading=\"lazy\" srcset=\"\/ndesarrollo\/wp-content\/uploads\/2024\/06\/BOTONNUE2.jpg 1254w, \/ndesarrollo\/wp-content\/uploads\/2024\/06\/BOTONNUE2-300x141.jpg 300w, \/ndesarrollo\/wp-content\/uploads\/2024\/06\/BOTONNUE2-1024x481.jpg 1024w, \/ndesarrollo\/wp-content\/uploads\/2024\/06\/BOTONNUE2-768x361.jpg 768w\" sizes=\"(max-width: 1254px) 100vw, 1254px\" \/>\t\t\t\t\t\t\t\t<\/a>\n\t\t\t\t\t\t\t\t\t\t\t\t\t\t\t<\/div>\n\t\t\t\t<\/div>\n\t\t\t\t\t<\/div>\n\t\t<\/div>\n\t\t\t\t<div class=\"elementor-column elementor-col-25 elementor-top-column elementor-element elementor-element-ec6c907\" data-id=\"ec6c907\" data-element_type=\"column\">\n\t\t\t<div class=\"elementor-widget-wrap elementor-element-populated\">\n\t\t\t\t\t\t\t\t<div class=\"elementor-element elementor-element-cacd73a elementor-widget elementor-widget-image\" data-id=\"cacd73a\" data-element_type=\"widget\" data-widget_type=\"image.default\">\n\t\t\t\t<div class=\"elementor-widget-container\">\n\t\t\t\t\t\t\t\t\t\t\t\t\t\t\t\t<a href=\"https:\/\/www.medellin.gov.co\/ndesarrollo\/wp-content\/uploads\/2024\/07\/proyectos-acuerdo-07.pdf\" target=\"_blank\">\n\t\t\t\t\t\t\t<img width=\"589\" height=\"589\" src=\"\/ndesarrollo\/wp-content\/uploads\/2024\/06\/BOTONNUE1.jpg\" class=\"attachment-full size-full\" alt=\"\" loading=\"lazy\" srcset=\"\/ndesarrollo\/wp-content\/uploads\/2024\/06\/BOTONNUE1.jpg 589w, \/ndesarrollo\/wp-content\/uploads\/2024\/06\/BOTONNUE1-300x300.jpg 300w, \/ndesarrollo\/wp-content\/uploads\/2024\/06\/BOTONNUE1-150x150.jpg 150w\" sizes=\"(max-width: 589px) 100vw, 589px\" \/>\t\t\t\t\t\t\t\t<\/a>\n\t\t\t\t\t\t\t\t\t\t\t\t\t\t\t<\/div>\n\t\t\t\t<\/div>\n\t\t\t\t\t<\/div>\n\t\t<\/div>\n\t\t\t\t<div class=\"elementor-column elementor-col-25 elementor-top-column elementor-element elementor-element-4203bcc\" data-id=\"4203bcc\" data-element_type=\"column\">\n\t\t\t<div class=\"elementor-widget-wrap elementor-element-populated\">\n\t\t\t\t\t\t\t\t<div class=\"elementor-element elementor-element-f561c0f elementor-widget elementor-widget-image\" data-id=\"f561c0f\" data-element_type=\"widget\" data-widget_type=\"image.default\">\n\t\t\t\t<div class=\"elementor-widget-container\">\n\t\t\t\t\t\t\t\t\t\t\t\t\t\t\t\t<a href=\"\/ndesarrollo\/galeria-de-fotos-2024-pdd\/\">\n\t\t\t\t\t\t\t<img width=\"589\" height=\"589\" src=\"\/ndesarrollo\/wp-content\/uploads\/2024\/05\/boton4.jpg\" class=\"attachment-full size-full\" alt=\"\" loading=\"lazy\" srcset=\"\/ndesarrollo\/wp-content\/uploads\/2024\/05\/boton4.jpg 589w, \/ndesarrollo\/wp-content\/uploads\/2024\/05\/boton4-300x300.jpg 300w, \/ndesarrollo\/wp-content\/uploads\/2024\/05\/boton4-150x150.jpg 150w\" sizes=\"(max-width: 589px) 100vw, 589px\" \/>\t\t\t\t\t\t\t\t<\/a>\n\t\t\t\t\t\t\t\t\t\t\t\t\t\t\t<\/div>\n\t\t\t\t<\/div>\n\t\t\t\t\t<\/div>\n\t\t<\/div>\n\t\t\t\t\t\t\t<\/div>\n\t\t<\/section>\n\t\t\t\t\t\t<\/div>\n\t\t\t\t\t<\/div>\n\t\t","protected":false},"excerpt":{"rendered":"<p>El Plan de Desarrollo Distrital 2024-2027 \u201cMedell\u00edn te quiere\u201d, se construye desde una apuesta por el desarrollo integral de los habitantes del distrito; desde sus cinco pilares, busca que todos los habitantes de Medell\u00edn cuenten con las condiciones necesarias para una vida digna, reconoce la necesidad de fortalecer dimensiones que en los \u00faltimos a\u00f1os se &hellip;<\/p>\n<p class=\"read-more\"> <a class=\"\" href=\"\/ndesarrollo\/enfoques-del-plan-de-desarrollo\/\"> <span class=\"screen-reader-text\">ENFOQUES DEL PLAN DE DESARROLLO<\/span> Leer m\u00e1s &raquo;<\/a><\/p>\n","protected":false},"author":1,"featured_media":23563,"parent":0,"menu_order":0,"comment_status":"closed","ping_status":"closed","template":"","meta":{"_mi_skip_tracking":false,"site-sidebar-layout":"no-sidebar","site-content-layout":"page-builder","ast-main-header-display":"","ast-hfb-above-header-display":"","ast-hfb-below-header-display":"","ast-hfb-mobile-header-display":"","site-post-title":"disabled","ast-breadcrumbs-content":"","ast-featured-img":"disabled","footer-sml-layout":"","theme-transparent-header-meta":"default","adv-header-id-meta":"","stick-header-meta":"","header-above-stick-meta":"","header-main-stick-meta":"","header-below-stick-meta":""},"categories":[],"tags":[],"yoast_head":"<!-- This site is optimized with the Yoast SEO plugin v17.4 - https:\/\/yoast.com\/wordpress\/plugins\/seo\/ -->\n<title>ENFOQUES DEL PLAN DE DESARROLLO - Nuestro Desarrollo<\/title>\n<meta name=\"robots\" content=\"index, follow, max-snippet:-1, max-image-preview:large, max-video-preview:-1\" \/>\n<link rel=\"canonical\" href=\"\/ndesarrollo\/enfoques-del-plan-de-desarrollo\/\" \/>\n<meta property=\"og:locale\" content=\"es_ES\" \/>\n<meta property=\"og:type\" content=\"article\" \/>\n<meta property=\"og:title\" content=\"ENFOQUES DEL PLAN DE DESARROLLO - Nuestro Desarrollo\" \/>\n<meta property=\"og:description\" content=\"El Plan de Desarrollo Distrital 2024-2027 \u201cMedell\u00edn te quiere\u201d, se construye desde una apuesta por el desarrollo integral de los habitantes del distrito; desde sus cinco pilares, busca que todos los habitantes de Medell\u00edn cuenten con las condiciones necesarias para una vida digna, reconoce la necesidad de fortalecer dimensiones que en los \u00faltimos a\u00f1os se &hellip; ENFOQUES DEL PLAN DE DESARROLLO Leer m\u00e1s &raquo;\" \/>\n<meta property=\"og:url\" content=\"\/ndesarrollo\/enfoques-del-plan-de-desarrollo\/\" \/>\n<meta property=\"og:site_name\" content=\"Nuestro Desarrollo\" \/>\n<meta property=\"article:publisher\" content=\"https:\/\/www.facebook.com\/AlcaldiadeMed\" \/>\n<meta property=\"article:modified_time\" content=\"2024-07-31T15:15:45+00:00\" \/>\n<meta property=\"og:image\" content=\"\/ndesarrollo\/wp-content\/uploads\/2024\/05\/banner_2_1200x480.jpg\" \/>\n\t<meta property=\"og:image:width\" content=\"1200\" \/>\n\t<meta property=\"og:image:height\" content=\"480\" \/>\n<meta name=\"twitter:card\" content=\"summary_large_image\" \/>\n<meta name=\"twitter:site\" content=\"@AlcaldiadeMed\" \/>\n<meta name=\"twitter:label1\" content=\"Tiempo de lectura\" \/>\n\t<meta name=\"twitter:data1\" content=\"2 minutos\" \/>\n<script type=\"application\/ld+json\" class=\"yoast-schema-graph\">{\"@context\":\"https:\/\/schema.org\",\"@graph\":[{\"@type\":\"Organization\",\"@id\":\"\/ndesarrollo\/#organization\",\"name\":\"Alcald\\u00eda de Medell\\u00edn\",\"url\":\"\/ndesarrollo\/\",\"sameAs\":[\"https:\/\/www.facebook.com\/AlcaldiadeMed\",\"https:\/\/www.instagram.com\/alcaldiademed\/\",\"https:\/\/www.linkedin.com\/company\/alcaldiademedellin\",\"https:\/\/www.youtube.com\/channel\/UCAFLU70jPz4bODq_5BSWPIg\",\"https:\/\/twitter.com\/AlcaldiadeMed\"],\"logo\":{\"@type\":\"ImageObject\",\"@id\":\"\/ndesarrollo\/#logo\",\"inLanguage\":\"es\",\"url\":\"http:\/\/10.1.222.218\/ndesarrollo\/wp-content\/uploads\/2021\/11\/EscudoIcon.png\",\"contentUrl\":\"http:\/\/10.1.222.218\/ndesarrollo\/wp-content\/uploads\/2021\/11\/EscudoIcon.png\",\"width\":32,\"height\":32,\"caption\":\"Alcald\\u00eda de Medell\\u00edn\"},\"image\":{\"@id\":\"\/ndesarrollo\/#logo\"}},{\"@type\":\"WebSite\",\"@id\":\"\/ndesarrollo\/#website\",\"url\":\"\/ndesarrollo\/\",\"name\":\"Nuestro Desarrollo\",\"description\":\"Nuestro Desarrollo es una plataforma de Planeaci\\u00f3n del Desarrollo Local y Presupuesto Participativo\",\"publisher\":{\"@id\":\"\/ndesarrollo\/#organization\"},\"potentialAction\":[{\"@type\":\"SearchAction\",\"target\":{\"@type\":\"EntryPoint\",\"urlTemplate\":\"\/ndesarrollo\/?s={search_term_string}\"},\"query-input\":\"required name=search_term_string\"}],\"inLanguage\":\"es\"},{\"@type\":\"ImageObject\",\"@id\":\"\/ndesarrollo\/enfoques-del-plan-de-desarrollo\/#primaryimage\",\"inLanguage\":\"es\",\"url\":\"\/ndesarrollo\/wp-content\/uploads\/2024\/05\/banner_2_1200x480.jpg\",\"contentUrl\":\"\/ndesarrollo\/wp-content\/uploads\/2024\/05\/banner_2_1200x480.jpg\",\"width\":1200,\"height\":480},{\"@type\":\"WebPage\",\"@id\":\"\/ndesarrollo\/enfoques-del-plan-de-desarrollo\/#webpage\",\"url\":\"\/ndesarrollo\/enfoques-del-plan-de-desarrollo\/\",\"name\":\"ENFOQUES DEL PLAN DE DESARROLLO - Nuestro Desarrollo\",\"isPartOf\":{\"@id\":\"\/ndesarrollo\/#website\"},\"primaryImageOfPage\":{\"@id\":\"\/ndesarrollo\/enfoques-del-plan-de-desarrollo\/#primaryimage\"},\"datePublished\":\"2024-05-26T17:52:10+00:00\",\"dateModified\":\"2024-07-31T15:15:45+00:00\",\"breadcrumb\":{\"@id\":\"\/ndesarrollo\/enfoques-del-plan-de-desarrollo\/#breadcrumb\"},\"inLanguage\":\"es\",\"potentialAction\":[{\"@type\":\"ReadAction\",\"target\":[\"\/ndesarrollo\/enfoques-del-plan-de-desarrollo\/\"]}]},{\"@type\":\"BreadcrumbList\",\"@id\":\"\/ndesarrollo\/enfoques-del-plan-de-desarrollo\/#breadcrumb\",\"itemListElement\":[{\"@type\":\"ListItem\",\"position\":1,\"name\":\"Portada\",\"item\":\"\/ndesarrollo\/\"},{\"@type\":\"ListItem\",\"position\":2,\"name\":\"ENFOQUES DEL PLAN DE DESARROLLO\"}]}]}<\/script>\n<!-- \/ Yoast SEO plugin. -->","yoast_head_json":{"title":"ENFOQUES DEL PLAN DE DESARROLLO - Nuestro Desarrollo","robots":{"index":"index","follow":"follow","max-snippet":"max-snippet:-1","max-image-preview":"max-image-preview:large","max-video-preview":"max-video-preview:-1"},"canonical":"\/ndesarrollo\/enfoques-del-plan-de-desarrollo\/","og_locale":"es_ES","og_type":"article","og_title":"ENFOQUES DEL PLAN DE DESARROLLO - Nuestro Desarrollo","og_description":"El Plan de Desarrollo Distrital 2024-2027 \u201cMedell\u00edn te quiere\u201d, se construye desde una apuesta por el desarrollo integral de los habitantes del distrito; desde sus cinco pilares, busca que todos los habitantes de Medell\u00edn cuenten con las condiciones necesarias para una vida digna, reconoce la necesidad de fortalecer dimensiones que en los \u00faltimos a\u00f1os se &hellip; ENFOQUES DEL PLAN DE DESARROLLO Leer m\u00e1s &raquo;","og_url":"\/ndesarrollo\/enfoques-del-plan-de-desarrollo\/","og_site_name":"Nuestro Desarrollo","article_publisher":"https:\/\/www.facebook.com\/AlcaldiadeMed","article_modified_time":"2024-07-31T15:15:45+00:00","og_image":[{"width":1200,"height":480,"url":"\/ndesarrollo\/wp-content\/uploads\/2024\/05\/banner_2_1200x480.jpg","type":"image\/jpeg"}],"twitter_card":"summary_large_image","twitter_site":"@AlcaldiadeMed","twitter_misc":{"Tiempo de lectura":"2 minutos"},"schema":{"@context":"https:\/\/schema.org","@graph":[{"@type":"Organization","@id":"\/ndesarrollo\/#organization","name":"Alcald\u00eda de Medell\u00edn","url":"\/ndesarrollo\/","sameAs":["https:\/\/www.facebook.com\/AlcaldiadeMed","https:\/\/www.instagram.com\/alcaldiademed\/","https:\/\/www.linkedin.com\/company\/alcaldiademedellin","https:\/\/www.youtube.com\/channel\/UCAFLU70jPz4bODq_5BSWPIg","https:\/\/twitter.com\/AlcaldiadeMed"],"logo":{"@type":"ImageObject","@id":"\/ndesarrollo\/#logo","inLanguage":"es","url":"http:\/\/10.1.222.218\/ndesarrollo\/wp-content\/uploads\/2021\/11\/EscudoIcon.png","contentUrl":"http:\/\/10.1.222.218\/ndesarrollo\/wp-content\/uploads\/2021\/11\/EscudoIcon.png","width":32,"height":32,"caption":"Alcald\u00eda de Medell\u00edn"},"image":{"@id":"\/ndesarrollo\/#logo"}},{"@type":"WebSite","@id":"\/ndesarrollo\/#website","url":"\/ndesarrollo\/","name":"Nuestro Desarrollo","description":"Nuestro Desarrollo es una plataforma de Planeaci\u00f3n del Desarrollo Local y Presupuesto Participativo","publisher":{"@id":"\/ndesarrollo\/#organization"},"potentialAction":[{"@type":"SearchAction","target":{"@type":"EntryPoint","urlTemplate":"\/ndesarrollo\/?s={search_term_string}"},"query-input":"required name=search_term_string"}],"inLanguage":"es"},{"@type":"ImageObject","@id":"\/ndesarrollo\/enfoques-del-plan-de-desarrollo\/#primaryimage","inLanguage":"es","url":"\/ndesarrollo\/wp-content\/uploads\/2024\/05\/banner_2_1200x480.jpg","contentUrl":"\/ndesarrollo\/wp-content\/uploads\/2024\/05\/banner_2_1200x480.jpg","width":1200,"height":480},{"@type":"WebPage","@id":"\/ndesarrollo\/enfoques-del-plan-de-desarrollo\/#webpage","url":"\/ndesarrollo\/enfoques-del-plan-de-desarrollo\/","name":"ENFOQUES DEL PLAN DE DESARROLLO - Nuestro Desarrollo","isPartOf":{"@id":"\/ndesarrollo\/#website"},"primaryImageOfPage":{"@id":"\/ndesarrollo\/enfoques-del-plan-de-desarrollo\/#primaryimage"},"datePublished":"2024-05-26T17:52:10+00:00","dateModified":"2024-07-31T15:15:45+00:00","breadcrumb":{"@id":"\/ndesarrollo\/enfoques-del-plan-de-desarrollo\/#breadcrumb"},"inLanguage":"es","potentialAction":[{"@type":"ReadAction","target":["\/ndesarrollo\/enfoques-del-plan-de-desarrollo\/"]}]},{"@type":"BreadcrumbList","@id":"\/ndesarrollo\/enfoques-del-plan-de-desarrollo\/#breadcrumb","itemListElement":[{"@type":"ListItem","position":1,"name":"Portada","item":"\/ndesarrollo\/"},{"@type":"ListItem","position":2,"name":"ENFOQUES DEL PLAN DE DESARROLLO"}]}]}},"_links":{"self":[{"href":"\/ndesarrollo\/wp-json\/wp\/v2\/pages\/23662"}],"collection":[{"href":"\/ndesarrollo\/wp-json\/wp\/v2\/pages"}],"about":[{"href":"\/ndesarrollo\/wp-json\/wp\/v2\/types\/page"}],"author":[{"embeddable":true,"href":"\/ndesarrollo\/wp-json\/wp\/v2\/users\/1"}],"replies":[{"embeddable":true,"href":"\/ndesarrollo\/wp-json\/wp\/v2\/comments?post=23662"}],"version-history":[{"count":18,"href":"\/ndesarrollo\/wp-json\/wp\/v2\/pages\/23662\/revisions"}],"predecessor-version":[{"id":24207,"href":"\/ndesarrollo\/wp-json\/wp\/v2\/pages\/23662\/revisions\/24207"}],"wp:featuredmedia":[{"embeddable":true,"href":"\/ndesarrollo\/wp-json\/wp\/v2\/media\/23563"}],"wp:attachment":[{"href":"\/ndesarrollo\/wp-json\/wp\/v2\/media?parent=23662"}],"wp:term":[{"taxonomy":"category","embeddable":true,"href":"\/ndesarrollo\/wp-json\/wp\/v2\/categories?post=23662"},{"taxonomy":"post_tag","embeddable":true,"href":"\/ndesarrollo\/wp-json\/wp\/v2\/tags?post=23662"}],"curies":[{"name":"wp","href":"https:\/\/api.w.org\/{rel}","templated":true}]}}