{"id":555,"date":"2021-07-31T05:58:16","date_gmt":"2021-07-31T05:58:16","guid":{"rendered":"http:\/\/10.1.222.218\/ndesarrollo\/?page_id=555"},"modified":"2023-07-25T17:24:41","modified_gmt":"2023-07-25T17:24:41","slug":"planeacion-del-desarrollo-local","status":"publish","type":"page","link":"\/ndesarrollo\/planeacion-del-desarrollo-local\/","title":{"rendered":"Planeaci\u00f3n del Desarrollo Local"},"content":{"rendered":"\t\t<div data-elementor-type=\"wp-page\" data-elementor-id=\"555\" class=\"elementor elementor-555\" data-elementor-settings=\"[]\">\n\t\t\t\t\t\t\t<div class=\"elementor-section-wrap\">\n\t\t\t\t\t\t\t<section data-particle_enable=\"false\" data-particle-mobile-disabled=\"false\" class=\"elementor-section elementor-top-section elementor-element elementor-element-7e2a353 elementor-section-full_width elementor-section-height-default elementor-section-height-default\" data-id=\"7e2a353\" data-element_type=\"section\">\n\t\t\t\t\t\t<div class=\"elementor-container elementor-column-gap-no\">\n\t\t\t\t\t<div class=\"elementor-column elementor-col-100 elementor-top-column elementor-element elementor-element-20f6ed3\" data-id=\"20f6ed3\" data-element_type=\"column\">\n\t\t\t<div class=\"elementor-widget-wrap elementor-element-populated\">\n\t\t\t\t\t\t\t\t<div class=\"elementor-element elementor-element-b0ca673 elementor-widget elementor-widget-image\" data-id=\"b0ca673\" data-element_type=\"widget\" data-widget_type=\"image.default\">\n\t\t\t\t<div class=\"elementor-widget-container\">\n\t\t\t\t\t\t\t\t\t\t\t\t\t\t\t\t<a href=\"\/ndesarrollo\/wp-content\/uploads\/2022\/07\/Planes-del-desarrollo-local-50.jpg\" data-elementor-open-lightbox=\"yes\" data-elementor-lightbox-title=\"Planes del desarrollo local-50\">\n\t\t\t\t\t\t\t<img width=\"1982\" height=\"290\" src=\"\/ndesarrollo\/wp-content\/uploads\/2022\/07\/Planes-del-desarrollo-local-50.jpg\" class=\"attachment-full size-full\" alt=\"\" loading=\"lazy\" srcset=\"\/ndesarrollo\/wp-content\/uploads\/2022\/07\/Planes-del-desarrollo-local-50.jpg 1982w, \/ndesarrollo\/wp-content\/uploads\/2022\/07\/Planes-del-desarrollo-local-50-300x44.jpg 300w, \/ndesarrollo\/wp-content\/uploads\/2022\/07\/Planes-del-desarrollo-local-50-1024x150.jpg 1024w, \/ndesarrollo\/wp-content\/uploads\/2022\/07\/Planes-del-desarrollo-local-50-768x112.jpg 768w, \/ndesarrollo\/wp-content\/uploads\/2022\/07\/Planes-del-desarrollo-local-50-1536x225.jpg 1536w\" sizes=\"(max-width: 1982px) 100vw, 1982px\" \/>\t\t\t\t\t\t\t\t<\/a>\n\t\t\t\t\t\t\t\t\t\t\t\t\t\t\t<\/div>\n\t\t\t\t<\/div>\n\t\t\t\t\t<\/div>\n\t\t<\/div>\n\t\t\t\t\t\t\t<\/div>\n\t\t<\/section>\n\t\t\t\t<section data-particle_enable=\"false\" data-particle-mobile-disabled=\"false\" class=\"elementor-section elementor-top-section elementor-element elementor-element-30f1b9c elementor-section-boxed elementor-section-height-default elementor-section-height-default\" data-id=\"30f1b9c\" data-element_type=\"section\">\n\t\t\t\t\t\t<div class=\"elementor-container elementor-column-gap-default\">\n\t\t\t\t\t<div class=\"elementor-column elementor-col-100 elementor-top-column elementor-element elementor-element-ecde62b\" data-id=\"ecde62b\" data-element_type=\"column\">\n\t\t\t<div class=\"elementor-widget-wrap elementor-element-populated\">\n\t\t\t\t\t\t\t\t<section data-particle_enable=\"false\" data-particle-mobile-disabled=\"false\" class=\"elementor-section elementor-inner-section elementor-element elementor-element-d1d4361 elementor-section-boxed elementor-section-height-default elementor-section-height-default\" data-id=\"d1d4361\" data-element_type=\"section\">\n\t\t\t\t\t\t<div class=\"elementor-container elementor-column-gap-default\">\n\t\t\t\t\t<div class=\"elementor-column elementor-col-100 elementor-inner-column elementor-element elementor-element-86f73b7\" data-id=\"86f73b7\" data-element_type=\"column\">\n\t\t\t<div class=\"elementor-widget-wrap elementor-element-populated\">\n\t\t\t\t\t\t\t\t<div class=\"elementor-element elementor-element-81e6099 elementor-widget elementor-widget-image\" data-id=\"81e6099\" data-element_type=\"widget\" data-widget_type=\"image.default\">\n\t\t\t\t<div class=\"elementor-widget-container\">\n\t\t\t\t\t\t\t\t\t\t\t\t\t\t\t<img width=\"1561\" height=\"1080\" src=\"\/ndesarrollo\/wp-content\/uploads\/2022\/06\/Planeacion-del-desarrollo-local.jpg\" class=\"attachment-full size-full\" alt=\"\" loading=\"lazy\" srcset=\"\/ndesarrollo\/wp-content\/uploads\/2022\/06\/Planeacion-del-desarrollo-local.jpg 1561w, \/ndesarrollo\/wp-content\/uploads\/2022\/06\/Planeacion-del-desarrollo-local-300x208.jpg 300w, \/ndesarrollo\/wp-content\/uploads\/2022\/06\/Planeacion-del-desarrollo-local-1024x708.jpg 1024w, \/ndesarrollo\/wp-content\/uploads\/2022\/06\/Planeacion-del-desarrollo-local-768x531.jpg 768w, \/ndesarrollo\/wp-content\/uploads\/2022\/06\/Planeacion-del-desarrollo-local-1536x1063.jpg 1536w\" sizes=\"(max-width: 1561px) 100vw, 1561px\" \/>\t\t\t\t\t\t\t\t\t\t\t\t\t\t\t<\/div>\n\t\t\t\t<\/div>\n\t\t\t\t<div class=\"elementor-element elementor-element-6c939b76 elementor-widget elementor-widget-text-editor\" data-id=\"6c939b76\" data-element_type=\"widget\" data-widget_type=\"text-editor.default\">\n\t\t\t\t<div class=\"elementor-widget-container\">\n\t\t\t\t\t\t\t<p><strong>\u00bfQu\u00e9 es planeaci\u00f3n local?<\/strong><\/p><p>Proceso t\u00e9cnico, pol\u00edtico, permanente y sistem\u00e1tico de deliberaci\u00f3n, definici\u00f3n de acuerdos y compromisos entre actores del territorio y el Estado, cuyo prop\u00f3sito es el desarrollo integral de la comuna y el corregimiento.<\/p>\t\t\t\t\t\t<\/div>\n\t\t\t\t<\/div>\n\t\t\t\t\t<\/div>\n\t\t<\/div>\n\t\t\t\t\t\t\t<\/div>\n\t\t<\/section>\n\t\t\t\t\t<\/div>\n\t\t<\/div>\n\t\t\t\t\t\t\t<\/div>\n\t\t<\/section>\n\t\t\t\t<section data-particle_enable=\"false\" data-particle-mobile-disabled=\"false\" class=\"elementor-section elementor-top-section elementor-element elementor-element-fa40d70 elementor-section-boxed elementor-section-height-default elementor-section-height-default\" data-id=\"fa40d70\" data-element_type=\"section\">\n\t\t\t\t\t\t<div class=\"elementor-container elementor-column-gap-default\">\n\t\t\t\t\t<div class=\"elementor-column elementor-col-100 elementor-top-column elementor-element elementor-element-ada0eb1\" data-id=\"ada0eb1\" data-element_type=\"column\">\n\t\t\t<div class=\"elementor-widget-wrap elementor-element-populated\">\n\t\t\t\t\t\t\t\t<section data-particle_enable=\"false\" data-particle-mobile-disabled=\"false\" class=\"elementor-section elementor-inner-section elementor-element elementor-element-21405ae elementor-section-boxed elementor-section-height-default elementor-section-height-default\" data-id=\"21405ae\" data-element_type=\"section\">\n\t\t\t\t\t\t<div class=\"elementor-container elementor-column-gap-default\">\n\t\t\t\t\t<div class=\"elementor-column elementor-col-50 elementor-inner-column elementor-element elementor-element-164e653\" data-id=\"164e653\" data-element_type=\"column\">\n\t\t\t<div class=\"elementor-widget-wrap elementor-element-populated\">\n\t\t\t\t\t\t\t\t<div id=\"eael-section-tooltip-d32aa1c\" class=\"eael-section-tooltip elementor-element elementor-element-d32aa1c elementor-widget elementor-widget-eael-interactive-promo\" data-id=\"d32aa1c\" data-element_type=\"widget\" data-settings=\"{&quot;eael_tooltip_section_content&quot;:&quot;Planes de Desarrollo Local&quot;,&quot;eael_tooltip_section_animation&quot;:&quot;fade&quot;,&quot;eael_tooltip_section_arrow_type&quot;:&quot;round&quot;,&quot;eael_tooltip_section_size&quot;:&quot;large&quot;,&quot;motion_fx_motion_fx_mouse&quot;:&quot;yes&quot;,&quot;eael_tooltip_section_position&quot;:&quot;top&quot;,&quot;eael_tooltip_section_arrow&quot;:true,&quot;eael_tooltip_section_trigger&quot;:&quot;mouseenter&quot;,&quot;eael_tooltip_section_duration&quot;:300,&quot;eael_tooltip_section_delay&quot;:400}\" data-widget_type=\"eael-interactive-promo.default\">\n\t\t\n            <script>\n                jQuery(window).on('elementor\/frontend\/init', function() {\n                    var $currentTooltip = '#eael-section-tooltip-d32aa1c';\n\n                    tippy($currentTooltip, {\n                        content: 'Planes de Desarrollo Local',\n                        placement: 'top',\n                        animation: 'fade',\n                        arrow: '1',\n                        arrowType: 'round',\n                        duration: '300',\n                        distance: '10',\n                        delay: '400',\n                        size: 'large',\n                        trigger: 'mouseenter',\n                        animateFill: false,\n                        flipOnUpdate: true,\n                        interactive: true,\n                        maxWidth: 350,\n                        zIndex: 999,\n                        onShow(instance) {\n                            var tippyPopper = instance.popper;\n                            jQuery(tippyPopper).attr('data-tippy-popper-id', 'd32aa1c');\n                        }\n                    });\n                });\n            <\/script>\n        \t\t<div class=\"elementor-widget-container\">\n\t\t\t        <div id=\"eael-promo-d32aa1c\" class=\"eael-interactive-promo\">\n            <figure class=\"effect-sadie\">\n                <img alt=\"\" src=\"\/ndesarrollo\/wp-content\/uploads\/2022\/06\/Planes-de-Desarrollo-Locall.jpg\">                <figcaption>\n                    <div>\n                        \n                        <p><p style=\"text-align: center;\">En esta secci\u00f3n podr\u00e1s conocer acerca de los Planes de Desarrollo Local.<\/p><\/p>\n                    <\/div>\n                                            <a href=\"\/ndesarrollo\/?page_id=891\" target=\"yes\"><\/a>\n                                    <\/figcaption>\n            <\/figure>\n        <\/div>\n\t\t<\/div>\n\t\t\t\t<\/div>\n\t\t\t\t\t<\/div>\n\t\t<\/div>\n\t\t\t\t<div class=\"elementor-column elementor-col-50 elementor-inner-column elementor-element elementor-element-0080bb8\" data-id=\"0080bb8\" data-element_type=\"column\">\n\t\t\t<div class=\"elementor-widget-wrap elementor-element-populated\">\n\t\t\t\t\t\t\t\t<div id=\"eael-section-tooltip-4208592\" class=\"eael-section-tooltip elementor-element elementor-element-4208592 elementor-widget elementor-widget-eael-interactive-promo\" data-id=\"4208592\" data-element_type=\"widget\" data-settings=\"{&quot;eael_tooltip_section_content&quot;:&quot;Programas de Ejecuci\\u00f3n&quot;,&quot;eael_tooltip_section_animation&quot;:&quot;fade&quot;,&quot;eael_tooltip_section_arrow_type&quot;:&quot;round&quot;,&quot;eael_tooltip_section_size&quot;:&quot;large&quot;,&quot;motion_fx_motion_fx_mouse&quot;:&quot;yes&quot;,&quot;eael_tooltip_section_position&quot;:&quot;top&quot;,&quot;eael_tooltip_section_arrow&quot;:true,&quot;eael_tooltip_section_trigger&quot;:&quot;mouseenter&quot;,&quot;eael_tooltip_section_duration&quot;:300,&quot;eael_tooltip_section_delay&quot;:400}\" data-widget_type=\"eael-interactive-promo.default\">\n\t\t\n            <script>\n                jQuery(window).on('elementor\/frontend\/init', function() {\n                    var $currentTooltip = '#eael-section-tooltip-4208592';\n\n                    tippy($currentTooltip, {\n                        content: 'Programas de Ejecuci\u00f3n',\n                        placement: 'top',\n                        animation: 'fade',\n                        arrow: '1',\n                        arrowType: 'round',\n                        duration: '300',\n                        distance: '10',\n                        delay: '400',\n                        size: 'large',\n                        trigger: 'mouseenter',\n                        animateFill: false,\n                        flipOnUpdate: true,\n                        interactive: true,\n                        maxWidth: 350,\n                        zIndex: 999,\n                        onShow(instance) {\n                            var tippyPopper = instance.popper;\n                            jQuery(tippyPopper).attr('data-tippy-popper-id', '4208592');\n                        }\n                    });\n                });\n            <\/script>\n        \t\t<div class=\"elementor-widget-container\">\n\t\t\t        <div id=\"eael-promo-4208592\" class=\"eael-interactive-promo\">\n            <figure class=\"effect-sadie\">\n                <img alt=\"\" src=\"\/ndesarrollo\/wp-content\/uploads\/2022\/06\/Programas-de-Ejecucion.jpg\">                <figcaption>\n                    <div>\n                        \n                        <p><p style=\"text-align: center;\">Aqu\u00ed puedes encontrar la actualizaci\u00f3n del plan de Desarrollo de la comuna.<\/p><\/p>\n                    <\/div>\n                                            <a href=\"https:\/\/www.medellin.gov.co\/ndesarrollo\/wp-content\/reactPages\/PlaneacionLocalPE.html\" target=\"yes\"><\/a>\n                                    <\/figcaption>\n            <\/figure>\n        <\/div>\n\t\t<\/div>\n\t\t\t\t<\/div>\n\t\t\t\t\t<\/div>\n\t\t<\/div>\n\t\t\t\t\t\t\t<\/div>\n\t\t<\/section>\n\t\t\t\t\t<\/div>\n\t\t<\/div>\n\t\t\t\t\t\t\t<\/div>\n\t\t<\/section>\n\t\t\t\t<section data-particle_enable=\"false\" data-particle-mobile-disabled=\"false\" class=\"elementor-section elementor-top-section elementor-element elementor-element-295e9f88 elementor-section-boxed elementor-section-height-default elementor-section-height-default\" data-id=\"295e9f88\" data-element_type=\"section\">\n\t\t\t\t\t\t<div class=\"elementor-container elementor-column-gap-no\">\n\t\t\t\t\t<div class=\"elementor-column elementor-col-100 elementor-top-column elementor-element elementor-element-28efeff6\" data-id=\"28efeff6\" data-element_type=\"column\">\n\t\t\t<div class=\"elementor-widget-wrap elementor-element-populated\">\n\t\t\t\t\t\t\t\t<div class=\"elementor-element elementor-element-360e68b3 elementor-widget elementor-widget-image\" data-id=\"360e68b3\" data-element_type=\"widget\" data-widget_type=\"image.default\">\n\t\t\t\t<div class=\"elementor-widget-container\">\n\t\t\t\t\t\t\t\t\t\t\t\t\t\t\t<img width=\"1920\" height=\"214\" src=\"\/ndesarrollo\/wp-content\/uploads\/2021\/07\/SeparadorV2.png\" class=\"attachment-full size-full\" alt=\"\" loading=\"lazy\" \/>\t\t\t\t\t\t\t\t\t\t\t\t\t\t\t<\/div>\n\t\t\t\t<\/div>\n\t\t\t\t\t<\/div>\n\t\t<\/div>\n\t\t\t\t\t\t\t<\/div>\n\t\t<\/section>\n\t\t\t\t\t\t<\/div>\n\t\t\t\t\t<\/div>\n\t\t","protected":false},"excerpt":{"rendered":"<p>\u00bfQu\u00e9 es planeaci\u00f3n local? Proceso t\u00e9cnico, pol\u00edtico, permanente y sistem\u00e1tico de deliberaci\u00f3n, definici\u00f3n de acuerdos y compromisos entre actores del territorio y el Estado, cuyo prop\u00f3sito es el desarrollo integral de la comuna y el corregimiento. En esta secci\u00f3n podr\u00e1s conocer acerca de los Planes de Desarrollo Local. Aqu\u00ed puedes encontrar la actualizaci\u00f3n del plan &hellip;<\/p>\n<p class=\"read-more\"> <a class=\"\" href=\"\/ndesarrollo\/planeacion-del-desarrollo-local\/\"> <span class=\"screen-reader-text\">Planeaci\u00f3n del Desarrollo Local<\/span> Leer m\u00e1s &raquo;<\/a><\/p>\n","protected":false},"author":1,"featured_media":0,"parent":0,"menu_order":0,"comment_status":"closed","ping_status":"closed","template":"","meta":{"_mi_skip_tracking":false,"site-sidebar-layout":"no-sidebar","site-content-layout":"page-builder","ast-main-header-display":"","ast-hfb-above-header-display":"","ast-hfb-below-header-display":"","ast-hfb-mobile-header-display":"","site-post-title":"disabled","ast-breadcrumbs-content":"","ast-featured-img":"disabled","footer-sml-layout":"","theme-transparent-header-meta":"default","adv-header-id-meta":"","stick-header-meta":"","header-above-stick-meta":"","header-main-stick-meta":"","header-below-stick-meta":""},"categories":[88],"tags":[],"yoast_head":"<!-- This site is optimized with the Yoast SEO plugin v17.4 - https:\/\/yoast.com\/wordpress\/plugins\/seo\/ -->\n<title>Planeaci\u00f3n del Desarrollo Local - Nuestro Desarrollo<\/title>\n<meta name=\"robots\" content=\"index, follow, max-snippet:-1, max-image-preview:large, max-video-preview:-1\" \/>\n<link rel=\"canonical\" href=\"\/ndesarrollo\/planeacion-del-desarrollo-local\/\" \/>\n<meta property=\"og:locale\" content=\"es_ES\" \/>\n<meta property=\"og:type\" content=\"article\" \/>\n<meta property=\"og:title\" content=\"Planeaci\u00f3n del Desarrollo Local - Nuestro Desarrollo\" \/>\n<meta property=\"og:description\" content=\"\u00bfQu\u00e9 es planeaci\u00f3n local? Proceso t\u00e9cnico, pol\u00edtico, permanente y sistem\u00e1tico de deliberaci\u00f3n, definici\u00f3n de acuerdos y compromisos entre actores del territorio y el Estado, cuyo prop\u00f3sito es el desarrollo integral de la comuna y el corregimiento. En esta secci\u00f3n podr\u00e1s conocer acerca de los Planes de Desarrollo Local. Aqu\u00ed puedes encontrar la actualizaci\u00f3n del plan &hellip; Planeaci\u00f3n del Desarrollo Local Leer m\u00e1s &raquo;\" \/>\n<meta property=\"og:url\" content=\"\/ndesarrollo\/planeacion-del-desarrollo-local\/\" \/>\n<meta property=\"og:site_name\" content=\"Nuestro Desarrollo\" \/>\n<meta property=\"article:publisher\" content=\"https:\/\/www.facebook.com\/AlcaldiadeMed\" \/>\n<meta property=\"article:modified_time\" content=\"2023-07-25T17:24:41+00:00\" \/>\n<meta property=\"og:image\" content=\"\/ndesarrollo\/wp-content\/uploads\/2022\/07\/Planes-del-desarrollo-local-50.jpg\" \/>\n<meta name=\"twitter:card\" content=\"summary_large_image\" \/>\n<meta name=\"twitter:site\" content=\"@AlcaldiadeMed\" \/>\n<meta name=\"twitter:label1\" content=\"Tiempo de lectura\" \/>\n\t<meta name=\"twitter:data1\" content=\"2 minutos\" \/>\n<script type=\"application\/ld+json\" class=\"yoast-schema-graph\">{\"@context\":\"https:\/\/schema.org\",\"@graph\":[{\"@type\":\"Organization\",\"@id\":\"\/ndesarrollo\/#organization\",\"name\":\"Alcald\\u00eda de Medell\\u00edn\",\"url\":\"\/ndesarrollo\/\",\"sameAs\":[\"https:\/\/www.facebook.com\/AlcaldiadeMed\",\"https:\/\/www.instagram.com\/alcaldiademed\/\",\"https:\/\/www.linkedin.com\/company\/alcaldiademedellin\",\"https:\/\/www.youtube.com\/channel\/UCAFLU70jPz4bODq_5BSWPIg\",\"https:\/\/twitter.com\/AlcaldiadeMed\"],\"logo\":{\"@type\":\"ImageObject\",\"@id\":\"\/ndesarrollo\/#logo\",\"inLanguage\":\"es\",\"url\":\"http:\/\/10.1.222.218\/ndesarrollo\/wp-content\/uploads\/2021\/11\/EscudoIcon.png\",\"contentUrl\":\"http:\/\/10.1.222.218\/ndesarrollo\/wp-content\/uploads\/2021\/11\/EscudoIcon.png\",\"width\":32,\"height\":32,\"caption\":\"Alcald\\u00eda de Medell\\u00edn\"},\"image\":{\"@id\":\"\/ndesarrollo\/#logo\"}},{\"@type\":\"WebSite\",\"@id\":\"\/ndesarrollo\/#website\",\"url\":\"\/ndesarrollo\/\",\"name\":\"Nuestro Desarrollo\",\"description\":\"Nuestro Desarrollo es una plataforma de Planeaci\\u00f3n del Desarrollo Local y Presupuesto Participativo\",\"publisher\":{\"@id\":\"\/ndesarrollo\/#organization\"},\"potentialAction\":[{\"@type\":\"SearchAction\",\"target\":{\"@type\":\"EntryPoint\",\"urlTemplate\":\"\/ndesarrollo\/?s={search_term_string}\"},\"query-input\":\"required name=search_term_string\"}],\"inLanguage\":\"es\"},{\"@type\":\"ImageObject\",\"@id\":\"\/ndesarrollo\/planeacion-del-desarrollo-local\/#primaryimage\",\"inLanguage\":\"es\",\"url\":\"\/ndesarrollo\/wp-content\/uploads\/2022\/07\/Planes-del-desarrollo-local-50.jpg\",\"contentUrl\":\"\/ndesarrollo\/wp-content\/uploads\/2022\/07\/Planes-del-desarrollo-local-50.jpg\",\"width\":1982,\"height\":290},{\"@type\":\"WebPage\",\"@id\":\"\/ndesarrollo\/planeacion-del-desarrollo-local\/#webpage\",\"url\":\"\/ndesarrollo\/planeacion-del-desarrollo-local\/\",\"name\":\"Planeaci\\u00f3n del Desarrollo Local - Nuestro Desarrollo\",\"isPartOf\":{\"@id\":\"\/ndesarrollo\/#website\"},\"primaryImageOfPage\":{\"@id\":\"\/ndesarrollo\/planeacion-del-desarrollo-local\/#primaryimage\"},\"datePublished\":\"2021-07-31T05:58:16+00:00\",\"dateModified\":\"2023-07-25T17:24:41+00:00\",\"breadcrumb\":{\"@id\":\"\/ndesarrollo\/planeacion-del-desarrollo-local\/#breadcrumb\"},\"inLanguage\":\"es\",\"potentialAction\":[{\"@type\":\"ReadAction\",\"target\":[\"\/ndesarrollo\/planeacion-del-desarrollo-local\/\"]}]},{\"@type\":\"BreadcrumbList\",\"@id\":\"\/ndesarrollo\/planeacion-del-desarrollo-local\/#breadcrumb\",\"itemListElement\":[{\"@type\":\"ListItem\",\"position\":1,\"name\":\"Portada\",\"item\":\"\/ndesarrollo\/\"},{\"@type\":\"ListItem\",\"position\":2,\"name\":\"Planeaci\\u00f3n del Desarrollo Local\"}]}]}<\/script>\n<!-- \/ Yoast SEO plugin. -->","yoast_head_json":{"title":"Planeaci\u00f3n del Desarrollo Local - Nuestro Desarrollo","robots":{"index":"index","follow":"follow","max-snippet":"max-snippet:-1","max-image-preview":"max-image-preview:large","max-video-preview":"max-video-preview:-1"},"canonical":"\/ndesarrollo\/planeacion-del-desarrollo-local\/","og_locale":"es_ES","og_type":"article","og_title":"Planeaci\u00f3n del Desarrollo Local - Nuestro Desarrollo","og_description":"\u00bfQu\u00e9 es planeaci\u00f3n local? Proceso t\u00e9cnico, pol\u00edtico, permanente y sistem\u00e1tico de deliberaci\u00f3n, definici\u00f3n de acuerdos y compromisos entre actores del territorio y el Estado, cuyo prop\u00f3sito es el desarrollo integral de la comuna y el corregimiento. En esta secci\u00f3n podr\u00e1s conocer acerca de los Planes de Desarrollo Local. Aqu\u00ed puedes encontrar la actualizaci\u00f3n del plan &hellip; Planeaci\u00f3n del Desarrollo Local Leer m\u00e1s &raquo;","og_url":"\/ndesarrollo\/planeacion-del-desarrollo-local\/","og_site_name":"Nuestro Desarrollo","article_publisher":"https:\/\/www.facebook.com\/AlcaldiadeMed","article_modified_time":"2023-07-25T17:24:41+00:00","og_image":[{"url":"\/ndesarrollo\/wp-content\/uploads\/2022\/07\/Planes-del-desarrollo-local-50.jpg"}],"twitter_card":"summary_large_image","twitter_site":"@AlcaldiadeMed","twitter_misc":{"Tiempo de lectura":"2 minutos"},"schema":{"@context":"https:\/\/schema.org","@graph":[{"@type":"Organization","@id":"\/ndesarrollo\/#organization","name":"Alcald\u00eda de Medell\u00edn","url":"\/ndesarrollo\/","sameAs":["https:\/\/www.facebook.com\/AlcaldiadeMed","https:\/\/www.instagram.com\/alcaldiademed\/","https:\/\/www.linkedin.com\/company\/alcaldiademedellin","https:\/\/www.youtube.com\/channel\/UCAFLU70jPz4bODq_5BSWPIg","https:\/\/twitter.com\/AlcaldiadeMed"],"logo":{"@type":"ImageObject","@id":"\/ndesarrollo\/#logo","inLanguage":"es","url":"http:\/\/10.1.222.218\/ndesarrollo\/wp-content\/uploads\/2021\/11\/EscudoIcon.png","contentUrl":"http:\/\/10.1.222.218\/ndesarrollo\/wp-content\/uploads\/2021\/11\/EscudoIcon.png","width":32,"height":32,"caption":"Alcald\u00eda de Medell\u00edn"},"image":{"@id":"\/ndesarrollo\/#logo"}},{"@type":"WebSite","@id":"\/ndesarrollo\/#website","url":"\/ndesarrollo\/","name":"Nuestro Desarrollo","description":"Nuestro Desarrollo es una plataforma de Planeaci\u00f3n del Desarrollo Local y Presupuesto Participativo","publisher":{"@id":"\/ndesarrollo\/#organization"},"potentialAction":[{"@type":"SearchAction","target":{"@type":"EntryPoint","urlTemplate":"\/ndesarrollo\/?s={search_term_string}"},"query-input":"required name=search_term_string"}],"inLanguage":"es"},{"@type":"ImageObject","@id":"\/ndesarrollo\/planeacion-del-desarrollo-local\/#primaryimage","inLanguage":"es","url":"\/ndesarrollo\/wp-content\/uploads\/2022\/07\/Planes-del-desarrollo-local-50.jpg","contentUrl":"\/ndesarrollo\/wp-content\/uploads\/2022\/07\/Planes-del-desarrollo-local-50.jpg","width":1982,"height":290},{"@type":"WebPage","@id":"\/ndesarrollo\/planeacion-del-desarrollo-local\/#webpage","url":"\/ndesarrollo\/planeacion-del-desarrollo-local\/","name":"Planeaci\u00f3n del Desarrollo Local - Nuestro Desarrollo","isPartOf":{"@id":"\/ndesarrollo\/#website"},"primaryImageOfPage":{"@id":"\/ndesarrollo\/planeacion-del-desarrollo-local\/#primaryimage"},"datePublished":"2021-07-31T05:58:16+00:00","dateModified":"2023-07-25T17:24:41+00:00","breadcrumb":{"@id":"\/ndesarrollo\/planeacion-del-desarrollo-local\/#breadcrumb"},"inLanguage":"es","potentialAction":[{"@type":"ReadAction","target":["\/ndesarrollo\/planeacion-del-desarrollo-local\/"]}]},{"@type":"BreadcrumbList","@id":"\/ndesarrollo\/planeacion-del-desarrollo-local\/#breadcrumb","itemListElement":[{"@type":"ListItem","position":1,"name":"Portada","item":"\/ndesarrollo\/"},{"@type":"ListItem","position":2,"name":"Planeaci\u00f3n del Desarrollo Local"}]}]}},"_links":{"self":[{"href":"\/ndesarrollo\/wp-json\/wp\/v2\/pages\/555"}],"collection":[{"href":"\/ndesarrollo\/wp-json\/wp\/v2\/pages"}],"about":[{"href":"\/ndesarrollo\/wp-json\/wp\/v2\/types\/page"}],"author":[{"embeddable":true,"href":"\/ndesarrollo\/wp-json\/wp\/v2\/users\/1"}],"replies":[{"embeddable":true,"href":"\/ndesarrollo\/wp-json\/wp\/v2\/comments?post=555"}],"version-history":[{"count":429,"href":"\/ndesarrollo\/wp-json\/wp\/v2\/pages\/555\/revisions"}],"predecessor-version":[{"id":23071,"href":"\/ndesarrollo\/wp-json\/wp\/v2\/pages\/555\/revisions\/23071"}],"wp:attachment":[{"href":"\/ndesarrollo\/wp-json\/wp\/v2\/media?parent=555"}],"wp:term":[{"taxonomy":"category","embeddable":true,"href":"\/ndesarrollo\/wp-json\/wp\/v2\/categories?post=555"},{"taxonomy":"post_tag","embeddable":true,"href":"\/ndesarrollo\/wp-json\/wp\/v2\/tags?post=555"}],"curies":[{"name":"wp","href":"https:\/\/api.w.org\/{rel}","templated":true}]}}