{"id":7224,"date":"2021-10-14T14:20:03","date_gmt":"2021-10-14T14:20:03","guid":{"rendered":"http:\/\/10.1.222.218\/ndesarrollo\/?page_id=7224"},"modified":"2023-04-10T16:57:46","modified_gmt":"2023-04-10T16:57:46","slug":"fichas-perfil-2018-comuna-14","status":"publish","type":"page","link":"\/ndesarrollo\/fichas-perfil-2018-comuna-14\/","title":{"rendered":"Fichas Perfil 2018 Comuna 14"},"content":{"rendered":"\t\t<div data-elementor-type=\"wp-page\" data-elementor-id=\"7224\" class=\"elementor elementor-7224\" data-elementor-settings=\"[]\">\n\t\t\t\t\t\t\t<div class=\"elementor-section-wrap\">\n\t\t\t\t\t\t\t<section data-particle_enable=\"false\" data-particle-mobile-disabled=\"false\" class=\"elementor-section elementor-top-section elementor-element elementor-element-083cec6 elementor-section-full_width elementor-section-height-default elementor-section-height-default\" data-id=\"083cec6\" data-element_type=\"section\">\n\t\t\t\t\t\t<div class=\"elementor-container elementor-column-gap-no\">\n\t\t\t\t\t<div class=\"elementor-column elementor-col-100 elementor-top-column elementor-element elementor-element-c8d68a2\" data-id=\"c8d68a2\" data-element_type=\"column\">\n\t\t\t<div class=\"elementor-widget-wrap elementor-element-populated\">\n\t\t\t\t\t\t\t\t<div class=\"elementor-element elementor-element-179601a elementor-widget elementor-widget-image\" data-id=\"179601a\" data-element_type=\"widget\" data-widget_type=\"image.default\">\n\t\t\t\t<div class=\"elementor-widget-container\">\n\t\t\t\t\t\t\t\t\t\t\t\t\t\t\t<img width=\"1981\" height=\"293\" src=\"\/ndesarrollo\/wp-content\/uploads\/2022\/09\/Comuna-14-3.jpg\" class=\"attachment-full size-full\" alt=\"\" loading=\"lazy\" srcset=\"\/ndesarrollo\/wp-content\/uploads\/2022\/09\/Comuna-14-3.jpg 1981w, \/ndesarrollo\/wp-content\/uploads\/2022\/09\/Comuna-14-3-300x44.jpg 300w, \/ndesarrollo\/wp-content\/uploads\/2022\/09\/Comuna-14-3-1024x151.jpg 1024w, \/ndesarrollo\/wp-content\/uploads\/2022\/09\/Comuna-14-3-768x114.jpg 768w, \/ndesarrollo\/wp-content\/uploads\/2022\/09\/Comuna-14-3-1536x227.jpg 1536w\" sizes=\"(max-width: 1981px) 100vw, 1981px\" \/>\t\t\t\t\t\t\t\t\t\t\t\t\t\t\t<\/div>\n\t\t\t\t<\/div>\n\t\t\t\t\t<\/div>\n\t\t<\/div>\n\t\t\t\t\t\t\t<\/div>\n\t\t<\/section>\n\t\t\t\t<section data-particle_enable=\"false\" data-particle-mobile-disabled=\"false\" class=\"elementor-section elementor-top-section elementor-element elementor-element-73763b4 elementor-section-boxed elementor-section-height-default elementor-section-height-default\" data-id=\"73763b4\" data-element_type=\"section\">\n\t\t\t\t\t\t<div class=\"elementor-container elementor-column-gap-default\">\n\t\t\t\t\t<div class=\"elementor-column elementor-col-100 elementor-top-column elementor-element elementor-element-b406c60\" data-id=\"b406c60\" data-element_type=\"column\">\n\t\t\t<div class=\"elementor-widget-wrap elementor-element-populated\">\n\t\t\t\t\t\t\t\t<div class=\"elementor-element elementor-element-7f0a477 elementor-widget elementor-widget-text-editor\" data-id=\"7f0a477\" data-element_type=\"widget\" data-widget_type=\"text-editor.default\">\n\t\t\t\t<div class=\"elementor-widget-container\">\n\t\t\t\t\t\t\t<h4 class=\"elementor-heading-title elementor-size-default elementor-inline-editing pen\" contenteditable=\"true\" data-elementor-setting-key=\"title\" data-pen-placeholder=\"Teclea aqu\u00ed...\">Fichas formuladas bajo el direccionamiento t\u00e9cnico de la Unidad de Planeaci\u00f3n del Desarrollo Municipal y Local de la Subdirecci\u00f3n de Planeaci\u00f3n Social y Econ\u00f3mica del Departamento Administrativo de Planeaci\u00f3n de la Alcald\u00eda de Medell\u00edn con el acompa\u00f1amiento de las distintas Secretar\u00edas y Entes Descentralizados.<\/h4>\t\t\t\t\t\t<\/div>\n\t\t\t\t<\/div>\n\t\t\t\t\t<\/div>\n\t\t<\/div>\n\t\t\t\t\t\t\t<\/div>\n\t\t<\/section>\n\t\t\t\t<section data-particle_enable=\"false\" data-particle-mobile-disabled=\"false\" class=\"elementor-section elementor-top-section elementor-element elementor-element-9bbe03e elementor-section-boxed elementor-section-height-default elementor-section-height-default\" data-id=\"9bbe03e\" data-element_type=\"section\">\n\t\t\t\t\t\t<div class=\"elementor-container elementor-column-gap-default\">\n\t\t\t\t\t<div class=\"elementor-column elementor-col-100 elementor-top-column elementor-element elementor-element-8148319\" data-id=\"8148319\" data-element_type=\"column\">\n\t\t\t<div class=\"elementor-widget-wrap elementor-element-populated\">\n\t\t\t\t\t\t\t\t<div class=\"elementor-element elementor-element-aae0d15 elementor-widget elementor-widget-html\" data-id=\"aae0d15\" data-element_type=\"widget\" data-widget_type=\"html.default\">\n\t\t\t\t<div class=\"elementor-widget-container\">\n\t\t\t<div id='section_list'>\r\n<div><a href='\/ndesarrollo\/wp-content\/uploads\/FICHAS\/C14\/2018\/FP\/18_FP_PP_C14_CULTURA_1.pdf' >18_FP_PP_C14_CULTURA_1<\/a><\/div>\r\n<div><a href='\/ndesarrollo\/wp-content\/uploads\/FICHAS\/C14\/2018\/FP\/18_FP_PP_C14_CULTURA_2.pdf' >18_FP_PP_C14_CULTURA_2<\/a><\/div>\r\n<div><a href='\/ndesarrollo\/wp-content\/uploads\/FICHAS\/C14\/2018\/FP\/18_FP_PP_C14_DAGRD_1.pdf' >18_FP_PP_C14_DAGRD_1<\/a><\/div>\r\n<div><a href='\/ndesarrollo\/wp-content\/uploads\/FICHAS\/C14\/2018\/FP\/18_FP_PP_C14_DLLO ECONOMICO_1.pdf' >18_FP_PP_C14_DLLO ECONOMICO_1<\/a><\/div>\r\n<div><a href='\/ndesarrollo\/wp-content\/uploads\/FICHAS\/C14\/2018\/FP\/18_FP_PP_C14_EDUCACION_1.pdf' >18_FP_PP_C14_EDUCACION_1<\/a><\/div>\r\n<div><a href='\/ndesarrollo\/wp-content\/uploads\/FICHAS\/C14\/2018\/FP\/18_FP_PP_C14_INCLUSI\u00d3N_1.pdf' >18_FP_PP_C14_INCLUSI\u00d3N_1<\/a><\/div>\r\n<div><a href='\/ndesarrollo\/wp-content\/uploads\/FICHAS\/C14\/2018\/FP\/18_FP_PP_C14_INCLUSION_2.pdf' >18_FP_PP_C14_INCLUSION_2<\/a><\/div>\r\n<div><a href='\/ndesarrollo\/wp-content\/uploads\/FICHAS\/C14\/2018\/FP\/18_FP_PP_C14_INCLUSION_3.pdf' >18_FP_PP_C14_INCLUSION_3<\/a><\/div>\r\n<div><a href='\/ndesarrollo\/wp-content\/uploads\/FICHAS\/C14\/2018\/FP\/18_FP_PP_C14_INDER_1.pdf' >18_FP_PP_C14_INDER_1<\/a><\/div>\r\n<div><a href='\/ndesarrollo\/wp-content\/uploads\/FICHAS\/C14\/2018\/FP\/18_FP_PP_C14_INDER_2.pdf' >18_FP_PP_C14_INDER_2<\/a><\/div>\r\n<div><a href='\/ndesarrollo\/wp-content\/uploads\/FICHAS\/C14\/2018\/FP\/18_FP_PP_C14_INFRAESTRUCTURA_1.pdf' >18_FP_PP_C14_INFRAESTRUCTURA_1<\/a><\/div>\r\n<div><a href='\/ndesarrollo\/wp-content\/uploads\/FICHAS\/C14\/2018\/FP\/18_FP_PP_C14_ISVIMED_1.pdf' >18_FP_PP_C14_ISVIMED_1<\/a><\/div>\r\n<div><a href='\/ndesarrollo\/wp-content\/uploads\/FICHAS\/C14\/2018\/FP\/18_FP_PP_C14_JUVENTUD_1.pdf' >18_FP_PP_C14_JUVENTUD_1<\/a><\/div>\r\n<div><a href='\/ndesarrollo\/wp-content\/uploads\/FICHAS\/C14\/2018\/FP\/18_FP_PP_C14_MEDIO AMBIENTE_1.pdf' >18_FP_PP_C14_MEDIO AMBIENTE_1<\/a><\/div>\r\n<div><a href='\/ndesarrollo\/wp-content\/uploads\/FICHAS\/C14\/2018\/FP\/18_FP_PP_C14_MOVILIDAD_1.pdf' >18_FP_PP_C14_MOVILIDAD_1<\/a><\/div>\r\n<div><a href='\/ndesarrollo\/wp-content\/uploads\/FICHAS\/C14\/2018\/FP\/18_FP_PP_C14_MUJERES_1.pdf' >18_FP_PP_C14_MUJERES_1<\/a><\/div>\r\n<div><a href='\/ndesarrollo\/wp-content\/uploads\/FICHAS\/C14\/2018\/FP\/18_FP_PP_C14_MUJERES_2.pdf' >18_FP_PP_C14_MUJERES_2<\/a><\/div>\r\n<div><a href='\/ndesarrollo\/wp-content\/uploads\/FICHAS\/C14\/2018\/FP\/18_FP_PP_C14_PARTICIPACION_1.pdf' >18_FP_PP_C14_PARTICIPACION_1<\/a><\/div>\r\n<div><a href='\/ndesarrollo\/wp-content\/uploads\/FICHAS\/C14\/2018\/FP\/18_FP_PP_C14_SAPIENCIA-IES_1.pdf' >18_FP_PP_C14_SAPIENCIA-IES_1<\/a><\/div>\r\n<\/div>\t\t<\/div>\n\t\t\t\t<\/div>\n\t\t\t\t\t<\/div>\n\t\t<\/div>\n\t\t\t\t\t\t\t<\/div>\n\t\t<\/section>\n\t\t\t\t<section data-particle_enable=\"false\" data-particle-mobile-disabled=\"false\" class=\"elementor-section elementor-top-section elementor-element elementor-element-b9f96d4 elementor-section-boxed elementor-section-height-default elementor-section-height-default\" data-id=\"b9f96d4\" data-element_type=\"section\">\n\t\t\t\t\t\t<div class=\"elementor-container elementor-column-gap-default\">\n\t\t\t\t\t<div class=\"elementor-column elementor-col-33 elementor-top-column elementor-element elementor-element-c7b3e8c\" data-id=\"c7b3e8c\" data-element_type=\"column\">\n\t\t\t<div class=\"elementor-widget-wrap elementor-element-populated\">\n\t\t\t\t\t\t\t\t<div id=\"eael-section-tooltip-04b4faf\" class=\"eael-section-tooltip elementor-element elementor-element-04b4faf elementor-widget elementor-widget-eael-interactive-promo\" data-id=\"04b4faf\" data-element_type=\"widget\" data-settings=\"{&quot;eael_tooltip_section_content&quot;:&quot;Proyecto 19&quot;,&quot;eael_tooltip_section_animation&quot;:&quot;fade&quot;,&quot;eael_tooltip_section_arrow_type&quot;:&quot;round&quot;,&quot;eael_tooltip_section_size&quot;:&quot;large&quot;,&quot;motion_fx_motion_fx_mouse&quot;:&quot;yes&quot;,&quot;eael_tooltip_section_position&quot;:&quot;top&quot;,&quot;eael_tooltip_section_arrow&quot;:true,&quot;eael_tooltip_section_trigger&quot;:&quot;mouseenter&quot;,&quot;eael_tooltip_section_duration&quot;:300,&quot;eael_tooltip_section_delay&quot;:400}\" data-widget_type=\"eael-interactive-promo.default\">\n\t\t\n            <script>\n                jQuery(window).on('elementor\/frontend\/init', function() {\n                    var $currentTooltip = '#eael-section-tooltip-04b4faf';\n\n                    tippy($currentTooltip, {\n                        content: 'Proyecto 19',\n                        placement: 'top',\n                        animation: 'fade',\n                        arrow: '1',\n                        arrowType: 'round',\n                        duration: '300',\n                        distance: '10',\n                        delay: '400',\n                        size: 'large',\n                        trigger: 'mouseenter',\n                        animateFill: false,\n                        flipOnUpdate: true,\n                        interactive: true,\n                        maxWidth: 350,\n                        zIndex: 999,\n                        onShow(instance) {\n                            var tippyPopper = instance.popper;\n                            jQuery(tippyPopper).attr('data-tippy-popper-id', '04b4faf');\n                        }\n                    });\n                });\n            <\/script>\n        \t\t<div class=\"elementor-widget-container\">\n\t\t\t        <div id=\"eael-promo-04b4faf\" class=\"eael-interactive-promo\">\n            <figure class=\"effect-layla\">\n                <img alt=\"\" src=\"\">                <figcaption>\n                    <div>\n                        \n                        <p><p style=\"text-align: center;\">18_FP_PP_C14_SAPIENCIA-IES_1<\/p><\/p>\n                    <\/div>\n                                            <a href=\"\/ndesarrollo\/wp-content\/uploads\/FICHAS\/C14\/2018\/FP\/18_FP_PP_C14_SAPIENCIA-IES_1.pdf\" target=\"yes\"><\/a>\n                                    <\/figcaption>\n            <\/figure>\n        <\/div>\n\t\t<\/div>\n\t\t\t\t<\/div>\n\t\t\t\t\t<\/div>\n\t\t<\/div>\n\t\t\t\t<div class=\"elementor-column elementor-col-33 elementor-top-column elementor-element elementor-element-98a276b\" data-id=\"98a276b\" data-element_type=\"column\">\n\t\t\t<div class=\"elementor-widget-wrap\">\n\t\t\t\t\t\t\t\t\t<\/div>\n\t\t<\/div>\n\t\t\t\t<div class=\"elementor-column elementor-col-33 elementor-top-column elementor-element elementor-element-243f2e6\" data-id=\"243f2e6\" data-element_type=\"column\">\n\t\t\t<div class=\"elementor-widget-wrap\">\n\t\t\t\t\t\t\t\t\t<\/div>\n\t\t<\/div>\n\t\t\t\t\t\t\t<\/div>\n\t\t<\/section>\n\t\t\t\t<section data-particle_enable=\"false\" data-particle-mobile-disabled=\"false\" class=\"elementor-section elementor-top-section elementor-element elementor-element-c7b9827 elementor-section-full_width elementor-section-height-default elementor-section-height-default\" data-id=\"c7b9827\" data-element_type=\"section\">\n\t\t\t\t\t\t<div class=\"elementor-container elementor-column-gap-no\">\n\t\t\t\t\t<div class=\"elementor-column elementor-col-100 elementor-top-column elementor-element elementor-element-1b2743a\" data-id=\"1b2743a\" data-element_type=\"column\">\n\t\t\t<div class=\"elementor-widget-wrap elementor-element-populated\">\n\t\t\t\t\t\t\t\t<div class=\"elementor-element elementor-element-4501053 elementor-widget elementor-widget-image\" data-id=\"4501053\" data-element_type=\"widget\" data-widget_type=\"image.default\">\n\t\t\t\t<div class=\"elementor-widget-container\">\n\t\t\t\t\t\t\t\t\t\t\t\t\t\t\t<img width=\"1920\" height=\"214\" src=\"\/ndesarrollo\/wp-content\/uploads\/2021\/07\/SeparadorV2.png\" class=\"attachment-full size-full\" alt=\"\" loading=\"lazy\" \/>\t\t\t\t\t\t\t\t\t\t\t\t\t\t\t<\/div>\n\t\t\t\t<\/div>\n\t\t\t\t\t<\/div>\n\t\t<\/div>\n\t\t\t\t\t\t\t<\/div>\n\t\t<\/section>\n\t\t\t\t\t\t<\/div>\n\t\t\t\t\t<\/div>\n\t\t","protected":false},"excerpt":{"rendered":"<p>Fichas formuladas bajo el direccionamiento t\u00e9cnico de la Unidad de Planeaci\u00f3n del Desarrollo Municipal y Local de la Subdirecci\u00f3n de Planeaci\u00f3n Social y Econ\u00f3mica del Departamento Administrativo de Planeaci\u00f3n de la Alcald\u00eda de Medell\u00edn con el acompa\u00f1amiento de las distintas Secretar\u00edas y Entes Descentralizados. 18_FP_PP_C14_CULTURA_1 18_FP_PP_C14_CULTURA_2 18_FP_PP_C14_DAGRD_1 18_FP_PP_C14_DLLO ECONOMICO_1 18_FP_PP_C14_EDUCACION_1 18_FP_PP_C14_INCLUSI\u00d3N_1 18_FP_PP_C14_INCLUSION_2 18_FP_PP_C14_INCLUSION_3 18_FP_PP_C14_INDER_1 18_FP_PP_C14_INDER_2 &hellip;<\/p>\n<p class=\"read-more\"> <a class=\"\" href=\"\/ndesarrollo\/fichas-perfil-2018-comuna-14\/\"> <span class=\"screen-reader-text\">Fichas Perfil 2018 Comuna 14<\/span> Leer m\u00e1s &raquo;<\/a><\/p>\n","protected":false},"author":1,"featured_media":0,"parent":0,"menu_order":0,"comment_status":"closed","ping_status":"closed","template":"","meta":{"_mi_skip_tracking":false,"site-sidebar-layout":"no-sidebar","site-content-layout":"page-builder","ast-main-header-display":"","ast-hfb-above-header-display":"","ast-hfb-below-header-display":"","ast-hfb-mobile-header-display":"","site-post-title":"disabled","ast-breadcrumbs-content":"","ast-featured-img":"disabled","footer-sml-layout":"","theme-transparent-header-meta":"default","adv-header-id-meta":"","stick-header-meta":"","header-above-stick-meta":"","header-main-stick-meta":"","header-below-stick-meta":""},"categories":[87,100,104],"tags":[],"yoast_head":"<!-- This site is optimized with the Yoast SEO plugin v17.4 - https:\/\/yoast.com\/wordpress\/plugins\/seo\/ -->\n<title>Fichas Perfil 2018 Comuna 14 - Nuestro Desarrollo<\/title>\n<meta name=\"robots\" content=\"index, follow, max-snippet:-1, max-image-preview:large, max-video-preview:-1\" \/>\n<link rel=\"canonical\" href=\"\/ndesarrollo\/fichas-perfil-2018-comuna-14\/\" \/>\n<meta property=\"og:locale\" content=\"es_ES\" \/>\n<meta property=\"og:type\" content=\"article\" \/>\n<meta property=\"og:title\" content=\"Fichas Perfil 2018 Comuna 14 - Nuestro Desarrollo\" \/>\n<meta property=\"og:description\" content=\"Fichas formuladas bajo el direccionamiento t\u00e9cnico de la Unidad de Planeaci\u00f3n del Desarrollo Municipal y Local de la Subdirecci\u00f3n de Planeaci\u00f3n Social y Econ\u00f3mica del Departamento Administrativo de Planeaci\u00f3n de la Alcald\u00eda de Medell\u00edn con el acompa\u00f1amiento de las distintas Secretar\u00edas y Entes Descentralizados. 18_FP_PP_C14_CULTURA_1 18_FP_PP_C14_CULTURA_2 18_FP_PP_C14_DAGRD_1 18_FP_PP_C14_DLLO ECONOMICO_1 18_FP_PP_C14_EDUCACION_1 18_FP_PP_C14_INCLUSI\u00d3N_1 18_FP_PP_C14_INCLUSION_2 18_FP_PP_C14_INCLUSION_3 18_FP_PP_C14_INDER_1 18_FP_PP_C14_INDER_2 &hellip; Fichas Perfil 2018 Comuna 14 Leer m\u00e1s &raquo;\" \/>\n<meta property=\"og:url\" content=\"\/ndesarrollo\/fichas-perfil-2018-comuna-14\/\" \/>\n<meta property=\"og:site_name\" content=\"Nuestro Desarrollo\" \/>\n<meta property=\"article:publisher\" content=\"https:\/\/www.facebook.com\/AlcaldiadeMed\" \/>\n<meta property=\"article:modified_time\" content=\"2023-04-10T16:57:46+00:00\" \/>\n<meta property=\"og:image\" content=\"\/ndesarrollo\/wp-content\/uploads\/2022\/09\/Comuna-14-3.jpg\" \/>\n<meta name=\"twitter:card\" content=\"summary_large_image\" \/>\n<meta name=\"twitter:site\" content=\"@AlcaldiadeMed\" \/>\n<meta name=\"twitter:label1\" content=\"Tiempo de lectura\" \/>\n\t<meta name=\"twitter:data1\" content=\"1 minuto\" \/>\n<script type=\"application\/ld+json\" class=\"yoast-schema-graph\">{\"@context\":\"https:\/\/schema.org\",\"@graph\":[{\"@type\":\"Organization\",\"@id\":\"\/ndesarrollo\/#organization\",\"name\":\"Alcald\\u00eda de Medell\\u00edn\",\"url\":\"\/ndesarrollo\/\",\"sameAs\":[\"https:\/\/www.facebook.com\/AlcaldiadeMed\",\"https:\/\/www.instagram.com\/alcaldiademed\/\",\"https:\/\/www.linkedin.com\/company\/alcaldiademedellin\",\"https:\/\/www.youtube.com\/channel\/UCAFLU70jPz4bODq_5BSWPIg\",\"https:\/\/twitter.com\/AlcaldiadeMed\"],\"logo\":{\"@type\":\"ImageObject\",\"@id\":\"\/ndesarrollo\/#logo\",\"inLanguage\":\"es\",\"url\":\"http:\/\/10.1.222.218\/ndesarrollo\/wp-content\/uploads\/2021\/11\/EscudoIcon.png\",\"contentUrl\":\"http:\/\/10.1.222.218\/ndesarrollo\/wp-content\/uploads\/2021\/11\/EscudoIcon.png\",\"width\":32,\"height\":32,\"caption\":\"Alcald\\u00eda de Medell\\u00edn\"},\"image\":{\"@id\":\"\/ndesarrollo\/#logo\"}},{\"@type\":\"WebSite\",\"@id\":\"\/ndesarrollo\/#website\",\"url\":\"\/ndesarrollo\/\",\"name\":\"Nuestro Desarrollo\",\"description\":\"Nuestro Desarrollo es una plataforma de Planeaci\\u00f3n del Desarrollo Local y Presupuesto Participativo\",\"publisher\":{\"@id\":\"\/ndesarrollo\/#organization\"},\"potentialAction\":[{\"@type\":\"SearchAction\",\"target\":{\"@type\":\"EntryPoint\",\"urlTemplate\":\"\/ndesarrollo\/?s={search_term_string}\"},\"query-input\":\"required name=search_term_string\"}],\"inLanguage\":\"es\"},{\"@type\":\"ImageObject\",\"@id\":\"\/ndesarrollo\/fichas-perfil-2018-comuna-14\/#primaryimage\",\"inLanguage\":\"es\",\"url\":\"\/ndesarrollo\/wp-content\/uploads\/2022\/09\/Comuna-14-3.jpg\",\"contentUrl\":\"\/ndesarrollo\/wp-content\/uploads\/2022\/09\/Comuna-14-3.jpg\",\"width\":1981,\"height\":293},{\"@type\":\"WebPage\",\"@id\":\"\/ndesarrollo\/fichas-perfil-2018-comuna-14\/#webpage\",\"url\":\"\/ndesarrollo\/fichas-perfil-2018-comuna-14\/\",\"name\":\"Fichas Perfil 2018 Comuna 14 - Nuestro Desarrollo\",\"isPartOf\":{\"@id\":\"\/ndesarrollo\/#website\"},\"primaryImageOfPage\":{\"@id\":\"\/ndesarrollo\/fichas-perfil-2018-comuna-14\/#primaryimage\"},\"datePublished\":\"2021-10-14T14:20:03+00:00\",\"dateModified\":\"2023-04-10T16:57:46+00:00\",\"breadcrumb\":{\"@id\":\"\/ndesarrollo\/fichas-perfil-2018-comuna-14\/#breadcrumb\"},\"inLanguage\":\"es\",\"potentialAction\":[{\"@type\":\"ReadAction\",\"target\":[\"\/ndesarrollo\/fichas-perfil-2018-comuna-14\/\"]}]},{\"@type\":\"BreadcrumbList\",\"@id\":\"\/ndesarrollo\/fichas-perfil-2018-comuna-14\/#breadcrumb\",\"itemListElement\":[{\"@type\":\"ListItem\",\"position\":1,\"name\":\"Portada\",\"item\":\"\/ndesarrollo\/\"},{\"@type\":\"ListItem\",\"position\":2,\"name\":\"Fichas Perfil 2018 Comuna 14\"}]}]}<\/script>\n<!-- \/ Yoast SEO plugin. -->","yoast_head_json":{"title":"Fichas Perfil 2018 Comuna 14 - Nuestro Desarrollo","robots":{"index":"index","follow":"follow","max-snippet":"max-snippet:-1","max-image-preview":"max-image-preview:large","max-video-preview":"max-video-preview:-1"},"canonical":"\/ndesarrollo\/fichas-perfil-2018-comuna-14\/","og_locale":"es_ES","og_type":"article","og_title":"Fichas Perfil 2018 Comuna 14 - Nuestro Desarrollo","og_description":"Fichas formuladas bajo el direccionamiento t\u00e9cnico de la Unidad de Planeaci\u00f3n del Desarrollo Municipal y Local de la Subdirecci\u00f3n de Planeaci\u00f3n Social y Econ\u00f3mica del Departamento Administrativo de Planeaci\u00f3n de la Alcald\u00eda de Medell\u00edn con el acompa\u00f1amiento de las distintas Secretar\u00edas y Entes Descentralizados. 18_FP_PP_C14_CULTURA_1 18_FP_PP_C14_CULTURA_2 18_FP_PP_C14_DAGRD_1 18_FP_PP_C14_DLLO ECONOMICO_1 18_FP_PP_C14_EDUCACION_1 18_FP_PP_C14_INCLUSI\u00d3N_1 18_FP_PP_C14_INCLUSION_2 18_FP_PP_C14_INCLUSION_3 18_FP_PP_C14_INDER_1 18_FP_PP_C14_INDER_2 &hellip; Fichas Perfil 2018 Comuna 14 Leer m\u00e1s &raquo;","og_url":"\/ndesarrollo\/fichas-perfil-2018-comuna-14\/","og_site_name":"Nuestro Desarrollo","article_publisher":"https:\/\/www.facebook.com\/AlcaldiadeMed","article_modified_time":"2023-04-10T16:57:46+00:00","og_image":[{"url":"\/ndesarrollo\/wp-content\/uploads\/2022\/09\/Comuna-14-3.jpg"}],"twitter_card":"summary_large_image","twitter_site":"@AlcaldiadeMed","twitter_misc":{"Tiempo de lectura":"1 minuto"},"schema":{"@context":"https:\/\/schema.org","@graph":[{"@type":"Organization","@id":"\/ndesarrollo\/#organization","name":"Alcald\u00eda de Medell\u00edn","url":"\/ndesarrollo\/","sameAs":["https:\/\/www.facebook.com\/AlcaldiadeMed","https:\/\/www.instagram.com\/alcaldiademed\/","https:\/\/www.linkedin.com\/company\/alcaldiademedellin","https:\/\/www.youtube.com\/channel\/UCAFLU70jPz4bODq_5BSWPIg","https:\/\/twitter.com\/AlcaldiadeMed"],"logo":{"@type":"ImageObject","@id":"\/ndesarrollo\/#logo","inLanguage":"es","url":"http:\/\/10.1.222.218\/ndesarrollo\/wp-content\/uploads\/2021\/11\/EscudoIcon.png","contentUrl":"http:\/\/10.1.222.218\/ndesarrollo\/wp-content\/uploads\/2021\/11\/EscudoIcon.png","width":32,"height":32,"caption":"Alcald\u00eda de Medell\u00edn"},"image":{"@id":"\/ndesarrollo\/#logo"}},{"@type":"WebSite","@id":"\/ndesarrollo\/#website","url":"\/ndesarrollo\/","name":"Nuestro Desarrollo","description":"Nuestro Desarrollo es una plataforma de Planeaci\u00f3n del Desarrollo Local y Presupuesto Participativo","publisher":{"@id":"\/ndesarrollo\/#organization"},"potentialAction":[{"@type":"SearchAction","target":{"@type":"EntryPoint","urlTemplate":"\/ndesarrollo\/?s={search_term_string}"},"query-input":"required name=search_term_string"}],"inLanguage":"es"},{"@type":"ImageObject","@id":"\/ndesarrollo\/fichas-perfil-2018-comuna-14\/#primaryimage","inLanguage":"es","url":"\/ndesarrollo\/wp-content\/uploads\/2022\/09\/Comuna-14-3.jpg","contentUrl":"\/ndesarrollo\/wp-content\/uploads\/2022\/09\/Comuna-14-3.jpg","width":1981,"height":293},{"@type":"WebPage","@id":"\/ndesarrollo\/fichas-perfil-2018-comuna-14\/#webpage","url":"\/ndesarrollo\/fichas-perfil-2018-comuna-14\/","name":"Fichas Perfil 2018 Comuna 14 - Nuestro Desarrollo","isPartOf":{"@id":"\/ndesarrollo\/#website"},"primaryImageOfPage":{"@id":"\/ndesarrollo\/fichas-perfil-2018-comuna-14\/#primaryimage"},"datePublished":"2021-10-14T14:20:03+00:00","dateModified":"2023-04-10T16:57:46+00:00","breadcrumb":{"@id":"\/ndesarrollo\/fichas-perfil-2018-comuna-14\/#breadcrumb"},"inLanguage":"es","potentialAction":[{"@type":"ReadAction","target":["\/ndesarrollo\/fichas-perfil-2018-comuna-14\/"]}]},{"@type":"BreadcrumbList","@id":"\/ndesarrollo\/fichas-perfil-2018-comuna-14\/#breadcrumb","itemListElement":[{"@type":"ListItem","position":1,"name":"Portada","item":"\/ndesarrollo\/"},{"@type":"ListItem","position":2,"name":"Fichas Perfil 2018 Comuna 14"}]}]}},"_links":{"self":[{"href":"\/ndesarrollo\/wp-json\/wp\/v2\/pages\/7224"}],"collection":[{"href":"\/ndesarrollo\/wp-json\/wp\/v2\/pages"}],"about":[{"href":"\/ndesarrollo\/wp-json\/wp\/v2\/types\/page"}],"author":[{"embeddable":true,"href":"\/ndesarrollo\/wp-json\/wp\/v2\/users\/1"}],"replies":[{"embeddable":true,"href":"\/ndesarrollo\/wp-json\/wp\/v2\/comments?post=7224"}],"version-history":[{"count":13,"href":"\/ndesarrollo\/wp-json\/wp\/v2\/pages\/7224\/revisions"}],"predecessor-version":[{"id":22487,"href":"\/ndesarrollo\/wp-json\/wp\/v2\/pages\/7224\/revisions\/22487"}],"wp:attachment":[{"href":"\/ndesarrollo\/wp-json\/wp\/v2\/media?parent=7224"}],"wp:term":[{"taxonomy":"category","embeddable":true,"href":"\/ndesarrollo\/wp-json\/wp\/v2\/categories?post=7224"},{"taxonomy":"post_tag","embeddable":true,"href":"\/ndesarrollo\/wp-json\/wp\/v2\/tags?post=7224"}],"curies":[{"name":"wp","href":"https:\/\/api.w.org\/{rel}","templated":true}]}}