{"id":7301,"date":"2021-10-14T15:30:41","date_gmt":"2021-10-14T15:30:41","guid":{"rendered":"http:\/\/10.1.222.218\/ndesarrollo\/?page_id=7301"},"modified":"2023-04-04T03:25:13","modified_gmt":"2023-04-04T03:25:13","slug":"fichas-perfil-2019-comuna-5","status":"publish","type":"page","link":"\/ndesarrollo\/fichas-perfil-2019-comuna-5\/","title":{"rendered":"Fichas Perfil 2019 Comuna 5"},"content":{"rendered":"\t\t<div data-elementor-type=\"wp-page\" data-elementor-id=\"7301\" class=\"elementor elementor-7301\" data-elementor-settings=\"[]\">\n\t\t\t\t\t\t\t<div class=\"elementor-section-wrap\">\n\t\t\t\t\t\t\t<section data-particle_enable=\"false\" data-particle-mobile-disabled=\"false\" class=\"elementor-section elementor-top-section elementor-element elementor-element-264a2f7 elementor-section-full_width elementor-section-height-default elementor-section-height-default\" data-id=\"264a2f7\" data-element_type=\"section\">\n\t\t\t\t\t\t<div class=\"elementor-container elementor-column-gap-no\">\n\t\t\t\t\t<div class=\"elementor-column elementor-col-100 elementor-top-column elementor-element elementor-element-aeb8104\" data-id=\"aeb8104\" data-element_type=\"column\">\n\t\t\t<div class=\"elementor-widget-wrap elementor-element-populated\">\n\t\t\t\t\t\t\t\t<div class=\"elementor-element elementor-element-d8f7caa elementor-widget elementor-widget-image\" data-id=\"d8f7caa\" data-element_type=\"widget\" data-widget_type=\"image.default\">\n\t\t\t\t<div class=\"elementor-widget-container\">\n\t\t\t\t\t\t\t\t\t\t\t\t\t\t\t<img width=\"1981\" height=\"293\" src=\"\/ndesarrollo\/wp-content\/uploads\/2022\/09\/Comuna-5-3.jpg\" class=\"attachment-full size-full\" alt=\"\" loading=\"lazy\" srcset=\"\/ndesarrollo\/wp-content\/uploads\/2022\/09\/Comuna-5-3.jpg 1981w, \/ndesarrollo\/wp-content\/uploads\/2022\/09\/Comuna-5-3-300x44.jpg 300w, \/ndesarrollo\/wp-content\/uploads\/2022\/09\/Comuna-5-3-1024x151.jpg 1024w, \/ndesarrollo\/wp-content\/uploads\/2022\/09\/Comuna-5-3-768x114.jpg 768w, \/ndesarrollo\/wp-content\/uploads\/2022\/09\/Comuna-5-3-1536x227.jpg 1536w\" sizes=\"(max-width: 1981px) 100vw, 1981px\" \/>\t\t\t\t\t\t\t\t\t\t\t\t\t\t\t<\/div>\n\t\t\t\t<\/div>\n\t\t\t\t\t<\/div>\n\t\t<\/div>\n\t\t\t\t\t\t\t<\/div>\n\t\t<\/section>\n\t\t\t\t<section data-particle_enable=\"false\" data-particle-mobile-disabled=\"false\" class=\"elementor-section elementor-top-section elementor-element elementor-element-2e71c4b elementor-section-boxed elementor-section-height-default elementor-section-height-default\" data-id=\"2e71c4b\" data-element_type=\"section\">\n\t\t\t\t\t\t<div class=\"elementor-container elementor-column-gap-default\">\n\t\t\t\t\t<div class=\"elementor-column elementor-col-100 elementor-top-column elementor-element elementor-element-352d856\" data-id=\"352d856\" data-element_type=\"column\">\n\t\t\t<div class=\"elementor-widget-wrap elementor-element-populated\">\n\t\t\t\t\t\t\t\t<div class=\"elementor-element elementor-element-3981564 elementor-widget elementor-widget-text-editor\" data-id=\"3981564\" data-element_type=\"widget\" data-widget_type=\"text-editor.default\">\n\t\t\t\t<div class=\"elementor-widget-container\">\n\t\t\t\t\t\t\t<h4 class=\"elementor-heading-title elementor-size-default elementor-inline-editing pen\" contenteditable=\"true\" data-elementor-setting-key=\"title\" data-pen-placeholder=\"Teclea aqu\u00ed...\">Fichas formuladas bajo el direccionamiento t\u00e9cnico de la Unidad de Planeaci\u00f3n del Desarrollo Municipal y Local de la Subdirecci\u00f3n de Planeaci\u00f3n Social y Econ\u00f3mica del Departamento Administrativo de Planeaci\u00f3n de la Alcald\u00eda de Medell\u00edn con el acompa\u00f1amiento de las distintas Secretar\u00edas y Entes Descentralizados.<\/h4>\t\t\t\t\t\t<\/div>\n\t\t\t\t<\/div>\n\t\t\t\t\t<\/div>\n\t\t<\/div>\n\t\t\t\t\t\t\t<\/div>\n\t\t<\/section>\n\t\t\t\t<section data-particle_enable=\"false\" data-particle-mobile-disabled=\"false\" class=\"elementor-section elementor-top-section elementor-element elementor-element-314a203 elementor-section-boxed elementor-section-height-default elementor-section-height-default\" data-id=\"314a203\" data-element_type=\"section\">\n\t\t\t\t\t\t<div class=\"elementor-container elementor-column-gap-default\">\n\t\t\t\t\t<div class=\"elementor-column elementor-col-100 elementor-top-column elementor-element elementor-element-ea14000\" data-id=\"ea14000\" data-element_type=\"column\">\n\t\t\t<div class=\"elementor-widget-wrap elementor-element-populated\">\n\t\t\t\t\t\t\t\t<div class=\"elementor-element elementor-element-c7a8223 elementor-widget elementor-widget-html\" data-id=\"c7a8223\" data-element_type=\"widget\" data-widget_type=\"html.default\">\n\t\t\t\t<div class=\"elementor-widget-container\">\n\t\t\t<div id='section_list'>\r\n<div><a href='\/ndesarrollo\/wp-content\/uploads\/FICHAS\/C5\/2019\/FP\/19_FP_PP_C5_COLEGIO MAYOR.pdf' >19_FP_PP_C5_COLEGIO MAYOR<\/a><\/div>\r\n<div><a href='\/ndesarrollo\/wp-content\/uploads\/FICHAS\/C5\/2019\/FP\/19_FP_PP_C5_CULTURA.pdf' >19_FP_PP_C5_CULTURA<\/a><\/div>\r\n<div><a href='\/ndesarrollo\/wp-content\/uploads\/FICHAS\/C5\/2019\/FP\/19_FP_PP_C5_DSLL ECONOMICO.pdf' >19_FP_PP_C5_DSLL ECONOMICO<\/a><\/div>\r\n<div><a href='\/ndesarrollo\/wp-content\/uploads\/FICHAS\/C5\/2019\/FP\/19_FP_PP_C5_INCLUSION.pdf' >19_FP_PP_C5_INCLUSION<\/a><\/div>\r\n<div><a href='\/ndesarrollo\/wp-content\/uploads\/FICHAS\/C5\/2019\/FP\/19_FP_PP_C5_INCLUSION_2.pdf' >19_FP_PP_C5_INCLUSION_2<\/a><\/div>\r\n<div><a href='\/ndesarrollo\/wp-content\/uploads\/FICHAS\/C5\/2019\/FP\/19_FP_PP_C5_INCLUSION_3.pdf' >19_FP_PP_C5_INCLUSION_3<\/a><\/div>\r\n<div><a href='\/ndesarrollo\/wp-content\/uploads\/FICHAS\/C5\/2019\/FP\/19_FP_PP_C5_INCLUSION_4.pdf' >19_FP_PP_C5_INCLUSION_4<\/a><\/div>\r\n<div><a href='\/ndesarrollo\/wp-content\/uploads\/FICHAS\/C5\/2019\/FP\/19_FP_PP_C5_INCLUSION_5.pdf' >19_FP_PP_C5_INCLUSION_5<\/a><\/div>\r\n<div><a href='\/ndesarrollo\/wp-content\/uploads\/FICHAS\/C5\/2019\/FP\/19_FP_PP_C5_INCLUSION_6.pdf' >19_FP_PP_C5_INCLUSION_6<\/a><\/div>\r\n<div><a href='\/ndesarrollo\/wp-content\/uploads\/FICHAS\/C5\/2019\/FP\/19_FP_PP_C5_INCLUSION_7.pdf' >19_FP_PP_C5_INCLUSION_7<\/a><\/div>\r\n<div><a href='\/ndesarrollo\/wp-content\/uploads\/FICHAS\/C5\/2019\/FP\/19_FP_PP_C5_INDER.pdf' >19_FP_PP_C5_INDER<\/a><\/div>\r\n<div><a href='\/ndesarrollo\/wp-content\/uploads\/FICHAS\/C5\/2019\/FP\/19_FP_PP_C5_INFRAESTRUCTURA.pdf' >19_FP_PP_C5_INFRAESTRUCTURA<\/a><\/div>\r\n<div><a href='\/ndesarrollo\/wp-content\/uploads\/FICHAS\/C5\/2019\/FP\/19_FP_PP_C5_ISVIMED.pdf' >19_FP_PP_C5_ISVIMED<\/a><\/div>\r\n<div><a href='\/ndesarrollo\/wp-content\/uploads\/FICHAS\/C5\/2019\/FP\/19_FP_PP_C5_ITM.pdf' >19_FP_PP_C5_ITM<\/a><\/div>\r\n<div><a href='\/ndesarrollo\/wp-content\/uploads\/FICHAS\/C5\/2019\/FP\/19_FP_PP_C5_JUVENTUD.pdf' >19_FP_PP_C5_JUVENTUD<\/a><\/div>\r\n<div><a href='\/ndesarrollo\/wp-content\/uploads\/FICHAS\/C5\/2019\/FP\/19_FP_PP_C5_MEDIO AMBIENTE.pdf' >19_FP_PP_C5_MEDIO AMBIENTE<\/a><\/div>\r\n<div><a href='\/ndesarrollo\/wp-content\/uploads\/FICHAS\/C5\/2019\/FP\/19_FP_PP_C5_MEDIO AMBIENTE_2.pdf' >19_FP_PP_C5_MEDIO AMBIENTE_2<\/a><\/div>\r\n<div><a href='\/ndesarrollo\/wp-content\/uploads\/FICHAS\/C5\/2019\/FP\/19_FP_PP_C5_PARTICIPACION.pdf' >19_FP_PP_C5_PARTICIPACION<\/a><\/div>\r\n<div><a href='\/ndesarrollo\/wp-content\/uploads\/FICHAS\/C5\/2019\/FP\/19_FP_PP_C5_PASCUAL BRAVO.pdf' >19_FP_PP_C5_PASCUAL BRAVO<\/a><\/div>\r\n<div><a href='\/ndesarrollo\/wp-content\/uploads\/FICHAS\/C5\/2019\/FP\/19_FP_PP_C5_SALUD.pdf' >19_FP_PP_C5_SALUD<\/a><\/div>\r\n<div><a href='\/ndesarrollo\/wp-content\/uploads\/FICHAS\/C5\/2019\/FP\/19_FP_PP_C5_SAPIENCIA.pdf' >19_FP_PP_C5_SAPIENCIA<\/a><\/div>\r\n<div><a href='\/ndesarrollo\/wp-content\/uploads\/FICHAS\/C5\/2019\/FP\/19_FP_PP_C5_SEGURIDAD.pdf' >19_FP_PP_C5_SEGURIDAD<\/a><\/div>\r\n<\/div>\t\t<\/div>\n\t\t\t\t<\/div>\n\t\t\t\t\t<\/div>\n\t\t<\/div>\n\t\t\t\t\t\t\t<\/div>\n\t\t<\/section>\n\t\t\t\t<section data-particle_enable=\"false\" data-particle-mobile-disabled=\"false\" class=\"elementor-section elementor-top-section elementor-element elementor-element-f43dfc3 elementor-section-boxed elementor-section-height-default elementor-section-height-default\" data-id=\"f43dfc3\" data-element_type=\"section\">\n\t\t\t\t\t\t<div class=\"elementor-container elementor-column-gap-default\">\n\t\t\t\t\t<div class=\"elementor-column elementor-col-33 elementor-top-column elementor-element elementor-element-a4edf23\" data-id=\"a4edf23\" data-element_type=\"column\">\n\t\t\t<div class=\"elementor-widget-wrap\">\n\t\t\t\t\t\t\t\t\t<\/div>\n\t\t<\/div>\n\t\t\t\t<div class=\"elementor-column elementor-col-33 elementor-top-column elementor-element elementor-element-41998b6\" data-id=\"41998b6\" data-element_type=\"column\">\n\t\t\t<div class=\"elementor-widget-wrap\">\n\t\t\t\t\t\t\t\t\t<\/div>\n\t\t<\/div>\n\t\t\t\t<div class=\"elementor-column elementor-col-33 elementor-top-column elementor-element elementor-element-c853e25\" data-id=\"c853e25\" data-element_type=\"column\">\n\t\t\t<div class=\"elementor-widget-wrap elementor-element-populated\">\n\t\t\t\t\t\t\t\t<div class=\"elementor-element elementor-element-7e1e7e2 elementor-widget elementor-widget-eael-interactive-promo\" data-id=\"7e1e7e2\" data-element_type=\"widget\" data-settings=\"{&quot;motion_fx_motion_fx_mouse&quot;:&quot;yes&quot;}\" data-widget_type=\"eael-interactive-promo.default\">\n\t\t\t\t<div class=\"elementor-widget-container\">\n\t\t\t        <div id=\"eael-promo-7e1e7e2\" class=\"eael-interactive-promo\">\n            <figure class=\"effect-layla\">\n                <img alt=\"\" src=\"\">                <figcaption>\n                    <div>\n                        \n                        <p><\/p>\n                    <\/div>\n                                            <a href=\"#\" target=\"\"><\/a>\n                                    <\/figcaption>\n            <\/figure>\n        <\/div>\n\t\t<\/div>\n\t\t\t\t<\/div>\n\t\t\t\t\t<\/div>\n\t\t<\/div>\n\t\t\t\t\t\t\t<\/div>\n\t\t<\/section>\n\t\t\t\t<section data-particle_enable=\"false\" data-particle-mobile-disabled=\"false\" class=\"elementor-section elementor-top-section elementor-element elementor-element-3e36d94 elementor-section-boxed elementor-section-height-default elementor-section-height-default\" data-id=\"3e36d94\" data-element_type=\"section\">\n\t\t\t\t\t\t<div class=\"elementor-container elementor-column-gap-no\">\n\t\t\t\t\t<div class=\"elementor-column elementor-col-100 elementor-top-column elementor-element elementor-element-f540665\" data-id=\"f540665\" data-element_type=\"column\">\n\t\t\t<div class=\"elementor-widget-wrap elementor-element-populated\">\n\t\t\t\t\t\t\t\t<div class=\"elementor-element elementor-element-dbabca2 elementor-widget elementor-widget-image\" data-id=\"dbabca2\" data-element_type=\"widget\" data-widget_type=\"image.default\">\n\t\t\t\t<div class=\"elementor-widget-container\">\n\t\t\t\t\t\t\t\t\t\t\t\t\t\t\t<img width=\"1920\" height=\"214\" src=\"\/ndesarrollo\/wp-content\/uploads\/2021\/07\/SeparadorV2.png\" class=\"attachment-full size-full\" alt=\"\" loading=\"lazy\" \/>\t\t\t\t\t\t\t\t\t\t\t\t\t\t\t<\/div>\n\t\t\t\t<\/div>\n\t\t\t\t\t<\/div>\n\t\t<\/div>\n\t\t\t\t\t\t\t<\/div>\n\t\t<\/section>\n\t\t\t\t\t\t<\/div>\n\t\t\t\t\t<\/div>\n\t\t","protected":false},"excerpt":{"rendered":"<p>Fichas formuladas bajo el direccionamiento t\u00e9cnico de la Unidad de Planeaci\u00f3n del Desarrollo Municipal y Local de la Subdirecci\u00f3n de Planeaci\u00f3n Social y Econ\u00f3mica del Departamento Administrativo de Planeaci\u00f3n de la Alcald\u00eda de Medell\u00edn con el acompa\u00f1amiento de las distintas Secretar\u00edas y Entes Descentralizados. 19_FP_PP_C5_COLEGIO MAYOR 19_FP_PP_C5_CULTURA 19_FP_PP_C5_DSLL ECONOMICO 19_FP_PP_C5_INCLUSION 19_FP_PP_C5_INCLUSION_2 19_FP_PP_C5_INCLUSION_3 19_FP_PP_C5_INCLUSION_4 19_FP_PP_C5_INCLUSION_5 19_FP_PP_C5_INCLUSION_6 &hellip;<\/p>\n<p class=\"read-more\"> <a class=\"\" href=\"\/ndesarrollo\/fichas-perfil-2019-comuna-5\/\"> <span class=\"screen-reader-text\">Fichas Perfil 2019 Comuna 5<\/span> Leer m\u00e1s &raquo;<\/a><\/p>\n","protected":false},"author":1,"featured_media":0,"parent":0,"menu_order":0,"comment_status":"closed","ping_status":"closed","template":"","meta":{"_mi_skip_tracking":false,"site-sidebar-layout":"no-sidebar","site-content-layout":"page-builder","ast-main-header-display":"","ast-hfb-above-header-display":"","ast-hfb-below-header-display":"","ast-hfb-mobile-header-display":"","site-post-title":"disabled","ast-breadcrumbs-content":"","ast-featured-img":"disabled","footer-sml-layout":"","theme-transparent-header-meta":"default","adv-header-id-meta":"","stick-header-meta":"","header-above-stick-meta":"","header-main-stick-meta":"","header-below-stick-meta":""},"categories":[87,100,104],"tags":[],"yoast_head":"<!-- This site is optimized with the Yoast SEO plugin v17.4 - https:\/\/yoast.com\/wordpress\/plugins\/seo\/ -->\n<title>Fichas Perfil 2019 Comuna 5 - Nuestro Desarrollo<\/title>\n<meta name=\"robots\" content=\"index, follow, max-snippet:-1, max-image-preview:large, max-video-preview:-1\" \/>\n<link rel=\"canonical\" href=\"\/ndesarrollo\/fichas-perfil-2019-comuna-5\/\" \/>\n<meta property=\"og:locale\" content=\"es_ES\" \/>\n<meta property=\"og:type\" content=\"article\" \/>\n<meta property=\"og:title\" content=\"Fichas Perfil 2019 Comuna 5 - Nuestro Desarrollo\" \/>\n<meta property=\"og:description\" content=\"Fichas formuladas bajo el direccionamiento t\u00e9cnico de la Unidad de Planeaci\u00f3n del Desarrollo Municipal y Local de la Subdirecci\u00f3n de Planeaci\u00f3n Social y Econ\u00f3mica del Departamento Administrativo de Planeaci\u00f3n de la Alcald\u00eda de Medell\u00edn con el acompa\u00f1amiento de las distintas Secretar\u00edas y Entes Descentralizados. 19_FP_PP_C5_COLEGIO MAYOR 19_FP_PP_C5_CULTURA 19_FP_PP_C5_DSLL ECONOMICO 19_FP_PP_C5_INCLUSION 19_FP_PP_C5_INCLUSION_2 19_FP_PP_C5_INCLUSION_3 19_FP_PP_C5_INCLUSION_4 19_FP_PP_C5_INCLUSION_5 19_FP_PP_C5_INCLUSION_6 &hellip; Fichas Perfil 2019 Comuna 5 Leer m\u00e1s &raquo;\" \/>\n<meta property=\"og:url\" content=\"\/ndesarrollo\/fichas-perfil-2019-comuna-5\/\" \/>\n<meta property=\"og:site_name\" content=\"Nuestro Desarrollo\" \/>\n<meta property=\"article:publisher\" content=\"https:\/\/www.facebook.com\/AlcaldiadeMed\" \/>\n<meta property=\"article:modified_time\" content=\"2023-04-04T03:25:13+00:00\" \/>\n<meta property=\"og:image\" content=\"\/ndesarrollo\/wp-content\/uploads\/2022\/09\/Comuna-5-3.jpg\" \/>\n<meta name=\"twitter:card\" content=\"summary_large_image\" \/>\n<meta name=\"twitter:site\" content=\"@AlcaldiadeMed\" \/>\n<meta name=\"twitter:label1\" content=\"Tiempo de lectura\" \/>\n\t<meta name=\"twitter:data1\" content=\"1 minuto\" \/>\n<script type=\"application\/ld+json\" class=\"yoast-schema-graph\">{\"@context\":\"https:\/\/schema.org\",\"@graph\":[{\"@type\":\"Organization\",\"@id\":\"\/ndesarrollo\/#organization\",\"name\":\"Alcald\\u00eda de Medell\\u00edn\",\"url\":\"\/ndesarrollo\/\",\"sameAs\":[\"https:\/\/www.facebook.com\/AlcaldiadeMed\",\"https:\/\/www.instagram.com\/alcaldiademed\/\",\"https:\/\/www.linkedin.com\/company\/alcaldiademedellin\",\"https:\/\/www.youtube.com\/channel\/UCAFLU70jPz4bODq_5BSWPIg\",\"https:\/\/twitter.com\/AlcaldiadeMed\"],\"logo\":{\"@type\":\"ImageObject\",\"@id\":\"\/ndesarrollo\/#logo\",\"inLanguage\":\"es\",\"url\":\"http:\/\/10.1.222.218\/ndesarrollo\/wp-content\/uploads\/2021\/11\/EscudoIcon.png\",\"contentUrl\":\"http:\/\/10.1.222.218\/ndesarrollo\/wp-content\/uploads\/2021\/11\/EscudoIcon.png\",\"width\":32,\"height\":32,\"caption\":\"Alcald\\u00eda de Medell\\u00edn\"},\"image\":{\"@id\":\"\/ndesarrollo\/#logo\"}},{\"@type\":\"WebSite\",\"@id\":\"\/ndesarrollo\/#website\",\"url\":\"\/ndesarrollo\/\",\"name\":\"Nuestro Desarrollo\",\"description\":\"Nuestro Desarrollo es una plataforma de Planeaci\\u00f3n del Desarrollo Local y Presupuesto Participativo\",\"publisher\":{\"@id\":\"\/ndesarrollo\/#organization\"},\"potentialAction\":[{\"@type\":\"SearchAction\",\"target\":{\"@type\":\"EntryPoint\",\"urlTemplate\":\"\/ndesarrollo\/?s={search_term_string}\"},\"query-input\":\"required name=search_term_string\"}],\"inLanguage\":\"es\"},{\"@type\":\"ImageObject\",\"@id\":\"\/ndesarrollo\/fichas-perfil-2019-comuna-5\/#primaryimage\",\"inLanguage\":\"es\",\"url\":\"\/ndesarrollo\/wp-content\/uploads\/2022\/09\/Comuna-5-3.jpg\",\"contentUrl\":\"\/ndesarrollo\/wp-content\/uploads\/2022\/09\/Comuna-5-3.jpg\",\"width\":1981,\"height\":293},{\"@type\":\"WebPage\",\"@id\":\"\/ndesarrollo\/fichas-perfil-2019-comuna-5\/#webpage\",\"url\":\"\/ndesarrollo\/fichas-perfil-2019-comuna-5\/\",\"name\":\"Fichas Perfil 2019 Comuna 5 - Nuestro Desarrollo\",\"isPartOf\":{\"@id\":\"\/ndesarrollo\/#website\"},\"primaryImageOfPage\":{\"@id\":\"\/ndesarrollo\/fichas-perfil-2019-comuna-5\/#primaryimage\"},\"datePublished\":\"2021-10-14T15:30:41+00:00\",\"dateModified\":\"2023-04-04T03:25:13+00:00\",\"breadcrumb\":{\"@id\":\"\/ndesarrollo\/fichas-perfil-2019-comuna-5\/#breadcrumb\"},\"inLanguage\":\"es\",\"potentialAction\":[{\"@type\":\"ReadAction\",\"target\":[\"\/ndesarrollo\/fichas-perfil-2019-comuna-5\/\"]}]},{\"@type\":\"BreadcrumbList\",\"@id\":\"\/ndesarrollo\/fichas-perfil-2019-comuna-5\/#breadcrumb\",\"itemListElement\":[{\"@type\":\"ListItem\",\"position\":1,\"name\":\"Portada\",\"item\":\"\/ndesarrollo\/\"},{\"@type\":\"ListItem\",\"position\":2,\"name\":\"Fichas Perfil 2019 Comuna 5\"}]}]}<\/script>\n<!-- \/ Yoast SEO plugin. -->","yoast_head_json":{"title":"Fichas Perfil 2019 Comuna 5 - Nuestro Desarrollo","robots":{"index":"index","follow":"follow","max-snippet":"max-snippet:-1","max-image-preview":"max-image-preview:large","max-video-preview":"max-video-preview:-1"},"canonical":"\/ndesarrollo\/fichas-perfil-2019-comuna-5\/","og_locale":"es_ES","og_type":"article","og_title":"Fichas Perfil 2019 Comuna 5 - Nuestro Desarrollo","og_description":"Fichas formuladas bajo el direccionamiento t\u00e9cnico de la Unidad de Planeaci\u00f3n del Desarrollo Municipal y Local de la Subdirecci\u00f3n de Planeaci\u00f3n Social y Econ\u00f3mica del Departamento Administrativo de Planeaci\u00f3n de la Alcald\u00eda de Medell\u00edn con el acompa\u00f1amiento de las distintas Secretar\u00edas y Entes Descentralizados. 19_FP_PP_C5_COLEGIO MAYOR 19_FP_PP_C5_CULTURA 19_FP_PP_C5_DSLL ECONOMICO 19_FP_PP_C5_INCLUSION 19_FP_PP_C5_INCLUSION_2 19_FP_PP_C5_INCLUSION_3 19_FP_PP_C5_INCLUSION_4 19_FP_PP_C5_INCLUSION_5 19_FP_PP_C5_INCLUSION_6 &hellip; Fichas Perfil 2019 Comuna 5 Leer m\u00e1s &raquo;","og_url":"\/ndesarrollo\/fichas-perfil-2019-comuna-5\/","og_site_name":"Nuestro Desarrollo","article_publisher":"https:\/\/www.facebook.com\/AlcaldiadeMed","article_modified_time":"2023-04-04T03:25:13+00:00","og_image":[{"url":"\/ndesarrollo\/wp-content\/uploads\/2022\/09\/Comuna-5-3.jpg"}],"twitter_card":"summary_large_image","twitter_site":"@AlcaldiadeMed","twitter_misc":{"Tiempo de lectura":"1 minuto"},"schema":{"@context":"https:\/\/schema.org","@graph":[{"@type":"Organization","@id":"\/ndesarrollo\/#organization","name":"Alcald\u00eda de Medell\u00edn","url":"\/ndesarrollo\/","sameAs":["https:\/\/www.facebook.com\/AlcaldiadeMed","https:\/\/www.instagram.com\/alcaldiademed\/","https:\/\/www.linkedin.com\/company\/alcaldiademedellin","https:\/\/www.youtube.com\/channel\/UCAFLU70jPz4bODq_5BSWPIg","https:\/\/twitter.com\/AlcaldiadeMed"],"logo":{"@type":"ImageObject","@id":"\/ndesarrollo\/#logo","inLanguage":"es","url":"http:\/\/10.1.222.218\/ndesarrollo\/wp-content\/uploads\/2021\/11\/EscudoIcon.png","contentUrl":"http:\/\/10.1.222.218\/ndesarrollo\/wp-content\/uploads\/2021\/11\/EscudoIcon.png","width":32,"height":32,"caption":"Alcald\u00eda de Medell\u00edn"},"image":{"@id":"\/ndesarrollo\/#logo"}},{"@type":"WebSite","@id":"\/ndesarrollo\/#website","url":"\/ndesarrollo\/","name":"Nuestro Desarrollo","description":"Nuestro Desarrollo es una plataforma de Planeaci\u00f3n del Desarrollo Local y Presupuesto Participativo","publisher":{"@id":"\/ndesarrollo\/#organization"},"potentialAction":[{"@type":"SearchAction","target":{"@type":"EntryPoint","urlTemplate":"\/ndesarrollo\/?s={search_term_string}"},"query-input":"required name=search_term_string"}],"inLanguage":"es"},{"@type":"ImageObject","@id":"\/ndesarrollo\/fichas-perfil-2019-comuna-5\/#primaryimage","inLanguage":"es","url":"\/ndesarrollo\/wp-content\/uploads\/2022\/09\/Comuna-5-3.jpg","contentUrl":"\/ndesarrollo\/wp-content\/uploads\/2022\/09\/Comuna-5-3.jpg","width":1981,"height":293},{"@type":"WebPage","@id":"\/ndesarrollo\/fichas-perfil-2019-comuna-5\/#webpage","url":"\/ndesarrollo\/fichas-perfil-2019-comuna-5\/","name":"Fichas Perfil 2019 Comuna 5 - Nuestro Desarrollo","isPartOf":{"@id":"\/ndesarrollo\/#website"},"primaryImageOfPage":{"@id":"\/ndesarrollo\/fichas-perfil-2019-comuna-5\/#primaryimage"},"datePublished":"2021-10-14T15:30:41+00:00","dateModified":"2023-04-04T03:25:13+00:00","breadcrumb":{"@id":"\/ndesarrollo\/fichas-perfil-2019-comuna-5\/#breadcrumb"},"inLanguage":"es","potentialAction":[{"@type":"ReadAction","target":["\/ndesarrollo\/fichas-perfil-2019-comuna-5\/"]}]},{"@type":"BreadcrumbList","@id":"\/ndesarrollo\/fichas-perfil-2019-comuna-5\/#breadcrumb","itemListElement":[{"@type":"ListItem","position":1,"name":"Portada","item":"\/ndesarrollo\/"},{"@type":"ListItem","position":2,"name":"Fichas Perfil 2019 Comuna 5"}]}]}},"_links":{"self":[{"href":"\/ndesarrollo\/wp-json\/wp\/v2\/pages\/7301"}],"collection":[{"href":"\/ndesarrollo\/wp-json\/wp\/v2\/pages"}],"about":[{"href":"\/ndesarrollo\/wp-json\/wp\/v2\/types\/page"}],"author":[{"embeddable":true,"href":"\/ndesarrollo\/wp-json\/wp\/v2\/users\/1"}],"replies":[{"embeddable":true,"href":"\/ndesarrollo\/wp-json\/wp\/v2\/comments?post=7301"}],"version-history":[{"count":13,"href":"\/ndesarrollo\/wp-json\/wp\/v2\/pages\/7301\/revisions"}],"predecessor-version":[{"id":22292,"href":"\/ndesarrollo\/wp-json\/wp\/v2\/pages\/7301\/revisions\/22292"}],"wp:attachment":[{"href":"\/ndesarrollo\/wp-json\/wp\/v2\/media?parent=7301"}],"wp:term":[{"taxonomy":"category","embeddable":true,"href":"\/ndesarrollo\/wp-json\/wp\/v2\/categories?post=7301"},{"taxonomy":"post_tag","embeddable":true,"href":"\/ndesarrollo\/wp-json\/wp\/v2\/tags?post=7301"}],"curies":[{"name":"wp","href":"https:\/\/api.w.org\/{rel}","templated":true}]}}