{"id":865,"date":"2021-08-05T16:30:37","date_gmt":"2021-08-05T16:30:37","guid":{"rendered":"http:\/\/10.1.222.218\/ndesarrollo\/?page_id=865"},"modified":"2022-10-11T14:18:51","modified_gmt":"2022-10-11T14:18:51","slug":"sonemos-nuestro-desarrollo","status":"publish","type":"page","link":"\/ndesarrollo\/sonemos-nuestro-desarrollo\/","title":{"rendered":"So\u00f1emos Nuestro Desarrollo"},"content":{"rendered":"\t\t<div data-elementor-type=\"wp-page\" data-elementor-id=\"865\" class=\"elementor elementor-865\" data-elementor-settings=\"[]\">\n\t\t\t\t\t\t\t<div class=\"elementor-section-wrap\">\n\t\t\t\t\t\t\t<section data-particle_enable=\"false\" data-particle-mobile-disabled=\"false\" class=\"elementor-section elementor-top-section elementor-element elementor-element-e331810 elementor-section-full_width elementor-section-height-default elementor-section-height-default\" data-id=\"e331810\" data-element_type=\"section\">\n\t\t\t\t\t\t<div class=\"elementor-container elementor-column-gap-no\">\n\t\t\t\t\t<div class=\"elementor-column elementor-col-100 elementor-top-column elementor-element elementor-element-8b53076\" data-id=\"8b53076\" data-element_type=\"column\">\n\t\t\t<div class=\"elementor-widget-wrap elementor-element-populated\">\n\t\t\t\t\t\t\t\t<div class=\"elementor-element elementor-element-432d1c5 elementor-widget elementor-widget-image\" data-id=\"432d1c5\" data-element_type=\"widget\" data-widget_type=\"image.default\">\n\t\t\t\t<div class=\"elementor-widget-container\">\n\t\t\t\t\t\t\t\t\t\t\t\t\t\t\t<img width=\"1982\" height=\"290\" src=\"\/ndesarrollo\/wp-content\/uploads\/2022\/07\/Sonemos-Nuestro-Desarrollo-50.jpg\" class=\"attachment-full size-full\" alt=\"\" loading=\"lazy\" srcset=\"\/ndesarrollo\/wp-content\/uploads\/2022\/07\/Sonemos-Nuestro-Desarrollo-50.jpg 1982w, \/ndesarrollo\/wp-content\/uploads\/2022\/07\/Sonemos-Nuestro-Desarrollo-50-300x44.jpg 300w, \/ndesarrollo\/wp-content\/uploads\/2022\/07\/Sonemos-Nuestro-Desarrollo-50-1024x150.jpg 1024w, \/ndesarrollo\/wp-content\/uploads\/2022\/07\/Sonemos-Nuestro-Desarrollo-50-768x112.jpg 768w, \/ndesarrollo\/wp-content\/uploads\/2022\/07\/Sonemos-Nuestro-Desarrollo-50-1536x225.jpg 1536w\" sizes=\"(max-width: 1982px) 100vw, 1982px\" \/>\t\t\t\t\t\t\t\t\t\t\t\t\t\t\t<\/div>\n\t\t\t\t<\/div>\n\t\t\t\t\t<\/div>\n\t\t<\/div>\n\t\t\t\t\t\t\t<\/div>\n\t\t<\/section>\n\t\t\t\t<section data-particle_enable=\"false\" data-particle-mobile-disabled=\"false\" class=\"elementor-section elementor-top-section elementor-element elementor-element-fa191e6 elementor-section-boxed elementor-section-height-default elementor-section-height-default\" data-id=\"fa191e6\" data-element_type=\"section\">\n\t\t\t\t\t\t<div class=\"elementor-container elementor-column-gap-default\">\n\t\t\t\t\t<div class=\"elementor-column elementor-col-100 elementor-top-column elementor-element elementor-element-ab7bcd7\" data-id=\"ab7bcd7\" data-element_type=\"column\">\n\t\t\t<div class=\"elementor-widget-wrap elementor-element-populated\">\n\t\t\t\t\t\t\t\t<div class=\"elementor-element elementor-element-997e917 elementor-widget elementor-widget-spacer\" data-id=\"997e917\" data-element_type=\"widget\" data-widget_type=\"spacer.default\">\n\t\t\t\t<div class=\"elementor-widget-container\">\n\t\t\t\t\t<div class=\"elementor-spacer\">\n\t\t\t<div class=\"elementor-spacer-inner\"><\/div>\n\t\t<\/div>\n\t\t\t\t<\/div>\n\t\t\t\t<\/div>\n\t\t\t\t\t<\/div>\n\t\t<\/div>\n\t\t\t\t\t\t\t<\/div>\n\t\t<\/section>\n\t\t\t\t<section data-particle_enable=\"false\" data-particle-mobile-disabled=\"false\" class=\"elementor-section elementor-top-section elementor-element elementor-element-75a242f elementor-section-boxed elementor-section-height-default elementor-section-height-default\" data-id=\"75a242f\" data-element_type=\"section\">\n\t\t\t\t\t\t<div class=\"elementor-container elementor-column-gap-default\">\n\t\t\t\t\t<div class=\"elementor-column elementor-col-100 elementor-top-column elementor-element elementor-element-d9b5e55\" data-id=\"d9b5e55\" data-element_type=\"column\">\n\t\t\t<div class=\"elementor-widget-wrap elementor-element-populated\">\n\t\t\t\t\t\t\t\t<section data-particle_enable=\"false\" data-particle-mobile-disabled=\"false\" class=\"elementor-section elementor-inner-section elementor-element elementor-element-67078d3 elementor-section-boxed elementor-section-height-default elementor-section-height-default\" data-id=\"67078d3\" data-element_type=\"section\">\n\t\t\t\t\t\t<div class=\"elementor-container elementor-column-gap-default\">\n\t\t\t\t\t<div class=\"elementor-column elementor-col-100 elementor-inner-column elementor-element elementor-element-3b43c4b\" data-id=\"3b43c4b\" data-element_type=\"column\">\n\t\t\t<div class=\"elementor-widget-wrap elementor-element-populated\">\n\t\t\t\t\t\t\t\t<div class=\"elementor-element elementor-element-8ee48bb elementor-widget elementor-widget-heading\" data-id=\"8ee48bb\" data-element_type=\"widget\" data-widget_type=\"heading.default\">\n\t\t\t\t<div class=\"elementor-widget-container\">\n\t\t\t<h6 class=\"elementor-heading-title elementor-size-medium\">Ac\u00e1 encontrar\u00e1s herramientas pedag\u00f3gicas, l\u00fadicas como estrategia de aprendizaje, de conocimiento y apropiaci\u00f3n del proceso de planeaci\u00f3n del Desarrollo Local y el Sistema Distrital de Planeaci\u00f3n.<\/h6>\t\t<\/div>\n\t\t\t\t<\/div>\n\t\t\t\t<div class=\"elementor-element elementor-element-75e94f1 elementor-widget elementor-widget-spacer\" data-id=\"75e94f1\" data-element_type=\"widget\" data-widget_type=\"spacer.default\">\n\t\t\t\t<div class=\"elementor-widget-container\">\n\t\t\t\t\t<div class=\"elementor-spacer\">\n\t\t\t<div class=\"elementor-spacer-inner\"><\/div>\n\t\t<\/div>\n\t\t\t\t<\/div>\n\t\t\t\t<\/div>\n\t\t\t\t\t<\/div>\n\t\t<\/div>\n\t\t\t\t\t\t\t<\/div>\n\t\t<\/section>\n\t\t\t\t<section data-particle_enable=\"false\" data-particle-mobile-disabled=\"false\" class=\"elementor-section elementor-inner-section elementor-element elementor-element-22692e7 elementor-section-boxed elementor-section-height-default elementor-section-height-default\" data-id=\"22692e7\" data-element_type=\"section\">\n\t\t\t\t\t\t<div class=\"elementor-container elementor-column-gap-default\">\n\t\t\t\t\t<div class=\"elementor-column elementor-col-50 elementor-inner-column elementor-element elementor-element-9261feb\" data-id=\"9261feb\" data-element_type=\"column\">\n\t\t\t<div class=\"elementor-widget-wrap elementor-element-populated\">\n\t\t\t\t\t\t\t\t<div class=\"elementor-element elementor-element-410329c elementor-widget elementor-widget-eael-lightbox\" data-id=\"410329c\" data-element_type=\"widget\" data-widget_type=\"eael-lightbox.default\">\n\t\t\t\t<div class=\"elementor-widget-container\">\n\t\t\t\n\n\t\t<div data-lightbox-type=\"lightbox_type_url\" data-lightbox-type-url=\"https:\/\/es.educaplay.com\/juego\/10632799-crusigrama_territorial.html   \" data-lightbox-trigger-pageload=\"1\" data-lightbox-closebtn-color=\"#ffffff\" class=\"eael-lightbox-wrapper\" data-trigger=\"eael_lightbox_trigger_button\" data-lightbox-id=\"lightbox_69d15e97a33cd\" data-type=\"iframe\" data-src=\"https:\/\/es.educaplay.com\/juego\/10632799-crusigrama_territorial.html\" data-iframe-class=\"eael-lightbox-popup-window eael-lightbox-modal-window-410329c\" data-popup-layout=\"eael-lightbox-popup-standard\" data-main-class=\"eael-lightbox-modal-popup-410329c\" data-close_button=\"yes\" data-esc_exit=\"yes\" data-click_exit=\"yes\" data-effect=\"animated \" data-trigger-element=\".eael-modal-popup-link-69d15e97a33cd\">\n\t\t\t<div class=\"eael-lightbox-btn\">\n\t\t\t\t<span id=\"btn-eael-lightbox-69d15e97a33cd\" class=\"eael-modal-popup-button eael-modal-popup-link eael-modal-popup-link-69d15e97a33cd elementor-button elementor-size-sm\">Crucigrama Territorial<\/ span>\t\t\t<\/div><!-- close .eael-lightbox-btn -->\n\t\t<\/div>\n\n\t\t<div class=\"eael-lightbox-popup-window eael-lightbox-popup-window-410329c lightbox_type_url\" id=\"eael-lightbox-window-69d15e97a33cd\">\n\t\t\t<div class=\"eael-lightbox-container\">\n\t\t\t\t\n\n\t\t\t<\/div>\n\t\t<\/div>\n\t\t<\/div>\n\t\t\t\t<\/div>\n\t\t\t\t\t<\/div>\n\t\t<\/div>\n\t\t\t\t<div class=\"elementor-column elementor-col-50 elementor-inner-column elementor-element elementor-element-447c85e\" data-id=\"447c85e\" data-element_type=\"column\">\n\t\t\t<div class=\"elementor-widget-wrap elementor-element-populated\">\n\t\t\t\t\t\t\t\t<div class=\"elementor-element elementor-element-b22d030 elementor-widget elementor-widget-eael-lightbox\" data-id=\"b22d030\" data-element_type=\"widget\" data-widget_type=\"eael-lightbox.default\">\n\t\t\t\t<div class=\"elementor-widget-container\">\n\t\t\t\n\n\t\t<div data-lightbox-type=\"lightbox_type_url\" data-lightbox-type-url=\"https:\/\/es.educaplay.com\/juego\/10693618-test_historia_de_la_planeacion.html   \" data-lightbox-trigger-pageload=\"1\" data-lightbox-closebtn-color=\"#ffffff\" class=\"eael-lightbox-wrapper\" data-trigger=\"eael_lightbox_trigger_button\" data-lightbox-id=\"lightbox_69d15e97a405a\" data-type=\"iframe\" data-src=\"https:\/\/es.educaplay.com\/juego\/10693618-test_historia_de_la_planeacion.html\" data-iframe-class=\"eael-lightbox-popup-window eael-lightbox-modal-window-b22d030\" data-popup-layout=\"eael-lightbox-popup-standard\" data-main-class=\"eael-lightbox-modal-popup-b22d030\" data-close_button=\"yes\" data-esc_exit=\"yes\" data-click_exit=\"yes\" data-effect=\"animated \" data-trigger-element=\".eael-modal-popup-link-69d15e97a405a\">\n\t\t\t<div class=\"eael-lightbox-btn\">\n\t\t\t\t<span id=\"btn-eael-lightbox-69d15e97a405a\" class=\"eael-modal-popup-button eael-modal-popup-link eael-modal-popup-link-69d15e97a405a elementor-button elementor-size-sm\">Test Historia de la Planeaci\u00f3n<\/ span>\t\t\t<\/div><!-- close .eael-lightbox-btn -->\n\t\t<\/div>\n\n\t\t<div class=\"eael-lightbox-popup-window eael-lightbox-popup-window-b22d030 lightbox_type_url\" id=\"eael-lightbox-window-69d15e97a405a\">\n\t\t\t<div class=\"eael-lightbox-container\">\n\t\t\t\t\n\n\t\t\t<\/div>\n\t\t<\/div>\n\t\t<\/div>\n\t\t\t\t<\/div>\n\t\t\t\t\t<\/div>\n\t\t<\/div>\n\t\t\t\t\t\t\t<\/div>\n\t\t<\/section>\n\t\t\t\t<section data-particle_enable=\"false\" data-particle-mobile-disabled=\"false\" class=\"elementor-section elementor-inner-section elementor-element elementor-element-3fa15f7 elementor-section-boxed elementor-section-height-default elementor-section-height-default\" data-id=\"3fa15f7\" data-element_type=\"section\">\n\t\t\t\t\t\t<div class=\"elementor-container elementor-column-gap-default\">\n\t\t\t\t\t<div class=\"elementor-column elementor-col-50 elementor-inner-column elementor-element elementor-element-dda37d0\" data-id=\"dda37d0\" data-element_type=\"column\">\n\t\t\t<div class=\"elementor-widget-wrap elementor-element-populated\">\n\t\t\t\t\t\t\t\t<div class=\"elementor-element elementor-element-fe260a3 elementor-widget elementor-widget-eael-lightbox\" data-id=\"fe260a3\" data-element_type=\"widget\" data-widget_type=\"eael-lightbox.default\">\n\t\t\t\t<div class=\"elementor-widget-container\">\n\t\t\t\n\n\t\t<div data-lightbox-type=\"lightbox_type_url\" data-lightbox-type-url=\"https:\/\/es.educaplay.com\/juego\/10988492-sopa_de_letras.html   \" data-lightbox-trigger-pageload=\"1\" data-lightbox-closebtn-color=\"#ffffff\" class=\"eael-lightbox-wrapper\" data-trigger=\"eael_lightbox_trigger_button\" data-lightbox-id=\"lightbox_69d15e97a4ffe\" data-type=\"iframe\" data-src=\"https:\/\/es.educaplay.com\/juego\/10988492-sopa_de_letras.html\" data-iframe-class=\"eael-lightbox-popup-window eael-lightbox-modal-window-fe260a3\" data-popup-layout=\"eael-lightbox-popup-standard\" data-main-class=\"eael-lightbox-modal-popup-fe260a3\" data-close_button=\"yes\" data-esc_exit=\"yes\" data-click_exit=\"yes\" data-effect=\"animated \" data-trigger-element=\".eael-modal-popup-link-69d15e97a4ffe\">\n\t\t\t<div class=\"eael-lightbox-btn\">\n\t\t\t\t<span id=\"btn-eael-lightbox-69d15e97a4ffe\" class=\"eael-modal-popup-button eael-modal-popup-link eael-modal-popup-link-69d15e97a4ffe elementor-button elementor-size-sm\">Crucigrama Territorial<\/ span>\t\t\t<\/div><!-- close .eael-lightbox-btn -->\n\t\t<\/div>\n\n\t\t<div class=\"eael-lightbox-popup-window eael-lightbox-popup-window-fe260a3 lightbox_type_url\" id=\"eael-lightbox-window-69d15e97a4ffe\">\n\t\t\t<div class=\"eael-lightbox-container\">\n\t\t\t\t\n\n\t\t\t<\/div>\n\t\t<\/div>\n\t\t<\/div>\n\t\t\t\t<\/div>\n\t\t\t\t\t<\/div>\n\t\t<\/div>\n\t\t\t\t<div class=\"elementor-column elementor-col-50 elementor-inner-column elementor-element elementor-element-96c7776\" data-id=\"96c7776\" data-element_type=\"column\">\n\t\t\t<div class=\"elementor-widget-wrap elementor-element-populated\">\n\t\t\t\t\t\t\t\t<div class=\"elementor-element elementor-element-0c4d2ec elementor-widget elementor-widget-eael-lightbox\" data-id=\"0c4d2ec\" data-element_type=\"widget\" data-widget_type=\"eael-lightbox.default\">\n\t\t\t\t<div class=\"elementor-widget-container\">\n\t\t\t\n\n\t\t<div data-lightbox-type=\"lightbox_type_url\" data-lightbox-type-url=\"https:\/\/es.educaplay.com\/juego\/10988807-sopa_de_letras.html   \" data-lightbox-trigger-pageload=\"1\" data-lightbox-closebtn-color=\"#ffffff\" class=\"eael-lightbox-wrapper\" data-trigger=\"eael_lightbox_trigger_button\" data-lightbox-id=\"lightbox_69d15e97a5d66\" data-type=\"iframe\" data-src=\"https:\/\/es.educaplay.com\/juego\/10988807-sopa_de_letras.html\" data-iframe-class=\"eael-lightbox-popup-window eael-lightbox-modal-window-0c4d2ec\" data-popup-layout=\"eael-lightbox-popup-standard\" data-main-class=\"eael-lightbox-modal-popup-0c4d2ec\" data-close_button=\"yes\" data-esc_exit=\"yes\" data-click_exit=\"yes\" data-effect=\"animated \" data-trigger-element=\".eael-modal-popup-link-69d15e97a5d66\">\n\t\t\t<div class=\"eael-lightbox-btn\">\n\t\t\t\t<span id=\"btn-eael-lightbox-69d15e97a5d66\" class=\"eael-modal-popup-button eael-modal-popup-link eael-modal-popup-link-69d15e97a5d66 elementor-button elementor-size-sm\">Sopa de Letras Territorial <\/ span>\t\t\t<\/div><!-- close .eael-lightbox-btn -->\n\t\t<\/div>\n\n\t\t<div class=\"eael-lightbox-popup-window eael-lightbox-popup-window-0c4d2ec lightbox_type_url\" id=\"eael-lightbox-window-69d15e97a5d66\">\n\t\t\t<div class=\"eael-lightbox-container\">\n\t\t\t\t\n\n\t\t\t<\/div>\n\t\t<\/div>\n\t\t<\/div>\n\t\t\t\t<\/div>\n\t\t\t\t\t<\/div>\n\t\t<\/div>\n\t\t\t\t\t\t\t<\/div>\n\t\t<\/section>\n\t\t\t\t\t<\/div>\n\t\t<\/div>\n\t\t\t\t\t\t\t<\/div>\n\t\t<\/section>\n\t\t\t\t<section data-particle_enable=\"false\" data-particle-mobile-disabled=\"false\" class=\"elementor-section elementor-top-section elementor-element elementor-element-4bf0998b elementor-section-boxed elementor-section-height-default elementor-section-height-default\" data-id=\"4bf0998b\" data-element_type=\"section\">\n\t\t\t\t\t\t<div class=\"elementor-container elementor-column-gap-no\">\n\t\t\t\t\t<div class=\"elementor-column elementor-col-100 elementor-top-column elementor-element elementor-element-6eab0d63\" data-id=\"6eab0d63\" data-element_type=\"column\">\n\t\t\t<div class=\"elementor-widget-wrap elementor-element-populated\">\n\t\t\t\t\t\t\t\t<div class=\"elementor-element elementor-element-2e7346a elementor-widget elementor-widget-image\" data-id=\"2e7346a\" data-element_type=\"widget\" data-widget_type=\"image.default\">\n\t\t\t\t<div class=\"elementor-widget-container\">\n\t\t\t\t\t\t\t\t\t\t\t\t\t\t\t<img width=\"1920\" height=\"214\" src=\"\/ndesarrollo\/wp-content\/uploads\/2021\/07\/SeparadorV2.png\" class=\"attachment-full size-full\" alt=\"\" loading=\"lazy\" \/>\t\t\t\t\t\t\t\t\t\t\t\t\t\t\t<\/div>\n\t\t\t\t<\/div>\n\t\t\t\t\t<\/div>\n\t\t<\/div>\n\t\t\t\t\t\t\t<\/div>\n\t\t<\/section>\n\t\t\t\t\t\t<\/div>\n\t\t\t\t\t<\/div>\n\t\t","protected":false},"excerpt":{"rendered":"<p>Ac\u00e1 encontrar\u00e1s herramientas pedag\u00f3gicas, l\u00fadicas como estrategia de aprendizaje, de conocimiento y apropiaci\u00f3n del proceso de planeaci\u00f3n del Desarrollo Local y el Sistema Distrital de Planeaci\u00f3n. Crucigrama Territorial Test Historia de la Planeaci\u00f3n Crucigrama Territorial Sopa de Letras Territorial<\/p>\n","protected":false},"author":1,"featured_media":0,"parent":0,"menu_order":0,"comment_status":"closed","ping_status":"closed","template":"","meta":{"_mi_skip_tracking":false,"site-sidebar-layout":"no-sidebar","site-content-layout":"page-builder","ast-main-header-display":"","ast-hfb-above-header-display":"","ast-hfb-below-header-display":"","ast-hfb-mobile-header-display":"","site-post-title":"disabled","ast-breadcrumbs-content":"","ast-featured-img":"disabled","footer-sml-layout":"","theme-transparent-header-meta":"default","adv-header-id-meta":"","stick-header-meta":"","header-above-stick-meta":"","header-main-stick-meta":"","header-below-stick-meta":""},"categories":[90,93],"tags":[],"yoast_head":"<!-- This site is optimized with the Yoast SEO plugin v17.4 - https:\/\/yoast.com\/wordpress\/plugins\/seo\/ -->\n<title>So\u00f1emos Nuestro Desarrollo - Nuestro Desarrollo<\/title>\n<meta name=\"robots\" content=\"index, follow, max-snippet:-1, max-image-preview:large, max-video-preview:-1\" \/>\n<link rel=\"canonical\" href=\"\/ndesarrollo\/sonemos-nuestro-desarrollo\/\" \/>\n<meta property=\"og:locale\" content=\"es_ES\" \/>\n<meta property=\"og:type\" content=\"article\" \/>\n<meta property=\"og:title\" content=\"So\u00f1emos Nuestro Desarrollo - Nuestro Desarrollo\" \/>\n<meta property=\"og:description\" content=\"Ac\u00e1 encontrar\u00e1s herramientas pedag\u00f3gicas, l\u00fadicas como estrategia de aprendizaje, de conocimiento y apropiaci\u00f3n del proceso de planeaci\u00f3n del Desarrollo Local y el Sistema Distrital de Planeaci\u00f3n. Crucigrama Territorial Test Historia de la Planeaci\u00f3n Crucigrama Territorial Sopa de Letras Territorial\" \/>\n<meta property=\"og:url\" content=\"\/ndesarrollo\/sonemos-nuestro-desarrollo\/\" \/>\n<meta property=\"og:site_name\" content=\"Nuestro Desarrollo\" \/>\n<meta property=\"article:publisher\" content=\"https:\/\/www.facebook.com\/AlcaldiadeMed\" \/>\n<meta property=\"article:modified_time\" content=\"2022-10-11T14:18:51+00:00\" \/>\n<meta property=\"og:image\" content=\"http:\/\/10.1.222.218\/ndesarrollo\/wp-content\/uploads\/2022\/07\/Sonemos-Nuestro-Desarrollo-50.jpg\" \/>\n<meta name=\"twitter:card\" content=\"summary_large_image\" \/>\n<meta name=\"twitter:site\" content=\"@AlcaldiadeMed\" \/>\n<meta name=\"twitter:label1\" content=\"Tiempo de lectura\" \/>\n\t<meta name=\"twitter:data1\" content=\"1 minuto\" \/>\n<script type=\"application\/ld+json\" class=\"yoast-schema-graph\">{\"@context\":\"https:\/\/schema.org\",\"@graph\":[{\"@type\":\"Organization\",\"@id\":\"\/ndesarrollo\/#organization\",\"name\":\"Alcald\\u00eda de Medell\\u00edn\",\"url\":\"\/ndesarrollo\/\",\"sameAs\":[\"https:\/\/www.facebook.com\/AlcaldiadeMed\",\"https:\/\/www.instagram.com\/alcaldiademed\/\",\"https:\/\/www.linkedin.com\/company\/alcaldiademedellin\",\"https:\/\/www.youtube.com\/channel\/UCAFLU70jPz4bODq_5BSWPIg\",\"https:\/\/twitter.com\/AlcaldiadeMed\"],\"logo\":{\"@type\":\"ImageObject\",\"@id\":\"\/ndesarrollo\/#logo\",\"inLanguage\":\"es\",\"url\":\"http:\/\/10.1.222.218\/ndesarrollo\/wp-content\/uploads\/2021\/11\/EscudoIcon.png\",\"contentUrl\":\"http:\/\/10.1.222.218\/ndesarrollo\/wp-content\/uploads\/2021\/11\/EscudoIcon.png\",\"width\":32,\"height\":32,\"caption\":\"Alcald\\u00eda de Medell\\u00edn\"},\"image\":{\"@id\":\"\/ndesarrollo\/#logo\"}},{\"@type\":\"WebSite\",\"@id\":\"\/ndesarrollo\/#website\",\"url\":\"\/ndesarrollo\/\",\"name\":\"Nuestro Desarrollo\",\"description\":\"Nuestro Desarrollo es una plataforma de Planeaci\\u00f3n del Desarrollo Local y Presupuesto Participativo\",\"publisher\":{\"@id\":\"\/ndesarrollo\/#organization\"},\"potentialAction\":[{\"@type\":\"SearchAction\",\"target\":{\"@type\":\"EntryPoint\",\"urlTemplate\":\"\/ndesarrollo\/?s={search_term_string}\"},\"query-input\":\"required name=search_term_string\"}],\"inLanguage\":\"es\"},{\"@type\":\"ImageObject\",\"@id\":\"\/ndesarrollo\/sonemos-nuestro-desarrollo\/#primaryimage\",\"inLanguage\":\"es\",\"url\":\"http:\/\/10.1.222.218\/ndesarrollo\/wp-content\/uploads\/2022\/07\/Sonemos-Nuestro-Desarrollo-50.jpg\",\"contentUrl\":\"http:\/\/10.1.222.218\/ndesarrollo\/wp-content\/uploads\/2022\/07\/Sonemos-Nuestro-Desarrollo-50.jpg\"},{\"@type\":\"WebPage\",\"@id\":\"\/ndesarrollo\/sonemos-nuestro-desarrollo\/#webpage\",\"url\":\"\/ndesarrollo\/sonemos-nuestro-desarrollo\/\",\"name\":\"So\\u00f1emos Nuestro Desarrollo - Nuestro Desarrollo\",\"isPartOf\":{\"@id\":\"\/ndesarrollo\/#website\"},\"primaryImageOfPage\":{\"@id\":\"\/ndesarrollo\/sonemos-nuestro-desarrollo\/#primaryimage\"},\"datePublished\":\"2021-08-05T16:30:37+00:00\",\"dateModified\":\"2022-10-11T14:18:51+00:00\",\"breadcrumb\":{\"@id\":\"\/ndesarrollo\/sonemos-nuestro-desarrollo\/#breadcrumb\"},\"inLanguage\":\"es\",\"potentialAction\":[{\"@type\":\"ReadAction\",\"target\":[\"\/ndesarrollo\/sonemos-nuestro-desarrollo\/\"]}]},{\"@type\":\"BreadcrumbList\",\"@id\":\"\/ndesarrollo\/sonemos-nuestro-desarrollo\/#breadcrumb\",\"itemListElement\":[{\"@type\":\"ListItem\",\"position\":1,\"name\":\"Portada\",\"item\":\"\/ndesarrollo\/\"},{\"@type\":\"ListItem\",\"position\":2,\"name\":\"So\\u00f1emos Nuestro Desarrollo\"}]}]}<\/script>\n<!-- \/ Yoast SEO plugin. -->","yoast_head_json":{"title":"So\u00f1emos Nuestro Desarrollo - Nuestro Desarrollo","robots":{"index":"index","follow":"follow","max-snippet":"max-snippet:-1","max-image-preview":"max-image-preview:large","max-video-preview":"max-video-preview:-1"},"canonical":"\/ndesarrollo\/sonemos-nuestro-desarrollo\/","og_locale":"es_ES","og_type":"article","og_title":"So\u00f1emos Nuestro Desarrollo - Nuestro Desarrollo","og_description":"Ac\u00e1 encontrar\u00e1s herramientas pedag\u00f3gicas, l\u00fadicas como estrategia de aprendizaje, de conocimiento y apropiaci\u00f3n del proceso de planeaci\u00f3n del Desarrollo Local y el Sistema Distrital de Planeaci\u00f3n. Crucigrama Territorial Test Historia de la Planeaci\u00f3n Crucigrama Territorial Sopa de Letras Territorial","og_url":"\/ndesarrollo\/sonemos-nuestro-desarrollo\/","og_site_name":"Nuestro Desarrollo","article_publisher":"https:\/\/www.facebook.com\/AlcaldiadeMed","article_modified_time":"2022-10-11T14:18:51+00:00","og_image":[{"url":"http:\/\/10.1.222.218\/ndesarrollo\/wp-content\/uploads\/2022\/07\/Sonemos-Nuestro-Desarrollo-50.jpg"}],"twitter_card":"summary_large_image","twitter_site":"@AlcaldiadeMed","twitter_misc":{"Tiempo de lectura":"1 minuto"},"schema":{"@context":"https:\/\/schema.org","@graph":[{"@type":"Organization","@id":"\/ndesarrollo\/#organization","name":"Alcald\u00eda de Medell\u00edn","url":"\/ndesarrollo\/","sameAs":["https:\/\/www.facebook.com\/AlcaldiadeMed","https:\/\/www.instagram.com\/alcaldiademed\/","https:\/\/www.linkedin.com\/company\/alcaldiademedellin","https:\/\/www.youtube.com\/channel\/UCAFLU70jPz4bODq_5BSWPIg","https:\/\/twitter.com\/AlcaldiadeMed"],"logo":{"@type":"ImageObject","@id":"\/ndesarrollo\/#logo","inLanguage":"es","url":"http:\/\/10.1.222.218\/ndesarrollo\/wp-content\/uploads\/2021\/11\/EscudoIcon.png","contentUrl":"http:\/\/10.1.222.218\/ndesarrollo\/wp-content\/uploads\/2021\/11\/EscudoIcon.png","width":32,"height":32,"caption":"Alcald\u00eda de Medell\u00edn"},"image":{"@id":"\/ndesarrollo\/#logo"}},{"@type":"WebSite","@id":"\/ndesarrollo\/#website","url":"\/ndesarrollo\/","name":"Nuestro Desarrollo","description":"Nuestro Desarrollo es una plataforma de Planeaci\u00f3n del Desarrollo Local y Presupuesto Participativo","publisher":{"@id":"\/ndesarrollo\/#organization"},"potentialAction":[{"@type":"SearchAction","target":{"@type":"EntryPoint","urlTemplate":"\/ndesarrollo\/?s={search_term_string}"},"query-input":"required name=search_term_string"}],"inLanguage":"es"},{"@type":"ImageObject","@id":"\/ndesarrollo\/sonemos-nuestro-desarrollo\/#primaryimage","inLanguage":"es","url":"http:\/\/10.1.222.218\/ndesarrollo\/wp-content\/uploads\/2022\/07\/Sonemos-Nuestro-Desarrollo-50.jpg","contentUrl":"http:\/\/10.1.222.218\/ndesarrollo\/wp-content\/uploads\/2022\/07\/Sonemos-Nuestro-Desarrollo-50.jpg"},{"@type":"WebPage","@id":"\/ndesarrollo\/sonemos-nuestro-desarrollo\/#webpage","url":"\/ndesarrollo\/sonemos-nuestro-desarrollo\/","name":"So\u00f1emos Nuestro Desarrollo - Nuestro Desarrollo","isPartOf":{"@id":"\/ndesarrollo\/#website"},"primaryImageOfPage":{"@id":"\/ndesarrollo\/sonemos-nuestro-desarrollo\/#primaryimage"},"datePublished":"2021-08-05T16:30:37+00:00","dateModified":"2022-10-11T14:18:51+00:00","breadcrumb":{"@id":"\/ndesarrollo\/sonemos-nuestro-desarrollo\/#breadcrumb"},"inLanguage":"es","potentialAction":[{"@type":"ReadAction","target":["\/ndesarrollo\/sonemos-nuestro-desarrollo\/"]}]},{"@type":"BreadcrumbList","@id":"\/ndesarrollo\/sonemos-nuestro-desarrollo\/#breadcrumb","itemListElement":[{"@type":"ListItem","position":1,"name":"Portada","item":"\/ndesarrollo\/"},{"@type":"ListItem","position":2,"name":"So\u00f1emos Nuestro Desarrollo"}]}]}},"_links":{"self":[{"href":"\/ndesarrollo\/wp-json\/wp\/v2\/pages\/865"}],"collection":[{"href":"\/ndesarrollo\/wp-json\/wp\/v2\/pages"}],"about":[{"href":"\/ndesarrollo\/wp-json\/wp\/v2\/types\/page"}],"author":[{"embeddable":true,"href":"\/ndesarrollo\/wp-json\/wp\/v2\/users\/1"}],"replies":[{"embeddable":true,"href":"\/ndesarrollo\/wp-json\/wp\/v2\/comments?post=865"}],"version-history":[{"count":92,"href":"\/ndesarrollo\/wp-json\/wp\/v2\/pages\/865\/revisions"}],"predecessor-version":[{"id":17995,"href":"\/ndesarrollo\/wp-json\/wp\/v2\/pages\/865\/revisions\/17995"}],"wp:attachment":[{"href":"\/ndesarrollo\/wp-json\/wp\/v2\/media?parent=865"}],"wp:term":[{"taxonomy":"category","embeddable":true,"href":"\/ndesarrollo\/wp-json\/wp\/v2\/categories?post=865"},{"taxonomy":"post_tag","embeddable":true,"href":"\/ndesarrollo\/wp-json\/wp\/v2\/tags?post=865"}],"curies":[{"name":"wp","href":"https:\/\/api.w.org\/{rel}","templated":true}]}}