{"id":901,"date":"2021-08-06T03:08:36","date_gmt":"2021-08-06T03:08:36","guid":{"rendered":"http:\/\/10.1.222.218\/ndesarrollo\/?page_id=901"},"modified":"2023-10-20T15:40:17","modified_gmt":"2023-10-20T15:40:17","slug":"apoyo-para-la-gestion","status":"publish","type":"page","link":"\/ndesarrollo\/apoyo-para-la-gestion\/","title":{"rendered":"Asesor\u00eda para la Gesti\u00f3n"},"content":{"rendered":"\t\t<div data-elementor-type=\"wp-page\" data-elementor-id=\"901\" class=\"elementor elementor-901\" data-elementor-settings=\"[]\">\n\t\t\t\t\t\t\t<div class=\"elementor-section-wrap\">\n\t\t\t\t\t\t\t<section data-particle_enable=\"false\" data-particle-mobile-disabled=\"false\" class=\"elementor-section elementor-top-section elementor-element elementor-element-463f546 elementor-section-full_width elementor-section-height-default elementor-section-height-default\" data-id=\"463f546\" data-element_type=\"section\">\n\t\t\t\t\t\t<div class=\"elementor-container elementor-column-gap-no\">\n\t\t\t\t\t<div class=\"elementor-column elementor-col-100 elementor-top-column elementor-element elementor-element-13b1deb\" data-id=\"13b1deb\" data-element_type=\"column\">\n\t\t\t<div class=\"elementor-widget-wrap elementor-element-populated\">\n\t\t\t\t\t\t\t\t<div class=\"elementor-element elementor-element-e095276 elementor-widget elementor-widget-image\" data-id=\"e095276\" data-element_type=\"widget\" data-widget_type=\"image.default\">\n\t\t\t\t<div class=\"elementor-widget-container\">\n\t\t\t\t\t\t\t\t\t\t\t\t\t\t\t<img width=\"1982\" height=\"292\" src=\"\/ndesarrollo\/wp-content\/uploads\/2022\/11\/Asesoria-Para-la-gestion.jpg\" class=\"attachment-full size-full\" alt=\"\" loading=\"lazy\" srcset=\"\/ndesarrollo\/wp-content\/uploads\/2022\/11\/Asesoria-Para-la-gestion.jpg 1982w, \/ndesarrollo\/wp-content\/uploads\/2022\/11\/Asesoria-Para-la-gestion-300x44.jpg 300w, \/ndesarrollo\/wp-content\/uploads\/2022\/11\/Asesoria-Para-la-gestion-1024x151.jpg 1024w, \/ndesarrollo\/wp-content\/uploads\/2022\/11\/Asesoria-Para-la-gestion-768x113.jpg 768w, \/ndesarrollo\/wp-content\/uploads\/2022\/11\/Asesoria-Para-la-gestion-1536x226.jpg 1536w\" sizes=\"(max-width: 1982px) 100vw, 1982px\" \/>\t\t\t\t\t\t\t\t\t\t\t\t\t\t\t<\/div>\n\t\t\t\t<\/div>\n\t\t\t\t\t<\/div>\n\t\t<\/div>\n\t\t\t\t\t\t\t<\/div>\n\t\t<\/section>\n\t\t\t\t<section data-particle_enable=\"false\" data-particle-mobile-disabled=\"false\" class=\"elementor-section elementor-top-section elementor-element elementor-element-02f9fa6 elementor-section-boxed elementor-section-height-default elementor-section-height-default\" data-id=\"02f9fa6\" data-element_type=\"section\">\n\t\t\t\t\t\t<div class=\"elementor-container elementor-column-gap-default\">\n\t\t\t\t\t<div class=\"elementor-column elementor-col-100 elementor-top-column elementor-element elementor-element-f3e3572\" data-id=\"f3e3572\" data-element_type=\"column\">\n\t\t\t<div class=\"elementor-widget-wrap elementor-element-populated\">\n\t\t\t\t\t\t\t\t<div class=\"elementor-element elementor-element-ed00daf elementor-widget elementor-widget-text-editor\" data-id=\"ed00daf\" data-element_type=\"widget\" data-widget_type=\"text-editor.default\">\n\t\t\t\t<div class=\"elementor-widget-container\">\n\t\t\t\t\t\t\t<p>En esta secci\u00f3n encontraras diferentes herramientas que tienen como finalidad, orientar al ciudadano en la formulaci\u00f3n y gesti\u00f3n de las ideas de proyecto de los Planes de Desarrollo Local para el desarrollo de su territorio, con el acompa\u00f1amiento t\u00e9cnico de la Administraci\u00f3n distrital de la ciudad de Medell\u00edn.<\/p>\t\t\t\t\t\t<\/div>\n\t\t\t\t<\/div>\n\t\t\t\t\t<\/div>\n\t\t<\/div>\n\t\t\t\t\t\t\t<\/div>\n\t\t<\/section>\n\t\t\t\t<section data-particle_enable=\"false\" data-particle-mobile-disabled=\"false\" class=\"elementor-section elementor-top-section elementor-element elementor-element-1dd6a3b0 elementor-section-full_width elementor-section-height-min-height elementor-section-content-middle elementor-section-height-default elementor-section-items-middle\" data-id=\"1dd6a3b0\" data-element_type=\"section\" data-settings=\"{&quot;background_background&quot;:&quot;classic&quot;}\">\n\t\t\t\t\t\t<div class=\"elementor-container elementor-column-gap-no\">\n\t\t\t\t\t<div class=\"elementor-column elementor-col-100 elementor-top-column elementor-element elementor-element-73755b70\" data-id=\"73755b70\" data-element_type=\"column\">\n\t\t\t<div class=\"elementor-widget-wrap\">\n\t\t\t\t\t\t\t\t\t<\/div>\n\t\t<\/div>\n\t\t\t\t\t\t\t<\/div>\n\t\t<\/section>\n\t\t\t\t<section data-particle_enable=\"false\" data-particle-mobile-disabled=\"false\" class=\"elementor-section elementor-top-section elementor-element elementor-element-3f3ca0 elementor-section-boxed elementor-section-height-default elementor-section-height-default\" data-id=\"3f3ca0\" data-element_type=\"section\">\n\t\t\t\t\t\t<div class=\"elementor-container elementor-column-gap-default\">\n\t\t\t\t\t<div class=\"elementor-column elementor-col-100 elementor-top-column elementor-element elementor-element-f016ba2\" data-id=\"f016ba2\" data-element_type=\"column\">\n\t\t\t<div class=\"elementor-widget-wrap\">\n\t\t\t\t\t\t\t\t\t<\/div>\n\t\t<\/div>\n\t\t\t\t\t\t\t<\/div>\n\t\t<\/section>\n\t\t\t\t<section data-particle_enable=\"false\" data-particle-mobile-disabled=\"false\" class=\"elementor-section elementor-top-section elementor-element elementor-element-3e2e88b elementor-section-boxed elementor-section-height-default elementor-section-height-default\" data-id=\"3e2e88b\" data-element_type=\"section\">\n\t\t\t\t\t\t<div class=\"elementor-container elementor-column-gap-default\">\n\t\t\t\t\t<div class=\"elementor-column elementor-col-50 elementor-top-column elementor-element elementor-element-d028893\" data-id=\"d028893\" data-element_type=\"column\">\n\t\t\t<div class=\"elementor-widget-wrap elementor-element-populated\">\n\t\t\t\t\t\t\t\t<section data-particle_enable=\"false\" data-particle-mobile-disabled=\"false\" class=\"elementor-section elementor-inner-section elementor-element elementor-element-b404e0b elementor-section-boxed elementor-section-height-default elementor-section-height-default\" data-id=\"b404e0b\" data-element_type=\"section\">\n\t\t\t\t\t\t<div class=\"elementor-container elementor-column-gap-default\">\n\t\t\t\t\t<div class=\"elementor-column elementor-col-100 elementor-inner-column elementor-element elementor-element-e70e61f\" data-id=\"e70e61f\" data-element_type=\"column\" data-settings=\"{&quot;background_background&quot;:&quot;classic&quot;}\">\n\t\t\t<div class=\"elementor-widget-wrap elementor-element-populated\">\n\t\t\t\t\t\t\t\t<div class=\"elementor-element elementor-element-35e516c elementor-widget elementor-widget-image\" data-id=\"35e516c\" data-element_type=\"widget\" data-widget_type=\"image.default\">\n\t\t\t\t<div class=\"elementor-widget-container\">\n\t\t\t\t\t\t\t\t\t\t\t\t\t\t\t\t<a href=\"\/ndesarrollo\/?page_id=907\" target=\"_blank\">\n\t\t\t\t\t\t\t<img width=\"650\" height=\"450\" src=\"\/ndesarrollo\/wp-content\/uploads\/2021\/12\/9-Planes-de-Desarrollo-Local.jpg\" class=\"attachment-medium_large size-medium_large\" alt=\"\" loading=\"lazy\" srcset=\"\/ndesarrollo\/wp-content\/uploads\/2021\/12\/9-Planes-de-Desarrollo-Local.jpg 650w, \/ndesarrollo\/wp-content\/uploads\/2021\/12\/9-Planes-de-Desarrollo-Local-300x208.jpg 300w\" sizes=\"(max-width: 650px) 100vw, 650px\" \/>\t\t\t\t\t\t\t\t<\/a>\n\t\t\t\t\t\t\t\t\t\t\t\t\t\t\t<\/div>\n\t\t\t\t<\/div>\n\t\t\t\t<div class=\"elementor-element elementor-element-6dc5e17 elementor-align-justify elementor-widget elementor-widget-button\" data-id=\"6dc5e17\" data-element_type=\"widget\" data-widget_type=\"button.default\">\n\t\t\t\t<div class=\"elementor-widget-container\">\n\t\t\t\t\t<div class=\"elementor-button-wrapper\">\n\t\t\t<a href=\"https:\/\/www.medellin.gov.co\/ndesarrollo\/wp-content\/reactPages\/biplProyectosTipo.html\" target=\"_blank\" class=\"elementor-button-link elementor-button elementor-size-md\" role=\"button\">\n\t\t\t\t\t\t<span class=\"elementor-button-content-wrapper\">\n\t\t\t\t\t\t<span class=\"elementor-button-text\">Proyectos tipo<\/span>\n\t\t<\/span>\n\t\t\t\t\t<\/a>\n\t\t<\/div>\n\t\t\t\t<\/div>\n\t\t\t\t<\/div>\n\t\t\t\t\t<\/div>\n\t\t<\/div>\n\t\t\t\t\t\t\t<\/div>\n\t\t<\/section>\n\t\t\t\t\t<\/div>\n\t\t<\/div>\n\t\t\t\t<div class=\"elementor-column elementor-col-50 elementor-top-column elementor-element elementor-element-42da955\" data-id=\"42da955\" data-element_type=\"column\">\n\t\t\t<div class=\"elementor-widget-wrap elementor-element-populated\">\n\t\t\t\t\t\t\t\t<section data-particle_enable=\"false\" data-particle-mobile-disabled=\"false\" class=\"elementor-section elementor-inner-section elementor-element elementor-element-8310fbd elementor-section-boxed elementor-section-height-default elementor-section-height-default\" data-id=\"8310fbd\" data-element_type=\"section\">\n\t\t\t\t\t\t<div class=\"elementor-container elementor-column-gap-default\">\n\t\t\t\t\t<div class=\"elementor-column elementor-col-100 elementor-inner-column elementor-element elementor-element-564819a\" data-id=\"564819a\" data-element_type=\"column\" data-settings=\"{&quot;background_background&quot;:&quot;classic&quot;}\">\n\t\t\t<div class=\"elementor-widget-wrap elementor-element-populated\">\n\t\t\t\t\t\t\t\t<div class=\"elementor-element elementor-element-3be077d elementor-widget elementor-widget-image\" data-id=\"3be077d\" data-element_type=\"widget\" data-widget_type=\"image.default\">\n\t\t\t\t<div class=\"elementor-widget-container\">\n\t\t\t\t\t\t\t\t\t\t\t\t\t\t\t\t<a href=\"\/ndesarrollo\/?page_id=907\" target=\"_blank\">\n\t\t\t\t\t\t\t<img width=\"768\" height=\"513\" src=\"\/ndesarrollo\/wp-content\/uploads\/2023\/08\/Fotos-de-Ciudad-6185-1-768x513.jpg\" class=\"attachment-medium_large size-medium_large\" alt=\"\" loading=\"lazy\" srcset=\"\/ndesarrollo\/wp-content\/uploads\/2023\/08\/Fotos-de-Ciudad-6185-1-768x513.jpg 768w, \/ndesarrollo\/wp-content\/uploads\/2023\/08\/Fotos-de-Ciudad-6185-1-300x200.jpg 300w, \/ndesarrollo\/wp-content\/uploads\/2023\/08\/Fotos-de-Ciudad-6185-1-1024x684.jpg 1024w, \/ndesarrollo\/wp-content\/uploads\/2023\/08\/Fotos-de-Ciudad-6185-1-1536x1025.jpg 1536w, \/ndesarrollo\/wp-content\/uploads\/2023\/08\/Fotos-de-Ciudad-6185-1-2048x1367.jpg 2048w\" sizes=\"(max-width: 768px) 100vw, 768px\" \/>\t\t\t\t\t\t\t\t<\/a>\n\t\t\t\t\t\t\t\t\t\t\t\t\t\t\t<\/div>\n\t\t\t\t<\/div>\n\t\t\t\t<div class=\"elementor-element elementor-element-da54696 elementor-align-justify elementor-widget elementor-widget-button\" data-id=\"da54696\" data-element_type=\"widget\" data-widget_type=\"button.default\">\n\t\t\t\t<div class=\"elementor-widget-container\">\n\t\t\t\t\t<div class=\"elementor-button-wrapper\">\n\t\t\t<a href=\"https:\/\/www.medellin.gov.co\/ndesarrollo\/wp-content\/reactPages\/EncuestaPCC.html\" target=\"_blank\" class=\"elementor-button-link elementor-button elementor-size-md\" role=\"button\">\n\t\t\t\t\t\t<span class=\"elementor-button-content-wrapper\">\n\t\t\t\t\t\t<span class=\"elementor-button-text\">Proyectos de Formulaci\u00f3n Comunitaria<\/span>\n\t\t<\/span>\n\t\t\t\t\t<\/a>\n\t\t<\/div>\n\t\t\t\t<\/div>\n\t\t\t\t<\/div>\n\t\t\t\t\t<\/div>\n\t\t<\/div>\n\t\t\t\t\t\t\t<\/div>\n\t\t<\/section>\n\t\t\t\t\t<\/div>\n\t\t<\/div>\n\t\t\t\t\t\t\t<\/div>\n\t\t<\/section>\n\t\t\t\t<section data-particle_enable=\"false\" data-particle-mobile-disabled=\"false\" class=\"elementor-section elementor-top-section elementor-element elementor-element-cdde6a8 elementor-section-full_width elementor-section-height-default elementor-section-height-default\" data-id=\"cdde6a8\" data-element_type=\"section\">\n\t\t\t\t\t\t<div class=\"elementor-container elementor-column-gap-default\">\n\t\t\t\t\t<div class=\"elementor-column elementor-col-100 elementor-top-column elementor-element elementor-element-1502a27\" data-id=\"1502a27\" data-element_type=\"column\">\n\t\t\t<div class=\"elementor-widget-wrap elementor-element-populated\">\n\t\t\t\t\t\t\t\t<div class=\"elementor-element elementor-element-fa99111 elementor-widget elementor-widget-image\" data-id=\"fa99111\" data-element_type=\"widget\" data-widget_type=\"image.default\">\n\t\t\t\t<div class=\"elementor-widget-container\">\n\t\t\t\t\t\t\t\t\t\t\t\t\t\t\t<img width=\"1920\" height=\"214\" src=\"\/ndesarrollo\/wp-content\/uploads\/2021\/07\/SeparadorV2.png\" class=\"attachment-full size-full\" alt=\"\" loading=\"lazy\" \/>\t\t\t\t\t\t\t\t\t\t\t\t\t\t\t<\/div>\n\t\t\t\t<\/div>\n\t\t\t\t\t<\/div>\n\t\t<\/div>\n\t\t\t\t\t\t\t<\/div>\n\t\t<\/section>\n\t\t\t\t\t\t<\/div>\n\t\t\t\t\t<\/div>\n\t\t","protected":false},"excerpt":{"rendered":"<p>En esta secci\u00f3n encontraras diferentes herramientas que tienen como finalidad, orientar al ciudadano en la formulaci\u00f3n y gesti\u00f3n de las ideas de proyecto de los Planes de Desarrollo Local para el desarrollo de su territorio, con el acompa\u00f1amiento t\u00e9cnico de la Administraci\u00f3n distrital de la ciudad de Medell\u00edn. Proyectos tipo Proyectos de Formulaci\u00f3n Comunitaria<\/p>\n","protected":false},"author":1,"featured_media":0,"parent":0,"menu_order":0,"comment_status":"closed","ping_status":"closed","template":"","meta":{"_mi_skip_tracking":false,"site-sidebar-layout":"no-sidebar","site-content-layout":"page-builder","ast-main-header-display":"","ast-hfb-above-header-display":"","ast-hfb-below-header-display":"","ast-hfb-mobile-header-display":"","site-post-title":"disabled","ast-breadcrumbs-content":"","ast-featured-img":"disabled","footer-sml-layout":"","theme-transparent-header-meta":"default","adv-header-id-meta":"","stick-header-meta":"","header-above-stick-meta":"","header-main-stick-meta":"","header-below-stick-meta":""},"categories":[99,87],"tags":[],"yoast_head":"<!-- This site is optimized with the Yoast SEO plugin v17.4 - https:\/\/yoast.com\/wordpress\/plugins\/seo\/ -->\n<title>Asesor\u00eda para la Gesti\u00f3n - Nuestro Desarrollo<\/title>\n<meta name=\"robots\" content=\"index, follow, max-snippet:-1, max-image-preview:large, max-video-preview:-1\" \/>\n<link rel=\"canonical\" href=\"\/ndesarrollo\/apoyo-para-la-gestion\/\" \/>\n<meta property=\"og:locale\" content=\"es_ES\" \/>\n<meta property=\"og:type\" content=\"article\" \/>\n<meta property=\"og:title\" content=\"Asesor\u00eda para la Gesti\u00f3n - Nuestro Desarrollo\" \/>\n<meta property=\"og:description\" content=\"En esta secci\u00f3n encontraras diferentes herramientas que tienen como finalidad, orientar al ciudadano en la formulaci\u00f3n y gesti\u00f3n de las ideas de proyecto de los Planes de Desarrollo Local para el desarrollo de su territorio, con el acompa\u00f1amiento t\u00e9cnico de la Administraci\u00f3n distrital de la ciudad de Medell\u00edn. Proyectos tipo Proyectos de Formulaci\u00f3n Comunitaria\" \/>\n<meta property=\"og:url\" content=\"\/ndesarrollo\/apoyo-para-la-gestion\/\" \/>\n<meta property=\"og:site_name\" content=\"Nuestro Desarrollo\" \/>\n<meta property=\"article:publisher\" content=\"https:\/\/www.facebook.com\/AlcaldiadeMed\" \/>\n<meta property=\"article:modified_time\" content=\"2023-10-20T15:40:17+00:00\" \/>\n<meta property=\"og:image\" content=\"\/ndesarrollo\/wp-content\/uploads\/2022\/11\/Asesoria-Para-la-gestion.jpg\" \/>\n<meta name=\"twitter:card\" content=\"summary_large_image\" \/>\n<meta name=\"twitter:site\" content=\"@AlcaldiadeMed\" \/>\n<meta name=\"twitter:label1\" content=\"Tiempo de lectura\" \/>\n\t<meta name=\"twitter:data1\" content=\"2 minutos\" \/>\n<script type=\"application\/ld+json\" class=\"yoast-schema-graph\">{\"@context\":\"https:\/\/schema.org\",\"@graph\":[{\"@type\":\"Organization\",\"@id\":\"\/ndesarrollo\/#organization\",\"name\":\"Alcald\\u00eda de Medell\\u00edn\",\"url\":\"\/ndesarrollo\/\",\"sameAs\":[\"https:\/\/www.facebook.com\/AlcaldiadeMed\",\"https:\/\/www.instagram.com\/alcaldiademed\/\",\"https:\/\/www.linkedin.com\/company\/alcaldiademedellin\",\"https:\/\/www.youtube.com\/channel\/UCAFLU70jPz4bODq_5BSWPIg\",\"https:\/\/twitter.com\/AlcaldiadeMed\"],\"logo\":{\"@type\":\"ImageObject\",\"@id\":\"\/ndesarrollo\/#logo\",\"inLanguage\":\"es\",\"url\":\"http:\/\/10.1.222.218\/ndesarrollo\/wp-content\/uploads\/2021\/11\/EscudoIcon.png\",\"contentUrl\":\"http:\/\/10.1.222.218\/ndesarrollo\/wp-content\/uploads\/2021\/11\/EscudoIcon.png\",\"width\":32,\"height\":32,\"caption\":\"Alcald\\u00eda de Medell\\u00edn\"},\"image\":{\"@id\":\"\/ndesarrollo\/#logo\"}},{\"@type\":\"WebSite\",\"@id\":\"\/ndesarrollo\/#website\",\"url\":\"\/ndesarrollo\/\",\"name\":\"Nuestro Desarrollo\",\"description\":\"Nuestro Desarrollo es una plataforma de Planeaci\\u00f3n del Desarrollo Local y Presupuesto Participativo\",\"publisher\":{\"@id\":\"\/ndesarrollo\/#organization\"},\"potentialAction\":[{\"@type\":\"SearchAction\",\"target\":{\"@type\":\"EntryPoint\",\"urlTemplate\":\"\/ndesarrollo\/?s={search_term_string}\"},\"query-input\":\"required name=search_term_string\"}],\"inLanguage\":\"es\"},{\"@type\":\"ImageObject\",\"@id\":\"\/ndesarrollo\/apoyo-para-la-gestion\/#primaryimage\",\"inLanguage\":\"es\",\"url\":\"\/ndesarrollo\/wp-content\/uploads\/2022\/11\/Asesoria-Para-la-gestion.jpg\",\"contentUrl\":\"\/ndesarrollo\/wp-content\/uploads\/2022\/11\/Asesoria-Para-la-gestion.jpg\",\"width\":1982,\"height\":292},{\"@type\":\"WebPage\",\"@id\":\"\/ndesarrollo\/apoyo-para-la-gestion\/#webpage\",\"url\":\"\/ndesarrollo\/apoyo-para-la-gestion\/\",\"name\":\"Asesor\\u00eda para la Gesti\\u00f3n - Nuestro Desarrollo\",\"isPartOf\":{\"@id\":\"\/ndesarrollo\/#website\"},\"primaryImageOfPage\":{\"@id\":\"\/ndesarrollo\/apoyo-para-la-gestion\/#primaryimage\"},\"datePublished\":\"2021-08-06T03:08:36+00:00\",\"dateModified\":\"2023-10-20T15:40:17+00:00\",\"breadcrumb\":{\"@id\":\"\/ndesarrollo\/apoyo-para-la-gestion\/#breadcrumb\"},\"inLanguage\":\"es\",\"potentialAction\":[{\"@type\":\"ReadAction\",\"target\":[\"\/ndesarrollo\/apoyo-para-la-gestion\/\"]}]},{\"@type\":\"BreadcrumbList\",\"@id\":\"\/ndesarrollo\/apoyo-para-la-gestion\/#breadcrumb\",\"itemListElement\":[{\"@type\":\"ListItem\",\"position\":1,\"name\":\"Portada\",\"item\":\"\/ndesarrollo\/\"},{\"@type\":\"ListItem\",\"position\":2,\"name\":\"Asesor\\u00eda para la Gesti\\u00f3n\"}]}]}<\/script>\n<!-- \/ Yoast SEO plugin. -->","yoast_head_json":{"title":"Asesor\u00eda para la Gesti\u00f3n - Nuestro Desarrollo","robots":{"index":"index","follow":"follow","max-snippet":"max-snippet:-1","max-image-preview":"max-image-preview:large","max-video-preview":"max-video-preview:-1"},"canonical":"\/ndesarrollo\/apoyo-para-la-gestion\/","og_locale":"es_ES","og_type":"article","og_title":"Asesor\u00eda para la Gesti\u00f3n - Nuestro Desarrollo","og_description":"En esta secci\u00f3n encontraras diferentes herramientas que tienen como finalidad, orientar al ciudadano en la formulaci\u00f3n y gesti\u00f3n de las ideas de proyecto de los Planes de Desarrollo Local para el desarrollo de su territorio, con el acompa\u00f1amiento t\u00e9cnico de la Administraci\u00f3n distrital de la ciudad de Medell\u00edn. Proyectos tipo Proyectos de Formulaci\u00f3n Comunitaria","og_url":"\/ndesarrollo\/apoyo-para-la-gestion\/","og_site_name":"Nuestro Desarrollo","article_publisher":"https:\/\/www.facebook.com\/AlcaldiadeMed","article_modified_time":"2023-10-20T15:40:17+00:00","og_image":[{"url":"\/ndesarrollo\/wp-content\/uploads\/2022\/11\/Asesoria-Para-la-gestion.jpg"}],"twitter_card":"summary_large_image","twitter_site":"@AlcaldiadeMed","twitter_misc":{"Tiempo de lectura":"2 minutos"},"schema":{"@context":"https:\/\/schema.org","@graph":[{"@type":"Organization","@id":"\/ndesarrollo\/#organization","name":"Alcald\u00eda de Medell\u00edn","url":"\/ndesarrollo\/","sameAs":["https:\/\/www.facebook.com\/AlcaldiadeMed","https:\/\/www.instagram.com\/alcaldiademed\/","https:\/\/www.linkedin.com\/company\/alcaldiademedellin","https:\/\/www.youtube.com\/channel\/UCAFLU70jPz4bODq_5BSWPIg","https:\/\/twitter.com\/AlcaldiadeMed"],"logo":{"@type":"ImageObject","@id":"\/ndesarrollo\/#logo","inLanguage":"es","url":"http:\/\/10.1.222.218\/ndesarrollo\/wp-content\/uploads\/2021\/11\/EscudoIcon.png","contentUrl":"http:\/\/10.1.222.218\/ndesarrollo\/wp-content\/uploads\/2021\/11\/EscudoIcon.png","width":32,"height":32,"caption":"Alcald\u00eda de Medell\u00edn"},"image":{"@id":"\/ndesarrollo\/#logo"}},{"@type":"WebSite","@id":"\/ndesarrollo\/#website","url":"\/ndesarrollo\/","name":"Nuestro Desarrollo","description":"Nuestro Desarrollo es una plataforma de Planeaci\u00f3n del Desarrollo Local y Presupuesto Participativo","publisher":{"@id":"\/ndesarrollo\/#organization"},"potentialAction":[{"@type":"SearchAction","target":{"@type":"EntryPoint","urlTemplate":"\/ndesarrollo\/?s={search_term_string}"},"query-input":"required name=search_term_string"}],"inLanguage":"es"},{"@type":"ImageObject","@id":"\/ndesarrollo\/apoyo-para-la-gestion\/#primaryimage","inLanguage":"es","url":"\/ndesarrollo\/wp-content\/uploads\/2022\/11\/Asesoria-Para-la-gestion.jpg","contentUrl":"\/ndesarrollo\/wp-content\/uploads\/2022\/11\/Asesoria-Para-la-gestion.jpg","width":1982,"height":292},{"@type":"WebPage","@id":"\/ndesarrollo\/apoyo-para-la-gestion\/#webpage","url":"\/ndesarrollo\/apoyo-para-la-gestion\/","name":"Asesor\u00eda para la Gesti\u00f3n - Nuestro Desarrollo","isPartOf":{"@id":"\/ndesarrollo\/#website"},"primaryImageOfPage":{"@id":"\/ndesarrollo\/apoyo-para-la-gestion\/#primaryimage"},"datePublished":"2021-08-06T03:08:36+00:00","dateModified":"2023-10-20T15:40:17+00:00","breadcrumb":{"@id":"\/ndesarrollo\/apoyo-para-la-gestion\/#breadcrumb"},"inLanguage":"es","potentialAction":[{"@type":"ReadAction","target":["\/ndesarrollo\/apoyo-para-la-gestion\/"]}]},{"@type":"BreadcrumbList","@id":"\/ndesarrollo\/apoyo-para-la-gestion\/#breadcrumb","itemListElement":[{"@type":"ListItem","position":1,"name":"Portada","item":"\/ndesarrollo\/"},{"@type":"ListItem","position":2,"name":"Asesor\u00eda para la Gesti\u00f3n"}]}]}},"_links":{"self":[{"href":"\/ndesarrollo\/wp-json\/wp\/v2\/pages\/901"}],"collection":[{"href":"\/ndesarrollo\/wp-json\/wp\/v2\/pages"}],"about":[{"href":"\/ndesarrollo\/wp-json\/wp\/v2\/types\/page"}],"author":[{"embeddable":true,"href":"\/ndesarrollo\/wp-json\/wp\/v2\/users\/1"}],"replies":[{"embeddable":true,"href":"\/ndesarrollo\/wp-json\/wp\/v2\/comments?post=901"}],"version-history":[{"count":64,"href":"\/ndesarrollo\/wp-json\/wp\/v2\/pages\/901\/revisions"}],"predecessor-version":[{"id":23444,"href":"\/ndesarrollo\/wp-json\/wp\/v2\/pages\/901\/revisions\/23444"}],"wp:attachment":[{"href":"\/ndesarrollo\/wp-json\/wp\/v2\/media?parent=901"}],"wp:term":[{"taxonomy":"category","embeddable":true,"href":"\/ndesarrollo\/wp-json\/wp\/v2\/categories?post=901"},{"taxonomy":"post_tag","embeddable":true,"href":"\/ndesarrollo\/wp-json\/wp\/v2\/tags?post=901"}],"curies":[{"name":"wp","href":"https:\/\/api.w.org\/{rel}","templated":true}]}}