{"id":907,"date":"2021-08-06T03:11:19","date_gmt":"2021-08-06T03:11:19","guid":{"rendered":"http:\/\/10.1.222.218\/ndesarrollo\/?page_id=907"},"modified":"2023-05-24T17:27:41","modified_gmt":"2023-05-24T17:27:41","slug":"proyectos-tipo","status":"publish","type":"page","link":"\/ndesarrollo\/proyectos-tipo\/","title":{"rendered":"Proyectos Tipo"},"content":{"rendered":"\t\t<div data-elementor-type=\"wp-page\" data-elementor-id=\"907\" class=\"elementor elementor-907\" data-elementor-settings=\"[]\">\n\t\t\t\t\t\t\t<div class=\"elementor-section-wrap\">\n\t\t\t\t\t\t\t<section data-particle_enable=\"false\" data-particle-mobile-disabled=\"false\" class=\"elementor-section elementor-top-section elementor-element elementor-element-21fbadb elementor-section-full_width elementor-section-height-default elementor-section-height-default\" data-id=\"21fbadb\" data-element_type=\"section\">\n\t\t\t\t\t\t<div class=\"elementor-container elementor-column-gap-no\">\n\t\t\t\t\t<div class=\"elementor-column elementor-col-100 elementor-top-column elementor-element elementor-element-9c0dd12\" data-id=\"9c0dd12\" data-element_type=\"column\">\n\t\t\t<div class=\"elementor-widget-wrap elementor-element-populated\">\n\t\t\t\t\t\t\t\t<div class=\"elementor-element elementor-element-fb1b348 elementor-widget elementor-widget-image\" data-id=\"fb1b348\" data-element_type=\"widget\" data-widget_type=\"image.default\">\n\t\t\t\t<div class=\"elementor-widget-container\">\n\t\t\t\t\t\t\t\t\t\t\t\t\t\t\t<img width=\"1982\" height=\"290\" src=\"\/ndesarrollo\/wp-content\/uploads\/2022\/11\/Proyctos-Tipo.jpg\" class=\"attachment-full size-full\" alt=\"\" loading=\"lazy\" srcset=\"\/ndesarrollo\/wp-content\/uploads\/2022\/11\/Proyctos-Tipo.jpg 1982w, \/ndesarrollo\/wp-content\/uploads\/2022\/11\/Proyctos-Tipo-300x44.jpg 300w, \/ndesarrollo\/wp-content\/uploads\/2022\/11\/Proyctos-Tipo-1024x150.jpg 1024w, \/ndesarrollo\/wp-content\/uploads\/2022\/11\/Proyctos-Tipo-768x112.jpg 768w, \/ndesarrollo\/wp-content\/uploads\/2022\/11\/Proyctos-Tipo-1536x225.jpg 1536w\" sizes=\"(max-width: 1982px) 100vw, 1982px\" \/>\t\t\t\t\t\t\t\t\t\t\t\t\t\t\t<\/div>\n\t\t\t\t<\/div>\n\t\t\t\t\t<\/div>\n\t\t<\/div>\n\t\t\t\t\t\t\t<\/div>\n\t\t<\/section>\n\t\t\t\t<section data-particle_enable=\"false\" data-particle-mobile-disabled=\"false\" class=\"elementor-section elementor-top-section elementor-element elementor-element-4885cb81 elementor-section-boxed elementor-section-height-default elementor-section-height-default\" data-id=\"4885cb81\" data-element_type=\"section\">\n\t\t\t\t\t\t<div class=\"elementor-container elementor-column-gap-default\">\n\t\t\t\t\t<div class=\"elementor-column elementor-col-100 elementor-top-column elementor-element elementor-element-312e8a2a\" data-id=\"312e8a2a\" data-element_type=\"column\">\n\t\t\t<div class=\"elementor-widget-wrap elementor-element-populated\">\n\t\t\t\t\t\t\t\t<div class=\"elementor-element elementor-element-1a47e61d content-text elementor-widget elementor-widget-text-editor\" data-id=\"1a47e61d\" data-element_type=\"widget\" data-widget_type=\"text-editor.default\">\n\t\t\t\t<div class=\"elementor-widget-container\">\n\t\t\t\t\t\t\t<p>Las proyecciones demogr\u00e1ficas son un recurso obligado en la planeaci\u00f3n de los territorios, porque \u00e9sta nos permite dimensionar adecuadamente las necesidades de los habitantes, en relaci\u00f3n con la evoluci\u00f3n de dicha variable.<br \/>\u00c9sta se entiende como una funci\u00f3n del tiempo, es decir que se concreta a partir de la observaci\u00f3n hist\u00f3rica del comportamiento (aumento o disminuci\u00f3n) de la poblaci\u00f3n en un pasado reciente.<br \/>Con el censo DANE de 2005 se calcul\u00f3 la poblaci\u00f3n hasta 2020.<br \/>El nuevo censo DANE de 2018 proyect\u00f3 la poblaci\u00f3n de cada comuna y corregimiento hasta 2030.<\/p>\t\t\t\t\t\t<\/div>\n\t\t\t\t<\/div>\n\t\t\t\t\t<\/div>\n\t\t<\/div>\n\t\t\t\t\t\t\t<\/div>\n\t\t<\/section>\n\t\t\t\t<section data-particle_enable=\"false\" data-particle-mobile-disabled=\"false\" class=\"elementor-section elementor-top-section elementor-element elementor-element-81d7fec elementor-section-boxed elementor-section-height-default elementor-section-height-default\" data-id=\"81d7fec\" data-element_type=\"section\">\n\t\t\t\t\t\t<div class=\"elementor-container elementor-column-gap-default\">\n\t\t\t\t\t<div class=\"elementor-column elementor-col-100 elementor-top-column elementor-element elementor-element-53b7ba3\" data-id=\"53b7ba3\" data-element_type=\"column\">\n\t\t\t<div class=\"elementor-widget-wrap elementor-element-populated\">\n\t\t\t\t\t\t\t\t\t<\/div>\n\t\t<\/div>\n\t\t\t\t\t\t\t<\/div>\n\t\t<\/section>\n\t\t\t\t\t\t<\/div>\n\t\t\t\t\t<\/div>\n\t\t","protected":false},"excerpt":{"rendered":"<p>Las proyecciones demogr\u00e1ficas son un recurso obligado en la planeaci\u00f3n de los territorios, porque \u00e9sta nos permite dimensionar adecuadamente las necesidades de los habitantes, en relaci\u00f3n con la evoluci\u00f3n de dicha variable.\u00c9sta se entiende como una funci\u00f3n del tiempo, es decir que se concreta a partir de la observaci\u00f3n hist\u00f3rica del comportamiento (aumento o disminuci\u00f3n) &hellip;<\/p>\n<p class=\"read-more\"> <a class=\"\" href=\"\/ndesarrollo\/proyectos-tipo\/\"> <span class=\"screen-reader-text\">Proyectos Tipo<\/span> Leer m\u00e1s &raquo;<\/a><\/p>\n","protected":false},"author":1,"featured_media":0,"parent":0,"menu_order":0,"comment_status":"closed","ping_status":"closed","template":"","meta":{"_mi_skip_tracking":false,"site-sidebar-layout":"no-sidebar","site-content-layout":"page-builder","ast-main-header-display":"","ast-hfb-above-header-display":"","ast-hfb-below-header-display":"","ast-hfb-mobile-header-display":"","site-post-title":"disabled","ast-breadcrumbs-content":"","ast-featured-img":"disabled","footer-sml-layout":"","theme-transparent-header-meta":"default","adv-header-id-meta":"","stick-header-meta":"","header-above-stick-meta":"","header-main-stick-meta":"","header-below-stick-meta":""},"categories":[99,87,109],"tags":[],"yoast_head":"<!-- This site is optimized with the Yoast SEO plugin v17.4 - https:\/\/yoast.com\/wordpress\/plugins\/seo\/ -->\n<title>Proyectos Tipo - Nuestro Desarrollo<\/title>\n<meta name=\"robots\" content=\"index, follow, max-snippet:-1, max-image-preview:large, max-video-preview:-1\" \/>\n<link rel=\"canonical\" href=\"\/ndesarrollo\/proyectos-tipo\/\" \/>\n<meta property=\"og:locale\" content=\"es_ES\" \/>\n<meta property=\"og:type\" content=\"article\" \/>\n<meta property=\"og:title\" content=\"Proyectos Tipo - Nuestro Desarrollo\" \/>\n<meta property=\"og:description\" content=\"Las proyecciones demogr\u00e1ficas son un recurso obligado en la planeaci\u00f3n de los territorios, porque \u00e9sta nos permite dimensionar adecuadamente las necesidades de los habitantes, en relaci\u00f3n con la evoluci\u00f3n de dicha variable.\u00c9sta se entiende como una funci\u00f3n del tiempo, es decir que se concreta a partir de la observaci\u00f3n hist\u00f3rica del comportamiento (aumento o disminuci\u00f3n) &hellip; Proyectos Tipo Leer m\u00e1s &raquo;\" \/>\n<meta property=\"og:url\" content=\"\/ndesarrollo\/proyectos-tipo\/\" \/>\n<meta property=\"og:site_name\" content=\"Nuestro Desarrollo\" \/>\n<meta property=\"article:publisher\" content=\"https:\/\/www.facebook.com\/AlcaldiadeMed\" \/>\n<meta property=\"article:modified_time\" content=\"2023-05-24T17:27:41+00:00\" \/>\n<meta property=\"og:image\" content=\"\/ndesarrollo\/wp-content\/uploads\/2022\/11\/Proyctos-Tipo.jpg\" \/>\n<meta name=\"twitter:card\" content=\"summary_large_image\" \/>\n<meta name=\"twitter:site\" content=\"@AlcaldiadeMed\" \/>\n<meta name=\"twitter:label1\" content=\"Tiempo de lectura\" \/>\n\t<meta name=\"twitter:data1\" content=\"1 minuto\" \/>\n<script type=\"application\/ld+json\" class=\"yoast-schema-graph\">{\"@context\":\"https:\/\/schema.org\",\"@graph\":[{\"@type\":\"Organization\",\"@id\":\"\/ndesarrollo\/#organization\",\"name\":\"Alcald\\u00eda de Medell\\u00edn\",\"url\":\"\/ndesarrollo\/\",\"sameAs\":[\"https:\/\/www.facebook.com\/AlcaldiadeMed\",\"https:\/\/www.instagram.com\/alcaldiademed\/\",\"https:\/\/www.linkedin.com\/company\/alcaldiademedellin\",\"https:\/\/www.youtube.com\/channel\/UCAFLU70jPz4bODq_5BSWPIg\",\"https:\/\/twitter.com\/AlcaldiadeMed\"],\"logo\":{\"@type\":\"ImageObject\",\"@id\":\"\/ndesarrollo\/#logo\",\"inLanguage\":\"es\",\"url\":\"http:\/\/10.1.222.218\/ndesarrollo\/wp-content\/uploads\/2021\/11\/EscudoIcon.png\",\"contentUrl\":\"http:\/\/10.1.222.218\/ndesarrollo\/wp-content\/uploads\/2021\/11\/EscudoIcon.png\",\"width\":32,\"height\":32,\"caption\":\"Alcald\\u00eda de Medell\\u00edn\"},\"image\":{\"@id\":\"\/ndesarrollo\/#logo\"}},{\"@type\":\"WebSite\",\"@id\":\"\/ndesarrollo\/#website\",\"url\":\"\/ndesarrollo\/\",\"name\":\"Nuestro Desarrollo\",\"description\":\"Nuestro Desarrollo es una plataforma de Planeaci\\u00f3n del Desarrollo Local y Presupuesto Participativo\",\"publisher\":{\"@id\":\"\/ndesarrollo\/#organization\"},\"potentialAction\":[{\"@type\":\"SearchAction\",\"target\":{\"@type\":\"EntryPoint\",\"urlTemplate\":\"\/ndesarrollo\/?s={search_term_string}\"},\"query-input\":\"required name=search_term_string\"}],\"inLanguage\":\"es\"},{\"@type\":\"ImageObject\",\"@id\":\"\/ndesarrollo\/proyectos-tipo\/#primaryimage\",\"inLanguage\":\"es\",\"url\":\"\/ndesarrollo\/wp-content\/uploads\/2022\/11\/Proyctos-Tipo.jpg\",\"contentUrl\":\"\/ndesarrollo\/wp-content\/uploads\/2022\/11\/Proyctos-Tipo.jpg\",\"width\":1982,\"height\":290},{\"@type\":\"WebPage\",\"@id\":\"\/ndesarrollo\/proyectos-tipo\/#webpage\",\"url\":\"\/ndesarrollo\/proyectos-tipo\/\",\"name\":\"Proyectos Tipo - Nuestro Desarrollo\",\"isPartOf\":{\"@id\":\"\/ndesarrollo\/#website\"},\"primaryImageOfPage\":{\"@id\":\"\/ndesarrollo\/proyectos-tipo\/#primaryimage\"},\"datePublished\":\"2021-08-06T03:11:19+00:00\",\"dateModified\":\"2023-05-24T17:27:41+00:00\",\"breadcrumb\":{\"@id\":\"\/ndesarrollo\/proyectos-tipo\/#breadcrumb\"},\"inLanguage\":\"es\",\"potentialAction\":[{\"@type\":\"ReadAction\",\"target\":[\"\/ndesarrollo\/proyectos-tipo\/\"]}]},{\"@type\":\"BreadcrumbList\",\"@id\":\"\/ndesarrollo\/proyectos-tipo\/#breadcrumb\",\"itemListElement\":[{\"@type\":\"ListItem\",\"position\":1,\"name\":\"Portada\",\"item\":\"\/ndesarrollo\/\"},{\"@type\":\"ListItem\",\"position\":2,\"name\":\"Proyectos Tipo\"}]}]}<\/script>\n<!-- \/ Yoast SEO plugin. -->","yoast_head_json":{"title":"Proyectos Tipo - Nuestro Desarrollo","robots":{"index":"index","follow":"follow","max-snippet":"max-snippet:-1","max-image-preview":"max-image-preview:large","max-video-preview":"max-video-preview:-1"},"canonical":"\/ndesarrollo\/proyectos-tipo\/","og_locale":"es_ES","og_type":"article","og_title":"Proyectos Tipo - Nuestro Desarrollo","og_description":"Las proyecciones demogr\u00e1ficas son un recurso obligado en la planeaci\u00f3n de los territorios, porque \u00e9sta nos permite dimensionar adecuadamente las necesidades de los habitantes, en relaci\u00f3n con la evoluci\u00f3n de dicha variable.\u00c9sta se entiende como una funci\u00f3n del tiempo, es decir que se concreta a partir de la observaci\u00f3n hist\u00f3rica del comportamiento (aumento o disminuci\u00f3n) &hellip; Proyectos Tipo Leer m\u00e1s &raquo;","og_url":"\/ndesarrollo\/proyectos-tipo\/","og_site_name":"Nuestro Desarrollo","article_publisher":"https:\/\/www.facebook.com\/AlcaldiadeMed","article_modified_time":"2023-05-24T17:27:41+00:00","og_image":[{"url":"\/ndesarrollo\/wp-content\/uploads\/2022\/11\/Proyctos-Tipo.jpg"}],"twitter_card":"summary_large_image","twitter_site":"@AlcaldiadeMed","twitter_misc":{"Tiempo de lectura":"1 minuto"},"schema":{"@context":"https:\/\/schema.org","@graph":[{"@type":"Organization","@id":"\/ndesarrollo\/#organization","name":"Alcald\u00eda de Medell\u00edn","url":"\/ndesarrollo\/","sameAs":["https:\/\/www.facebook.com\/AlcaldiadeMed","https:\/\/www.instagram.com\/alcaldiademed\/","https:\/\/www.linkedin.com\/company\/alcaldiademedellin","https:\/\/www.youtube.com\/channel\/UCAFLU70jPz4bODq_5BSWPIg","https:\/\/twitter.com\/AlcaldiadeMed"],"logo":{"@type":"ImageObject","@id":"\/ndesarrollo\/#logo","inLanguage":"es","url":"http:\/\/10.1.222.218\/ndesarrollo\/wp-content\/uploads\/2021\/11\/EscudoIcon.png","contentUrl":"http:\/\/10.1.222.218\/ndesarrollo\/wp-content\/uploads\/2021\/11\/EscudoIcon.png","width":32,"height":32,"caption":"Alcald\u00eda de Medell\u00edn"},"image":{"@id":"\/ndesarrollo\/#logo"}},{"@type":"WebSite","@id":"\/ndesarrollo\/#website","url":"\/ndesarrollo\/","name":"Nuestro Desarrollo","description":"Nuestro Desarrollo es una plataforma de Planeaci\u00f3n del Desarrollo Local y Presupuesto Participativo","publisher":{"@id":"\/ndesarrollo\/#organization"},"potentialAction":[{"@type":"SearchAction","target":{"@type":"EntryPoint","urlTemplate":"\/ndesarrollo\/?s={search_term_string}"},"query-input":"required name=search_term_string"}],"inLanguage":"es"},{"@type":"ImageObject","@id":"\/ndesarrollo\/proyectos-tipo\/#primaryimage","inLanguage":"es","url":"\/ndesarrollo\/wp-content\/uploads\/2022\/11\/Proyctos-Tipo.jpg","contentUrl":"\/ndesarrollo\/wp-content\/uploads\/2022\/11\/Proyctos-Tipo.jpg","width":1982,"height":290},{"@type":"WebPage","@id":"\/ndesarrollo\/proyectos-tipo\/#webpage","url":"\/ndesarrollo\/proyectos-tipo\/","name":"Proyectos Tipo - Nuestro Desarrollo","isPartOf":{"@id":"\/ndesarrollo\/#website"},"primaryImageOfPage":{"@id":"\/ndesarrollo\/proyectos-tipo\/#primaryimage"},"datePublished":"2021-08-06T03:11:19+00:00","dateModified":"2023-05-24T17:27:41+00:00","breadcrumb":{"@id":"\/ndesarrollo\/proyectos-tipo\/#breadcrumb"},"inLanguage":"es","potentialAction":[{"@type":"ReadAction","target":["\/ndesarrollo\/proyectos-tipo\/"]}]},{"@type":"BreadcrumbList","@id":"\/ndesarrollo\/proyectos-tipo\/#breadcrumb","itemListElement":[{"@type":"ListItem","position":1,"name":"Portada","item":"\/ndesarrollo\/"},{"@type":"ListItem","position":2,"name":"Proyectos Tipo"}]}]}},"_links":{"self":[{"href":"\/ndesarrollo\/wp-json\/wp\/v2\/pages\/907"}],"collection":[{"href":"\/ndesarrollo\/wp-json\/wp\/v2\/pages"}],"about":[{"href":"\/ndesarrollo\/wp-json\/wp\/v2\/types\/page"}],"author":[{"embeddable":true,"href":"\/ndesarrollo\/wp-json\/wp\/v2\/users\/1"}],"replies":[{"embeddable":true,"href":"\/ndesarrollo\/wp-json\/wp\/v2\/comments?post=907"}],"version-history":[{"count":17,"href":"\/ndesarrollo\/wp-json\/wp\/v2\/pages\/907\/revisions"}],"predecessor-version":[{"id":22926,"href":"\/ndesarrollo\/wp-json\/wp\/v2\/pages\/907\/revisions\/22926"}],"wp:attachment":[{"href":"\/ndesarrollo\/wp-json\/wp\/v2\/media?parent=907"}],"wp:term":[{"taxonomy":"category","embeddable":true,"href":"\/ndesarrollo\/wp-json\/wp\/v2\/categories?post=907"},{"taxonomy":"post_tag","embeddable":true,"href":"\/ndesarrollo\/wp-json\/wp\/v2\/tags?post=907"}],"curies":[{"name":"wp","href":"https:\/\/api.w.org\/{rel}","templated":true}]}}