{"id":909,"date":"2021-08-06T03:11:53","date_gmt":"2021-08-06T03:11:53","guid":{"rendered":"http:\/\/10.1.222.218\/ndesarrollo\/?page_id=909"},"modified":"2021-09-28T14:14:34","modified_gmt":"2021-09-28T14:14:34","slug":"iniciativas-comunitarias","status":"publish","type":"page","link":"\/ndesarrollo\/iniciativas-comunitarias\/","title":{"rendered":"Iniciativas Comunitarias"},"content":{"rendered":"\t\t<div data-elementor-type=\"wp-page\" data-elementor-id=\"909\" class=\"elementor elementor-909\" data-elementor-settings=\"[]\">\n\t\t\t\t\t\t\t<div class=\"elementor-section-wrap\">\n\t\t\t\t\t\t\t<section data-particle_enable=\"false\" data-particle-mobile-disabled=\"false\" class=\"elementor-section elementor-top-section elementor-element elementor-element-90d89da elementor-section-full_width elementor-section-height-default elementor-section-height-default\" data-id=\"90d89da\" data-element_type=\"section\">\n\t\t\t\t\t\t<div class=\"elementor-container elementor-column-gap-no\">\n\t\t\t\t\t<div class=\"elementor-column elementor-col-100 elementor-top-column elementor-element elementor-element-2ed5e8b\" data-id=\"2ed5e8b\" data-element_type=\"column\">\n\t\t\t<div class=\"elementor-widget-wrap elementor-element-populated\">\n\t\t\t\t\t\t\t\t<div class=\"elementor-element elementor-element-1431195 elementor-widget elementor-widget-image\" data-id=\"1431195\" data-element_type=\"widget\" data-widget_type=\"image.default\">\n\t\t\t\t<div class=\"elementor-widget-container\">\n\t\t\t\t\t\t\t\t\t\t\t\t\t\t\t<img width=\"1982\" height=\"290\" src=\"\/ndesarrollo\/wp-content\/uploads\/2021\/09\/Iniciativas-comunitarias-2.png\" class=\"attachment-full size-full\" alt=\"\" loading=\"lazy\" \/>\t\t\t\t\t\t\t\t\t\t\t\t\t\t\t<\/div>\n\t\t\t\t<\/div>\n\t\t\t\t\t<\/div>\n\t\t<\/div>\n\t\t\t\t\t\t\t<\/div>\n\t\t<\/section>\n\t\t\t\t<section data-particle_enable=\"false\" data-particle-mobile-disabled=\"false\" class=\"elementor-section elementor-top-section elementor-element elementor-element-140c0edd elementor-section-boxed elementor-section-height-default elementor-section-height-default\" data-id=\"140c0edd\" data-element_type=\"section\">\n\t\t\t\t\t\t<div class=\"elementor-container elementor-column-gap-default\">\n\t\t\t\t\t<div class=\"elementor-column elementor-col-100 elementor-top-column elementor-element elementor-element-24f8a28f\" data-id=\"24f8a28f\" data-element_type=\"column\">\n\t\t\t<div class=\"elementor-widget-wrap elementor-element-populated\">\n\t\t\t\t\t\t\t\t<div class=\"elementor-element elementor-element-41f6a45 elementor-widget elementor-widget-image\" data-id=\"41f6a45\" data-element_type=\"widget\" data-widget_type=\"image.default\">\n\t\t\t\t<div class=\"elementor-widget-container\">\n\t\t\t\t\t\t\t\t\t\t\t\t\t\t\t<img width=\"1024\" height=\"682\" src=\"\/ndesarrollo\/wp-content\/uploads\/2021\/09\/Mesa-de-trabajo-4.jpg\" class=\"attachment-large size-large\" alt=\"\" loading=\"lazy\" \/>\t\t\t\t\t\t\t\t\t\t\t\t\t\t\t<\/div>\n\t\t\t\t<\/div>\n\t\t\t\t<div class=\"elementor-element elementor-element-7f3bf0de elementor-widget elementor-widget-text-editor\" data-id=\"7f3bf0de\" data-element_type=\"widget\" data-widget_type=\"text-editor.default\">\n\t\t\t\t<div class=\"elementor-widget-container\">\n\t\t\t\t\t\t\t<p>Te invitamos a registrar iniciativas de proyecto de beneficio para tu territorio con relaci\u00f3n a las ideas de proyecto del Plan de Desarrollo Local de tu Comuna o Corregimiento.<\/p><p>\u00a0Estos ser\u00e1n retroalimentados por la Unidad de Planeaci\u00f3n del Desarrollo Municipal y Local de la Subdirecci\u00f3n de Planeaci\u00f3n Social y Econ\u00f3mica del Departamento Administrativo de Planeaci\u00f3n de la Alcald\u00eda de Medell\u00edn, para su posterior consulta.<\/p><p>El Banco de Informaci\u00f3n de Proyectos Locales \u2013 BIPL \u2013 es administrado por el Departamento Administrativo de Planeaci\u00f3n, ser\u00e1 de propiedad y uso p\u00fablico, no obstante, la propiedad intelectual de los proyectos formulados por la Administraci\u00f3n ser\u00e1 del Municipio de Medell\u00edn.<\/p><p>La administraci\u00f3n del Banco por parte del Departamento Administrativo de Planeaci\u00f3n no lo obligar\u00e1 a la ejecuci\u00f3n de los proyectos en \u00e9l formulados, salvo que hayan sido priorizados por la ciudadan\u00eda para ser ejecutados con recursos de presupuesto participativo.<\/p>\t\t\t\t\t\t<\/div>\n\t\t\t\t<\/div>\n\t\t\t\t\t<\/div>\n\t\t<\/div>\n\t\t\t\t\t\t\t<\/div>\n\t\t<\/section>\n\t\t\t\t<section data-particle_enable=\"false\" data-particle-mobile-disabled=\"false\" class=\"elementor-section elementor-top-section elementor-element elementor-element-394076d9 elementor-section-boxed elementor-section-height-default elementor-section-height-default\" data-id=\"394076d9\" data-element_type=\"section\">\n\t\t\t\t\t\t<div class=\"elementor-container elementor-column-gap-no\">\n\t\t\t\t\t<div class=\"elementor-column elementor-col-100 elementor-top-column elementor-element elementor-element-740d4be2\" data-id=\"740d4be2\" data-element_type=\"column\">\n\t\t\t<div class=\"elementor-widget-wrap elementor-element-populated\">\n\t\t\t\t\t\t\t\t<div class=\"elementor-element elementor-element-5c629ae0 elementor-widget elementor-widget-image\" data-id=\"5c629ae0\" data-element_type=\"widget\" data-widget_type=\"image.default\">\n\t\t\t\t<div class=\"elementor-widget-container\">\n\t\t\t\t\t\t\t\t\t\t\t\t\t\t\t<img width=\"1920\" height=\"214\" src=\"\/ndesarrollo\/wp-content\/uploads\/2021\/07\/SeparadorV2.png\" class=\"attachment-full size-full\" alt=\"\" loading=\"lazy\" \/>\t\t\t\t\t\t\t\t\t\t\t\t\t\t\t<\/div>\n\t\t\t\t<\/div>\n\t\t\t\t\t<\/div>\n\t\t<\/div>\n\t\t\t\t\t\t\t<\/div>\n\t\t<\/section>\n\t\t\t\t\t\t<\/div>\n\t\t\t\t\t<\/div>\n\t\t","protected":false},"excerpt":{"rendered":"<p>Te invitamos a registrar iniciativas de proyecto de beneficio para tu territorio con relaci\u00f3n a las ideas de proyecto del Plan de Desarrollo Local de tu Comuna o Corregimiento. \u00a0Estos ser\u00e1n retroalimentados por la Unidad de Planeaci\u00f3n del Desarrollo Municipal y Local de la Subdirecci\u00f3n de Planeaci\u00f3n Social y Econ\u00f3mica del Departamento Administrativo de Planeaci\u00f3n &hellip;<\/p>\n<p class=\"read-more\"> <a class=\"\" href=\"\/ndesarrollo\/iniciativas-comunitarias\/\"> <span class=\"screen-reader-text\">Iniciativas Comunitarias<\/span> Leer m\u00e1s &raquo;<\/a><\/p>\n","protected":false},"author":1,"featured_media":0,"parent":0,"menu_order":0,"comment_status":"closed","ping_status":"closed","template":"","meta":{"_mi_skip_tracking":false,"site-sidebar-layout":"no-sidebar","site-content-layout":"page-builder","ast-main-header-display":"","ast-hfb-above-header-display":"","ast-hfb-below-header-display":"","ast-hfb-mobile-header-display":"","site-post-title":"disabled","ast-breadcrumbs-content":"","ast-featured-img":"disabled","footer-sml-layout":"","theme-transparent-header-meta":"default","adv-header-id-meta":"","stick-header-meta":"","header-above-stick-meta":"","header-main-stick-meta":"","header-below-stick-meta":""},"categories":[],"tags":[],"yoast_head":"<!-- This site is optimized with the Yoast SEO plugin v17.4 - https:\/\/yoast.com\/wordpress\/plugins\/seo\/ -->\n<title>Iniciativas Comunitarias - Nuestro Desarrollo<\/title>\n<meta name=\"robots\" content=\"index, follow, max-snippet:-1, max-image-preview:large, max-video-preview:-1\" \/>\n<link rel=\"canonical\" href=\"\/ndesarrollo\/iniciativas-comunitarias\/\" \/>\n<meta property=\"og:locale\" content=\"es_ES\" \/>\n<meta property=\"og:type\" content=\"article\" \/>\n<meta property=\"og:title\" content=\"Iniciativas Comunitarias - Nuestro Desarrollo\" \/>\n<meta property=\"og:description\" content=\"Te invitamos a registrar iniciativas de proyecto de beneficio para tu territorio con relaci\u00f3n a las ideas de proyecto del Plan de Desarrollo Local de tu Comuna o Corregimiento. \u00a0Estos ser\u00e1n retroalimentados por la Unidad de Planeaci\u00f3n del Desarrollo Municipal y Local de la Subdirecci\u00f3n de Planeaci\u00f3n Social y Econ\u00f3mica del Departamento Administrativo de Planeaci\u00f3n &hellip; Iniciativas Comunitarias Leer m\u00e1s &raquo;\" \/>\n<meta property=\"og:url\" content=\"\/ndesarrollo\/iniciativas-comunitarias\/\" \/>\n<meta property=\"og:site_name\" content=\"Nuestro Desarrollo\" \/>\n<meta property=\"article:publisher\" content=\"https:\/\/www.facebook.com\/AlcaldiadeMed\" \/>\n<meta property=\"article:modified_time\" content=\"2021-09-28T14:14:34+00:00\" \/>\n<meta property=\"og:image\" content=\"http:\/\/10.1.222.218\/ndesarrollo\/wp-content\/uploads\/2021\/09\/Iniciativas-comunitarias-2.png\" \/>\n<meta name=\"twitter:card\" content=\"summary_large_image\" \/>\n<meta name=\"twitter:site\" content=\"@AlcaldiadeMed\" \/>\n<meta name=\"twitter:label1\" content=\"Tiempo de lectura\" \/>\n\t<meta name=\"twitter:data1\" content=\"2 minutos\" \/>\n<script type=\"application\/ld+json\" class=\"yoast-schema-graph\">{\"@context\":\"https:\/\/schema.org\",\"@graph\":[{\"@type\":\"Organization\",\"@id\":\"\/ndesarrollo\/#organization\",\"name\":\"Alcald\\u00eda de Medell\\u00edn\",\"url\":\"\/ndesarrollo\/\",\"sameAs\":[\"https:\/\/www.facebook.com\/AlcaldiadeMed\",\"https:\/\/www.instagram.com\/alcaldiademed\/\",\"https:\/\/www.linkedin.com\/company\/alcaldiademedellin\",\"https:\/\/www.youtube.com\/channel\/UCAFLU70jPz4bODq_5BSWPIg\",\"https:\/\/twitter.com\/AlcaldiadeMed\"],\"logo\":{\"@type\":\"ImageObject\",\"@id\":\"\/ndesarrollo\/#logo\",\"inLanguage\":\"es\",\"url\":\"http:\/\/10.1.222.218\/ndesarrollo\/wp-content\/uploads\/2021\/11\/EscudoIcon.png\",\"contentUrl\":\"http:\/\/10.1.222.218\/ndesarrollo\/wp-content\/uploads\/2021\/11\/EscudoIcon.png\",\"width\":32,\"height\":32,\"caption\":\"Alcald\\u00eda de Medell\\u00edn\"},\"image\":{\"@id\":\"\/ndesarrollo\/#logo\"}},{\"@type\":\"WebSite\",\"@id\":\"\/ndesarrollo\/#website\",\"url\":\"\/ndesarrollo\/\",\"name\":\"Nuestro Desarrollo\",\"description\":\"Nuestro Desarrollo es una plataforma de Planeaci\\u00f3n del Desarrollo Local y Presupuesto Participativo\",\"publisher\":{\"@id\":\"\/ndesarrollo\/#organization\"},\"potentialAction\":[{\"@type\":\"SearchAction\",\"target\":{\"@type\":\"EntryPoint\",\"urlTemplate\":\"\/ndesarrollo\/?s={search_term_string}\"},\"query-input\":\"required name=search_term_string\"}],\"inLanguage\":\"es\"},{\"@type\":\"ImageObject\",\"@id\":\"\/ndesarrollo\/iniciativas-comunitarias\/#primaryimage\",\"inLanguage\":\"es\",\"url\":\"http:\/\/10.1.222.218\/ndesarrollo\/wp-content\/uploads\/2021\/09\/Iniciativas-comunitarias-2.png\",\"contentUrl\":\"http:\/\/10.1.222.218\/ndesarrollo\/wp-content\/uploads\/2021\/09\/Iniciativas-comunitarias-2.png\"},{\"@type\":\"WebPage\",\"@id\":\"\/ndesarrollo\/iniciativas-comunitarias\/#webpage\",\"url\":\"\/ndesarrollo\/iniciativas-comunitarias\/\",\"name\":\"Iniciativas Comunitarias - Nuestro Desarrollo\",\"isPartOf\":{\"@id\":\"\/ndesarrollo\/#website\"},\"primaryImageOfPage\":{\"@id\":\"\/ndesarrollo\/iniciativas-comunitarias\/#primaryimage\"},\"datePublished\":\"2021-08-06T03:11:53+00:00\",\"dateModified\":\"2021-09-28T14:14:34+00:00\",\"breadcrumb\":{\"@id\":\"\/ndesarrollo\/iniciativas-comunitarias\/#breadcrumb\"},\"inLanguage\":\"es\",\"potentialAction\":[{\"@type\":\"ReadAction\",\"target\":[\"\/ndesarrollo\/iniciativas-comunitarias\/\"]}]},{\"@type\":\"BreadcrumbList\",\"@id\":\"\/ndesarrollo\/iniciativas-comunitarias\/#breadcrumb\",\"itemListElement\":[{\"@type\":\"ListItem\",\"position\":1,\"name\":\"Portada\",\"item\":\"\/ndesarrollo\/\"},{\"@type\":\"ListItem\",\"position\":2,\"name\":\"Iniciativas Comunitarias\"}]}]}<\/script>\n<!-- \/ Yoast SEO plugin. -->","yoast_head_json":{"title":"Iniciativas Comunitarias - Nuestro Desarrollo","robots":{"index":"index","follow":"follow","max-snippet":"max-snippet:-1","max-image-preview":"max-image-preview:large","max-video-preview":"max-video-preview:-1"},"canonical":"\/ndesarrollo\/iniciativas-comunitarias\/","og_locale":"es_ES","og_type":"article","og_title":"Iniciativas Comunitarias - Nuestro Desarrollo","og_description":"Te invitamos a registrar iniciativas de proyecto de beneficio para tu territorio con relaci\u00f3n a las ideas de proyecto del Plan de Desarrollo Local de tu Comuna o Corregimiento. \u00a0Estos ser\u00e1n retroalimentados por la Unidad de Planeaci\u00f3n del Desarrollo Municipal y Local de la Subdirecci\u00f3n de Planeaci\u00f3n Social y Econ\u00f3mica del Departamento Administrativo de Planeaci\u00f3n &hellip; Iniciativas Comunitarias Leer m\u00e1s &raquo;","og_url":"\/ndesarrollo\/iniciativas-comunitarias\/","og_site_name":"Nuestro Desarrollo","article_publisher":"https:\/\/www.facebook.com\/AlcaldiadeMed","article_modified_time":"2021-09-28T14:14:34+00:00","og_image":[{"url":"http:\/\/10.1.222.218\/ndesarrollo\/wp-content\/uploads\/2021\/09\/Iniciativas-comunitarias-2.png"}],"twitter_card":"summary_large_image","twitter_site":"@AlcaldiadeMed","twitter_misc":{"Tiempo de lectura":"2 minutos"},"schema":{"@context":"https:\/\/schema.org","@graph":[{"@type":"Organization","@id":"\/ndesarrollo\/#organization","name":"Alcald\u00eda de Medell\u00edn","url":"\/ndesarrollo\/","sameAs":["https:\/\/www.facebook.com\/AlcaldiadeMed","https:\/\/www.instagram.com\/alcaldiademed\/","https:\/\/www.linkedin.com\/company\/alcaldiademedellin","https:\/\/www.youtube.com\/channel\/UCAFLU70jPz4bODq_5BSWPIg","https:\/\/twitter.com\/AlcaldiadeMed"],"logo":{"@type":"ImageObject","@id":"\/ndesarrollo\/#logo","inLanguage":"es","url":"http:\/\/10.1.222.218\/ndesarrollo\/wp-content\/uploads\/2021\/11\/EscudoIcon.png","contentUrl":"http:\/\/10.1.222.218\/ndesarrollo\/wp-content\/uploads\/2021\/11\/EscudoIcon.png","width":32,"height":32,"caption":"Alcald\u00eda de Medell\u00edn"},"image":{"@id":"\/ndesarrollo\/#logo"}},{"@type":"WebSite","@id":"\/ndesarrollo\/#website","url":"\/ndesarrollo\/","name":"Nuestro Desarrollo","description":"Nuestro Desarrollo es una plataforma de Planeaci\u00f3n del Desarrollo Local y Presupuesto Participativo","publisher":{"@id":"\/ndesarrollo\/#organization"},"potentialAction":[{"@type":"SearchAction","target":{"@type":"EntryPoint","urlTemplate":"\/ndesarrollo\/?s={search_term_string}"},"query-input":"required name=search_term_string"}],"inLanguage":"es"},{"@type":"ImageObject","@id":"\/ndesarrollo\/iniciativas-comunitarias\/#primaryimage","inLanguage":"es","url":"http:\/\/10.1.222.218\/ndesarrollo\/wp-content\/uploads\/2021\/09\/Iniciativas-comunitarias-2.png","contentUrl":"http:\/\/10.1.222.218\/ndesarrollo\/wp-content\/uploads\/2021\/09\/Iniciativas-comunitarias-2.png"},{"@type":"WebPage","@id":"\/ndesarrollo\/iniciativas-comunitarias\/#webpage","url":"\/ndesarrollo\/iniciativas-comunitarias\/","name":"Iniciativas Comunitarias - Nuestro Desarrollo","isPartOf":{"@id":"\/ndesarrollo\/#website"},"primaryImageOfPage":{"@id":"\/ndesarrollo\/iniciativas-comunitarias\/#primaryimage"},"datePublished":"2021-08-06T03:11:53+00:00","dateModified":"2021-09-28T14:14:34+00:00","breadcrumb":{"@id":"\/ndesarrollo\/iniciativas-comunitarias\/#breadcrumb"},"inLanguage":"es","potentialAction":[{"@type":"ReadAction","target":["\/ndesarrollo\/iniciativas-comunitarias\/"]}]},{"@type":"BreadcrumbList","@id":"\/ndesarrollo\/iniciativas-comunitarias\/#breadcrumb","itemListElement":[{"@type":"ListItem","position":1,"name":"Portada","item":"\/ndesarrollo\/"},{"@type":"ListItem","position":2,"name":"Iniciativas Comunitarias"}]}]}},"_links":{"self":[{"href":"\/ndesarrollo\/wp-json\/wp\/v2\/pages\/909"}],"collection":[{"href":"\/ndesarrollo\/wp-json\/wp\/v2\/pages"}],"about":[{"href":"\/ndesarrollo\/wp-json\/wp\/v2\/types\/page"}],"author":[{"embeddable":true,"href":"\/ndesarrollo\/wp-json\/wp\/v2\/users\/1"}],"replies":[{"embeddable":true,"href":"\/ndesarrollo\/wp-json\/wp\/v2\/comments?post=909"}],"version-history":[{"count":22,"href":"\/ndesarrollo\/wp-json\/wp\/v2\/pages\/909\/revisions"}],"predecessor-version":[{"id":6075,"href":"\/ndesarrollo\/wp-json\/wp\/v2\/pages\/909\/revisions\/6075"}],"wp:attachment":[{"href":"\/ndesarrollo\/wp-json\/wp\/v2\/media?parent=909"}],"wp:term":[{"taxonomy":"category","embeddable":true,"href":"\/ndesarrollo\/wp-json\/wp\/v2\/categories?post=909"},{"taxonomy":"post_tag","embeddable":true,"href":"\/ndesarrollo\/wp-json\/wp\/v2\/tags?post=909"}],"curies":[{"name":"wp","href":"https:\/\/api.w.org\/{rel}","templated":true}]}}